{"id":16751,"date":"2023-08-24T11:29:32","date_gmt":"2023-08-24T11:29:32","guid":{"rendered":"https:\/\/www.leitao-irmao.com\/lista-de-casamentos-pesquisa\/"},"modified":"2026-04-02T11:56:23","modified_gmt":"2026-04-02T10:56:23","slug":"listas-de-presentes","status":"publish","type":"page","link":"https:\/\/www.leitao-irmao.com\/en\/listas-de-presentes\/","title":{"rendered":"Gift List"},"content":{"rendered":"<div data-elementor-type=\"wp-page\" data-elementor-id=\"16751\" class=\"elementor elementor-16751\" data-elementor-post-type=\"page\">\n\t\t\t\t<div class=\"elementor-element elementor-element-92c8771 e-con-full e-flex e-con e-parent\" data-id=\"92c8771\" data-element_type=\"container\">\n\t\t<div class=\"elementor-element elementor-element-10dc705 e-con-full e-flex e-con e-child\" data-id=\"10dc705\" data-element_type=\"container\" data-settings=\"{&quot;background_background&quot;:&quot;classic&quot;}\">\n\t\t\t\t<\/div>\n\t\t\t\t<\/div>\n\t\t<div class=\"elementor-element elementor-element-e373b96 e-flex e-con-boxed e-con e-parent\" data-id=\"e373b96\" data-element_type=\"container\">\n\t\t\t\t\t<div class=\"e-con-inner\">\n\t\t<div class=\"elementor-element elementor-element-8a13963 e-con-full e-flex e-con e-child\" data-id=\"8a13963\" data-element_type=\"container\">\n\t\t\t\t<div class=\"elementor-element elementor-element-0c2049c elementor-widget elementor-widget-heading\" data-id=\"0c2049c\" data-element_type=\"widget\" data-widget_type=\"heading.default\">\n\t\t\t\t<div class=\"elementor-widget-container\">\n\t\t\t\t\t<h1 class=\"elementor-heading-title elementor-size-default\">Gift List<\/h1>\t\t\t\t<\/div>\n\t\t\t\t<\/div>\n\t\t\t\t<\/div>\n\t\t<div class=\"elementor-element elementor-element-1cb1f88 e-con-full e-flex e-con e-child\" data-id=\"1cb1f88\" data-element_type=\"container\">\n\t\t\t\t<div class=\"elementor-element elementor-element-e6af03c elementor-widget elementor-widget-heading\" data-id=\"e6af03c\" data-element_type=\"widget\" data-widget_type=\"heading.default\">\n\t\t\t\t<div class=\"elementor-widget-container\">\n\t\t\t\t\t<h2 class=\"elementor-heading-title elementor-size-default\">Leit\u00e3o &amp; Irm\u00e3o is delighted to be part of its clients' most important moments.<\/h2>\t\t\t\t<\/div>\n\t\t\t\t<\/div>\n\t\t\t\t<div class=\"elementor-element elementor-element-2c2d5bf elementor-widget elementor-widget-text-editor\" data-id=\"2c2d5bf\" data-element_type=\"widget\" data-widget_type=\"text-editor.default\">\n\t\t\t\t<div class=\"elementor-widget-container\">\n\t\t\t\t\t\t\t\t\t<p>Here you can find all the wedding, birthday and christening registries available at Leit\u00e3o &amp; Irm\u00e3o, where a selection of pieces chosen by the customers themselves is presented.<\/p><p>We invite friends and family to take part in these celebrations by purchasing gifts which will perpetuate the memory of these very special days.<\/p>\t\t\t\t\t\t\t\t<\/div>\n\t\t\t\t<\/div>\n\t\t\t\t<\/div>\n\t\t\t\t\t<\/div>\n\t\t\t\t<\/div>\n\t\t\t\t<section class=\"elementor-section elementor-top-section elementor-element elementor-element-8848b4c elementor-section-boxed elementor-section-height-default elementor-section-height-default\" data-id=\"8848b4c\" data-element_type=\"section\">\n\t\t\t\t\t\t<div class=\"elementor-container elementor-column-gap-default\">\n\t\t\t\t\t<div class=\"elementor-column elementor-col-100 elementor-top-column elementor-element elementor-element-d4406d3\" data-id=\"d4406d3\" data-element_type=\"column\">\n\t\t\t<div class=\"elementor-widget-wrap elementor-element-populated\">\n\t\t\t\t\t\t<div class=\"elementor-element elementor-element-8c787a9 elementor-widget elementor-widget-text-editor\" data-id=\"8c787a9\" data-element_type=\"widget\" data-widget_type=\"text-editor.default\">\n\t\t\t\t<div class=\"elementor-widget-container\">\n\t\t\t\t\t\t\t\t\t<p><div class=\"woocommerce nmgr-template\"><\/div>\n<\/p>\t\t\t\t\t\t\t\t<\/div>\n\t\t\t\t<\/div>\n\t\t\t\t\t<\/div>\n\t\t<\/div>\n\t\t\t\t\t<\/div>\n\t\t<\/section>\n\t\t\t\t<\/div>","protected":false},"excerpt":{"rendered":"<p>A Leit\u00e3o &amp; Irm\u00e3o tem o prazer de fazer parte dos momentos mais importantes dos seus clientes. Aqui poder\u00e1 encontrar todas as listas de casamento, anivers\u00e1rio e batizado dispon\u00edveis na Leit\u00e3o &amp; Irm\u00e3o, onde \u00e9 apresentada uma sele\u00e7\u00e3o de pe\u00e7as, escolhidas pelos pr\u00f3prios clientes. Convidamos amigos e fam\u00edlia a fazerem parte destas celebra\u00e7\u00f5es, participando na [&hellip;]<\/p>","protected":false},"author":1,"featured_media":30291,"parent":0,"menu_order":0,"comment_status":"closed","ping_status":"closed","template":"elementor_header_footer","meta":{"_acf_changed":false,"footnotes":""},"class_list":["post-16751","page","type-page","status-publish","has-post-thumbnail","hentry"],"acf":[],"yoast_head":"<!-- This site is optimized with the Yoast SEO plugin v25.4 - https:\/\/yoast.com\/wordpress\/plugins\/seo\/ -->\n<title>Listas de Presentes | Leit\u00e3o &amp; Irm\u00e3o<\/title>\n<meta name=\"description\" content=\"Aqui poder\u00e1 encontrar todas as listas de casamento, anivers\u00e1rio e batizado dispon\u00edveis na Leit\u00e3o &amp; Irm\u00e3o, com sele\u00e7\u00e3o de pe\u00e7as pelo cliente.\" \/>\n<meta name=\"robots\" content=\"index, follow, max-snippet:-1, max-image-preview:large, max-video-preview:-1\" \/>\n<link rel=\"canonical\" href=\"https:\/\/www.leitao-irmao.com\/en\/listas-de-presentes\/\" \/>\n<meta property=\"og:locale\" content=\"en_GB\" \/>\n<meta property=\"og:type\" content=\"article\" \/>\n<meta property=\"og:title\" content=\"Listas de Presentes\" \/>\n<meta property=\"og:description\" content=\"Aqui poder\u00e1 encontrar todas as listas de casamento, anivers\u00e1rio e batizado dispon\u00edveis na Leit\u00e3o &amp; Irm\u00e3o, com sele\u00e7\u00e3o de pe\u00e7as pelo cliente.\" \/>\n<meta property=\"og:url\" content=\"https:\/\/www.leitao-irmao.com\/en\/listas-de-presentes\/\" \/>\n<meta property=\"og:site_name\" content=\"Leit\u00e3o &amp; Irm\u00e3o\" \/>\n<meta property=\"article:modified_time\" content=\"2026-04-02T10:56:23+00:00\" \/>\n<meta property=\"og:image\" content=\"https:\/\/www.leitao-irmao.com\/wp-content\/uploads\/2023\/08\/pexels-secret-garden-931178.jpg\" \/>\n\t<meta property=\"og:image:width\" content=\"1920\" \/>\n\t<meta property=\"og:image:height\" content=\"1440\" \/>\n\t<meta property=\"og:image:type\" content=\"image\/jpeg\" \/>\n<meta name=\"twitter:card\" content=\"summary_large_image\" \/>\n<meta name=\"twitter:title\" content=\"Listas de Presentes\" \/>\n<meta name=\"twitter:description\" content=\"Aqui poder\u00e1 encontrar todas as listas de casamento, anivers\u00e1rio e batizado dispon\u00edveis na Leit\u00e3o &amp; Irm\u00e3o, com sele\u00e7\u00e3o de pe\u00e7as pelo cliente.\" \/>\n<meta name=\"twitter:image\" content=\"https:\/\/www.leitao-irmao.com\/wp-content\/uploads\/2023\/08\/pexels-secret-garden-931178.jpg\" \/>\n<meta name=\"twitter:label1\" content=\"Estimated reading time\" \/>\n\t<meta name=\"twitter:data1\" content=\"2 minutes\" \/>\n<script type=\"application\/ld+json\" class=\"yoast-schema-graph\">{\"@context\":\"https:\/\/schema.org\",\"@graph\":[{\"@type\":\"WebPage\",\"@id\":\"https:\/\/www.leitao-irmao.com\/listas-de-presentes\/\",\"url\":\"https:\/\/www.leitao-irmao.com\/listas-de-presentes\/\",\"name\":\"Listas de Presentes | Leit\u00e3o &amp; Irm\u00e3o\",\"isPartOf\":{\"@id\":\"https:\/\/www.leitao-irmao.com\/#website\"},\"primaryImageOfPage\":{\"@id\":\"https:\/\/www.leitao-irmao.com\/listas-de-presentes\/#primaryimage\"},\"image\":{\"@id\":\"https:\/\/www.leitao-irmao.com\/listas-de-presentes\/#primaryimage\"},\"thumbnailUrl\":\"https:\/\/www.leitao-irmao.com\/wp-content\/uploads\/2025\/01\/presente.jpg\",\"datePublished\":\"2023-08-24T11:29:32+00:00\",\"dateModified\":\"2026-04-02T10:56:23+00:00\",\"description\":\"Aqui poder\u00e1 encontrar todas as listas de casamento, anivers\u00e1rio e batizado dispon\u00edveis na Leit\u00e3o & Irm\u00e3o, com sele\u00e7\u00e3o de pe\u00e7as pelo cliente.\",\"breadcrumb\":{\"@id\":\"https:\/\/www.leitao-irmao.com\/listas-de-presentes\/#breadcrumb\"},\"inLanguage\":\"en-GB\",\"potentialAction\":[{\"@type\":\"ReadAction\",\"target\":[\"https:\/\/www.leitao-irmao.com\/listas-de-presentes\/\"]}]},{\"@type\":\"ImageObject\",\"inLanguage\":\"en-GB\",\"@id\":\"https:\/\/www.leitao-irmao.com\/listas-de-presentes\/#primaryimage\",\"url\":\"https:\/\/www.leitao-irmao.com\/wp-content\/uploads\/2025\/01\/presente.jpg\",\"contentUrl\":\"https:\/\/www.leitao-irmao.com\/wp-content\/uploads\/2025\/01\/presente.jpg\",\"width\":1920,\"height\":789},{\"@type\":\"BreadcrumbList\",\"@id\":\"https:\/\/www.leitao-irmao.com\/listas-de-presentes\/#breadcrumb\",\"itemListElement\":[{\"@type\":\"ListItem\",\"position\":1,\"name\":\"Home\",\"item\":\"https:\/\/www.leitao-irmao.com\/\"},{\"@type\":\"ListItem\",\"position\":2,\"name\":\"Listas de Presentes\"}]},{\"@type\":\"WebSite\",\"@id\":\"https:\/\/www.leitao-irmao.com\/#website\",\"url\":\"https:\/\/www.leitao-irmao.com\/\",\"name\":\"Leit\u00e3o & Irm\u00e3o\",\"description\":\"Joalheiros desde 1822\",\"publisher\":{\"@id\":\"https:\/\/www.leitao-irmao.com\/#organization\"},\"potentialAction\":[{\"@type\":\"SearchAction\",\"target\":{\"@type\":\"EntryPoint\",\"urlTemplate\":\"https:\/\/www.leitao-irmao.com\/?s={search_term_string}\"},\"query-input\":{\"@type\":\"PropertyValueSpecification\",\"valueRequired\":true,\"valueName\":\"search_term_string\"}}],\"inLanguage\":\"en-GB\"},{\"@type\":\"Organization\",\"@id\":\"https:\/\/www.leitao-irmao.com\/#organization\",\"name\":\"Leit\u00e3o & Irm\u00e3o\",\"url\":\"https:\/\/www.leitao-irmao.com\/\",\"logo\":{\"@type\":\"ImageObject\",\"inLanguage\":\"en-GB\",\"@id\":\"https:\/\/www.leitao-irmao.com\/#\/schema\/logo\/image\/\",\"url\":\"https:\/\/www.leitao-irmao.com\/wp-content\/uploads\/2022\/11\/leitaoirmao-logo.png\",\"contentUrl\":\"https:\/\/www.leitao-irmao.com\/wp-content\/uploads\/2022\/11\/leitaoirmao-logo.png\",\"width\":426,\"height\":89,\"caption\":\"Leit\u00e3o & Irm\u00e3o\"},\"image\":{\"@id\":\"https:\/\/www.leitao-irmao.com\/#\/schema\/logo\/image\/\"}}]}<\/script>\n<!-- \/ Yoast SEO plugin. -->","yoast_head_json":{"title":"Listas de Presentes | Leit\u00e3o &amp; Irm\u00e3o","description":"Aqui poder\u00e1 encontrar todas as listas de casamento, anivers\u00e1rio e batizado dispon\u00edveis na Leit\u00e3o & Irm\u00e3o, com sele\u00e7\u00e3o de pe\u00e7as pelo cliente.","robots":{"index":"index","follow":"follow","max-snippet":"max-snippet:-1","max-image-preview":"max-image-preview:large","max-video-preview":"max-video-preview:-1"},"canonical":"https:\/\/www.leitao-irmao.com\/en\/listas-de-presentes\/","og_locale":"en_GB","og_type":"article","og_title":"Listas de Presentes","og_description":"Aqui poder\u00e1 encontrar todas as listas de casamento, anivers\u00e1rio e batizado dispon\u00edveis na Leit\u00e3o & Irm\u00e3o, com sele\u00e7\u00e3o de pe\u00e7as pelo cliente.","og_url":"https:\/\/www.leitao-irmao.com\/en\/listas-de-presentes\/","og_site_name":"Leit\u00e3o &amp; Irm\u00e3o","article_modified_time":"2026-04-02T10:56:23+00:00","og_image":[{"width":1920,"height":1440,"url":"https:\/\/www.leitao-irmao.com\/wp-content\/uploads\/2023\/08\/pexels-secret-garden-931178.jpg","type":"image\/jpeg"}],"twitter_card":"summary_large_image","twitter_title":"Listas de Presentes","twitter_description":"Aqui poder\u00e1 encontrar todas as listas de casamento, anivers\u00e1rio e batizado dispon\u00edveis na Leit\u00e3o & Irm\u00e3o, com sele\u00e7\u00e3o de pe\u00e7as pelo cliente.","twitter_image":"https:\/\/www.leitao-irmao.com\/wp-content\/uploads\/2023\/08\/pexels-secret-garden-931178.jpg","twitter_misc":{"Estimated reading time":"2 minutes"},"schema":{"@context":"https:\/\/schema.org","@graph":[{"@type":"WebPage","@id":"https:\/\/www.leitao-irmao.com\/listas-de-presentes\/","url":"https:\/\/www.leitao-irmao.com\/listas-de-presentes\/","name":"Listas de Presentes | Leit\u00e3o &amp; Irm\u00e3o","isPartOf":{"@id":"https:\/\/www.leitao-irmao.com\/#website"},"primaryImageOfPage":{"@id":"https:\/\/www.leitao-irmao.com\/listas-de-presentes\/#primaryimage"},"image":{"@id":"https:\/\/www.leitao-irmao.com\/listas-de-presentes\/#primaryimage"},"thumbnailUrl":"https:\/\/www.leitao-irmao.com\/wp-content\/uploads\/2025\/01\/presente.jpg","datePublished":"2023-08-24T11:29:32+00:00","dateModified":"2026-04-02T10:56:23+00:00","description":"Aqui poder\u00e1 encontrar todas as listas de casamento, anivers\u00e1rio e batizado dispon\u00edveis na Leit\u00e3o & Irm\u00e3o, com sele\u00e7\u00e3o de pe\u00e7as pelo cliente.","breadcrumb":{"@id":"https:\/\/www.leitao-irmao.com\/listas-de-presentes\/#breadcrumb"},"inLanguage":"en-GB","potentialAction":[{"@type":"ReadAction","target":["https:\/\/www.leitao-irmao.com\/listas-de-presentes\/"]}]},{"@type":"ImageObject","inLanguage":"en-GB","@id":"https:\/\/www.leitao-irmao.com\/listas-de-presentes\/#primaryimage","url":"https:\/\/www.leitao-irmao.com\/wp-content\/uploads\/2025\/01\/presente.jpg","contentUrl":"https:\/\/www.leitao-irmao.com\/wp-content\/uploads\/2025\/01\/presente.jpg","width":1920,"height":789},{"@type":"BreadcrumbList","@id":"https:\/\/www.leitao-irmao.com\/listas-de-presentes\/#breadcrumb","itemListElement":[{"@type":"ListItem","position":1,"name":"Home","item":"https:\/\/www.leitao-irmao.com\/"},{"@type":"ListItem","position":2,"name":"Listas de Presentes"}]},{"@type":"WebSite","@id":"https:\/\/www.leitao-irmao.com\/#website","url":"https:\/\/www.leitao-irmao.com\/","name":"Leit\u00e3o & Irm\u00e3o","description":"Joalheiros desde 1822","publisher":{"@id":"https:\/\/www.leitao-irmao.com\/#organization"},"potentialAction":[{"@type":"SearchAction","target":{"@type":"EntryPoint","urlTemplate":"https:\/\/www.leitao-irmao.com\/?s={search_term_string}"},"query-input":{"@type":"PropertyValueSpecification","valueRequired":true,"valueName":"search_term_string"}}],"inLanguage":"en-GB"},{"@type":"Organization","@id":"https:\/\/www.leitao-irmao.com\/#organization","name":"Leit\u00e3o & Irm\u00e3o","url":"https:\/\/www.leitao-irmao.com\/","logo":{"@type":"ImageObject","inLanguage":"en-GB","@id":"https:\/\/www.leitao-irmao.com\/#\/schema\/logo\/image\/","url":"https:\/\/www.leitao-irmao.com\/wp-content\/uploads\/2022\/11\/leitaoirmao-logo.png","contentUrl":"https:\/\/www.leitao-irmao.com\/wp-content\/uploads\/2022\/11\/leitaoirmao-logo.png","width":426,"height":89,"caption":"Leit\u00e3o & Irm\u00e3o"},"image":{"@id":"https:\/\/www.leitao-irmao.com\/#\/schema\/logo\/image\/"}}]}},"_links":{"self":[{"href":"https:\/\/www.leitao-irmao.com\/en\/wp-json\/wp\/v2\/pages\/16751","targetHints":{"allow":["GET"]}}],"collection":[{"href":"https:\/\/www.leitao-irmao.com\/en\/wp-json\/wp\/v2\/pages"}],"about":[{"href":"https:\/\/www.leitao-irmao.com\/en\/wp-json\/wp\/v2\/types\/page"}],"author":[{"embeddable":true,"href":"https:\/\/www.leitao-irmao.com\/en\/wp-json\/wp\/v2\/users\/1"}],"replies":[{"embeddable":true,"href":"https:\/\/www.leitao-irmao.com\/en\/wp-json\/wp\/v2\/comments?post=16751"}],"version-history":[{"count":18,"href":"https:\/\/www.leitao-irmao.com\/en\/wp-json\/wp\/v2\/pages\/16751\/revisions"}],"predecessor-version":[{"id":37766,"href":"https:\/\/www.leitao-irmao.com\/en\/wp-json\/wp\/v2\/pages\/16751\/revisions\/37766"}],"wp:featuredmedia":[{"embeddable":true,"href":"https:\/\/www.leitao-irmao.com\/en\/wp-json\/wp\/v2\/media\/30291"}],"wp:attachment":[{"href":"https:\/\/www.leitao-irmao.com\/en\/wp-json\/wp\/v2\/media?parent=16751"}],"curies":[{"name":"wp","href":"https:\/\/api.w.org\/{rel}","templated":true}]}}