{"id":23341,"date":"2024-04-29T09:50:37","date_gmt":"2024-04-29T09:50:37","guid":{"rendered":"https:\/\/www.leitao-irmao.com\/?page_id=23341"},"modified":"2026-04-02T11:48:20","modified_gmt":"2026-04-02T10:48:20","slug":"listas","status":"publish","type":"page","link":"https:\/\/www.leitao-irmao.com\/en\/listas\/","title":{"rendered":"Registries"},"content":{"rendered":"<div data-elementor-type=\"wp-page\" data-elementor-id=\"23341\" class=\"elementor elementor-23341\" data-elementor-post-type=\"page\">\n\t\t\t\t\t\t<section class=\"elementor-section elementor-top-section elementor-element elementor-element-1d1a623 elementor-section-boxed elementor-section-height-default elementor-section-height-default\" data-id=\"1d1a623\" data-element_type=\"section\">\n\t\t\t\t\t\t<div class=\"elementor-container elementor-column-gap-default\">\n\t\t\t\t\t<div class=\"elementor-column elementor-col-100 elementor-top-column elementor-element elementor-element-eb10c1a\" data-id=\"eb10c1a\" data-element_type=\"column\">\n\t\t\t<div class=\"elementor-widget-wrap elementor-element-populated\">\n\t\t\t\t\t\t<div class=\"elementor-element elementor-element-5013854 elementor-widget elementor-widget-heading\" data-id=\"5013854\" data-element_type=\"widget\" data-widget_type=\"heading.default\">\n\t\t\t\t<div class=\"elementor-widget-container\">\n\t\t\t\t\t<h1 class=\"elementor-heading-title elementor-size-default\">Discover our Registries<\/h1>\t\t\t\t<\/div>\n\t\t\t\t<\/div>\n\t\t\t\t<div class=\"elementor-element elementor-element-6057d5b elementor-widget__width-initial elementor-widget-tablet__width-inherit elementor-widget elementor-widget-text-editor\" data-id=\"6057d5b\" data-element_type=\"widget\" data-widget_type=\"text-editor.default\">\n\t\t\t\t<div class=\"elementor-widget-container\">\n\t\t\t\t\t\t\t\t\t<p>Designed to elevate any occasion, our selection of registries offers a variety of options to satisfy all tastes and preferences.<\/p><p>From the romance of our Wedding Registry to the timeless elegance of our Pearl Registry or the cultural charm of our Viana Beads Registry, each choice promises to add a touch of sophistication to your special celebration.<\/p><p>Let us help you create a registry that captures the essence of your celebration and creates lasting memories for years to come.<\/p>\t\t\t\t\t\t\t\t<\/div>\n\t\t\t\t<\/div>\n\t\t\t\t\t<\/div>\n\t\t<\/div>\n\t\t\t\t\t<\/div>\n\t\t<\/section>\n\t\t<div class=\"elementor-element elementor-element-0df3a14 e-flex e-con-boxed e-con e-parent\" data-id=\"0df3a14\" data-element_type=\"container\">\n\t\t\t\t\t<div class=\"e-con-inner\">\n\t\t\t\t<div class=\"elementor-element elementor-element-a26f172 elementor-arrows-position-inside elementor-widget elementor-widget-n-carousel\" data-id=\"a26f172\" data-element_type=\"widget\" data-settings=\"{&quot;carousel_items&quot;:[{&quot;slide_title&quot;:&quot;Slide #2&quot;,&quot;_id&quot;:&quot;d740867&quot;},{&quot;slide_title&quot;:&quot;Slide #2&quot;,&quot;_id&quot;:&quot;219c37e&quot;},{&quot;slide_title&quot;:&quot;Slide #2&quot;,&quot;_id&quot;:&quot;9afad07&quot;}],&quot;slides_to_show&quot;:&quot;3&quot;,&quot;slides_to_scroll&quot;:&quot;3&quot;,&quot;image_spacing_custom&quot;:{&quot;unit&quot;:&quot;px&quot;,&quot;size&quot;:25,&quot;sizes&quot;:[]},&quot;slides_to_show_laptop&quot;:&quot;3&quot;,&quot;image_spacing_custom_mobile&quot;:{&quot;unit&quot;:&quot;px&quot;,&quot;size&quot;:10,&quot;sizes&quot;:[]},&quot;slides_to_show_tablet&quot;:&quot;2&quot;,&quot;slides_to_show_mobile&quot;:&quot;1&quot;,&quot;infinite&quot;:&quot;yes&quot;,&quot;speed&quot;:500,&quot;offset_sides&quot;:&quot;none&quot;,&quot;arrows&quot;:&quot;yes&quot;,&quot;image_spacing_custom_widescreen&quot;:{&quot;unit&quot;:&quot;px&quot;,&quot;size&quot;:&quot;&quot;,&quot;sizes&quot;:[]},&quot;image_spacing_custom_laptop&quot;:{&quot;unit&quot;:&quot;px&quot;,&quot;size&quot;:&quot;&quot;,&quot;sizes&quot;:[]},&quot;image_spacing_custom_tablet_extra&quot;:{&quot;unit&quot;:&quot;px&quot;,&quot;size&quot;:&quot;&quot;,&quot;sizes&quot;:[]},&quot;image_spacing_custom_tablet&quot;:{&quot;unit&quot;:&quot;px&quot;,&quot;size&quot;:&quot;&quot;,&quot;sizes&quot;:[]},&quot;image_spacing_custom_mobile_extra&quot;:{&quot;unit&quot;:&quot;px&quot;,&quot;size&quot;:&quot;&quot;,&quot;sizes&quot;:[]}}\" data-widget_type=\"nested-carousel.default\">\n\t\t\t\t<div class=\"elementor-widget-container\">\n\t\t\t\t\t\t\t<div class=\"e-n-carousel swiper\" role=\"region\" aria-roledescription=\"carousel\" aria-label=\"Carousel\" dir=\"ltr\">\n\t\t\t<div class=\"swiper-wrapper\" aria-live=\"polite\">\n\t\t\t\t\t\t\t\t\t\t<div class=\"swiper-slide\" data-slide=\"1\" role=\"group\" aria-roledescription=\"slide\" aria-label=\"1 of 3\">\n\t\t\t\t\t\t\t<div class=\"elementor-element elementor-element-6021389 e-flex e-con-boxed e-con e-child\" data-id=\"6021389\" data-element_type=\"container\">\n\t\t\t\t\t<div class=\"e-con-inner\">\n\t\t\t\t<div class=\"elementor-element elementor-element-06aa346 elementor-position-top elementor-widget elementor-widget-image-box\" data-id=\"06aa346\" data-element_type=\"widget\" data-widget_type=\"image-box.default\">\n\t\t\t\t<div class=\"elementor-widget-container\">\n\t\t\t\t\t<div class=\"elementor-image-box-wrapper\"><figure class=\"elementor-image-box-img\"><a href=\"https:\/\/www.leitao-irmao.com\/en\/lista-de-casamentos\/\" tabindex=\"-1\"><img fetchpriority=\"high\" decoding=\"async\" width=\"1280\" height=\"1920\" src=\"https:\/\/www.leitao-irmao.com\/wp-content\/uploads\/2023\/06\/casal-mobile.jpeg\" class=\"attachment-full size-full wp-image-11498\" alt=\"\" srcset=\"https:\/\/www.leitao-irmao.com\/wp-content\/uploads\/2023\/06\/casal-mobile.jpeg 1280w, https:\/\/www.leitao-irmao.com\/wp-content\/uploads\/2023\/06\/casal-mobile-1000x1500.jpeg 1000w, https:\/\/www.leitao-irmao.com\/wp-content\/uploads\/2023\/06\/casal-mobile-200x300.jpeg 200w, https:\/\/www.leitao-irmao.com\/wp-content\/uploads\/2023\/06\/casal-mobile-683x1024.jpeg 683w, https:\/\/www.leitao-irmao.com\/wp-content\/uploads\/2023\/06\/casal-mobile-768x1152.jpeg 768w, https:\/\/www.leitao-irmao.com\/wp-content\/uploads\/2023\/06\/casal-mobile-1024x1536.jpeg 1024w, https:\/\/www.leitao-irmao.com\/wp-content\/uploads\/2023\/06\/casal-mobile-8x12.jpeg 8w\" sizes=\"(max-width: 1280px) 100vw, 1280px\" \/><\/a><\/figure><div class=\"elementor-image-box-content\"><p class=\"elementor-image-box-title\"><a href=\"https:\/\/www.leitao-irmao.com\/en\/lista-de-casamentos\/\">Wedding Registries<\/a><\/p><\/div><\/div>\t\t\t\t<\/div>\n\t\t\t\t<\/div>\n\t\t\t\t\t<\/div>\n\t\t\t\t<\/div>\n\t\t\t\t\t\t\t\t<\/div>\n\t\t\t\t\t\t\t\t\t\t\t<div class=\"swiper-slide\" data-slide=\"2\" role=\"group\" aria-roledescription=\"slide\" aria-label=\"2 of 3\">\n\t\t\t\t\t\t\t<div class=\"elementor-element elementor-element-04f3993 e-flex e-con-boxed e-con e-child\" data-id=\"04f3993\" data-element_type=\"container\">\n\t\t\t\t\t<div class=\"e-con-inner\">\n\t\t\t\t<div class=\"elementor-element elementor-element-142ddfe elementor-position-top elementor-widget elementor-widget-image-box\" data-id=\"142ddfe\" data-element_type=\"widget\" data-widget_type=\"image-box.default\">\n\t\t\t\t<div class=\"elementor-widget-container\">\n\t\t\t\t\t<div class=\"elementor-image-box-wrapper\"><figure class=\"elementor-image-box-img\"><a href=\"https:\/\/www.leitao-irmao.com\/en\/lista-de-contas-de-viana\/\" tabindex=\"-1\"><img decoding=\"async\" width=\"1800\" height=\"1800\" src=\"https:\/\/www.leitao-irmao.com\/wp-content\/uploads\/2024\/05\/Fio-Contas-de-Viana.jpg\" class=\"attachment-full size-full wp-image-24312\" alt=\"\" srcset=\"https:\/\/www.leitao-irmao.com\/wp-content\/uploads\/2024\/05\/Fio-Contas-de-Viana.jpg 1800w, https:\/\/www.leitao-irmao.com\/wp-content\/uploads\/2024\/05\/Fio-Contas-de-Viana-1000x1000.jpg 1000w, https:\/\/www.leitao-irmao.com\/wp-content\/uploads\/2024\/05\/Fio-Contas-de-Viana-100x100.jpg 100w, https:\/\/www.leitao-irmao.com\/wp-content\/uploads\/2024\/05\/Fio-Contas-de-Viana-300x300.jpg 300w, https:\/\/www.leitao-irmao.com\/wp-content\/uploads\/2024\/05\/Fio-Contas-de-Viana-1024x1024.jpg 1024w, https:\/\/www.leitao-irmao.com\/wp-content\/uploads\/2024\/05\/Fio-Contas-de-Viana-150x150.jpg 150w, https:\/\/www.leitao-irmao.com\/wp-content\/uploads\/2024\/05\/Fio-Contas-de-Viana-768x768.jpg 768w, https:\/\/www.leitao-irmao.com\/wp-content\/uploads\/2024\/05\/Fio-Contas-de-Viana-1536x1536.jpg 1536w, https:\/\/www.leitao-irmao.com\/wp-content\/uploads\/2024\/05\/Fio-Contas-de-Viana-12x12.jpg 12w, https:\/\/www.leitao-irmao.com\/wp-content\/uploads\/2024\/05\/Fio-Contas-de-Viana-500x500.jpg 500w, https:\/\/www.leitao-irmao.com\/wp-content\/uploads\/2024\/05\/Fio-Contas-de-Viana-190x190.jpg 190w, https:\/\/www.leitao-irmao.com\/wp-content\/uploads\/2024\/05\/Fio-Contas-de-Viana-90x90.jpg 90w\" sizes=\"(max-width: 1800px) 100vw, 1800px\" \/><\/a><\/figure><div class=\"elementor-image-box-content\"><p class=\"elementor-image-box-title\"><a href=\"https:\/\/www.leitao-irmao.com\/en\/lista-de-contas-de-viana\/\">Viana Beads Registries<\/a><\/p><\/div><\/div>\t\t\t\t<\/div>\n\t\t\t\t<\/div>\n\t\t\t\t\t<\/div>\n\t\t\t\t<\/div>\n\t\t\t\t\t\t\t\t<\/div>\n\t\t\t\t\t\t\t\t\t\t\t<div class=\"swiper-slide\" data-slide=\"3\" role=\"group\" aria-roledescription=\"slide\" aria-label=\"3 of 3\">\n\t\t\t\t\t\t\t<div class=\"elementor-element elementor-element-0094b5d e-flex e-con-boxed e-con e-child\" data-id=\"0094b5d\" data-element_type=\"container\">\n\t\t\t\t\t<div class=\"e-con-inner\">\n\t\t\t\t<div class=\"elementor-element elementor-element-85ae82c elementor-position-top elementor-widget elementor-widget-image-box\" data-id=\"85ae82c\" data-element_type=\"widget\" data-widget_type=\"image-box.default\">\n\t\t\t\t<div class=\"elementor-widget-container\">\n\t\t\t\t\t<div class=\"elementor-image-box-wrapper\"><figure class=\"elementor-image-box-img\"><a href=\"https:\/\/www.leitao-irmao.com\/en\/lista-de-perolas\/\" tabindex=\"-1\"><img decoding=\"async\" width=\"1920\" height=\"1086\" src=\"https:\/\/www.leitao-irmao.com\/wp-content\/uploads\/2024\/05\/pexels-hoa-tran-13219658_banner.jpg\" class=\"attachment-full size-full wp-image-24401\" alt=\"\" srcset=\"https:\/\/www.leitao-irmao.com\/wp-content\/uploads\/2024\/05\/pexels-hoa-tran-13219658_banner.jpg 1920w, https:\/\/www.leitao-irmao.com\/wp-content\/uploads\/2024\/05\/pexels-hoa-tran-13219658_banner-1000x566.jpg 1000w, https:\/\/www.leitao-irmao.com\/wp-content\/uploads\/2024\/05\/pexels-hoa-tran-13219658_banner-300x170.jpg 300w, https:\/\/www.leitao-irmao.com\/wp-content\/uploads\/2024\/05\/pexels-hoa-tran-13219658_banner-1024x579.jpg 1024w, https:\/\/www.leitao-irmao.com\/wp-content\/uploads\/2024\/05\/pexels-hoa-tran-13219658_banner-768x434.jpg 768w, https:\/\/www.leitao-irmao.com\/wp-content\/uploads\/2024\/05\/pexels-hoa-tran-13219658_banner-1536x869.jpg 1536w, https:\/\/www.leitao-irmao.com\/wp-content\/uploads\/2024\/05\/pexels-hoa-tran-13219658_banner-18x10.jpg 18w, https:\/\/www.leitao-irmao.com\/wp-content\/uploads\/2024\/05\/pexels-hoa-tran-13219658_banner-90x51.jpg 90w\" sizes=\"(max-width: 1920px) 100vw, 1920px\" \/><\/a><\/figure><div class=\"elementor-image-box-content\"><p class=\"elementor-image-box-title\"><a href=\"https:\/\/www.leitao-irmao.com\/en\/lista-de-perolas\/\">Pearl Registries<\/a><\/p><\/div><\/div>\t\t\t\t<\/div>\n\t\t\t\t<\/div>\n\t\t\t\t\t<\/div>\n\t\t\t\t<\/div>\n\t\t\t\t\t\t\t\t<\/div>\n\t\t\t\t\t\t\t\t<\/div>\n\t\t<\/div>\n\t\t\t\t\t<div class=\"elementor-swiper-button elementor-swiper-button-prev\" role=\"button\" tabindex=\"0\" aria-label=\"Previous\">\n\t\t\t\t<svg xmlns=\"http:\/\/www.w3.org\/2000\/svg\" xmlns:xlink=\"http:\/\/www.w3.org\/1999\/xlink\" id=\"b385ca18-4b85-46d4-bb4b-571c73a19812\" x=\"0px\" y=\"0px\" viewbox=\"0 0 30.1 18.2\" style=\"enable-background:new 0 0 30.1 18.2;\" xml:space=\"preserve\"><title>arrow-icon-size3<\/title><path d=\"M29.8,8.5l-8.2-8.2C21.4,0.1,21.2,0,21,0s-0.5,0.1-0.6,0.3c-0.3,0.3-0.3,0.9,0,1.2l6.7,6.8H0.8l0,0C0.3,8.3-0.1,8.7,0,9.2  c0,0.5,0.4,0.9,0.9,0.8h26.2l-6.8,6.8l0,0c-0.3,0.3-0.3,0.9,0,1.2c0.2,0.1,0.4,0.2,0.6,0.2l0,0c0.3,0,0.5-0.1,0.6-0.3l8.3-8.2  C30.1,9.4,30.1,8.8,29.8,8.5z\"><\/path><\/svg>\t\t\t<\/div>\n\t\t\t<div class=\"elementor-swiper-button elementor-swiper-button-next\" role=\"button\" tabindex=\"0\" aria-label=\"Next\">\n\t\t\t\t<svg xmlns=\"http:\/\/www.w3.org\/2000\/svg\" xmlns:xlink=\"http:\/\/www.w3.org\/1999\/xlink\" id=\"b385ca18-4b85-46d4-bb4b-571c73a19812\" x=\"0px\" y=\"0px\" viewbox=\"0 0 30.1 18.2\" style=\"enable-background:new 0 0 30.1 18.2;\" xml:space=\"preserve\"><title>arrow-icon-size3<\/title><path d=\"M29.8,8.5l-8.2-8.2C21.4,0.1,21.2,0,21,0s-0.5,0.1-0.6,0.3c-0.3,0.3-0.3,0.9,0,1.2l6.7,6.8H0.8l0,0C0.3,8.3-0.1,8.7,0,9.2  c0,0.5,0.4,0.9,0.9,0.8h26.2l-6.8,6.8l0,0c-0.3,0.3-0.3,0.9,0,1.2c0.2,0.1,0.4,0.2,0.6,0.2l0,0c0.3,0,0.5-0.1,0.6-0.3l8.3-8.2  C30.1,9.4,30.1,8.8,29.8,8.5z\"><\/path><\/svg>\t\t\t<\/div>\n\t\t\t\t\t\t<\/div>\n\t\t\t\t<\/div>\n\t\t\t\t\t<\/div>\n\t\t\t\t<\/div>\n\t\t\t\t<\/div>","protected":false},"excerpt":{"rendered":"<p>Descubra as nossas Listas Concebidas para elevar qualquer ocasi\u00e3o, a nossa sele\u00e7\u00e3o de listas oferece uma variedade de op\u00e7\u00f5es para satisfazer todos os gostos e prefer\u00eancias. Desde o romance da nossa Lista de Casamento, \u00e0 eleg\u00e2ncia intemporal da nossa Lista de P\u00e9rolas ou ao encanto cultural da nossa Lista de Contas de Viana, cada escolha [&hellip;]<\/p>","protected":false},"author":1,"featured_media":16567,"parent":0,"menu_order":0,"comment_status":"closed","ping_status":"closed","template":"elementor_header_footer","meta":{"_acf_changed":false,"footnotes":""},"class_list":["post-23341","page","type-page","status-publish","has-post-thumbnail","hentry"],"acf":[],"yoast_head":"<!-- This site is optimized with the Yoast SEO plugin v25.4 - https:\/\/yoast.com\/wordpress\/plugins\/seo\/ -->\n<title>Listas | Leit\u00e3o &amp; Irm\u00e3o<\/title>\n<meta name=\"description\" content=\"Concebidas para elevar qualquer ocasi\u00e3o, a nossa sele\u00e7\u00e3o de listas oferece v\u00e1rias op\u00e7\u00f5es para satisfazer todos os gostos e prefer\u00eancias.\" \/>\n<meta name=\"robots\" content=\"index, follow, max-snippet:-1, max-image-preview:large, max-video-preview:-1\" \/>\n<link rel=\"canonical\" href=\"https:\/\/www.leitao-irmao.com\/en\/listas\/\" \/>\n<meta property=\"og:locale\" content=\"en_GB\" \/>\n<meta property=\"og:type\" content=\"article\" \/>\n<meta property=\"og:title\" content=\"Listas | Leit\u00e3o &amp; Irm\u00e3o\" \/>\n<meta property=\"og:description\" content=\"Concebidas para elevar qualquer ocasi\u00e3o, a nossa sele\u00e7\u00e3o de listas oferece v\u00e1rias op\u00e7\u00f5es para satisfazer todos os gostos e prefer\u00eancias.\" \/>\n<meta property=\"og:url\" content=\"https:\/\/www.leitao-irmao.com\/en\/listas\/\" \/>\n<meta property=\"og:site_name\" content=\"Leit\u00e3o &amp; Irm\u00e3o\" \/>\n<meta property=\"article:modified_time\" content=\"2026-04-02T10:48:20+00:00\" \/>\n<meta property=\"og:image\" content=\"https:\/\/www.leitao-irmao.com\/wp-content\/uploads\/2023\/08\/pexels-secret-garden-931178.jpg\" \/>\n\t<meta property=\"og:image:width\" content=\"1920\" \/>\n\t<meta property=\"og:image:height\" content=\"1440\" \/>\n\t<meta property=\"og:image:type\" content=\"image\/jpeg\" \/>\n<meta name=\"twitter:card\" content=\"summary_large_image\" \/>\n<meta name=\"twitter:title\" content=\"Listas | Leit\u00e3o &amp; Irm\u00e3o\" \/>\n<meta name=\"twitter:description\" content=\"Concebidas para elevar qualquer ocasi\u00e3o, a nossa sele\u00e7\u00e3o de listas oferece v\u00e1rias op\u00e7\u00f5es para satisfazer todos os gostos e prefer\u00eancias.\" \/>\n<meta name=\"twitter:image\" content=\"https:\/\/www.leitao-irmao.com\/wp-content\/uploads\/2023\/08\/pexels-secret-garden-931178.jpg\" \/>\n<meta name=\"twitter:label1\" content=\"Estimated reading time\" \/>\n\t<meta name=\"twitter:data1\" content=\"2 minutes\" \/>\n<script type=\"application\/ld+json\" class=\"yoast-schema-graph\">{\"@context\":\"https:\/\/schema.org\",\"@graph\":[{\"@type\":\"WebPage\",\"@id\":\"https:\/\/www.leitao-irmao.com\/listas\/\",\"url\":\"https:\/\/www.leitao-irmao.com\/listas\/\",\"name\":\"Listas | Leit\u00e3o &amp; Irm\u00e3o\",\"isPartOf\":{\"@id\":\"https:\/\/www.leitao-irmao.com\/#website\"},\"primaryImageOfPage\":{\"@id\":\"https:\/\/www.leitao-irmao.com\/listas\/#primaryimage\"},\"image\":{\"@id\":\"https:\/\/www.leitao-irmao.com\/listas\/#primaryimage\"},\"thumbnailUrl\":\"https:\/\/www.leitao-irmao.com\/wp-content\/uploads\/2023\/08\/pexels-secret-garden-931178.jpg\",\"datePublished\":\"2024-04-29T09:50:37+00:00\",\"dateModified\":\"2026-04-02T10:48:20+00:00\",\"description\":\"Concebidas para elevar qualquer ocasi\u00e3o, a nossa sele\u00e7\u00e3o de listas oferece v\u00e1rias op\u00e7\u00f5es para satisfazer todos os gostos e prefer\u00eancias.\",\"breadcrumb\":{\"@id\":\"https:\/\/www.leitao-irmao.com\/listas\/#breadcrumb\"},\"inLanguage\":\"en-GB\",\"potentialAction\":[{\"@type\":\"ReadAction\",\"target\":[\"https:\/\/www.leitao-irmao.com\/listas\/\"]}]},{\"@type\":\"ImageObject\",\"inLanguage\":\"en-GB\",\"@id\":\"https:\/\/www.leitao-irmao.com\/listas\/#primaryimage\",\"url\":\"https:\/\/www.leitao-irmao.com\/wp-content\/uploads\/2023\/08\/pexels-secret-garden-931178.jpg\",\"contentUrl\":\"https:\/\/www.leitao-irmao.com\/wp-content\/uploads\/2023\/08\/pexels-secret-garden-931178.jpg\",\"width\":1920,\"height\":1440,\"caption\":\"flores\"},{\"@type\":\"BreadcrumbList\",\"@id\":\"https:\/\/www.leitao-irmao.com\/listas\/#breadcrumb\",\"itemListElement\":[{\"@type\":\"ListItem\",\"position\":1,\"name\":\"Home\",\"item\":\"https:\/\/www.leitao-irmao.com\/\"},{\"@type\":\"ListItem\",\"position\":2,\"name\":\"Listas\"}]},{\"@type\":\"WebSite\",\"@id\":\"https:\/\/www.leitao-irmao.com\/#website\",\"url\":\"https:\/\/www.leitao-irmao.com\/\",\"name\":\"Leit\u00e3o & Irm\u00e3o\",\"description\":\"Joalheiros desde 1822\",\"publisher\":{\"@id\":\"https:\/\/www.leitao-irmao.com\/#organization\"},\"potentialAction\":[{\"@type\":\"SearchAction\",\"target\":{\"@type\":\"EntryPoint\",\"urlTemplate\":\"https:\/\/www.leitao-irmao.com\/?s={search_term_string}\"},\"query-input\":{\"@type\":\"PropertyValueSpecification\",\"valueRequired\":true,\"valueName\":\"search_term_string\"}}],\"inLanguage\":\"en-GB\"},{\"@type\":\"Organization\",\"@id\":\"https:\/\/www.leitao-irmao.com\/#organization\",\"name\":\"Leit\u00e3o & Irm\u00e3o\",\"url\":\"https:\/\/www.leitao-irmao.com\/\",\"logo\":{\"@type\":\"ImageObject\",\"inLanguage\":\"en-GB\",\"@id\":\"https:\/\/www.leitao-irmao.com\/#\/schema\/logo\/image\/\",\"url\":\"https:\/\/www.leitao-irmao.com\/wp-content\/uploads\/2022\/11\/leitaoirmao-logo.png\",\"contentUrl\":\"https:\/\/www.leitao-irmao.com\/wp-content\/uploads\/2022\/11\/leitaoirmao-logo.png\",\"width\":426,\"height\":89,\"caption\":\"Leit\u00e3o & Irm\u00e3o\"},\"image\":{\"@id\":\"https:\/\/www.leitao-irmao.com\/#\/schema\/logo\/image\/\"}}]}<\/script>\n<!-- \/ Yoast SEO plugin. -->","yoast_head_json":{"title":"Listas | Leit\u00e3o &amp; Irm\u00e3o","description":"Concebidas para elevar qualquer ocasi\u00e3o, a nossa sele\u00e7\u00e3o de listas oferece v\u00e1rias op\u00e7\u00f5es para satisfazer todos os gostos e prefer\u00eancias.","robots":{"index":"index","follow":"follow","max-snippet":"max-snippet:-1","max-image-preview":"max-image-preview:large","max-video-preview":"max-video-preview:-1"},"canonical":"https:\/\/www.leitao-irmao.com\/en\/listas\/","og_locale":"en_GB","og_type":"article","og_title":"Listas | Leit\u00e3o &amp; Irm\u00e3o","og_description":"Concebidas para elevar qualquer ocasi\u00e3o, a nossa sele\u00e7\u00e3o de listas oferece v\u00e1rias op\u00e7\u00f5es para satisfazer todos os gostos e prefer\u00eancias.","og_url":"https:\/\/www.leitao-irmao.com\/en\/listas\/","og_site_name":"Leit\u00e3o &amp; Irm\u00e3o","article_modified_time":"2026-04-02T10:48:20+00:00","og_image":[{"width":1920,"height":1440,"url":"https:\/\/www.leitao-irmao.com\/wp-content\/uploads\/2023\/08\/pexels-secret-garden-931178.jpg","type":"image\/jpeg"}],"twitter_card":"summary_large_image","twitter_title":"Listas | Leit\u00e3o &amp; Irm\u00e3o","twitter_description":"Concebidas para elevar qualquer ocasi\u00e3o, a nossa sele\u00e7\u00e3o de listas oferece v\u00e1rias op\u00e7\u00f5es para satisfazer todos os gostos e prefer\u00eancias.","twitter_image":"https:\/\/www.leitao-irmao.com\/wp-content\/uploads\/2023\/08\/pexels-secret-garden-931178.jpg","twitter_misc":{"Estimated reading time":"2 minutes"},"schema":{"@context":"https:\/\/schema.org","@graph":[{"@type":"WebPage","@id":"https:\/\/www.leitao-irmao.com\/listas\/","url":"https:\/\/www.leitao-irmao.com\/listas\/","name":"Listas | Leit\u00e3o &amp; Irm\u00e3o","isPartOf":{"@id":"https:\/\/www.leitao-irmao.com\/#website"},"primaryImageOfPage":{"@id":"https:\/\/www.leitao-irmao.com\/listas\/#primaryimage"},"image":{"@id":"https:\/\/www.leitao-irmao.com\/listas\/#primaryimage"},"thumbnailUrl":"https:\/\/www.leitao-irmao.com\/wp-content\/uploads\/2023\/08\/pexels-secret-garden-931178.jpg","datePublished":"2024-04-29T09:50:37+00:00","dateModified":"2026-04-02T10:48:20+00:00","description":"Concebidas para elevar qualquer ocasi\u00e3o, a nossa sele\u00e7\u00e3o de listas oferece v\u00e1rias op\u00e7\u00f5es para satisfazer todos os gostos e prefer\u00eancias.","breadcrumb":{"@id":"https:\/\/www.leitao-irmao.com\/listas\/#breadcrumb"},"inLanguage":"en-GB","potentialAction":[{"@type":"ReadAction","target":["https:\/\/www.leitao-irmao.com\/listas\/"]}]},{"@type":"ImageObject","inLanguage":"en-GB","@id":"https:\/\/www.leitao-irmao.com\/listas\/#primaryimage","url":"https:\/\/www.leitao-irmao.com\/wp-content\/uploads\/2023\/08\/pexels-secret-garden-931178.jpg","contentUrl":"https:\/\/www.leitao-irmao.com\/wp-content\/uploads\/2023\/08\/pexels-secret-garden-931178.jpg","width":1920,"height":1440,"caption":"flores"},{"@type":"BreadcrumbList","@id":"https:\/\/www.leitao-irmao.com\/listas\/#breadcrumb","itemListElement":[{"@type":"ListItem","position":1,"name":"Home","item":"https:\/\/www.leitao-irmao.com\/"},{"@type":"ListItem","position":2,"name":"Listas"}]},{"@type":"WebSite","@id":"https:\/\/www.leitao-irmao.com\/#website","url":"https:\/\/www.leitao-irmao.com\/","name":"Leit\u00e3o & Irm\u00e3o","description":"Joalheiros desde 1822","publisher":{"@id":"https:\/\/www.leitao-irmao.com\/#organization"},"potentialAction":[{"@type":"SearchAction","target":{"@type":"EntryPoint","urlTemplate":"https:\/\/www.leitao-irmao.com\/?s={search_term_string}"},"query-input":{"@type":"PropertyValueSpecification","valueRequired":true,"valueName":"search_term_string"}}],"inLanguage":"en-GB"},{"@type":"Organization","@id":"https:\/\/www.leitao-irmao.com\/#organization","name":"Leit\u00e3o & Irm\u00e3o","url":"https:\/\/www.leitao-irmao.com\/","logo":{"@type":"ImageObject","inLanguage":"en-GB","@id":"https:\/\/www.leitao-irmao.com\/#\/schema\/logo\/image\/","url":"https:\/\/www.leitao-irmao.com\/wp-content\/uploads\/2022\/11\/leitaoirmao-logo.png","contentUrl":"https:\/\/www.leitao-irmao.com\/wp-content\/uploads\/2022\/11\/leitaoirmao-logo.png","width":426,"height":89,"caption":"Leit\u00e3o & Irm\u00e3o"},"image":{"@id":"https:\/\/www.leitao-irmao.com\/#\/schema\/logo\/image\/"}}]}},"_links":{"self":[{"href":"https:\/\/www.leitao-irmao.com\/en\/wp-json\/wp\/v2\/pages\/23341","targetHints":{"allow":["GET"]}}],"collection":[{"href":"https:\/\/www.leitao-irmao.com\/en\/wp-json\/wp\/v2\/pages"}],"about":[{"href":"https:\/\/www.leitao-irmao.com\/en\/wp-json\/wp\/v2\/types\/page"}],"author":[{"embeddable":true,"href":"https:\/\/www.leitao-irmao.com\/en\/wp-json\/wp\/v2\/users\/1"}],"replies":[{"embeddable":true,"href":"https:\/\/www.leitao-irmao.com\/en\/wp-json\/wp\/v2\/comments?post=23341"}],"version-history":[{"count":6,"href":"https:\/\/www.leitao-irmao.com\/en\/wp-json\/wp\/v2\/pages\/23341\/revisions"}],"predecessor-version":[{"id":37759,"href":"https:\/\/www.leitao-irmao.com\/en\/wp-json\/wp\/v2\/pages\/23341\/revisions\/37759"}],"wp:featuredmedia":[{"embeddable":true,"href":"https:\/\/www.leitao-irmao.com\/en\/wp-json\/wp\/v2\/media\/16567"}],"wp:attachment":[{"href":"https:\/\/www.leitao-irmao.com\/en\/wp-json\/wp\/v2\/media?parent=23341"}],"curies":[{"name":"wp","href":"https:\/\/api.w.org\/{rel}","templated":true}]}}