{"id":4992,"date":"2023-05-05T14:02:54","date_gmt":"2023-05-05T14:02:54","guid":{"rendered":"https:\/\/leitao-irmao.ad-pulse.com\/?page_id=4992"},"modified":"2024-09-17T15:42:52","modified_gmt":"2024-09-17T14:42:52","slug":"gift-card","status":"publish","type":"page","link":"https:\/\/www.leitao-irmao.com\/en\/gift-card\/","title":{"rendered":"Gift Card"},"content":{"rendered":"<div data-elementor-type=\"wp-page\" data-elementor-id=\"4992\" class=\"elementor elementor-4992\" data-elementor-post-type=\"page\">\n\t\t\t\t\t\t<section class=\"elementor-section elementor-top-section elementor-element elementor-element-9ffbbd4 elementor-hidden-tablet_extra elementor-hidden-tablet elementor-hidden-mobile_extra elementor-hidden-mobile elementor-section-boxed elementor-section-height-default elementor-section-height-default\" data-id=\"9ffbbd4\" data-element_type=\"section\">\n\t\t\t\t\t\t<div class=\"elementor-container elementor-column-gap-default\">\n\t\t\t\t\t<div class=\"elementor-column elementor-col-100 elementor-top-column elementor-element elementor-element-f681b83\" data-id=\"f681b83\" data-element_type=\"column\">\n\t\t\t<div class=\"elementor-widget-wrap elementor-element-populated\">\n\t\t\t\t\t\t<div class=\"elementor-element elementor-element-b11e7f0 elementor-widget elementor-widget-woocommerce-breadcrumb\" data-id=\"b11e7f0\" data-element_type=\"widget\" data-widget_type=\"woocommerce-breadcrumb.default\">\n\t\t\t\t<div class=\"elementor-widget-container\">\n\t\t\t\t\t<nav class=\"woocommerce-breadcrumb\" aria-label=\"Breadcrumb\" data-no-translation=\"\" data-trp-gettext=\"\">Home<\/nav>\t\t\t\t<\/div>\n\t\t\t\t<\/div>\n\t\t\t\t\t<\/div>\n\t\t<\/div>\n\t\t\t\t\t<\/div>\n\t\t<\/section>\n\t\t\t\t<section class=\"elementor-section elementor-top-section elementor-element elementor-element-d494864 elementor-section-boxed elementor-section-height-default elementor-section-height-default\" data-id=\"d494864\" data-element_type=\"section\" data-settings=\"{&quot;background_background&quot;:&quot;classic&quot;}\">\n\t\t\t\t\t\t<div class=\"elementor-container elementor-column-gap-default\">\n\t\t\t\t\t<div class=\"elementor-column elementor-col-100 elementor-top-column elementor-element elementor-element-08d8e9e\" data-id=\"08d8e9e\" data-element_type=\"column\" data-settings=\"{&quot;background_background&quot;:&quot;classic&quot;}\">\n\t\t\t<div class=\"elementor-widget-wrap elementor-element-populated\">\n\t\t\t\t\t<div class=\"elementor-background-overlay\"><\/div>\n\t\t\t\t\t\t<section class=\"elementor-section elementor-inner-section elementor-element elementor-element-5f58fe8 elementor-section-boxed elementor-section-height-default elementor-section-height-default\" data-id=\"5f58fe8\" data-element_type=\"section\">\n\t\t\t\t\t\t<div class=\"elementor-container elementor-column-gap-default\">\n\t\t\t\t\t<div class=\"elementor-column elementor-col-50 elementor-inner-column elementor-element elementor-element-0b34181\" data-id=\"0b34181\" data-element_type=\"column\">\n\t\t\t<div class=\"elementor-widget-wrap\">\n\t\t\t\t\t\t\t<\/div>\n\t\t<\/div>\n\t\t\t\t<div class=\"elementor-column elementor-col-50 elementor-inner-column elementor-element elementor-element-96ac1ff\" data-id=\"96ac1ff\" data-element_type=\"column\">\n\t\t\t<div class=\"elementor-widget-wrap elementor-element-populated\">\n\t\t\t\t\t\t<div class=\"elementor-element elementor-element-1145b91 elementor-widget elementor-widget-heading\" data-id=\"1145b91\" data-element_type=\"widget\" data-widget_type=\"heading.default\">\n\t\t\t\t<div class=\"elementor-widget-container\">\n\t\t\t\t\t<h2 class=\"elementor-heading-title elementor-size-default\">Gift Card<\/h2>\t\t\t\t<\/div>\n\t\t\t\t<\/div>\n\t\t\t\t<div class=\"elementor-element elementor-element-f31dcc7 elementor-widget elementor-widget-text-editor\" data-id=\"f31dcc7\" data-element_type=\"widget\" data-widget_type=\"text-editor.default\">\n\t\t\t\t<div class=\"elementor-widget-container\">\n\t\t\t\t\t\t\t\t\t<p>Not sure what to offer? Leit\u00e3o &amp; Irm\u00e3o's L&amp;I Gift Card is the perfect solution for those looking for a sophisticated and exquisite gift that will impress the most demanding.<\/p>\t\t\t\t\t\t\t\t<\/div>\n\t\t\t\t<\/div>\n\t\t\t\t\t<\/div>\n\t\t<\/div>\n\t\t\t\t\t<\/div>\n\t\t<\/section>\n\t\t\t\t\t<\/div>\n\t\t<\/div>\n\t\t\t\t\t<\/div>\n\t\t<\/section>\n\t\t\t\t<section class=\"elementor-section elementor-top-section elementor-element elementor-element-a4a1890 elementor-section-boxed elementor-section-height-default elementor-section-height-default\" data-id=\"a4a1890\" data-element_type=\"section\">\n\t\t\t\t\t\t<div class=\"elementor-container elementor-column-gap-default\">\n\t\t\t\t\t<div class=\"elementor-column elementor-col-100 elementor-top-column elementor-element elementor-element-2470ac3\" data-id=\"2470ac3\" data-element_type=\"column\">\n\t\t\t<div class=\"elementor-widget-wrap elementor-element-populated\">\n\t\t\t\t\t\t<div class=\"elementor-element elementor-element-a7ef10b title-with-line elementor-widget elementor-widget-heading\" data-id=\"a7ef10b\" data-element_type=\"widget\" data-widget_type=\"heading.default\">\n\t\t\t\t<div class=\"elementor-widget-container\">\n\t\t\t\t\t<h2 class=\"elementor-heading-title elementor-size-default\">The perfect choice<\/h2>\t\t\t\t<\/div>\n\t\t\t\t<\/div>\n\t\t\t\t<div class=\"elementor-element elementor-element-5999679 elementor-widget elementor-widget-text-editor\" data-id=\"5999679\" data-element_type=\"widget\" data-widget_type=\"text-editor.default\">\n\t\t\t\t<div class=\"elementor-widget-container\">\n\t\t\t\t\t\t\t\t\t<p>A gift card is like a magic key, capable of opening a universe of personalised choices and surprises. It is a subtle invitation to explore the luxury, beauty and elegance that Leit\u00e3o &amp; Irm\u00e3o has to offer.<\/p><p>Whether for a special anniversary, a moment of celebration or simply to express your affection, Leit\u00e3o &amp; Irm\u00e3o gift cards are the key to unforgettable gifts, allowing you to explore the enchanting universe of traditional jewellery, choosing the piece that best matches your style and personality.<\/p><p>Surprise and thrill with a gesture full of elegance, offering a Leit\u00e3o &amp; Irm\u00e3o gift card - a gift that shines as brightly as the person who receives it.<\/p>\t\t\t\t\t\t\t\t<\/div>\n\t\t\t\t<\/div>\n\t\t\t\t\t<\/div>\n\t\t<\/div>\n\t\t\t\t\t<\/div>\n\t\t<\/section>\n\t\t\t\t<section class=\"elementor-section elementor-top-section elementor-element elementor-element-6bb6fe9 elementor-section-boxed elementor-section-height-default elementor-section-height-default\" data-id=\"6bb6fe9\" data-element_type=\"section\">\n\t\t\t\t\t\t<div class=\"elementor-container elementor-column-gap-default\">\n\t\t\t\t\t<div class=\"elementor-column elementor-col-100 elementor-top-column elementor-element elementor-element-7976f27\" data-id=\"7976f27\" data-element_type=\"column\">\n\t\t\t<div class=\"elementor-widget-wrap elementor-element-populated\">\n\t\t\t\t\t\t<div class=\"elementor-element elementor-element-21e53c6 elementor-widget-divider--view-line elementor-widget elementor-widget-divider\" data-id=\"21e53c6\" data-element_type=\"widget\" data-widget_type=\"divider.default\">\n\t\t\t\t<div class=\"elementor-widget-container\">\n\t\t\t\t\t\t\t<div class=\"elementor-divider\">\n\t\t\t<span class=\"elementor-divider-separator\">\n\t\t\t\t\t\t<\/span>\n\t\t<\/div>\n\t\t\t\t\t\t<\/div>\n\t\t\t\t<\/div>\n\t\t\t\t\t<\/div>\n\t\t<\/div>\n\t\t\t\t\t<\/div>\n\t\t<\/section>\n\t\t\t\t<section class=\"elementor-section elementor-top-section elementor-element elementor-element-1e4af85 elementor-section-boxed elementor-section-height-default elementor-section-height-default\" data-id=\"1e4af85\" data-element_type=\"section\">\n\t\t\t\t\t\t<div class=\"elementor-container elementor-column-gap-default\">\n\t\t\t\t\t<div class=\"elementor-column elementor-col-100 elementor-top-column elementor-element elementor-element-2fe1099\" data-id=\"2fe1099\" data-element_type=\"column\">\n\t\t\t<div class=\"elementor-widget-wrap elementor-element-populated\">\n\t\t\t\t\t\t<div class=\"elementor-element elementor-element-34174fd elementor-widget elementor-widget-heading\" data-id=\"34174fd\" data-element_type=\"widget\" data-widget_type=\"heading.default\">\n\t\t\t\t<div class=\"elementor-widget-container\">\n\t\t\t\t\t<h2 class=\"elementor-heading-title elementor-size-default\">Our gift cards<\/h2>\t\t\t\t<\/div>\n\t\t\t\t<\/div>\n\t\t\t\t<div class=\"elementor-element elementor-element-a9499c9 elementor-widget elementor-widget-text-editor\" data-id=\"a9499c9\" data-element_type=\"widget\" data-widget_type=\"text-editor.default\">\n\t\t\t\t<div class=\"elementor-widget-container\">\n\t\t\t\t\t\t\t\t\t<p>Would you like to give a Leit\u00e3o &amp; Irm\u00e3o gift but haven't decided which one yet?<\/p><p>We suggest the Leit\u00e3o &amp; Irm\u00e3o gift card which can be purchased at any of the physical Leit\u00e3o &amp; Irm\u00e3o shops or at the online shop and then used at any of these shops.<\/p><p>The card must be used for an amount equal to or greater than the value of the card.<\/p><p>Consult <a href=\"https:\/\/www.leitao-irmao.com\/en\/termos-e-condicoes\/#cartao-presente\"><span style=\"text-decoration: underline;\"><strong>here<\/strong><\/span><\/a> the terms and conditions.<\/p>\t\t\t\t\t\t\t\t<\/div>\n\t\t\t\t<\/div>\n\t\t\t\t<section class=\"elementor-section elementor-inner-section elementor-element elementor-element-e62d6a1 elementor-section-boxed elementor-section-height-default elementor-section-height-default\" data-id=\"e62d6a1\" data-element_type=\"section\">\n\t\t\t\t\t\t<div class=\"elementor-container elementor-column-gap-default\">\n\t\t\t\t\t<div class=\"elementor-column elementor-col-50 elementor-inner-column elementor-element elementor-element-762439e\" data-id=\"762439e\" data-element_type=\"column\">\n\t\t\t<div class=\"elementor-widget-wrap elementor-element-populated\">\n\t\t\t\t\t\t<div class=\"elementor-element elementor-element-17322da elementor-widget elementor-widget-jet-woo-products\" data-id=\"17322da\" data-element_type=\"widget\" data-settings=\"{&quot;columns&quot;:&quot;1&quot;}\" data-widget_type=\"jet-woo-products.default\">\n\t\t\t\t<div class=\"elementor-widget-container\">\n\t\t\t\t\t<div class=\"elementor-jet-woo-products jet-woo-builder\"><div class=\"jet-woo-products jet-woo-products--preset-1 col-row  jet-equal-cols\" data-mobile-hover=\"\" >\n<div class=\"jet-woo-products__item jet-woo-builder-product jet-woo-thumb-with-effect\" data-product-id=\"18827\">\n\t<div class=\"jet-woo-products__inner-box jet-woo-item-overlay-wrap\" data-url=\"https:\/\/www.leitao-irmao.com\/en\/product\/gift-card-21\/\" >\n\t\t\n<div class=\"jet-woo-product-thumbnail\">\n\t\n\t<a href=\"https:\/\/www.leitao-irmao.com\/en\/product\/gift-card-21\/\" ><img fetchpriority=\"high\" decoding=\"async\" width=\"400\" height=\"400\" src=\"https:\/\/www.leitao-irmao.com\/wp-content\/uploads\/2023\/05\/Gift-card-100.jpeg\" class=\"attachment-woocommerce_thumbnail size-woocommerce_thumbnail\" alt=\"\" data-no-lazy=\"1\" loading=\"auto\" srcset=\"https:\/\/www.leitao-irmao.com\/wp-content\/uploads\/2023\/05\/Gift-card-100.jpeg 400w, https:\/\/www.leitao-irmao.com\/wp-content\/uploads\/2023\/05\/Gift-card-100-100x100.jpeg 100w, https:\/\/www.leitao-irmao.com\/wp-content\/uploads\/2023\/05\/Gift-card-100-300x300.jpeg 300w, https:\/\/www.leitao-irmao.com\/wp-content\/uploads\/2023\/05\/Gift-card-100-150x150.jpeg 150w, https:\/\/www.leitao-irmao.com\/wp-content\/uploads\/2023\/05\/Gift-card-100-12x12.jpeg 12w\" sizes=\"(max-width: 400px) 100vw, 400px\" \/><\/a>\n\t<div class=\"jet-woo-product-img-overlay\"><\/div>\n\n\t\n\t<\/div><h5 class=\"jet-woo-product-title\" ><a href=\"https:\/\/www.leitao-irmao.com\/en\/product\/gift-card-21\/\" >Gift Card<\/a><\/h5>\n<div class=\"jet-woo-product-price\">\n\t<span class=\"price\"><span class=\"woocommerce-Price-amount amount\"><bdi>100,00<span class=\"woocommerce-Price-currencySymbol\">\u20ac<\/span><\/bdi><\/span><\/span>\n<\/div>\n<div class=\"jet-woo-product-button\">\n\t<a href=\"?add-to-cart=18827\"  data-quantity=\"1\" class=\"button product_type_simple add_to_cart_button ajax_add_to_cart\" data-product_id=\"18827\" data-product_sku=\"96f71c0171\" aria-label=\"Add to basket: \u201cGift Card\u201d\" rel=\"nofollow\" data-no-translation=\"\" data-trp-gettext=\"\" data-no-translation-aria-label=\"\">Add to bag<\/a><\/div>\n<div class=\"jet-woo-products-cqw-wrapper\">\n\t<\/div>\t<\/div>\n\n\t\t\t<a href=\"https:\/\/www.leitao-irmao.com\/en\/product\/gift-card-21\/\" class=\"jet-woo-item-overlay-link\"  ><\/a>\n\t<\/div><\/div>\n<\/div>\t\t\t\t<\/div>\n\t\t\t\t<\/div>\n\t\t\t\t\t<\/div>\n\t\t<\/div>\n\t\t\t\t<div class=\"elementor-column elementor-col-50 elementor-inner-column elementor-element elementor-element-2e82a53\" data-id=\"2e82a53\" data-element_type=\"column\">\n\t\t\t<div class=\"elementor-widget-wrap elementor-element-populated\">\n\t\t\t\t\t\t<div class=\"elementor-element elementor-element-4e1fa81 elementor-widget elementor-widget-jet-woo-products\" data-id=\"4e1fa81\" data-element_type=\"widget\" data-settings=\"{&quot;columns&quot;:&quot;1&quot;}\" data-widget_type=\"jet-woo-products.default\">\n\t\t\t\t<div class=\"elementor-widget-container\">\n\t\t\t\t\t<div class=\"elementor-jet-woo-products jet-woo-builder\"><div class=\"jet-woo-products jet-woo-products--preset-1 col-row  jet-equal-cols\" data-mobile-hover=\"\" >\n<div class=\"jet-woo-products__item jet-woo-builder-product jet-woo-thumb-with-effect\" data-product-id=\"18794\">\n\t<div class=\"jet-woo-products__inner-box jet-woo-item-overlay-wrap\" data-url=\"https:\/\/www.leitao-irmao.com\/en\/product\/gift-card-11\/\" >\n\t\t\n<div class=\"jet-woo-product-thumbnail\">\n\t\n\t<a href=\"https:\/\/www.leitao-irmao.com\/en\/product\/gift-card-11\/\" ><img decoding=\"async\" width=\"400\" height=\"400\" src=\"https:\/\/www.leitao-irmao.com\/wp-content\/uploads\/2023\/05\/gift-card-250.jpeg\" class=\"attachment-woocommerce_thumbnail size-woocommerce_thumbnail\" alt=\"\" data-no-lazy=\"1\" loading=\"auto\" srcset=\"https:\/\/www.leitao-irmao.com\/wp-content\/uploads\/2023\/05\/gift-card-250.jpeg 400w, https:\/\/www.leitao-irmao.com\/wp-content\/uploads\/2023\/05\/gift-card-250-100x100.jpeg 100w, https:\/\/www.leitao-irmao.com\/wp-content\/uploads\/2023\/05\/gift-card-250-300x300.jpeg 300w, https:\/\/www.leitao-irmao.com\/wp-content\/uploads\/2023\/05\/gift-card-250-150x150.jpeg 150w, https:\/\/www.leitao-irmao.com\/wp-content\/uploads\/2023\/05\/gift-card-250-12x12.jpeg 12w\" sizes=\"(max-width: 400px) 100vw, 400px\" \/><\/a>\n\t<div class=\"jet-woo-product-img-overlay\"><\/div>\n\n\t\n\t<\/div><h5 class=\"jet-woo-product-title\" ><a href=\"https:\/\/www.leitao-irmao.com\/en\/product\/gift-card-11\/\" >Gift Card<\/a><\/h5>\n<div class=\"jet-woo-product-price\">\n\t<span class=\"price\"><span class=\"woocommerce-Price-amount amount\"><bdi>250,00<span class=\"woocommerce-Price-currencySymbol\">\u20ac<\/span><\/bdi><\/span><\/span>\n<\/div>\n<div class=\"jet-woo-product-button\">\n\t<a href=\"?add-to-cart=18794\"  data-quantity=\"1\" class=\"button product_type_simple add_to_cart_button ajax_add_to_cart\" data-product_id=\"18794\" data-product_sku=\"a89ca7993d\" aria-label=\"Add to basket: \u201cGift Card\u201d\" rel=\"nofollow\" data-no-translation=\"\" data-trp-gettext=\"\" data-no-translation-aria-label=\"\">Add to bag<\/a><\/div>\n<div class=\"jet-woo-products-cqw-wrapper\">\n\t<\/div>\t<\/div>\n\n\t\t\t<a href=\"https:\/\/www.leitao-irmao.com\/en\/product\/gift-card-11\/\" class=\"jet-woo-item-overlay-link\"  ><\/a>\n\t<\/div><\/div>\n<\/div>\t\t\t\t<\/div>\n\t\t\t\t<\/div>\n\t\t\t\t\t<\/div>\n\t\t<\/div>\n\t\t\t\t\t<\/div>\n\t\t<\/section>\n\t\t\t\t\t<\/div>\n\t\t<\/div>\n\t\t\t\t\t<\/div>\n\t\t<\/section>\n\t\t\t\t<\/div>","protected":false},"excerpt":{"rendered":"<p>N\u00e3o sabe o que oferecer? O Gift Card L&amp;I da Leit\u00e3o &amp; Irm\u00e3o \u00e9 a solu\u00e7\u00e3o perfeita para quem procura um presente sofisticado e requintado, que ir\u00e1 impressionar os mais exigentes. A escolha perfeita Um gift card \u00e9 como uma chave m\u00e1gica, capaz de abrir um universo de escolhas e surpresas personalizadas. \u00c9 um convite [&hellip;]<\/p>","protected":false},"author":1,"featured_media":10256,"parent":0,"menu_order":0,"comment_status":"closed","ping_status":"closed","template":"elementor_header_footer","meta":{"_acf_changed":false,"footnotes":""},"class_list":["post-4992","page","type-page","status-publish","has-post-thumbnail","hentry"],"acf":[],"yoast_head":"<!-- This site is optimized with the Yoast SEO plugin v25.4 - https:\/\/yoast.com\/wordpress\/plugins\/seo\/ -->\n<title>Gift Card | Leit\u00e3o &amp; Irm\u00e3o<\/title>\n<meta name=\"description\" content=\"O Gift Card da Leit\u00e3o &amp; Irm\u00e3o \u00e9 a solu\u00e7\u00e3o perfeita para quem procura um presente sofisticado e requintado, para impressionar os mais exigentes\" \/>\n<meta name=\"robots\" content=\"index, follow, max-snippet:-1, max-image-preview:large, max-video-preview:-1\" \/>\n<link rel=\"canonical\" href=\"https:\/\/www.leitao-irmao.com\/en\/gift-card\/\" \/>\n<meta property=\"og:locale\" content=\"en_GB\" \/>\n<meta property=\"og:type\" content=\"article\" \/>\n<meta property=\"og:title\" content=\"Gift Card | Leit\u00e3o &amp; Irm\u00e3o\" \/>\n<meta property=\"og:description\" content=\"O Gift Card da Leit\u00e3o &amp; Irm\u00e3o \u00e9 a solu\u00e7\u00e3o perfeita para quem procura um presente sofisticado e requintado, para impressionar os mais exigentes\" \/>\n<meta property=\"og:url\" content=\"https:\/\/www.leitao-irmao.com\/en\/gift-card\/\" \/>\n<meta property=\"og:site_name\" content=\"Leit\u00e3o &amp; Irm\u00e3o\" \/>\n<meta property=\"article:modified_time\" content=\"2024-09-17T14:42:52+00:00\" \/>\n<meta property=\"og:image\" content=\"https:\/\/www.leitao-irmao.com\/wp-content\/uploads\/2023\/06\/presentes2.jpeg\" \/>\n\t<meta property=\"og:image:width\" content=\"1500\" \/>\n\t<meta property=\"og:image:height\" content=\"1291\" \/>\n\t<meta property=\"og:image:type\" content=\"image\/jpeg\" \/>\n<meta name=\"twitter:card\" content=\"summary_large_image\" \/>\n<meta name=\"twitter:title\" content=\"Gift Card | Leit\u00e3o &amp; Irm\u00e3o\" \/>\n<meta name=\"twitter:description\" content=\"O Gift Card da Leit\u00e3o &amp; Irm\u00e3o \u00e9 a solu\u00e7\u00e3o perfeita para quem procura um presente sofisticado e requintado, para impressionar os mais exigentes.\" \/>\n<meta name=\"twitter:image\" content=\"https:\/\/www.leitao-irmao.com\/wp-content\/uploads\/2023\/06\/presentes2.jpeg\" \/>\n<meta name=\"twitter:label1\" content=\"Estimated reading time\" \/>\n\t<meta name=\"twitter:data1\" content=\"2 minutes\" \/>\n<script type=\"application\/ld+json\" class=\"yoast-schema-graph\">{\"@context\":\"https:\/\/schema.org\",\"@graph\":[{\"@type\":\"WebPage\",\"@id\":\"https:\/\/www.leitao-irmao.com\/gift-card\/\",\"url\":\"https:\/\/www.leitao-irmao.com\/gift-card\/\",\"name\":\"Gift Card | Leit\u00e3o &amp; Irm\u00e3o\",\"isPartOf\":{\"@id\":\"https:\/\/www.leitao-irmao.com\/#website\"},\"primaryImageOfPage\":{\"@id\":\"https:\/\/www.leitao-irmao.com\/gift-card\/#primaryimage\"},\"image\":{\"@id\":\"https:\/\/www.leitao-irmao.com\/gift-card\/#primaryimage\"},\"thumbnailUrl\":\"https:\/\/www.leitao-irmao.com\/wp-content\/uploads\/2023\/06\/presentes2.jpeg\",\"datePublished\":\"2023-05-05T14:02:54+00:00\",\"dateModified\":\"2024-09-17T14:42:52+00:00\",\"description\":\"O Gift Card da Leit\u00e3o & Irm\u00e3o \u00e9 a solu\u00e7\u00e3o perfeita para quem procura um presente sofisticado e requintado, para impressionar os mais exigentes\",\"breadcrumb\":{\"@id\":\"https:\/\/www.leitao-irmao.com\/gift-card\/#breadcrumb\"},\"inLanguage\":\"en-GB\",\"potentialAction\":[{\"@type\":\"ReadAction\",\"target\":[\"https:\/\/www.leitao-irmao.com\/gift-card\/\"]}]},{\"@type\":\"ImageObject\",\"inLanguage\":\"en-GB\",\"@id\":\"https:\/\/www.leitao-irmao.com\/gift-card\/#primaryimage\",\"url\":\"https:\/\/www.leitao-irmao.com\/wp-content\/uploads\/2023\/06\/presentes2.jpeg\",\"contentUrl\":\"https:\/\/www.leitao-irmao.com\/wp-content\/uploads\/2023\/06\/presentes2.jpeg\",\"width\":1500,\"height\":1291,\"caption\":\"Presente\"},{\"@type\":\"BreadcrumbList\",\"@id\":\"https:\/\/www.leitao-irmao.com\/gift-card\/#breadcrumb\",\"itemListElement\":[{\"@type\":\"ListItem\",\"position\":1,\"name\":\"Home\",\"item\":\"https:\/\/www.leitao-irmao.com\/\"},{\"@type\":\"ListItem\",\"position\":2,\"name\":\"Gift Card\"}]},{\"@type\":\"WebSite\",\"@id\":\"https:\/\/www.leitao-irmao.com\/#website\",\"url\":\"https:\/\/www.leitao-irmao.com\/\",\"name\":\"Leit\u00e3o & Irm\u00e3o\",\"description\":\"Joalheiros desde 1822\",\"publisher\":{\"@id\":\"https:\/\/www.leitao-irmao.com\/#organization\"},\"potentialAction\":[{\"@type\":\"SearchAction\",\"target\":{\"@type\":\"EntryPoint\",\"urlTemplate\":\"https:\/\/www.leitao-irmao.com\/?s={search_term_string}\"},\"query-input\":{\"@type\":\"PropertyValueSpecification\",\"valueRequired\":true,\"valueName\":\"search_term_string\"}}],\"inLanguage\":\"en-GB\"},{\"@type\":\"Organization\",\"@id\":\"https:\/\/www.leitao-irmao.com\/#organization\",\"name\":\"Leit\u00e3o & Irm\u00e3o\",\"url\":\"https:\/\/www.leitao-irmao.com\/\",\"logo\":{\"@type\":\"ImageObject\",\"inLanguage\":\"en-GB\",\"@id\":\"https:\/\/www.leitao-irmao.com\/#\/schema\/logo\/image\/\",\"url\":\"https:\/\/www.leitao-irmao.com\/wp-content\/uploads\/2022\/11\/leitaoirmao-logo.png\",\"contentUrl\":\"https:\/\/www.leitao-irmao.com\/wp-content\/uploads\/2022\/11\/leitaoirmao-logo.png\",\"width\":426,\"height\":89,\"caption\":\"Leit\u00e3o & Irm\u00e3o\"},\"image\":{\"@id\":\"https:\/\/www.leitao-irmao.com\/#\/schema\/logo\/image\/\"}}]}<\/script>\n<!-- \/ Yoast SEO plugin. -->","yoast_head_json":{"title":"Gift Card | Leit\u00e3o &amp; Irm\u00e3o","description":"O Gift Card da Leit\u00e3o & Irm\u00e3o \u00e9 a solu\u00e7\u00e3o perfeita para quem procura um presente sofisticado e requintado, para impressionar os mais exigentes","robots":{"index":"index","follow":"follow","max-snippet":"max-snippet:-1","max-image-preview":"max-image-preview:large","max-video-preview":"max-video-preview:-1"},"canonical":"https:\/\/www.leitao-irmao.com\/en\/gift-card\/","og_locale":"en_GB","og_type":"article","og_title":"Gift Card | Leit\u00e3o &amp; Irm\u00e3o","og_description":"O Gift Card da Leit\u00e3o & Irm\u00e3o \u00e9 a solu\u00e7\u00e3o perfeita para quem procura um presente sofisticado e requintado, para impressionar os mais exigentes","og_url":"https:\/\/www.leitao-irmao.com\/en\/gift-card\/","og_site_name":"Leit\u00e3o &amp; Irm\u00e3o","article_modified_time":"2024-09-17T14:42:52+00:00","og_image":[{"width":1500,"height":1291,"url":"https:\/\/www.leitao-irmao.com\/wp-content\/uploads\/2023\/06\/presentes2.jpeg","type":"image\/jpeg"}],"twitter_card":"summary_large_image","twitter_title":"Gift Card | Leit\u00e3o &amp; Irm\u00e3o","twitter_description":"O Gift Card da Leit\u00e3o & Irm\u00e3o \u00e9 a solu\u00e7\u00e3o perfeita para quem procura um presente sofisticado e requintado, para impressionar os mais exigentes.","twitter_image":"https:\/\/www.leitao-irmao.com\/wp-content\/uploads\/2023\/06\/presentes2.jpeg","twitter_misc":{"Estimated reading time":"2 minutes"},"schema":{"@context":"https:\/\/schema.org","@graph":[{"@type":"WebPage","@id":"https:\/\/www.leitao-irmao.com\/gift-card\/","url":"https:\/\/www.leitao-irmao.com\/gift-card\/","name":"Gift Card | Leit\u00e3o &amp; Irm\u00e3o","isPartOf":{"@id":"https:\/\/www.leitao-irmao.com\/#website"},"primaryImageOfPage":{"@id":"https:\/\/www.leitao-irmao.com\/gift-card\/#primaryimage"},"image":{"@id":"https:\/\/www.leitao-irmao.com\/gift-card\/#primaryimage"},"thumbnailUrl":"https:\/\/www.leitao-irmao.com\/wp-content\/uploads\/2023\/06\/presentes2.jpeg","datePublished":"2023-05-05T14:02:54+00:00","dateModified":"2024-09-17T14:42:52+00:00","description":"O Gift Card da Leit\u00e3o & Irm\u00e3o \u00e9 a solu\u00e7\u00e3o perfeita para quem procura um presente sofisticado e requintado, para impressionar os mais exigentes","breadcrumb":{"@id":"https:\/\/www.leitao-irmao.com\/gift-card\/#breadcrumb"},"inLanguage":"en-GB","potentialAction":[{"@type":"ReadAction","target":["https:\/\/www.leitao-irmao.com\/gift-card\/"]}]},{"@type":"ImageObject","inLanguage":"en-GB","@id":"https:\/\/www.leitao-irmao.com\/gift-card\/#primaryimage","url":"https:\/\/www.leitao-irmao.com\/wp-content\/uploads\/2023\/06\/presentes2.jpeg","contentUrl":"https:\/\/www.leitao-irmao.com\/wp-content\/uploads\/2023\/06\/presentes2.jpeg","width":1500,"height":1291,"caption":"Presente"},{"@type":"BreadcrumbList","@id":"https:\/\/www.leitao-irmao.com\/gift-card\/#breadcrumb","itemListElement":[{"@type":"ListItem","position":1,"name":"Home","item":"https:\/\/www.leitao-irmao.com\/"},{"@type":"ListItem","position":2,"name":"Gift Card"}]},{"@type":"WebSite","@id":"https:\/\/www.leitao-irmao.com\/#website","url":"https:\/\/www.leitao-irmao.com\/","name":"Leit\u00e3o & Irm\u00e3o","description":"Joalheiros desde 1822","publisher":{"@id":"https:\/\/www.leitao-irmao.com\/#organization"},"potentialAction":[{"@type":"SearchAction","target":{"@type":"EntryPoint","urlTemplate":"https:\/\/www.leitao-irmao.com\/?s={search_term_string}"},"query-input":{"@type":"PropertyValueSpecification","valueRequired":true,"valueName":"search_term_string"}}],"inLanguage":"en-GB"},{"@type":"Organization","@id":"https:\/\/www.leitao-irmao.com\/#organization","name":"Leit\u00e3o & Irm\u00e3o","url":"https:\/\/www.leitao-irmao.com\/","logo":{"@type":"ImageObject","inLanguage":"en-GB","@id":"https:\/\/www.leitao-irmao.com\/#\/schema\/logo\/image\/","url":"https:\/\/www.leitao-irmao.com\/wp-content\/uploads\/2022\/11\/leitaoirmao-logo.png","contentUrl":"https:\/\/www.leitao-irmao.com\/wp-content\/uploads\/2022\/11\/leitaoirmao-logo.png","width":426,"height":89,"caption":"Leit\u00e3o & Irm\u00e3o"},"image":{"@id":"https:\/\/www.leitao-irmao.com\/#\/schema\/logo\/image\/"}}]}},"_links":{"self":[{"href":"https:\/\/www.leitao-irmao.com\/en\/wp-json\/wp\/v2\/pages\/4992","targetHints":{"allow":["GET"]}}],"collection":[{"href":"https:\/\/www.leitao-irmao.com\/en\/wp-json\/wp\/v2\/pages"}],"about":[{"href":"https:\/\/www.leitao-irmao.com\/en\/wp-json\/wp\/v2\/types\/page"}],"author":[{"embeddable":true,"href":"https:\/\/www.leitao-irmao.com\/en\/wp-json\/wp\/v2\/users\/1"}],"replies":[{"embeddable":true,"href":"https:\/\/www.leitao-irmao.com\/en\/wp-json\/wp\/v2\/comments?post=4992"}],"version-history":[{"count":0,"href":"https:\/\/www.leitao-irmao.com\/en\/wp-json\/wp\/v2\/pages\/4992\/revisions"}],"wp:featuredmedia":[{"embeddable":true,"href":"https:\/\/www.leitao-irmao.com\/en\/wp-json\/wp\/v2\/media\/10256"}],"wp:attachment":[{"href":"https:\/\/www.leitao-irmao.com\/en\/wp-json\/wp\/v2\/media?parent=4992"}],"curies":[{"name":"wp","href":"https:\/\/api.w.org\/{rel}","templated":true}]}}