{"id":10674,"date":"2023-06-15T20:15:29","date_gmt":"2023-06-15T20:15:29","guid":{"rendered":"https:\/\/leitao-irmao.ad-pulse.com\/produto\/botoes-de-punho-modelo-leao-em-prata-com-corrente\/"},"modified":"2026-03-26T16:47:42","modified_gmt":"2026-03-26T16:47:42","slug":"botoes-de-punho-modelo-leao-em-prata-com-corrente","status":"publish","type":"product","link":"https:\/\/www.leitao-irmao.com\/en\/product\/botoes-de-punho-modelo-leao-em-prata-com-corrente\/","title":{"rendered":"Silver Cufflinks | Lion Model"},"content":{"rendered":"<p>Os Bot\u00f5es de Punho Modelo Le\u00e3o da <a href=\"https:\/\/www.leitao-irmao.com\/en\/\">Leit\u00e3o e Irm\u00e3o<\/a> personificam a ess\u00eancia da eleg\u00e2ncia e distin\u00e7\u00e3o masculina. Fundidos em prata 925, esses acess\u00f3rios n\u00e3o s\u00e3o apenas complementos para o traje, s\u00e3o verdadeiras afirma\u00e7\u00f5es de estilo e requinte.<\/p>\n<p>A prata 925, renomada por sua pureza e resist\u00eancia, confere aos bot\u00f5es de punho uma est\u00e9tica atemporal. Cada pe\u00e7a \u00e9 meticulosamente elaborada, exibindo um design inspirado no majestoso le\u00e3o, s\u00edmbolo de for\u00e7a e nobreza, que acrescenta uma aura de sofistica\u00e7\u00e3o e individualidade ao visual.<\/p>\n<p>Para o homem contempor\u00e2neo, os Bot\u00f5es de Punho Modelo Le\u00e3o s\u00e3o mais do que simples adornos; s\u00e3o express\u00f5es de personalidade e sofistica\u00e7\u00e3o. Combinando perfeitamente com uma ampla gama de trajes, desde os mais formais at\u00e9 os mais descontra\u00eddos, eles s\u00e3o a escolha ideal para aqueles que apreciam a eleg\u00e2ncia em cada detalhe.<\/p>\n<p>Al\u00e9m de sua beleza not\u00e1vel, os bot\u00f5es de punho em prata 925 da Leit\u00e3o e Irm\u00e3o tamb\u00e9m carregam um significado especial.\u00a0 Mas s\u00e3o s\u00edmbolos de status e requinte e refletindo o cuidado e a aten\u00e7\u00e3o dedicados ao pr\u00f3prio estilo.<\/p>\n<p>Seja para ocasi\u00f5es especiais ou para uso di\u00e1rio, os Bot\u00f5es de Punho Modelo Le\u00e3o da Leit\u00e3o e Irm\u00e3o s\u00e3o uma escolha vers\u00e1til e duradoura. Eles elevam instantaneamente qualquer visual e um toque de distin\u00e7\u00e3o e eleg\u00e2ncia que n\u00e3o passa despercebido.<\/p>\n<p>Resumidamente, os bot\u00f5es de punho em prata 925 modelo Le\u00e3o da Leit\u00e3o e Irm\u00e3o s\u00e3o mais do que simples acess\u00f3rios; s\u00e3o verdadeiras joias de excel\u00eancia para o homem moderno ou cl\u00e1ssico. Seja como um presente significativo ou como um mimo para si mesmo, eles ser\u00e3o sempre um s\u00edmbolo de estilo e bom gosto inigual\u00e1veis.<\/p>","protected":false},"excerpt":{"rendered":"<p>Silver cufflinks are the quintessential jewelry for men. A useful and meaningful gift for nature lovers. Or the perfect jewel to personalize your outfit. Discover the Lion Cufflinks. For the modern or classic man, it's always an accessory of the utmost elegance and refinement.<\/p>","protected":false},"featured_media":21701,"template":"","meta":{"_acf_changed":false},"product_brand":[],"product_cat":[88,79,123],"product_tag":[277,270],"class_list":{"0":"post-10674","1":"product","2":"type-product","3":"status-publish","4":"has-post-thumbnail","6":"product_cat-botoes-de-punho","7":"product_cat-joalharia","8":"product_cat-presentes-entre-150e-a-500e","9":"product_tag-homem","10":"product_tag-prata","12":"first","13":"instock","14":"shipping-taxable","15":"purchasable","16":"product-type-simple"},"acf":[],"yoast_head":"<!-- This site is optimized with the Yoast SEO plugin v25.4 - https:\/\/yoast.com\/wordpress\/plugins\/seo\/ -->\n<title>bot\u00f5es de punho le\u00e3o em prata<\/title>\n<meta name=\"description\" content=\"Os bot\u00f5es de punho s\u00e3o a derradeira joia masculina. Conhe\u00e7a os bot\u00f5es de Punho vers\u00e1teis e elegantes Modelo Le\u00e3o em Prata da Leit\u00e3o &amp; Irm\u00e3o.\" \/>\n<meta name=\"robots\" content=\"index, follow, max-snippet:-1, max-image-preview:large, max-video-preview:-1\" \/>\n<link rel=\"canonical\" href=\"https:\/\/www.leitao-irmao.com\/en\/product\/botoes-de-punho-modelo-leao-em-prata-com-corrente\/\" \/>\n<meta property=\"og:locale\" content=\"en_GB\" \/>\n<meta property=\"og:type\" content=\"article\" \/>\n<meta property=\"og:title\" content=\"bot\u00f5es de punho le\u00e3o em prata\" \/>\n<meta property=\"og:description\" content=\"Os bot\u00f5es de punho s\u00e3o a derradeira joia masculina. Conhe\u00e7a os bot\u00f5es de Punho vers\u00e1teis e elegantes Modelo Le\u00e3o em Prata da Leit\u00e3o &amp; Irm\u00e3o.\" \/>\n<meta property=\"og:url\" content=\"https:\/\/www.leitao-irmao.com\/en\/product\/botoes-de-punho-modelo-leao-em-prata-com-corrente\/\" \/>\n<meta property=\"og:site_name\" content=\"Leit\u00e3o &amp; Irm\u00e3o\" \/>\n<meta property=\"article:modified_time\" content=\"2026-03-26T16:47:42+00:00\" \/>\n<meta property=\"og:image\" content=\"https:\/\/www.leitao-irmao.com\/wp-content\/uploads\/2023\/06\/0521160-botoes-punho-leao-e1736185233301.jpg\" \/>\n\t<meta property=\"og:image:width\" content=\"1404\" \/>\n\t<meta property=\"og:image:height\" content=\"1404\" \/>\n\t<meta property=\"og:image:type\" content=\"image\/jpeg\" \/>\n<meta name=\"twitter:card\" content=\"summary_large_image\" \/>\n<meta name=\"twitter:label1\" content=\"Estimated reading time\" \/>\n\t<meta name=\"twitter:data1\" content=\"2 minutes\" \/>\n<script type=\"application\/ld+json\" class=\"yoast-schema-graph\">{\"@context\":\"https:\/\/schema.org\",\"@graph\":[{\"@type\":\"WebPage\",\"@id\":\"https:\/\/www.leitao-irmao.com\/product\/botoes-de-punho-modelo-leao-em-prata-com-corrente\/\",\"url\":\"https:\/\/www.leitao-irmao.com\/product\/botoes-de-punho-modelo-leao-em-prata-com-corrente\/\",\"name\":\"bot\u00f5es de punho le\u00e3o em prata\",\"isPartOf\":{\"@id\":\"https:\/\/www.leitao-irmao.com\/#website\"},\"primaryImageOfPage\":{\"@id\":\"https:\/\/www.leitao-irmao.com\/product\/botoes-de-punho-modelo-leao-em-prata-com-corrente\/#primaryimage\"},\"image\":{\"@id\":\"https:\/\/www.leitao-irmao.com\/product\/botoes-de-punho-modelo-leao-em-prata-com-corrente\/#primaryimage\"},\"thumbnailUrl\":\"https:\/\/www.leitao-irmao.com\/wp-content\/uploads\/2023\/06\/0521160-botoes-punho-leao-e1736185233301.jpg\",\"datePublished\":\"2023-06-15T20:15:29+00:00\",\"dateModified\":\"2026-03-26T16:47:42+00:00\",\"description\":\"Os bot\u00f5es de punho s\u00e3o a derradeira joia masculina. Conhe\u00e7a os bot\u00f5es de Punho vers\u00e1teis e elegantes Modelo Le\u00e3o em Prata da Leit\u00e3o & Irm\u00e3o.\",\"breadcrumb\":{\"@id\":\"https:\/\/www.leitao-irmao.com\/product\/botoes-de-punho-modelo-leao-em-prata-com-corrente\/#breadcrumb\"},\"inLanguage\":\"en-GB\",\"potentialAction\":[{\"@type\":\"ReadAction\",\"target\":[\"https:\/\/www.leitao-irmao.com\/product\/botoes-de-punho-modelo-leao-em-prata-com-corrente\/\"]}]},{\"@type\":\"ImageObject\",\"inLanguage\":\"en-GB\",\"@id\":\"https:\/\/www.leitao-irmao.com\/product\/botoes-de-punho-modelo-leao-em-prata-com-corrente\/#primaryimage\",\"url\":\"https:\/\/www.leitao-irmao.com\/wp-content\/uploads\/2023\/06\/0521160-botoes-punho-leao-e1736185233301.jpg\",\"contentUrl\":\"https:\/\/www.leitao-irmao.com\/wp-content\/uploads\/2023\/06\/0521160-botoes-punho-leao-e1736185233301.jpg\",\"width\":1404,\"height\":1404,\"caption\":\"Bot\u00f5es de Punho em Prata Modelo Le\u00e3o da Leit\u00e3o e Irm\u00e3o\"},{\"@type\":\"BreadcrumbList\",\"@id\":\"https:\/\/www.leitao-irmao.com\/product\/botoes-de-punho-modelo-leao-em-prata-com-corrente\/#breadcrumb\",\"itemListElement\":[{\"@type\":\"ListItem\",\"position\":1,\"name\":\"Home\",\"item\":\"https:\/\/www.leitao-irmao.com\/\"},{\"@type\":\"ListItem\",\"position\":2,\"name\":\"Products\",\"item\":\"https:\/\/www.leitao-irmao.com\/shop\/\"},{\"@type\":\"ListItem\",\"position\":3,\"name\":\"Bot\u00f5es de Punho em Prata | Modelo Le\u00e3o\"}]},{\"@type\":\"WebSite\",\"@id\":\"https:\/\/www.leitao-irmao.com\/#website\",\"url\":\"https:\/\/www.leitao-irmao.com\/\",\"name\":\"Leit\u00e3o & Irm\u00e3o\",\"description\":\"Joalheiros desde 1822\",\"publisher\":{\"@id\":\"https:\/\/www.leitao-irmao.com\/#organization\"},\"potentialAction\":[{\"@type\":\"SearchAction\",\"target\":{\"@type\":\"EntryPoint\",\"urlTemplate\":\"https:\/\/www.leitao-irmao.com\/?s={search_term_string}\"},\"query-input\":{\"@type\":\"PropertyValueSpecification\",\"valueRequired\":true,\"valueName\":\"search_term_string\"}}],\"inLanguage\":\"en-GB\"},{\"@type\":\"Organization\",\"@id\":\"https:\/\/www.leitao-irmao.com\/#organization\",\"name\":\"Leit\u00e3o & Irm\u00e3o\",\"url\":\"https:\/\/www.leitao-irmao.com\/\",\"logo\":{\"@type\":\"ImageObject\",\"inLanguage\":\"en-GB\",\"@id\":\"https:\/\/www.leitao-irmao.com\/#\/schema\/logo\/image\/\",\"url\":\"https:\/\/www.leitao-irmao.com\/wp-content\/uploads\/2022\/11\/leitaoirmao-logo.png\",\"contentUrl\":\"https:\/\/www.leitao-irmao.com\/wp-content\/uploads\/2022\/11\/leitaoirmao-logo.png\",\"width\":426,\"height\":89,\"caption\":\"Leit\u00e3o & Irm\u00e3o\"},\"image\":{\"@id\":\"https:\/\/www.leitao-irmao.com\/#\/schema\/logo\/image\/\"}}]}<\/script>\n<!-- \/ Yoast SEO plugin. -->","yoast_head_json":{"title":"bot\u00f5es de punho le\u00e3o em prata","description":"Os bot\u00f5es de punho s\u00e3o a derradeira joia masculina. Conhe\u00e7a os bot\u00f5es de Punho vers\u00e1teis e elegantes Modelo Le\u00e3o em Prata da Leit\u00e3o & Irm\u00e3o.","robots":{"index":"index","follow":"follow","max-snippet":"max-snippet:-1","max-image-preview":"max-image-preview:large","max-video-preview":"max-video-preview:-1"},"canonical":"https:\/\/www.leitao-irmao.com\/en\/product\/botoes-de-punho-modelo-leao-em-prata-com-corrente\/","og_locale":"en_GB","og_type":"article","og_title":"bot\u00f5es de punho le\u00e3o em prata","og_description":"Os bot\u00f5es de punho s\u00e3o a derradeira joia masculina. Conhe\u00e7a os bot\u00f5es de Punho vers\u00e1teis e elegantes Modelo Le\u00e3o em Prata da Leit\u00e3o & Irm\u00e3o.","og_url":"https:\/\/www.leitao-irmao.com\/en\/product\/botoes-de-punho-modelo-leao-em-prata-com-corrente\/","og_site_name":"Leit\u00e3o &amp; Irm\u00e3o","article_modified_time":"2026-03-26T16:47:42+00:00","og_image":[{"width":1404,"height":1404,"url":"https:\/\/www.leitao-irmao.com\/wp-content\/uploads\/2023\/06\/0521160-botoes-punho-leao-e1736185233301.jpg","type":"image\/jpeg"}],"twitter_card":"summary_large_image","twitter_misc":{"Estimated reading time":"2 minutes"},"schema":{"@context":"https:\/\/schema.org","@graph":[{"@type":"WebPage","@id":"https:\/\/www.leitao-irmao.com\/product\/botoes-de-punho-modelo-leao-em-prata-com-corrente\/","url":"https:\/\/www.leitao-irmao.com\/product\/botoes-de-punho-modelo-leao-em-prata-com-corrente\/","name":"bot\u00f5es de punho le\u00e3o em prata","isPartOf":{"@id":"https:\/\/www.leitao-irmao.com\/#website"},"primaryImageOfPage":{"@id":"https:\/\/www.leitao-irmao.com\/product\/botoes-de-punho-modelo-leao-em-prata-com-corrente\/#primaryimage"},"image":{"@id":"https:\/\/www.leitao-irmao.com\/product\/botoes-de-punho-modelo-leao-em-prata-com-corrente\/#primaryimage"},"thumbnailUrl":"https:\/\/www.leitao-irmao.com\/wp-content\/uploads\/2023\/06\/0521160-botoes-punho-leao-e1736185233301.jpg","datePublished":"2023-06-15T20:15:29+00:00","dateModified":"2026-03-26T16:47:42+00:00","description":"Os bot\u00f5es de punho s\u00e3o a derradeira joia masculina. Conhe\u00e7a os bot\u00f5es de Punho vers\u00e1teis e elegantes Modelo Le\u00e3o em Prata da Leit\u00e3o & Irm\u00e3o.","breadcrumb":{"@id":"https:\/\/www.leitao-irmao.com\/product\/botoes-de-punho-modelo-leao-em-prata-com-corrente\/#breadcrumb"},"inLanguage":"en-GB","potentialAction":[{"@type":"ReadAction","target":["https:\/\/www.leitao-irmao.com\/product\/botoes-de-punho-modelo-leao-em-prata-com-corrente\/"]}]},{"@type":"ImageObject","inLanguage":"en-GB","@id":"https:\/\/www.leitao-irmao.com\/product\/botoes-de-punho-modelo-leao-em-prata-com-corrente\/#primaryimage","url":"https:\/\/www.leitao-irmao.com\/wp-content\/uploads\/2023\/06\/0521160-botoes-punho-leao-e1736185233301.jpg","contentUrl":"https:\/\/www.leitao-irmao.com\/wp-content\/uploads\/2023\/06\/0521160-botoes-punho-leao-e1736185233301.jpg","width":1404,"height":1404,"caption":"Bot\u00f5es de Punho em Prata Modelo Le\u00e3o da Leit\u00e3o e Irm\u00e3o"},{"@type":"BreadcrumbList","@id":"https:\/\/www.leitao-irmao.com\/product\/botoes-de-punho-modelo-leao-em-prata-com-corrente\/#breadcrumb","itemListElement":[{"@type":"ListItem","position":1,"name":"Home","item":"https:\/\/www.leitao-irmao.com\/"},{"@type":"ListItem","position":2,"name":"Products","item":"https:\/\/www.leitao-irmao.com\/shop\/"},{"@type":"ListItem","position":3,"name":"Bot\u00f5es de Punho em Prata | Modelo Le\u00e3o"}]},{"@type":"WebSite","@id":"https:\/\/www.leitao-irmao.com\/#website","url":"https:\/\/www.leitao-irmao.com\/","name":"Leit\u00e3o & Irm\u00e3o","description":"Joalheiros desde 1822","publisher":{"@id":"https:\/\/www.leitao-irmao.com\/#organization"},"potentialAction":[{"@type":"SearchAction","target":{"@type":"EntryPoint","urlTemplate":"https:\/\/www.leitao-irmao.com\/?s={search_term_string}"},"query-input":{"@type":"PropertyValueSpecification","valueRequired":true,"valueName":"search_term_string"}}],"inLanguage":"en-GB"},{"@type":"Organization","@id":"https:\/\/www.leitao-irmao.com\/#organization","name":"Leit\u00e3o & Irm\u00e3o","url":"https:\/\/www.leitao-irmao.com\/","logo":{"@type":"ImageObject","inLanguage":"en-GB","@id":"https:\/\/www.leitao-irmao.com\/#\/schema\/logo\/image\/","url":"https:\/\/www.leitao-irmao.com\/wp-content\/uploads\/2022\/11\/leitaoirmao-logo.png","contentUrl":"https:\/\/www.leitao-irmao.com\/wp-content\/uploads\/2022\/11\/leitaoirmao-logo.png","width":426,"height":89,"caption":"Leit\u00e3o & Irm\u00e3o"},"image":{"@id":"https:\/\/www.leitao-irmao.com\/#\/schema\/logo\/image\/"}}]}},"_links":{"self":[{"href":"https:\/\/www.leitao-irmao.com\/en\/wp-json\/wp\/v2\/product\/10674","targetHints":{"allow":["GET"]}}],"collection":[{"href":"https:\/\/www.leitao-irmao.com\/en\/wp-json\/wp\/v2\/product"}],"about":[{"href":"https:\/\/www.leitao-irmao.com\/en\/wp-json\/wp\/v2\/types\/product"}],"version-history":[{"count":1,"href":"https:\/\/www.leitao-irmao.com\/en\/wp-json\/wp\/v2\/product\/10674\/revisions"}],"predecessor-version":[{"id":36954,"href":"https:\/\/www.leitao-irmao.com\/en\/wp-json\/wp\/v2\/product\/10674\/revisions\/36954"}],"wp:featuredmedia":[{"embeddable":true,"href":"https:\/\/www.leitao-irmao.com\/en\/wp-json\/wp\/v2\/media\/21701"}],"wp:attachment":[{"href":"https:\/\/www.leitao-irmao.com\/en\/wp-json\/wp\/v2\/media?parent=10674"}],"wp:term":[{"taxonomy":"product_brand","embeddable":true,"href":"https:\/\/www.leitao-irmao.com\/en\/wp-json\/wp\/v2\/product_brand?post=10674"},{"taxonomy":"product_cat","embeddable":true,"href":"https:\/\/www.leitao-irmao.com\/en\/wp-json\/wp\/v2\/product_cat?post=10674"},{"taxonomy":"product_tag","embeddable":true,"href":"https:\/\/www.leitao-irmao.com\/en\/wp-json\/wp\/v2\/product_tag?post=10674"}],"curies":[{"name":"wp","href":"https:\/\/api.w.org\/{rel}","templated":true}]}}