{"id":10678,"date":"2023-06-15T20:15:29","date_gmt":"2023-06-15T20:15:29","guid":{"rendered":"https:\/\/leitao-irmao.ad-pulse.com\/produto\/botoes-de-punho-modelo-aguia-em-prata-com-travinca-de-mola-edicao-especial-sl-benfica\/"},"modified":"2026-03-11T17:06:05","modified_gmt":"2026-03-11T17:06:05","slug":"botoes-de-punho-modelo-aguia-em-prata-com-travinca-de-mola-edicao-especial-sl-benfica","status":"publish","type":"product","link":"https:\/\/www.leitao-irmao.com\/en\/product\/botoes-de-punho-modelo-aguia-em-prata-com-travinca-de-mola-edicao-especial-sl-benfica\/","title":{"rendered":"Silver Eagle cufflinks with spring latch | SL Benfica special edition"},"content":{"rendered":"","protected":false},"excerpt":{"rendered":"<p><em><strong>\u00a9S.L.B. Produto Oficial<\/strong><\/em><\/p>\n<p>Silver cufflinks are the jewellery of excellence for men.<\/p>\n<p>Para o fiel Benfiquista, a Leit\u00e3o &amp; Irm\u00e3o criou uma cole\u00e7\u00e3o em parceria com o Sport Lisboa Benfica sob a inspira\u00e7\u00e3o da \u00e1guia Vit\u00f3ria.<\/p>\n<p>Os bot\u00f5es de punho \u00e1guia Vit\u00f3ria s\u00e3o um presente \u00fatil e repleto de significado ou a joia perfeita para complementar o seu look. Para o homem moderno ou cl\u00e1ssico \u00e9 sempre um acess\u00f3rio de m\u00e1xima eleg\u00e2ncia e requinte.<\/p>","protected":false},"featured_media":10960,"template":"","meta":{"_acf_changed":false},"product_brand":[],"product_cat":[241,88,676,79,123,496],"product_tag":[277,270],"class_list":{"0":"post-10678","1":"product","2":"type-product","3":"status-publish","4":"has-post-thumbnail","6":"product_cat-benfica-jewels-joalharia-portuguesa","7":"product_cat-botoes-de-punho","8":"product_cat-gift-selection","9":"product_cat-joalharia","10":"product_cat-presentes-entre-150e-a-500e","11":"product_cat-sem-desconto","12":"product_tag-homem","13":"product_tag-prata","15":"first","16":"instock","17":"shipping-taxable","18":"purchasable","19":"product-type-simple"},"acf":[],"yoast_head":"<!-- This site is optimized with the Yoast SEO plugin v25.4 - https:\/\/yoast.com\/wordpress\/plugins\/seo\/ -->\n<title>bot\u00f5es de punho \u00c1guia em prata Benfica Jewels<\/title>\n<meta name=\"robots\" content=\"index, follow, max-snippet:-1, max-image-preview:large, max-video-preview:-1\" \/>\n<link rel=\"canonical\" href=\"https:\/\/www.leitao-irmao.com\/en\/product\/botoes-de-punho-modelo-aguia-em-prata-com-travinca-de-mola-edicao-especial-sl-benfica\/\" \/>\n<meta property=\"og:locale\" content=\"en_GB\" \/>\n<meta property=\"og:type\" content=\"article\" \/>\n<meta property=\"og:title\" content=\"bot\u00f5es de punho \u00c1guia em prata Benfica Jewels\" \/>\n<meta property=\"og:description\" content=\"\u00a9S.L.B. Produto Oficial  Bot\u00f5es de punho em prata s\u00e3o a joia de excel\u00eancia para o homem.  Para o fiel Benfiquista, a Leit\u00e3o &amp; Irm\u00e3o criou uma cole\u00e7\u00e3o em parceria com o Sport Lisboa Benfica sob a inspira\u00e7\u00e3o da \u00e1guia Vit\u00f3ria.  Os bot\u00f5es de punho \u00e1guia Vit\u00f3ria s\u00e3o um presente \u00fatil e repleto de significado ou a joia perfeita para complementar o seu look. Para o homem moderno ou cl\u00e1ssico \u00e9 sempre um acess\u00f3rio de m\u00e1xima eleg\u00e2ncia e requinte.\" \/>\n<meta property=\"og:url\" content=\"https:\/\/www.leitao-irmao.com\/en\/product\/botoes-de-punho-modelo-aguia-em-prata-com-travinca-de-mola-edicao-especial-sl-benfica\/\" \/>\n<meta property=\"og:site_name\" content=\"Leit\u00e3o &amp; Irm\u00e3o\" \/>\n<meta property=\"article:modified_time\" content=\"2026-03-11T17:06:05+00:00\" \/>\n<meta property=\"og:image\" content=\"https:\/\/www.leitao-irmao.com\/wp-content\/uploads\/2023\/06\/botoes-punho-modelo-aguia-0521161.jpg\" \/>\n\t<meta property=\"og:image:width\" content=\"1080\" \/>\n\t<meta property=\"og:image:height\" content=\"1080\" \/>\n\t<meta property=\"og:image:type\" content=\"image\/jpeg\" \/>\n<meta name=\"twitter:card\" content=\"summary_large_image\" \/>\n<meta name=\"twitter:label1\" content=\"Estimated reading time\" \/>\n\t<meta name=\"twitter:data1\" content=\"1 minute\" \/>\n<script type=\"application\/ld+json\" class=\"yoast-schema-graph\">{\"@context\":\"https:\/\/schema.org\",\"@graph\":[{\"@type\":\"WebPage\",\"@id\":\"https:\/\/www.leitao-irmao.com\/product\/botoes-de-punho-modelo-aguia-em-prata-com-travinca-de-mola-edicao-especial-sl-benfica\/\",\"url\":\"https:\/\/www.leitao-irmao.com\/product\/botoes-de-punho-modelo-aguia-em-prata-com-travinca-de-mola-edicao-especial-sl-benfica\/\",\"name\":\"bot\u00f5es de punho \u00c1guia em prata Benfica Jewels\",\"isPartOf\":{\"@id\":\"https:\/\/www.leitao-irmao.com\/#website\"},\"primaryImageOfPage\":{\"@id\":\"https:\/\/www.leitao-irmao.com\/product\/botoes-de-punho-modelo-aguia-em-prata-com-travinca-de-mola-edicao-especial-sl-benfica\/#primaryimage\"},\"image\":{\"@id\":\"https:\/\/www.leitao-irmao.com\/product\/botoes-de-punho-modelo-aguia-em-prata-com-travinca-de-mola-edicao-especial-sl-benfica\/#primaryimage\"},\"thumbnailUrl\":\"https:\/\/www.leitao-irmao.com\/wp-content\/uploads\/2023\/06\/botoes-punho-modelo-aguia-0521161.jpg\",\"datePublished\":\"2023-06-15T20:15:29+00:00\",\"dateModified\":\"2026-03-11T17:06:05+00:00\",\"breadcrumb\":{\"@id\":\"https:\/\/www.leitao-irmao.com\/product\/botoes-de-punho-modelo-aguia-em-prata-com-travinca-de-mola-edicao-especial-sl-benfica\/#breadcrumb\"},\"inLanguage\":\"en-GB\",\"potentialAction\":[{\"@type\":\"ReadAction\",\"target\":[\"https:\/\/www.leitao-irmao.com\/product\/botoes-de-punho-modelo-aguia-em-prata-com-travinca-de-mola-edicao-especial-sl-benfica\/\"]}]},{\"@type\":\"ImageObject\",\"inLanguage\":\"en-GB\",\"@id\":\"https:\/\/www.leitao-irmao.com\/product\/botoes-de-punho-modelo-aguia-em-prata-com-travinca-de-mola-edicao-especial-sl-benfica\/#primaryimage\",\"url\":\"https:\/\/www.leitao-irmao.com\/wp-content\/uploads\/2023\/06\/botoes-punho-modelo-aguia-0521161.jpg\",\"contentUrl\":\"https:\/\/www.leitao-irmao.com\/wp-content\/uploads\/2023\/06\/botoes-punho-modelo-aguia-0521161.jpg\",\"width\":1080,\"height\":1080},{\"@type\":\"BreadcrumbList\",\"@id\":\"https:\/\/www.leitao-irmao.com\/product\/botoes-de-punho-modelo-aguia-em-prata-com-travinca-de-mola-edicao-especial-sl-benfica\/#breadcrumb\",\"itemListElement\":[{\"@type\":\"ListItem\",\"position\":1,\"name\":\"Home\",\"item\":\"https:\/\/www.leitao-irmao.com\/\"},{\"@type\":\"ListItem\",\"position\":2,\"name\":\"Products\",\"item\":\"https:\/\/www.leitao-irmao.com\/shop\/\"},{\"@type\":\"ListItem\",\"position\":3,\"name\":\"Bot\u00f5es de punho Modelo \u00c1guia em prata com travinca de mola | Edi\u00e7\u00e3o especial SL Benfica\"}]},{\"@type\":\"WebSite\",\"@id\":\"https:\/\/www.leitao-irmao.com\/#website\",\"url\":\"https:\/\/www.leitao-irmao.com\/\",\"name\":\"Leit\u00e3o & Irm\u00e3o\",\"description\":\"Joalheiros desde 1822\",\"publisher\":{\"@id\":\"https:\/\/www.leitao-irmao.com\/#organization\"},\"potentialAction\":[{\"@type\":\"SearchAction\",\"target\":{\"@type\":\"EntryPoint\",\"urlTemplate\":\"https:\/\/www.leitao-irmao.com\/?s={search_term_string}\"},\"query-input\":{\"@type\":\"PropertyValueSpecification\",\"valueRequired\":true,\"valueName\":\"search_term_string\"}}],\"inLanguage\":\"en-GB\"},{\"@type\":\"Organization\",\"@id\":\"https:\/\/www.leitao-irmao.com\/#organization\",\"name\":\"Leit\u00e3o & Irm\u00e3o\",\"url\":\"https:\/\/www.leitao-irmao.com\/\",\"logo\":{\"@type\":\"ImageObject\",\"inLanguage\":\"en-GB\",\"@id\":\"https:\/\/www.leitao-irmao.com\/#\/schema\/logo\/image\/\",\"url\":\"https:\/\/www.leitao-irmao.com\/wp-content\/uploads\/2022\/11\/leitaoirmao-logo.png\",\"contentUrl\":\"https:\/\/www.leitao-irmao.com\/wp-content\/uploads\/2022\/11\/leitaoirmao-logo.png\",\"width\":426,\"height\":89,\"caption\":\"Leit\u00e3o & Irm\u00e3o\"},\"image\":{\"@id\":\"https:\/\/www.leitao-irmao.com\/#\/schema\/logo\/image\/\"}}]}<\/script>\n<!-- \/ Yoast SEO plugin. -->","yoast_head_json":{"title":"bot\u00f5es de punho \u00c1guia em prata Benfica Jewels","robots":{"index":"index","follow":"follow","max-snippet":"max-snippet:-1","max-image-preview":"max-image-preview:large","max-video-preview":"max-video-preview:-1"},"canonical":"https:\/\/www.leitao-irmao.com\/en\/product\/botoes-de-punho-modelo-aguia-em-prata-com-travinca-de-mola-edicao-especial-sl-benfica\/","og_locale":"en_GB","og_type":"article","og_title":"bot\u00f5es de punho \u00c1guia em prata Benfica Jewels","og_description":"\u00a9S.L.B. Produto Oficial  Bot\u00f5es de punho em prata s\u00e3o a joia de excel\u00eancia para o homem.  Para o fiel Benfiquista, a Leit\u00e3o &amp; Irm\u00e3o criou uma cole\u00e7\u00e3o em parceria com o Sport Lisboa Benfica sob a inspira\u00e7\u00e3o da \u00e1guia Vit\u00f3ria.  Os bot\u00f5es de punho \u00e1guia Vit\u00f3ria s\u00e3o um presente \u00fatil e repleto de significado ou a joia perfeita para complementar o seu look. Para o homem moderno ou cl\u00e1ssico \u00e9 sempre um acess\u00f3rio de m\u00e1xima eleg\u00e2ncia e requinte.","og_url":"https:\/\/www.leitao-irmao.com\/en\/product\/botoes-de-punho-modelo-aguia-em-prata-com-travinca-de-mola-edicao-especial-sl-benfica\/","og_site_name":"Leit\u00e3o &amp; Irm\u00e3o","article_modified_time":"2026-03-11T17:06:05+00:00","og_image":[{"width":1080,"height":1080,"url":"https:\/\/www.leitao-irmao.com\/wp-content\/uploads\/2023\/06\/botoes-punho-modelo-aguia-0521161.jpg","type":"image\/jpeg"}],"twitter_card":"summary_large_image","twitter_misc":{"Estimated reading time":"1 minute"},"schema":{"@context":"https:\/\/schema.org","@graph":[{"@type":"WebPage","@id":"https:\/\/www.leitao-irmao.com\/product\/botoes-de-punho-modelo-aguia-em-prata-com-travinca-de-mola-edicao-especial-sl-benfica\/","url":"https:\/\/www.leitao-irmao.com\/product\/botoes-de-punho-modelo-aguia-em-prata-com-travinca-de-mola-edicao-especial-sl-benfica\/","name":"bot\u00f5es de punho \u00c1guia em prata Benfica Jewels","isPartOf":{"@id":"https:\/\/www.leitao-irmao.com\/#website"},"primaryImageOfPage":{"@id":"https:\/\/www.leitao-irmao.com\/product\/botoes-de-punho-modelo-aguia-em-prata-com-travinca-de-mola-edicao-especial-sl-benfica\/#primaryimage"},"image":{"@id":"https:\/\/www.leitao-irmao.com\/product\/botoes-de-punho-modelo-aguia-em-prata-com-travinca-de-mola-edicao-especial-sl-benfica\/#primaryimage"},"thumbnailUrl":"https:\/\/www.leitao-irmao.com\/wp-content\/uploads\/2023\/06\/botoes-punho-modelo-aguia-0521161.jpg","datePublished":"2023-06-15T20:15:29+00:00","dateModified":"2026-03-11T17:06:05+00:00","breadcrumb":{"@id":"https:\/\/www.leitao-irmao.com\/product\/botoes-de-punho-modelo-aguia-em-prata-com-travinca-de-mola-edicao-especial-sl-benfica\/#breadcrumb"},"inLanguage":"en-GB","potentialAction":[{"@type":"ReadAction","target":["https:\/\/www.leitao-irmao.com\/product\/botoes-de-punho-modelo-aguia-em-prata-com-travinca-de-mola-edicao-especial-sl-benfica\/"]}]},{"@type":"ImageObject","inLanguage":"en-GB","@id":"https:\/\/www.leitao-irmao.com\/product\/botoes-de-punho-modelo-aguia-em-prata-com-travinca-de-mola-edicao-especial-sl-benfica\/#primaryimage","url":"https:\/\/www.leitao-irmao.com\/wp-content\/uploads\/2023\/06\/botoes-punho-modelo-aguia-0521161.jpg","contentUrl":"https:\/\/www.leitao-irmao.com\/wp-content\/uploads\/2023\/06\/botoes-punho-modelo-aguia-0521161.jpg","width":1080,"height":1080},{"@type":"BreadcrumbList","@id":"https:\/\/www.leitao-irmao.com\/product\/botoes-de-punho-modelo-aguia-em-prata-com-travinca-de-mola-edicao-especial-sl-benfica\/#breadcrumb","itemListElement":[{"@type":"ListItem","position":1,"name":"Home","item":"https:\/\/www.leitao-irmao.com\/"},{"@type":"ListItem","position":2,"name":"Products","item":"https:\/\/www.leitao-irmao.com\/shop\/"},{"@type":"ListItem","position":3,"name":"Bot\u00f5es de punho Modelo \u00c1guia em prata com travinca de mola | Edi\u00e7\u00e3o especial SL Benfica"}]},{"@type":"WebSite","@id":"https:\/\/www.leitao-irmao.com\/#website","url":"https:\/\/www.leitao-irmao.com\/","name":"Leit\u00e3o & Irm\u00e3o","description":"Joalheiros desde 1822","publisher":{"@id":"https:\/\/www.leitao-irmao.com\/#organization"},"potentialAction":[{"@type":"SearchAction","target":{"@type":"EntryPoint","urlTemplate":"https:\/\/www.leitao-irmao.com\/?s={search_term_string}"},"query-input":{"@type":"PropertyValueSpecification","valueRequired":true,"valueName":"search_term_string"}}],"inLanguage":"en-GB"},{"@type":"Organization","@id":"https:\/\/www.leitao-irmao.com\/#organization","name":"Leit\u00e3o & Irm\u00e3o","url":"https:\/\/www.leitao-irmao.com\/","logo":{"@type":"ImageObject","inLanguage":"en-GB","@id":"https:\/\/www.leitao-irmao.com\/#\/schema\/logo\/image\/","url":"https:\/\/www.leitao-irmao.com\/wp-content\/uploads\/2022\/11\/leitaoirmao-logo.png","contentUrl":"https:\/\/www.leitao-irmao.com\/wp-content\/uploads\/2022\/11\/leitaoirmao-logo.png","width":426,"height":89,"caption":"Leit\u00e3o & Irm\u00e3o"},"image":{"@id":"https:\/\/www.leitao-irmao.com\/#\/schema\/logo\/image\/"}}]}},"_links":{"self":[{"href":"https:\/\/www.leitao-irmao.com\/en\/wp-json\/wp\/v2\/product\/10678","targetHints":{"allow":["GET"]}}],"collection":[{"href":"https:\/\/www.leitao-irmao.com\/en\/wp-json\/wp\/v2\/product"}],"about":[{"href":"https:\/\/www.leitao-irmao.com\/en\/wp-json\/wp\/v2\/types\/product"}],"version-history":[{"count":1,"href":"https:\/\/www.leitao-irmao.com\/en\/wp-json\/wp\/v2\/product\/10678\/revisions"}],"predecessor-version":[{"id":32991,"href":"https:\/\/www.leitao-irmao.com\/en\/wp-json\/wp\/v2\/product\/10678\/revisions\/32991"}],"wp:featuredmedia":[{"embeddable":true,"href":"https:\/\/www.leitao-irmao.com\/en\/wp-json\/wp\/v2\/media\/10960"}],"wp:attachment":[{"href":"https:\/\/www.leitao-irmao.com\/en\/wp-json\/wp\/v2\/media?parent=10678"}],"wp:term":[{"taxonomy":"product_brand","embeddable":true,"href":"https:\/\/www.leitao-irmao.com\/en\/wp-json\/wp\/v2\/product_brand?post=10678"},{"taxonomy":"product_cat","embeddable":true,"href":"https:\/\/www.leitao-irmao.com\/en\/wp-json\/wp\/v2\/product_cat?post=10678"},{"taxonomy":"product_tag","embeddable":true,"href":"https:\/\/www.leitao-irmao.com\/en\/wp-json\/wp\/v2\/product_tag?post=10678"}],"curies":[{"name":"wp","href":"https:\/\/api.w.org\/{rel}","templated":true}]}}