{"id":10683,"date":"2023-06-15T20:15:30","date_gmt":"2023-06-15T20:15:30","guid":{"rendered":"https:\/\/leitao-irmao.ad-pulse.com\/produto\/botoes-de-punho-modelo-porcelana-em-prata-com-travinca-de-mola\/"},"modified":"2026-03-06T17:25:58","modified_gmt":"2026-03-06T17:25:58","slug":"botoes-de-punho-em-prata-e-porcelana-com-aplicacao-facil","status":"publish","type":"product","link":"https:\/\/www.leitao-irmao.com\/en\/product\/botoes-de-punho-em-prata-e-porcelana-com-aplicacao-facil\/","title":{"rendered":"Silver and porcelain cufflinks with easy application"},"content":{"rendered":"","protected":false},"excerpt":{"rendered":"<p><span data-sheets-value=\"{&quot;1&quot;:2,&quot;2&quot;:&quot;Bot\u00f5es de punho em prata s\u00e3o a joia de essencial para o homem. A cole\u00e7\u00e3o de Bot\u00f5es de Punho Porcelana, t\u00eam a aplica\u00e7\u00e3o na prata da porcelana portuguesa pintada \u00e0 m\u00e3o. A cole\u00e7\u00e3o apresenta uma variedade de cores e acess\u00f3rios de aplica\u00e7\u00e3o. Utilize as cores para refletir a sua personalidade ou para complementar o outfit. Para o homem moderno ou cl\u00e1ssico \u00e9 sempre um acess\u00f3rio de m\u00e1xima eleg\u00e2ncia e requinte.&quot;}\" data-sheets-userformat=\"{&quot;2&quot;:15359,&quot;3&quot;:{&quot;1&quot;:0},&quot;4&quot;:{&quot;1&quot;:2,&quot;2&quot;:14281427},&quot;5&quot;:{&quot;1&quot;:[{&quot;1&quot;:2,&quot;2&quot;:0,&quot;5&quot;:{&quot;1&quot;:2,&quot;2&quot;:13421772}},{&quot;1&quot;:0,&quot;2&quot;:0,&quot;3&quot;:3},{&quot;1&quot;:1,&quot;2&quot;:0,&quot;4&quot;:2}]},&quot;6&quot;:{&quot;1&quot;:[{&quot;1&quot;:2,&quot;2&quot;:0,&quot;5&quot;:{&quot;1&quot;:2,&quot;2&quot;:13421772}},{&quot;1&quot;:0,&quot;2&quot;:0,&quot;3&quot;:3},{&quot;1&quot;:1,&quot;2&quot;:0,&quot;4&quot;:2}]},&quot;7&quot;:{&quot;1&quot;:[{&quot;1&quot;:2,&quot;2&quot;:0,&quot;5&quot;:{&quot;1&quot;:2,&quot;2&quot;:13421772}},{&quot;1&quot;:0,&quot;2&quot;:0,&quot;3&quot;:3},{&quot;1&quot;:1,&quot;2&quot;:0,&quot;4&quot;:2}]},&quot;8&quot;:{&quot;1&quot;:[{&quot;1&quot;:2,&quot;2&quot;:0,&quot;5&quot;:{&quot;1&quot;:2,&quot;2&quot;:13421772}},{&quot;1&quot;:0,&quot;2&quot;:0,&quot;3&quot;:3},{&quot;1&quot;:1,&quot;2&quot;:0,&quot;4&quot;:2}]},&quot;9&quot;:1,&quot;10&quot;:1,&quot;11&quot;:4,&quot;12&quot;:0,&quot;14&quot;:{&quot;1&quot;:2,&quot;2&quot;:0},&quot;15&quot;:&quot;Arial&quot;,&quot;16&quot;:10}\">Silver cufflinks are an essential piece of jewellery for men. <\/span><\/p>\n<p><span data-sheets-value=\"{&quot;1&quot;:2,&quot;2&quot;:&quot;Bot\u00f5es de punho em prata s\u00e3o a joia de essencial para o homem. A cole\u00e7\u00e3o de Bot\u00f5es de Punho Porcelana, t\u00eam a aplica\u00e7\u00e3o na prata da porcelana portuguesa pintada \u00e0 m\u00e3o. A cole\u00e7\u00e3o apresenta uma variedade de cores e acess\u00f3rios de aplica\u00e7\u00e3o. Utilize as cores para refletir a sua personalidade ou para complementar o outfit. Para o homem moderno ou cl\u00e1ssico \u00e9 sempre um acess\u00f3rio de m\u00e1xima eleg\u00e2ncia e requinte.&quot;}\" data-sheets-userformat=\"{&quot;2&quot;:15359,&quot;3&quot;:{&quot;1&quot;:0},&quot;4&quot;:{&quot;1&quot;:2,&quot;2&quot;:14281427},&quot;5&quot;:{&quot;1&quot;:[{&quot;1&quot;:2,&quot;2&quot;:0,&quot;5&quot;:{&quot;1&quot;:2,&quot;2&quot;:13421772}},{&quot;1&quot;:0,&quot;2&quot;:0,&quot;3&quot;:3},{&quot;1&quot;:1,&quot;2&quot;:0,&quot;4&quot;:2}]},&quot;6&quot;:{&quot;1&quot;:[{&quot;1&quot;:2,&quot;2&quot;:0,&quot;5&quot;:{&quot;1&quot;:2,&quot;2&quot;:13421772}},{&quot;1&quot;:0,&quot;2&quot;:0,&quot;3&quot;:3},{&quot;1&quot;:1,&quot;2&quot;:0,&quot;4&quot;:2}]},&quot;7&quot;:{&quot;1&quot;:[{&quot;1&quot;:2,&quot;2&quot;:0,&quot;5&quot;:{&quot;1&quot;:2,&quot;2&quot;:13421772}},{&quot;1&quot;:0,&quot;2&quot;:0,&quot;3&quot;:3},{&quot;1&quot;:1,&quot;2&quot;:0,&quot;4&quot;:2}]},&quot;8&quot;:{&quot;1&quot;:[{&quot;1&quot;:2,&quot;2&quot;:0,&quot;5&quot;:{&quot;1&quot;:2,&quot;2&quot;:13421772}},{&quot;1&quot;:0,&quot;2&quot;:0,&quot;3&quot;:3},{&quot;1&quot;:1,&quot;2&quot;:0,&quot;4&quot;:2}]},&quot;9&quot;:1,&quot;10&quot;:1,&quot;11&quot;:4,&quot;12&quot;:0,&quot;14&quot;:{&quot;1&quot;:2,&quot;2&quot;:0},&quot;15&quot;:&quot;Arial&quot;,&quot;16&quot;:10}\">The Porcelain Cufflinks collection features a silver application of the <strong>hand-painted portuguese porcelain.<\/strong><\/span><\/p>\n<p><span data-sheets-value=\"{&quot;1&quot;:2,&quot;2&quot;:&quot;Bot\u00f5es de punho em prata s\u00e3o a joia de essencial para o homem. A cole\u00e7\u00e3o de Bot\u00f5es de Punho Porcelana, t\u00eam a aplica\u00e7\u00e3o na prata da porcelana portuguesa pintada \u00e0 m\u00e3o. A cole\u00e7\u00e3o apresenta uma variedade de cores e acess\u00f3rios de aplica\u00e7\u00e3o. Utilize as cores para refletir a sua personalidade ou para complementar o outfit. Para o homem moderno ou cl\u00e1ssico \u00e9 sempre um acess\u00f3rio de m\u00e1xima eleg\u00e2ncia e requinte.&quot;}\" data-sheets-userformat=\"{&quot;2&quot;:15359,&quot;3&quot;:{&quot;1&quot;:0},&quot;4&quot;:{&quot;1&quot;:2,&quot;2&quot;:14281427},&quot;5&quot;:{&quot;1&quot;:[{&quot;1&quot;:2,&quot;2&quot;:0,&quot;5&quot;:{&quot;1&quot;:2,&quot;2&quot;:13421772}},{&quot;1&quot;:0,&quot;2&quot;:0,&quot;3&quot;:3},{&quot;1&quot;:1,&quot;2&quot;:0,&quot;4&quot;:2}]},&quot;6&quot;:{&quot;1&quot;:[{&quot;1&quot;:2,&quot;2&quot;:0,&quot;5&quot;:{&quot;1&quot;:2,&quot;2&quot;:13421772}},{&quot;1&quot;:0,&quot;2&quot;:0,&quot;3&quot;:3},{&quot;1&quot;:1,&quot;2&quot;:0,&quot;4&quot;:2}]},&quot;7&quot;:{&quot;1&quot;:[{&quot;1&quot;:2,&quot;2&quot;:0,&quot;5&quot;:{&quot;1&quot;:2,&quot;2&quot;:13421772}},{&quot;1&quot;:0,&quot;2&quot;:0,&quot;3&quot;:3},{&quot;1&quot;:1,&quot;2&quot;:0,&quot;4&quot;:2}]},&quot;8&quot;:{&quot;1&quot;:[{&quot;1&quot;:2,&quot;2&quot;:0,&quot;5&quot;:{&quot;1&quot;:2,&quot;2&quot;:13421772}},{&quot;1&quot;:0,&quot;2&quot;:0,&quot;3&quot;:3},{&quot;1&quot;:1,&quot;2&quot;:0,&quot;4&quot;:2}]},&quot;9&quot;:1,&quot;10&quot;:1,&quot;11&quot;:4,&quot;12&quot;:0,&quot;14&quot;:{&quot;1&quot;:2,&quot;2&quot;:0},&quot;15&quot;:&quot;Arial&quot;,&quot;16&quot;:10}\">The collection features a variety of colours and application accessories. <\/span><span data-sheets-value=\"{&quot;1&quot;:2,&quot;2&quot;:&quot;Bot\u00f5es de punho em prata s\u00e3o a joia de essencial para o homem. A cole\u00e7\u00e3o de Bot\u00f5es de Punho Porcelana, t\u00eam a aplica\u00e7\u00e3o na prata da porcelana portuguesa pintada \u00e0 m\u00e3o. A cole\u00e7\u00e3o apresenta uma variedade de cores e acess\u00f3rios de aplica\u00e7\u00e3o. Utilize as cores para refletir a sua personalidade ou para complementar o outfit. Para o homem moderno ou cl\u00e1ssico \u00e9 sempre um acess\u00f3rio de m\u00e1xima eleg\u00e2ncia e requinte.&quot;}\" data-sheets-userformat=\"{&quot;2&quot;:15359,&quot;3&quot;:{&quot;1&quot;:0},&quot;4&quot;:{&quot;1&quot;:2,&quot;2&quot;:14281427},&quot;5&quot;:{&quot;1&quot;:[{&quot;1&quot;:2,&quot;2&quot;:0,&quot;5&quot;:{&quot;1&quot;:2,&quot;2&quot;:13421772}},{&quot;1&quot;:0,&quot;2&quot;:0,&quot;3&quot;:3},{&quot;1&quot;:1,&quot;2&quot;:0,&quot;4&quot;:2}]},&quot;6&quot;:{&quot;1&quot;:[{&quot;1&quot;:2,&quot;2&quot;:0,&quot;5&quot;:{&quot;1&quot;:2,&quot;2&quot;:13421772}},{&quot;1&quot;:0,&quot;2&quot;:0,&quot;3&quot;:3},{&quot;1&quot;:1,&quot;2&quot;:0,&quot;4&quot;:2}]},&quot;7&quot;:{&quot;1&quot;:[{&quot;1&quot;:2,&quot;2&quot;:0,&quot;5&quot;:{&quot;1&quot;:2,&quot;2&quot;:13421772}},{&quot;1&quot;:0,&quot;2&quot;:0,&quot;3&quot;:3},{&quot;1&quot;:1,&quot;2&quot;:0,&quot;4&quot;:2}]},&quot;8&quot;:{&quot;1&quot;:[{&quot;1&quot;:2,&quot;2&quot;:0,&quot;5&quot;:{&quot;1&quot;:2,&quot;2&quot;:13421772}},{&quot;1&quot;:0,&quot;2&quot;:0,&quot;3&quot;:3},{&quot;1&quot;:1,&quot;2&quot;:0,&quot;4&quot;:2}]},&quot;9&quot;:1,&quot;10&quot;:1,&quot;11&quot;:4,&quot;12&quot;:0,&quot;14&quot;:{&quot;1&quot;:2,&quot;2&quot;:0},&quot;15&quot;:&quot;Arial&quot;,&quot;16&quot;:10}\">Use colours to reflect your personality or to complement your outfit. <\/span><\/p>\n<p><span data-sheets-value=\"{&quot;1&quot;:2,&quot;2&quot;:&quot;Bot\u00f5es de punho em prata s\u00e3o a joia de essencial para o homem. A cole\u00e7\u00e3o de Bot\u00f5es de Punho Porcelana, t\u00eam a aplica\u00e7\u00e3o na prata da porcelana portuguesa pintada \u00e0 m\u00e3o. A cole\u00e7\u00e3o apresenta uma variedade de cores e acess\u00f3rios de aplica\u00e7\u00e3o. Utilize as cores para refletir a sua personalidade ou para complementar o outfit. Para o homem moderno ou cl\u00e1ssico \u00e9 sempre um acess\u00f3rio de m\u00e1xima eleg\u00e2ncia e requinte.&quot;}\" data-sheets-userformat=\"{&quot;2&quot;:15359,&quot;3&quot;:{&quot;1&quot;:0},&quot;4&quot;:{&quot;1&quot;:2,&quot;2&quot;:14281427},&quot;5&quot;:{&quot;1&quot;:[{&quot;1&quot;:2,&quot;2&quot;:0,&quot;5&quot;:{&quot;1&quot;:2,&quot;2&quot;:13421772}},{&quot;1&quot;:0,&quot;2&quot;:0,&quot;3&quot;:3},{&quot;1&quot;:1,&quot;2&quot;:0,&quot;4&quot;:2}]},&quot;6&quot;:{&quot;1&quot;:[{&quot;1&quot;:2,&quot;2&quot;:0,&quot;5&quot;:{&quot;1&quot;:2,&quot;2&quot;:13421772}},{&quot;1&quot;:0,&quot;2&quot;:0,&quot;3&quot;:3},{&quot;1&quot;:1,&quot;2&quot;:0,&quot;4&quot;:2}]},&quot;7&quot;:{&quot;1&quot;:[{&quot;1&quot;:2,&quot;2&quot;:0,&quot;5&quot;:{&quot;1&quot;:2,&quot;2&quot;:13421772}},{&quot;1&quot;:0,&quot;2&quot;:0,&quot;3&quot;:3},{&quot;1&quot;:1,&quot;2&quot;:0,&quot;4&quot;:2}]},&quot;8&quot;:{&quot;1&quot;:[{&quot;1&quot;:2,&quot;2&quot;:0,&quot;5&quot;:{&quot;1&quot;:2,&quot;2&quot;:13421772}},{&quot;1&quot;:0,&quot;2&quot;:0,&quot;3&quot;:3},{&quot;1&quot;:1,&quot;2&quot;:0,&quot;4&quot;:2}]},&quot;9&quot;:1,&quot;10&quot;:1,&quot;11&quot;:4,&quot;12&quot;:0,&quot;14&quot;:{&quot;1&quot;:2,&quot;2&quot;:0},&quot;15&quot;:&quot;Arial&quot;,&quot;16&quot;:10}\">For the modern or classic man, it is always an accessory of the utmost elegance and refinement.<\/span><\/p>","protected":false},"featured_media":13922,"template":"","meta":{"_acf_changed":false},"product_brand":[],"product_cat":[88,367,676,79,134,262,123],"product_tag":[336,277,270],"class_list":{"0":"post-10683","1":"product","2":"type-product","3":"status-publish","4":"has-post-thumbnail","6":"product_cat-botoes-de-punho","7":"product_cat-botoes-de-punho-porcelana","8":"product_cat-gift-selection","9":"product_cat-joalharia","10":"product_cat-pai","11":"product_cat-porcelanas","12":"product_cat-presentes-entre-150e-a-500e","13":"product_tag-bestseller","14":"product_tag-homem","15":"product_tag-prata","17":"first","18":"instock","19":"shipping-taxable","20":"purchasable","21":"product-type-variable"},"acf":[],"yoast_head":"<!-- This site is optimized with the Yoast SEO plugin v25.4 - https:\/\/yoast.com\/wordpress\/plugins\/seo\/ -->\n<title>Bot\u00f5es de punho em prata e porcelana aplica\u00e7\u00e3o f\u00e1cil<\/title>\n<meta name=\"description\" content=\"Bot\u00f5es de punho s\u00e3o a joia essencial para o homem. A cole\u00e7\u00e3o de Bot\u00f5es de Punho Porcelana tem a aplica\u00e7\u00e3o na prata da porcelana portuguesa pintada \u00e0 m\u00e3o.\" \/>\n<meta name=\"robots\" content=\"index, follow, max-snippet:-1, max-image-preview:large, max-video-preview:-1\" \/>\n<link rel=\"canonical\" href=\"https:\/\/www.leitao-irmao.com\/en\/product\/botoes-de-punho-em-prata-e-porcelana-com-aplicacao-facil\/\" \/>\n<meta property=\"og:locale\" content=\"en_GB\" \/>\n<meta property=\"og:type\" content=\"article\" \/>\n<meta property=\"og:title\" content=\"Bot\u00f5es de punho em prata e porcelana aplica\u00e7\u00e3o f\u00e1cil\" \/>\n<meta property=\"og:description\" content=\"Bot\u00f5es de punho s\u00e3o a joia essencial para o homem. A cole\u00e7\u00e3o de Bot\u00f5es de Punho Porcelana tem a aplica\u00e7\u00e3o na prata da porcelana portuguesa pintada \u00e0 m\u00e3o.\" \/>\n<meta property=\"og:url\" content=\"https:\/\/www.leitao-irmao.com\/en\/product\/botoes-de-punho-em-prata-e-porcelana-com-aplicacao-facil\/\" \/>\n<meta property=\"og:site_name\" content=\"Leit\u00e3o &amp; Irm\u00e3o\" \/>\n<meta property=\"article:modified_time\" content=\"2026-03-06T17:25:58+00:00\" \/>\n<meta property=\"og:image\" content=\"https:\/\/www.leitao-irmao.com\/wp-content\/uploads\/2023\/06\/0521070.jpg\" \/>\n\t<meta property=\"og:image:width\" content=\"1000\" \/>\n\t<meta property=\"og:image:height\" content=\"1000\" \/>\n\t<meta property=\"og:image:type\" content=\"image\/jpeg\" \/>\n<meta name=\"twitter:card\" content=\"summary_large_image\" \/>\n<meta name=\"twitter:label1\" content=\"Estimated reading time\" \/>\n\t<meta name=\"twitter:data1\" content=\"1 minute\" \/>\n<script type=\"application\/ld+json\" class=\"yoast-schema-graph\">{\"@context\":\"https:\/\/schema.org\",\"@graph\":[{\"@type\":\"WebPage\",\"@id\":\"https:\/\/www.leitao-irmao.com\/product\/botoes-de-punho-em-prata-e-porcelana-com-aplicacao-facil\/\",\"url\":\"https:\/\/www.leitao-irmao.com\/product\/botoes-de-punho-em-prata-e-porcelana-com-aplicacao-facil\/\",\"name\":\"Bot\u00f5es de punho em prata e porcelana aplica\u00e7\u00e3o f\u00e1cil\",\"isPartOf\":{\"@id\":\"https:\/\/www.leitao-irmao.com\/#website\"},\"primaryImageOfPage\":{\"@id\":\"https:\/\/www.leitao-irmao.com\/product\/botoes-de-punho-em-prata-e-porcelana-com-aplicacao-facil\/#primaryimage\"},\"image\":{\"@id\":\"https:\/\/www.leitao-irmao.com\/product\/botoes-de-punho-em-prata-e-porcelana-com-aplicacao-facil\/#primaryimage\"},\"thumbnailUrl\":\"https:\/\/www.leitao-irmao.com\/wp-content\/uploads\/2023\/06\/0521070.jpg\",\"datePublished\":\"2023-06-15T20:15:30+00:00\",\"dateModified\":\"2026-03-06T17:25:58+00:00\",\"description\":\"Bot\u00f5es de punho s\u00e3o a joia essencial para o homem. A cole\u00e7\u00e3o de Bot\u00f5es de Punho Porcelana tem a aplica\u00e7\u00e3o na prata da porcelana portuguesa pintada \u00e0 m\u00e3o.\",\"breadcrumb\":{\"@id\":\"https:\/\/www.leitao-irmao.com\/product\/botoes-de-punho-em-prata-e-porcelana-com-aplicacao-facil\/#breadcrumb\"},\"inLanguage\":\"en-GB\",\"potentialAction\":[{\"@type\":\"ReadAction\",\"target\":[\"https:\/\/www.leitao-irmao.com\/product\/botoes-de-punho-em-prata-e-porcelana-com-aplicacao-facil\/\"]}]},{\"@type\":\"ImageObject\",\"inLanguage\":\"en-GB\",\"@id\":\"https:\/\/www.leitao-irmao.com\/product\/botoes-de-punho-em-prata-e-porcelana-com-aplicacao-facil\/#primaryimage\",\"url\":\"https:\/\/www.leitao-irmao.com\/wp-content\/uploads\/2023\/06\/0521070.jpg\",\"contentUrl\":\"https:\/\/www.leitao-irmao.com\/wp-content\/uploads\/2023\/06\/0521070.jpg\",\"width\":1000,\"height\":1000},{\"@type\":\"BreadcrumbList\",\"@id\":\"https:\/\/www.leitao-irmao.com\/product\/botoes-de-punho-em-prata-e-porcelana-com-aplicacao-facil\/#breadcrumb\",\"itemListElement\":[{\"@type\":\"ListItem\",\"position\":1,\"name\":\"Home\",\"item\":\"https:\/\/www.leitao-irmao.com\/\"},{\"@type\":\"ListItem\",\"position\":2,\"name\":\"Products\",\"item\":\"https:\/\/www.leitao-irmao.com\/shop\/\"},{\"@type\":\"ListItem\",\"position\":3,\"name\":\"Bot\u00f5es de punho em Prata e Porcelana com aplica\u00e7\u00e3o f\u00e1cil\"}]},{\"@type\":\"WebSite\",\"@id\":\"https:\/\/www.leitao-irmao.com\/#website\",\"url\":\"https:\/\/www.leitao-irmao.com\/\",\"name\":\"Leit\u00e3o & Irm\u00e3o\",\"description\":\"Joalheiros desde 1822\",\"publisher\":{\"@id\":\"https:\/\/www.leitao-irmao.com\/#organization\"},\"potentialAction\":[{\"@type\":\"SearchAction\",\"target\":{\"@type\":\"EntryPoint\",\"urlTemplate\":\"https:\/\/www.leitao-irmao.com\/?s={search_term_string}\"},\"query-input\":{\"@type\":\"PropertyValueSpecification\",\"valueRequired\":true,\"valueName\":\"search_term_string\"}}],\"inLanguage\":\"en-GB\"},{\"@type\":\"Organization\",\"@id\":\"https:\/\/www.leitao-irmao.com\/#organization\",\"name\":\"Leit\u00e3o & Irm\u00e3o\",\"url\":\"https:\/\/www.leitao-irmao.com\/\",\"logo\":{\"@type\":\"ImageObject\",\"inLanguage\":\"en-GB\",\"@id\":\"https:\/\/www.leitao-irmao.com\/#\/schema\/logo\/image\/\",\"url\":\"https:\/\/www.leitao-irmao.com\/wp-content\/uploads\/2022\/11\/leitaoirmao-logo.png\",\"contentUrl\":\"https:\/\/www.leitao-irmao.com\/wp-content\/uploads\/2022\/11\/leitaoirmao-logo.png\",\"width\":426,\"height\":89,\"caption\":\"Leit\u00e3o & Irm\u00e3o\"},\"image\":{\"@id\":\"https:\/\/www.leitao-irmao.com\/#\/schema\/logo\/image\/\"}}]}<\/script>\n<!-- \/ Yoast SEO plugin. -->","yoast_head_json":{"title":"Bot\u00f5es de punho em prata e porcelana aplica\u00e7\u00e3o f\u00e1cil","description":"Bot\u00f5es de punho s\u00e3o a joia essencial para o homem. A cole\u00e7\u00e3o de Bot\u00f5es de Punho Porcelana tem a aplica\u00e7\u00e3o na prata da porcelana portuguesa pintada \u00e0 m\u00e3o.","robots":{"index":"index","follow":"follow","max-snippet":"max-snippet:-1","max-image-preview":"max-image-preview:large","max-video-preview":"max-video-preview:-1"},"canonical":"https:\/\/www.leitao-irmao.com\/en\/product\/botoes-de-punho-em-prata-e-porcelana-com-aplicacao-facil\/","og_locale":"en_GB","og_type":"article","og_title":"Bot\u00f5es de punho em prata e porcelana aplica\u00e7\u00e3o f\u00e1cil","og_description":"Bot\u00f5es de punho s\u00e3o a joia essencial para o homem. A cole\u00e7\u00e3o de Bot\u00f5es de Punho Porcelana tem a aplica\u00e7\u00e3o na prata da porcelana portuguesa pintada \u00e0 m\u00e3o.","og_url":"https:\/\/www.leitao-irmao.com\/en\/product\/botoes-de-punho-em-prata-e-porcelana-com-aplicacao-facil\/","og_site_name":"Leit\u00e3o &amp; Irm\u00e3o","article_modified_time":"2026-03-06T17:25:58+00:00","og_image":[{"width":1000,"height":1000,"url":"https:\/\/www.leitao-irmao.com\/wp-content\/uploads\/2023\/06\/0521070.jpg","type":"image\/jpeg"}],"twitter_card":"summary_large_image","twitter_misc":{"Estimated reading time":"1 minute"},"schema":{"@context":"https:\/\/schema.org","@graph":[{"@type":"WebPage","@id":"https:\/\/www.leitao-irmao.com\/product\/botoes-de-punho-em-prata-e-porcelana-com-aplicacao-facil\/","url":"https:\/\/www.leitao-irmao.com\/product\/botoes-de-punho-em-prata-e-porcelana-com-aplicacao-facil\/","name":"Bot\u00f5es de punho em prata e porcelana aplica\u00e7\u00e3o f\u00e1cil","isPartOf":{"@id":"https:\/\/www.leitao-irmao.com\/#website"},"primaryImageOfPage":{"@id":"https:\/\/www.leitao-irmao.com\/product\/botoes-de-punho-em-prata-e-porcelana-com-aplicacao-facil\/#primaryimage"},"image":{"@id":"https:\/\/www.leitao-irmao.com\/product\/botoes-de-punho-em-prata-e-porcelana-com-aplicacao-facil\/#primaryimage"},"thumbnailUrl":"https:\/\/www.leitao-irmao.com\/wp-content\/uploads\/2023\/06\/0521070.jpg","datePublished":"2023-06-15T20:15:30+00:00","dateModified":"2026-03-06T17:25:58+00:00","description":"Bot\u00f5es de punho s\u00e3o a joia essencial para o homem. A cole\u00e7\u00e3o de Bot\u00f5es de Punho Porcelana tem a aplica\u00e7\u00e3o na prata da porcelana portuguesa pintada \u00e0 m\u00e3o.","breadcrumb":{"@id":"https:\/\/www.leitao-irmao.com\/product\/botoes-de-punho-em-prata-e-porcelana-com-aplicacao-facil\/#breadcrumb"},"inLanguage":"en-GB","potentialAction":[{"@type":"ReadAction","target":["https:\/\/www.leitao-irmao.com\/product\/botoes-de-punho-em-prata-e-porcelana-com-aplicacao-facil\/"]}]},{"@type":"ImageObject","inLanguage":"en-GB","@id":"https:\/\/www.leitao-irmao.com\/product\/botoes-de-punho-em-prata-e-porcelana-com-aplicacao-facil\/#primaryimage","url":"https:\/\/www.leitao-irmao.com\/wp-content\/uploads\/2023\/06\/0521070.jpg","contentUrl":"https:\/\/www.leitao-irmao.com\/wp-content\/uploads\/2023\/06\/0521070.jpg","width":1000,"height":1000},{"@type":"BreadcrumbList","@id":"https:\/\/www.leitao-irmao.com\/product\/botoes-de-punho-em-prata-e-porcelana-com-aplicacao-facil\/#breadcrumb","itemListElement":[{"@type":"ListItem","position":1,"name":"Home","item":"https:\/\/www.leitao-irmao.com\/"},{"@type":"ListItem","position":2,"name":"Products","item":"https:\/\/www.leitao-irmao.com\/shop\/"},{"@type":"ListItem","position":3,"name":"Bot\u00f5es de punho em Prata e Porcelana com aplica\u00e7\u00e3o f\u00e1cil"}]},{"@type":"WebSite","@id":"https:\/\/www.leitao-irmao.com\/#website","url":"https:\/\/www.leitao-irmao.com\/","name":"Leit\u00e3o & Irm\u00e3o","description":"Joalheiros desde 1822","publisher":{"@id":"https:\/\/www.leitao-irmao.com\/#organization"},"potentialAction":[{"@type":"SearchAction","target":{"@type":"EntryPoint","urlTemplate":"https:\/\/www.leitao-irmao.com\/?s={search_term_string}"},"query-input":{"@type":"PropertyValueSpecification","valueRequired":true,"valueName":"search_term_string"}}],"inLanguage":"en-GB"},{"@type":"Organization","@id":"https:\/\/www.leitao-irmao.com\/#organization","name":"Leit\u00e3o & Irm\u00e3o","url":"https:\/\/www.leitao-irmao.com\/","logo":{"@type":"ImageObject","inLanguage":"en-GB","@id":"https:\/\/www.leitao-irmao.com\/#\/schema\/logo\/image\/","url":"https:\/\/www.leitao-irmao.com\/wp-content\/uploads\/2022\/11\/leitaoirmao-logo.png","contentUrl":"https:\/\/www.leitao-irmao.com\/wp-content\/uploads\/2022\/11\/leitaoirmao-logo.png","width":426,"height":89,"caption":"Leit\u00e3o & Irm\u00e3o"},"image":{"@id":"https:\/\/www.leitao-irmao.com\/#\/schema\/logo\/image\/"}}]}},"_links":{"self":[{"href":"https:\/\/www.leitao-irmao.com\/en\/wp-json\/wp\/v2\/product\/10683","targetHints":{"allow":["GET"]}}],"collection":[{"href":"https:\/\/www.leitao-irmao.com\/en\/wp-json\/wp\/v2\/product"}],"about":[{"href":"https:\/\/www.leitao-irmao.com\/en\/wp-json\/wp\/v2\/types\/product"}],"version-history":[{"count":1,"href":"https:\/\/www.leitao-irmao.com\/en\/wp-json\/wp\/v2\/product\/10683\/revisions"}],"predecessor-version":[{"id":34245,"href":"https:\/\/www.leitao-irmao.com\/en\/wp-json\/wp\/v2\/product\/10683\/revisions\/34245"}],"wp:featuredmedia":[{"embeddable":true,"href":"https:\/\/www.leitao-irmao.com\/en\/wp-json\/wp\/v2\/media\/13922"}],"wp:attachment":[{"href":"https:\/\/www.leitao-irmao.com\/en\/wp-json\/wp\/v2\/media?parent=10683"}],"wp:term":[{"taxonomy":"product_brand","embeddable":true,"href":"https:\/\/www.leitao-irmao.com\/en\/wp-json\/wp\/v2\/product_brand?post=10683"},{"taxonomy":"product_cat","embeddable":true,"href":"https:\/\/www.leitao-irmao.com\/en\/wp-json\/wp\/v2\/product_cat?post=10683"},{"taxonomy":"product_tag","embeddable":true,"href":"https:\/\/www.leitao-irmao.com\/en\/wp-json\/wp\/v2\/product_tag?post=10683"}],"curies":[{"name":"wp","href":"https:\/\/api.w.org\/{rel}","templated":true}]}}