{"id":14187,"date":"2023-07-24T11:11:19","date_gmt":"2023-07-24T11:11:19","guid":{"rendered":"https:\/\/www.leitao-irmao.com\/produto\/caes-de-caca-braco-alemao\/"},"modified":"2026-03-19T17:18:55","modified_gmt":"2026-03-19T17:18:55","slug":"caes-de-caca-braco-alemao","status":"publish","type":"product","link":"https:\/\/www.leitao-irmao.com\/en\/product\/caes-de-caca-braco-alemao\/","title":{"rendered":"Hunting Dogs | German Shepherd"},"content":{"rendered":"","protected":false},"excerpt":{"rendered":"<p>Leit\u00e3o &amp; Irm\u00e3o has created a collection of silver dogs that honours man's best friend - the dog.<br \/>\nNesta edi\u00e7\u00e3o, o escultor Francisco Salter Cid criou edi\u00e7\u00f5es especiais e C\u00e3es de Ca\u00e7a em prata, manufaturados nas oficinas Leit\u00e3o &amp; Irm\u00e3o.<\/p>\n<p>German wolf<br \/>\nThe German Wolfhound has keen hunting instincts and the energy to fulfil its natural role as a working hunting dog. A good companion for an active family, it is known for being a loyal, gentle and affectionate pet.<br \/>\nDeveloped in Germany in the 19th century, it is one of the multipurpose breeds that fulfils the functions of hunter, pointer and cover dog, as it works both on land and in the water. The German Wolfhound is a popular pet and companion, as well as a hunting and working dog.<\/p>","protected":false},"featured_media":14355,"template":"","meta":{"_acf_changed":false},"product_brand":[],"product_cat":[385,339,70,76,74,676,121,128,125],"product_tag":[270],"class_list":{"0":"post-14187","1":"product","2":"type-product","3":"status-publish","4":"has-post-thumbnail","6":"product_cat-caes","7":"product_cat-caes-de-caca","8":"product_cat-casa-e-decoracao","9":"product_cat-colecionaveis","10":"product_cat-decoracao","11":"product_cat-gift-selection","12":"product_cat-gifts","13":"product_cat-presentes-acima-de-10000e","14":"product_cat-presentes-entre-1000e-a-2500e","15":"product_tag-prata","17":"first","18":"instock","19":"shipping-taxable","20":"purchasable","21":"product-type-simple"},"acf":[],"yoast_head":"<!-- This site is optimized with the Yoast SEO plugin v25.4 - https:\/\/yoast.com\/wordpress\/plugins\/seo\/ -->\n<title>c\u00e3es braco alem\u00e3o<\/title>\n<meta name=\"description\" content=\"A Leit\u00e3o &amp; Irm\u00e3o e o escultor Francisco Salter Cid desenvolvem uma cole\u00e7\u00e3o onde se homenageia os c\u00e3es de ca\u00e7a. Apresentamos a r\u00e9plica em prata do Braco Alem\u00e3o.\" \/>\n<meta name=\"robots\" content=\"index, follow, max-snippet:-1, max-image-preview:large, max-video-preview:-1\" \/>\n<link rel=\"canonical\" href=\"https:\/\/www.leitao-irmao.com\/en\/product\/caes-de-caca-braco-alemao\/\" \/>\n<meta property=\"og:locale\" content=\"en_GB\" \/>\n<meta property=\"og:type\" content=\"article\" \/>\n<meta property=\"og:title\" content=\"c\u00e3es braco alem\u00e3o\" \/>\n<meta property=\"og:description\" content=\"A Leit\u00e3o &amp; Irm\u00e3o e o escultor Francisco Salter Cid desenvolvem uma cole\u00e7\u00e3o onde se homenageia os c\u00e3es de ca\u00e7a. Apresentamos a r\u00e9plica em prata do Braco Alem\u00e3o.\" \/>\n<meta property=\"og:url\" content=\"https:\/\/www.leitao-irmao.com\/en\/product\/caes-de-caca-braco-alemao\/\" \/>\n<meta property=\"og:site_name\" content=\"Leit\u00e3o &amp; Irm\u00e3o\" \/>\n<meta property=\"article:modified_time\" content=\"2026-03-19T17:18:55+00:00\" \/>\n<meta property=\"og:image\" content=\"https:\/\/www.leitao-irmao.com\/wp-content\/uploads\/2023\/07\/1073010-1.jpg\" \/>\n\t<meta property=\"og:image:width\" content=\"1920\" \/>\n\t<meta property=\"og:image:height\" content=\"1920\" \/>\n\t<meta property=\"og:image:type\" content=\"image\/jpeg\" \/>\n<meta name=\"twitter:card\" content=\"summary_large_image\" \/>\n<meta name=\"twitter:label1\" content=\"Estimated reading time\" \/>\n\t<meta name=\"twitter:data1\" content=\"1 minute\" \/>\n<script type=\"application\/ld+json\" class=\"yoast-schema-graph\">{\"@context\":\"https:\/\/schema.org\",\"@graph\":[{\"@type\":\"WebPage\",\"@id\":\"https:\/\/www.leitao-irmao.com\/product\/caes-de-caca-braco-alemao\/\",\"url\":\"https:\/\/www.leitao-irmao.com\/product\/caes-de-caca-braco-alemao\/\",\"name\":\"c\u00e3es braco alem\u00e3o\",\"isPartOf\":{\"@id\":\"https:\/\/www.leitao-irmao.com\/#website\"},\"primaryImageOfPage\":{\"@id\":\"https:\/\/www.leitao-irmao.com\/product\/caes-de-caca-braco-alemao\/#primaryimage\"},\"image\":{\"@id\":\"https:\/\/www.leitao-irmao.com\/product\/caes-de-caca-braco-alemao\/#primaryimage\"},\"thumbnailUrl\":\"https:\/\/www.leitao-irmao.com\/wp-content\/uploads\/2023\/07\/1073010-1.jpg\",\"datePublished\":\"2023-07-24T11:11:19+00:00\",\"dateModified\":\"2026-03-19T17:18:55+00:00\",\"description\":\"A Leit\u00e3o & Irm\u00e3o e o escultor Francisco Salter Cid desenvolvem uma cole\u00e7\u00e3o onde se homenageia os c\u00e3es de ca\u00e7a. Apresentamos a r\u00e9plica em prata do Braco Alem\u00e3o.\",\"breadcrumb\":{\"@id\":\"https:\/\/www.leitao-irmao.com\/product\/caes-de-caca-braco-alemao\/#breadcrumb\"},\"inLanguage\":\"en-GB\",\"potentialAction\":[{\"@type\":\"ReadAction\",\"target\":[\"https:\/\/www.leitao-irmao.com\/product\/caes-de-caca-braco-alemao\/\"]}]},{\"@type\":\"ImageObject\",\"inLanguage\":\"en-GB\",\"@id\":\"https:\/\/www.leitao-irmao.com\/product\/caes-de-caca-braco-alemao\/#primaryimage\",\"url\":\"https:\/\/www.leitao-irmao.com\/wp-content\/uploads\/2023\/07\/1073010-1.jpg\",\"contentUrl\":\"https:\/\/www.leitao-irmao.com\/wp-content\/uploads\/2023\/07\/1073010-1.jpg\",\"width\":1920,\"height\":1920},{\"@type\":\"BreadcrumbList\",\"@id\":\"https:\/\/www.leitao-irmao.com\/product\/caes-de-caca-braco-alemao\/#breadcrumb\",\"itemListElement\":[{\"@type\":\"ListItem\",\"position\":1,\"name\":\"Home\",\"item\":\"https:\/\/www.leitao-irmao.com\/\"},{\"@type\":\"ListItem\",\"position\":2,\"name\":\"Products\",\"item\":\"https:\/\/www.leitao-irmao.com\/shop\/\"},{\"@type\":\"ListItem\",\"position\":3,\"name\":\"C\u00e3es de Ca\u00e7a | Braco Alem\u00e3o\"}]},{\"@type\":\"WebSite\",\"@id\":\"https:\/\/www.leitao-irmao.com\/#website\",\"url\":\"https:\/\/www.leitao-irmao.com\/\",\"name\":\"Leit\u00e3o & Irm\u00e3o\",\"description\":\"Joalheiros desde 1822\",\"publisher\":{\"@id\":\"https:\/\/www.leitao-irmao.com\/#organization\"},\"potentialAction\":[{\"@type\":\"SearchAction\",\"target\":{\"@type\":\"EntryPoint\",\"urlTemplate\":\"https:\/\/www.leitao-irmao.com\/?s={search_term_string}\"},\"query-input\":{\"@type\":\"PropertyValueSpecification\",\"valueRequired\":true,\"valueName\":\"search_term_string\"}}],\"inLanguage\":\"en-GB\"},{\"@type\":\"Organization\",\"@id\":\"https:\/\/www.leitao-irmao.com\/#organization\",\"name\":\"Leit\u00e3o & Irm\u00e3o\",\"url\":\"https:\/\/www.leitao-irmao.com\/\",\"logo\":{\"@type\":\"ImageObject\",\"inLanguage\":\"en-GB\",\"@id\":\"https:\/\/www.leitao-irmao.com\/#\/schema\/logo\/image\/\",\"url\":\"https:\/\/www.leitao-irmao.com\/wp-content\/uploads\/2022\/11\/leitaoirmao-logo.png\",\"contentUrl\":\"https:\/\/www.leitao-irmao.com\/wp-content\/uploads\/2022\/11\/leitaoirmao-logo.png\",\"width\":426,\"height\":89,\"caption\":\"Leit\u00e3o & Irm\u00e3o\"},\"image\":{\"@id\":\"https:\/\/www.leitao-irmao.com\/#\/schema\/logo\/image\/\"}}]}<\/script>\n<!-- \/ Yoast SEO plugin. -->","yoast_head_json":{"title":"c\u00e3es braco alem\u00e3o","description":"A Leit\u00e3o & Irm\u00e3o e o escultor Francisco Salter Cid desenvolvem uma cole\u00e7\u00e3o onde se homenageia os c\u00e3es de ca\u00e7a. Apresentamos a r\u00e9plica em prata do Braco Alem\u00e3o.","robots":{"index":"index","follow":"follow","max-snippet":"max-snippet:-1","max-image-preview":"max-image-preview:large","max-video-preview":"max-video-preview:-1"},"canonical":"https:\/\/www.leitao-irmao.com\/en\/product\/caes-de-caca-braco-alemao\/","og_locale":"en_GB","og_type":"article","og_title":"c\u00e3es braco alem\u00e3o","og_description":"A Leit\u00e3o & Irm\u00e3o e o escultor Francisco Salter Cid desenvolvem uma cole\u00e7\u00e3o onde se homenageia os c\u00e3es de ca\u00e7a. Apresentamos a r\u00e9plica em prata do Braco Alem\u00e3o.","og_url":"https:\/\/www.leitao-irmao.com\/en\/product\/caes-de-caca-braco-alemao\/","og_site_name":"Leit\u00e3o &amp; Irm\u00e3o","article_modified_time":"2026-03-19T17:18:55+00:00","og_image":[{"width":1920,"height":1920,"url":"https:\/\/www.leitao-irmao.com\/wp-content\/uploads\/2023\/07\/1073010-1.jpg","type":"image\/jpeg"}],"twitter_card":"summary_large_image","twitter_misc":{"Estimated reading time":"1 minute"},"schema":{"@context":"https:\/\/schema.org","@graph":[{"@type":"WebPage","@id":"https:\/\/www.leitao-irmao.com\/product\/caes-de-caca-braco-alemao\/","url":"https:\/\/www.leitao-irmao.com\/product\/caes-de-caca-braco-alemao\/","name":"c\u00e3es braco alem\u00e3o","isPartOf":{"@id":"https:\/\/www.leitao-irmao.com\/#website"},"primaryImageOfPage":{"@id":"https:\/\/www.leitao-irmao.com\/product\/caes-de-caca-braco-alemao\/#primaryimage"},"image":{"@id":"https:\/\/www.leitao-irmao.com\/product\/caes-de-caca-braco-alemao\/#primaryimage"},"thumbnailUrl":"https:\/\/www.leitao-irmao.com\/wp-content\/uploads\/2023\/07\/1073010-1.jpg","datePublished":"2023-07-24T11:11:19+00:00","dateModified":"2026-03-19T17:18:55+00:00","description":"A Leit\u00e3o & Irm\u00e3o e o escultor Francisco Salter Cid desenvolvem uma cole\u00e7\u00e3o onde se homenageia os c\u00e3es de ca\u00e7a. Apresentamos a r\u00e9plica em prata do Braco Alem\u00e3o.","breadcrumb":{"@id":"https:\/\/www.leitao-irmao.com\/product\/caes-de-caca-braco-alemao\/#breadcrumb"},"inLanguage":"en-GB","potentialAction":[{"@type":"ReadAction","target":["https:\/\/www.leitao-irmao.com\/product\/caes-de-caca-braco-alemao\/"]}]},{"@type":"ImageObject","inLanguage":"en-GB","@id":"https:\/\/www.leitao-irmao.com\/product\/caes-de-caca-braco-alemao\/#primaryimage","url":"https:\/\/www.leitao-irmao.com\/wp-content\/uploads\/2023\/07\/1073010-1.jpg","contentUrl":"https:\/\/www.leitao-irmao.com\/wp-content\/uploads\/2023\/07\/1073010-1.jpg","width":1920,"height":1920},{"@type":"BreadcrumbList","@id":"https:\/\/www.leitao-irmao.com\/product\/caes-de-caca-braco-alemao\/#breadcrumb","itemListElement":[{"@type":"ListItem","position":1,"name":"Home","item":"https:\/\/www.leitao-irmao.com\/"},{"@type":"ListItem","position":2,"name":"Products","item":"https:\/\/www.leitao-irmao.com\/shop\/"},{"@type":"ListItem","position":3,"name":"C\u00e3es de Ca\u00e7a | Braco Alem\u00e3o"}]},{"@type":"WebSite","@id":"https:\/\/www.leitao-irmao.com\/#website","url":"https:\/\/www.leitao-irmao.com\/","name":"Leit\u00e3o & Irm\u00e3o","description":"Joalheiros desde 1822","publisher":{"@id":"https:\/\/www.leitao-irmao.com\/#organization"},"potentialAction":[{"@type":"SearchAction","target":{"@type":"EntryPoint","urlTemplate":"https:\/\/www.leitao-irmao.com\/?s={search_term_string}"},"query-input":{"@type":"PropertyValueSpecification","valueRequired":true,"valueName":"search_term_string"}}],"inLanguage":"en-GB"},{"@type":"Organization","@id":"https:\/\/www.leitao-irmao.com\/#organization","name":"Leit\u00e3o & Irm\u00e3o","url":"https:\/\/www.leitao-irmao.com\/","logo":{"@type":"ImageObject","inLanguage":"en-GB","@id":"https:\/\/www.leitao-irmao.com\/#\/schema\/logo\/image\/","url":"https:\/\/www.leitao-irmao.com\/wp-content\/uploads\/2022\/11\/leitaoirmao-logo.png","contentUrl":"https:\/\/www.leitao-irmao.com\/wp-content\/uploads\/2022\/11\/leitaoirmao-logo.png","width":426,"height":89,"caption":"Leit\u00e3o & Irm\u00e3o"},"image":{"@id":"https:\/\/www.leitao-irmao.com\/#\/schema\/logo\/image\/"}}]}},"_links":{"self":[{"href":"https:\/\/www.leitao-irmao.com\/en\/wp-json\/wp\/v2\/product\/14187","targetHints":{"allow":["GET"]}}],"collection":[{"href":"https:\/\/www.leitao-irmao.com\/en\/wp-json\/wp\/v2\/product"}],"about":[{"href":"https:\/\/www.leitao-irmao.com\/en\/wp-json\/wp\/v2\/types\/product"}],"version-history":[{"count":1,"href":"https:\/\/www.leitao-irmao.com\/en\/wp-json\/wp\/v2\/product\/14187\/revisions"}],"predecessor-version":[{"id":34252,"href":"https:\/\/www.leitao-irmao.com\/en\/wp-json\/wp\/v2\/product\/14187\/revisions\/34252"}],"wp:featuredmedia":[{"embeddable":true,"href":"https:\/\/www.leitao-irmao.com\/en\/wp-json\/wp\/v2\/media\/14355"}],"wp:attachment":[{"href":"https:\/\/www.leitao-irmao.com\/en\/wp-json\/wp\/v2\/media?parent=14187"}],"wp:term":[{"taxonomy":"product_brand","embeddable":true,"href":"https:\/\/www.leitao-irmao.com\/en\/wp-json\/wp\/v2\/product_brand?post=14187"},{"taxonomy":"product_cat","embeddable":true,"href":"https:\/\/www.leitao-irmao.com\/en\/wp-json\/wp\/v2\/product_cat?post=14187"},{"taxonomy":"product_tag","embeddable":true,"href":"https:\/\/www.leitao-irmao.com\/en\/wp-json\/wp\/v2\/product_tag?post=14187"}],"curies":[{"name":"wp","href":"https:\/\/api.w.org\/{rel}","templated":true}]}}