{"id":14192,"date":"2023-07-24T11:11:22","date_gmt":"2023-07-24T11:11:22","guid":{"rendered":"https:\/\/www.leitao-irmao.com\/produto\/cao-de-caca-perdigueiro-portugues\/"},"modified":"2026-03-19T12:09:41","modified_gmt":"2026-03-19T12:09:41","slug":"cao-de-caca-perdigueiro-portugues","status":"publish","type":"product","link":"https:\/\/www.leitao-irmao.com\/en\/product\/cao-de-caca-perdigueiro-portugues\/","title":{"rendered":"Portuguese Partridge Hound"},"content":{"rendered":"","protected":false},"excerpt":{"rendered":"<p>Leit\u00e3o &amp; Irm\u00e3o has created a collection of silver dogs that honours man's best friend - the dog.<br \/>\nNesta edi\u00e7\u00e3o, o escultor Francisco Salter Cid criou edi\u00e7\u00f5es especiais e C\u00e3es de Ca\u00e7a em prata, manufaturados nas oficinas Leit\u00e3o &amp; Irm\u00e3o.<\/p>\n<p>Portuguese Partridge<br \/>\nThe Portuguese Partridge Dog originated in the Iberian Peninsula. It is a descendant of the ancient Peninsular Braco, which is a common ancestor of other stop dogs.<br \/>\nThe breed has retained its morphology and utilisation criteria, which are similar to those of today.<br \/>\nIts existence has been documented in Portugal since at least the 12th century. In the 14th century it was known as the \"podengo de mostra\" (show dog), demonstrating its appetite for hunting. It was bred in royal and noble kennels and used in hawk hunting.<br \/>\nExtremely gentle and affectionate, rustic and capable of great endurance and devotion.<br \/>\nCalm and quite sociable, but a little petulant towards his peers. Curious by nature, he works with persistence and vivacity. Very fond of hunting, he always collaborates closely with the hunter.<\/p>","protected":false},"featured_media":14310,"template":"","meta":{"_acf_changed":false},"product_brand":[],"product_cat":[385,339,70,76,74,676,121,125],"product_tag":[270],"class_list":{"0":"post-14192","1":"product","2":"type-product","3":"status-publish","4":"has-post-thumbnail","6":"product_cat-caes","7":"product_cat-caes-de-caca","8":"product_cat-casa-e-decoracao","9":"product_cat-colecionaveis","10":"product_cat-decoracao","11":"product_cat-gift-selection","12":"product_cat-gifts","13":"product_cat-presentes-entre-1000e-a-2500e","14":"product_tag-prata","16":"first","17":"instock","18":"shipping-taxable","19":"purchasable","20":"product-type-simple"},"acf":[],"yoast_head":"<!-- This site is optimized with the Yoast SEO plugin v25.4 - https:\/\/yoast.com\/wordpress\/plugins\/seo\/ -->\n<title>C\u00e3o de Ca\u00e7a Perdigueiro portugu\u00eas<\/title>\n<meta name=\"description\" content=\"A Leit\u00e3o &amp; Irm\u00e3o e o escultor Francisco Salter Cid desenvolvem uma cole\u00e7\u00e3o onde se homenageia os c\u00e3es de ca\u00e7a. Apresentamos a r\u00e9plica em prata do Perdigueiro Portugu\u00eas.\" \/>\n<meta name=\"robots\" content=\"index, follow, max-snippet:-1, max-image-preview:large, max-video-preview:-1\" \/>\n<link rel=\"canonical\" href=\"https:\/\/www.leitao-irmao.com\/en\/product\/cao-de-caca-perdigueiro-portugues\/\" \/>\n<meta property=\"og:locale\" content=\"en_GB\" \/>\n<meta property=\"og:type\" content=\"article\" \/>\n<meta property=\"og:title\" content=\"C\u00e3o de Ca\u00e7a Perdigueiro portugu\u00eas\" \/>\n<meta property=\"og:description\" content=\"A Leit\u00e3o &amp; Irm\u00e3o e o escultor Francisco Salter Cid desenvolvem uma cole\u00e7\u00e3o onde se homenageia os c\u00e3es de ca\u00e7a. Apresentamos a r\u00e9plica em prata do Perdigueiro Portugu\u00eas.\" \/>\n<meta property=\"og:url\" content=\"https:\/\/www.leitao-irmao.com\/en\/product\/cao-de-caca-perdigueiro-portugues\/\" \/>\n<meta property=\"og:site_name\" content=\"Leit\u00e3o &amp; Irm\u00e3o\" \/>\n<meta property=\"article:modified_time\" content=\"2026-03-19T12:09:41+00:00\" \/>\n<meta property=\"og:image\" content=\"https:\/\/www.leitao-irmao.com\/wp-content\/uploads\/2023\/07\/cao-perdigueiro-portugues-1073006.jpg\" \/>\n\t<meta property=\"og:image:width\" content=\"1080\" \/>\n\t<meta property=\"og:image:height\" content=\"1080\" \/>\n\t<meta property=\"og:image:type\" content=\"image\/jpeg\" \/>\n<meta name=\"twitter:card\" content=\"summary_large_image\" \/>\n<meta name=\"twitter:label1\" content=\"Estimated reading time\" \/>\n\t<meta name=\"twitter:data1\" content=\"1 minute\" \/>\n<script type=\"application\/ld+json\" class=\"yoast-schema-graph\">{\"@context\":\"https:\/\/schema.org\",\"@graph\":[{\"@type\":\"WebPage\",\"@id\":\"https:\/\/www.leitao-irmao.com\/product\/cao-de-caca-perdigueiro-portugues\/\",\"url\":\"https:\/\/www.leitao-irmao.com\/product\/cao-de-caca-perdigueiro-portugues\/\",\"name\":\"C\u00e3o de Ca\u00e7a Perdigueiro portugu\u00eas\",\"isPartOf\":{\"@id\":\"https:\/\/www.leitao-irmao.com\/#website\"},\"primaryImageOfPage\":{\"@id\":\"https:\/\/www.leitao-irmao.com\/product\/cao-de-caca-perdigueiro-portugues\/#primaryimage\"},\"image\":{\"@id\":\"https:\/\/www.leitao-irmao.com\/product\/cao-de-caca-perdigueiro-portugues\/#primaryimage\"},\"thumbnailUrl\":\"https:\/\/www.leitao-irmao.com\/wp-content\/uploads\/2023\/07\/cao-perdigueiro-portugues-1073006.jpg\",\"datePublished\":\"2023-07-24T11:11:22+00:00\",\"dateModified\":\"2026-03-19T12:09:41+00:00\",\"description\":\"A Leit\u00e3o & Irm\u00e3o e o escultor Francisco Salter Cid desenvolvem uma cole\u00e7\u00e3o onde se homenageia os c\u00e3es de ca\u00e7a. Apresentamos a r\u00e9plica em prata do Perdigueiro Portugu\u00eas.\",\"breadcrumb\":{\"@id\":\"https:\/\/www.leitao-irmao.com\/product\/cao-de-caca-perdigueiro-portugues\/#breadcrumb\"},\"inLanguage\":\"en-GB\",\"potentialAction\":[{\"@type\":\"ReadAction\",\"target\":[\"https:\/\/www.leitao-irmao.com\/product\/cao-de-caca-perdigueiro-portugues\/\"]}]},{\"@type\":\"ImageObject\",\"inLanguage\":\"en-GB\",\"@id\":\"https:\/\/www.leitao-irmao.com\/product\/cao-de-caca-perdigueiro-portugues\/#primaryimage\",\"url\":\"https:\/\/www.leitao-irmao.com\/wp-content\/uploads\/2023\/07\/cao-perdigueiro-portugues-1073006.jpg\",\"contentUrl\":\"https:\/\/www.leitao-irmao.com\/wp-content\/uploads\/2023\/07\/cao-perdigueiro-portugues-1073006.jpg\",\"width\":1080,\"height\":1080},{\"@type\":\"BreadcrumbList\",\"@id\":\"https:\/\/www.leitao-irmao.com\/product\/cao-de-caca-perdigueiro-portugues\/#breadcrumb\",\"itemListElement\":[{\"@type\":\"ListItem\",\"position\":1,\"name\":\"Home\",\"item\":\"https:\/\/www.leitao-irmao.com\/\"},{\"@type\":\"ListItem\",\"position\":2,\"name\":\"Products\",\"item\":\"https:\/\/www.leitao-irmao.com\/shop\/\"},{\"@type\":\"ListItem\",\"position\":3,\"name\":\"C\u00e3o de Ca\u00e7a Perdigueiro Portugu\u00eas\"}]},{\"@type\":\"WebSite\",\"@id\":\"https:\/\/www.leitao-irmao.com\/#website\",\"url\":\"https:\/\/www.leitao-irmao.com\/\",\"name\":\"Leit\u00e3o & Irm\u00e3o\",\"description\":\"Joalheiros desde 1822\",\"publisher\":{\"@id\":\"https:\/\/www.leitao-irmao.com\/#organization\"},\"potentialAction\":[{\"@type\":\"SearchAction\",\"target\":{\"@type\":\"EntryPoint\",\"urlTemplate\":\"https:\/\/www.leitao-irmao.com\/?s={search_term_string}\"},\"query-input\":{\"@type\":\"PropertyValueSpecification\",\"valueRequired\":true,\"valueName\":\"search_term_string\"}}],\"inLanguage\":\"en-GB\"},{\"@type\":\"Organization\",\"@id\":\"https:\/\/www.leitao-irmao.com\/#organization\",\"name\":\"Leit\u00e3o & Irm\u00e3o\",\"url\":\"https:\/\/www.leitao-irmao.com\/\",\"logo\":{\"@type\":\"ImageObject\",\"inLanguage\":\"en-GB\",\"@id\":\"https:\/\/www.leitao-irmao.com\/#\/schema\/logo\/image\/\",\"url\":\"https:\/\/www.leitao-irmao.com\/wp-content\/uploads\/2022\/11\/leitaoirmao-logo.png\",\"contentUrl\":\"https:\/\/www.leitao-irmao.com\/wp-content\/uploads\/2022\/11\/leitaoirmao-logo.png\",\"width\":426,\"height\":89,\"caption\":\"Leit\u00e3o & Irm\u00e3o\"},\"image\":{\"@id\":\"https:\/\/www.leitao-irmao.com\/#\/schema\/logo\/image\/\"}}]}<\/script>\n<!-- \/ Yoast SEO plugin. -->","yoast_head_json":{"title":"C\u00e3o de Ca\u00e7a Perdigueiro portugu\u00eas","description":"A Leit\u00e3o & Irm\u00e3o e o escultor Francisco Salter Cid desenvolvem uma cole\u00e7\u00e3o onde se homenageia os c\u00e3es de ca\u00e7a. Apresentamos a r\u00e9plica em prata do Perdigueiro Portugu\u00eas.","robots":{"index":"index","follow":"follow","max-snippet":"max-snippet:-1","max-image-preview":"max-image-preview:large","max-video-preview":"max-video-preview:-1"},"canonical":"https:\/\/www.leitao-irmao.com\/en\/product\/cao-de-caca-perdigueiro-portugues\/","og_locale":"en_GB","og_type":"article","og_title":"C\u00e3o de Ca\u00e7a Perdigueiro portugu\u00eas","og_description":"A Leit\u00e3o & Irm\u00e3o e o escultor Francisco Salter Cid desenvolvem uma cole\u00e7\u00e3o onde se homenageia os c\u00e3es de ca\u00e7a. Apresentamos a r\u00e9plica em prata do Perdigueiro Portugu\u00eas.","og_url":"https:\/\/www.leitao-irmao.com\/en\/product\/cao-de-caca-perdigueiro-portugues\/","og_site_name":"Leit\u00e3o &amp; Irm\u00e3o","article_modified_time":"2026-03-19T12:09:41+00:00","og_image":[{"width":1080,"height":1080,"url":"https:\/\/www.leitao-irmao.com\/wp-content\/uploads\/2023\/07\/cao-perdigueiro-portugues-1073006.jpg","type":"image\/jpeg"}],"twitter_card":"summary_large_image","twitter_misc":{"Estimated reading time":"1 minute"},"schema":{"@context":"https:\/\/schema.org","@graph":[{"@type":"WebPage","@id":"https:\/\/www.leitao-irmao.com\/product\/cao-de-caca-perdigueiro-portugues\/","url":"https:\/\/www.leitao-irmao.com\/product\/cao-de-caca-perdigueiro-portugues\/","name":"C\u00e3o de Ca\u00e7a Perdigueiro portugu\u00eas","isPartOf":{"@id":"https:\/\/www.leitao-irmao.com\/#website"},"primaryImageOfPage":{"@id":"https:\/\/www.leitao-irmao.com\/product\/cao-de-caca-perdigueiro-portugues\/#primaryimage"},"image":{"@id":"https:\/\/www.leitao-irmao.com\/product\/cao-de-caca-perdigueiro-portugues\/#primaryimage"},"thumbnailUrl":"https:\/\/www.leitao-irmao.com\/wp-content\/uploads\/2023\/07\/cao-perdigueiro-portugues-1073006.jpg","datePublished":"2023-07-24T11:11:22+00:00","dateModified":"2026-03-19T12:09:41+00:00","description":"A Leit\u00e3o & Irm\u00e3o e o escultor Francisco Salter Cid desenvolvem uma cole\u00e7\u00e3o onde se homenageia os c\u00e3es de ca\u00e7a. Apresentamos a r\u00e9plica em prata do Perdigueiro Portugu\u00eas.","breadcrumb":{"@id":"https:\/\/www.leitao-irmao.com\/product\/cao-de-caca-perdigueiro-portugues\/#breadcrumb"},"inLanguage":"en-GB","potentialAction":[{"@type":"ReadAction","target":["https:\/\/www.leitao-irmao.com\/product\/cao-de-caca-perdigueiro-portugues\/"]}]},{"@type":"ImageObject","inLanguage":"en-GB","@id":"https:\/\/www.leitao-irmao.com\/product\/cao-de-caca-perdigueiro-portugues\/#primaryimage","url":"https:\/\/www.leitao-irmao.com\/wp-content\/uploads\/2023\/07\/cao-perdigueiro-portugues-1073006.jpg","contentUrl":"https:\/\/www.leitao-irmao.com\/wp-content\/uploads\/2023\/07\/cao-perdigueiro-portugues-1073006.jpg","width":1080,"height":1080},{"@type":"BreadcrumbList","@id":"https:\/\/www.leitao-irmao.com\/product\/cao-de-caca-perdigueiro-portugues\/#breadcrumb","itemListElement":[{"@type":"ListItem","position":1,"name":"Home","item":"https:\/\/www.leitao-irmao.com\/"},{"@type":"ListItem","position":2,"name":"Products","item":"https:\/\/www.leitao-irmao.com\/shop\/"},{"@type":"ListItem","position":3,"name":"C\u00e3o de Ca\u00e7a Perdigueiro Portugu\u00eas"}]},{"@type":"WebSite","@id":"https:\/\/www.leitao-irmao.com\/#website","url":"https:\/\/www.leitao-irmao.com\/","name":"Leit\u00e3o & Irm\u00e3o","description":"Joalheiros desde 1822","publisher":{"@id":"https:\/\/www.leitao-irmao.com\/#organization"},"potentialAction":[{"@type":"SearchAction","target":{"@type":"EntryPoint","urlTemplate":"https:\/\/www.leitao-irmao.com\/?s={search_term_string}"},"query-input":{"@type":"PropertyValueSpecification","valueRequired":true,"valueName":"search_term_string"}}],"inLanguage":"en-GB"},{"@type":"Organization","@id":"https:\/\/www.leitao-irmao.com\/#organization","name":"Leit\u00e3o & Irm\u00e3o","url":"https:\/\/www.leitao-irmao.com\/","logo":{"@type":"ImageObject","inLanguage":"en-GB","@id":"https:\/\/www.leitao-irmao.com\/#\/schema\/logo\/image\/","url":"https:\/\/www.leitao-irmao.com\/wp-content\/uploads\/2022\/11\/leitaoirmao-logo.png","contentUrl":"https:\/\/www.leitao-irmao.com\/wp-content\/uploads\/2022\/11\/leitaoirmao-logo.png","width":426,"height":89,"caption":"Leit\u00e3o & Irm\u00e3o"},"image":{"@id":"https:\/\/www.leitao-irmao.com\/#\/schema\/logo\/image\/"}}]}},"_links":{"self":[{"href":"https:\/\/www.leitao-irmao.com\/en\/wp-json\/wp\/v2\/product\/14192","targetHints":{"allow":["GET"]}}],"collection":[{"href":"https:\/\/www.leitao-irmao.com\/en\/wp-json\/wp\/v2\/product"}],"about":[{"href":"https:\/\/www.leitao-irmao.com\/en\/wp-json\/wp\/v2\/types\/product"}],"version-history":[{"count":1,"href":"https:\/\/www.leitao-irmao.com\/en\/wp-json\/wp\/v2\/product\/14192\/revisions"}],"predecessor-version":[{"id":34260,"href":"https:\/\/www.leitao-irmao.com\/en\/wp-json\/wp\/v2\/product\/14192\/revisions\/34260"}],"wp:featuredmedia":[{"embeddable":true,"href":"https:\/\/www.leitao-irmao.com\/en\/wp-json\/wp\/v2\/media\/14310"}],"wp:attachment":[{"href":"https:\/\/www.leitao-irmao.com\/en\/wp-json\/wp\/v2\/media?parent=14192"}],"wp:term":[{"taxonomy":"product_brand","embeddable":true,"href":"https:\/\/www.leitao-irmao.com\/en\/wp-json\/wp\/v2\/product_brand?post=14192"},{"taxonomy":"product_cat","embeddable":true,"href":"https:\/\/www.leitao-irmao.com\/en\/wp-json\/wp\/v2\/product_cat?post=14192"},{"taxonomy":"product_tag","embeddable":true,"href":"https:\/\/www.leitao-irmao.com\/en\/wp-json\/wp\/v2\/product_tag?post=14192"}],"curies":[{"name":"wp","href":"https:\/\/api.w.org\/{rel}","templated":true}]}}