{"id":14196,"date":"2023-07-24T11:11:28","date_gmt":"2023-07-24T11:11:28","guid":{"rendered":"https:\/\/www.leitao-irmao.com\/produto\/caes-dobermann\/"},"modified":"2026-02-26T10:28:12","modified_gmt":"2026-02-26T10:28:12","slug":"caes-em-prata-dobermann","status":"publish","type":"product","link":"https:\/\/www.leitao-irmao.com\/en\/product\/caes-em-prata-dobermann\/","title":{"rendered":"Dogs | Dobermann"},"content":{"rendered":"","protected":false},"excerpt":{"rendered":"<p>Leit\u00e3o &amp; Irm\u00e3o has created a collection of silver dogs that honours man's best friend - the dog.<br \/>\nIn this edition, the Leit\u00e3o &amp; Irm\u00e3o workshops have created a replica of the Doberman.<\/p>\n<p>Dobermann<br \/>\nThe Dobermann is loyal, affectionate and protective of his home. A breed that needs an owner who will devote their time and attention to it.<br \/>\nAt the end of the 19th century, a German night watchman with several dog breeds, in charge of a kennel and tax collector called Mr Louis Dobermann needed the ultimate protection dog to accompany him on his rounds. It is assumed that the Dobermann descended from Rottweilers and German Dogs for their size and strength, Greyhounds for their speed, and Manchester Terriers for their elegant coat and graceful silhouette, as well as the tenacity of terriers. Other breeds that eventually shared their lineage were Schnauzers, German Pinschers, German Shepherds, Shorthaired Pointers and Weimaraners.<\/p>","protected":false},"featured_media":14303,"template":"","meta":{"_acf_changed":false},"product_brand":[],"product_cat":[385,70,76,74,676,121,125],"product_tag":[270],"class_list":{"0":"post-14196","1":"product","2":"type-product","3":"status-publish","4":"has-post-thumbnail","6":"product_cat-caes","7":"product_cat-casa-e-decoracao","8":"product_cat-colecionaveis","9":"product_cat-decoracao","10":"product_cat-gift-selection","11":"product_cat-gifts","12":"product_cat-presentes-entre-1000e-a-2500e","13":"product_tag-prata","15":"first","16":"instock","17":"shipping-taxable","18":"purchasable","19":"product-type-simple"},"acf":[],"yoast_head":"<!-- This site is optimized with the Yoast SEO plugin v25.4 - https:\/\/yoast.com\/wordpress\/plugins\/seo\/ -->\n<title>C\u00e3es Dobermann<\/title>\n<meta name=\"description\" content=\"A Leit\u00e3o &amp; Irm\u00e3o, criou uma cole\u00e7\u00e3o de c\u00e3es em prata, que homenageia o melhor amigo do Homem. Apresentamos uma r\u00e9plica em prata do possante Doberman.\" \/>\n<meta name=\"robots\" content=\"index, follow, max-snippet:-1, max-image-preview:large, max-video-preview:-1\" \/>\n<link rel=\"canonical\" href=\"https:\/\/www.leitao-irmao.com\/en\/product\/caes-em-prata-dobermann\/\" \/>\n<meta property=\"og:locale\" content=\"en_GB\" \/>\n<meta property=\"og:type\" content=\"article\" \/>\n<meta property=\"og:title\" content=\"C\u00e3es Dobermann\" \/>\n<meta property=\"og:description\" content=\"A Leit\u00e3o &amp; Irm\u00e3o, criou uma cole\u00e7\u00e3o de c\u00e3es em prata, que homenageia o melhor amigo do Homem. Apresentamos uma r\u00e9plica em prata do possante Doberman.\" \/>\n<meta property=\"og:url\" content=\"https:\/\/www.leitao-irmao.com\/en\/product\/caes-em-prata-dobermann\/\" \/>\n<meta property=\"og:site_name\" content=\"Leit\u00e3o &amp; Irm\u00e3o\" \/>\n<meta property=\"article:modified_time\" content=\"2026-02-26T10:28:12+00:00\" \/>\n<meta property=\"og:image\" content=\"https:\/\/www.leitao-irmao.com\/wp-content\/uploads\/2023\/07\/0503645_dobermann_caes2022.jpg\" \/>\n\t<meta property=\"og:image:width\" content=\"1080\" \/>\n\t<meta property=\"og:image:height\" content=\"1080\" \/>\n\t<meta property=\"og:image:type\" content=\"image\/jpeg\" \/>\n<meta name=\"twitter:card\" content=\"summary_large_image\" \/>\n<meta name=\"twitter:label1\" content=\"Estimated reading time\" \/>\n\t<meta name=\"twitter:data1\" content=\"1 minute\" \/>\n<script type=\"application\/ld+json\" class=\"yoast-schema-graph\">{\"@context\":\"https:\/\/schema.org\",\"@graph\":[{\"@type\":\"WebPage\",\"@id\":\"https:\/\/www.leitao-irmao.com\/product\/caes-em-prata-dobermann\/\",\"url\":\"https:\/\/www.leitao-irmao.com\/product\/caes-em-prata-dobermann\/\",\"name\":\"C\u00e3es Dobermann\",\"isPartOf\":{\"@id\":\"https:\/\/www.leitao-irmao.com\/#website\"},\"primaryImageOfPage\":{\"@id\":\"https:\/\/www.leitao-irmao.com\/product\/caes-em-prata-dobermann\/#primaryimage\"},\"image\":{\"@id\":\"https:\/\/www.leitao-irmao.com\/product\/caes-em-prata-dobermann\/#primaryimage\"},\"thumbnailUrl\":\"https:\/\/www.leitao-irmao.com\/wp-content\/uploads\/2023\/07\/0503645_dobermann_caes2022.jpg\",\"datePublished\":\"2023-07-24T11:11:28+00:00\",\"dateModified\":\"2026-02-26T10:28:12+00:00\",\"description\":\"A Leit\u00e3o & Irm\u00e3o, criou uma cole\u00e7\u00e3o de c\u00e3es em prata, que homenageia o melhor amigo do Homem. Apresentamos uma r\u00e9plica em prata do possante Doberman.\",\"breadcrumb\":{\"@id\":\"https:\/\/www.leitao-irmao.com\/product\/caes-em-prata-dobermann\/#breadcrumb\"},\"inLanguage\":\"en-GB\",\"potentialAction\":[{\"@type\":\"ReadAction\",\"target\":[\"https:\/\/www.leitao-irmao.com\/product\/caes-em-prata-dobermann\/\"]}]},{\"@type\":\"ImageObject\",\"inLanguage\":\"en-GB\",\"@id\":\"https:\/\/www.leitao-irmao.com\/product\/caes-em-prata-dobermann\/#primaryimage\",\"url\":\"https:\/\/www.leitao-irmao.com\/wp-content\/uploads\/2023\/07\/0503645_dobermann_caes2022.jpg\",\"contentUrl\":\"https:\/\/www.leitao-irmao.com\/wp-content\/uploads\/2023\/07\/0503645_dobermann_caes2022.jpg\",\"width\":1080,\"height\":1080},{\"@type\":\"BreadcrumbList\",\"@id\":\"https:\/\/www.leitao-irmao.com\/product\/caes-em-prata-dobermann\/#breadcrumb\",\"itemListElement\":[{\"@type\":\"ListItem\",\"position\":1,\"name\":\"Home\",\"item\":\"https:\/\/www.leitao-irmao.com\/\"},{\"@type\":\"ListItem\",\"position\":2,\"name\":\"Products\",\"item\":\"https:\/\/www.leitao-irmao.com\/shop\/\"},{\"@type\":\"ListItem\",\"position\":3,\"name\":\"C\u00e3es | Dobermann\"}]},{\"@type\":\"WebSite\",\"@id\":\"https:\/\/www.leitao-irmao.com\/#website\",\"url\":\"https:\/\/www.leitao-irmao.com\/\",\"name\":\"Leit\u00e3o & Irm\u00e3o\",\"description\":\"Joalheiros desde 1822\",\"publisher\":{\"@id\":\"https:\/\/www.leitao-irmao.com\/#organization\"},\"potentialAction\":[{\"@type\":\"SearchAction\",\"target\":{\"@type\":\"EntryPoint\",\"urlTemplate\":\"https:\/\/www.leitao-irmao.com\/?s={search_term_string}\"},\"query-input\":{\"@type\":\"PropertyValueSpecification\",\"valueRequired\":true,\"valueName\":\"search_term_string\"}}],\"inLanguage\":\"en-GB\"},{\"@type\":\"Organization\",\"@id\":\"https:\/\/www.leitao-irmao.com\/#organization\",\"name\":\"Leit\u00e3o & Irm\u00e3o\",\"url\":\"https:\/\/www.leitao-irmao.com\/\",\"logo\":{\"@type\":\"ImageObject\",\"inLanguage\":\"en-GB\",\"@id\":\"https:\/\/www.leitao-irmao.com\/#\/schema\/logo\/image\/\",\"url\":\"https:\/\/www.leitao-irmao.com\/wp-content\/uploads\/2022\/11\/leitaoirmao-logo.png\",\"contentUrl\":\"https:\/\/www.leitao-irmao.com\/wp-content\/uploads\/2022\/11\/leitaoirmao-logo.png\",\"width\":426,\"height\":89,\"caption\":\"Leit\u00e3o & Irm\u00e3o\"},\"image\":{\"@id\":\"https:\/\/www.leitao-irmao.com\/#\/schema\/logo\/image\/\"}}]}<\/script>\n<!-- \/ Yoast SEO plugin. -->","yoast_head_json":{"title":"C\u00e3es Dobermann","description":"A Leit\u00e3o & Irm\u00e3o, criou uma cole\u00e7\u00e3o de c\u00e3es em prata, que homenageia o melhor amigo do Homem. Apresentamos uma r\u00e9plica em prata do possante Doberman.","robots":{"index":"index","follow":"follow","max-snippet":"max-snippet:-1","max-image-preview":"max-image-preview:large","max-video-preview":"max-video-preview:-1"},"canonical":"https:\/\/www.leitao-irmao.com\/en\/product\/caes-em-prata-dobermann\/","og_locale":"en_GB","og_type":"article","og_title":"C\u00e3es Dobermann","og_description":"A Leit\u00e3o & Irm\u00e3o, criou uma cole\u00e7\u00e3o de c\u00e3es em prata, que homenageia o melhor amigo do Homem. Apresentamos uma r\u00e9plica em prata do possante Doberman.","og_url":"https:\/\/www.leitao-irmao.com\/en\/product\/caes-em-prata-dobermann\/","og_site_name":"Leit\u00e3o &amp; Irm\u00e3o","article_modified_time":"2026-02-26T10:28:12+00:00","og_image":[{"width":1080,"height":1080,"url":"https:\/\/www.leitao-irmao.com\/wp-content\/uploads\/2023\/07\/0503645_dobermann_caes2022.jpg","type":"image\/jpeg"}],"twitter_card":"summary_large_image","twitter_misc":{"Estimated reading time":"1 minute"},"schema":{"@context":"https:\/\/schema.org","@graph":[{"@type":"WebPage","@id":"https:\/\/www.leitao-irmao.com\/product\/caes-em-prata-dobermann\/","url":"https:\/\/www.leitao-irmao.com\/product\/caes-em-prata-dobermann\/","name":"C\u00e3es Dobermann","isPartOf":{"@id":"https:\/\/www.leitao-irmao.com\/#website"},"primaryImageOfPage":{"@id":"https:\/\/www.leitao-irmao.com\/product\/caes-em-prata-dobermann\/#primaryimage"},"image":{"@id":"https:\/\/www.leitao-irmao.com\/product\/caes-em-prata-dobermann\/#primaryimage"},"thumbnailUrl":"https:\/\/www.leitao-irmao.com\/wp-content\/uploads\/2023\/07\/0503645_dobermann_caes2022.jpg","datePublished":"2023-07-24T11:11:28+00:00","dateModified":"2026-02-26T10:28:12+00:00","description":"A Leit\u00e3o & Irm\u00e3o, criou uma cole\u00e7\u00e3o de c\u00e3es em prata, que homenageia o melhor amigo do Homem. Apresentamos uma r\u00e9plica em prata do possante Doberman.","breadcrumb":{"@id":"https:\/\/www.leitao-irmao.com\/product\/caes-em-prata-dobermann\/#breadcrumb"},"inLanguage":"en-GB","potentialAction":[{"@type":"ReadAction","target":["https:\/\/www.leitao-irmao.com\/product\/caes-em-prata-dobermann\/"]}]},{"@type":"ImageObject","inLanguage":"en-GB","@id":"https:\/\/www.leitao-irmao.com\/product\/caes-em-prata-dobermann\/#primaryimage","url":"https:\/\/www.leitao-irmao.com\/wp-content\/uploads\/2023\/07\/0503645_dobermann_caes2022.jpg","contentUrl":"https:\/\/www.leitao-irmao.com\/wp-content\/uploads\/2023\/07\/0503645_dobermann_caes2022.jpg","width":1080,"height":1080},{"@type":"BreadcrumbList","@id":"https:\/\/www.leitao-irmao.com\/product\/caes-em-prata-dobermann\/#breadcrumb","itemListElement":[{"@type":"ListItem","position":1,"name":"Home","item":"https:\/\/www.leitao-irmao.com\/"},{"@type":"ListItem","position":2,"name":"Products","item":"https:\/\/www.leitao-irmao.com\/shop\/"},{"@type":"ListItem","position":3,"name":"C\u00e3es | Dobermann"}]},{"@type":"WebSite","@id":"https:\/\/www.leitao-irmao.com\/#website","url":"https:\/\/www.leitao-irmao.com\/","name":"Leit\u00e3o & Irm\u00e3o","description":"Joalheiros desde 1822","publisher":{"@id":"https:\/\/www.leitao-irmao.com\/#organization"},"potentialAction":[{"@type":"SearchAction","target":{"@type":"EntryPoint","urlTemplate":"https:\/\/www.leitao-irmao.com\/?s={search_term_string}"},"query-input":{"@type":"PropertyValueSpecification","valueRequired":true,"valueName":"search_term_string"}}],"inLanguage":"en-GB"},{"@type":"Organization","@id":"https:\/\/www.leitao-irmao.com\/#organization","name":"Leit\u00e3o & Irm\u00e3o","url":"https:\/\/www.leitao-irmao.com\/","logo":{"@type":"ImageObject","inLanguage":"en-GB","@id":"https:\/\/www.leitao-irmao.com\/#\/schema\/logo\/image\/","url":"https:\/\/www.leitao-irmao.com\/wp-content\/uploads\/2022\/11\/leitaoirmao-logo.png","contentUrl":"https:\/\/www.leitao-irmao.com\/wp-content\/uploads\/2022\/11\/leitaoirmao-logo.png","width":426,"height":89,"caption":"Leit\u00e3o & Irm\u00e3o"},"image":{"@id":"https:\/\/www.leitao-irmao.com\/#\/schema\/logo\/image\/"}}]}},"_links":{"self":[{"href":"https:\/\/www.leitao-irmao.com\/en\/wp-json\/wp\/v2\/product\/14196","targetHints":{"allow":["GET"]}}],"collection":[{"href":"https:\/\/www.leitao-irmao.com\/en\/wp-json\/wp\/v2\/product"}],"about":[{"href":"https:\/\/www.leitao-irmao.com\/en\/wp-json\/wp\/v2\/types\/product"}],"version-history":[{"count":2,"href":"https:\/\/www.leitao-irmao.com\/en\/wp-json\/wp\/v2\/product\/14196\/revisions"}],"predecessor-version":[{"id":35050,"href":"https:\/\/www.leitao-irmao.com\/en\/wp-json\/wp\/v2\/product\/14196\/revisions\/35050"}],"wp:featuredmedia":[{"embeddable":true,"href":"https:\/\/www.leitao-irmao.com\/en\/wp-json\/wp\/v2\/media\/14303"}],"wp:attachment":[{"href":"https:\/\/www.leitao-irmao.com\/en\/wp-json\/wp\/v2\/media?parent=14196"}],"wp:term":[{"taxonomy":"product_brand","embeddable":true,"href":"https:\/\/www.leitao-irmao.com\/en\/wp-json\/wp\/v2\/product_brand?post=14196"},{"taxonomy":"product_cat","embeddable":true,"href":"https:\/\/www.leitao-irmao.com\/en\/wp-json\/wp\/v2\/product_cat?post=14196"},{"taxonomy":"product_tag","embeddable":true,"href":"https:\/\/www.leitao-irmao.com\/en\/wp-json\/wp\/v2\/product_tag?post=14196"}],"curies":[{"name":"wp","href":"https:\/\/api.w.org\/{rel}","templated":true}]}}