{"id":14201,"date":"2023-07-24T11:11:31","date_gmt":"2023-07-24T11:11:31","guid":{"rendered":"https:\/\/www.leitao-irmao.com\/produto\/caes-buldogue-frances\/"},"modified":"2026-02-23T17:37:35","modified_gmt":"2026-02-23T17:37:35","slug":"caes-em-prata-bulldogue-frances","status":"publish","type":"product","link":"https:\/\/www.leitao-irmao.com\/en\/product\/caes-em-prata-bulldogue-frances\/","title":{"rendered":"Dogs in silver | French Bulldog"},"content":{"rendered":"","protected":false},"excerpt":{"rendered":"<p>NEW LAUNCH 2023<\/p>\n<p>&nbsp;<\/p>\n<p>Leit\u00e3o &amp; Irm\u00e3o has created a collection of silver dogs that honours man's best friend - the dog.<br \/>\nFor the 2023 edition, Leit\u00e3o &amp; Irm\u00e3o workshops have created a replica of the fun French Bulldog.<\/p>\n<p><strong>French Bulldog<\/strong><\/p>\n<p>The French Bulldog is a fun-loving dog, full of life and affectionate towards his family. He's so brave that he often thinks he's bigger than he really is.<\/p>\n<p>The Miniature Bulldog was a popular companion for lace makers in the Midlands in the United Kingdom. This was a time when it was common for dogs to accompany workers to the factories.<\/p>\n<p>Some labourers emigrated to France with their dogs and pets. Over time, they crossed their dogs with dogs with shorter muzzles to create the French Bulldog as we know it today.<\/p>","protected":false},"featured_media":14377,"template":"","meta":{"_acf_changed":false},"product_brand":[],"product_cat":[385,70,76,74,676,121,124],"product_tag":[270],"class_list":{"0":"post-14201","1":"product","2":"type-product","3":"status-publish","4":"has-post-thumbnail","6":"product_cat-caes","7":"product_cat-casa-e-decoracao","8":"product_cat-colecionaveis","9":"product_cat-decoracao","10":"product_cat-gift-selection","11":"product_cat-gifts","12":"product_cat-presentes-entre-500e-a-1000e","13":"product_tag-prata","15":"first","16":"instock","17":"shipping-taxable","18":"purchasable","19":"product-type-simple"},"acf":[],"yoast_head":"<!-- This site is optimized with the Yoast SEO plugin v25.4 - https:\/\/yoast.com\/wordpress\/plugins\/seo\/ -->\n<title>C\u00e3es bulldog franc\u00eas<\/title>\n<meta name=\"description\" content=\"A Leit\u00e3o &amp; Irm\u00e3o, criou uma cole\u00e7\u00e3o de c\u00e3es em prata, que homenageia o melhor amigo do Homem. Recriou-se o divertido Bulldog Franc\u00eas.\" \/>\n<meta name=\"robots\" content=\"index, follow, max-snippet:-1, max-image-preview:large, max-video-preview:-1\" \/>\n<link rel=\"canonical\" href=\"https:\/\/www.leitao-irmao.com\/en\/product\/caes-em-prata-bulldogue-frances\/\" \/>\n<meta property=\"og:locale\" content=\"en_GB\" \/>\n<meta property=\"og:type\" content=\"article\" \/>\n<meta property=\"og:title\" content=\"C\u00e3es bulldog franc\u00eas\" \/>\n<meta property=\"og:description\" content=\"A Leit\u00e3o &amp; Irm\u00e3o, criou uma cole\u00e7\u00e3o de c\u00e3es em prata, que homenageia o melhor amigo do Homem. Recriou-se o divertido Bulldog Franc\u00eas.\" \/>\n<meta property=\"og:url\" content=\"https:\/\/www.leitao-irmao.com\/en\/product\/caes-em-prata-bulldogue-frances\/\" \/>\n<meta property=\"og:site_name\" content=\"Leit\u00e3o &amp; Irm\u00e3o\" \/>\n<meta property=\"article:modified_time\" content=\"2026-02-23T17:37:35+00:00\" \/>\n<meta property=\"og:image\" content=\"https:\/\/www.leitao-irmao.com\/wp-content\/uploads\/2023\/07\/bulldog_frances_caes2023.jpg\" \/>\n\t<meta property=\"og:image:width\" content=\"1080\" \/>\n\t<meta property=\"og:image:height\" content=\"1080\" \/>\n\t<meta property=\"og:image:type\" content=\"image\/jpeg\" \/>\n<meta name=\"twitter:card\" content=\"summary_large_image\" \/>\n<meta name=\"twitter:label1\" content=\"Estimated reading time\" \/>\n\t<meta name=\"twitter:data1\" content=\"1 minute\" \/>\n<script type=\"application\/ld+json\" class=\"yoast-schema-graph\">{\"@context\":\"https:\/\/schema.org\",\"@graph\":[{\"@type\":\"WebPage\",\"@id\":\"https:\/\/www.leitao-irmao.com\/product\/caes-em-prata-bulldogue-frances\/\",\"url\":\"https:\/\/www.leitao-irmao.com\/product\/caes-em-prata-bulldogue-frances\/\",\"name\":\"C\u00e3es bulldog franc\u00eas\",\"isPartOf\":{\"@id\":\"https:\/\/www.leitao-irmao.com\/#website\"},\"primaryImageOfPage\":{\"@id\":\"https:\/\/www.leitao-irmao.com\/product\/caes-em-prata-bulldogue-frances\/#primaryimage\"},\"image\":{\"@id\":\"https:\/\/www.leitao-irmao.com\/product\/caes-em-prata-bulldogue-frances\/#primaryimage\"},\"thumbnailUrl\":\"https:\/\/www.leitao-irmao.com\/wp-content\/uploads\/2023\/07\/bulldog_frances_caes2023.jpg\",\"datePublished\":\"2023-07-24T11:11:31+00:00\",\"dateModified\":\"2026-02-23T17:37:35+00:00\",\"description\":\"A Leit\u00e3o & Irm\u00e3o, criou uma cole\u00e7\u00e3o de c\u00e3es em prata, que homenageia o melhor amigo do Homem. Recriou-se o divertido Bulldog Franc\u00eas.\",\"breadcrumb\":{\"@id\":\"https:\/\/www.leitao-irmao.com\/product\/caes-em-prata-bulldogue-frances\/#breadcrumb\"},\"inLanguage\":\"en-GB\",\"potentialAction\":[{\"@type\":\"ReadAction\",\"target\":[\"https:\/\/www.leitao-irmao.com\/product\/caes-em-prata-bulldogue-frances\/\"]}]},{\"@type\":\"ImageObject\",\"inLanguage\":\"en-GB\",\"@id\":\"https:\/\/www.leitao-irmao.com\/product\/caes-em-prata-bulldogue-frances\/#primaryimage\",\"url\":\"https:\/\/www.leitao-irmao.com\/wp-content\/uploads\/2023\/07\/bulldog_frances_caes2023.jpg\",\"contentUrl\":\"https:\/\/www.leitao-irmao.com\/wp-content\/uploads\/2023\/07\/bulldog_frances_caes2023.jpg\",\"width\":1080,\"height\":1080},{\"@type\":\"BreadcrumbList\",\"@id\":\"https:\/\/www.leitao-irmao.com\/product\/caes-em-prata-bulldogue-frances\/#breadcrumb\",\"itemListElement\":[{\"@type\":\"ListItem\",\"position\":1,\"name\":\"Home\",\"item\":\"https:\/\/www.leitao-irmao.com\/\"},{\"@type\":\"ListItem\",\"position\":2,\"name\":\"Products\",\"item\":\"https:\/\/www.leitao-irmao.com\/shop\/\"},{\"@type\":\"ListItem\",\"position\":3,\"name\":\"C\u00e3es em prata | Bulldogue Franc\u00eas\"}]},{\"@type\":\"WebSite\",\"@id\":\"https:\/\/www.leitao-irmao.com\/#website\",\"url\":\"https:\/\/www.leitao-irmao.com\/\",\"name\":\"Leit\u00e3o & Irm\u00e3o\",\"description\":\"Joalheiros desde 1822\",\"publisher\":{\"@id\":\"https:\/\/www.leitao-irmao.com\/#organization\"},\"potentialAction\":[{\"@type\":\"SearchAction\",\"target\":{\"@type\":\"EntryPoint\",\"urlTemplate\":\"https:\/\/www.leitao-irmao.com\/?s={search_term_string}\"},\"query-input\":{\"@type\":\"PropertyValueSpecification\",\"valueRequired\":true,\"valueName\":\"search_term_string\"}}],\"inLanguage\":\"en-GB\"},{\"@type\":\"Organization\",\"@id\":\"https:\/\/www.leitao-irmao.com\/#organization\",\"name\":\"Leit\u00e3o & Irm\u00e3o\",\"url\":\"https:\/\/www.leitao-irmao.com\/\",\"logo\":{\"@type\":\"ImageObject\",\"inLanguage\":\"en-GB\",\"@id\":\"https:\/\/www.leitao-irmao.com\/#\/schema\/logo\/image\/\",\"url\":\"https:\/\/www.leitao-irmao.com\/wp-content\/uploads\/2022\/11\/leitaoirmao-logo.png\",\"contentUrl\":\"https:\/\/www.leitao-irmao.com\/wp-content\/uploads\/2022\/11\/leitaoirmao-logo.png\",\"width\":426,\"height\":89,\"caption\":\"Leit\u00e3o & Irm\u00e3o\"},\"image\":{\"@id\":\"https:\/\/www.leitao-irmao.com\/#\/schema\/logo\/image\/\"}}]}<\/script>\n<!-- \/ Yoast SEO plugin. -->","yoast_head_json":{"title":"C\u00e3es bulldog franc\u00eas","description":"A Leit\u00e3o & Irm\u00e3o, criou uma cole\u00e7\u00e3o de c\u00e3es em prata, que homenageia o melhor amigo do Homem. Recriou-se o divertido Bulldog Franc\u00eas.","robots":{"index":"index","follow":"follow","max-snippet":"max-snippet:-1","max-image-preview":"max-image-preview:large","max-video-preview":"max-video-preview:-1"},"canonical":"https:\/\/www.leitao-irmao.com\/en\/product\/caes-em-prata-bulldogue-frances\/","og_locale":"en_GB","og_type":"article","og_title":"C\u00e3es bulldog franc\u00eas","og_description":"A Leit\u00e3o & Irm\u00e3o, criou uma cole\u00e7\u00e3o de c\u00e3es em prata, que homenageia o melhor amigo do Homem. Recriou-se o divertido Bulldog Franc\u00eas.","og_url":"https:\/\/www.leitao-irmao.com\/en\/product\/caes-em-prata-bulldogue-frances\/","og_site_name":"Leit\u00e3o &amp; Irm\u00e3o","article_modified_time":"2026-02-23T17:37:35+00:00","og_image":[{"width":1080,"height":1080,"url":"https:\/\/www.leitao-irmao.com\/wp-content\/uploads\/2023\/07\/bulldog_frances_caes2023.jpg","type":"image\/jpeg"}],"twitter_card":"summary_large_image","twitter_misc":{"Estimated reading time":"1 minute"},"schema":{"@context":"https:\/\/schema.org","@graph":[{"@type":"WebPage","@id":"https:\/\/www.leitao-irmao.com\/product\/caes-em-prata-bulldogue-frances\/","url":"https:\/\/www.leitao-irmao.com\/product\/caes-em-prata-bulldogue-frances\/","name":"C\u00e3es bulldog franc\u00eas","isPartOf":{"@id":"https:\/\/www.leitao-irmao.com\/#website"},"primaryImageOfPage":{"@id":"https:\/\/www.leitao-irmao.com\/product\/caes-em-prata-bulldogue-frances\/#primaryimage"},"image":{"@id":"https:\/\/www.leitao-irmao.com\/product\/caes-em-prata-bulldogue-frances\/#primaryimage"},"thumbnailUrl":"https:\/\/www.leitao-irmao.com\/wp-content\/uploads\/2023\/07\/bulldog_frances_caes2023.jpg","datePublished":"2023-07-24T11:11:31+00:00","dateModified":"2026-02-23T17:37:35+00:00","description":"A Leit\u00e3o & Irm\u00e3o, criou uma cole\u00e7\u00e3o de c\u00e3es em prata, que homenageia o melhor amigo do Homem. Recriou-se o divertido Bulldog Franc\u00eas.","breadcrumb":{"@id":"https:\/\/www.leitao-irmao.com\/product\/caes-em-prata-bulldogue-frances\/#breadcrumb"},"inLanguage":"en-GB","potentialAction":[{"@type":"ReadAction","target":["https:\/\/www.leitao-irmao.com\/product\/caes-em-prata-bulldogue-frances\/"]}]},{"@type":"ImageObject","inLanguage":"en-GB","@id":"https:\/\/www.leitao-irmao.com\/product\/caes-em-prata-bulldogue-frances\/#primaryimage","url":"https:\/\/www.leitao-irmao.com\/wp-content\/uploads\/2023\/07\/bulldog_frances_caes2023.jpg","contentUrl":"https:\/\/www.leitao-irmao.com\/wp-content\/uploads\/2023\/07\/bulldog_frances_caes2023.jpg","width":1080,"height":1080},{"@type":"BreadcrumbList","@id":"https:\/\/www.leitao-irmao.com\/product\/caes-em-prata-bulldogue-frances\/#breadcrumb","itemListElement":[{"@type":"ListItem","position":1,"name":"Home","item":"https:\/\/www.leitao-irmao.com\/"},{"@type":"ListItem","position":2,"name":"Products","item":"https:\/\/www.leitao-irmao.com\/shop\/"},{"@type":"ListItem","position":3,"name":"C\u00e3es em prata | Bulldogue Franc\u00eas"}]},{"@type":"WebSite","@id":"https:\/\/www.leitao-irmao.com\/#website","url":"https:\/\/www.leitao-irmao.com\/","name":"Leit\u00e3o & Irm\u00e3o","description":"Joalheiros desde 1822","publisher":{"@id":"https:\/\/www.leitao-irmao.com\/#organization"},"potentialAction":[{"@type":"SearchAction","target":{"@type":"EntryPoint","urlTemplate":"https:\/\/www.leitao-irmao.com\/?s={search_term_string}"},"query-input":{"@type":"PropertyValueSpecification","valueRequired":true,"valueName":"search_term_string"}}],"inLanguage":"en-GB"},{"@type":"Organization","@id":"https:\/\/www.leitao-irmao.com\/#organization","name":"Leit\u00e3o & Irm\u00e3o","url":"https:\/\/www.leitao-irmao.com\/","logo":{"@type":"ImageObject","inLanguage":"en-GB","@id":"https:\/\/www.leitao-irmao.com\/#\/schema\/logo\/image\/","url":"https:\/\/www.leitao-irmao.com\/wp-content\/uploads\/2022\/11\/leitaoirmao-logo.png","contentUrl":"https:\/\/www.leitao-irmao.com\/wp-content\/uploads\/2022\/11\/leitaoirmao-logo.png","width":426,"height":89,"caption":"Leit\u00e3o & Irm\u00e3o"},"image":{"@id":"https:\/\/www.leitao-irmao.com\/#\/schema\/logo\/image\/"}}]}},"_links":{"self":[{"href":"https:\/\/www.leitao-irmao.com\/en\/wp-json\/wp\/v2\/product\/14201","targetHints":{"allow":["GET"]}}],"collection":[{"href":"https:\/\/www.leitao-irmao.com\/en\/wp-json\/wp\/v2\/product"}],"about":[{"href":"https:\/\/www.leitao-irmao.com\/en\/wp-json\/wp\/v2\/types\/product"}],"version-history":[{"count":2,"href":"https:\/\/www.leitao-irmao.com\/en\/wp-json\/wp\/v2\/product\/14201\/revisions"}],"predecessor-version":[{"id":35053,"href":"https:\/\/www.leitao-irmao.com\/en\/wp-json\/wp\/v2\/product\/14201\/revisions\/35053"}],"wp:featuredmedia":[{"embeddable":true,"href":"https:\/\/www.leitao-irmao.com\/en\/wp-json\/wp\/v2\/media\/14377"}],"wp:attachment":[{"href":"https:\/\/www.leitao-irmao.com\/en\/wp-json\/wp\/v2\/media?parent=14201"}],"wp:term":[{"taxonomy":"product_brand","embeddable":true,"href":"https:\/\/www.leitao-irmao.com\/en\/wp-json\/wp\/v2\/product_brand?post=14201"},{"taxonomy":"product_cat","embeddable":true,"href":"https:\/\/www.leitao-irmao.com\/en\/wp-json\/wp\/v2\/product_cat?post=14201"},{"taxonomy":"product_tag","embeddable":true,"href":"https:\/\/www.leitao-irmao.com\/en\/wp-json\/wp\/v2\/product_tag?post=14201"}],"curies":[{"name":"wp","href":"https:\/\/api.w.org\/{rel}","templated":true}]}}