{"id":14206,"date":"2023-07-24T11:11:35","date_gmt":"2023-07-24T11:11:35","guid":{"rendered":"https:\/\/www.leitao-irmao.com\/produto\/recarga-royal-scent\/"},"modified":"2024-02-09T19:15:50","modified_gmt":"2024-02-09T19:15:50","slug":"recarga-ambientador-the-royal-scent","status":"publish","type":"product","link":"https:\/\/www.leitao-irmao.com\/en\/product\/recarga-ambientador-the-royal-scent\/","title":{"rendered":"The Royal Scent Air Freshener Refill"},"content":{"rendered":"","protected":false},"excerpt":{"rendered":"<p>A sustentabilidade \u00e9 pr\u00e1tica recorrente na ourivesaria e est\u00e1 no ADN da Leit\u00e3o &amp; Irm\u00e3o.<\/p>\n<p>A recarga do seu ambientador Royal Scent para colocar no frasco original.<\/p>\n<p>Lembre-se de colocar a garrafa no ecoponto amarelo!<\/p>","protected":false},"featured_media":20981,"template":"","meta":{"_acf_changed":false},"product_brand":[],"product_cat":[70,74,386],"product_tag":[],"class_list":{"0":"post-14206","1":"product","2":"type-product","3":"status-publish","4":"has-post-thumbnail","6":"product_cat-casa-e-decoracao","7":"product_cat-decoracao","8":"product_cat-scent-collection","10":"first","11":"instock","12":"shipping-taxable","13":"purchasable","14":"product-type-simple"},"acf":[],"yoast_head":"<!-- This site is optimized with the Yoast SEO plugin v25.4 - https:\/\/yoast.com\/wordpress\/plugins\/seo\/ -->\n<title>recarga ambientador The royal Scent<\/title>\n<meta name=\"description\" content=\"A sustentabilidade \u00e9 pr\u00e1tica recorrente na ourivesaria e est\u00e1 no ADN da Leit\u00e3o &amp; Irm\u00e3o. A recarga do ambientador Royal Scent.\" \/>\n<meta name=\"robots\" content=\"index, follow, max-snippet:-1, max-image-preview:large, max-video-preview:-1\" \/>\n<link rel=\"canonical\" href=\"https:\/\/www.leitao-irmao.com\/en\/product\/recarga-ambientador-the-royal-scent\/\" \/>\n<meta property=\"og:locale\" content=\"en_GB\" \/>\n<meta property=\"og:type\" content=\"article\" \/>\n<meta property=\"og:title\" content=\"recarga ambientador The royal Scent\" \/>\n<meta property=\"og:description\" content=\"A sustentabilidade \u00e9 pr\u00e1tica recorrente na ourivesaria e est\u00e1 no ADN da Leit\u00e3o &amp; Irm\u00e3o. A recarga do ambientador Royal Scent.\" \/>\n<meta property=\"og:url\" content=\"https:\/\/www.leitao-irmao.com\/en\/product\/recarga-ambientador-the-royal-scent\/\" \/>\n<meta property=\"og:site_name\" content=\"Leit\u00e3o &amp; Irm\u00e3o\" \/>\n<meta property=\"article:modified_time\" content=\"2024-02-09T19:15:50+00:00\" \/>\n<meta property=\"og:image\" content=\"https:\/\/www.leitao-irmao.com\/wp-content\/uploads\/2023\/07\/recarga-ambientador-sem-pauzinhos.jpg\" \/>\n\t<meta property=\"og:image:width\" content=\"1800\" \/>\n\t<meta property=\"og:image:height\" content=\"1800\" \/>\n\t<meta property=\"og:image:type\" content=\"image\/jpeg\" \/>\n<meta name=\"twitter:card\" content=\"summary_large_image\" \/>\n<script type=\"application\/ld+json\" class=\"yoast-schema-graph\">{\"@context\":\"https:\/\/schema.org\",\"@graph\":[{\"@type\":\"WebPage\",\"@id\":\"https:\/\/www.leitao-irmao.com\/product\/recarga-ambientador-the-royal-scent\/\",\"url\":\"https:\/\/www.leitao-irmao.com\/product\/recarga-ambientador-the-royal-scent\/\",\"name\":\"recarga ambientador The royal Scent\",\"isPartOf\":{\"@id\":\"https:\/\/www.leitao-irmao.com\/#website\"},\"primaryImageOfPage\":{\"@id\":\"https:\/\/www.leitao-irmao.com\/product\/recarga-ambientador-the-royal-scent\/#primaryimage\"},\"image\":{\"@id\":\"https:\/\/www.leitao-irmao.com\/product\/recarga-ambientador-the-royal-scent\/#primaryimage\"},\"thumbnailUrl\":\"https:\/\/www.leitao-irmao.com\/wp-content\/uploads\/2023\/07\/recarga-ambientador-sem-pauzinhos.jpg\",\"datePublished\":\"2023-07-24T11:11:35+00:00\",\"dateModified\":\"2024-02-09T19:15:50+00:00\",\"description\":\"A sustentabilidade \u00e9 pr\u00e1tica recorrente na ourivesaria e est\u00e1 no ADN da Leit\u00e3o & Irm\u00e3o. A recarga do ambientador Royal Scent.\",\"breadcrumb\":{\"@id\":\"https:\/\/www.leitao-irmao.com\/product\/recarga-ambientador-the-royal-scent\/#breadcrumb\"},\"inLanguage\":\"en-GB\",\"potentialAction\":[{\"@type\":\"ReadAction\",\"target\":[\"https:\/\/www.leitao-irmao.com\/product\/recarga-ambientador-the-royal-scent\/\"]}]},{\"@type\":\"ImageObject\",\"inLanguage\":\"en-GB\",\"@id\":\"https:\/\/www.leitao-irmao.com\/product\/recarga-ambientador-the-royal-scent\/#primaryimage\",\"url\":\"https:\/\/www.leitao-irmao.com\/wp-content\/uploads\/2023\/07\/recarga-ambientador-sem-pauzinhos.jpg\",\"contentUrl\":\"https:\/\/www.leitao-irmao.com\/wp-content\/uploads\/2023\/07\/recarga-ambientador-sem-pauzinhos.jpg\",\"width\":1800,\"height\":1800},{\"@type\":\"BreadcrumbList\",\"@id\":\"https:\/\/www.leitao-irmao.com\/product\/recarga-ambientador-the-royal-scent\/#breadcrumb\",\"itemListElement\":[{\"@type\":\"ListItem\",\"position\":1,\"name\":\"Home\",\"item\":\"https:\/\/www.leitao-irmao.com\/\"},{\"@type\":\"ListItem\",\"position\":2,\"name\":\"Products\",\"item\":\"https:\/\/www.leitao-irmao.com\/shop\/\"},{\"@type\":\"ListItem\",\"position\":3,\"name\":\"Recarga Ambientador The Royal Scent\"}]},{\"@type\":\"WebSite\",\"@id\":\"https:\/\/www.leitao-irmao.com\/#website\",\"url\":\"https:\/\/www.leitao-irmao.com\/\",\"name\":\"Leit\u00e3o & Irm\u00e3o\",\"description\":\"Joalheiros desde 1822\",\"publisher\":{\"@id\":\"https:\/\/www.leitao-irmao.com\/#organization\"},\"potentialAction\":[{\"@type\":\"SearchAction\",\"target\":{\"@type\":\"EntryPoint\",\"urlTemplate\":\"https:\/\/www.leitao-irmao.com\/?s={search_term_string}\"},\"query-input\":{\"@type\":\"PropertyValueSpecification\",\"valueRequired\":true,\"valueName\":\"search_term_string\"}}],\"inLanguage\":\"en-GB\"},{\"@type\":\"Organization\",\"@id\":\"https:\/\/www.leitao-irmao.com\/#organization\",\"name\":\"Leit\u00e3o & Irm\u00e3o\",\"url\":\"https:\/\/www.leitao-irmao.com\/\",\"logo\":{\"@type\":\"ImageObject\",\"inLanguage\":\"en-GB\",\"@id\":\"https:\/\/www.leitao-irmao.com\/#\/schema\/logo\/image\/\",\"url\":\"https:\/\/www.leitao-irmao.com\/wp-content\/uploads\/2022\/11\/leitaoirmao-logo.png\",\"contentUrl\":\"https:\/\/www.leitao-irmao.com\/wp-content\/uploads\/2022\/11\/leitaoirmao-logo.png\",\"width\":426,\"height\":89,\"caption\":\"Leit\u00e3o & Irm\u00e3o\"},\"image\":{\"@id\":\"https:\/\/www.leitao-irmao.com\/#\/schema\/logo\/image\/\"}}]}<\/script>\n<!-- \/ Yoast SEO plugin. -->","yoast_head_json":{"title":"recarga ambientador The royal Scent","description":"A sustentabilidade \u00e9 pr\u00e1tica recorrente na ourivesaria e est\u00e1 no ADN da Leit\u00e3o & Irm\u00e3o. A recarga do ambientador Royal Scent.","robots":{"index":"index","follow":"follow","max-snippet":"max-snippet:-1","max-image-preview":"max-image-preview:large","max-video-preview":"max-video-preview:-1"},"canonical":"https:\/\/www.leitao-irmao.com\/en\/product\/recarga-ambientador-the-royal-scent\/","og_locale":"en_GB","og_type":"article","og_title":"recarga ambientador The royal Scent","og_description":"A sustentabilidade \u00e9 pr\u00e1tica recorrente na ourivesaria e est\u00e1 no ADN da Leit\u00e3o & Irm\u00e3o. A recarga do ambientador Royal Scent.","og_url":"https:\/\/www.leitao-irmao.com\/en\/product\/recarga-ambientador-the-royal-scent\/","og_site_name":"Leit\u00e3o &amp; Irm\u00e3o","article_modified_time":"2024-02-09T19:15:50+00:00","og_image":[{"width":1800,"height":1800,"url":"https:\/\/www.leitao-irmao.com\/wp-content\/uploads\/2023\/07\/recarga-ambientador-sem-pauzinhos.jpg","type":"image\/jpeg"}],"twitter_card":"summary_large_image","schema":{"@context":"https:\/\/schema.org","@graph":[{"@type":"WebPage","@id":"https:\/\/www.leitao-irmao.com\/product\/recarga-ambientador-the-royal-scent\/","url":"https:\/\/www.leitao-irmao.com\/product\/recarga-ambientador-the-royal-scent\/","name":"recarga ambientador The royal Scent","isPartOf":{"@id":"https:\/\/www.leitao-irmao.com\/#website"},"primaryImageOfPage":{"@id":"https:\/\/www.leitao-irmao.com\/product\/recarga-ambientador-the-royal-scent\/#primaryimage"},"image":{"@id":"https:\/\/www.leitao-irmao.com\/product\/recarga-ambientador-the-royal-scent\/#primaryimage"},"thumbnailUrl":"https:\/\/www.leitao-irmao.com\/wp-content\/uploads\/2023\/07\/recarga-ambientador-sem-pauzinhos.jpg","datePublished":"2023-07-24T11:11:35+00:00","dateModified":"2024-02-09T19:15:50+00:00","description":"A sustentabilidade \u00e9 pr\u00e1tica recorrente na ourivesaria e est\u00e1 no ADN da Leit\u00e3o & Irm\u00e3o. A recarga do ambientador Royal Scent.","breadcrumb":{"@id":"https:\/\/www.leitao-irmao.com\/product\/recarga-ambientador-the-royal-scent\/#breadcrumb"},"inLanguage":"en-GB","potentialAction":[{"@type":"ReadAction","target":["https:\/\/www.leitao-irmao.com\/product\/recarga-ambientador-the-royal-scent\/"]}]},{"@type":"ImageObject","inLanguage":"en-GB","@id":"https:\/\/www.leitao-irmao.com\/product\/recarga-ambientador-the-royal-scent\/#primaryimage","url":"https:\/\/www.leitao-irmao.com\/wp-content\/uploads\/2023\/07\/recarga-ambientador-sem-pauzinhos.jpg","contentUrl":"https:\/\/www.leitao-irmao.com\/wp-content\/uploads\/2023\/07\/recarga-ambientador-sem-pauzinhos.jpg","width":1800,"height":1800},{"@type":"BreadcrumbList","@id":"https:\/\/www.leitao-irmao.com\/product\/recarga-ambientador-the-royal-scent\/#breadcrumb","itemListElement":[{"@type":"ListItem","position":1,"name":"Home","item":"https:\/\/www.leitao-irmao.com\/"},{"@type":"ListItem","position":2,"name":"Products","item":"https:\/\/www.leitao-irmao.com\/shop\/"},{"@type":"ListItem","position":3,"name":"Recarga Ambientador The Royal Scent"}]},{"@type":"WebSite","@id":"https:\/\/www.leitao-irmao.com\/#website","url":"https:\/\/www.leitao-irmao.com\/","name":"Leit\u00e3o & Irm\u00e3o","description":"Joalheiros desde 1822","publisher":{"@id":"https:\/\/www.leitao-irmao.com\/#organization"},"potentialAction":[{"@type":"SearchAction","target":{"@type":"EntryPoint","urlTemplate":"https:\/\/www.leitao-irmao.com\/?s={search_term_string}"},"query-input":{"@type":"PropertyValueSpecification","valueRequired":true,"valueName":"search_term_string"}}],"inLanguage":"en-GB"},{"@type":"Organization","@id":"https:\/\/www.leitao-irmao.com\/#organization","name":"Leit\u00e3o & Irm\u00e3o","url":"https:\/\/www.leitao-irmao.com\/","logo":{"@type":"ImageObject","inLanguage":"en-GB","@id":"https:\/\/www.leitao-irmao.com\/#\/schema\/logo\/image\/","url":"https:\/\/www.leitao-irmao.com\/wp-content\/uploads\/2022\/11\/leitaoirmao-logo.png","contentUrl":"https:\/\/www.leitao-irmao.com\/wp-content\/uploads\/2022\/11\/leitaoirmao-logo.png","width":426,"height":89,"caption":"Leit\u00e3o & Irm\u00e3o"},"image":{"@id":"https:\/\/www.leitao-irmao.com\/#\/schema\/logo\/image\/"}}]}},"_links":{"self":[{"href":"https:\/\/www.leitao-irmao.com\/en\/wp-json\/wp\/v2\/product\/14206","targetHints":{"allow":["GET"]}}],"collection":[{"href":"https:\/\/www.leitao-irmao.com\/en\/wp-json\/wp\/v2\/product"}],"about":[{"href":"https:\/\/www.leitao-irmao.com\/en\/wp-json\/wp\/v2\/types\/product"}],"version-history":[{"count":0,"href":"https:\/\/www.leitao-irmao.com\/en\/wp-json\/wp\/v2\/product\/14206\/revisions"}],"wp:featuredmedia":[{"embeddable":true,"href":"https:\/\/www.leitao-irmao.com\/en\/wp-json\/wp\/v2\/media\/20981"}],"wp:attachment":[{"href":"https:\/\/www.leitao-irmao.com\/en\/wp-json\/wp\/v2\/media?parent=14206"}],"wp:term":[{"taxonomy":"product_brand","embeddable":true,"href":"https:\/\/www.leitao-irmao.com\/en\/wp-json\/wp\/v2\/product_brand?post=14206"},{"taxonomy":"product_cat","embeddable":true,"href":"https:\/\/www.leitao-irmao.com\/en\/wp-json\/wp\/v2\/product_cat?post=14206"},{"taxonomy":"product_tag","embeddable":true,"href":"https:\/\/www.leitao-irmao.com\/en\/wp-json\/wp\/v2\/product_tag?post=14206"}],"curies":[{"name":"wp","href":"https:\/\/api.w.org\/{rel}","templated":true}]}}