{"id":14891,"date":"2023-07-31T14:45:15","date_gmt":"2023-07-31T14:45:15","guid":{"rendered":"https:\/\/www.leitao-irmao.com\/?post_type=product&#038;p=14891"},"modified":"2026-02-26T09:48:40","modified_gmt":"2026-02-26T09:48:40","slug":"astrolabio-oxford-em-prata","status":"publish","type":"product","link":"https:\/\/www.leitao-irmao.com\/en\/product\/astrolabio-oxford-em-prata\/","title":{"rendered":"Oxford astrolabe in silver"},"content":{"rendered":"","protected":false},"excerpt":{"rendered":"<p>Leit\u00e3o &amp; Irm\u00e3o presents scale replicas of the Oxford astrolabe in silver. Available in various sizes. A navigational instrument developed in Portugal during the 15th century from the Arab planispheric astrolabe. The nautical astrolabe illustrates Portugal's leadership in the science of ocean navigation.<\/p>\n<p>Combining aesthetic beauty with technical precision, Leit\u00e3o &amp; Irm\u00e3o's Astrolabes transcend mere adornment and take on the role of historic scientific instruments that once guided explorers and navigators across the vast unknown oceans.<\/p>\n<p>&nbsp;<\/p>","protected":false},"featured_media":14894,"template":"","meta":{"_acf_changed":false},"product_brand":[],"product_cat":[464,70,74,676,125,124],"product_tag":[270],"class_list":{"0":"post-14891","1":"product","2":"type-product","3":"status-publish","4":"has-post-thumbnail","6":"product_cat-astrolabios-ourivesaria-portuguesa","7":"product_cat-casa-e-decoracao","8":"product_cat-decoracao","9":"product_cat-gift-selection","10":"product_cat-presentes-entre-1000e-a-2500e","11":"product_cat-presentes-entre-500e-a-1000e","12":"product_tag-prata","13":"pa_diametro-o-45cm","14":"pa_diametro-o-6cm","16":"first","17":"instock","18":"shipping-taxable","19":"purchasable","20":"product-type-variable"},"acf":[],"yoast_head":"<!-- This site is optimized with the Yoast SEO plugin v25.4 - https:\/\/yoast.com\/wordpress\/plugins\/seo\/ -->\n<title>Astrol\u00e1bio Oxford em prata<\/title>\n<meta name=\"description\" content=\"Cada Astrol\u00e1bio da Leit\u00e3o &amp; Irm\u00e3o \u00e9 meticulosamente trabalhado em detalhes requintados, e adornado com gravuras elegantes e intrincadas.\" \/>\n<meta name=\"robots\" content=\"index, follow, max-snippet:-1, max-image-preview:large, max-video-preview:-1\" \/>\n<link rel=\"canonical\" href=\"https:\/\/www.leitao-irmao.com\/en\/product\/astrolabio-oxford-em-prata\/\" \/>\n<meta property=\"og:locale\" content=\"en_GB\" \/>\n<meta property=\"og:type\" content=\"article\" \/>\n<meta property=\"og:title\" content=\"Astrol\u00e1bio Oxford em prata\" \/>\n<meta property=\"og:description\" content=\"Cada Astrol\u00e1bio da Leit\u00e3o &amp; Irm\u00e3o \u00e9 meticulosamente trabalhado em detalhes requintados, e adornado com gravuras elegantes e intrincadas.\" \/>\n<meta property=\"og:url\" content=\"https:\/\/www.leitao-irmao.com\/en\/product\/astrolabio-oxford-em-prata\/\" \/>\n<meta property=\"og:site_name\" content=\"Leit\u00e3o &amp; Irm\u00e3o\" \/>\n<meta property=\"article:modified_time\" content=\"2026-02-26T09:48:40+00:00\" \/>\n<meta property=\"og:image\" content=\"https:\/\/www.leitao-irmao.com\/wp-content\/uploads\/2023\/07\/astrolabio-oxford-1013005.jpg\" \/>\n\t<meta property=\"og:image:width\" content=\"1080\" \/>\n\t<meta property=\"og:image:height\" content=\"1080\" \/>\n\t<meta property=\"og:image:type\" content=\"image\/jpeg\" \/>\n<meta name=\"twitter:card\" content=\"summary_large_image\" \/>\n<meta name=\"twitter:label1\" content=\"Estimated reading time\" \/>\n\t<meta name=\"twitter:data1\" content=\"1 minute\" \/>\n<script type=\"application\/ld+json\" class=\"yoast-schema-graph\">{\"@context\":\"https:\/\/schema.org\",\"@graph\":[{\"@type\":\"WebPage\",\"@id\":\"https:\/\/www.leitao-irmao.com\/product\/astrolabio-oxford-em-prata\/\",\"url\":\"https:\/\/www.leitao-irmao.com\/product\/astrolabio-oxford-em-prata\/\",\"name\":\"Astrol\u00e1bio Oxford em prata\",\"isPartOf\":{\"@id\":\"https:\/\/www.leitao-irmao.com\/#website\"},\"primaryImageOfPage\":{\"@id\":\"https:\/\/www.leitao-irmao.com\/product\/astrolabio-oxford-em-prata\/#primaryimage\"},\"image\":{\"@id\":\"https:\/\/www.leitao-irmao.com\/product\/astrolabio-oxford-em-prata\/#primaryimage\"},\"thumbnailUrl\":\"https:\/\/www.leitao-irmao.com\/wp-content\/uploads\/2023\/07\/astrolabio-oxford-1013005.jpg\",\"datePublished\":\"2023-07-31T14:45:15+00:00\",\"dateModified\":\"2026-02-26T09:48:40+00:00\",\"description\":\"Cada Astrol\u00e1bio da Leit\u00e3o & Irm\u00e3o \u00e9 meticulosamente trabalhado em detalhes requintados, e adornado com gravuras elegantes e intrincadas.\",\"breadcrumb\":{\"@id\":\"https:\/\/www.leitao-irmao.com\/product\/astrolabio-oxford-em-prata\/#breadcrumb\"},\"inLanguage\":\"en-GB\",\"potentialAction\":[{\"@type\":\"ReadAction\",\"target\":[\"https:\/\/www.leitao-irmao.com\/product\/astrolabio-oxford-em-prata\/\"]}]},{\"@type\":\"ImageObject\",\"inLanguage\":\"en-GB\",\"@id\":\"https:\/\/www.leitao-irmao.com\/product\/astrolabio-oxford-em-prata\/#primaryimage\",\"url\":\"https:\/\/www.leitao-irmao.com\/wp-content\/uploads\/2023\/07\/astrolabio-oxford-1013005.jpg\",\"contentUrl\":\"https:\/\/www.leitao-irmao.com\/wp-content\/uploads\/2023\/07\/astrolabio-oxford-1013005.jpg\",\"width\":1080,\"height\":1080},{\"@type\":\"BreadcrumbList\",\"@id\":\"https:\/\/www.leitao-irmao.com\/product\/astrolabio-oxford-em-prata\/#breadcrumb\",\"itemListElement\":[{\"@type\":\"ListItem\",\"position\":1,\"name\":\"Home\",\"item\":\"https:\/\/www.leitao-irmao.com\/\"},{\"@type\":\"ListItem\",\"position\":2,\"name\":\"Products\",\"item\":\"https:\/\/www.leitao-irmao.com\/shop\/\"},{\"@type\":\"ListItem\",\"position\":3,\"name\":\"Astrol\u00e1bio Oxford em prata\"}]},{\"@type\":\"WebSite\",\"@id\":\"https:\/\/www.leitao-irmao.com\/#website\",\"url\":\"https:\/\/www.leitao-irmao.com\/\",\"name\":\"Leit\u00e3o & Irm\u00e3o\",\"description\":\"Joalheiros desde 1822\",\"publisher\":{\"@id\":\"https:\/\/www.leitao-irmao.com\/#organization\"},\"potentialAction\":[{\"@type\":\"SearchAction\",\"target\":{\"@type\":\"EntryPoint\",\"urlTemplate\":\"https:\/\/www.leitao-irmao.com\/?s={search_term_string}\"},\"query-input\":{\"@type\":\"PropertyValueSpecification\",\"valueRequired\":true,\"valueName\":\"search_term_string\"}}],\"inLanguage\":\"en-GB\"},{\"@type\":\"Organization\",\"@id\":\"https:\/\/www.leitao-irmao.com\/#organization\",\"name\":\"Leit\u00e3o & Irm\u00e3o\",\"url\":\"https:\/\/www.leitao-irmao.com\/\",\"logo\":{\"@type\":\"ImageObject\",\"inLanguage\":\"en-GB\",\"@id\":\"https:\/\/www.leitao-irmao.com\/#\/schema\/logo\/image\/\",\"url\":\"https:\/\/www.leitao-irmao.com\/wp-content\/uploads\/2022\/11\/leitaoirmao-logo.png\",\"contentUrl\":\"https:\/\/www.leitao-irmao.com\/wp-content\/uploads\/2022\/11\/leitaoirmao-logo.png\",\"width\":426,\"height\":89,\"caption\":\"Leit\u00e3o & Irm\u00e3o\"},\"image\":{\"@id\":\"https:\/\/www.leitao-irmao.com\/#\/schema\/logo\/image\/\"}}]}<\/script>\n<!-- \/ Yoast SEO plugin. -->","yoast_head_json":{"title":"Astrol\u00e1bio Oxford em prata","description":"Cada Astrol\u00e1bio da Leit\u00e3o & Irm\u00e3o \u00e9 meticulosamente trabalhado em detalhes requintados, e adornado com gravuras elegantes e intrincadas.","robots":{"index":"index","follow":"follow","max-snippet":"max-snippet:-1","max-image-preview":"max-image-preview:large","max-video-preview":"max-video-preview:-1"},"canonical":"https:\/\/www.leitao-irmao.com\/en\/product\/astrolabio-oxford-em-prata\/","og_locale":"en_GB","og_type":"article","og_title":"Astrol\u00e1bio Oxford em prata","og_description":"Cada Astrol\u00e1bio da Leit\u00e3o & Irm\u00e3o \u00e9 meticulosamente trabalhado em detalhes requintados, e adornado com gravuras elegantes e intrincadas.","og_url":"https:\/\/www.leitao-irmao.com\/en\/product\/astrolabio-oxford-em-prata\/","og_site_name":"Leit\u00e3o &amp; Irm\u00e3o","article_modified_time":"2026-02-26T09:48:40+00:00","og_image":[{"width":1080,"height":1080,"url":"https:\/\/www.leitao-irmao.com\/wp-content\/uploads\/2023\/07\/astrolabio-oxford-1013005.jpg","type":"image\/jpeg"}],"twitter_card":"summary_large_image","twitter_misc":{"Estimated reading time":"1 minute"},"schema":{"@context":"https:\/\/schema.org","@graph":[{"@type":"WebPage","@id":"https:\/\/www.leitao-irmao.com\/product\/astrolabio-oxford-em-prata\/","url":"https:\/\/www.leitao-irmao.com\/product\/astrolabio-oxford-em-prata\/","name":"Astrol\u00e1bio Oxford em prata","isPartOf":{"@id":"https:\/\/www.leitao-irmao.com\/#website"},"primaryImageOfPage":{"@id":"https:\/\/www.leitao-irmao.com\/product\/astrolabio-oxford-em-prata\/#primaryimage"},"image":{"@id":"https:\/\/www.leitao-irmao.com\/product\/astrolabio-oxford-em-prata\/#primaryimage"},"thumbnailUrl":"https:\/\/www.leitao-irmao.com\/wp-content\/uploads\/2023\/07\/astrolabio-oxford-1013005.jpg","datePublished":"2023-07-31T14:45:15+00:00","dateModified":"2026-02-26T09:48:40+00:00","description":"Cada Astrol\u00e1bio da Leit\u00e3o & Irm\u00e3o \u00e9 meticulosamente trabalhado em detalhes requintados, e adornado com gravuras elegantes e intrincadas.","breadcrumb":{"@id":"https:\/\/www.leitao-irmao.com\/product\/astrolabio-oxford-em-prata\/#breadcrumb"},"inLanguage":"en-GB","potentialAction":[{"@type":"ReadAction","target":["https:\/\/www.leitao-irmao.com\/product\/astrolabio-oxford-em-prata\/"]}]},{"@type":"ImageObject","inLanguage":"en-GB","@id":"https:\/\/www.leitao-irmao.com\/product\/astrolabio-oxford-em-prata\/#primaryimage","url":"https:\/\/www.leitao-irmao.com\/wp-content\/uploads\/2023\/07\/astrolabio-oxford-1013005.jpg","contentUrl":"https:\/\/www.leitao-irmao.com\/wp-content\/uploads\/2023\/07\/astrolabio-oxford-1013005.jpg","width":1080,"height":1080},{"@type":"BreadcrumbList","@id":"https:\/\/www.leitao-irmao.com\/product\/astrolabio-oxford-em-prata\/#breadcrumb","itemListElement":[{"@type":"ListItem","position":1,"name":"Home","item":"https:\/\/www.leitao-irmao.com\/"},{"@type":"ListItem","position":2,"name":"Products","item":"https:\/\/www.leitao-irmao.com\/shop\/"},{"@type":"ListItem","position":3,"name":"Astrol\u00e1bio Oxford em prata"}]},{"@type":"WebSite","@id":"https:\/\/www.leitao-irmao.com\/#website","url":"https:\/\/www.leitao-irmao.com\/","name":"Leit\u00e3o & Irm\u00e3o","description":"Joalheiros desde 1822","publisher":{"@id":"https:\/\/www.leitao-irmao.com\/#organization"},"potentialAction":[{"@type":"SearchAction","target":{"@type":"EntryPoint","urlTemplate":"https:\/\/www.leitao-irmao.com\/?s={search_term_string}"},"query-input":{"@type":"PropertyValueSpecification","valueRequired":true,"valueName":"search_term_string"}}],"inLanguage":"en-GB"},{"@type":"Organization","@id":"https:\/\/www.leitao-irmao.com\/#organization","name":"Leit\u00e3o & Irm\u00e3o","url":"https:\/\/www.leitao-irmao.com\/","logo":{"@type":"ImageObject","inLanguage":"en-GB","@id":"https:\/\/www.leitao-irmao.com\/#\/schema\/logo\/image\/","url":"https:\/\/www.leitao-irmao.com\/wp-content\/uploads\/2022\/11\/leitaoirmao-logo.png","contentUrl":"https:\/\/www.leitao-irmao.com\/wp-content\/uploads\/2022\/11\/leitaoirmao-logo.png","width":426,"height":89,"caption":"Leit\u00e3o & Irm\u00e3o"},"image":{"@id":"https:\/\/www.leitao-irmao.com\/#\/schema\/logo\/image\/"}}]}},"_links":{"self":[{"href":"https:\/\/www.leitao-irmao.com\/en\/wp-json\/wp\/v2\/product\/14891","targetHints":{"allow":["GET"]}}],"collection":[{"href":"https:\/\/www.leitao-irmao.com\/en\/wp-json\/wp\/v2\/product"}],"about":[{"href":"https:\/\/www.leitao-irmao.com\/en\/wp-json\/wp\/v2\/types\/product"}],"version-history":[{"count":1,"href":"https:\/\/www.leitao-irmao.com\/en\/wp-json\/wp\/v2\/product\/14891\/revisions"}],"predecessor-version":[{"id":34270,"href":"https:\/\/www.leitao-irmao.com\/en\/wp-json\/wp\/v2\/product\/14891\/revisions\/34270"}],"wp:featuredmedia":[{"embeddable":true,"href":"https:\/\/www.leitao-irmao.com\/en\/wp-json\/wp\/v2\/media\/14894"}],"wp:attachment":[{"href":"https:\/\/www.leitao-irmao.com\/en\/wp-json\/wp\/v2\/media?parent=14891"}],"wp:term":[{"taxonomy":"product_brand","embeddable":true,"href":"https:\/\/www.leitao-irmao.com\/en\/wp-json\/wp\/v2\/product_brand?post=14891"},{"taxonomy":"product_cat","embeddable":true,"href":"https:\/\/www.leitao-irmao.com\/en\/wp-json\/wp\/v2\/product_cat?post=14891"},{"taxonomy":"product_tag","embeddable":true,"href":"https:\/\/www.leitao-irmao.com\/en\/wp-json\/wp\/v2\/product_tag?post=14891"}],"curies":[{"name":"wp","href":"https:\/\/api.w.org\/{rel}","templated":true}]}}