{"id":14955,"date":"2023-07-31T16:35:16","date_gmt":"2023-07-31T16:35:16","guid":{"rendered":"https:\/\/www.leitao-irmao.com\/?post_type=product&#038;p=14955"},"modified":"2026-03-26T12:17:00","modified_gmt":"2026-03-26T12:17:00","slug":"pendente-tigre-em-em-ouro-amarelo-gaia","status":"publish","type":"product","link":"https:\/\/www.leitao-irmao.com\/en\/product\/pendente-tigre-em-em-ouro-amarelo-gaia\/","title":{"rendered":"Tiger pendant in yellow gold | Gaia"},"content":{"rendered":"","protected":false},"excerpt":{"rendered":"<p>The Tiger Pendant in yellow gold from the Gaia collection is a magnificent piece that embodies the strength, courage and majesty of the tiger, one of nature's most powerful and symbolic animals.<\/p>\n<p>&nbsp;<\/p>\n<p><em><strong>Oferta de Fio de seda exclusivo online.\u00a0<\/strong><\/em><\/p>","protected":false},"featured_media":14956,"template":"","meta":{"_acf_changed":false},"product_brand":[],"product_cat":[132,239,79,86,125],"product_tag":[277,278,271,279],"class_list":{"0":"post-14955","1":"product","2":"type-product","3":"status-publish","4":"has-post-thumbnail","6":"product_cat-dia-dos-namorados","7":"product_cat-gaia","8":"product_cat-joalharia","9":"product_cat-pendentes","10":"product_cat-presentes-entre-1000e-a-2500e","11":"product_tag-homem","12":"product_tag-mulher","13":"product_tag-ouro","14":"product_tag-unissexo","16":"first","17":"instock","18":"shipping-taxable","19":"purchasable","20":"product-type-simple"},"acf":[],"yoast_head":"<!-- This site is optimized with the Yoast SEO plugin v25.4 - https:\/\/yoast.com\/wordpress\/plugins\/seo\/ -->\n<title>pendente tigre em ouro<\/title>\n<meta name=\"description\" content=\"O Pendente Tigre em ouro amarelo da cole\u00e7\u00e3o Gaia \u00e9 uma pe\u00e7a magn\u00edfica que personifica a for\u00e7a, a coragem e a majestade do tigre.\" \/>\n<meta name=\"robots\" content=\"index, follow, max-snippet:-1, max-image-preview:large, max-video-preview:-1\" \/>\n<link rel=\"canonical\" href=\"https:\/\/www.leitao-irmao.com\/en\/product\/pendente-tigre-em-em-ouro-amarelo-gaia\/\" \/>\n<meta property=\"og:locale\" content=\"en_GB\" \/>\n<meta property=\"og:type\" content=\"article\" \/>\n<meta property=\"og:title\" content=\"pendente tigre em ouro\" \/>\n<meta property=\"og:description\" content=\"O Pendente Tigre em ouro amarelo da cole\u00e7\u00e3o Gaia \u00e9 uma pe\u00e7a magn\u00edfica que personifica a for\u00e7a, a coragem e a majestade do tigre.\" \/>\n<meta property=\"og:url\" content=\"https:\/\/www.leitao-irmao.com\/en\/product\/pendente-tigre-em-em-ouro-amarelo-gaia\/\" \/>\n<meta property=\"og:site_name\" content=\"Leit\u00e3o &amp; Irm\u00e3o\" \/>\n<meta property=\"article:modified_time\" content=\"2026-03-26T12:17:00+00:00\" \/>\n<meta property=\"og:image\" content=\"https:\/\/www.leitao-irmao.com\/wp-content\/uploads\/2023\/07\/7300001-Pendente-Tigre-em-ouro-amarelo.jpg\" \/>\n\t<meta property=\"og:image:width\" content=\"1030\" \/>\n\t<meta property=\"og:image:height\" content=\"1030\" \/>\n\t<meta property=\"og:image:type\" content=\"image\/jpeg\" \/>\n<meta name=\"twitter:card\" content=\"summary_large_image\" \/>\n<meta name=\"twitter:label1\" content=\"Estimated reading time\" \/>\n\t<meta name=\"twitter:data1\" content=\"1 minute\" \/>\n<script type=\"application\/ld+json\" class=\"yoast-schema-graph\">{\"@context\":\"https:\/\/schema.org\",\"@graph\":[{\"@type\":\"WebPage\",\"@id\":\"https:\/\/www.leitao-irmao.com\/product\/pendente-tigre-em-em-ouro-amarelo-gaia\/\",\"url\":\"https:\/\/www.leitao-irmao.com\/product\/pendente-tigre-em-em-ouro-amarelo-gaia\/\",\"name\":\"pendente tigre em ouro\",\"isPartOf\":{\"@id\":\"https:\/\/www.leitao-irmao.com\/#website\"},\"primaryImageOfPage\":{\"@id\":\"https:\/\/www.leitao-irmao.com\/product\/pendente-tigre-em-em-ouro-amarelo-gaia\/#primaryimage\"},\"image\":{\"@id\":\"https:\/\/www.leitao-irmao.com\/product\/pendente-tigre-em-em-ouro-amarelo-gaia\/#primaryimage\"},\"thumbnailUrl\":\"https:\/\/www.leitao-irmao.com\/wp-content\/uploads\/2023\/07\/7300001-Pendente-Tigre-em-ouro-amarelo.jpg\",\"datePublished\":\"2023-07-31T16:35:16+00:00\",\"dateModified\":\"2026-03-26T12:17:00+00:00\",\"description\":\"O Pendente Tigre em ouro amarelo da cole\u00e7\u00e3o Gaia \u00e9 uma pe\u00e7a magn\u00edfica que personifica a for\u00e7a, a coragem e a majestade do tigre.\",\"breadcrumb\":{\"@id\":\"https:\/\/www.leitao-irmao.com\/product\/pendente-tigre-em-em-ouro-amarelo-gaia\/#breadcrumb\"},\"inLanguage\":\"en-GB\",\"potentialAction\":[{\"@type\":\"ReadAction\",\"target\":[\"https:\/\/www.leitao-irmao.com\/product\/pendente-tigre-em-em-ouro-amarelo-gaia\/\"]}]},{\"@type\":\"ImageObject\",\"inLanguage\":\"en-GB\",\"@id\":\"https:\/\/www.leitao-irmao.com\/product\/pendente-tigre-em-em-ouro-amarelo-gaia\/#primaryimage\",\"url\":\"https:\/\/www.leitao-irmao.com\/wp-content\/uploads\/2023\/07\/7300001-Pendente-Tigre-em-ouro-amarelo.jpg\",\"contentUrl\":\"https:\/\/www.leitao-irmao.com\/wp-content\/uploads\/2023\/07\/7300001-Pendente-Tigre-em-ouro-amarelo.jpg\",\"width\":1030,\"height\":1030},{\"@type\":\"BreadcrumbList\",\"@id\":\"https:\/\/www.leitao-irmao.com\/product\/pendente-tigre-em-em-ouro-amarelo-gaia\/#breadcrumb\",\"itemListElement\":[{\"@type\":\"ListItem\",\"position\":1,\"name\":\"Home\",\"item\":\"https:\/\/www.leitao-irmao.com\/\"},{\"@type\":\"ListItem\",\"position\":2,\"name\":\"Products\",\"item\":\"https:\/\/www.leitao-irmao.com\/shop\/\"},{\"@type\":\"ListItem\",\"position\":3,\"name\":\"Pendente Tigre em ouro amarelo | Gaia\"}]},{\"@type\":\"WebSite\",\"@id\":\"https:\/\/www.leitao-irmao.com\/#website\",\"url\":\"https:\/\/www.leitao-irmao.com\/\",\"name\":\"Leit\u00e3o & Irm\u00e3o\",\"description\":\"Joalheiros desde 1822\",\"publisher\":{\"@id\":\"https:\/\/www.leitao-irmao.com\/#organization\"},\"potentialAction\":[{\"@type\":\"SearchAction\",\"target\":{\"@type\":\"EntryPoint\",\"urlTemplate\":\"https:\/\/www.leitao-irmao.com\/?s={search_term_string}\"},\"query-input\":{\"@type\":\"PropertyValueSpecification\",\"valueRequired\":true,\"valueName\":\"search_term_string\"}}],\"inLanguage\":\"en-GB\"},{\"@type\":\"Organization\",\"@id\":\"https:\/\/www.leitao-irmao.com\/#organization\",\"name\":\"Leit\u00e3o & Irm\u00e3o\",\"url\":\"https:\/\/www.leitao-irmao.com\/\",\"logo\":{\"@type\":\"ImageObject\",\"inLanguage\":\"en-GB\",\"@id\":\"https:\/\/www.leitao-irmao.com\/#\/schema\/logo\/image\/\",\"url\":\"https:\/\/www.leitao-irmao.com\/wp-content\/uploads\/2022\/11\/leitaoirmao-logo.png\",\"contentUrl\":\"https:\/\/www.leitao-irmao.com\/wp-content\/uploads\/2022\/11\/leitaoirmao-logo.png\",\"width\":426,\"height\":89,\"caption\":\"Leit\u00e3o & Irm\u00e3o\"},\"image\":{\"@id\":\"https:\/\/www.leitao-irmao.com\/#\/schema\/logo\/image\/\"}}]}<\/script>\n<!-- \/ Yoast SEO plugin. -->","yoast_head_json":{"title":"pendente tigre em ouro","description":"O Pendente Tigre em ouro amarelo da cole\u00e7\u00e3o Gaia \u00e9 uma pe\u00e7a magn\u00edfica que personifica a for\u00e7a, a coragem e a majestade do tigre.","robots":{"index":"index","follow":"follow","max-snippet":"max-snippet:-1","max-image-preview":"max-image-preview:large","max-video-preview":"max-video-preview:-1"},"canonical":"https:\/\/www.leitao-irmao.com\/en\/product\/pendente-tigre-em-em-ouro-amarelo-gaia\/","og_locale":"en_GB","og_type":"article","og_title":"pendente tigre em ouro","og_description":"O Pendente Tigre em ouro amarelo da cole\u00e7\u00e3o Gaia \u00e9 uma pe\u00e7a magn\u00edfica que personifica a for\u00e7a, a coragem e a majestade do tigre.","og_url":"https:\/\/www.leitao-irmao.com\/en\/product\/pendente-tigre-em-em-ouro-amarelo-gaia\/","og_site_name":"Leit\u00e3o &amp; Irm\u00e3o","article_modified_time":"2026-03-26T12:17:00+00:00","og_image":[{"width":1030,"height":1030,"url":"https:\/\/www.leitao-irmao.com\/wp-content\/uploads\/2023\/07\/7300001-Pendente-Tigre-em-ouro-amarelo.jpg","type":"image\/jpeg"}],"twitter_card":"summary_large_image","twitter_misc":{"Estimated reading time":"1 minute"},"schema":{"@context":"https:\/\/schema.org","@graph":[{"@type":"WebPage","@id":"https:\/\/www.leitao-irmao.com\/product\/pendente-tigre-em-em-ouro-amarelo-gaia\/","url":"https:\/\/www.leitao-irmao.com\/product\/pendente-tigre-em-em-ouro-amarelo-gaia\/","name":"pendente tigre em ouro","isPartOf":{"@id":"https:\/\/www.leitao-irmao.com\/#website"},"primaryImageOfPage":{"@id":"https:\/\/www.leitao-irmao.com\/product\/pendente-tigre-em-em-ouro-amarelo-gaia\/#primaryimage"},"image":{"@id":"https:\/\/www.leitao-irmao.com\/product\/pendente-tigre-em-em-ouro-amarelo-gaia\/#primaryimage"},"thumbnailUrl":"https:\/\/www.leitao-irmao.com\/wp-content\/uploads\/2023\/07\/7300001-Pendente-Tigre-em-ouro-amarelo.jpg","datePublished":"2023-07-31T16:35:16+00:00","dateModified":"2026-03-26T12:17:00+00:00","description":"O Pendente Tigre em ouro amarelo da cole\u00e7\u00e3o Gaia \u00e9 uma pe\u00e7a magn\u00edfica que personifica a for\u00e7a, a coragem e a majestade do tigre.","breadcrumb":{"@id":"https:\/\/www.leitao-irmao.com\/product\/pendente-tigre-em-em-ouro-amarelo-gaia\/#breadcrumb"},"inLanguage":"en-GB","potentialAction":[{"@type":"ReadAction","target":["https:\/\/www.leitao-irmao.com\/product\/pendente-tigre-em-em-ouro-amarelo-gaia\/"]}]},{"@type":"ImageObject","inLanguage":"en-GB","@id":"https:\/\/www.leitao-irmao.com\/product\/pendente-tigre-em-em-ouro-amarelo-gaia\/#primaryimage","url":"https:\/\/www.leitao-irmao.com\/wp-content\/uploads\/2023\/07\/7300001-Pendente-Tigre-em-ouro-amarelo.jpg","contentUrl":"https:\/\/www.leitao-irmao.com\/wp-content\/uploads\/2023\/07\/7300001-Pendente-Tigre-em-ouro-amarelo.jpg","width":1030,"height":1030},{"@type":"BreadcrumbList","@id":"https:\/\/www.leitao-irmao.com\/product\/pendente-tigre-em-em-ouro-amarelo-gaia\/#breadcrumb","itemListElement":[{"@type":"ListItem","position":1,"name":"Home","item":"https:\/\/www.leitao-irmao.com\/"},{"@type":"ListItem","position":2,"name":"Products","item":"https:\/\/www.leitao-irmao.com\/shop\/"},{"@type":"ListItem","position":3,"name":"Pendente Tigre em ouro amarelo | Gaia"}]},{"@type":"WebSite","@id":"https:\/\/www.leitao-irmao.com\/#website","url":"https:\/\/www.leitao-irmao.com\/","name":"Leit\u00e3o & Irm\u00e3o","description":"Joalheiros desde 1822","publisher":{"@id":"https:\/\/www.leitao-irmao.com\/#organization"},"potentialAction":[{"@type":"SearchAction","target":{"@type":"EntryPoint","urlTemplate":"https:\/\/www.leitao-irmao.com\/?s={search_term_string}"},"query-input":{"@type":"PropertyValueSpecification","valueRequired":true,"valueName":"search_term_string"}}],"inLanguage":"en-GB"},{"@type":"Organization","@id":"https:\/\/www.leitao-irmao.com\/#organization","name":"Leit\u00e3o & Irm\u00e3o","url":"https:\/\/www.leitao-irmao.com\/","logo":{"@type":"ImageObject","inLanguage":"en-GB","@id":"https:\/\/www.leitao-irmao.com\/#\/schema\/logo\/image\/","url":"https:\/\/www.leitao-irmao.com\/wp-content\/uploads\/2022\/11\/leitaoirmao-logo.png","contentUrl":"https:\/\/www.leitao-irmao.com\/wp-content\/uploads\/2022\/11\/leitaoirmao-logo.png","width":426,"height":89,"caption":"Leit\u00e3o & Irm\u00e3o"},"image":{"@id":"https:\/\/www.leitao-irmao.com\/#\/schema\/logo\/image\/"}}]}},"_links":{"self":[{"href":"https:\/\/www.leitao-irmao.com\/en\/wp-json\/wp\/v2\/product\/14955","targetHints":{"allow":["GET"]}}],"collection":[{"href":"https:\/\/www.leitao-irmao.com\/en\/wp-json\/wp\/v2\/product"}],"about":[{"href":"https:\/\/www.leitao-irmao.com\/en\/wp-json\/wp\/v2\/types\/product"}],"version-history":[{"count":1,"href":"https:\/\/www.leitao-irmao.com\/en\/wp-json\/wp\/v2\/product\/14955\/revisions"}],"predecessor-version":[{"id":36360,"href":"https:\/\/www.leitao-irmao.com\/en\/wp-json\/wp\/v2\/product\/14955\/revisions\/36360"}],"wp:featuredmedia":[{"embeddable":true,"href":"https:\/\/www.leitao-irmao.com\/en\/wp-json\/wp\/v2\/media\/14956"}],"wp:attachment":[{"href":"https:\/\/www.leitao-irmao.com\/en\/wp-json\/wp\/v2\/media?parent=14955"}],"wp:term":[{"taxonomy":"product_brand","embeddable":true,"href":"https:\/\/www.leitao-irmao.com\/en\/wp-json\/wp\/v2\/product_brand?post=14955"},{"taxonomy":"product_cat","embeddable":true,"href":"https:\/\/www.leitao-irmao.com\/en\/wp-json\/wp\/v2\/product_cat?post=14955"},{"taxonomy":"product_tag","embeddable":true,"href":"https:\/\/www.leitao-irmao.com\/en\/wp-json\/wp\/v2\/product_tag?post=14955"}],"curies":[{"name":"wp","href":"https:\/\/api.w.org\/{rel}","templated":true}]}}