{"id":15143,"date":"2023-08-01T16:51:33","date_gmt":"2023-08-01T16:51:33","guid":{"rendered":"https:\/\/www.leitao-irmao.com\/?post_type=product&#038;p=15143"},"modified":"2026-04-09T12:29:36","modified_gmt":"2026-04-09T11:29:36","slug":"anel-dupla-dobra-em-ouro-branco-amarelo","status":"publish","type":"product","link":"https:\/\/www.leitao-irmao.com\/en\/product\/anel-dupla-dobra-em-ouro-branco-amarelo\/","title":{"rendered":"Double fold ring in white gold and yellow gold"},"content":{"rendered":"","protected":false},"excerpt":{"rendered":"<div class=\"flex-1 overflow-hidden\">\n<div class=\"react-scroll-to-bottom--css-bjhvo-79elbk h-full dark:bg-gray-800\">\n<div class=\"react-scroll-to-bottom--css-bjhvo-1n7m0yu\">\n<div class=\"flex flex-col text-sm dark:bg-gray-800\">\n<div class=\"group w-full text-gray-800 dark:text-gray-100 border-b border-black\/10 dark:border-gray-900\/50 bg-gray-50 dark:bg-[#444654]\">\n<div class=\"flex p-4 gap-4 text-base md:gap-6 md:max-w-2xl lg:max-w-[38rem] xl:max-w-3xl md:py-6 lg:px-0 m-auto\">\n<div class=\"relative flex w-[calc(100%-50px)] flex-col gap-1 md:gap-3 lg:w-[calc(100%-115px)]\">\n<div class=\"flex flex-grow flex-col gap-3\">\n<div class=\"min-h-[20px] flex items-start overflow-x-auto whitespace-pre-wrap break-words\">\n<div class=\"markdown prose w-full break-words dark:prose-invert light\">\n<p>The White Gold and Yellow Gold Double Fold Ring has a unique design that combines the elegance of white gold and the sophistication of yellow gold. Two folds intertwine harmoniously, symbolising connection and union. A versatile and modern jewel, perfect to complement any look.<\/p>\n<\/div>\n<\/div>\n<\/div>\n<\/div>\n<\/div>\n<\/div>\n<\/div>\n<\/div>\n<\/div>\n<\/div>","protected":false},"featured_media":15151,"template":"","meta":{"_acf_changed":false},"product_brand":[],"product_cat":[82,121,79,127],"product_tag":[275,278,271,272],"class_list":{"0":"post-15143","1":"product","2":"type-product","3":"status-publish","4":"has-post-thumbnail","6":"product_cat-aneis","7":"product_cat-gifts","8":"product_cat-joalharia","9":"product_cat-presentes-entre-5000e-a-10000e","10":"product_tag-diamantes","11":"product_tag-mulher","12":"product_tag-ouro","13":"product_tag-ouro-branco","15":"first","16":"instock","17":"shipping-taxable","18":"purchasable","19":"product-type-variable"},"acf":[],"yoast_head":"<!-- This site is optimized with the Yoast SEO plugin v25.4 - https:\/\/yoast.com\/wordpress\/plugins\/seo\/ -->\n<title>anel em ouro amarelo e ouro branco<\/title>\n<meta name=\"description\" content=\"O Anel Dupla Dobra em Ouro Branco e Ouro Amarelo possui um design \u00fanico que combina a eleg\u00e2ncia do ouro branco e a sofistica\u00e7\u00e3o do ouro amarelo.\" \/>\n<meta name=\"robots\" content=\"index, follow, max-snippet:-1, max-image-preview:large, max-video-preview:-1\" \/>\n<link rel=\"canonical\" href=\"https:\/\/www.leitao-irmao.com\/en\/product\/anel-dupla-dobra-em-ouro-branco-amarelo\/\" \/>\n<meta property=\"og:locale\" content=\"en_GB\" \/>\n<meta property=\"og:type\" content=\"article\" \/>\n<meta property=\"og:title\" content=\"anel em ouro amarelo e ouro branco\" \/>\n<meta property=\"og:description\" content=\"O Anel Dupla Dobra em Ouro Branco e Ouro Amarelo possui um design \u00fanico que combina a eleg\u00e2ncia do ouro branco e a sofistica\u00e7\u00e3o do ouro amarelo.\" \/>\n<meta property=\"og:url\" content=\"https:\/\/www.leitao-irmao.com\/en\/product\/anel-dupla-dobra-em-ouro-branco-amarelo\/\" \/>\n<meta property=\"og:site_name\" content=\"Leit\u00e3o &amp; Irm\u00e3o\" \/>\n<meta property=\"article:modified_time\" content=\"2026-04-09T11:29:36+00:00\" \/>\n<meta property=\"og:image\" content=\"https:\/\/www.leitao-irmao.com\/wp-content\/uploads\/2023\/08\/0206131-Anel-Dupla-Dobra-em-Ouro-Branco-Ouro-Amarelo-e-Diamantes.jpg\" \/>\n\t<meta property=\"og:image:width\" content=\"1030\" \/>\n\t<meta property=\"og:image:height\" content=\"1030\" \/>\n\t<meta property=\"og:image:type\" content=\"image\/jpeg\" \/>\n<meta name=\"twitter:card\" content=\"summary_large_image\" \/>\n<meta name=\"twitter:label1\" content=\"Estimated reading time\" \/>\n\t<meta name=\"twitter:data1\" content=\"1 minute\" \/>\n<script type=\"application\/ld+json\" class=\"yoast-schema-graph\">{\"@context\":\"https:\/\/schema.org\",\"@graph\":[{\"@type\":\"WebPage\",\"@id\":\"https:\/\/www.leitao-irmao.com\/product\/anel-dupla-dobra-em-ouro-branco-amarelo\/\",\"url\":\"https:\/\/www.leitao-irmao.com\/product\/anel-dupla-dobra-em-ouro-branco-amarelo\/\",\"name\":\"anel em ouro amarelo e ouro branco\",\"isPartOf\":{\"@id\":\"https:\/\/www.leitao-irmao.com\/#website\"},\"primaryImageOfPage\":{\"@id\":\"https:\/\/www.leitao-irmao.com\/product\/anel-dupla-dobra-em-ouro-branco-amarelo\/#primaryimage\"},\"image\":{\"@id\":\"https:\/\/www.leitao-irmao.com\/product\/anel-dupla-dobra-em-ouro-branco-amarelo\/#primaryimage\"},\"thumbnailUrl\":\"https:\/\/www.leitao-irmao.com\/wp-content\/uploads\/2023\/08\/0206131-Anel-Dupla-Dobra-em-Ouro-Branco-Ouro-Amarelo-e-Diamantes.jpg\",\"datePublished\":\"2023-08-01T16:51:33+00:00\",\"dateModified\":\"2026-04-09T11:29:36+00:00\",\"description\":\"O Anel Dupla Dobra em Ouro Branco e Ouro Amarelo possui um design \u00fanico que combina a eleg\u00e2ncia do ouro branco e a sofistica\u00e7\u00e3o do ouro amarelo.\",\"breadcrumb\":{\"@id\":\"https:\/\/www.leitao-irmao.com\/product\/anel-dupla-dobra-em-ouro-branco-amarelo\/#breadcrumb\"},\"inLanguage\":\"en-GB\",\"potentialAction\":[{\"@type\":\"ReadAction\",\"target\":[\"https:\/\/www.leitao-irmao.com\/product\/anel-dupla-dobra-em-ouro-branco-amarelo\/\"]}]},{\"@type\":\"ImageObject\",\"inLanguage\":\"en-GB\",\"@id\":\"https:\/\/www.leitao-irmao.com\/product\/anel-dupla-dobra-em-ouro-branco-amarelo\/#primaryimage\",\"url\":\"https:\/\/www.leitao-irmao.com\/wp-content\/uploads\/2023\/08\/0206131-Anel-Dupla-Dobra-em-Ouro-Branco-Ouro-Amarelo-e-Diamantes.jpg\",\"contentUrl\":\"https:\/\/www.leitao-irmao.com\/wp-content\/uploads\/2023\/08\/0206131-Anel-Dupla-Dobra-em-Ouro-Branco-Ouro-Amarelo-e-Diamantes.jpg\",\"width\":1030,\"height\":1030},{\"@type\":\"BreadcrumbList\",\"@id\":\"https:\/\/www.leitao-irmao.com\/product\/anel-dupla-dobra-em-ouro-branco-amarelo\/#breadcrumb\",\"itemListElement\":[{\"@type\":\"ListItem\",\"position\":1,\"name\":\"Home\",\"item\":\"https:\/\/www.leitao-irmao.com\/\"},{\"@type\":\"ListItem\",\"position\":2,\"name\":\"Products\",\"item\":\"https:\/\/www.leitao-irmao.com\/shop\/\"},{\"@type\":\"ListItem\",\"position\":3,\"name\":\"Anel Dupla Dobra em ouro branco e ouro amarelo\"}]},{\"@type\":\"WebSite\",\"@id\":\"https:\/\/www.leitao-irmao.com\/#website\",\"url\":\"https:\/\/www.leitao-irmao.com\/\",\"name\":\"Leit\u00e3o & Irm\u00e3o\",\"description\":\"Joalheiros desde 1822\",\"publisher\":{\"@id\":\"https:\/\/www.leitao-irmao.com\/#organization\"},\"potentialAction\":[{\"@type\":\"SearchAction\",\"target\":{\"@type\":\"EntryPoint\",\"urlTemplate\":\"https:\/\/www.leitao-irmao.com\/?s={search_term_string}\"},\"query-input\":{\"@type\":\"PropertyValueSpecification\",\"valueRequired\":true,\"valueName\":\"search_term_string\"}}],\"inLanguage\":\"en-GB\"},{\"@type\":\"Organization\",\"@id\":\"https:\/\/www.leitao-irmao.com\/#organization\",\"name\":\"Leit\u00e3o & Irm\u00e3o\",\"url\":\"https:\/\/www.leitao-irmao.com\/\",\"logo\":{\"@type\":\"ImageObject\",\"inLanguage\":\"en-GB\",\"@id\":\"https:\/\/www.leitao-irmao.com\/#\/schema\/logo\/image\/\",\"url\":\"https:\/\/www.leitao-irmao.com\/wp-content\/uploads\/2022\/11\/leitaoirmao-logo.png\",\"contentUrl\":\"https:\/\/www.leitao-irmao.com\/wp-content\/uploads\/2022\/11\/leitaoirmao-logo.png\",\"width\":426,\"height\":89,\"caption\":\"Leit\u00e3o & Irm\u00e3o\"},\"image\":{\"@id\":\"https:\/\/www.leitao-irmao.com\/#\/schema\/logo\/image\/\"}}]}<\/script>\n<!-- \/ Yoast SEO plugin. -->","yoast_head_json":{"title":"anel em ouro amarelo e ouro branco","description":"O Anel Dupla Dobra em Ouro Branco e Ouro Amarelo possui um design \u00fanico que combina a eleg\u00e2ncia do ouro branco e a sofistica\u00e7\u00e3o do ouro amarelo.","robots":{"index":"index","follow":"follow","max-snippet":"max-snippet:-1","max-image-preview":"max-image-preview:large","max-video-preview":"max-video-preview:-1"},"canonical":"https:\/\/www.leitao-irmao.com\/en\/product\/anel-dupla-dobra-em-ouro-branco-amarelo\/","og_locale":"en_GB","og_type":"article","og_title":"anel em ouro amarelo e ouro branco","og_description":"O Anel Dupla Dobra em Ouro Branco e Ouro Amarelo possui um design \u00fanico que combina a eleg\u00e2ncia do ouro branco e a sofistica\u00e7\u00e3o do ouro amarelo.","og_url":"https:\/\/www.leitao-irmao.com\/en\/product\/anel-dupla-dobra-em-ouro-branco-amarelo\/","og_site_name":"Leit\u00e3o &amp; Irm\u00e3o","article_modified_time":"2026-04-09T11:29:36+00:00","og_image":[{"width":1030,"height":1030,"url":"https:\/\/www.leitao-irmao.com\/wp-content\/uploads\/2023\/08\/0206131-Anel-Dupla-Dobra-em-Ouro-Branco-Ouro-Amarelo-e-Diamantes.jpg","type":"image\/jpeg"}],"twitter_card":"summary_large_image","twitter_misc":{"Estimated reading time":"1 minute"},"schema":{"@context":"https:\/\/schema.org","@graph":[{"@type":"WebPage","@id":"https:\/\/www.leitao-irmao.com\/product\/anel-dupla-dobra-em-ouro-branco-amarelo\/","url":"https:\/\/www.leitao-irmao.com\/product\/anel-dupla-dobra-em-ouro-branco-amarelo\/","name":"anel em ouro amarelo e ouro branco","isPartOf":{"@id":"https:\/\/www.leitao-irmao.com\/#website"},"primaryImageOfPage":{"@id":"https:\/\/www.leitao-irmao.com\/product\/anel-dupla-dobra-em-ouro-branco-amarelo\/#primaryimage"},"image":{"@id":"https:\/\/www.leitao-irmao.com\/product\/anel-dupla-dobra-em-ouro-branco-amarelo\/#primaryimage"},"thumbnailUrl":"https:\/\/www.leitao-irmao.com\/wp-content\/uploads\/2023\/08\/0206131-Anel-Dupla-Dobra-em-Ouro-Branco-Ouro-Amarelo-e-Diamantes.jpg","datePublished":"2023-08-01T16:51:33+00:00","dateModified":"2026-04-09T11:29:36+00:00","description":"O Anel Dupla Dobra em Ouro Branco e Ouro Amarelo possui um design \u00fanico que combina a eleg\u00e2ncia do ouro branco e a sofistica\u00e7\u00e3o do ouro amarelo.","breadcrumb":{"@id":"https:\/\/www.leitao-irmao.com\/product\/anel-dupla-dobra-em-ouro-branco-amarelo\/#breadcrumb"},"inLanguage":"en-GB","potentialAction":[{"@type":"ReadAction","target":["https:\/\/www.leitao-irmao.com\/product\/anel-dupla-dobra-em-ouro-branco-amarelo\/"]}]},{"@type":"ImageObject","inLanguage":"en-GB","@id":"https:\/\/www.leitao-irmao.com\/product\/anel-dupla-dobra-em-ouro-branco-amarelo\/#primaryimage","url":"https:\/\/www.leitao-irmao.com\/wp-content\/uploads\/2023\/08\/0206131-Anel-Dupla-Dobra-em-Ouro-Branco-Ouro-Amarelo-e-Diamantes.jpg","contentUrl":"https:\/\/www.leitao-irmao.com\/wp-content\/uploads\/2023\/08\/0206131-Anel-Dupla-Dobra-em-Ouro-Branco-Ouro-Amarelo-e-Diamantes.jpg","width":1030,"height":1030},{"@type":"BreadcrumbList","@id":"https:\/\/www.leitao-irmao.com\/product\/anel-dupla-dobra-em-ouro-branco-amarelo\/#breadcrumb","itemListElement":[{"@type":"ListItem","position":1,"name":"Home","item":"https:\/\/www.leitao-irmao.com\/"},{"@type":"ListItem","position":2,"name":"Products","item":"https:\/\/www.leitao-irmao.com\/shop\/"},{"@type":"ListItem","position":3,"name":"Anel Dupla Dobra em ouro branco e ouro amarelo"}]},{"@type":"WebSite","@id":"https:\/\/www.leitao-irmao.com\/#website","url":"https:\/\/www.leitao-irmao.com\/","name":"Leit\u00e3o & Irm\u00e3o","description":"Joalheiros desde 1822","publisher":{"@id":"https:\/\/www.leitao-irmao.com\/#organization"},"potentialAction":[{"@type":"SearchAction","target":{"@type":"EntryPoint","urlTemplate":"https:\/\/www.leitao-irmao.com\/?s={search_term_string}"},"query-input":{"@type":"PropertyValueSpecification","valueRequired":true,"valueName":"search_term_string"}}],"inLanguage":"en-GB"},{"@type":"Organization","@id":"https:\/\/www.leitao-irmao.com\/#organization","name":"Leit\u00e3o & Irm\u00e3o","url":"https:\/\/www.leitao-irmao.com\/","logo":{"@type":"ImageObject","inLanguage":"en-GB","@id":"https:\/\/www.leitao-irmao.com\/#\/schema\/logo\/image\/","url":"https:\/\/www.leitao-irmao.com\/wp-content\/uploads\/2022\/11\/leitaoirmao-logo.png","contentUrl":"https:\/\/www.leitao-irmao.com\/wp-content\/uploads\/2022\/11\/leitaoirmao-logo.png","width":426,"height":89,"caption":"Leit\u00e3o & Irm\u00e3o"},"image":{"@id":"https:\/\/www.leitao-irmao.com\/#\/schema\/logo\/image\/"}}]}},"_links":{"self":[{"href":"https:\/\/www.leitao-irmao.com\/en\/wp-json\/wp\/v2\/product\/15143","targetHints":{"allow":["GET"]}}],"collection":[{"href":"https:\/\/www.leitao-irmao.com\/en\/wp-json\/wp\/v2\/product"}],"about":[{"href":"https:\/\/www.leitao-irmao.com\/en\/wp-json\/wp\/v2\/types\/product"}],"version-history":[{"count":1,"href":"https:\/\/www.leitao-irmao.com\/en\/wp-json\/wp\/v2\/product\/15143\/revisions"}],"predecessor-version":[{"id":37903,"href":"https:\/\/www.leitao-irmao.com\/en\/wp-json\/wp\/v2\/product\/15143\/revisions\/37903"}],"wp:featuredmedia":[{"embeddable":true,"href":"https:\/\/www.leitao-irmao.com\/en\/wp-json\/wp\/v2\/media\/15151"}],"wp:attachment":[{"href":"https:\/\/www.leitao-irmao.com\/en\/wp-json\/wp\/v2\/media?parent=15143"}],"wp:term":[{"taxonomy":"product_brand","embeddable":true,"href":"https:\/\/www.leitao-irmao.com\/en\/wp-json\/wp\/v2\/product_brand?post=15143"},{"taxonomy":"product_cat","embeddable":true,"href":"https:\/\/www.leitao-irmao.com\/en\/wp-json\/wp\/v2\/product_cat?post=15143"},{"taxonomy":"product_tag","embeddable":true,"href":"https:\/\/www.leitao-irmao.com\/en\/wp-json\/wp\/v2\/product_tag?post=15143"}],"curies":[{"name":"wp","href":"https:\/\/api.w.org\/{rel}","templated":true}]}}