{"id":15275,"date":"2023-08-03T09:31:05","date_gmt":"2023-08-03T09:31:05","guid":{"rendered":"https:\/\/www.leitao-irmao.com\/?post_type=product&#038;p=15275"},"modified":"2026-04-27T16:02:51","modified_gmt":"2026-04-27T15:02:51","slug":"brincos-em-ouro-rosa-ganda-godron","status":"publish","type":"product","link":"https:\/\/www.leitao-irmao.com\/en\/product\/brincos-em-ouro-rosa-ganda-godron\/","title":{"rendered":"Rose Gold Earrings | Ganda Godron"},"content":{"rendered":"","protected":false},"excerpt":{"rendered":"<p>The Rose Gold Earrings are an elegant and sophisticated piece of jewellery that combines the charm of rose gold with the unique design of the Ganda Godron collection. It features interwoven lines and precise details, creating a unique and striking piece.<\/p>\n<p><em>Expected delivery of 5 to 10 working days after order.<\/em><\/p>","protected":false},"featured_media":15277,"template":"","meta":{"_acf_changed":false},"product_brand":[],"product_cat":[83,492,79,127,496],"product_tag":[278,298],"class_list":{"0":"post-15275","1":"product","2":"type-product","3":"status-publish","4":"has-post-thumbnail","6":"product_cat-brincos-joalharia-portuguesa","7":"product_cat-ganda-godron-colecao-joalharia-portuguesa","8":"product_cat-joalharia","9":"product_cat-presentes-entre-5000e-a-10000e","10":"product_cat-sem-desconto","11":"product_tag-mulher","12":"product_tag-ouro-rosa","14":"first","15":"onbackorder","16":"shipping-taxable","17":"purchasable","18":"product-type-simple"},"acf":[],"yoast_head":"<!-- This site is optimized with the Yoast SEO plugin v25.4 - https:\/\/yoast.com\/wordpress\/plugins\/seo\/ -->\n<title>brincos em ouro rosa<\/title>\n<meta name=\"description\" content=\"Os Brincos em Ouro\u00a0 Rosa s\u00e3o uma joia elegante e sofisticada que combina charme do ouro rosa com o design \u00fanico da cole\u00e7\u00e3o Ganda Godron.\" \/>\n<meta name=\"robots\" content=\"index, follow, max-snippet:-1, max-image-preview:large, max-video-preview:-1\" \/>\n<link rel=\"canonical\" href=\"https:\/\/www.leitao-irmao.com\/en\/product\/brincos-em-ouro-rosa-ganda-godron\/\" \/>\n<meta property=\"og:locale\" content=\"en_GB\" \/>\n<meta property=\"og:type\" content=\"article\" \/>\n<meta property=\"og:title\" content=\"brincos em ouro rosa\" \/>\n<meta property=\"og:description\" content=\"Os Brincos em Ouro\u00a0 Rosa s\u00e3o uma joia elegante e sofisticada que combina charme do ouro rosa com o design \u00fanico da cole\u00e7\u00e3o Ganda Godron.\" \/>\n<meta property=\"og:url\" content=\"https:\/\/www.leitao-irmao.com\/en\/product\/brincos-em-ouro-rosa-ganda-godron\/\" \/>\n<meta property=\"og:site_name\" content=\"Leit\u00e3o &amp; Irm\u00e3o\" \/>\n<meta property=\"article:modified_time\" content=\"2026-04-27T15:02:51+00:00\" \/>\n<meta property=\"og:image\" content=\"https:\/\/www.leitao-irmao.com\/wp-content\/uploads\/2023\/08\/0210253-brincos_ganda_au_rosa_2.jpg\" \/>\n\t<meta property=\"og:image:width\" content=\"1080\" \/>\n\t<meta property=\"og:image:height\" content=\"1080\" \/>\n\t<meta property=\"og:image:type\" content=\"image\/jpeg\" \/>\n<meta name=\"twitter:card\" content=\"summary_large_image\" \/>\n<meta name=\"twitter:label1\" content=\"Estimated reading time\" \/>\n\t<meta name=\"twitter:data1\" content=\"1 minute\" \/>\n<script type=\"application\/ld+json\" class=\"yoast-schema-graph\">{\"@context\":\"https:\/\/schema.org\",\"@graph\":[{\"@type\":\"WebPage\",\"@id\":\"https:\/\/www.leitao-irmao.com\/product\/brincos-em-ouro-rosa-ganda-godron\/\",\"url\":\"https:\/\/www.leitao-irmao.com\/product\/brincos-em-ouro-rosa-ganda-godron\/\",\"name\":\"brincos em ouro rosa\",\"isPartOf\":{\"@id\":\"https:\/\/www.leitao-irmao.com\/#website\"},\"primaryImageOfPage\":{\"@id\":\"https:\/\/www.leitao-irmao.com\/product\/brincos-em-ouro-rosa-ganda-godron\/#primaryimage\"},\"image\":{\"@id\":\"https:\/\/www.leitao-irmao.com\/product\/brincos-em-ouro-rosa-ganda-godron\/#primaryimage\"},\"thumbnailUrl\":\"https:\/\/www.leitao-irmao.com\/wp-content\/uploads\/2023\/08\/0210253-brincos_ganda_au_rosa_2.jpg\",\"datePublished\":\"2023-08-03T09:31:05+00:00\",\"dateModified\":\"2026-04-27T15:02:51+00:00\",\"description\":\"Os Brincos em Ouro\u00a0 Rosa s\u00e3o uma joia elegante e sofisticada que combina charme do ouro rosa com o design \u00fanico da cole\u00e7\u00e3o Ganda Godron.\",\"breadcrumb\":{\"@id\":\"https:\/\/www.leitao-irmao.com\/product\/brincos-em-ouro-rosa-ganda-godron\/#breadcrumb\"},\"inLanguage\":\"en-GB\",\"potentialAction\":[{\"@type\":\"ReadAction\",\"target\":[\"https:\/\/www.leitao-irmao.com\/product\/brincos-em-ouro-rosa-ganda-godron\/\"]}]},{\"@type\":\"ImageObject\",\"inLanguage\":\"en-GB\",\"@id\":\"https:\/\/www.leitao-irmao.com\/product\/brincos-em-ouro-rosa-ganda-godron\/#primaryimage\",\"url\":\"https:\/\/www.leitao-irmao.com\/wp-content\/uploads\/2023\/08\/0210253-brincos_ganda_au_rosa_2.jpg\",\"contentUrl\":\"https:\/\/www.leitao-irmao.com\/wp-content\/uploads\/2023\/08\/0210253-brincos_ganda_au_rosa_2.jpg\",\"width\":1080,\"height\":1080},{\"@type\":\"BreadcrumbList\",\"@id\":\"https:\/\/www.leitao-irmao.com\/product\/brincos-em-ouro-rosa-ganda-godron\/#breadcrumb\",\"itemListElement\":[{\"@type\":\"ListItem\",\"position\":1,\"name\":\"Home\",\"item\":\"https:\/\/www.leitao-irmao.com\/\"},{\"@type\":\"ListItem\",\"position\":2,\"name\":\"Products\",\"item\":\"https:\/\/www.leitao-irmao.com\/shop\/\"},{\"@type\":\"ListItem\",\"position\":3,\"name\":\"Brincos em Ouro Rosa | Ganda Godron\"}]},{\"@type\":\"WebSite\",\"@id\":\"https:\/\/www.leitao-irmao.com\/#website\",\"url\":\"https:\/\/www.leitao-irmao.com\/\",\"name\":\"Leit\u00e3o & Irm\u00e3o\",\"description\":\"Joalheiros desde 1822\",\"publisher\":{\"@id\":\"https:\/\/www.leitao-irmao.com\/#organization\"},\"potentialAction\":[{\"@type\":\"SearchAction\",\"target\":{\"@type\":\"EntryPoint\",\"urlTemplate\":\"https:\/\/www.leitao-irmao.com\/?s={search_term_string}\"},\"query-input\":{\"@type\":\"PropertyValueSpecification\",\"valueRequired\":true,\"valueName\":\"search_term_string\"}}],\"inLanguage\":\"en-GB\"},{\"@type\":\"Organization\",\"@id\":\"https:\/\/www.leitao-irmao.com\/#organization\",\"name\":\"Leit\u00e3o & Irm\u00e3o\",\"url\":\"https:\/\/www.leitao-irmao.com\/\",\"logo\":{\"@type\":\"ImageObject\",\"inLanguage\":\"en-GB\",\"@id\":\"https:\/\/www.leitao-irmao.com\/#\/schema\/logo\/image\/\",\"url\":\"https:\/\/www.leitao-irmao.com\/wp-content\/uploads\/2022\/11\/leitaoirmao-logo.png\",\"contentUrl\":\"https:\/\/www.leitao-irmao.com\/wp-content\/uploads\/2022\/11\/leitaoirmao-logo.png\",\"width\":426,\"height\":89,\"caption\":\"Leit\u00e3o & Irm\u00e3o\"},\"image\":{\"@id\":\"https:\/\/www.leitao-irmao.com\/#\/schema\/logo\/image\/\"}}]}<\/script>\n<!-- \/ Yoast SEO plugin. -->","yoast_head_json":{"title":"brincos em ouro rosa","description":"Os Brincos em Ouro\u00a0 Rosa s\u00e3o uma joia elegante e sofisticada que combina charme do ouro rosa com o design \u00fanico da cole\u00e7\u00e3o Ganda Godron.","robots":{"index":"index","follow":"follow","max-snippet":"max-snippet:-1","max-image-preview":"max-image-preview:large","max-video-preview":"max-video-preview:-1"},"canonical":"https:\/\/www.leitao-irmao.com\/en\/product\/brincos-em-ouro-rosa-ganda-godron\/","og_locale":"en_GB","og_type":"article","og_title":"brincos em ouro rosa","og_description":"Os Brincos em Ouro\u00a0 Rosa s\u00e3o uma joia elegante e sofisticada que combina charme do ouro rosa com o design \u00fanico da cole\u00e7\u00e3o Ganda Godron.","og_url":"https:\/\/www.leitao-irmao.com\/en\/product\/brincos-em-ouro-rosa-ganda-godron\/","og_site_name":"Leit\u00e3o &amp; Irm\u00e3o","article_modified_time":"2026-04-27T15:02:51+00:00","og_image":[{"width":1080,"height":1080,"url":"https:\/\/www.leitao-irmao.com\/wp-content\/uploads\/2023\/08\/0210253-brincos_ganda_au_rosa_2.jpg","type":"image\/jpeg"}],"twitter_card":"summary_large_image","twitter_misc":{"Estimated reading time":"1 minute"},"schema":{"@context":"https:\/\/schema.org","@graph":[{"@type":"WebPage","@id":"https:\/\/www.leitao-irmao.com\/product\/brincos-em-ouro-rosa-ganda-godron\/","url":"https:\/\/www.leitao-irmao.com\/product\/brincos-em-ouro-rosa-ganda-godron\/","name":"brincos em ouro rosa","isPartOf":{"@id":"https:\/\/www.leitao-irmao.com\/#website"},"primaryImageOfPage":{"@id":"https:\/\/www.leitao-irmao.com\/product\/brincos-em-ouro-rosa-ganda-godron\/#primaryimage"},"image":{"@id":"https:\/\/www.leitao-irmao.com\/product\/brincos-em-ouro-rosa-ganda-godron\/#primaryimage"},"thumbnailUrl":"https:\/\/www.leitao-irmao.com\/wp-content\/uploads\/2023\/08\/0210253-brincos_ganda_au_rosa_2.jpg","datePublished":"2023-08-03T09:31:05+00:00","dateModified":"2026-04-27T15:02:51+00:00","description":"Os Brincos em Ouro\u00a0 Rosa s\u00e3o uma joia elegante e sofisticada que combina charme do ouro rosa com o design \u00fanico da cole\u00e7\u00e3o Ganda Godron.","breadcrumb":{"@id":"https:\/\/www.leitao-irmao.com\/product\/brincos-em-ouro-rosa-ganda-godron\/#breadcrumb"},"inLanguage":"en-GB","potentialAction":[{"@type":"ReadAction","target":["https:\/\/www.leitao-irmao.com\/product\/brincos-em-ouro-rosa-ganda-godron\/"]}]},{"@type":"ImageObject","inLanguage":"en-GB","@id":"https:\/\/www.leitao-irmao.com\/product\/brincos-em-ouro-rosa-ganda-godron\/#primaryimage","url":"https:\/\/www.leitao-irmao.com\/wp-content\/uploads\/2023\/08\/0210253-brincos_ganda_au_rosa_2.jpg","contentUrl":"https:\/\/www.leitao-irmao.com\/wp-content\/uploads\/2023\/08\/0210253-brincos_ganda_au_rosa_2.jpg","width":1080,"height":1080},{"@type":"BreadcrumbList","@id":"https:\/\/www.leitao-irmao.com\/product\/brincos-em-ouro-rosa-ganda-godron\/#breadcrumb","itemListElement":[{"@type":"ListItem","position":1,"name":"Home","item":"https:\/\/www.leitao-irmao.com\/"},{"@type":"ListItem","position":2,"name":"Products","item":"https:\/\/www.leitao-irmao.com\/shop\/"},{"@type":"ListItem","position":3,"name":"Brincos em Ouro Rosa | Ganda Godron"}]},{"@type":"WebSite","@id":"https:\/\/www.leitao-irmao.com\/#website","url":"https:\/\/www.leitao-irmao.com\/","name":"Leit\u00e3o & Irm\u00e3o","description":"Joalheiros desde 1822","publisher":{"@id":"https:\/\/www.leitao-irmao.com\/#organization"},"potentialAction":[{"@type":"SearchAction","target":{"@type":"EntryPoint","urlTemplate":"https:\/\/www.leitao-irmao.com\/?s={search_term_string}"},"query-input":{"@type":"PropertyValueSpecification","valueRequired":true,"valueName":"search_term_string"}}],"inLanguage":"en-GB"},{"@type":"Organization","@id":"https:\/\/www.leitao-irmao.com\/#organization","name":"Leit\u00e3o & Irm\u00e3o","url":"https:\/\/www.leitao-irmao.com\/","logo":{"@type":"ImageObject","inLanguage":"en-GB","@id":"https:\/\/www.leitao-irmao.com\/#\/schema\/logo\/image\/","url":"https:\/\/www.leitao-irmao.com\/wp-content\/uploads\/2022\/11\/leitaoirmao-logo.png","contentUrl":"https:\/\/www.leitao-irmao.com\/wp-content\/uploads\/2022\/11\/leitaoirmao-logo.png","width":426,"height":89,"caption":"Leit\u00e3o & Irm\u00e3o"},"image":{"@id":"https:\/\/www.leitao-irmao.com\/#\/schema\/logo\/image\/"}}]}},"_links":{"self":[{"href":"https:\/\/www.leitao-irmao.com\/en\/wp-json\/wp\/v2\/product\/15275","targetHints":{"allow":["GET"]}}],"collection":[{"href":"https:\/\/www.leitao-irmao.com\/en\/wp-json\/wp\/v2\/product"}],"about":[{"href":"https:\/\/www.leitao-irmao.com\/en\/wp-json\/wp\/v2\/types\/product"}],"version-history":[{"count":1,"href":"https:\/\/www.leitao-irmao.com\/en\/wp-json\/wp\/v2\/product\/15275\/revisions"}],"predecessor-version":[{"id":34876,"href":"https:\/\/www.leitao-irmao.com\/en\/wp-json\/wp\/v2\/product\/15275\/revisions\/34876"}],"wp:featuredmedia":[{"embeddable":true,"href":"https:\/\/www.leitao-irmao.com\/en\/wp-json\/wp\/v2\/media\/15277"}],"wp:attachment":[{"href":"https:\/\/www.leitao-irmao.com\/en\/wp-json\/wp\/v2\/media?parent=15275"}],"wp:term":[{"taxonomy":"product_brand","embeddable":true,"href":"https:\/\/www.leitao-irmao.com\/en\/wp-json\/wp\/v2\/product_brand?post=15275"},{"taxonomy":"product_cat","embeddable":true,"href":"https:\/\/www.leitao-irmao.com\/en\/wp-json\/wp\/v2\/product_cat?post=15275"},{"taxonomy":"product_tag","embeddable":true,"href":"https:\/\/www.leitao-irmao.com\/en\/wp-json\/wp\/v2\/product_tag?post=15275"}],"curies":[{"name":"wp","href":"https:\/\/api.w.org\/{rel}","templated":true}]}}