{"id":15409,"date":"2023-12-14T16:19:04","date_gmt":"2023-12-14T16:19:04","guid":{"rendered":"https:\/\/www.leitao-irmao.com\/?post_type=product&#038;p=15409"},"modified":"2025-10-08T09:22:09","modified_gmt":"2025-10-08T08:22:09","slug":"fio-mirror-trace-o-4-7mm-em-prata","status":"publish","type":"product","link":"https:\/\/www.leitao-irmao.com\/en\/product\/fio-mirror-trace-o-4-7mm-em-prata\/","title":{"rendered":"Mirror Trace wire \u00d8 4.7mm in silver"},"content":{"rendered":"","protected":false},"excerpt":{"rendered":"<p>The Mirror Trace \u00d8 4.7mm silver chain is an elegant and sophisticated necklace with a mirrored design and a thickness of 4.7 millimetres.<\/p>","protected":false},"featured_media":24903,"template":"","meta":{"_acf_changed":false},"product_brand":[],"product_cat":[137,84,141,140,601,122],"product_tag":[336,434,277,278,270,279],"class_list":{"0":"post-15409","1":"product","2":"type-product","3":"status-publish","4":"has-post-thumbnail","6":"product_cat-batizados","7":"product_cat-fios-e-colares-joalharia-portuguesa-leitao-irmao","8":"product_cat-para-ela","9":"product_cat-para-ele","10":"product_cat-pecas-de-fornecedor","11":"product_cat-presentes-inferiores-a-150e","12":"product_tag-bestseller","13":"product_tag-crianca","14":"product_tag-homem","15":"product_tag-mulher","16":"product_tag-prata","17":"product_tag-unissexo","19":"first","20":"outofstock","21":"shipping-taxable","22":"product-type-variable"},"acf":[],"yoast_head":"<!-- This site is optimized with the Yoast SEO plugin v25.4 - https:\/\/yoast.com\/wordpress\/plugins\/seo\/ -->\n<title>fio em prata 4.7 mm<\/title>\n<meta name=\"description\" content=\"O Fio Mirror Trace \u00d8 4.7mm em prata \u00e9 um colar elegante e sofisticado com um design espelhado e uma espessura de 4,7 mil\u00edmetros.\" \/>\n<meta name=\"robots\" content=\"index, follow, max-snippet:-1, max-image-preview:large, max-video-preview:-1\" \/>\n<link rel=\"canonical\" href=\"https:\/\/www.leitao-irmao.com\/en\/product\/fio-mirror-trace-o-4-7mm-em-prata\/\" \/>\n<meta property=\"og:locale\" content=\"en_GB\" \/>\n<meta property=\"og:type\" content=\"article\" \/>\n<meta property=\"og:title\" content=\"fio em prata 4.7 mm\" \/>\n<meta property=\"og:description\" content=\"O Fio Mirror Trace \u00d8 4.7mm em prata \u00e9 um colar elegante e sofisticado com um design espelhado e uma espessura de 4,7 mil\u00edmetros.\" \/>\n<meta property=\"og:url\" content=\"https:\/\/www.leitao-irmao.com\/en\/product\/fio-mirror-trace-o-4-7mm-em-prata\/\" \/>\n<meta property=\"og:site_name\" content=\"Leit\u00e3o &amp; Irm\u00e3o\" \/>\n<meta property=\"article:modified_time\" content=\"2025-10-08T08:22:09+00:00\" \/>\n<meta property=\"og:image\" content=\"https:\/\/www.leitao-irmao.com\/wp-content\/uploads\/2023\/12\/0508285.jpg\" \/>\n\t<meta property=\"og:image:width\" content=\"1500\" \/>\n\t<meta property=\"og:image:height\" content=\"1500\" \/>\n\t<meta property=\"og:image:type\" content=\"image\/jpeg\" \/>\n<meta name=\"twitter:card\" content=\"summary_large_image\" \/>\n<meta name=\"twitter:label1\" content=\"Estimated reading time\" \/>\n\t<meta name=\"twitter:data1\" content=\"1 minute\" \/>\n<script type=\"application\/ld+json\" class=\"yoast-schema-graph\">{\"@context\":\"https:\/\/schema.org\",\"@graph\":[{\"@type\":\"WebPage\",\"@id\":\"https:\/\/www.leitao-irmao.com\/product\/fio-mirror-trace-o-4-7mm-em-prata\/\",\"url\":\"https:\/\/www.leitao-irmao.com\/product\/fio-mirror-trace-o-4-7mm-em-prata\/\",\"name\":\"fio em prata 4.7 mm\",\"isPartOf\":{\"@id\":\"https:\/\/www.leitao-irmao.com\/#website\"},\"primaryImageOfPage\":{\"@id\":\"https:\/\/www.leitao-irmao.com\/product\/fio-mirror-trace-o-4-7mm-em-prata\/#primaryimage\"},\"image\":{\"@id\":\"https:\/\/www.leitao-irmao.com\/product\/fio-mirror-trace-o-4-7mm-em-prata\/#primaryimage\"},\"thumbnailUrl\":\"https:\/\/www.leitao-irmao.com\/wp-content\/uploads\/2023\/12\/0508285.jpg\",\"datePublished\":\"2023-12-14T16:19:04+00:00\",\"dateModified\":\"2025-10-08T08:22:09+00:00\",\"description\":\"O Fio Mirror Trace \u00d8 4.7mm em prata \u00e9 um colar elegante e sofisticado com um design espelhado e uma espessura de 4,7 mil\u00edmetros.\",\"breadcrumb\":{\"@id\":\"https:\/\/www.leitao-irmao.com\/product\/fio-mirror-trace-o-4-7mm-em-prata\/#breadcrumb\"},\"inLanguage\":\"en-GB\",\"potentialAction\":[{\"@type\":\"ReadAction\",\"target\":[\"https:\/\/www.leitao-irmao.com\/product\/fio-mirror-trace-o-4-7mm-em-prata\/\"]}]},{\"@type\":\"ImageObject\",\"inLanguage\":\"en-GB\",\"@id\":\"https:\/\/www.leitao-irmao.com\/product\/fio-mirror-trace-o-4-7mm-em-prata\/#primaryimage\",\"url\":\"https:\/\/www.leitao-irmao.com\/wp-content\/uploads\/2023\/12\/0508285.jpg\",\"contentUrl\":\"https:\/\/www.leitao-irmao.com\/wp-content\/uploads\/2023\/12\/0508285.jpg\",\"width\":1500,\"height\":1500,\"caption\":\"Fio de malha mirror trace em prata da Leit\u00e3o & Irm\u00e3o\"},{\"@type\":\"BreadcrumbList\",\"@id\":\"https:\/\/www.leitao-irmao.com\/product\/fio-mirror-trace-o-4-7mm-em-prata\/#breadcrumb\",\"itemListElement\":[{\"@type\":\"ListItem\",\"position\":1,\"name\":\"Home\",\"item\":\"https:\/\/www.leitao-irmao.com\/\"},{\"@type\":\"ListItem\",\"position\":2,\"name\":\"Products\",\"item\":\"https:\/\/www.leitao-irmao.com\/shop\/\"},{\"@type\":\"ListItem\",\"position\":3,\"name\":\"Fio Mirror Trace \u00d8 4.7mm em prata\"}]},{\"@type\":\"WebSite\",\"@id\":\"https:\/\/www.leitao-irmao.com\/#website\",\"url\":\"https:\/\/www.leitao-irmao.com\/\",\"name\":\"Leit\u00e3o & Irm\u00e3o\",\"description\":\"Joalheiros desde 1822\",\"publisher\":{\"@id\":\"https:\/\/www.leitao-irmao.com\/#organization\"},\"potentialAction\":[{\"@type\":\"SearchAction\",\"target\":{\"@type\":\"EntryPoint\",\"urlTemplate\":\"https:\/\/www.leitao-irmao.com\/?s={search_term_string}\"},\"query-input\":{\"@type\":\"PropertyValueSpecification\",\"valueRequired\":true,\"valueName\":\"search_term_string\"}}],\"inLanguage\":\"en-GB\"},{\"@type\":\"Organization\",\"@id\":\"https:\/\/www.leitao-irmao.com\/#organization\",\"name\":\"Leit\u00e3o & Irm\u00e3o\",\"url\":\"https:\/\/www.leitao-irmao.com\/\",\"logo\":{\"@type\":\"ImageObject\",\"inLanguage\":\"en-GB\",\"@id\":\"https:\/\/www.leitao-irmao.com\/#\/schema\/logo\/image\/\",\"url\":\"https:\/\/www.leitao-irmao.com\/wp-content\/uploads\/2022\/11\/leitaoirmao-logo.png\",\"contentUrl\":\"https:\/\/www.leitao-irmao.com\/wp-content\/uploads\/2022\/11\/leitaoirmao-logo.png\",\"width\":426,\"height\":89,\"caption\":\"Leit\u00e3o & Irm\u00e3o\"},\"image\":{\"@id\":\"https:\/\/www.leitao-irmao.com\/#\/schema\/logo\/image\/\"}}]}<\/script>\n<!-- \/ Yoast SEO plugin. -->","yoast_head_json":{"title":"fio em prata 4.7 mm","description":"O Fio Mirror Trace \u00d8 4.7mm em prata \u00e9 um colar elegante e sofisticado com um design espelhado e uma espessura de 4,7 mil\u00edmetros.","robots":{"index":"index","follow":"follow","max-snippet":"max-snippet:-1","max-image-preview":"max-image-preview:large","max-video-preview":"max-video-preview:-1"},"canonical":"https:\/\/www.leitao-irmao.com\/en\/product\/fio-mirror-trace-o-4-7mm-em-prata\/","og_locale":"en_GB","og_type":"article","og_title":"fio em prata 4.7 mm","og_description":"O Fio Mirror Trace \u00d8 4.7mm em prata \u00e9 um colar elegante e sofisticado com um design espelhado e uma espessura de 4,7 mil\u00edmetros.","og_url":"https:\/\/www.leitao-irmao.com\/en\/product\/fio-mirror-trace-o-4-7mm-em-prata\/","og_site_name":"Leit\u00e3o &amp; Irm\u00e3o","article_modified_time":"2025-10-08T08:22:09+00:00","og_image":[{"width":1500,"height":1500,"url":"https:\/\/www.leitao-irmao.com\/wp-content\/uploads\/2023\/12\/0508285.jpg","type":"image\/jpeg"}],"twitter_card":"summary_large_image","twitter_misc":{"Estimated reading time":"1 minute"},"schema":{"@context":"https:\/\/schema.org","@graph":[{"@type":"WebPage","@id":"https:\/\/www.leitao-irmao.com\/product\/fio-mirror-trace-o-4-7mm-em-prata\/","url":"https:\/\/www.leitao-irmao.com\/product\/fio-mirror-trace-o-4-7mm-em-prata\/","name":"fio em prata 4.7 mm","isPartOf":{"@id":"https:\/\/www.leitao-irmao.com\/#website"},"primaryImageOfPage":{"@id":"https:\/\/www.leitao-irmao.com\/product\/fio-mirror-trace-o-4-7mm-em-prata\/#primaryimage"},"image":{"@id":"https:\/\/www.leitao-irmao.com\/product\/fio-mirror-trace-o-4-7mm-em-prata\/#primaryimage"},"thumbnailUrl":"https:\/\/www.leitao-irmao.com\/wp-content\/uploads\/2023\/12\/0508285.jpg","datePublished":"2023-12-14T16:19:04+00:00","dateModified":"2025-10-08T08:22:09+00:00","description":"O Fio Mirror Trace \u00d8 4.7mm em prata \u00e9 um colar elegante e sofisticado com um design espelhado e uma espessura de 4,7 mil\u00edmetros.","breadcrumb":{"@id":"https:\/\/www.leitao-irmao.com\/product\/fio-mirror-trace-o-4-7mm-em-prata\/#breadcrumb"},"inLanguage":"en-GB","potentialAction":[{"@type":"ReadAction","target":["https:\/\/www.leitao-irmao.com\/product\/fio-mirror-trace-o-4-7mm-em-prata\/"]}]},{"@type":"ImageObject","inLanguage":"en-GB","@id":"https:\/\/www.leitao-irmao.com\/product\/fio-mirror-trace-o-4-7mm-em-prata\/#primaryimage","url":"https:\/\/www.leitao-irmao.com\/wp-content\/uploads\/2023\/12\/0508285.jpg","contentUrl":"https:\/\/www.leitao-irmao.com\/wp-content\/uploads\/2023\/12\/0508285.jpg","width":1500,"height":1500,"caption":"Fio de malha mirror trace em prata da Leit\u00e3o & Irm\u00e3o"},{"@type":"BreadcrumbList","@id":"https:\/\/www.leitao-irmao.com\/product\/fio-mirror-trace-o-4-7mm-em-prata\/#breadcrumb","itemListElement":[{"@type":"ListItem","position":1,"name":"Home","item":"https:\/\/www.leitao-irmao.com\/"},{"@type":"ListItem","position":2,"name":"Products","item":"https:\/\/www.leitao-irmao.com\/shop\/"},{"@type":"ListItem","position":3,"name":"Fio Mirror Trace \u00d8 4.7mm em prata"}]},{"@type":"WebSite","@id":"https:\/\/www.leitao-irmao.com\/#website","url":"https:\/\/www.leitao-irmao.com\/","name":"Leit\u00e3o & Irm\u00e3o","description":"Joalheiros desde 1822","publisher":{"@id":"https:\/\/www.leitao-irmao.com\/#organization"},"potentialAction":[{"@type":"SearchAction","target":{"@type":"EntryPoint","urlTemplate":"https:\/\/www.leitao-irmao.com\/?s={search_term_string}"},"query-input":{"@type":"PropertyValueSpecification","valueRequired":true,"valueName":"search_term_string"}}],"inLanguage":"en-GB"},{"@type":"Organization","@id":"https:\/\/www.leitao-irmao.com\/#organization","name":"Leit\u00e3o & Irm\u00e3o","url":"https:\/\/www.leitao-irmao.com\/","logo":{"@type":"ImageObject","inLanguage":"en-GB","@id":"https:\/\/www.leitao-irmao.com\/#\/schema\/logo\/image\/","url":"https:\/\/www.leitao-irmao.com\/wp-content\/uploads\/2022\/11\/leitaoirmao-logo.png","contentUrl":"https:\/\/www.leitao-irmao.com\/wp-content\/uploads\/2022\/11\/leitaoirmao-logo.png","width":426,"height":89,"caption":"Leit\u00e3o & Irm\u00e3o"},"image":{"@id":"https:\/\/www.leitao-irmao.com\/#\/schema\/logo\/image\/"}}]}},"_links":{"self":[{"href":"https:\/\/www.leitao-irmao.com\/en\/wp-json\/wp\/v2\/product\/15409","targetHints":{"allow":["GET"]}}],"collection":[{"href":"https:\/\/www.leitao-irmao.com\/en\/wp-json\/wp\/v2\/product"}],"about":[{"href":"https:\/\/www.leitao-irmao.com\/en\/wp-json\/wp\/v2\/types\/product"}],"version-history":[{"count":1,"href":"https:\/\/www.leitao-irmao.com\/en\/wp-json\/wp\/v2\/product\/15409\/revisions"}],"predecessor-version":[{"id":32948,"href":"https:\/\/www.leitao-irmao.com\/en\/wp-json\/wp\/v2\/product\/15409\/revisions\/32948"}],"wp:featuredmedia":[{"embeddable":true,"href":"https:\/\/www.leitao-irmao.com\/en\/wp-json\/wp\/v2\/media\/24903"}],"wp:attachment":[{"href":"https:\/\/www.leitao-irmao.com\/en\/wp-json\/wp\/v2\/media?parent=15409"}],"wp:term":[{"taxonomy":"product_brand","embeddable":true,"href":"https:\/\/www.leitao-irmao.com\/en\/wp-json\/wp\/v2\/product_brand?post=15409"},{"taxonomy":"product_cat","embeddable":true,"href":"https:\/\/www.leitao-irmao.com\/en\/wp-json\/wp\/v2\/product_cat?post=15409"},{"taxonomy":"product_tag","embeddable":true,"href":"https:\/\/www.leitao-irmao.com\/en\/wp-json\/wp\/v2\/product_tag?post=15409"}],"curies":[{"name":"wp","href":"https:\/\/api.w.org\/{rel}","templated":true}]}}