{"id":15612,"date":"2023-08-08T16:30:31","date_gmt":"2023-08-08T16:30:31","guid":{"rendered":"https:\/\/www.leitao-irmao.com\/?post_type=product&#038;p=15612"},"modified":"2026-04-09T11:47:18","modified_gmt":"2026-04-09T10:47:18","slug":"pulseira-escrava-em-prata-com-no-movel","status":"publish","type":"product","link":"https:\/\/www.leitao-irmao.com\/en\/product\/pulseira-escrava-em-prata-com-no-movel\/","title":{"rendered":"Silver slave bracelet with movable knot"},"content":{"rendered":"","protected":false},"excerpt":{"rendered":"<p>The Silver Slave Bracelet with Movable Knot is a unique piece of jewellery that combines the elegance of silver with the sophisticated design of the movable knot.  A versatile and symbolic choice, perfect for adding a special touch to your wrist.<\/p>","protected":false},"featured_media":15614,"template":"","meta":{"_acf_changed":false},"product_brand":[],"product_cat":[131,121,79,141,135,124,87],"product_tag":[278,270],"class_list":{"0":"post-15612","1":"product","2":"type-product","3":"status-publish","4":"has-post-thumbnail","6":"product_cat-aniversario-de-18-anos","7":"product_cat-gifts","8":"product_cat-joalharia","9":"product_cat-para-ela","10":"product_cat-natal","11":"product_cat-presentes-entre-500e-a-1000e","12":"product_cat-pulseiras","13":"product_tag-mulher","14":"product_tag-prata","16":"first","17":"instock","18":"shipping-taxable","19":"purchasable","20":"product-type-simple"},"acf":[],"yoast_head":"<!-- This site is optimized with the Yoast SEO plugin v25.4 - https:\/\/yoast.com\/wordpress\/plugins\/seo\/ -->\n<title>pulseira escrava com n\u00f3 em prata<\/title>\n<meta name=\"description\" content=\"A Pulseira Escrava em Prata com N\u00f3 M\u00f3vel \u00e9 uma joia\u00a0 \u00fanica que combina a eleg\u00e2ncia da prata com o design sofisticado do n\u00f3 m\u00f3vel.\u00a0\" \/>\n<meta name=\"robots\" content=\"index, follow, max-snippet:-1, max-image-preview:large, max-video-preview:-1\" \/>\n<link rel=\"canonical\" href=\"https:\/\/www.leitao-irmao.com\/en\/product\/pulseira-escrava-em-prata-com-no-movel\/\" \/>\n<meta property=\"og:locale\" content=\"en_GB\" \/>\n<meta property=\"og:type\" content=\"article\" \/>\n<meta property=\"og:title\" content=\"pulseira escrava com n\u00f3 em prata\" \/>\n<meta property=\"og:description\" content=\"A Pulseira Escrava em Prata com N\u00f3 M\u00f3vel \u00e9 uma joia\u00a0 \u00fanica que combina a eleg\u00e2ncia da prata com o design sofisticado do n\u00f3 m\u00f3vel.\u00a0\" \/>\n<meta property=\"og:url\" content=\"https:\/\/www.leitao-irmao.com\/en\/product\/pulseira-escrava-em-prata-com-no-movel\/\" \/>\n<meta property=\"og:site_name\" content=\"Leit\u00e3o &amp; Irm\u00e3o\" \/>\n<meta property=\"article:modified_time\" content=\"2026-04-09T10:47:18+00:00\" \/>\n<meta property=\"og:image\" content=\"https:\/\/www.leitao-irmao.com\/wp-content\/uploads\/2023\/08\/pulseira-escrava-prata-no-movel-0509046.jpg\" \/>\n\t<meta property=\"og:image:width\" content=\"1080\" \/>\n\t<meta property=\"og:image:height\" content=\"1080\" \/>\n\t<meta property=\"og:image:type\" content=\"image\/jpeg\" \/>\n<meta name=\"twitter:card\" content=\"summary_large_image\" \/>\n<script type=\"application\/ld+json\" class=\"yoast-schema-graph\">{\"@context\":\"https:\/\/schema.org\",\"@graph\":[{\"@type\":\"WebPage\",\"@id\":\"https:\/\/www.leitao-irmao.com\/product\/pulseira-escrava-em-prata-com-no-movel\/\",\"url\":\"https:\/\/www.leitao-irmao.com\/product\/pulseira-escrava-em-prata-com-no-movel\/\",\"name\":\"pulseira escrava com n\u00f3 em prata\",\"isPartOf\":{\"@id\":\"https:\/\/www.leitao-irmao.com\/#website\"},\"primaryImageOfPage\":{\"@id\":\"https:\/\/www.leitao-irmao.com\/product\/pulseira-escrava-em-prata-com-no-movel\/#primaryimage\"},\"image\":{\"@id\":\"https:\/\/www.leitao-irmao.com\/product\/pulseira-escrava-em-prata-com-no-movel\/#primaryimage\"},\"thumbnailUrl\":\"https:\/\/www.leitao-irmao.com\/wp-content\/uploads\/2023\/08\/pulseira-escrava-prata-no-movel-0509046.jpg\",\"datePublished\":\"2023-08-08T16:30:31+00:00\",\"dateModified\":\"2026-04-09T10:47:18+00:00\",\"description\":\"A Pulseira Escrava em Prata com N\u00f3 M\u00f3vel \u00e9 uma joia\u00a0 \u00fanica que combina a eleg\u00e2ncia da prata com o design sofisticado do n\u00f3 m\u00f3vel.\u00a0\",\"breadcrumb\":{\"@id\":\"https:\/\/www.leitao-irmao.com\/product\/pulseira-escrava-em-prata-com-no-movel\/#breadcrumb\"},\"inLanguage\":\"en-GB\",\"potentialAction\":[{\"@type\":\"ReadAction\",\"target\":[\"https:\/\/www.leitao-irmao.com\/product\/pulseira-escrava-em-prata-com-no-movel\/\"]}]},{\"@type\":\"ImageObject\",\"inLanguage\":\"en-GB\",\"@id\":\"https:\/\/www.leitao-irmao.com\/product\/pulseira-escrava-em-prata-com-no-movel\/#primaryimage\",\"url\":\"https:\/\/www.leitao-irmao.com\/wp-content\/uploads\/2023\/08\/pulseira-escrava-prata-no-movel-0509046.jpg\",\"contentUrl\":\"https:\/\/www.leitao-irmao.com\/wp-content\/uploads\/2023\/08\/pulseira-escrava-prata-no-movel-0509046.jpg\",\"width\":1080,\"height\":1080},{\"@type\":\"BreadcrumbList\",\"@id\":\"https:\/\/www.leitao-irmao.com\/product\/pulseira-escrava-em-prata-com-no-movel\/#breadcrumb\",\"itemListElement\":[{\"@type\":\"ListItem\",\"position\":1,\"name\":\"Home\",\"item\":\"https:\/\/www.leitao-irmao.com\/\"},{\"@type\":\"ListItem\",\"position\":2,\"name\":\"Products\",\"item\":\"https:\/\/www.leitao-irmao.com\/shop\/\"},{\"@type\":\"ListItem\",\"position\":3,\"name\":\"Pulseira escrava em prata com n\u00f3 m\u00f3vel\"}]},{\"@type\":\"WebSite\",\"@id\":\"https:\/\/www.leitao-irmao.com\/#website\",\"url\":\"https:\/\/www.leitao-irmao.com\/\",\"name\":\"Leit\u00e3o & Irm\u00e3o\",\"description\":\"Joalheiros desde 1822\",\"publisher\":{\"@id\":\"https:\/\/www.leitao-irmao.com\/#organization\"},\"potentialAction\":[{\"@type\":\"SearchAction\",\"target\":{\"@type\":\"EntryPoint\",\"urlTemplate\":\"https:\/\/www.leitao-irmao.com\/?s={search_term_string}\"},\"query-input\":{\"@type\":\"PropertyValueSpecification\",\"valueRequired\":true,\"valueName\":\"search_term_string\"}}],\"inLanguage\":\"en-GB\"},{\"@type\":\"Organization\",\"@id\":\"https:\/\/www.leitao-irmao.com\/#organization\",\"name\":\"Leit\u00e3o & Irm\u00e3o\",\"url\":\"https:\/\/www.leitao-irmao.com\/\",\"logo\":{\"@type\":\"ImageObject\",\"inLanguage\":\"en-GB\",\"@id\":\"https:\/\/www.leitao-irmao.com\/#\/schema\/logo\/image\/\",\"url\":\"https:\/\/www.leitao-irmao.com\/wp-content\/uploads\/2022\/11\/leitaoirmao-logo.png\",\"contentUrl\":\"https:\/\/www.leitao-irmao.com\/wp-content\/uploads\/2022\/11\/leitaoirmao-logo.png\",\"width\":426,\"height\":89,\"caption\":\"Leit\u00e3o & Irm\u00e3o\"},\"image\":{\"@id\":\"https:\/\/www.leitao-irmao.com\/#\/schema\/logo\/image\/\"}}]}<\/script>\n<!-- \/ Yoast SEO plugin. -->","yoast_head_json":{"title":"pulseira escrava com n\u00f3 em prata","description":"A Pulseira Escrava em Prata com N\u00f3 M\u00f3vel \u00e9 uma joia\u00a0 \u00fanica que combina a eleg\u00e2ncia da prata com o design sofisticado do n\u00f3 m\u00f3vel.\u00a0","robots":{"index":"index","follow":"follow","max-snippet":"max-snippet:-1","max-image-preview":"max-image-preview:large","max-video-preview":"max-video-preview:-1"},"canonical":"https:\/\/www.leitao-irmao.com\/en\/product\/pulseira-escrava-em-prata-com-no-movel\/","og_locale":"en_GB","og_type":"article","og_title":"pulseira escrava com n\u00f3 em prata","og_description":"A Pulseira Escrava em Prata com N\u00f3 M\u00f3vel \u00e9 uma joia\u00a0 \u00fanica que combina a eleg\u00e2ncia da prata com o design sofisticado do n\u00f3 m\u00f3vel.\u00a0","og_url":"https:\/\/www.leitao-irmao.com\/en\/product\/pulseira-escrava-em-prata-com-no-movel\/","og_site_name":"Leit\u00e3o &amp; Irm\u00e3o","article_modified_time":"2026-04-09T10:47:18+00:00","og_image":[{"width":1080,"height":1080,"url":"https:\/\/www.leitao-irmao.com\/wp-content\/uploads\/2023\/08\/pulseira-escrava-prata-no-movel-0509046.jpg","type":"image\/jpeg"}],"twitter_card":"summary_large_image","schema":{"@context":"https:\/\/schema.org","@graph":[{"@type":"WebPage","@id":"https:\/\/www.leitao-irmao.com\/product\/pulseira-escrava-em-prata-com-no-movel\/","url":"https:\/\/www.leitao-irmao.com\/product\/pulseira-escrava-em-prata-com-no-movel\/","name":"pulseira escrava com n\u00f3 em prata","isPartOf":{"@id":"https:\/\/www.leitao-irmao.com\/#website"},"primaryImageOfPage":{"@id":"https:\/\/www.leitao-irmao.com\/product\/pulseira-escrava-em-prata-com-no-movel\/#primaryimage"},"image":{"@id":"https:\/\/www.leitao-irmao.com\/product\/pulseira-escrava-em-prata-com-no-movel\/#primaryimage"},"thumbnailUrl":"https:\/\/www.leitao-irmao.com\/wp-content\/uploads\/2023\/08\/pulseira-escrava-prata-no-movel-0509046.jpg","datePublished":"2023-08-08T16:30:31+00:00","dateModified":"2026-04-09T10:47:18+00:00","description":"A Pulseira Escrava em Prata com N\u00f3 M\u00f3vel \u00e9 uma joia\u00a0 \u00fanica que combina a eleg\u00e2ncia da prata com o design sofisticado do n\u00f3 m\u00f3vel.\u00a0","breadcrumb":{"@id":"https:\/\/www.leitao-irmao.com\/product\/pulseira-escrava-em-prata-com-no-movel\/#breadcrumb"},"inLanguage":"en-GB","potentialAction":[{"@type":"ReadAction","target":["https:\/\/www.leitao-irmao.com\/product\/pulseira-escrava-em-prata-com-no-movel\/"]}]},{"@type":"ImageObject","inLanguage":"en-GB","@id":"https:\/\/www.leitao-irmao.com\/product\/pulseira-escrava-em-prata-com-no-movel\/#primaryimage","url":"https:\/\/www.leitao-irmao.com\/wp-content\/uploads\/2023\/08\/pulseira-escrava-prata-no-movel-0509046.jpg","contentUrl":"https:\/\/www.leitao-irmao.com\/wp-content\/uploads\/2023\/08\/pulseira-escrava-prata-no-movel-0509046.jpg","width":1080,"height":1080},{"@type":"BreadcrumbList","@id":"https:\/\/www.leitao-irmao.com\/product\/pulseira-escrava-em-prata-com-no-movel\/#breadcrumb","itemListElement":[{"@type":"ListItem","position":1,"name":"Home","item":"https:\/\/www.leitao-irmao.com\/"},{"@type":"ListItem","position":2,"name":"Products","item":"https:\/\/www.leitao-irmao.com\/shop\/"},{"@type":"ListItem","position":3,"name":"Pulseira escrava em prata com n\u00f3 m\u00f3vel"}]},{"@type":"WebSite","@id":"https:\/\/www.leitao-irmao.com\/#website","url":"https:\/\/www.leitao-irmao.com\/","name":"Leit\u00e3o & Irm\u00e3o","description":"Joalheiros desde 1822","publisher":{"@id":"https:\/\/www.leitao-irmao.com\/#organization"},"potentialAction":[{"@type":"SearchAction","target":{"@type":"EntryPoint","urlTemplate":"https:\/\/www.leitao-irmao.com\/?s={search_term_string}"},"query-input":{"@type":"PropertyValueSpecification","valueRequired":true,"valueName":"search_term_string"}}],"inLanguage":"en-GB"},{"@type":"Organization","@id":"https:\/\/www.leitao-irmao.com\/#organization","name":"Leit\u00e3o & Irm\u00e3o","url":"https:\/\/www.leitao-irmao.com\/","logo":{"@type":"ImageObject","inLanguage":"en-GB","@id":"https:\/\/www.leitao-irmao.com\/#\/schema\/logo\/image\/","url":"https:\/\/www.leitao-irmao.com\/wp-content\/uploads\/2022\/11\/leitaoirmao-logo.png","contentUrl":"https:\/\/www.leitao-irmao.com\/wp-content\/uploads\/2022\/11\/leitaoirmao-logo.png","width":426,"height":89,"caption":"Leit\u00e3o & Irm\u00e3o"},"image":{"@id":"https:\/\/www.leitao-irmao.com\/#\/schema\/logo\/image\/"}}]}},"_links":{"self":[{"href":"https:\/\/www.leitao-irmao.com\/en\/wp-json\/wp\/v2\/product\/15612","targetHints":{"allow":["GET"]}}],"collection":[{"href":"https:\/\/www.leitao-irmao.com\/en\/wp-json\/wp\/v2\/product"}],"about":[{"href":"https:\/\/www.leitao-irmao.com\/en\/wp-json\/wp\/v2\/types\/product"}],"version-history":[{"count":1,"href":"https:\/\/www.leitao-irmao.com\/en\/wp-json\/wp\/v2\/product\/15612\/revisions"}],"predecessor-version":[{"id":36978,"href":"https:\/\/www.leitao-irmao.com\/en\/wp-json\/wp\/v2\/product\/15612\/revisions\/36978"}],"wp:featuredmedia":[{"embeddable":true,"href":"https:\/\/www.leitao-irmao.com\/en\/wp-json\/wp\/v2\/media\/15614"}],"wp:attachment":[{"href":"https:\/\/www.leitao-irmao.com\/en\/wp-json\/wp\/v2\/media?parent=15612"}],"wp:term":[{"taxonomy":"product_brand","embeddable":true,"href":"https:\/\/www.leitao-irmao.com\/en\/wp-json\/wp\/v2\/product_brand?post=15612"},{"taxonomy":"product_cat","embeddable":true,"href":"https:\/\/www.leitao-irmao.com\/en\/wp-json\/wp\/v2\/product_cat?post=15612"},{"taxonomy":"product_tag","embeddable":true,"href":"https:\/\/www.leitao-irmao.com\/en\/wp-json\/wp\/v2\/product_tag?post=15612"}],"curies":[{"name":"wp","href":"https:\/\/api.w.org\/{rel}","templated":true}]}}