{"id":15666,"date":"2023-08-09T14:34:57","date_gmt":"2023-08-09T14:34:57","guid":{"rendered":"https:\/\/www.leitao-irmao.com\/?post_type=product&#038;p=15666"},"modified":"2026-01-28T13:31:45","modified_gmt":"2026-01-28T13:31:45","slug":"moldura-rectangular-dupla-face-com-pes","status":"publish","type":"product","link":"https:\/\/www.leitao-irmao.com\/en\/product\/moldura-rectangular-dupla-face-com-pes\/","title":{"rendered":"Double-sided rectangular frame with feet"},"content":{"rendered":"","protected":false},"excerpt":{"rendered":"<p>Silver frame with double-sided utilisation.<\/p>\n<p>A versatile piece of decoration designed to display photographs or special memories on both sides.<\/p>\n<p>Add a touch of elegance to your decor and special photographs.<\/p>","protected":false},"featured_media":15667,"template":"","meta":{"_acf_changed":false},"product_brand":[],"product_cat":[70,77,645,129,135,125],"product_tag":[270],"class_list":{"0":"post-15666","1":"product","2":"type-product","3":"status-publish","4":"has-post-thumbnail","6":"product_cat-casa-e-decoracao","7":"product_cat-escritorio","8":"product_cat-molduras","9":"product_cat-ofertas-para-o-casal","10":"product_cat-natal","11":"product_cat-presentes-entre-1000e-a-2500e","12":"product_tag-prata","14":"first","15":"outofstock","16":"shipping-taxable","17":"product-type-variable"},"acf":[],"yoast_head":"<!-- This site is optimized with the Yoast SEO plugin v25.4 - https:\/\/yoast.com\/wordpress\/plugins\/seo\/ -->\n<title>moldura dupla em prata<\/title>\n<meta name=\"description\" content=\"A Moldura retangular dupla face com p\u00e9s \u00e9 uma pe\u00e7a de decora\u00e7\u00e3o vers\u00e1til desenvolvida para exibir fotografias, obras de arte ou lembran\u00e7as especiais de ambos os lados.\" \/>\n<meta name=\"robots\" content=\"index, follow, max-snippet:-1, max-image-preview:large, max-video-preview:-1\" \/>\n<link rel=\"canonical\" href=\"https:\/\/www.leitao-irmao.com\/en\/product\/moldura-rectangular-dupla-face-com-pes\/\" \/>\n<meta property=\"og:locale\" content=\"en_GB\" \/>\n<meta property=\"og:type\" content=\"article\" \/>\n<meta property=\"og:title\" content=\"moldura dupla em prata\" \/>\n<meta property=\"og:description\" content=\"A Moldura retangular dupla face com p\u00e9s \u00e9 uma pe\u00e7a de decora\u00e7\u00e3o vers\u00e1til desenvolvida para exibir fotografias, obras de arte ou lembran\u00e7as especiais de ambos os lados.\" \/>\n<meta property=\"og:url\" content=\"https:\/\/www.leitao-irmao.com\/en\/product\/moldura-rectangular-dupla-face-com-pes\/\" \/>\n<meta property=\"og:site_name\" content=\"Leit\u00e3o &amp; Irm\u00e3o\" \/>\n<meta property=\"article:modified_time\" content=\"2026-01-28T13:31:45+00:00\" \/>\n<meta property=\"og:image\" content=\"https:\/\/www.leitao-irmao.com\/wp-content\/uploads\/2023\/08\/0504101-3.jpg\" \/>\n\t<meta property=\"og:image:width\" content=\"1000\" \/>\n\t<meta property=\"og:image:height\" content=\"1000\" \/>\n\t<meta property=\"og:image:type\" content=\"image\/jpeg\" \/>\n<meta name=\"twitter:card\" content=\"summary_large_image\" \/>\n<meta name=\"twitter:label1\" content=\"Estimated reading time\" \/>\n\t<meta name=\"twitter:data1\" content=\"1 minute\" \/>\n<script type=\"application\/ld+json\" class=\"yoast-schema-graph\">{\"@context\":\"https:\/\/schema.org\",\"@graph\":[{\"@type\":\"WebPage\",\"@id\":\"https:\/\/www.leitao-irmao.com\/product\/moldura-rectangular-dupla-face-com-pes\/\",\"url\":\"https:\/\/www.leitao-irmao.com\/product\/moldura-rectangular-dupla-face-com-pes\/\",\"name\":\"moldura dupla em prata\",\"isPartOf\":{\"@id\":\"https:\/\/www.leitao-irmao.com\/#website\"},\"primaryImageOfPage\":{\"@id\":\"https:\/\/www.leitao-irmao.com\/product\/moldura-rectangular-dupla-face-com-pes\/#primaryimage\"},\"image\":{\"@id\":\"https:\/\/www.leitao-irmao.com\/product\/moldura-rectangular-dupla-face-com-pes\/#primaryimage\"},\"thumbnailUrl\":\"https:\/\/www.leitao-irmao.com\/wp-content\/uploads\/2023\/08\/0504101-3.jpg\",\"datePublished\":\"2023-08-09T14:34:57+00:00\",\"dateModified\":\"2026-01-28T13:31:45+00:00\",\"description\":\"A Moldura retangular dupla face com p\u00e9s \u00e9 uma pe\u00e7a de decora\u00e7\u00e3o vers\u00e1til desenvolvida para exibir fotografias, obras de arte ou lembran\u00e7as especiais de ambos os lados.\",\"breadcrumb\":{\"@id\":\"https:\/\/www.leitao-irmao.com\/product\/moldura-rectangular-dupla-face-com-pes\/#breadcrumb\"},\"inLanguage\":\"en-GB\",\"potentialAction\":[{\"@type\":\"ReadAction\",\"target\":[\"https:\/\/www.leitao-irmao.com\/product\/moldura-rectangular-dupla-face-com-pes\/\"]}]},{\"@type\":\"ImageObject\",\"inLanguage\":\"en-GB\",\"@id\":\"https:\/\/www.leitao-irmao.com\/product\/moldura-rectangular-dupla-face-com-pes\/#primaryimage\",\"url\":\"https:\/\/www.leitao-irmao.com\/wp-content\/uploads\/2023\/08\/0504101-3.jpg\",\"contentUrl\":\"https:\/\/www.leitao-irmao.com\/wp-content\/uploads\/2023\/08\/0504101-3.jpg\",\"width\":1000,\"height\":1000,\"caption\":\"Moldura em Prata\"},{\"@type\":\"BreadcrumbList\",\"@id\":\"https:\/\/www.leitao-irmao.com\/product\/moldura-rectangular-dupla-face-com-pes\/#breadcrumb\",\"itemListElement\":[{\"@type\":\"ListItem\",\"position\":1,\"name\":\"Home\",\"item\":\"https:\/\/www.leitao-irmao.com\/\"},{\"@type\":\"ListItem\",\"position\":2,\"name\":\"Products\",\"item\":\"https:\/\/www.leitao-irmao.com\/shop\/\"},{\"@type\":\"ListItem\",\"position\":3,\"name\":\"Moldura Retangular dupla face com p\u00e9s\"}]},{\"@type\":\"WebSite\",\"@id\":\"https:\/\/www.leitao-irmao.com\/#website\",\"url\":\"https:\/\/www.leitao-irmao.com\/\",\"name\":\"Leit\u00e3o & Irm\u00e3o\",\"description\":\"Joalheiros desde 1822\",\"publisher\":{\"@id\":\"https:\/\/www.leitao-irmao.com\/#organization\"},\"potentialAction\":[{\"@type\":\"SearchAction\",\"target\":{\"@type\":\"EntryPoint\",\"urlTemplate\":\"https:\/\/www.leitao-irmao.com\/?s={search_term_string}\"},\"query-input\":{\"@type\":\"PropertyValueSpecification\",\"valueRequired\":true,\"valueName\":\"search_term_string\"}}],\"inLanguage\":\"en-GB\"},{\"@type\":\"Organization\",\"@id\":\"https:\/\/www.leitao-irmao.com\/#organization\",\"name\":\"Leit\u00e3o & Irm\u00e3o\",\"url\":\"https:\/\/www.leitao-irmao.com\/\",\"logo\":{\"@type\":\"ImageObject\",\"inLanguage\":\"en-GB\",\"@id\":\"https:\/\/www.leitao-irmao.com\/#\/schema\/logo\/image\/\",\"url\":\"https:\/\/www.leitao-irmao.com\/wp-content\/uploads\/2022\/11\/leitaoirmao-logo.png\",\"contentUrl\":\"https:\/\/www.leitao-irmao.com\/wp-content\/uploads\/2022\/11\/leitaoirmao-logo.png\",\"width\":426,\"height\":89,\"caption\":\"Leit\u00e3o & Irm\u00e3o\"},\"image\":{\"@id\":\"https:\/\/www.leitao-irmao.com\/#\/schema\/logo\/image\/\"}}]}<\/script>\n<!-- \/ Yoast SEO plugin. -->","yoast_head_json":{"title":"moldura dupla em prata","description":"A Moldura retangular dupla face com p\u00e9s \u00e9 uma pe\u00e7a de decora\u00e7\u00e3o vers\u00e1til desenvolvida para exibir fotografias, obras de arte ou lembran\u00e7as especiais de ambos os lados.","robots":{"index":"index","follow":"follow","max-snippet":"max-snippet:-1","max-image-preview":"max-image-preview:large","max-video-preview":"max-video-preview:-1"},"canonical":"https:\/\/www.leitao-irmao.com\/en\/product\/moldura-rectangular-dupla-face-com-pes\/","og_locale":"en_GB","og_type":"article","og_title":"moldura dupla em prata","og_description":"A Moldura retangular dupla face com p\u00e9s \u00e9 uma pe\u00e7a de decora\u00e7\u00e3o vers\u00e1til desenvolvida para exibir fotografias, obras de arte ou lembran\u00e7as especiais de ambos os lados.","og_url":"https:\/\/www.leitao-irmao.com\/en\/product\/moldura-rectangular-dupla-face-com-pes\/","og_site_name":"Leit\u00e3o &amp; Irm\u00e3o","article_modified_time":"2026-01-28T13:31:45+00:00","og_image":[{"width":1000,"height":1000,"url":"https:\/\/www.leitao-irmao.com\/wp-content\/uploads\/2023\/08\/0504101-3.jpg","type":"image\/jpeg"}],"twitter_card":"summary_large_image","twitter_misc":{"Estimated reading time":"1 minute"},"schema":{"@context":"https:\/\/schema.org","@graph":[{"@type":"WebPage","@id":"https:\/\/www.leitao-irmao.com\/product\/moldura-rectangular-dupla-face-com-pes\/","url":"https:\/\/www.leitao-irmao.com\/product\/moldura-rectangular-dupla-face-com-pes\/","name":"moldura dupla em prata","isPartOf":{"@id":"https:\/\/www.leitao-irmao.com\/#website"},"primaryImageOfPage":{"@id":"https:\/\/www.leitao-irmao.com\/product\/moldura-rectangular-dupla-face-com-pes\/#primaryimage"},"image":{"@id":"https:\/\/www.leitao-irmao.com\/product\/moldura-rectangular-dupla-face-com-pes\/#primaryimage"},"thumbnailUrl":"https:\/\/www.leitao-irmao.com\/wp-content\/uploads\/2023\/08\/0504101-3.jpg","datePublished":"2023-08-09T14:34:57+00:00","dateModified":"2026-01-28T13:31:45+00:00","description":"A Moldura retangular dupla face com p\u00e9s \u00e9 uma pe\u00e7a de decora\u00e7\u00e3o vers\u00e1til desenvolvida para exibir fotografias, obras de arte ou lembran\u00e7as especiais de ambos os lados.","breadcrumb":{"@id":"https:\/\/www.leitao-irmao.com\/product\/moldura-rectangular-dupla-face-com-pes\/#breadcrumb"},"inLanguage":"en-GB","potentialAction":[{"@type":"ReadAction","target":["https:\/\/www.leitao-irmao.com\/product\/moldura-rectangular-dupla-face-com-pes\/"]}]},{"@type":"ImageObject","inLanguage":"en-GB","@id":"https:\/\/www.leitao-irmao.com\/product\/moldura-rectangular-dupla-face-com-pes\/#primaryimage","url":"https:\/\/www.leitao-irmao.com\/wp-content\/uploads\/2023\/08\/0504101-3.jpg","contentUrl":"https:\/\/www.leitao-irmao.com\/wp-content\/uploads\/2023\/08\/0504101-3.jpg","width":1000,"height":1000,"caption":"Moldura em Prata"},{"@type":"BreadcrumbList","@id":"https:\/\/www.leitao-irmao.com\/product\/moldura-rectangular-dupla-face-com-pes\/#breadcrumb","itemListElement":[{"@type":"ListItem","position":1,"name":"Home","item":"https:\/\/www.leitao-irmao.com\/"},{"@type":"ListItem","position":2,"name":"Products","item":"https:\/\/www.leitao-irmao.com\/shop\/"},{"@type":"ListItem","position":3,"name":"Moldura Retangular dupla face com p\u00e9s"}]},{"@type":"WebSite","@id":"https:\/\/www.leitao-irmao.com\/#website","url":"https:\/\/www.leitao-irmao.com\/","name":"Leit\u00e3o & Irm\u00e3o","description":"Joalheiros desde 1822","publisher":{"@id":"https:\/\/www.leitao-irmao.com\/#organization"},"potentialAction":[{"@type":"SearchAction","target":{"@type":"EntryPoint","urlTemplate":"https:\/\/www.leitao-irmao.com\/?s={search_term_string}"},"query-input":{"@type":"PropertyValueSpecification","valueRequired":true,"valueName":"search_term_string"}}],"inLanguage":"en-GB"},{"@type":"Organization","@id":"https:\/\/www.leitao-irmao.com\/#organization","name":"Leit\u00e3o & Irm\u00e3o","url":"https:\/\/www.leitao-irmao.com\/","logo":{"@type":"ImageObject","inLanguage":"en-GB","@id":"https:\/\/www.leitao-irmao.com\/#\/schema\/logo\/image\/","url":"https:\/\/www.leitao-irmao.com\/wp-content\/uploads\/2022\/11\/leitaoirmao-logo.png","contentUrl":"https:\/\/www.leitao-irmao.com\/wp-content\/uploads\/2022\/11\/leitaoirmao-logo.png","width":426,"height":89,"caption":"Leit\u00e3o & Irm\u00e3o"},"image":{"@id":"https:\/\/www.leitao-irmao.com\/#\/schema\/logo\/image\/"}}]}},"_links":{"self":[{"href":"https:\/\/www.leitao-irmao.com\/en\/wp-json\/wp\/v2\/product\/15666","targetHints":{"allow":["GET"]}}],"collection":[{"href":"https:\/\/www.leitao-irmao.com\/en\/wp-json\/wp\/v2\/product"}],"about":[{"href":"https:\/\/www.leitao-irmao.com\/en\/wp-json\/wp\/v2\/types\/product"}],"version-history":[{"count":1,"href":"https:\/\/www.leitao-irmao.com\/en\/wp-json\/wp\/v2\/product\/15666\/revisions"}],"predecessor-version":[{"id":32951,"href":"https:\/\/www.leitao-irmao.com\/en\/wp-json\/wp\/v2\/product\/15666\/revisions\/32951"}],"wp:featuredmedia":[{"embeddable":true,"href":"https:\/\/www.leitao-irmao.com\/en\/wp-json\/wp\/v2\/media\/15667"}],"wp:attachment":[{"href":"https:\/\/www.leitao-irmao.com\/en\/wp-json\/wp\/v2\/media?parent=15666"}],"wp:term":[{"taxonomy":"product_brand","embeddable":true,"href":"https:\/\/www.leitao-irmao.com\/en\/wp-json\/wp\/v2\/product_brand?post=15666"},{"taxonomy":"product_cat","embeddable":true,"href":"https:\/\/www.leitao-irmao.com\/en\/wp-json\/wp\/v2\/product_cat?post=15666"},{"taxonomy":"product_tag","embeddable":true,"href":"https:\/\/www.leitao-irmao.com\/en\/wp-json\/wp\/v2\/product_tag?post=15666"}],"curies":[{"name":"wp","href":"https:\/\/api.w.org\/{rel}","templated":true}]}}