{"id":15669,"date":"2023-08-09T14:57:03","date_gmt":"2023-08-09T14:57:03","guid":{"rendered":"https:\/\/www.leitao-irmao.com\/?post_type=product&#038;p=15669"},"modified":"2026-01-28T13:31:47","modified_gmt":"2026-01-28T13:31:47","slug":"ourico-do-mar-gigante-em-prata","status":"publish","type":"product","link":"https:\/\/www.leitao-irmao.com\/en\/product\/ourico-do-mar-gigante-em-prata\/","title":{"rendered":"Giant sea urchin in silver"},"content":{"rendered":"","protected":false},"excerpt":{"rendered":"<p><span data-sheets-value=\"{&quot;1&quot;:2,&quot;2&quot;:&quot;Ouri\u00e7o-do-Mar Gigante em prata \u00e9 desenvolvido no \u00e2mbito da cole\u00e7\u00e3o Excecionais da Leit\u00e3o &amp; Irm\u00e3o, pe\u00e7as integradas na comemora\u00e7\u00e3o do bicenten\u00e1rio da Casa. Uma cole\u00e7\u00e3o de obras em Prata, de caracter\u00edsticas invulgarmente excecionais. Obras esculpidas, manufaturadas em prata e trabalhadas nas mais tradicionais t\u00e9cnicas de ourivesaria nas oficinas centen\u00e1rias Leit\u00e3o &amp; Irm\u00e3o.\\n\\n\\nMarcas na pe\u00e7a:\\n.Pun\u00e7\u00e3o de fabricante Leit\u00e3o e Irm\u00e3o\\n.Marca da contrastaria de Lisboa para prata 925\\n.Numera\u00e7\u00e3o de 1\/20 a 20\/20\\n.Assinatura Leit\u00e3o e Irm\u00e3o\\n.Marca exclusiva das pe\u00e7as integradas no bicenten\u00e1rio\\n&quot;}\" data-sheets-userformat=\"{&quot;2&quot;:15357,&quot;3&quot;:{&quot;1&quot;:0},&quot;5&quot;:{&quot;1&quot;:[{&quot;1&quot;:2,&quot;2&quot;:0,&quot;5&quot;:{&quot;1&quot;:2,&quot;2&quot;:0}},{&quot;1&quot;:0,&quot;2&quot;:0,&quot;3&quot;:1},{&quot;1&quot;:1,&quot;2&quot;:0,&quot;4&quot;:1}]},&quot;6&quot;:{&quot;1&quot;:[{&quot;1&quot;:2,&quot;2&quot;:0,&quot;5&quot;:{&quot;1&quot;:2,&quot;2&quot;:0}},{&quot;1&quot;:0,&quot;2&quot;:0,&quot;3&quot;:1},{&quot;1&quot;:1,&quot;2&quot;:0,&quot;4&quot;:1}]},&quot;7&quot;:{&quot;1&quot;:[{&quot;1&quot;:2,&quot;2&quot;:0,&quot;5&quot;:{&quot;1&quot;:2,&quot;2&quot;:0}},{&quot;1&quot;:0,&quot;2&quot;:0,&quot;3&quot;:1},{&quot;1&quot;:1,&quot;2&quot;:0,&quot;4&quot;:1}]},&quot;8&quot;:{&quot;1&quot;:[{&quot;1&quot;:2,&quot;2&quot;:0,&quot;5&quot;:{&quot;1&quot;:2,&quot;2&quot;:0}},{&quot;1&quot;:0,&quot;2&quot;:0,&quot;3&quot;:1},{&quot;1&quot;:1,&quot;2&quot;:0,&quot;4&quot;:1}]},&quot;9&quot;:1,&quot;10&quot;:1,&quot;11&quot;:4,&quot;12&quot;:0,&quot;14&quot;:{&quot;1&quot;:3,&quot;3&quot;:1},&quot;15&quot;:&quot;Arial&quot;,&quot;16&quot;:10}\">Giant Sea Urchin in silver is developed within the scope of Leit\u00e3o &amp; Irm\u00e3o's Exceptional collection, pieces integrated in the commemoration of the House's bicentenary. A collection of works in silver, with unusually exceptional characteristics. Works sculpted, manufactured in silver and worked in the most traditional jewellery techniques in the centenary workshops of Leit\u00e3o &amp; Irm\u00e3o.<\/span><\/p>\n<p>&nbsp;<\/p>","protected":false},"featured_media":26851,"template":"","meta":{"_acf_changed":false},"product_brand":[],"product_cat":[70,626,74,496],"product_tag":[270],"class_list":{"0":"post-15669","1":"product","2":"type-product","3":"status-publish","4":"has-post-thumbnail","6":"product_cat-casa-e-decoracao","7":"product_cat-conchas","8":"product_cat-decoracao","9":"product_cat-sem-desconto","10":"product_tag-prata","12":"first","13":"outofstock","14":"shipping-taxable","15":"product-type-simple"},"acf":[],"yoast_head":"<!-- This site is optimized with the Yoast SEO plugin v25.4 - https:\/\/yoast.com\/wordpress\/plugins\/seo\/ -->\n<title>Ouri\u00e7o do mar gigante em prata<\/title>\n<meta name=\"description\" content=\"Ouri\u00e7o-do-Mar Gigante em prata \u00e9 desenvolvido no \u00e2mbito da cole\u00e7\u00e3o Excecionais da Leit\u00e3o &amp; Irm\u00e3o, pe\u00e7as integradas na comemora\u00e7\u00e3o do bicenten\u00e1rio da Casa.\" \/>\n<meta name=\"robots\" content=\"index, follow, max-snippet:-1, max-image-preview:large, max-video-preview:-1\" \/>\n<link rel=\"canonical\" href=\"https:\/\/www.leitao-irmao.com\/en\/product\/ourico-do-mar-gigante-em-prata\/\" \/>\n<meta property=\"og:locale\" content=\"en_GB\" \/>\n<meta property=\"og:type\" content=\"article\" \/>\n<meta property=\"og:title\" content=\"Ouri\u00e7o do mar gigante em prata\" \/>\n<meta property=\"og:description\" content=\"Ouri\u00e7o-do-Mar Gigante em prata \u00e9 desenvolvido no \u00e2mbito da cole\u00e7\u00e3o Excecionais da Leit\u00e3o &amp; Irm\u00e3o, pe\u00e7as integradas na comemora\u00e7\u00e3o do bicenten\u00e1rio da Casa.\" \/>\n<meta property=\"og:url\" content=\"https:\/\/www.leitao-irmao.com\/en\/product\/ourico-do-mar-gigante-em-prata\/\" \/>\n<meta property=\"og:site_name\" content=\"Leit\u00e3o &amp; Irm\u00e3o\" \/>\n<meta property=\"article:modified_time\" content=\"2026-01-28T13:31:47+00:00\" \/>\n<meta property=\"og:image\" content=\"https:\/\/www.leitao-irmao.com\/wp-content\/uploads\/2023\/08\/0503588-2.jpg\" \/>\n\t<meta property=\"og:image:width\" content=\"1920\" \/>\n\t<meta property=\"og:image:height\" content=\"1920\" \/>\n\t<meta property=\"og:image:type\" content=\"image\/jpeg\" \/>\n<meta name=\"twitter:card\" content=\"summary_large_image\" \/>\n<meta name=\"twitter:label1\" content=\"Estimated reading time\" \/>\n\t<meta name=\"twitter:data1\" content=\"1 minute\" \/>\n<script type=\"application\/ld+json\" class=\"yoast-schema-graph\">{\"@context\":\"https:\/\/schema.org\",\"@graph\":[{\"@type\":\"WebPage\",\"@id\":\"https:\/\/www.leitao-irmao.com\/product\/ourico-do-mar-gigante-em-prata\/\",\"url\":\"https:\/\/www.leitao-irmao.com\/product\/ourico-do-mar-gigante-em-prata\/\",\"name\":\"Ouri\u00e7o do mar gigante em prata\",\"isPartOf\":{\"@id\":\"https:\/\/www.leitao-irmao.com\/#website\"},\"primaryImageOfPage\":{\"@id\":\"https:\/\/www.leitao-irmao.com\/product\/ourico-do-mar-gigante-em-prata\/#primaryimage\"},\"image\":{\"@id\":\"https:\/\/www.leitao-irmao.com\/product\/ourico-do-mar-gigante-em-prata\/#primaryimage\"},\"thumbnailUrl\":\"https:\/\/www.leitao-irmao.com\/wp-content\/uploads\/2023\/08\/0503588-2.jpg\",\"datePublished\":\"2023-08-09T14:57:03+00:00\",\"dateModified\":\"2026-01-28T13:31:47+00:00\",\"description\":\"Ouri\u00e7o-do-Mar Gigante em prata \u00e9 desenvolvido no \u00e2mbito da cole\u00e7\u00e3o Excecionais da Leit\u00e3o & Irm\u00e3o, pe\u00e7as integradas na comemora\u00e7\u00e3o do bicenten\u00e1rio da Casa.\",\"breadcrumb\":{\"@id\":\"https:\/\/www.leitao-irmao.com\/product\/ourico-do-mar-gigante-em-prata\/#breadcrumb\"},\"inLanguage\":\"en-GB\",\"potentialAction\":[{\"@type\":\"ReadAction\",\"target\":[\"https:\/\/www.leitao-irmao.com\/product\/ourico-do-mar-gigante-em-prata\/\"]}]},{\"@type\":\"ImageObject\",\"inLanguage\":\"en-GB\",\"@id\":\"https:\/\/www.leitao-irmao.com\/product\/ourico-do-mar-gigante-em-prata\/#primaryimage\",\"url\":\"https:\/\/www.leitao-irmao.com\/wp-content\/uploads\/2023\/08\/0503588-2.jpg\",\"contentUrl\":\"https:\/\/www.leitao-irmao.com\/wp-content\/uploads\/2023\/08\/0503588-2.jpg\",\"width\":1920,\"height\":1920,\"caption\":\"Ouri\u00e7o em prata gigante com uma pequena tampa, que d\u00e1 para refrescar as bebidas, colar flores, etc... da leit\u00e3o & Irm\u00e3o.\"},{\"@type\":\"BreadcrumbList\",\"@id\":\"https:\/\/www.leitao-irmao.com\/product\/ourico-do-mar-gigante-em-prata\/#breadcrumb\",\"itemListElement\":[{\"@type\":\"ListItem\",\"position\":1,\"name\":\"Home\",\"item\":\"https:\/\/www.leitao-irmao.com\/\"},{\"@type\":\"ListItem\",\"position\":2,\"name\":\"Products\",\"item\":\"https:\/\/www.leitao-irmao.com\/shop\/\"},{\"@type\":\"ListItem\",\"position\":3,\"name\":\"Ouri\u00e7o-do-Mar Gigante em prata\"}]},{\"@type\":\"WebSite\",\"@id\":\"https:\/\/www.leitao-irmao.com\/#website\",\"url\":\"https:\/\/www.leitao-irmao.com\/\",\"name\":\"Leit\u00e3o & Irm\u00e3o\",\"description\":\"Joalheiros desde 1822\",\"publisher\":{\"@id\":\"https:\/\/www.leitao-irmao.com\/#organization\"},\"potentialAction\":[{\"@type\":\"SearchAction\",\"target\":{\"@type\":\"EntryPoint\",\"urlTemplate\":\"https:\/\/www.leitao-irmao.com\/?s={search_term_string}\"},\"query-input\":{\"@type\":\"PropertyValueSpecification\",\"valueRequired\":true,\"valueName\":\"search_term_string\"}}],\"inLanguage\":\"en-GB\"},{\"@type\":\"Organization\",\"@id\":\"https:\/\/www.leitao-irmao.com\/#organization\",\"name\":\"Leit\u00e3o & Irm\u00e3o\",\"url\":\"https:\/\/www.leitao-irmao.com\/\",\"logo\":{\"@type\":\"ImageObject\",\"inLanguage\":\"en-GB\",\"@id\":\"https:\/\/www.leitao-irmao.com\/#\/schema\/logo\/image\/\",\"url\":\"https:\/\/www.leitao-irmao.com\/wp-content\/uploads\/2022\/11\/leitaoirmao-logo.png\",\"contentUrl\":\"https:\/\/www.leitao-irmao.com\/wp-content\/uploads\/2022\/11\/leitaoirmao-logo.png\",\"width\":426,\"height\":89,\"caption\":\"Leit\u00e3o & Irm\u00e3o\"},\"image\":{\"@id\":\"https:\/\/www.leitao-irmao.com\/#\/schema\/logo\/image\/\"}}]}<\/script>\n<!-- \/ Yoast SEO plugin. -->","yoast_head_json":{"title":"Ouri\u00e7o do mar gigante em prata","description":"Ouri\u00e7o-do-Mar Gigante em prata \u00e9 desenvolvido no \u00e2mbito da cole\u00e7\u00e3o Excecionais da Leit\u00e3o & Irm\u00e3o, pe\u00e7as integradas na comemora\u00e7\u00e3o do bicenten\u00e1rio da Casa.","robots":{"index":"index","follow":"follow","max-snippet":"max-snippet:-1","max-image-preview":"max-image-preview:large","max-video-preview":"max-video-preview:-1"},"canonical":"https:\/\/www.leitao-irmao.com\/en\/product\/ourico-do-mar-gigante-em-prata\/","og_locale":"en_GB","og_type":"article","og_title":"Ouri\u00e7o do mar gigante em prata","og_description":"Ouri\u00e7o-do-Mar Gigante em prata \u00e9 desenvolvido no \u00e2mbito da cole\u00e7\u00e3o Excecionais da Leit\u00e3o & Irm\u00e3o, pe\u00e7as integradas na comemora\u00e7\u00e3o do bicenten\u00e1rio da Casa.","og_url":"https:\/\/www.leitao-irmao.com\/en\/product\/ourico-do-mar-gigante-em-prata\/","og_site_name":"Leit\u00e3o &amp; Irm\u00e3o","article_modified_time":"2026-01-28T13:31:47+00:00","og_image":[{"width":1920,"height":1920,"url":"https:\/\/www.leitao-irmao.com\/wp-content\/uploads\/2023\/08\/0503588-2.jpg","type":"image\/jpeg"}],"twitter_card":"summary_large_image","twitter_misc":{"Estimated reading time":"1 minute"},"schema":{"@context":"https:\/\/schema.org","@graph":[{"@type":"WebPage","@id":"https:\/\/www.leitao-irmao.com\/product\/ourico-do-mar-gigante-em-prata\/","url":"https:\/\/www.leitao-irmao.com\/product\/ourico-do-mar-gigante-em-prata\/","name":"Ouri\u00e7o do mar gigante em prata","isPartOf":{"@id":"https:\/\/www.leitao-irmao.com\/#website"},"primaryImageOfPage":{"@id":"https:\/\/www.leitao-irmao.com\/product\/ourico-do-mar-gigante-em-prata\/#primaryimage"},"image":{"@id":"https:\/\/www.leitao-irmao.com\/product\/ourico-do-mar-gigante-em-prata\/#primaryimage"},"thumbnailUrl":"https:\/\/www.leitao-irmao.com\/wp-content\/uploads\/2023\/08\/0503588-2.jpg","datePublished":"2023-08-09T14:57:03+00:00","dateModified":"2026-01-28T13:31:47+00:00","description":"Ouri\u00e7o-do-Mar Gigante em prata \u00e9 desenvolvido no \u00e2mbito da cole\u00e7\u00e3o Excecionais da Leit\u00e3o & Irm\u00e3o, pe\u00e7as integradas na comemora\u00e7\u00e3o do bicenten\u00e1rio da Casa.","breadcrumb":{"@id":"https:\/\/www.leitao-irmao.com\/product\/ourico-do-mar-gigante-em-prata\/#breadcrumb"},"inLanguage":"en-GB","potentialAction":[{"@type":"ReadAction","target":["https:\/\/www.leitao-irmao.com\/product\/ourico-do-mar-gigante-em-prata\/"]}]},{"@type":"ImageObject","inLanguage":"en-GB","@id":"https:\/\/www.leitao-irmao.com\/product\/ourico-do-mar-gigante-em-prata\/#primaryimage","url":"https:\/\/www.leitao-irmao.com\/wp-content\/uploads\/2023\/08\/0503588-2.jpg","contentUrl":"https:\/\/www.leitao-irmao.com\/wp-content\/uploads\/2023\/08\/0503588-2.jpg","width":1920,"height":1920,"caption":"Ouri\u00e7o em prata gigante com uma pequena tampa, que d\u00e1 para refrescar as bebidas, colar flores, etc... da leit\u00e3o & Irm\u00e3o."},{"@type":"BreadcrumbList","@id":"https:\/\/www.leitao-irmao.com\/product\/ourico-do-mar-gigante-em-prata\/#breadcrumb","itemListElement":[{"@type":"ListItem","position":1,"name":"Home","item":"https:\/\/www.leitao-irmao.com\/"},{"@type":"ListItem","position":2,"name":"Products","item":"https:\/\/www.leitao-irmao.com\/shop\/"},{"@type":"ListItem","position":3,"name":"Ouri\u00e7o-do-Mar Gigante em prata"}]},{"@type":"WebSite","@id":"https:\/\/www.leitao-irmao.com\/#website","url":"https:\/\/www.leitao-irmao.com\/","name":"Leit\u00e3o & Irm\u00e3o","description":"Joalheiros desde 1822","publisher":{"@id":"https:\/\/www.leitao-irmao.com\/#organization"},"potentialAction":[{"@type":"SearchAction","target":{"@type":"EntryPoint","urlTemplate":"https:\/\/www.leitao-irmao.com\/?s={search_term_string}"},"query-input":{"@type":"PropertyValueSpecification","valueRequired":true,"valueName":"search_term_string"}}],"inLanguage":"en-GB"},{"@type":"Organization","@id":"https:\/\/www.leitao-irmao.com\/#organization","name":"Leit\u00e3o & Irm\u00e3o","url":"https:\/\/www.leitao-irmao.com\/","logo":{"@type":"ImageObject","inLanguage":"en-GB","@id":"https:\/\/www.leitao-irmao.com\/#\/schema\/logo\/image\/","url":"https:\/\/www.leitao-irmao.com\/wp-content\/uploads\/2022\/11\/leitaoirmao-logo.png","contentUrl":"https:\/\/www.leitao-irmao.com\/wp-content\/uploads\/2022\/11\/leitaoirmao-logo.png","width":426,"height":89,"caption":"Leit\u00e3o & Irm\u00e3o"},"image":{"@id":"https:\/\/www.leitao-irmao.com\/#\/schema\/logo\/image\/"}}]}},"_links":{"self":[{"href":"https:\/\/www.leitao-irmao.com\/en\/wp-json\/wp\/v2\/product\/15669","targetHints":{"allow":["GET"]}}],"collection":[{"href":"https:\/\/www.leitao-irmao.com\/en\/wp-json\/wp\/v2\/product"}],"about":[{"href":"https:\/\/www.leitao-irmao.com\/en\/wp-json\/wp\/v2\/types\/product"}],"version-history":[{"count":0,"href":"https:\/\/www.leitao-irmao.com\/en\/wp-json\/wp\/v2\/product\/15669\/revisions"}],"wp:featuredmedia":[{"embeddable":true,"href":"https:\/\/www.leitao-irmao.com\/en\/wp-json\/wp\/v2\/media\/26851"}],"wp:attachment":[{"href":"https:\/\/www.leitao-irmao.com\/en\/wp-json\/wp\/v2\/media?parent=15669"}],"wp:term":[{"taxonomy":"product_brand","embeddable":true,"href":"https:\/\/www.leitao-irmao.com\/en\/wp-json\/wp\/v2\/product_brand?post=15669"},{"taxonomy":"product_cat","embeddable":true,"href":"https:\/\/www.leitao-irmao.com\/en\/wp-json\/wp\/v2\/product_cat?post=15669"},{"taxonomy":"product_tag","embeddable":true,"href":"https:\/\/www.leitao-irmao.com\/en\/wp-json\/wp\/v2\/product_tag?post=15669"}],"curies":[{"name":"wp","href":"https:\/\/api.w.org\/{rel}","templated":true}]}}