{"id":15694,"date":"2023-08-09T15:31:24","date_gmt":"2023-08-09T15:31:24","guid":{"rendered":"https:\/\/www.leitao-irmao.com\/?post_type=product&#038;p=15694"},"modified":"2026-02-27T10:55:48","modified_gmt":"2026-02-27T10:55:48","slug":"lingueirao-gigante-em-prata","status":"publish","type":"product","link":"https:\/\/www.leitao-irmao.com\/en\/product\/lingueirao-gigante-em-prata\/","title":{"rendered":"Giant clam in silver"},"content":{"rendered":"","protected":false},"excerpt":{"rendered":"<p>The <em>Giant Ling<\/em> by Leit\u00e3o &amp; Irm\u00e3o is a piece of art that fully reflects the art of working Silver.<\/p>\n<p>This piece is crafted from a sheet of silver which is strengthened using a hammer and molds created especially for each curve of the shell. The shell is then chiseled by the leit\u00e3o &amp; Irm\u00e3o chiselers, who give it expression and detail.<\/p>\n<p>O Mar inspira a Casa Leit\u00e3o nas suas firmas delicadas refletindo o requinte e a heran\u00e7a artesanal da marca.<\/p>\n<p>Find a selection of\u00a0<a href=\"https:\/\/www.leitao-irmao.com\/en\/product-category\/conchas\/\">conchas em prata cinzelada da Leit\u00e3o &amp; Irm\u00e3o<\/a>.<\/p>\n<p>&nbsp;<\/p>","protected":false},"featured_media":15702,"template":"","meta":{"_acf_changed":false},"product_brand":[],"product_cat":[70,626,74,676,126,72],"product_tag":[270],"class_list":{"0":"post-15694","1":"product","2":"type-product","3":"status-publish","4":"has-post-thumbnail","6":"product_cat-casa-e-decoracao","7":"product_cat-conchas","8":"product_cat-decoracao","9":"product_cat-gift-selection","10":"product_cat-presentes-entre-2500e-a-5000e","11":"product_cat-tableware-and-dinnerware","12":"product_tag-prata","14":"first","15":"instock","16":"shipping-taxable","17":"purchasable","18":"product-type-variable"},"acf":[],"yoast_head":"<!-- This site is optimized with the Yoast SEO plugin v25.4 - https:\/\/yoast.com\/wordpress\/plugins\/seo\/ -->\n<title>Lingueir\u00e3o em Prata<\/title>\n<meta name=\"description\" content=\"O lingueir\u00e3o gigante em prata \u00e9 desenvolvido no \u00e2mbito da cole\u00e7\u00e3o Excecionais da Leit\u00e3o &amp; Irm\u00e3o, pe\u00e7as integradas na comemora\u00e7\u00e3o do bicenten\u00e1rio da Casa.\" \/>\n<meta name=\"robots\" content=\"index, follow, max-snippet:-1, max-image-preview:large, max-video-preview:-1\" \/>\n<link rel=\"canonical\" href=\"https:\/\/www.leitao-irmao.com\/en\/product\/lingueirao-gigante-em-prata\/\" \/>\n<meta property=\"og:locale\" content=\"en_GB\" \/>\n<meta property=\"og:type\" content=\"article\" \/>\n<meta property=\"og:title\" content=\"Lingueir\u00e3o em Prata\" \/>\n<meta property=\"og:description\" content=\"O lingueir\u00e3o gigante em prata \u00e9 desenvolvido no \u00e2mbito da cole\u00e7\u00e3o Excecionais da Leit\u00e3o &amp; Irm\u00e3o, pe\u00e7as integradas na comemora\u00e7\u00e3o do bicenten\u00e1rio da Casa.\" \/>\n<meta property=\"og:url\" content=\"https:\/\/www.leitao-irmao.com\/en\/product\/lingueirao-gigante-em-prata\/\" \/>\n<meta property=\"og:site_name\" content=\"Leit\u00e3o &amp; Irm\u00e3o\" \/>\n<meta property=\"article:modified_time\" content=\"2026-02-27T10:55:48+00:00\" \/>\n<meta property=\"og:image\" content=\"https:\/\/www.leitao-irmao.com\/wp-content\/uploads\/2023\/08\/0503578-lingueirao-em-prata.jpg\" \/>\n\t<meta property=\"og:image:width\" content=\"1017\" \/>\n\t<meta property=\"og:image:height\" content=\"1017\" \/>\n\t<meta property=\"og:image:type\" content=\"image\/jpeg\" \/>\n<meta name=\"twitter:card\" content=\"summary_large_image\" \/>\n<meta name=\"twitter:label1\" content=\"Estimated reading time\" \/>\n\t<meta name=\"twitter:data1\" content=\"1 minute\" \/>\n<script type=\"application\/ld+json\" class=\"yoast-schema-graph\">{\"@context\":\"https:\/\/schema.org\",\"@graph\":[{\"@type\":\"WebPage\",\"@id\":\"https:\/\/www.leitao-irmao.com\/product\/lingueirao-gigante-em-prata\/\",\"url\":\"https:\/\/www.leitao-irmao.com\/product\/lingueirao-gigante-em-prata\/\",\"name\":\"Lingueir\u00e3o em Prata\",\"isPartOf\":{\"@id\":\"https:\/\/www.leitao-irmao.com\/#website\"},\"primaryImageOfPage\":{\"@id\":\"https:\/\/www.leitao-irmao.com\/product\/lingueirao-gigante-em-prata\/#primaryimage\"},\"image\":{\"@id\":\"https:\/\/www.leitao-irmao.com\/product\/lingueirao-gigante-em-prata\/#primaryimage\"},\"thumbnailUrl\":\"https:\/\/www.leitao-irmao.com\/wp-content\/uploads\/2023\/08\/0503578-lingueirao-em-prata.jpg\",\"datePublished\":\"2023-08-09T15:31:24+00:00\",\"dateModified\":\"2026-02-27T10:55:48+00:00\",\"description\":\"O lingueir\u00e3o gigante em prata \u00e9 desenvolvido no \u00e2mbito da cole\u00e7\u00e3o Excecionais da Leit\u00e3o & Irm\u00e3o, pe\u00e7as integradas na comemora\u00e7\u00e3o do bicenten\u00e1rio da Casa.\",\"breadcrumb\":{\"@id\":\"https:\/\/www.leitao-irmao.com\/product\/lingueirao-gigante-em-prata\/#breadcrumb\"},\"inLanguage\":\"en-GB\",\"potentialAction\":[{\"@type\":\"ReadAction\",\"target\":[\"https:\/\/www.leitao-irmao.com\/product\/lingueirao-gigante-em-prata\/\"]}]},{\"@type\":\"ImageObject\",\"inLanguage\":\"en-GB\",\"@id\":\"https:\/\/www.leitao-irmao.com\/product\/lingueirao-gigante-em-prata\/#primaryimage\",\"url\":\"https:\/\/www.leitao-irmao.com\/wp-content\/uploads\/2023\/08\/0503578-lingueirao-em-prata.jpg\",\"contentUrl\":\"https:\/\/www.leitao-irmao.com\/wp-content\/uploads\/2023\/08\/0503578-lingueirao-em-prata.jpg\",\"width\":1017,\"height\":1017},{\"@type\":\"BreadcrumbList\",\"@id\":\"https:\/\/www.leitao-irmao.com\/product\/lingueirao-gigante-em-prata\/#breadcrumb\",\"itemListElement\":[{\"@type\":\"ListItem\",\"position\":1,\"name\":\"Home\",\"item\":\"https:\/\/www.leitao-irmao.com\/\"},{\"@type\":\"ListItem\",\"position\":2,\"name\":\"Products\",\"item\":\"https:\/\/www.leitao-irmao.com\/shop\/\"},{\"@type\":\"ListItem\",\"position\":3,\"name\":\"Lingueir\u00e3o gigante em prata\"}]},{\"@type\":\"WebSite\",\"@id\":\"https:\/\/www.leitao-irmao.com\/#website\",\"url\":\"https:\/\/www.leitao-irmao.com\/\",\"name\":\"Leit\u00e3o & Irm\u00e3o\",\"description\":\"Joalheiros desde 1822\",\"publisher\":{\"@id\":\"https:\/\/www.leitao-irmao.com\/#organization\"},\"potentialAction\":[{\"@type\":\"SearchAction\",\"target\":{\"@type\":\"EntryPoint\",\"urlTemplate\":\"https:\/\/www.leitao-irmao.com\/?s={search_term_string}\"},\"query-input\":{\"@type\":\"PropertyValueSpecification\",\"valueRequired\":true,\"valueName\":\"search_term_string\"}}],\"inLanguage\":\"en-GB\"},{\"@type\":\"Organization\",\"@id\":\"https:\/\/www.leitao-irmao.com\/#organization\",\"name\":\"Leit\u00e3o & Irm\u00e3o\",\"url\":\"https:\/\/www.leitao-irmao.com\/\",\"logo\":{\"@type\":\"ImageObject\",\"inLanguage\":\"en-GB\",\"@id\":\"https:\/\/www.leitao-irmao.com\/#\/schema\/logo\/image\/\",\"url\":\"https:\/\/www.leitao-irmao.com\/wp-content\/uploads\/2022\/11\/leitaoirmao-logo.png\",\"contentUrl\":\"https:\/\/www.leitao-irmao.com\/wp-content\/uploads\/2022\/11\/leitaoirmao-logo.png\",\"width\":426,\"height\":89,\"caption\":\"Leit\u00e3o & Irm\u00e3o\"},\"image\":{\"@id\":\"https:\/\/www.leitao-irmao.com\/#\/schema\/logo\/image\/\"}}]}<\/script>\n<!-- \/ Yoast SEO plugin. -->","yoast_head_json":{"title":"Lingueir\u00e3o em Prata","description":"O lingueir\u00e3o gigante em prata \u00e9 desenvolvido no \u00e2mbito da cole\u00e7\u00e3o Excecionais da Leit\u00e3o & Irm\u00e3o, pe\u00e7as integradas na comemora\u00e7\u00e3o do bicenten\u00e1rio da Casa.","robots":{"index":"index","follow":"follow","max-snippet":"max-snippet:-1","max-image-preview":"max-image-preview:large","max-video-preview":"max-video-preview:-1"},"canonical":"https:\/\/www.leitao-irmao.com\/en\/product\/lingueirao-gigante-em-prata\/","og_locale":"en_GB","og_type":"article","og_title":"Lingueir\u00e3o em Prata","og_description":"O lingueir\u00e3o gigante em prata \u00e9 desenvolvido no \u00e2mbito da cole\u00e7\u00e3o Excecionais da Leit\u00e3o & Irm\u00e3o, pe\u00e7as integradas na comemora\u00e7\u00e3o do bicenten\u00e1rio da Casa.","og_url":"https:\/\/www.leitao-irmao.com\/en\/product\/lingueirao-gigante-em-prata\/","og_site_name":"Leit\u00e3o &amp; Irm\u00e3o","article_modified_time":"2026-02-27T10:55:48+00:00","og_image":[{"width":1017,"height":1017,"url":"https:\/\/www.leitao-irmao.com\/wp-content\/uploads\/2023\/08\/0503578-lingueirao-em-prata.jpg","type":"image\/jpeg"}],"twitter_card":"summary_large_image","twitter_misc":{"Estimated reading time":"1 minute"},"schema":{"@context":"https:\/\/schema.org","@graph":[{"@type":"WebPage","@id":"https:\/\/www.leitao-irmao.com\/product\/lingueirao-gigante-em-prata\/","url":"https:\/\/www.leitao-irmao.com\/product\/lingueirao-gigante-em-prata\/","name":"Lingueir\u00e3o em Prata","isPartOf":{"@id":"https:\/\/www.leitao-irmao.com\/#website"},"primaryImageOfPage":{"@id":"https:\/\/www.leitao-irmao.com\/product\/lingueirao-gigante-em-prata\/#primaryimage"},"image":{"@id":"https:\/\/www.leitao-irmao.com\/product\/lingueirao-gigante-em-prata\/#primaryimage"},"thumbnailUrl":"https:\/\/www.leitao-irmao.com\/wp-content\/uploads\/2023\/08\/0503578-lingueirao-em-prata.jpg","datePublished":"2023-08-09T15:31:24+00:00","dateModified":"2026-02-27T10:55:48+00:00","description":"O lingueir\u00e3o gigante em prata \u00e9 desenvolvido no \u00e2mbito da cole\u00e7\u00e3o Excecionais da Leit\u00e3o & Irm\u00e3o, pe\u00e7as integradas na comemora\u00e7\u00e3o do bicenten\u00e1rio da Casa.","breadcrumb":{"@id":"https:\/\/www.leitao-irmao.com\/product\/lingueirao-gigante-em-prata\/#breadcrumb"},"inLanguage":"en-GB","potentialAction":[{"@type":"ReadAction","target":["https:\/\/www.leitao-irmao.com\/product\/lingueirao-gigante-em-prata\/"]}]},{"@type":"ImageObject","inLanguage":"en-GB","@id":"https:\/\/www.leitao-irmao.com\/product\/lingueirao-gigante-em-prata\/#primaryimage","url":"https:\/\/www.leitao-irmao.com\/wp-content\/uploads\/2023\/08\/0503578-lingueirao-em-prata.jpg","contentUrl":"https:\/\/www.leitao-irmao.com\/wp-content\/uploads\/2023\/08\/0503578-lingueirao-em-prata.jpg","width":1017,"height":1017},{"@type":"BreadcrumbList","@id":"https:\/\/www.leitao-irmao.com\/product\/lingueirao-gigante-em-prata\/#breadcrumb","itemListElement":[{"@type":"ListItem","position":1,"name":"Home","item":"https:\/\/www.leitao-irmao.com\/"},{"@type":"ListItem","position":2,"name":"Products","item":"https:\/\/www.leitao-irmao.com\/shop\/"},{"@type":"ListItem","position":3,"name":"Lingueir\u00e3o gigante em prata"}]},{"@type":"WebSite","@id":"https:\/\/www.leitao-irmao.com\/#website","url":"https:\/\/www.leitao-irmao.com\/","name":"Leit\u00e3o & Irm\u00e3o","description":"Joalheiros desde 1822","publisher":{"@id":"https:\/\/www.leitao-irmao.com\/#organization"},"potentialAction":[{"@type":"SearchAction","target":{"@type":"EntryPoint","urlTemplate":"https:\/\/www.leitao-irmao.com\/?s={search_term_string}"},"query-input":{"@type":"PropertyValueSpecification","valueRequired":true,"valueName":"search_term_string"}}],"inLanguage":"en-GB"},{"@type":"Organization","@id":"https:\/\/www.leitao-irmao.com\/#organization","name":"Leit\u00e3o & Irm\u00e3o","url":"https:\/\/www.leitao-irmao.com\/","logo":{"@type":"ImageObject","inLanguage":"en-GB","@id":"https:\/\/www.leitao-irmao.com\/#\/schema\/logo\/image\/","url":"https:\/\/www.leitao-irmao.com\/wp-content\/uploads\/2022\/11\/leitaoirmao-logo.png","contentUrl":"https:\/\/www.leitao-irmao.com\/wp-content\/uploads\/2022\/11\/leitaoirmao-logo.png","width":426,"height":89,"caption":"Leit\u00e3o & Irm\u00e3o"},"image":{"@id":"https:\/\/www.leitao-irmao.com\/#\/schema\/logo\/image\/"}}]}},"_links":{"self":[{"href":"https:\/\/www.leitao-irmao.com\/en\/wp-json\/wp\/v2\/product\/15694","targetHints":{"allow":["GET"]}}],"collection":[{"href":"https:\/\/www.leitao-irmao.com\/en\/wp-json\/wp\/v2\/product"}],"about":[{"href":"https:\/\/www.leitao-irmao.com\/en\/wp-json\/wp\/v2\/types\/product"}],"version-history":[{"count":2,"href":"https:\/\/www.leitao-irmao.com\/en\/wp-json\/wp\/v2\/product\/15694\/revisions"}],"predecessor-version":[{"id":37203,"href":"https:\/\/www.leitao-irmao.com\/en\/wp-json\/wp\/v2\/product\/15694\/revisions\/37203"}],"wp:featuredmedia":[{"embeddable":true,"href":"https:\/\/www.leitao-irmao.com\/en\/wp-json\/wp\/v2\/media\/15702"}],"wp:attachment":[{"href":"https:\/\/www.leitao-irmao.com\/en\/wp-json\/wp\/v2\/media?parent=15694"}],"wp:term":[{"taxonomy":"product_brand","embeddable":true,"href":"https:\/\/www.leitao-irmao.com\/en\/wp-json\/wp\/v2\/product_brand?post=15694"},{"taxonomy":"product_cat","embeddable":true,"href":"https:\/\/www.leitao-irmao.com\/en\/wp-json\/wp\/v2\/product_cat?post=15694"},{"taxonomy":"product_tag","embeddable":true,"href":"https:\/\/www.leitao-irmao.com\/en\/wp-json\/wp\/v2\/product_tag?post=15694"}],"curies":[{"name":"wp","href":"https:\/\/api.w.org\/{rel}","templated":true}]}}