{"id":15806,"date":"2023-08-11T09:54:44","date_gmt":"2023-08-11T09:54:44","guid":{"rendered":"https:\/\/www.leitao-irmao.com\/?post_type=product&#038;p=15806"},"modified":"2026-04-09T12:53:05","modified_gmt":"2026-04-09T11:53:05","slug":"fio-em-ouro-com-perolas-cordao-portugues","status":"publish","type":"product","link":"https:\/\/www.leitao-irmao.com\/en\/product\/fio-em-ouro-com-perolas-cordao-portugues\/","title":{"rendered":"Gold chain with pearls | Portuguese cord"},"content":{"rendered":"","protected":false},"excerpt":{"rendered":"<div class=\"group w-full text-token-text-primary border-b border-black\/10 dark:border-gray-900\/50 bg-gray-50 dark:bg-[#444654]\">\n<div class=\"flex p-4 gap-4 text-base md:gap-6 md:max-w-2xl lg:max-w-[38rem] xl:max-w-3xl md:py-6 lg:px-0 m-auto\">\n<div class=\"relative flex w-[calc(100%-50px)] flex-col gap-1 md:gap-3 lg:w-[calc(100%-115px)]\">\n<div class=\"flex flex-grow flex-col gap-3\">\n<div class=\"min-h-[20px] flex flex-col items-start gap-3 overflow-x-auto whitespace-pre-wrap break-words\">\n<div class=\"markdown prose w-full break-words dark:prose-invert light\">\n<p>The threads in the Cord\u00e3o Portugu\u00eas collection combine the tradition of Portuguese cord with the beauty of natural pearls. Versatile pieces for everyday use or special occasions. Bestsellers from Leit\u00e3o &amp; Irm\u00e3o and perfect gifts for christenings.<\/p>\n<\/div>\n<\/div>\n<\/div>\n<\/div>\n<\/div>\n<\/div>","protected":false},"featured_media":15807,"template":"","meta":{"_acf_changed":false},"product_brand":[],"product_cat":[137,618,84,121,79,133,125,664],"product_tag":[336,434,278,271,274],"class_list":{"0":"post-15806","1":"product","2":"type-product","3":"status-publish","4":"has-post-thumbnail","6":"product_cat-batizados","7":"product_cat-classicos-leitao-irmao","8":"product_cat-fios-e-colares-joalharia-portuguesa-leitao-irmao","9":"product_cat-gifts","10":"product_cat-joalharia","11":"product_cat-mae","12":"product_cat-presentes-entre-1000e-a-2500e","13":"product_cat-presentes-para-a-primeira-comunhao","14":"product_tag-bestseller","15":"product_tag-crianca","16":"product_tag-mulher","17":"product_tag-ouro","18":"product_tag-perolas","20":"first","21":"instock","22":"shipping-taxable","23":"purchasable","24":"product-type-simple"},"acf":[],"yoast_head":"<!-- This site is optimized with the Yoast SEO plugin v25.4 - https:\/\/yoast.com\/wordpress\/plugins\/seo\/ -->\n<title>fio em ouro com p\u00e9rolas<\/title>\n<meta name=\"description\" content=\"Os fios da cole\u00e7\u00e3o Cord\u00e3o Portugu\u00eas unem a tradi\u00e7\u00e3o do cord\u00e3o portugu\u00eas com a beleza das p\u00e9rolas naturais. Presentes perfeitos para batizados.\" \/>\n<meta name=\"robots\" content=\"index, follow, max-snippet:-1, max-image-preview:large, max-video-preview:-1\" \/>\n<link rel=\"canonical\" href=\"https:\/\/www.leitao-irmao.com\/en\/product\/fio-em-ouro-com-perolas-cordao-portugues\/\" \/>\n<meta property=\"og:locale\" content=\"en_GB\" \/>\n<meta property=\"og:type\" content=\"article\" \/>\n<meta property=\"og:title\" content=\"fio em ouro com p\u00e9rolas\" \/>\n<meta property=\"og:description\" content=\"Os fios da cole\u00e7\u00e3o Cord\u00e3o Portugu\u00eas unem a tradi\u00e7\u00e3o do cord\u00e3o portugu\u00eas com a beleza das p\u00e9rolas naturais. Presentes perfeitos para batizados.\" \/>\n<meta property=\"og:url\" content=\"https:\/\/www.leitao-irmao.com\/en\/product\/fio-em-ouro-com-perolas-cordao-portugues\/\" \/>\n<meta property=\"og:site_name\" content=\"Leit\u00e3o &amp; Irm\u00e3o\" \/>\n<meta property=\"article:modified_time\" content=\"2026-04-09T11:53:05+00:00\" \/>\n<meta property=\"og:image\" content=\"https:\/\/www.leitao-irmao.com\/wp-content\/uploads\/2023\/08\/0208238-Fio-Cordao-Portugues-em-Ouro-Amarelo-com-Perolas-1.jpg\" \/>\n\t<meta property=\"og:image:width\" content=\"1080\" \/>\n\t<meta property=\"og:image:height\" content=\"1080\" \/>\n\t<meta property=\"og:image:type\" content=\"image\/jpeg\" \/>\n<meta name=\"twitter:card\" content=\"summary_large_image\" \/>\n<meta name=\"twitter:label1\" content=\"Estimated reading time\" \/>\n\t<meta name=\"twitter:data1\" content=\"1 minute\" \/>\n<script type=\"application\/ld+json\" class=\"yoast-schema-graph\">{\"@context\":\"https:\/\/schema.org\",\"@graph\":[{\"@type\":\"WebPage\",\"@id\":\"https:\/\/www.leitao-irmao.com\/product\/fio-em-ouro-com-perolas-cordao-portugues\/\",\"url\":\"https:\/\/www.leitao-irmao.com\/product\/fio-em-ouro-com-perolas-cordao-portugues\/\",\"name\":\"fio em ouro com p\u00e9rolas\",\"isPartOf\":{\"@id\":\"https:\/\/www.leitao-irmao.com\/#website\"},\"primaryImageOfPage\":{\"@id\":\"https:\/\/www.leitao-irmao.com\/product\/fio-em-ouro-com-perolas-cordao-portugues\/#primaryimage\"},\"image\":{\"@id\":\"https:\/\/www.leitao-irmao.com\/product\/fio-em-ouro-com-perolas-cordao-portugues\/#primaryimage\"},\"thumbnailUrl\":\"https:\/\/www.leitao-irmao.com\/wp-content\/uploads\/2023\/08\/0208238-Fio-Cordao-Portugues-em-Ouro-Amarelo-com-Perolas-1.jpg\",\"datePublished\":\"2023-08-11T09:54:44+00:00\",\"dateModified\":\"2026-04-09T11:53:05+00:00\",\"description\":\"Os fios da cole\u00e7\u00e3o Cord\u00e3o Portugu\u00eas unem a tradi\u00e7\u00e3o do cord\u00e3o portugu\u00eas com a beleza das p\u00e9rolas naturais. Presentes perfeitos para batizados.\",\"breadcrumb\":{\"@id\":\"https:\/\/www.leitao-irmao.com\/product\/fio-em-ouro-com-perolas-cordao-portugues\/#breadcrumb\"},\"inLanguage\":\"en-GB\",\"potentialAction\":[{\"@type\":\"ReadAction\",\"target\":[\"https:\/\/www.leitao-irmao.com\/product\/fio-em-ouro-com-perolas-cordao-portugues\/\"]}]},{\"@type\":\"ImageObject\",\"inLanguage\":\"en-GB\",\"@id\":\"https:\/\/www.leitao-irmao.com\/product\/fio-em-ouro-com-perolas-cordao-portugues\/#primaryimage\",\"url\":\"https:\/\/www.leitao-irmao.com\/wp-content\/uploads\/2023\/08\/0208238-Fio-Cordao-Portugues-em-Ouro-Amarelo-com-Perolas-1.jpg\",\"contentUrl\":\"https:\/\/www.leitao-irmao.com\/wp-content\/uploads\/2023\/08\/0208238-Fio-Cordao-Portugues-em-Ouro-Amarelo-com-Perolas-1.jpg\",\"width\":1080,\"height\":1080},{\"@type\":\"BreadcrumbList\",\"@id\":\"https:\/\/www.leitao-irmao.com\/product\/fio-em-ouro-com-perolas-cordao-portugues\/#breadcrumb\",\"itemListElement\":[{\"@type\":\"ListItem\",\"position\":1,\"name\":\"Home\",\"item\":\"https:\/\/www.leitao-irmao.com\/\"},{\"@type\":\"ListItem\",\"position\":2,\"name\":\"Products\",\"item\":\"https:\/\/www.leitao-irmao.com\/shop\/\"},{\"@type\":\"ListItem\",\"position\":3,\"name\":\"Fio em ouro com p\u00e9rolas | Cord\u00e3o Portugu\u00eas\"}]},{\"@type\":\"WebSite\",\"@id\":\"https:\/\/www.leitao-irmao.com\/#website\",\"url\":\"https:\/\/www.leitao-irmao.com\/\",\"name\":\"Leit\u00e3o & Irm\u00e3o\",\"description\":\"Joalheiros desde 1822\",\"publisher\":{\"@id\":\"https:\/\/www.leitao-irmao.com\/#organization\"},\"potentialAction\":[{\"@type\":\"SearchAction\",\"target\":{\"@type\":\"EntryPoint\",\"urlTemplate\":\"https:\/\/www.leitao-irmao.com\/?s={search_term_string}\"},\"query-input\":{\"@type\":\"PropertyValueSpecification\",\"valueRequired\":true,\"valueName\":\"search_term_string\"}}],\"inLanguage\":\"en-GB\"},{\"@type\":\"Organization\",\"@id\":\"https:\/\/www.leitao-irmao.com\/#organization\",\"name\":\"Leit\u00e3o & Irm\u00e3o\",\"url\":\"https:\/\/www.leitao-irmao.com\/\",\"logo\":{\"@type\":\"ImageObject\",\"inLanguage\":\"en-GB\",\"@id\":\"https:\/\/www.leitao-irmao.com\/#\/schema\/logo\/image\/\",\"url\":\"https:\/\/www.leitao-irmao.com\/wp-content\/uploads\/2022\/11\/leitaoirmao-logo.png\",\"contentUrl\":\"https:\/\/www.leitao-irmao.com\/wp-content\/uploads\/2022\/11\/leitaoirmao-logo.png\",\"width\":426,\"height\":89,\"caption\":\"Leit\u00e3o & Irm\u00e3o\"},\"image\":{\"@id\":\"https:\/\/www.leitao-irmao.com\/#\/schema\/logo\/image\/\"}}]}<\/script>\n<!-- \/ Yoast SEO plugin. -->","yoast_head_json":{"title":"fio em ouro com p\u00e9rolas","description":"Os fios da cole\u00e7\u00e3o Cord\u00e3o Portugu\u00eas unem a tradi\u00e7\u00e3o do cord\u00e3o portugu\u00eas com a beleza das p\u00e9rolas naturais. Presentes perfeitos para batizados.","robots":{"index":"index","follow":"follow","max-snippet":"max-snippet:-1","max-image-preview":"max-image-preview:large","max-video-preview":"max-video-preview:-1"},"canonical":"https:\/\/www.leitao-irmao.com\/en\/product\/fio-em-ouro-com-perolas-cordao-portugues\/","og_locale":"en_GB","og_type":"article","og_title":"fio em ouro com p\u00e9rolas","og_description":"Os fios da cole\u00e7\u00e3o Cord\u00e3o Portugu\u00eas unem a tradi\u00e7\u00e3o do cord\u00e3o portugu\u00eas com a beleza das p\u00e9rolas naturais. Presentes perfeitos para batizados.","og_url":"https:\/\/www.leitao-irmao.com\/en\/product\/fio-em-ouro-com-perolas-cordao-portugues\/","og_site_name":"Leit\u00e3o &amp; Irm\u00e3o","article_modified_time":"2026-04-09T11:53:05+00:00","og_image":[{"width":1080,"height":1080,"url":"https:\/\/www.leitao-irmao.com\/wp-content\/uploads\/2023\/08\/0208238-Fio-Cordao-Portugues-em-Ouro-Amarelo-com-Perolas-1.jpg","type":"image\/jpeg"}],"twitter_card":"summary_large_image","twitter_misc":{"Estimated reading time":"1 minute"},"schema":{"@context":"https:\/\/schema.org","@graph":[{"@type":"WebPage","@id":"https:\/\/www.leitao-irmao.com\/product\/fio-em-ouro-com-perolas-cordao-portugues\/","url":"https:\/\/www.leitao-irmao.com\/product\/fio-em-ouro-com-perolas-cordao-portugues\/","name":"fio em ouro com p\u00e9rolas","isPartOf":{"@id":"https:\/\/www.leitao-irmao.com\/#website"},"primaryImageOfPage":{"@id":"https:\/\/www.leitao-irmao.com\/product\/fio-em-ouro-com-perolas-cordao-portugues\/#primaryimage"},"image":{"@id":"https:\/\/www.leitao-irmao.com\/product\/fio-em-ouro-com-perolas-cordao-portugues\/#primaryimage"},"thumbnailUrl":"https:\/\/www.leitao-irmao.com\/wp-content\/uploads\/2023\/08\/0208238-Fio-Cordao-Portugues-em-Ouro-Amarelo-com-Perolas-1.jpg","datePublished":"2023-08-11T09:54:44+00:00","dateModified":"2026-04-09T11:53:05+00:00","description":"Os fios da cole\u00e7\u00e3o Cord\u00e3o Portugu\u00eas unem a tradi\u00e7\u00e3o do cord\u00e3o portugu\u00eas com a beleza das p\u00e9rolas naturais. Presentes perfeitos para batizados.","breadcrumb":{"@id":"https:\/\/www.leitao-irmao.com\/product\/fio-em-ouro-com-perolas-cordao-portugues\/#breadcrumb"},"inLanguage":"en-GB","potentialAction":[{"@type":"ReadAction","target":["https:\/\/www.leitao-irmao.com\/product\/fio-em-ouro-com-perolas-cordao-portugues\/"]}]},{"@type":"ImageObject","inLanguage":"en-GB","@id":"https:\/\/www.leitao-irmao.com\/product\/fio-em-ouro-com-perolas-cordao-portugues\/#primaryimage","url":"https:\/\/www.leitao-irmao.com\/wp-content\/uploads\/2023\/08\/0208238-Fio-Cordao-Portugues-em-Ouro-Amarelo-com-Perolas-1.jpg","contentUrl":"https:\/\/www.leitao-irmao.com\/wp-content\/uploads\/2023\/08\/0208238-Fio-Cordao-Portugues-em-Ouro-Amarelo-com-Perolas-1.jpg","width":1080,"height":1080},{"@type":"BreadcrumbList","@id":"https:\/\/www.leitao-irmao.com\/product\/fio-em-ouro-com-perolas-cordao-portugues\/#breadcrumb","itemListElement":[{"@type":"ListItem","position":1,"name":"Home","item":"https:\/\/www.leitao-irmao.com\/"},{"@type":"ListItem","position":2,"name":"Products","item":"https:\/\/www.leitao-irmao.com\/shop\/"},{"@type":"ListItem","position":3,"name":"Fio em ouro com p\u00e9rolas | Cord\u00e3o Portugu\u00eas"}]},{"@type":"WebSite","@id":"https:\/\/www.leitao-irmao.com\/#website","url":"https:\/\/www.leitao-irmao.com\/","name":"Leit\u00e3o & Irm\u00e3o","description":"Joalheiros desde 1822","publisher":{"@id":"https:\/\/www.leitao-irmao.com\/#organization"},"potentialAction":[{"@type":"SearchAction","target":{"@type":"EntryPoint","urlTemplate":"https:\/\/www.leitao-irmao.com\/?s={search_term_string}"},"query-input":{"@type":"PropertyValueSpecification","valueRequired":true,"valueName":"search_term_string"}}],"inLanguage":"en-GB"},{"@type":"Organization","@id":"https:\/\/www.leitao-irmao.com\/#organization","name":"Leit\u00e3o & Irm\u00e3o","url":"https:\/\/www.leitao-irmao.com\/","logo":{"@type":"ImageObject","inLanguage":"en-GB","@id":"https:\/\/www.leitao-irmao.com\/#\/schema\/logo\/image\/","url":"https:\/\/www.leitao-irmao.com\/wp-content\/uploads\/2022\/11\/leitaoirmao-logo.png","contentUrl":"https:\/\/www.leitao-irmao.com\/wp-content\/uploads\/2022\/11\/leitaoirmao-logo.png","width":426,"height":89,"caption":"Leit\u00e3o & Irm\u00e3o"},"image":{"@id":"https:\/\/www.leitao-irmao.com\/#\/schema\/logo\/image\/"}}]}},"_links":{"self":[{"href":"https:\/\/www.leitao-irmao.com\/en\/wp-json\/wp\/v2\/product\/15806","targetHints":{"allow":["GET"]}}],"collection":[{"href":"https:\/\/www.leitao-irmao.com\/en\/wp-json\/wp\/v2\/product"}],"about":[{"href":"https:\/\/www.leitao-irmao.com\/en\/wp-json\/wp\/v2\/types\/product"}],"version-history":[{"count":1,"href":"https:\/\/www.leitao-irmao.com\/en\/wp-json\/wp\/v2\/product\/15806\/revisions"}],"predecessor-version":[{"id":37911,"href":"https:\/\/www.leitao-irmao.com\/en\/wp-json\/wp\/v2\/product\/15806\/revisions\/37911"}],"wp:featuredmedia":[{"embeddable":true,"href":"https:\/\/www.leitao-irmao.com\/en\/wp-json\/wp\/v2\/media\/15807"}],"wp:attachment":[{"href":"https:\/\/www.leitao-irmao.com\/en\/wp-json\/wp\/v2\/media?parent=15806"}],"wp:term":[{"taxonomy":"product_brand","embeddable":true,"href":"https:\/\/www.leitao-irmao.com\/en\/wp-json\/wp\/v2\/product_brand?post=15806"},{"taxonomy":"product_cat","embeddable":true,"href":"https:\/\/www.leitao-irmao.com\/en\/wp-json\/wp\/v2\/product_cat?post=15806"},{"taxonomy":"product_tag","embeddable":true,"href":"https:\/\/www.leitao-irmao.com\/en\/wp-json\/wp\/v2\/product_tag?post=15806"}],"curies":[{"name":"wp","href":"https:\/\/api.w.org\/{rel}","templated":true}]}}