{"id":15816,"date":"2023-08-11T14:06:39","date_gmt":"2023-08-11T14:06:39","guid":{"rendered":"https:\/\/www.leitao-irmao.com\/?post_type=product&#038;p=15816"},"modified":"2026-02-11T10:01:54","modified_gmt":"2026-02-11T10:01:54","slug":"marcador-de-livros-em-prata-clip-redondo","status":"publish","type":"product","link":"https:\/\/www.leitao-irmao.com\/en\/product\/marcador-de-livros-em-prata-clip-redondo\/","title":{"rendered":"Silver Bookmark | Round Clip"},"content":{"rendered":"","protected":false},"excerpt":{"rendered":"<p>With its discreet round design, the Leit\u00e3o &amp; Irm\u00e3o Silver Bookmark is the perfect combination of art and utility, suitable for reading lovers who value quality and an elevated reading experience<\/p>","protected":false},"featured_media":25218,"template":"","meta":{"_acf_changed":false},"product_brand":[],"product_cat":[77,676,121,267,349,135,122,139],"product_tag":[336,270],"class_list":{"0":"post-15816","1":"product","2":"type-product","3":"status-publish","4":"has-post-thumbnail","6":"product_cat-escritorio","7":"product_cat-gift-selection","8":"product_cat-gifts","9":"product_cat-mais-oferecidos","10":"product_cat-para-os-convidados","11":"product_cat-natal","12":"product_cat-presentes-inferiores-a-150e","13":"product_cat-presentes-para-personalizar","14":"product_tag-bestseller","15":"product_tag-prata","17":"first","18":"instock","19":"shipping-taxable","20":"purchasable","21":"product-type-variable"},"acf":[],"yoast_head":"<!-- This site is optimized with the Yoast SEO plugin v25.4 - https:\/\/yoast.com\/wordpress\/plugins\/seo\/ -->\n<title>marcador de livro em prata<\/title>\n<meta name=\"description\" content=\"Com um design redondo discreto, o Marcador de Livros em Prata da Leit\u00e3o &amp; Irm\u00e3o \u00e9 a combina\u00e7\u00e3o perfeita de arte e utilidade.\" \/>\n<meta name=\"robots\" content=\"index, follow, max-snippet:-1, max-image-preview:large, max-video-preview:-1\" \/>\n<link rel=\"canonical\" href=\"https:\/\/www.leitao-irmao.com\/en\/product\/marcador-de-livros-em-prata-clip-redondo\/\" \/>\n<meta property=\"og:locale\" content=\"en_GB\" \/>\n<meta property=\"og:type\" content=\"article\" \/>\n<meta property=\"og:title\" content=\"marcador de livro em prata\" \/>\n<meta property=\"og:description\" content=\"Com um design redondo discreto, o Marcador de Livros em Prata da Leit\u00e3o &amp; Irm\u00e3o \u00e9 a combina\u00e7\u00e3o perfeita de arte e utilidade.\" \/>\n<meta property=\"og:url\" content=\"https:\/\/www.leitao-irmao.com\/en\/product\/marcador-de-livros-em-prata-clip-redondo\/\" \/>\n<meta property=\"og:site_name\" content=\"Leit\u00e3o &amp; Irm\u00e3o\" \/>\n<meta property=\"article:modified_time\" content=\"2026-02-11T10:01:54+00:00\" \/>\n<meta property=\"og:image\" content=\"https:\/\/www.leitao-irmao.com\/wp-content\/uploads\/2023\/08\/0505081-ouro.jpg\" \/>\n\t<meta property=\"og:image:width\" content=\"1920\" \/>\n\t<meta property=\"og:image:height\" content=\"1920\" \/>\n\t<meta property=\"og:image:type\" content=\"image\/jpeg\" \/>\n<meta name=\"twitter:card\" content=\"summary_large_image\" \/>\n<meta name=\"twitter:label1\" content=\"Estimated reading time\" \/>\n\t<meta name=\"twitter:data1\" content=\"1 minute\" \/>\n<script type=\"application\/ld+json\" class=\"yoast-schema-graph\">{\"@context\":\"https:\/\/schema.org\",\"@graph\":[{\"@type\":\"WebPage\",\"@id\":\"https:\/\/www.leitao-irmao.com\/product\/marcador-de-livros-em-prata-clip-redondo\/\",\"url\":\"https:\/\/www.leitao-irmao.com\/product\/marcador-de-livros-em-prata-clip-redondo\/\",\"name\":\"marcador de livro em prata\",\"isPartOf\":{\"@id\":\"https:\/\/www.leitao-irmao.com\/#website\"},\"primaryImageOfPage\":{\"@id\":\"https:\/\/www.leitao-irmao.com\/product\/marcador-de-livros-em-prata-clip-redondo\/#primaryimage\"},\"image\":{\"@id\":\"https:\/\/www.leitao-irmao.com\/product\/marcador-de-livros-em-prata-clip-redondo\/#primaryimage\"},\"thumbnailUrl\":\"https:\/\/www.leitao-irmao.com\/wp-content\/uploads\/2023\/08\/0505081-ouro.jpg\",\"datePublished\":\"2023-08-11T14:06:39+00:00\",\"dateModified\":\"2026-02-11T10:01:54+00:00\",\"description\":\"Com um design redondo discreto, o Marcador de Livros em Prata da Leit\u00e3o & Irm\u00e3o \u00e9 a combina\u00e7\u00e3o perfeita de arte e utilidade.\",\"breadcrumb\":{\"@id\":\"https:\/\/www.leitao-irmao.com\/product\/marcador-de-livros-em-prata-clip-redondo\/#breadcrumb\"},\"inLanguage\":\"en-GB\",\"potentialAction\":[{\"@type\":\"ReadAction\",\"target\":[\"https:\/\/www.leitao-irmao.com\/product\/marcador-de-livros-em-prata-clip-redondo\/\"]}]},{\"@type\":\"ImageObject\",\"inLanguage\":\"en-GB\",\"@id\":\"https:\/\/www.leitao-irmao.com\/product\/marcador-de-livros-em-prata-clip-redondo\/#primaryimage\",\"url\":\"https:\/\/www.leitao-irmao.com\/wp-content\/uploads\/2023\/08\/0505081-ouro.jpg\",\"contentUrl\":\"https:\/\/www.leitao-irmao.com\/wp-content\/uploads\/2023\/08\/0505081-ouro.jpg\",\"width\":1920,\"height\":1920,\"caption\":\"Marcador de livros clip redondo em prata da Leit\u00e3o & Irm\u00e3o\"},{\"@type\":\"BreadcrumbList\",\"@id\":\"https:\/\/www.leitao-irmao.com\/product\/marcador-de-livros-em-prata-clip-redondo\/#breadcrumb\",\"itemListElement\":[{\"@type\":\"ListItem\",\"position\":1,\"name\":\"Home\",\"item\":\"https:\/\/www.leitao-irmao.com\/\"},{\"@type\":\"ListItem\",\"position\":2,\"name\":\"Products\",\"item\":\"https:\/\/www.leitao-irmao.com\/shop\/\"},{\"@type\":\"ListItem\",\"position\":3,\"name\":\"Marcador de Livros em prata | Clip Redondo\"}]},{\"@type\":\"WebSite\",\"@id\":\"https:\/\/www.leitao-irmao.com\/#website\",\"url\":\"https:\/\/www.leitao-irmao.com\/\",\"name\":\"Leit\u00e3o & Irm\u00e3o\",\"description\":\"Joalheiros desde 1822\",\"publisher\":{\"@id\":\"https:\/\/www.leitao-irmao.com\/#organization\"},\"potentialAction\":[{\"@type\":\"SearchAction\",\"target\":{\"@type\":\"EntryPoint\",\"urlTemplate\":\"https:\/\/www.leitao-irmao.com\/?s={search_term_string}\"},\"query-input\":{\"@type\":\"PropertyValueSpecification\",\"valueRequired\":true,\"valueName\":\"search_term_string\"}}],\"inLanguage\":\"en-GB\"},{\"@type\":\"Organization\",\"@id\":\"https:\/\/www.leitao-irmao.com\/#organization\",\"name\":\"Leit\u00e3o & Irm\u00e3o\",\"url\":\"https:\/\/www.leitao-irmao.com\/\",\"logo\":{\"@type\":\"ImageObject\",\"inLanguage\":\"en-GB\",\"@id\":\"https:\/\/www.leitao-irmao.com\/#\/schema\/logo\/image\/\",\"url\":\"https:\/\/www.leitao-irmao.com\/wp-content\/uploads\/2022\/11\/leitaoirmao-logo.png\",\"contentUrl\":\"https:\/\/www.leitao-irmao.com\/wp-content\/uploads\/2022\/11\/leitaoirmao-logo.png\",\"width\":426,\"height\":89,\"caption\":\"Leit\u00e3o & Irm\u00e3o\"},\"image\":{\"@id\":\"https:\/\/www.leitao-irmao.com\/#\/schema\/logo\/image\/\"}}]}<\/script>\n<!-- \/ Yoast SEO plugin. -->","yoast_head_json":{"title":"marcador de livro em prata","description":"Com um design redondo discreto, o Marcador de Livros em Prata da Leit\u00e3o & Irm\u00e3o \u00e9 a combina\u00e7\u00e3o perfeita de arte e utilidade.","robots":{"index":"index","follow":"follow","max-snippet":"max-snippet:-1","max-image-preview":"max-image-preview:large","max-video-preview":"max-video-preview:-1"},"canonical":"https:\/\/www.leitao-irmao.com\/en\/product\/marcador-de-livros-em-prata-clip-redondo\/","og_locale":"en_GB","og_type":"article","og_title":"marcador de livro em prata","og_description":"Com um design redondo discreto, o Marcador de Livros em Prata da Leit\u00e3o & Irm\u00e3o \u00e9 a combina\u00e7\u00e3o perfeita de arte e utilidade.","og_url":"https:\/\/www.leitao-irmao.com\/en\/product\/marcador-de-livros-em-prata-clip-redondo\/","og_site_name":"Leit\u00e3o &amp; Irm\u00e3o","article_modified_time":"2026-02-11T10:01:54+00:00","og_image":[{"width":1920,"height":1920,"url":"https:\/\/www.leitao-irmao.com\/wp-content\/uploads\/2023\/08\/0505081-ouro.jpg","type":"image\/jpeg"}],"twitter_card":"summary_large_image","twitter_misc":{"Estimated reading time":"1 minute"},"schema":{"@context":"https:\/\/schema.org","@graph":[{"@type":"WebPage","@id":"https:\/\/www.leitao-irmao.com\/product\/marcador-de-livros-em-prata-clip-redondo\/","url":"https:\/\/www.leitao-irmao.com\/product\/marcador-de-livros-em-prata-clip-redondo\/","name":"marcador de livro em prata","isPartOf":{"@id":"https:\/\/www.leitao-irmao.com\/#website"},"primaryImageOfPage":{"@id":"https:\/\/www.leitao-irmao.com\/product\/marcador-de-livros-em-prata-clip-redondo\/#primaryimage"},"image":{"@id":"https:\/\/www.leitao-irmao.com\/product\/marcador-de-livros-em-prata-clip-redondo\/#primaryimage"},"thumbnailUrl":"https:\/\/www.leitao-irmao.com\/wp-content\/uploads\/2023\/08\/0505081-ouro.jpg","datePublished":"2023-08-11T14:06:39+00:00","dateModified":"2026-02-11T10:01:54+00:00","description":"Com um design redondo discreto, o Marcador de Livros em Prata da Leit\u00e3o & Irm\u00e3o \u00e9 a combina\u00e7\u00e3o perfeita de arte e utilidade.","breadcrumb":{"@id":"https:\/\/www.leitao-irmao.com\/product\/marcador-de-livros-em-prata-clip-redondo\/#breadcrumb"},"inLanguage":"en-GB","potentialAction":[{"@type":"ReadAction","target":["https:\/\/www.leitao-irmao.com\/product\/marcador-de-livros-em-prata-clip-redondo\/"]}]},{"@type":"ImageObject","inLanguage":"en-GB","@id":"https:\/\/www.leitao-irmao.com\/product\/marcador-de-livros-em-prata-clip-redondo\/#primaryimage","url":"https:\/\/www.leitao-irmao.com\/wp-content\/uploads\/2023\/08\/0505081-ouro.jpg","contentUrl":"https:\/\/www.leitao-irmao.com\/wp-content\/uploads\/2023\/08\/0505081-ouro.jpg","width":1920,"height":1920,"caption":"Marcador de livros clip redondo em prata da Leit\u00e3o & Irm\u00e3o"},{"@type":"BreadcrumbList","@id":"https:\/\/www.leitao-irmao.com\/product\/marcador-de-livros-em-prata-clip-redondo\/#breadcrumb","itemListElement":[{"@type":"ListItem","position":1,"name":"Home","item":"https:\/\/www.leitao-irmao.com\/"},{"@type":"ListItem","position":2,"name":"Products","item":"https:\/\/www.leitao-irmao.com\/shop\/"},{"@type":"ListItem","position":3,"name":"Marcador de Livros em prata | Clip Redondo"}]},{"@type":"WebSite","@id":"https:\/\/www.leitao-irmao.com\/#website","url":"https:\/\/www.leitao-irmao.com\/","name":"Leit\u00e3o & Irm\u00e3o","description":"Joalheiros desde 1822","publisher":{"@id":"https:\/\/www.leitao-irmao.com\/#organization"},"potentialAction":[{"@type":"SearchAction","target":{"@type":"EntryPoint","urlTemplate":"https:\/\/www.leitao-irmao.com\/?s={search_term_string}"},"query-input":{"@type":"PropertyValueSpecification","valueRequired":true,"valueName":"search_term_string"}}],"inLanguage":"en-GB"},{"@type":"Organization","@id":"https:\/\/www.leitao-irmao.com\/#organization","name":"Leit\u00e3o & Irm\u00e3o","url":"https:\/\/www.leitao-irmao.com\/","logo":{"@type":"ImageObject","inLanguage":"en-GB","@id":"https:\/\/www.leitao-irmao.com\/#\/schema\/logo\/image\/","url":"https:\/\/www.leitao-irmao.com\/wp-content\/uploads\/2022\/11\/leitaoirmao-logo.png","contentUrl":"https:\/\/www.leitao-irmao.com\/wp-content\/uploads\/2022\/11\/leitaoirmao-logo.png","width":426,"height":89,"caption":"Leit\u00e3o & Irm\u00e3o"},"image":{"@id":"https:\/\/www.leitao-irmao.com\/#\/schema\/logo\/image\/"}}]}},"_links":{"self":[{"href":"https:\/\/www.leitao-irmao.com\/en\/wp-json\/wp\/v2\/product\/15816","targetHints":{"allow":["GET"]}}],"collection":[{"href":"https:\/\/www.leitao-irmao.com\/en\/wp-json\/wp\/v2\/product"}],"about":[{"href":"https:\/\/www.leitao-irmao.com\/en\/wp-json\/wp\/v2\/types\/product"}],"version-history":[{"count":2,"href":"https:\/\/www.leitao-irmao.com\/en\/wp-json\/wp\/v2\/product\/15816\/revisions"}],"predecessor-version":[{"id":34232,"href":"https:\/\/www.leitao-irmao.com\/en\/wp-json\/wp\/v2\/product\/15816\/revisions\/34232"}],"wp:featuredmedia":[{"embeddable":true,"href":"https:\/\/www.leitao-irmao.com\/en\/wp-json\/wp\/v2\/media\/25218"}],"wp:attachment":[{"href":"https:\/\/www.leitao-irmao.com\/en\/wp-json\/wp\/v2\/media?parent=15816"}],"wp:term":[{"taxonomy":"product_brand","embeddable":true,"href":"https:\/\/www.leitao-irmao.com\/en\/wp-json\/wp\/v2\/product_brand?post=15816"},{"taxonomy":"product_cat","embeddable":true,"href":"https:\/\/www.leitao-irmao.com\/en\/wp-json\/wp\/v2\/product_cat?post=15816"},{"taxonomy":"product_tag","embeddable":true,"href":"https:\/\/www.leitao-irmao.com\/en\/wp-json\/wp\/v2\/product_tag?post=15816"}],"curies":[{"name":"wp","href":"https:\/\/api.w.org\/{rel}","templated":true}]}}