{"id":15884,"date":"2023-08-14T16:05:43","date_gmt":"2023-08-14T16:05:43","guid":{"rendered":"https:\/\/www.leitao-irmao.com\/?post_type=product&#038;p=15884"},"modified":"2026-02-13T09:42:09","modified_gmt":"2026-02-13T09:42:09","slug":"cruz-rectangular-amendoada-ouro-amarelo","status":"publish","type":"product","link":"https:\/\/www.leitao-irmao.com\/en\/product\/cruz-rectangular-amendoada-ouro-amarelo\/","title":{"rendered":"Almond-shaped rectangular cross in gold"},"content":{"rendered":"","protected":false},"excerpt":{"rendered":"<p>The Rectangular Almond Cross in Yellow Gold is a piece that combines the classic shape of a cross with the softness of almond-shaped edges. Made from yellow gold, it is a meaningful and elegant choice.<\/p>","protected":false},"featured_media":15885,"template":"","meta":{"_acf_changed":false},"product_brand":[],"product_cat":[137,255,79,141,140,86,664,139],"product_tag":[434,277,278,271,279],"class_list":{"0":"post-15884","1":"product","2":"type-product","3":"status-publish","4":"has-post-thumbnail","6":"product_cat-batizados","7":"product_cat-cruzes-joalharia","8":"product_cat-joalharia","9":"product_cat-para-ela","10":"product_cat-para-ele","11":"product_cat-pendentes","12":"product_cat-presentes-para-a-primeira-comunhao","13":"product_cat-presentes-para-personalizar","14":"product_tag-crianca","15":"product_tag-homem","16":"product_tag-mulher","17":"product_tag-ouro","18":"product_tag-unissexo","20":"first","21":"instock","22":"shipping-taxable","23":"purchasable","24":"product-type-simple"},"acf":[],"yoast_head":"<!-- This site is optimized with the Yoast SEO plugin v25.4 - https:\/\/yoast.com\/wordpress\/plugins\/seo\/ -->\n<title>cruz em prata<\/title>\n<meta name=\"description\" content=\"A Cruz Retangular Amendoada em Ouro Amarelo \u00e9 uma pe\u00e7a que combina o formato cl\u00e1ssico da cruz com a suavidade das bordas amendoadas.\" \/>\n<meta name=\"robots\" content=\"index, follow, max-snippet:-1, max-image-preview:large, max-video-preview:-1\" \/>\n<link rel=\"canonical\" href=\"https:\/\/www.leitao-irmao.com\/en\/product\/cruz-rectangular-amendoada-ouro-amarelo\/\" \/>\n<meta property=\"og:locale\" content=\"en_GB\" \/>\n<meta property=\"og:type\" content=\"article\" \/>\n<meta property=\"og:title\" content=\"cruz em prata\" \/>\n<meta property=\"og:description\" content=\"A Cruz Retangular Amendoada em Ouro Amarelo \u00e9 uma pe\u00e7a que combina o formato cl\u00e1ssico da cruz com a suavidade das bordas amendoadas.\" \/>\n<meta property=\"og:url\" content=\"https:\/\/www.leitao-irmao.com\/en\/product\/cruz-rectangular-amendoada-ouro-amarelo\/\" \/>\n<meta property=\"og:site_name\" content=\"Leit\u00e3o &amp; Irm\u00e3o\" \/>\n<meta property=\"article:modified_time\" content=\"2026-02-13T09:42:09+00:00\" \/>\n<meta property=\"og:image\" content=\"https:\/\/www.leitao-irmao.com\/wp-content\/uploads\/2023\/08\/0222043-cruz-de-pescoco-em-ouro-amarelo.jpg\" \/>\n\t<meta property=\"og:image:width\" content=\"1080\" \/>\n\t<meta property=\"og:image:height\" content=\"1080\" \/>\n\t<meta property=\"og:image:type\" content=\"image\/jpeg\" \/>\n<meta name=\"twitter:card\" content=\"summary_large_image\" \/>\n<meta name=\"twitter:label1\" content=\"Estimated reading time\" \/>\n\t<meta name=\"twitter:data1\" content=\"1 minute\" \/>\n<script type=\"application\/ld+json\" class=\"yoast-schema-graph\">{\"@context\":\"https:\/\/schema.org\",\"@graph\":[{\"@type\":\"WebPage\",\"@id\":\"https:\/\/www.leitao-irmao.com\/product\/cruz-rectangular-amendoada-ouro-amarelo\/\",\"url\":\"https:\/\/www.leitao-irmao.com\/product\/cruz-rectangular-amendoada-ouro-amarelo\/\",\"name\":\"cruz em prata\",\"isPartOf\":{\"@id\":\"https:\/\/www.leitao-irmao.com\/#website\"},\"primaryImageOfPage\":{\"@id\":\"https:\/\/www.leitao-irmao.com\/product\/cruz-rectangular-amendoada-ouro-amarelo\/#primaryimage\"},\"image\":{\"@id\":\"https:\/\/www.leitao-irmao.com\/product\/cruz-rectangular-amendoada-ouro-amarelo\/#primaryimage\"},\"thumbnailUrl\":\"https:\/\/www.leitao-irmao.com\/wp-content\/uploads\/2023\/08\/0222043-cruz-de-pescoco-em-ouro-amarelo.jpg\",\"datePublished\":\"2023-08-14T16:05:43+00:00\",\"dateModified\":\"2026-02-13T09:42:09+00:00\",\"description\":\"A Cruz Retangular Amendoada em Ouro Amarelo \u00e9 uma pe\u00e7a que combina o formato cl\u00e1ssico da cruz com a suavidade das bordas amendoadas.\",\"breadcrumb\":{\"@id\":\"https:\/\/www.leitao-irmao.com\/product\/cruz-rectangular-amendoada-ouro-amarelo\/#breadcrumb\"},\"inLanguage\":\"en-GB\",\"potentialAction\":[{\"@type\":\"ReadAction\",\"target\":[\"https:\/\/www.leitao-irmao.com\/product\/cruz-rectangular-amendoada-ouro-amarelo\/\"]}]},{\"@type\":\"ImageObject\",\"inLanguage\":\"en-GB\",\"@id\":\"https:\/\/www.leitao-irmao.com\/product\/cruz-rectangular-amendoada-ouro-amarelo\/#primaryimage\",\"url\":\"https:\/\/www.leitao-irmao.com\/wp-content\/uploads\/2023\/08\/0222043-cruz-de-pescoco-em-ouro-amarelo.jpg\",\"contentUrl\":\"https:\/\/www.leitao-irmao.com\/wp-content\/uploads\/2023\/08\/0222043-cruz-de-pescoco-em-ouro-amarelo.jpg\",\"width\":1080,\"height\":1080},{\"@type\":\"BreadcrumbList\",\"@id\":\"https:\/\/www.leitao-irmao.com\/product\/cruz-rectangular-amendoada-ouro-amarelo\/#breadcrumb\",\"itemListElement\":[{\"@type\":\"ListItem\",\"position\":1,\"name\":\"Home\",\"item\":\"https:\/\/www.leitao-irmao.com\/\"},{\"@type\":\"ListItem\",\"position\":2,\"name\":\"Products\",\"item\":\"https:\/\/www.leitao-irmao.com\/shop\/\"},{\"@type\":\"ListItem\",\"position\":3,\"name\":\"Cruz Retangular Amendoada em ouro\"}]},{\"@type\":\"WebSite\",\"@id\":\"https:\/\/www.leitao-irmao.com\/#website\",\"url\":\"https:\/\/www.leitao-irmao.com\/\",\"name\":\"Leit\u00e3o & Irm\u00e3o\",\"description\":\"Joalheiros desde 1822\",\"publisher\":{\"@id\":\"https:\/\/www.leitao-irmao.com\/#organization\"},\"potentialAction\":[{\"@type\":\"SearchAction\",\"target\":{\"@type\":\"EntryPoint\",\"urlTemplate\":\"https:\/\/www.leitao-irmao.com\/?s={search_term_string}\"},\"query-input\":{\"@type\":\"PropertyValueSpecification\",\"valueRequired\":true,\"valueName\":\"search_term_string\"}}],\"inLanguage\":\"en-GB\"},{\"@type\":\"Organization\",\"@id\":\"https:\/\/www.leitao-irmao.com\/#organization\",\"name\":\"Leit\u00e3o & Irm\u00e3o\",\"url\":\"https:\/\/www.leitao-irmao.com\/\",\"logo\":{\"@type\":\"ImageObject\",\"inLanguage\":\"en-GB\",\"@id\":\"https:\/\/www.leitao-irmao.com\/#\/schema\/logo\/image\/\",\"url\":\"https:\/\/www.leitao-irmao.com\/wp-content\/uploads\/2022\/11\/leitaoirmao-logo.png\",\"contentUrl\":\"https:\/\/www.leitao-irmao.com\/wp-content\/uploads\/2022\/11\/leitaoirmao-logo.png\",\"width\":426,\"height\":89,\"caption\":\"Leit\u00e3o & Irm\u00e3o\"},\"image\":{\"@id\":\"https:\/\/www.leitao-irmao.com\/#\/schema\/logo\/image\/\"}}]}<\/script>\n<!-- \/ Yoast SEO plugin. -->","yoast_head_json":{"title":"cruz em prata","description":"A Cruz Retangular Amendoada em Ouro Amarelo \u00e9 uma pe\u00e7a que combina o formato cl\u00e1ssico da cruz com a suavidade das bordas amendoadas.","robots":{"index":"index","follow":"follow","max-snippet":"max-snippet:-1","max-image-preview":"max-image-preview:large","max-video-preview":"max-video-preview:-1"},"canonical":"https:\/\/www.leitao-irmao.com\/en\/product\/cruz-rectangular-amendoada-ouro-amarelo\/","og_locale":"en_GB","og_type":"article","og_title":"cruz em prata","og_description":"A Cruz Retangular Amendoada em Ouro Amarelo \u00e9 uma pe\u00e7a que combina o formato cl\u00e1ssico da cruz com a suavidade das bordas amendoadas.","og_url":"https:\/\/www.leitao-irmao.com\/en\/product\/cruz-rectangular-amendoada-ouro-amarelo\/","og_site_name":"Leit\u00e3o &amp; Irm\u00e3o","article_modified_time":"2026-02-13T09:42:09+00:00","og_image":[{"width":1080,"height":1080,"url":"https:\/\/www.leitao-irmao.com\/wp-content\/uploads\/2023\/08\/0222043-cruz-de-pescoco-em-ouro-amarelo.jpg","type":"image\/jpeg"}],"twitter_card":"summary_large_image","twitter_misc":{"Estimated reading time":"1 minute"},"schema":{"@context":"https:\/\/schema.org","@graph":[{"@type":"WebPage","@id":"https:\/\/www.leitao-irmao.com\/product\/cruz-rectangular-amendoada-ouro-amarelo\/","url":"https:\/\/www.leitao-irmao.com\/product\/cruz-rectangular-amendoada-ouro-amarelo\/","name":"cruz em prata","isPartOf":{"@id":"https:\/\/www.leitao-irmao.com\/#website"},"primaryImageOfPage":{"@id":"https:\/\/www.leitao-irmao.com\/product\/cruz-rectangular-amendoada-ouro-amarelo\/#primaryimage"},"image":{"@id":"https:\/\/www.leitao-irmao.com\/product\/cruz-rectangular-amendoada-ouro-amarelo\/#primaryimage"},"thumbnailUrl":"https:\/\/www.leitao-irmao.com\/wp-content\/uploads\/2023\/08\/0222043-cruz-de-pescoco-em-ouro-amarelo.jpg","datePublished":"2023-08-14T16:05:43+00:00","dateModified":"2026-02-13T09:42:09+00:00","description":"A Cruz Retangular Amendoada em Ouro Amarelo \u00e9 uma pe\u00e7a que combina o formato cl\u00e1ssico da cruz com a suavidade das bordas amendoadas.","breadcrumb":{"@id":"https:\/\/www.leitao-irmao.com\/product\/cruz-rectangular-amendoada-ouro-amarelo\/#breadcrumb"},"inLanguage":"en-GB","potentialAction":[{"@type":"ReadAction","target":["https:\/\/www.leitao-irmao.com\/product\/cruz-rectangular-amendoada-ouro-amarelo\/"]}]},{"@type":"ImageObject","inLanguage":"en-GB","@id":"https:\/\/www.leitao-irmao.com\/product\/cruz-rectangular-amendoada-ouro-amarelo\/#primaryimage","url":"https:\/\/www.leitao-irmao.com\/wp-content\/uploads\/2023\/08\/0222043-cruz-de-pescoco-em-ouro-amarelo.jpg","contentUrl":"https:\/\/www.leitao-irmao.com\/wp-content\/uploads\/2023\/08\/0222043-cruz-de-pescoco-em-ouro-amarelo.jpg","width":1080,"height":1080},{"@type":"BreadcrumbList","@id":"https:\/\/www.leitao-irmao.com\/product\/cruz-rectangular-amendoada-ouro-amarelo\/#breadcrumb","itemListElement":[{"@type":"ListItem","position":1,"name":"Home","item":"https:\/\/www.leitao-irmao.com\/"},{"@type":"ListItem","position":2,"name":"Products","item":"https:\/\/www.leitao-irmao.com\/shop\/"},{"@type":"ListItem","position":3,"name":"Cruz Retangular Amendoada em ouro"}]},{"@type":"WebSite","@id":"https:\/\/www.leitao-irmao.com\/#website","url":"https:\/\/www.leitao-irmao.com\/","name":"Leit\u00e3o & Irm\u00e3o","description":"Joalheiros desde 1822","publisher":{"@id":"https:\/\/www.leitao-irmao.com\/#organization"},"potentialAction":[{"@type":"SearchAction","target":{"@type":"EntryPoint","urlTemplate":"https:\/\/www.leitao-irmao.com\/?s={search_term_string}"},"query-input":{"@type":"PropertyValueSpecification","valueRequired":true,"valueName":"search_term_string"}}],"inLanguage":"en-GB"},{"@type":"Organization","@id":"https:\/\/www.leitao-irmao.com\/#organization","name":"Leit\u00e3o & Irm\u00e3o","url":"https:\/\/www.leitao-irmao.com\/","logo":{"@type":"ImageObject","inLanguage":"en-GB","@id":"https:\/\/www.leitao-irmao.com\/#\/schema\/logo\/image\/","url":"https:\/\/www.leitao-irmao.com\/wp-content\/uploads\/2022\/11\/leitaoirmao-logo.png","contentUrl":"https:\/\/www.leitao-irmao.com\/wp-content\/uploads\/2022\/11\/leitaoirmao-logo.png","width":426,"height":89,"caption":"Leit\u00e3o & Irm\u00e3o"},"image":{"@id":"https:\/\/www.leitao-irmao.com\/#\/schema\/logo\/image\/"}}]}},"_links":{"self":[{"href":"https:\/\/www.leitao-irmao.com\/en\/wp-json\/wp\/v2\/product\/15884","targetHints":{"allow":["GET"]}}],"collection":[{"href":"https:\/\/www.leitao-irmao.com\/en\/wp-json\/wp\/v2\/product"}],"about":[{"href":"https:\/\/www.leitao-irmao.com\/en\/wp-json\/wp\/v2\/types\/product"}],"version-history":[{"count":1,"href":"https:\/\/www.leitao-irmao.com\/en\/wp-json\/wp\/v2\/product\/15884\/revisions"}],"predecessor-version":[{"id":37039,"href":"https:\/\/www.leitao-irmao.com\/en\/wp-json\/wp\/v2\/product\/15884\/revisions\/37039"}],"wp:featuredmedia":[{"embeddable":true,"href":"https:\/\/www.leitao-irmao.com\/en\/wp-json\/wp\/v2\/media\/15885"}],"wp:attachment":[{"href":"https:\/\/www.leitao-irmao.com\/en\/wp-json\/wp\/v2\/media?parent=15884"}],"wp:term":[{"taxonomy":"product_brand","embeddable":true,"href":"https:\/\/www.leitao-irmao.com\/en\/wp-json\/wp\/v2\/product_brand?post=15884"},{"taxonomy":"product_cat","embeddable":true,"href":"https:\/\/www.leitao-irmao.com\/en\/wp-json\/wp\/v2\/product_cat?post=15884"},{"taxonomy":"product_tag","embeddable":true,"href":"https:\/\/www.leitao-irmao.com\/en\/wp-json\/wp\/v2\/product_tag?post=15884"}],"curies":[{"name":"wp","href":"https:\/\/api.w.org\/{rel}","templated":true}]}}