{"id":15910,"date":"2023-08-16T10:37:03","date_gmt":"2023-08-16T10:37:03","guid":{"rendered":"https:\/\/www.leitao-irmao.com\/?post_type=product&#038;p=15910"},"modified":"2026-04-30T17:33:03","modified_gmt":"2026-04-30T16:33:03","slug":"cordao-e-medalhao-em-ouro-florao","status":"publish","type":"product","link":"https:\/\/www.leitao-irmao.com\/en\/product\/cordao-e-medalhao-em-ouro-florao\/","title":{"rendered":"Gold cord and medallion | Fleuron"},"content":{"rendered":"","protected":false},"excerpt":{"rendered":"<p>The Portuguese Cord with Medium Medallion in Yellow Gold is a combination of tradition, elegance and symbolism. The piece combines the classic pattern of the Portuguese Cord with the shine and richness of yellow gold.<\/p>","protected":false},"featured_media":15913,"template":"","meta":{"_acf_changed":false},"product_brand":[],"product_cat":[84,244,79,128],"product_tag":[278,271],"class_list":{"0":"post-15910","1":"product","2":"type-product","3":"status-publish","4":"has-post-thumbnail","6":"product_cat-fios-e-colares-joalharia-portuguesa-leitao-irmao","7":"product_cat-florao","8":"product_cat-joalharia","9":"product_cat-presentes-acima-de-10000e","10":"product_tag-mulher","11":"product_tag-ouro","12":"pa_diametro-o-2-5-cm","13":"pa_diametro-o-3-5-cm","15":"first","16":"instock","17":"shipping-taxable","18":"purchasable","19":"product-type-variable"},"acf":[],"yoast_head":"<!-- This site is optimized with the Yoast SEO plugin v25.4 - https:\/\/yoast.com\/wordpress\/plugins\/seo\/ -->\n<title>Cord\u00e3o e medalh\u00e3o em ouro | Flor\u00e3o | Leit\u00e3o &amp; Irm\u00e3o<\/title>\n<meta name=\"description\" content=\"O Cord\u00e3o Portugu\u00eas com Medalh\u00e3o M\u00e9dio em Ouro Amarelo \u00e9 uma combina\u00e7\u00e3o de tradi\u00e7\u00e3o, eleg\u00e2ncia e simbolismo.\" \/>\n<meta name=\"robots\" content=\"index, follow, max-snippet:-1, max-image-preview:large, max-video-preview:-1\" \/>\n<link rel=\"canonical\" href=\"https:\/\/www.leitao-irmao.com\/en\/product\/cordao-e-medalhao-em-ouro-florao\/\" \/>\n<meta property=\"og:locale\" content=\"en_GB\" \/>\n<meta property=\"og:type\" content=\"article\" \/>\n<meta property=\"og:title\" content=\"Cord\u00e3o e medalh\u00e3o em ouro | Flor\u00e3o | Leit\u00e3o &amp; Irm\u00e3o\" \/>\n<meta property=\"og:description\" content=\"O Cord\u00e3o Portugu\u00eas com Medalh\u00e3o M\u00e9dio em Ouro Amarelo \u00e9 uma combina\u00e7\u00e3o de tradi\u00e7\u00e3o, eleg\u00e2ncia e simbolismo.\" \/>\n<meta property=\"og:url\" content=\"https:\/\/www.leitao-irmao.com\/en\/product\/cordao-e-medalhao-em-ouro-florao\/\" \/>\n<meta property=\"og:site_name\" content=\"Leit\u00e3o &amp; Irm\u00e3o\" \/>\n<meta property=\"article:modified_time\" content=\"2026-04-30T16:33:03+00:00\" \/>\n<meta property=\"og:image\" content=\"https:\/\/www.leitao-irmao.com\/wp-content\/uploads\/2023\/08\/0208190-Fio-e-Medalhao-Florao-em-Ouro-Amarelo.jpg\" \/>\n\t<meta property=\"og:image:width\" content=\"1030\" \/>\n\t<meta property=\"og:image:height\" content=\"1030\" \/>\n\t<meta property=\"og:image:type\" content=\"image\/jpeg\" \/>\n<meta name=\"twitter:card\" content=\"summary_large_image\" \/>\n<meta name=\"twitter:label1\" content=\"Estimated reading time\" \/>\n\t<meta name=\"twitter:data1\" content=\"1 minute\" \/>\n<script type=\"application\/ld+json\" class=\"yoast-schema-graph\">{\"@context\":\"https:\/\/schema.org\",\"@graph\":[{\"@type\":\"WebPage\",\"@id\":\"https:\/\/www.leitao-irmao.com\/product\/cordao-e-medalhao-em-ouro-florao\/\",\"url\":\"https:\/\/www.leitao-irmao.com\/product\/cordao-e-medalhao-em-ouro-florao\/\",\"name\":\"Cord\u00e3o e medalh\u00e3o em ouro | Flor\u00e3o | Leit\u00e3o &amp; Irm\u00e3o\",\"isPartOf\":{\"@id\":\"https:\/\/www.leitao-irmao.com\/#website\"},\"primaryImageOfPage\":{\"@id\":\"https:\/\/www.leitao-irmao.com\/product\/cordao-e-medalhao-em-ouro-florao\/#primaryimage\"},\"image\":{\"@id\":\"https:\/\/www.leitao-irmao.com\/product\/cordao-e-medalhao-em-ouro-florao\/#primaryimage\"},\"thumbnailUrl\":\"https:\/\/www.leitao-irmao.com\/wp-content\/uploads\/2023\/08\/0208190-Fio-e-Medalhao-Florao-em-Ouro-Amarelo.jpg\",\"datePublished\":\"2023-08-16T10:37:03+00:00\",\"dateModified\":\"2026-04-30T16:33:03+00:00\",\"description\":\"O Cord\u00e3o Portugu\u00eas com Medalh\u00e3o M\u00e9dio em Ouro Amarelo \u00e9 uma combina\u00e7\u00e3o de tradi\u00e7\u00e3o, eleg\u00e2ncia e simbolismo.\",\"breadcrumb\":{\"@id\":\"https:\/\/www.leitao-irmao.com\/product\/cordao-e-medalhao-em-ouro-florao\/#breadcrumb\"},\"inLanguage\":\"en-GB\",\"potentialAction\":[{\"@type\":\"ReadAction\",\"target\":[\"https:\/\/www.leitao-irmao.com\/product\/cordao-e-medalhao-em-ouro-florao\/\"]}]},{\"@type\":\"ImageObject\",\"inLanguage\":\"en-GB\",\"@id\":\"https:\/\/www.leitao-irmao.com\/product\/cordao-e-medalhao-em-ouro-florao\/#primaryimage\",\"url\":\"https:\/\/www.leitao-irmao.com\/wp-content\/uploads\/2023\/08\/0208190-Fio-e-Medalhao-Florao-em-Ouro-Amarelo.jpg\",\"contentUrl\":\"https:\/\/www.leitao-irmao.com\/wp-content\/uploads\/2023\/08\/0208190-Fio-e-Medalhao-Florao-em-Ouro-Amarelo.jpg\",\"width\":1030,\"height\":1030},{\"@type\":\"BreadcrumbList\",\"@id\":\"https:\/\/www.leitao-irmao.com\/product\/cordao-e-medalhao-em-ouro-florao\/#breadcrumb\",\"itemListElement\":[{\"@type\":\"ListItem\",\"position\":1,\"name\":\"Home\",\"item\":\"https:\/\/www.leitao-irmao.com\/\"},{\"@type\":\"ListItem\",\"position\":2,\"name\":\"Products\",\"item\":\"https:\/\/www.leitao-irmao.com\/shop\/\"},{\"@type\":\"ListItem\",\"position\":3,\"name\":\"Cord\u00e3o e medalh\u00e3o em ouro | Flor\u00e3o\"}]},{\"@type\":\"WebSite\",\"@id\":\"https:\/\/www.leitao-irmao.com\/#website\",\"url\":\"https:\/\/www.leitao-irmao.com\/\",\"name\":\"Leit\u00e3o & Irm\u00e3o\",\"description\":\"Joalheiros desde 1822\",\"publisher\":{\"@id\":\"https:\/\/www.leitao-irmao.com\/#organization\"},\"potentialAction\":[{\"@type\":\"SearchAction\",\"target\":{\"@type\":\"EntryPoint\",\"urlTemplate\":\"https:\/\/www.leitao-irmao.com\/?s={search_term_string}\"},\"query-input\":{\"@type\":\"PropertyValueSpecification\",\"valueRequired\":true,\"valueName\":\"search_term_string\"}}],\"inLanguage\":\"en-GB\"},{\"@type\":\"Organization\",\"@id\":\"https:\/\/www.leitao-irmao.com\/#organization\",\"name\":\"Leit\u00e3o & Irm\u00e3o\",\"url\":\"https:\/\/www.leitao-irmao.com\/\",\"logo\":{\"@type\":\"ImageObject\",\"inLanguage\":\"en-GB\",\"@id\":\"https:\/\/www.leitao-irmao.com\/#\/schema\/logo\/image\/\",\"url\":\"https:\/\/www.leitao-irmao.com\/wp-content\/uploads\/2022\/11\/leitaoirmao-logo.png\",\"contentUrl\":\"https:\/\/www.leitao-irmao.com\/wp-content\/uploads\/2022\/11\/leitaoirmao-logo.png\",\"width\":426,\"height\":89,\"caption\":\"Leit\u00e3o & Irm\u00e3o\"},\"image\":{\"@id\":\"https:\/\/www.leitao-irmao.com\/#\/schema\/logo\/image\/\"}}]}<\/script>\n<!-- \/ Yoast SEO plugin. -->","yoast_head_json":{"title":"Cord\u00e3o e medalh\u00e3o em ouro | Flor\u00e3o | Leit\u00e3o &amp; Irm\u00e3o","description":"O Cord\u00e3o Portugu\u00eas com Medalh\u00e3o M\u00e9dio em Ouro Amarelo \u00e9 uma combina\u00e7\u00e3o de tradi\u00e7\u00e3o, eleg\u00e2ncia e simbolismo.","robots":{"index":"index","follow":"follow","max-snippet":"max-snippet:-1","max-image-preview":"max-image-preview:large","max-video-preview":"max-video-preview:-1"},"canonical":"https:\/\/www.leitao-irmao.com\/en\/product\/cordao-e-medalhao-em-ouro-florao\/","og_locale":"en_GB","og_type":"article","og_title":"Cord\u00e3o e medalh\u00e3o em ouro | Flor\u00e3o | Leit\u00e3o &amp; Irm\u00e3o","og_description":"O Cord\u00e3o Portugu\u00eas com Medalh\u00e3o M\u00e9dio em Ouro Amarelo \u00e9 uma combina\u00e7\u00e3o de tradi\u00e7\u00e3o, eleg\u00e2ncia e simbolismo.","og_url":"https:\/\/www.leitao-irmao.com\/en\/product\/cordao-e-medalhao-em-ouro-florao\/","og_site_name":"Leit\u00e3o &amp; Irm\u00e3o","article_modified_time":"2026-04-30T16:33:03+00:00","og_image":[{"width":1030,"height":1030,"url":"https:\/\/www.leitao-irmao.com\/wp-content\/uploads\/2023\/08\/0208190-Fio-e-Medalhao-Florao-em-Ouro-Amarelo.jpg","type":"image\/jpeg"}],"twitter_card":"summary_large_image","twitter_misc":{"Estimated reading time":"1 minute"},"schema":{"@context":"https:\/\/schema.org","@graph":[{"@type":"WebPage","@id":"https:\/\/www.leitao-irmao.com\/product\/cordao-e-medalhao-em-ouro-florao\/","url":"https:\/\/www.leitao-irmao.com\/product\/cordao-e-medalhao-em-ouro-florao\/","name":"Cord\u00e3o e medalh\u00e3o em ouro | Flor\u00e3o | Leit\u00e3o &amp; Irm\u00e3o","isPartOf":{"@id":"https:\/\/www.leitao-irmao.com\/#website"},"primaryImageOfPage":{"@id":"https:\/\/www.leitao-irmao.com\/product\/cordao-e-medalhao-em-ouro-florao\/#primaryimage"},"image":{"@id":"https:\/\/www.leitao-irmao.com\/product\/cordao-e-medalhao-em-ouro-florao\/#primaryimage"},"thumbnailUrl":"https:\/\/www.leitao-irmao.com\/wp-content\/uploads\/2023\/08\/0208190-Fio-e-Medalhao-Florao-em-Ouro-Amarelo.jpg","datePublished":"2023-08-16T10:37:03+00:00","dateModified":"2026-04-30T16:33:03+00:00","description":"O Cord\u00e3o Portugu\u00eas com Medalh\u00e3o M\u00e9dio em Ouro Amarelo \u00e9 uma combina\u00e7\u00e3o de tradi\u00e7\u00e3o, eleg\u00e2ncia e simbolismo.","breadcrumb":{"@id":"https:\/\/www.leitao-irmao.com\/product\/cordao-e-medalhao-em-ouro-florao\/#breadcrumb"},"inLanguage":"en-GB","potentialAction":[{"@type":"ReadAction","target":["https:\/\/www.leitao-irmao.com\/product\/cordao-e-medalhao-em-ouro-florao\/"]}]},{"@type":"ImageObject","inLanguage":"en-GB","@id":"https:\/\/www.leitao-irmao.com\/product\/cordao-e-medalhao-em-ouro-florao\/#primaryimage","url":"https:\/\/www.leitao-irmao.com\/wp-content\/uploads\/2023\/08\/0208190-Fio-e-Medalhao-Florao-em-Ouro-Amarelo.jpg","contentUrl":"https:\/\/www.leitao-irmao.com\/wp-content\/uploads\/2023\/08\/0208190-Fio-e-Medalhao-Florao-em-Ouro-Amarelo.jpg","width":1030,"height":1030},{"@type":"BreadcrumbList","@id":"https:\/\/www.leitao-irmao.com\/product\/cordao-e-medalhao-em-ouro-florao\/#breadcrumb","itemListElement":[{"@type":"ListItem","position":1,"name":"Home","item":"https:\/\/www.leitao-irmao.com\/"},{"@type":"ListItem","position":2,"name":"Products","item":"https:\/\/www.leitao-irmao.com\/shop\/"},{"@type":"ListItem","position":3,"name":"Cord\u00e3o e medalh\u00e3o em ouro | Flor\u00e3o"}]},{"@type":"WebSite","@id":"https:\/\/www.leitao-irmao.com\/#website","url":"https:\/\/www.leitao-irmao.com\/","name":"Leit\u00e3o & Irm\u00e3o","description":"Joalheiros desde 1822","publisher":{"@id":"https:\/\/www.leitao-irmao.com\/#organization"},"potentialAction":[{"@type":"SearchAction","target":{"@type":"EntryPoint","urlTemplate":"https:\/\/www.leitao-irmao.com\/?s={search_term_string}"},"query-input":{"@type":"PropertyValueSpecification","valueRequired":true,"valueName":"search_term_string"}}],"inLanguage":"en-GB"},{"@type":"Organization","@id":"https:\/\/www.leitao-irmao.com\/#organization","name":"Leit\u00e3o & Irm\u00e3o","url":"https:\/\/www.leitao-irmao.com\/","logo":{"@type":"ImageObject","inLanguage":"en-GB","@id":"https:\/\/www.leitao-irmao.com\/#\/schema\/logo\/image\/","url":"https:\/\/www.leitao-irmao.com\/wp-content\/uploads\/2022\/11\/leitaoirmao-logo.png","contentUrl":"https:\/\/www.leitao-irmao.com\/wp-content\/uploads\/2022\/11\/leitaoirmao-logo.png","width":426,"height":89,"caption":"Leit\u00e3o & Irm\u00e3o"},"image":{"@id":"https:\/\/www.leitao-irmao.com\/#\/schema\/logo\/image\/"}}]}},"_links":{"self":[{"href":"https:\/\/www.leitao-irmao.com\/en\/wp-json\/wp\/v2\/product\/15910","targetHints":{"allow":["GET"]}}],"collection":[{"href":"https:\/\/www.leitao-irmao.com\/en\/wp-json\/wp\/v2\/product"}],"about":[{"href":"https:\/\/www.leitao-irmao.com\/en\/wp-json\/wp\/v2\/types\/product"}],"version-history":[{"count":1,"href":"https:\/\/www.leitao-irmao.com\/en\/wp-json\/wp\/v2\/product\/15910\/revisions"}],"predecessor-version":[{"id":37566,"href":"https:\/\/www.leitao-irmao.com\/en\/wp-json\/wp\/v2\/product\/15910\/revisions\/37566"}],"wp:featuredmedia":[{"embeddable":true,"href":"https:\/\/www.leitao-irmao.com\/en\/wp-json\/wp\/v2\/media\/15913"}],"wp:attachment":[{"href":"https:\/\/www.leitao-irmao.com\/en\/wp-json\/wp\/v2\/media?parent=15910"}],"wp:term":[{"taxonomy":"product_brand","embeddable":true,"href":"https:\/\/www.leitao-irmao.com\/en\/wp-json\/wp\/v2\/product_brand?post=15910"},{"taxonomy":"product_cat","embeddable":true,"href":"https:\/\/www.leitao-irmao.com\/en\/wp-json\/wp\/v2\/product_cat?post=15910"},{"taxonomy":"product_tag","embeddable":true,"href":"https:\/\/www.leitao-irmao.com\/en\/wp-json\/wp\/v2\/product_tag?post=15910"}],"curies":[{"name":"wp","href":"https:\/\/api.w.org\/{rel}","templated":true}]}}