{"id":15959,"date":"2023-08-16T14:31:16","date_gmt":"2023-08-16T14:31:16","guid":{"rendered":"https:\/\/www.leitao-irmao.com\/?post_type=product&#038;p=15959"},"modified":"2026-04-30T16:56:34","modified_gmt":"2026-04-30T15:56:34","slug":"brincos-em-ouro-branco-e-diamante-princess","status":"publish","type":"product","link":"https:\/\/www.leitao-irmao.com\/en\/product\/brincos-em-ouro-branco-e-diamante-princess\/","title":{"rendered":"White gold and diamond earrings | Princess"},"content":{"rendered":"","protected":false},"excerpt":{"rendered":"<p><span data-sheets-value=\"{&quot;1&quot;:2,&quot;2&quot;:&quot;Com 2 diamantes de corte Princess, os brincos da cole\u00e7\u00e3o Princess s\u00e3o um Best seller da Leit\u00e3o &amp; Irm\u00e3o, uma pe\u00e7a moderna com muito brilho mas ao mesmo tempo minimalista. &quot;}\" data-sheets-userformat=\"{&quot;2&quot;:15297,&quot;3&quot;:{&quot;1&quot;:0},&quot;9&quot;:1,&quot;10&quot;:1,&quot;11&quot;:4,&quot;12&quot;:0,&quot;14&quot;:{&quot;1&quot;:2,&quot;2&quot;:2171169},&quot;15&quot;:&quot;Arial&quot;,&quot;16&quot;:10}\">With 2 Princess-cut diamonds, the earrings from the Princess collection are a Leit\u00e3o &amp; Irm\u00e3o best seller, a modern piece with lots of sparkle but minimalist at the same time. <\/span><\/p>","protected":false},"featured_media":15961,"template":"","meta":{"_acf_changed":false},"product_brand":[],"product_cat":[83,79,126,252],"product_tag":[275,278,272],"class_list":{"0":"post-15959","1":"product","2":"type-product","3":"status-publish","4":"has-post-thumbnail","6":"product_cat-brincos-joalharia-portuguesa","7":"product_cat-joalharia","8":"product_cat-presentes-entre-2500e-a-5000e","9":"product_cat-princess","10":"product_tag-diamantes","11":"product_tag-mulher","12":"product_tag-ouro-branco","14":"first","15":"instock","16":"shipping-taxable","17":"purchasable","18":"product-type-simple"},"acf":[],"yoast_head":"<!-- This site is optimized with the Yoast SEO plugin v25.4 - https:\/\/yoast.com\/wordpress\/plugins\/seo\/ -->\n<title>brincos em ouro branco e diamante<\/title>\n<meta name=\"description\" content=\"Com 2 diamantes de corte Princess, os brincos da cole\u00e7\u00e3o Princess s\u00e3o um Best seller da Leit\u00e3o &amp; Irm\u00e3o, uma pe\u00e7a moderna com muito brilho.\" \/>\n<meta name=\"robots\" content=\"index, follow, max-snippet:-1, max-image-preview:large, max-video-preview:-1\" \/>\n<link rel=\"canonical\" href=\"https:\/\/www.leitao-irmao.com\/en\/product\/brincos-em-ouro-branco-e-diamante-princess\/\" \/>\n<meta property=\"og:locale\" content=\"en_GB\" \/>\n<meta property=\"og:type\" content=\"article\" \/>\n<meta property=\"og:title\" content=\"brincos em ouro branco e diamante\" \/>\n<meta property=\"og:description\" content=\"Com 2 diamantes de corte Princess, os brincos da cole\u00e7\u00e3o Princess s\u00e3o um Best seller da Leit\u00e3o &amp; Irm\u00e3o, uma pe\u00e7a moderna com muito brilho.\" \/>\n<meta property=\"og:url\" content=\"https:\/\/www.leitao-irmao.com\/en\/product\/brincos-em-ouro-branco-e-diamante-princess\/\" \/>\n<meta property=\"og:site_name\" content=\"Leit\u00e3o &amp; Irm\u00e3o\" \/>\n<meta property=\"article:modified_time\" content=\"2026-04-30T15:56:34+00:00\" \/>\n<meta property=\"og:image\" content=\"https:\/\/www.leitao-irmao.com\/wp-content\/uploads\/2023\/08\/0210242.jpg\" \/>\n\t<meta property=\"og:image:width\" content=\"1080\" \/>\n\t<meta property=\"og:image:height\" content=\"1080\" \/>\n\t<meta property=\"og:image:type\" content=\"image\/jpeg\" \/>\n<meta name=\"twitter:card\" content=\"summary_large_image\" \/>\n<script type=\"application\/ld+json\" class=\"yoast-schema-graph\">{\"@context\":\"https:\/\/schema.org\",\"@graph\":[{\"@type\":\"WebPage\",\"@id\":\"https:\/\/www.leitao-irmao.com\/product\/brincos-em-ouro-branco-e-diamante-princess\/\",\"url\":\"https:\/\/www.leitao-irmao.com\/product\/brincos-em-ouro-branco-e-diamante-princess\/\",\"name\":\"brincos em ouro branco e diamante\",\"isPartOf\":{\"@id\":\"https:\/\/www.leitao-irmao.com\/#website\"},\"primaryImageOfPage\":{\"@id\":\"https:\/\/www.leitao-irmao.com\/product\/brincos-em-ouro-branco-e-diamante-princess\/#primaryimage\"},\"image\":{\"@id\":\"https:\/\/www.leitao-irmao.com\/product\/brincos-em-ouro-branco-e-diamante-princess\/#primaryimage\"},\"thumbnailUrl\":\"https:\/\/www.leitao-irmao.com\/wp-content\/uploads\/2023\/08\/0210242.jpg\",\"datePublished\":\"2023-08-16T14:31:16+00:00\",\"dateModified\":\"2026-04-30T15:56:34+00:00\",\"description\":\"Com 2 diamantes de corte Princess, os brincos da cole\u00e7\u00e3o Princess s\u00e3o um Best seller da Leit\u00e3o & Irm\u00e3o, uma pe\u00e7a moderna com muito brilho.\",\"breadcrumb\":{\"@id\":\"https:\/\/www.leitao-irmao.com\/product\/brincos-em-ouro-branco-e-diamante-princess\/#breadcrumb\"},\"inLanguage\":\"en-GB\",\"potentialAction\":[{\"@type\":\"ReadAction\",\"target\":[\"https:\/\/www.leitao-irmao.com\/product\/brincos-em-ouro-branco-e-diamante-princess\/\"]}]},{\"@type\":\"ImageObject\",\"inLanguage\":\"en-GB\",\"@id\":\"https:\/\/www.leitao-irmao.com\/product\/brincos-em-ouro-branco-e-diamante-princess\/#primaryimage\",\"url\":\"https:\/\/www.leitao-irmao.com\/wp-content\/uploads\/2023\/08\/0210242.jpg\",\"contentUrl\":\"https:\/\/www.leitao-irmao.com\/wp-content\/uploads\/2023\/08\/0210242.jpg\",\"width\":1080,\"height\":1080,\"caption\":\"brincos em ouro branco e diamante cole\u00e7\u00e3o princess da Leit\u00e3o & Irm\u00e3o\"},{\"@type\":\"BreadcrumbList\",\"@id\":\"https:\/\/www.leitao-irmao.com\/product\/brincos-em-ouro-branco-e-diamante-princess\/#breadcrumb\",\"itemListElement\":[{\"@type\":\"ListItem\",\"position\":1,\"name\":\"Home\",\"item\":\"https:\/\/www.leitao-irmao.com\/\"},{\"@type\":\"ListItem\",\"position\":2,\"name\":\"Products\",\"item\":\"https:\/\/www.leitao-irmao.com\/shop\/\"},{\"@type\":\"ListItem\",\"position\":3,\"name\":\"Brincos em ouro branco e diamante | Princess\"}]},{\"@type\":\"WebSite\",\"@id\":\"https:\/\/www.leitao-irmao.com\/#website\",\"url\":\"https:\/\/www.leitao-irmao.com\/\",\"name\":\"Leit\u00e3o & Irm\u00e3o\",\"description\":\"Joalheiros desde 1822\",\"publisher\":{\"@id\":\"https:\/\/www.leitao-irmao.com\/#organization\"},\"potentialAction\":[{\"@type\":\"SearchAction\",\"target\":{\"@type\":\"EntryPoint\",\"urlTemplate\":\"https:\/\/www.leitao-irmao.com\/?s={search_term_string}\"},\"query-input\":{\"@type\":\"PropertyValueSpecification\",\"valueRequired\":true,\"valueName\":\"search_term_string\"}}],\"inLanguage\":\"en-GB\"},{\"@type\":\"Organization\",\"@id\":\"https:\/\/www.leitao-irmao.com\/#organization\",\"name\":\"Leit\u00e3o & Irm\u00e3o\",\"url\":\"https:\/\/www.leitao-irmao.com\/\",\"logo\":{\"@type\":\"ImageObject\",\"inLanguage\":\"en-GB\",\"@id\":\"https:\/\/www.leitao-irmao.com\/#\/schema\/logo\/image\/\",\"url\":\"https:\/\/www.leitao-irmao.com\/wp-content\/uploads\/2022\/11\/leitaoirmao-logo.png\",\"contentUrl\":\"https:\/\/www.leitao-irmao.com\/wp-content\/uploads\/2022\/11\/leitaoirmao-logo.png\",\"width\":426,\"height\":89,\"caption\":\"Leit\u00e3o & Irm\u00e3o\"},\"image\":{\"@id\":\"https:\/\/www.leitao-irmao.com\/#\/schema\/logo\/image\/\"}}]}<\/script>\n<!-- \/ Yoast SEO plugin. -->","yoast_head_json":{"title":"brincos em ouro branco e diamante","description":"Com 2 diamantes de corte Princess, os brincos da cole\u00e7\u00e3o Princess s\u00e3o um Best seller da Leit\u00e3o & Irm\u00e3o, uma pe\u00e7a moderna com muito brilho.","robots":{"index":"index","follow":"follow","max-snippet":"max-snippet:-1","max-image-preview":"max-image-preview:large","max-video-preview":"max-video-preview:-1"},"canonical":"https:\/\/www.leitao-irmao.com\/en\/product\/brincos-em-ouro-branco-e-diamante-princess\/","og_locale":"en_GB","og_type":"article","og_title":"brincos em ouro branco e diamante","og_description":"Com 2 diamantes de corte Princess, os brincos da cole\u00e7\u00e3o Princess s\u00e3o um Best seller da Leit\u00e3o & Irm\u00e3o, uma pe\u00e7a moderna com muito brilho.","og_url":"https:\/\/www.leitao-irmao.com\/en\/product\/brincos-em-ouro-branco-e-diamante-princess\/","og_site_name":"Leit\u00e3o &amp; Irm\u00e3o","article_modified_time":"2026-04-30T15:56:34+00:00","og_image":[{"width":1080,"height":1080,"url":"https:\/\/www.leitao-irmao.com\/wp-content\/uploads\/2023\/08\/0210242.jpg","type":"image\/jpeg"}],"twitter_card":"summary_large_image","schema":{"@context":"https:\/\/schema.org","@graph":[{"@type":"WebPage","@id":"https:\/\/www.leitao-irmao.com\/product\/brincos-em-ouro-branco-e-diamante-princess\/","url":"https:\/\/www.leitao-irmao.com\/product\/brincos-em-ouro-branco-e-diamante-princess\/","name":"brincos em ouro branco e diamante","isPartOf":{"@id":"https:\/\/www.leitao-irmao.com\/#website"},"primaryImageOfPage":{"@id":"https:\/\/www.leitao-irmao.com\/product\/brincos-em-ouro-branco-e-diamante-princess\/#primaryimage"},"image":{"@id":"https:\/\/www.leitao-irmao.com\/product\/brincos-em-ouro-branco-e-diamante-princess\/#primaryimage"},"thumbnailUrl":"https:\/\/www.leitao-irmao.com\/wp-content\/uploads\/2023\/08\/0210242.jpg","datePublished":"2023-08-16T14:31:16+00:00","dateModified":"2026-04-30T15:56:34+00:00","description":"Com 2 diamantes de corte Princess, os brincos da cole\u00e7\u00e3o Princess s\u00e3o um Best seller da Leit\u00e3o & Irm\u00e3o, uma pe\u00e7a moderna com muito brilho.","breadcrumb":{"@id":"https:\/\/www.leitao-irmao.com\/product\/brincos-em-ouro-branco-e-diamante-princess\/#breadcrumb"},"inLanguage":"en-GB","potentialAction":[{"@type":"ReadAction","target":["https:\/\/www.leitao-irmao.com\/product\/brincos-em-ouro-branco-e-diamante-princess\/"]}]},{"@type":"ImageObject","inLanguage":"en-GB","@id":"https:\/\/www.leitao-irmao.com\/product\/brincos-em-ouro-branco-e-diamante-princess\/#primaryimage","url":"https:\/\/www.leitao-irmao.com\/wp-content\/uploads\/2023\/08\/0210242.jpg","contentUrl":"https:\/\/www.leitao-irmao.com\/wp-content\/uploads\/2023\/08\/0210242.jpg","width":1080,"height":1080,"caption":"brincos em ouro branco e diamante cole\u00e7\u00e3o princess da Leit\u00e3o & Irm\u00e3o"},{"@type":"BreadcrumbList","@id":"https:\/\/www.leitao-irmao.com\/product\/brincos-em-ouro-branco-e-diamante-princess\/#breadcrumb","itemListElement":[{"@type":"ListItem","position":1,"name":"Home","item":"https:\/\/www.leitao-irmao.com\/"},{"@type":"ListItem","position":2,"name":"Products","item":"https:\/\/www.leitao-irmao.com\/shop\/"},{"@type":"ListItem","position":3,"name":"Brincos em ouro branco e diamante | Princess"}]},{"@type":"WebSite","@id":"https:\/\/www.leitao-irmao.com\/#website","url":"https:\/\/www.leitao-irmao.com\/","name":"Leit\u00e3o & Irm\u00e3o","description":"Joalheiros desde 1822","publisher":{"@id":"https:\/\/www.leitao-irmao.com\/#organization"},"potentialAction":[{"@type":"SearchAction","target":{"@type":"EntryPoint","urlTemplate":"https:\/\/www.leitao-irmao.com\/?s={search_term_string}"},"query-input":{"@type":"PropertyValueSpecification","valueRequired":true,"valueName":"search_term_string"}}],"inLanguage":"en-GB"},{"@type":"Organization","@id":"https:\/\/www.leitao-irmao.com\/#organization","name":"Leit\u00e3o & Irm\u00e3o","url":"https:\/\/www.leitao-irmao.com\/","logo":{"@type":"ImageObject","inLanguage":"en-GB","@id":"https:\/\/www.leitao-irmao.com\/#\/schema\/logo\/image\/","url":"https:\/\/www.leitao-irmao.com\/wp-content\/uploads\/2022\/11\/leitaoirmao-logo.png","contentUrl":"https:\/\/www.leitao-irmao.com\/wp-content\/uploads\/2022\/11\/leitaoirmao-logo.png","width":426,"height":89,"caption":"Leit\u00e3o & Irm\u00e3o"},"image":{"@id":"https:\/\/www.leitao-irmao.com\/#\/schema\/logo\/image\/"}}]}},"_links":{"self":[{"href":"https:\/\/www.leitao-irmao.com\/en\/wp-json\/wp\/v2\/product\/15959","targetHints":{"allow":["GET"]}}],"collection":[{"href":"https:\/\/www.leitao-irmao.com\/en\/wp-json\/wp\/v2\/product"}],"about":[{"href":"https:\/\/www.leitao-irmao.com\/en\/wp-json\/wp\/v2\/types\/product"}],"version-history":[{"count":1,"href":"https:\/\/www.leitao-irmao.com\/en\/wp-json\/wp\/v2\/product\/15959\/revisions"}],"predecessor-version":[{"id":38123,"href":"https:\/\/www.leitao-irmao.com\/en\/wp-json\/wp\/v2\/product\/15959\/revisions\/38123"}],"wp:featuredmedia":[{"embeddable":true,"href":"https:\/\/www.leitao-irmao.com\/en\/wp-json\/wp\/v2\/media\/15961"}],"wp:attachment":[{"href":"https:\/\/www.leitao-irmao.com\/en\/wp-json\/wp\/v2\/media?parent=15959"}],"wp:term":[{"taxonomy":"product_brand","embeddable":true,"href":"https:\/\/www.leitao-irmao.com\/en\/wp-json\/wp\/v2\/product_brand?post=15959"},{"taxonomy":"product_cat","embeddable":true,"href":"https:\/\/www.leitao-irmao.com\/en\/wp-json\/wp\/v2\/product_cat?post=15959"},{"taxonomy":"product_tag","embeddable":true,"href":"https:\/\/www.leitao-irmao.com\/en\/wp-json\/wp\/v2\/product_tag?post=15959"}],"curies":[{"name":"wp","href":"https:\/\/api.w.org\/{rel}","templated":true}]}}