{"id":15981,"date":"2026-01-12T15:48:55","date_gmt":"2026-01-12T15:48:55","guid":{"rendered":"https:\/\/www.leitao-irmao.com\/?post_type=product&#038;p=15981"},"modified":"2026-02-04T15:56:57","modified_gmt":"2026-02-04T15:56:57","slug":"pendente-em-ouro-amarelo-com-esmeraldas-e-diamantes-fancy","status":"publish","type":"product","link":"https:\/\/www.leitao-irmao.com\/en\/product\/pendente-em-ouro-amarelo-com-esmeraldas-e-diamantes-fancy\/","title":{"rendered":"Gold pendant with emeralds and diamonds | Fancy"},"content":{"rendered":"","protected":false},"excerpt":{"rendered":"<p>Pendants from the Fancy Collection are an expression of style and versatility. Each pendant in this collection is designed with attention to detail and creativity. The Emerald colour brings the pendant to life, highlighting any look.<\/p>","protected":false},"featured_media":36285,"template":"","meta":{"_acf_changed":false},"product_brand":[],"product_cat":[84,132,247,79,141,127],"product_tag":[275,278,323,271,276],"class_list":{"0":"post-15981","1":"product","2":"type-product","3":"status-publish","4":"has-post-thumbnail","6":"product_cat-fios-e-colares-joalharia-portuguesa-leitao-irmao","7":"product_cat-dia-dos-namorados","8":"product_cat-fancy","9":"product_cat-joalharia","10":"product_cat-para-ela","11":"product_cat-presentes-entre-5000e-a-10000e","12":"product_tag-diamantes","13":"product_tag-mulher","14":"product_tag-novidades","15":"product_tag-ouro","16":"product_tag-pedras-coloridas","18":"first","19":"instock","20":"shipping-taxable","21":"purchasable","22":"product-type-simple"},"acf":[],"yoast_head":"<!-- This site is optimized with the Yoast SEO plugin v25.4 - https:\/\/yoast.com\/wordpress\/plugins\/seo\/ -->\n<title>pendente em ouro com esmeraldas e diamantes<\/title>\n<meta name=\"description\" content=\"Os Pendentes da Cole\u00e7\u00e3o Fancy s\u00e3o uma express\u00e3o de estilo e versatilidade, projetados com aten\u00e7\u00e3o aos detalhes e \u00e0 criatividade.\" \/>\n<meta name=\"robots\" content=\"index, follow, max-snippet:-1, max-image-preview:large, max-video-preview:-1\" \/>\n<link rel=\"canonical\" href=\"https:\/\/www.leitao-irmao.com\/en\/product\/pendente-em-ouro-amarelo-com-esmeraldas-e-diamantes-fancy\/\" \/>\n<meta property=\"og:locale\" content=\"en_GB\" \/>\n<meta property=\"og:type\" content=\"article\" \/>\n<meta property=\"og:title\" content=\"pendente em ouro com esmeraldas e diamantes\" \/>\n<meta property=\"og:description\" content=\"Os Pendentes da Cole\u00e7\u00e3o Fancy s\u00e3o uma express\u00e3o de estilo e versatilidade, projetados com aten\u00e7\u00e3o aos detalhes e \u00e0 criatividade.\" \/>\n<meta property=\"og:url\" content=\"https:\/\/www.leitao-irmao.com\/en\/product\/pendente-em-ouro-amarelo-com-esmeraldas-e-diamantes-fancy\/\" \/>\n<meta property=\"og:site_name\" content=\"Leit\u00e3o &amp; Irm\u00e3o\" \/>\n<meta property=\"article:modified_time\" content=\"2026-02-04T15:56:57+00:00\" \/>\n<meta property=\"og:image\" content=\"https:\/\/www.leitao-irmao.com\/wp-content\/uploads\/2023\/08\/0219040.jpg\" \/>\n\t<meta property=\"og:image:width\" content=\"1080\" \/>\n\t<meta property=\"og:image:height\" content=\"1350\" \/>\n\t<meta property=\"og:image:type\" content=\"image\/jpeg\" \/>\n<meta name=\"twitter:card\" content=\"summary_large_image\" \/>\n<meta name=\"twitter:label1\" content=\"Estimated reading time\" \/>\n\t<meta name=\"twitter:data1\" content=\"1 minute\" \/>\n<script type=\"application\/ld+json\" class=\"yoast-schema-graph\">{\"@context\":\"https:\/\/schema.org\",\"@graph\":[{\"@type\":\"WebPage\",\"@id\":\"https:\/\/www.leitao-irmao.com\/product\/pendente-em-ouro-amarelo-com-esmeraldas-e-diamantes-fancy\/\",\"url\":\"https:\/\/www.leitao-irmao.com\/product\/pendente-em-ouro-amarelo-com-esmeraldas-e-diamantes-fancy\/\",\"name\":\"pendente em ouro com esmeraldas e diamantes\",\"isPartOf\":{\"@id\":\"https:\/\/www.leitao-irmao.com\/#website\"},\"primaryImageOfPage\":{\"@id\":\"https:\/\/www.leitao-irmao.com\/product\/pendente-em-ouro-amarelo-com-esmeraldas-e-diamantes-fancy\/#primaryimage\"},\"image\":{\"@id\":\"https:\/\/www.leitao-irmao.com\/product\/pendente-em-ouro-amarelo-com-esmeraldas-e-diamantes-fancy\/#primaryimage\"},\"thumbnailUrl\":\"https:\/\/www.leitao-irmao.com\/wp-content\/uploads\/2023\/08\/0219040.jpg\",\"datePublished\":\"2026-01-12T15:48:55+00:00\",\"dateModified\":\"2026-02-04T15:56:57+00:00\",\"description\":\"Os Pendentes da Cole\u00e7\u00e3o Fancy s\u00e3o uma express\u00e3o de estilo e versatilidade, projetados com aten\u00e7\u00e3o aos detalhes e \u00e0 criatividade.\",\"breadcrumb\":{\"@id\":\"https:\/\/www.leitao-irmao.com\/product\/pendente-em-ouro-amarelo-com-esmeraldas-e-diamantes-fancy\/#breadcrumb\"},\"inLanguage\":\"en-GB\",\"potentialAction\":[{\"@type\":\"ReadAction\",\"target\":[\"https:\/\/www.leitao-irmao.com\/product\/pendente-em-ouro-amarelo-com-esmeraldas-e-diamantes-fancy\/\"]}]},{\"@type\":\"ImageObject\",\"inLanguage\":\"en-GB\",\"@id\":\"https:\/\/www.leitao-irmao.com\/product\/pendente-em-ouro-amarelo-com-esmeraldas-e-diamantes-fancy\/#primaryimage\",\"url\":\"https:\/\/www.leitao-irmao.com\/wp-content\/uploads\/2023\/08\/0219040.jpg\",\"contentUrl\":\"https:\/\/www.leitao-irmao.com\/wp-content\/uploads\/2023\/08\/0219040.jpg\",\"width\":1080,\"height\":1350},{\"@type\":\"BreadcrumbList\",\"@id\":\"https:\/\/www.leitao-irmao.com\/product\/pendente-em-ouro-amarelo-com-esmeraldas-e-diamantes-fancy\/#breadcrumb\",\"itemListElement\":[{\"@type\":\"ListItem\",\"position\":1,\"name\":\"Home\",\"item\":\"https:\/\/www.leitao-irmao.com\/\"},{\"@type\":\"ListItem\",\"position\":2,\"name\":\"Products\",\"item\":\"https:\/\/www.leitao-irmao.com\/shop\/\"},{\"@type\":\"ListItem\",\"position\":3,\"name\":\"Pendente em ouro com esmeraldas e diamantes | Fancy\"}]},{\"@type\":\"WebSite\",\"@id\":\"https:\/\/www.leitao-irmao.com\/#website\",\"url\":\"https:\/\/www.leitao-irmao.com\/\",\"name\":\"Leit\u00e3o & Irm\u00e3o\",\"description\":\"Joalheiros desde 1822\",\"publisher\":{\"@id\":\"https:\/\/www.leitao-irmao.com\/#organization\"},\"potentialAction\":[{\"@type\":\"SearchAction\",\"target\":{\"@type\":\"EntryPoint\",\"urlTemplate\":\"https:\/\/www.leitao-irmao.com\/?s={search_term_string}\"},\"query-input\":{\"@type\":\"PropertyValueSpecification\",\"valueRequired\":true,\"valueName\":\"search_term_string\"}}],\"inLanguage\":\"en-GB\"},{\"@type\":\"Organization\",\"@id\":\"https:\/\/www.leitao-irmao.com\/#organization\",\"name\":\"Leit\u00e3o & Irm\u00e3o\",\"url\":\"https:\/\/www.leitao-irmao.com\/\",\"logo\":{\"@type\":\"ImageObject\",\"inLanguage\":\"en-GB\",\"@id\":\"https:\/\/www.leitao-irmao.com\/#\/schema\/logo\/image\/\",\"url\":\"https:\/\/www.leitao-irmao.com\/wp-content\/uploads\/2022\/11\/leitaoirmao-logo.png\",\"contentUrl\":\"https:\/\/www.leitao-irmao.com\/wp-content\/uploads\/2022\/11\/leitaoirmao-logo.png\",\"width\":426,\"height\":89,\"caption\":\"Leit\u00e3o & Irm\u00e3o\"},\"image\":{\"@id\":\"https:\/\/www.leitao-irmao.com\/#\/schema\/logo\/image\/\"}}]}<\/script>\n<!-- \/ Yoast SEO plugin. -->","yoast_head_json":{"title":"pendente em ouro com esmeraldas e diamantes","description":"Os Pendentes da Cole\u00e7\u00e3o Fancy s\u00e3o uma express\u00e3o de estilo e versatilidade, projetados com aten\u00e7\u00e3o aos detalhes e \u00e0 criatividade.","robots":{"index":"index","follow":"follow","max-snippet":"max-snippet:-1","max-image-preview":"max-image-preview:large","max-video-preview":"max-video-preview:-1"},"canonical":"https:\/\/www.leitao-irmao.com\/en\/product\/pendente-em-ouro-amarelo-com-esmeraldas-e-diamantes-fancy\/","og_locale":"en_GB","og_type":"article","og_title":"pendente em ouro com esmeraldas e diamantes","og_description":"Os Pendentes da Cole\u00e7\u00e3o Fancy s\u00e3o uma express\u00e3o de estilo e versatilidade, projetados com aten\u00e7\u00e3o aos detalhes e \u00e0 criatividade.","og_url":"https:\/\/www.leitao-irmao.com\/en\/product\/pendente-em-ouro-amarelo-com-esmeraldas-e-diamantes-fancy\/","og_site_name":"Leit\u00e3o &amp; Irm\u00e3o","article_modified_time":"2026-02-04T15:56:57+00:00","og_image":[{"width":1080,"height":1350,"url":"https:\/\/www.leitao-irmao.com\/wp-content\/uploads\/2023\/08\/0219040.jpg","type":"image\/jpeg"}],"twitter_card":"summary_large_image","twitter_misc":{"Estimated reading time":"1 minute"},"schema":{"@context":"https:\/\/schema.org","@graph":[{"@type":"WebPage","@id":"https:\/\/www.leitao-irmao.com\/product\/pendente-em-ouro-amarelo-com-esmeraldas-e-diamantes-fancy\/","url":"https:\/\/www.leitao-irmao.com\/product\/pendente-em-ouro-amarelo-com-esmeraldas-e-diamantes-fancy\/","name":"pendente em ouro com esmeraldas e diamantes","isPartOf":{"@id":"https:\/\/www.leitao-irmao.com\/#website"},"primaryImageOfPage":{"@id":"https:\/\/www.leitao-irmao.com\/product\/pendente-em-ouro-amarelo-com-esmeraldas-e-diamantes-fancy\/#primaryimage"},"image":{"@id":"https:\/\/www.leitao-irmao.com\/product\/pendente-em-ouro-amarelo-com-esmeraldas-e-diamantes-fancy\/#primaryimage"},"thumbnailUrl":"https:\/\/www.leitao-irmao.com\/wp-content\/uploads\/2023\/08\/0219040.jpg","datePublished":"2026-01-12T15:48:55+00:00","dateModified":"2026-02-04T15:56:57+00:00","description":"Os Pendentes da Cole\u00e7\u00e3o Fancy s\u00e3o uma express\u00e3o de estilo e versatilidade, projetados com aten\u00e7\u00e3o aos detalhes e \u00e0 criatividade.","breadcrumb":{"@id":"https:\/\/www.leitao-irmao.com\/product\/pendente-em-ouro-amarelo-com-esmeraldas-e-diamantes-fancy\/#breadcrumb"},"inLanguage":"en-GB","potentialAction":[{"@type":"ReadAction","target":["https:\/\/www.leitao-irmao.com\/product\/pendente-em-ouro-amarelo-com-esmeraldas-e-diamantes-fancy\/"]}]},{"@type":"ImageObject","inLanguage":"en-GB","@id":"https:\/\/www.leitao-irmao.com\/product\/pendente-em-ouro-amarelo-com-esmeraldas-e-diamantes-fancy\/#primaryimage","url":"https:\/\/www.leitao-irmao.com\/wp-content\/uploads\/2023\/08\/0219040.jpg","contentUrl":"https:\/\/www.leitao-irmao.com\/wp-content\/uploads\/2023\/08\/0219040.jpg","width":1080,"height":1350},{"@type":"BreadcrumbList","@id":"https:\/\/www.leitao-irmao.com\/product\/pendente-em-ouro-amarelo-com-esmeraldas-e-diamantes-fancy\/#breadcrumb","itemListElement":[{"@type":"ListItem","position":1,"name":"Home","item":"https:\/\/www.leitao-irmao.com\/"},{"@type":"ListItem","position":2,"name":"Products","item":"https:\/\/www.leitao-irmao.com\/shop\/"},{"@type":"ListItem","position":3,"name":"Pendente em ouro com esmeraldas e diamantes | Fancy"}]},{"@type":"WebSite","@id":"https:\/\/www.leitao-irmao.com\/#website","url":"https:\/\/www.leitao-irmao.com\/","name":"Leit\u00e3o & Irm\u00e3o","description":"Joalheiros desde 1822","publisher":{"@id":"https:\/\/www.leitao-irmao.com\/#organization"},"potentialAction":[{"@type":"SearchAction","target":{"@type":"EntryPoint","urlTemplate":"https:\/\/www.leitao-irmao.com\/?s={search_term_string}"},"query-input":{"@type":"PropertyValueSpecification","valueRequired":true,"valueName":"search_term_string"}}],"inLanguage":"en-GB"},{"@type":"Organization","@id":"https:\/\/www.leitao-irmao.com\/#organization","name":"Leit\u00e3o & Irm\u00e3o","url":"https:\/\/www.leitao-irmao.com\/","logo":{"@type":"ImageObject","inLanguage":"en-GB","@id":"https:\/\/www.leitao-irmao.com\/#\/schema\/logo\/image\/","url":"https:\/\/www.leitao-irmao.com\/wp-content\/uploads\/2022\/11\/leitaoirmao-logo.png","contentUrl":"https:\/\/www.leitao-irmao.com\/wp-content\/uploads\/2022\/11\/leitaoirmao-logo.png","width":426,"height":89,"caption":"Leit\u00e3o & Irm\u00e3o"},"image":{"@id":"https:\/\/www.leitao-irmao.com\/#\/schema\/logo\/image\/"}}]}},"_links":{"self":[{"href":"https:\/\/www.leitao-irmao.com\/en\/wp-json\/wp\/v2\/product\/15981","targetHints":{"allow":["GET"]}}],"collection":[{"href":"https:\/\/www.leitao-irmao.com\/en\/wp-json\/wp\/v2\/product"}],"about":[{"href":"https:\/\/www.leitao-irmao.com\/en\/wp-json\/wp\/v2\/types\/product"}],"version-history":[{"count":3,"href":"https:\/\/www.leitao-irmao.com\/en\/wp-json\/wp\/v2\/product\/15981\/revisions"}],"predecessor-version":[{"id":36290,"href":"https:\/\/www.leitao-irmao.com\/en\/wp-json\/wp\/v2\/product\/15981\/revisions\/36290"}],"wp:featuredmedia":[{"embeddable":true,"href":"https:\/\/www.leitao-irmao.com\/en\/wp-json\/wp\/v2\/media\/36285"}],"wp:attachment":[{"href":"https:\/\/www.leitao-irmao.com\/en\/wp-json\/wp\/v2\/media?parent=15981"}],"wp:term":[{"taxonomy":"product_brand","embeddable":true,"href":"https:\/\/www.leitao-irmao.com\/en\/wp-json\/wp\/v2\/product_brand?post=15981"},{"taxonomy":"product_cat","embeddable":true,"href":"https:\/\/www.leitao-irmao.com\/en\/wp-json\/wp\/v2\/product_cat?post=15981"},{"taxonomy":"product_tag","embeddable":true,"href":"https:\/\/www.leitao-irmao.com\/en\/wp-json\/wp\/v2\/product_tag?post=15981"}],"curies":[{"name":"wp","href":"https:\/\/api.w.org\/{rel}","templated":true}]}}