{"id":16164,"date":"2023-08-18T09:21:01","date_gmt":"2023-08-18T09:21:01","guid":{"rendered":"https:\/\/www.leitao-irmao.com\/?post_type=product&#038;p=16164"},"modified":"2025-04-15T09:11:22","modified_gmt":"2025-04-15T08:11:22","slug":"fio-e-pendente-em-ouro-amarelo-com-perola-e-diamante-akoya","status":"publish","type":"product","link":"https:\/\/www.leitao-irmao.com\/en\/product\/fio-e-pendente-em-ouro-amarelo-com-perola-e-diamante-akoya\/","title":{"rendered":"Gold chain and pendant with pearl and diamond | Akoya"},"content":{"rendered":"","protected":false},"excerpt":{"rendered":"<p>Yellow gold chain and pendant with pearl and diamond <span data-sheets-value=\"{&quot;1&quot;:2,&quot;2&quot;:&quot;Anel em ouro amarelo com p\u00e9rola e diamante | Akoya&quot;}\" data-sheets-userformat=\"{&quot;2&quot;:14845,&quot;3&quot;:{&quot;1&quot;:0,&quot;3&quot;:1},&quot;5&quot;:{&quot;1&quot;:[{&quot;1&quot;:2,&quot;2&quot;:0,&quot;5&quot;:{&quot;1&quot;:2,&quot;2&quot;:0}},{&quot;1&quot;:0,&quot;2&quot;:0,&quot;3&quot;:1},{&quot;1&quot;:1,&quot;2&quot;:0,&quot;4&quot;:1}]},&quot;6&quot;:{&quot;1&quot;:[{&quot;1&quot;:2,&quot;2&quot;:0,&quot;5&quot;:{&quot;1&quot;:2,&quot;2&quot;:0}},{&quot;1&quot;:0,&quot;2&quot;:0,&quot;3&quot;:1},{&quot;1&quot;:1,&quot;2&quot;:0,&quot;4&quot;:1}]},&quot;7&quot;:{&quot;1&quot;:[{&quot;1&quot;:2,&quot;2&quot;:0,&quot;5&quot;:{&quot;1&quot;:2,&quot;2&quot;:0}},{&quot;1&quot;:0,&quot;2&quot;:0,&quot;3&quot;:1},{&quot;1&quot;:1,&quot;2&quot;:0,&quot;4&quot;:1}]},&quot;8&quot;:{&quot;1&quot;:[{&quot;1&quot;:2,&quot;2&quot;:0,&quot;5&quot;:{&quot;1&quot;:2,&quot;2&quot;:0}},{&quot;1&quot;:0,&quot;2&quot;:0,&quot;3&quot;:1},{&quot;1&quot;:1,&quot;2&quot;:0,&quot;4&quot;:1}]},&quot;9&quot;:1,&quot;10&quot;:1,&quot;11&quot;:4,&quot;14&quot;:{&quot;1&quot;:2,&quot;2&quot;:2171169},&quot;15&quot;:&quot;Arial&quot;,&quot;16&quot;:10}\">from the Akoya collection<\/span> \u00e9 uma combina\u00e7\u00e3o de eleg\u00e2ncia cl\u00e1ssica e brilho refinado.<\/p>\n<p>Este colar incorpora a beleza natural das p\u00e9rolas juntamente com o brilho subtil dos diamantes, criando uma pe\u00e7a atemporal e sofisticada.<\/p>","protected":false},"featured_media":16165,"template":"","meta":{"_acf_changed":false},"product_brand":[],"product_cat":[84,79,245,125],"product_tag":[275,278,271,274],"class_list":{"0":"post-16164","1":"product","2":"type-product","3":"status-publish","4":"has-post-thumbnail","6":"product_cat-fios-e-colares-joalharia-portuguesa-leitao-irmao","7":"product_cat-joalharia","8":"product_cat-madonna-lily","9":"product_cat-presentes-entre-1000e-a-2500e","10":"product_tag-diamantes","11":"product_tag-mulher","12":"product_tag-ouro","13":"product_tag-perolas","15":"first","16":"outofstock","17":"shipping-taxable","18":"product-type-simple"},"acf":[],"yoast_head":"<!-- This site is optimized with the Yoast SEO plugin v25.4 - https:\/\/yoast.com\/wordpress\/plugins\/seo\/ -->\n<title>fio e pendente em ouro com p\u00e9rola e diamante<\/title>\n<meta name=\"description\" content=\"Fio e pendente em ouro amarelo com p\u00e9rola e diamante da cole\u00e7\u00e3o Akoya \u00e9 uma combina\u00e7\u00e3o de eleg\u00e2ncia cl\u00e1ssica e brilho refinado.\" \/>\n<meta name=\"robots\" content=\"index, follow, max-snippet:-1, max-image-preview:large, max-video-preview:-1\" \/>\n<link rel=\"canonical\" href=\"https:\/\/www.leitao-irmao.com\/en\/product\/fio-e-pendente-em-ouro-amarelo-com-perola-e-diamante-akoya\/\" \/>\n<meta property=\"og:locale\" content=\"en_GB\" \/>\n<meta property=\"og:type\" content=\"article\" \/>\n<meta property=\"og:title\" content=\"fio e pendente em ouro com p\u00e9rola e diamante\" \/>\n<meta property=\"og:description\" content=\"Fio e pendente em ouro amarelo com p\u00e9rola e diamante da cole\u00e7\u00e3o Akoya \u00e9 uma combina\u00e7\u00e3o de eleg\u00e2ncia cl\u00e1ssica e brilho refinado.\" \/>\n<meta property=\"og:url\" content=\"https:\/\/www.leitao-irmao.com\/en\/product\/fio-e-pendente-em-ouro-amarelo-com-perola-e-diamante-akoya\/\" \/>\n<meta property=\"og:site_name\" content=\"Leit\u00e3o &amp; Irm\u00e3o\" \/>\n<meta property=\"article:modified_time\" content=\"2025-04-15T08:11:22+00:00\" \/>\n<meta property=\"og:image\" content=\"https:\/\/www.leitao-irmao.com\/wp-content\/uploads\/2023\/08\/0208199-Fio-e-Pendente-Akoya-em-Ouro-Amarelo-com-Diamante-e-Perola.jpg\" \/>\n\t<meta property=\"og:image:width\" content=\"1030\" \/>\n\t<meta property=\"og:image:height\" content=\"1030\" \/>\n\t<meta property=\"og:image:type\" content=\"image\/jpeg\" \/>\n<meta name=\"twitter:card\" content=\"summary_large_image\" \/>\n<meta name=\"twitter:label1\" content=\"Estimated reading time\" \/>\n\t<meta name=\"twitter:data1\" content=\"1 minute\" \/>\n<script type=\"application\/ld+json\" class=\"yoast-schema-graph\">{\"@context\":\"https:\/\/schema.org\",\"@graph\":[{\"@type\":\"WebPage\",\"@id\":\"https:\/\/www.leitao-irmao.com\/product\/fio-e-pendente-em-ouro-amarelo-com-perola-e-diamante-akoya\/\",\"url\":\"https:\/\/www.leitao-irmao.com\/product\/fio-e-pendente-em-ouro-amarelo-com-perola-e-diamante-akoya\/\",\"name\":\"fio e pendente em ouro com p\u00e9rola e diamante\",\"isPartOf\":{\"@id\":\"https:\/\/www.leitao-irmao.com\/#website\"},\"primaryImageOfPage\":{\"@id\":\"https:\/\/www.leitao-irmao.com\/product\/fio-e-pendente-em-ouro-amarelo-com-perola-e-diamante-akoya\/#primaryimage\"},\"image\":{\"@id\":\"https:\/\/www.leitao-irmao.com\/product\/fio-e-pendente-em-ouro-amarelo-com-perola-e-diamante-akoya\/#primaryimage\"},\"thumbnailUrl\":\"https:\/\/www.leitao-irmao.com\/wp-content\/uploads\/2023\/08\/0208199-Fio-e-Pendente-Akoya-em-Ouro-Amarelo-com-Diamante-e-Perola.jpg\",\"datePublished\":\"2023-08-18T09:21:01+00:00\",\"dateModified\":\"2025-04-15T08:11:22+00:00\",\"description\":\"Fio e pendente em ouro amarelo com p\u00e9rola e diamante da cole\u00e7\u00e3o Akoya \u00e9 uma combina\u00e7\u00e3o de eleg\u00e2ncia cl\u00e1ssica e brilho refinado.\",\"breadcrumb\":{\"@id\":\"https:\/\/www.leitao-irmao.com\/product\/fio-e-pendente-em-ouro-amarelo-com-perola-e-diamante-akoya\/#breadcrumb\"},\"inLanguage\":\"en-GB\",\"potentialAction\":[{\"@type\":\"ReadAction\",\"target\":[\"https:\/\/www.leitao-irmao.com\/product\/fio-e-pendente-em-ouro-amarelo-com-perola-e-diamante-akoya\/\"]}]},{\"@type\":\"ImageObject\",\"inLanguage\":\"en-GB\",\"@id\":\"https:\/\/www.leitao-irmao.com\/product\/fio-e-pendente-em-ouro-amarelo-com-perola-e-diamante-akoya\/#primaryimage\",\"url\":\"https:\/\/www.leitao-irmao.com\/wp-content\/uploads\/2023\/08\/0208199-Fio-e-Pendente-Akoya-em-Ouro-Amarelo-com-Diamante-e-Perola.jpg\",\"contentUrl\":\"https:\/\/www.leitao-irmao.com\/wp-content\/uploads\/2023\/08\/0208199-Fio-e-Pendente-Akoya-em-Ouro-Amarelo-com-Diamante-e-Perola.jpg\",\"width\":1030,\"height\":1030,\"caption\":\"Colar Cole\u00e7\u00e3o Akoya\"},{\"@type\":\"BreadcrumbList\",\"@id\":\"https:\/\/www.leitao-irmao.com\/product\/fio-e-pendente-em-ouro-amarelo-com-perola-e-diamante-akoya\/#breadcrumb\",\"itemListElement\":[{\"@type\":\"ListItem\",\"position\":1,\"name\":\"Home\",\"item\":\"https:\/\/www.leitao-irmao.com\/\"},{\"@type\":\"ListItem\",\"position\":2,\"name\":\"Products\",\"item\":\"https:\/\/www.leitao-irmao.com\/shop\/\"},{\"@type\":\"ListItem\",\"position\":3,\"name\":\"Fio e Pendente em ouro com p\u00e9rola e diamante | Akoya\"}]},{\"@type\":\"WebSite\",\"@id\":\"https:\/\/www.leitao-irmao.com\/#website\",\"url\":\"https:\/\/www.leitao-irmao.com\/\",\"name\":\"Leit\u00e3o & Irm\u00e3o\",\"description\":\"Joalheiros desde 1822\",\"publisher\":{\"@id\":\"https:\/\/www.leitao-irmao.com\/#organization\"},\"potentialAction\":[{\"@type\":\"SearchAction\",\"target\":{\"@type\":\"EntryPoint\",\"urlTemplate\":\"https:\/\/www.leitao-irmao.com\/?s={search_term_string}\"},\"query-input\":{\"@type\":\"PropertyValueSpecification\",\"valueRequired\":true,\"valueName\":\"search_term_string\"}}],\"inLanguage\":\"en-GB\"},{\"@type\":\"Organization\",\"@id\":\"https:\/\/www.leitao-irmao.com\/#organization\",\"name\":\"Leit\u00e3o & Irm\u00e3o\",\"url\":\"https:\/\/www.leitao-irmao.com\/\",\"logo\":{\"@type\":\"ImageObject\",\"inLanguage\":\"en-GB\",\"@id\":\"https:\/\/www.leitao-irmao.com\/#\/schema\/logo\/image\/\",\"url\":\"https:\/\/www.leitao-irmao.com\/wp-content\/uploads\/2022\/11\/leitaoirmao-logo.png\",\"contentUrl\":\"https:\/\/www.leitao-irmao.com\/wp-content\/uploads\/2022\/11\/leitaoirmao-logo.png\",\"width\":426,\"height\":89,\"caption\":\"Leit\u00e3o & Irm\u00e3o\"},\"image\":{\"@id\":\"https:\/\/www.leitao-irmao.com\/#\/schema\/logo\/image\/\"}}]}<\/script>\n<!-- \/ Yoast SEO plugin. -->","yoast_head_json":{"title":"fio e pendente em ouro com p\u00e9rola e diamante","description":"Fio e pendente em ouro amarelo com p\u00e9rola e diamante da cole\u00e7\u00e3o Akoya \u00e9 uma combina\u00e7\u00e3o de eleg\u00e2ncia cl\u00e1ssica e brilho refinado.","robots":{"index":"index","follow":"follow","max-snippet":"max-snippet:-1","max-image-preview":"max-image-preview:large","max-video-preview":"max-video-preview:-1"},"canonical":"https:\/\/www.leitao-irmao.com\/en\/product\/fio-e-pendente-em-ouro-amarelo-com-perola-e-diamante-akoya\/","og_locale":"en_GB","og_type":"article","og_title":"fio e pendente em ouro com p\u00e9rola e diamante","og_description":"Fio e pendente em ouro amarelo com p\u00e9rola e diamante da cole\u00e7\u00e3o Akoya \u00e9 uma combina\u00e7\u00e3o de eleg\u00e2ncia cl\u00e1ssica e brilho refinado.","og_url":"https:\/\/www.leitao-irmao.com\/en\/product\/fio-e-pendente-em-ouro-amarelo-com-perola-e-diamante-akoya\/","og_site_name":"Leit\u00e3o &amp; Irm\u00e3o","article_modified_time":"2025-04-15T08:11:22+00:00","og_image":[{"width":1030,"height":1030,"url":"https:\/\/www.leitao-irmao.com\/wp-content\/uploads\/2023\/08\/0208199-Fio-e-Pendente-Akoya-em-Ouro-Amarelo-com-Diamante-e-Perola.jpg","type":"image\/jpeg"}],"twitter_card":"summary_large_image","twitter_misc":{"Estimated reading time":"1 minute"},"schema":{"@context":"https:\/\/schema.org","@graph":[{"@type":"WebPage","@id":"https:\/\/www.leitao-irmao.com\/product\/fio-e-pendente-em-ouro-amarelo-com-perola-e-diamante-akoya\/","url":"https:\/\/www.leitao-irmao.com\/product\/fio-e-pendente-em-ouro-amarelo-com-perola-e-diamante-akoya\/","name":"fio e pendente em ouro com p\u00e9rola e diamante","isPartOf":{"@id":"https:\/\/www.leitao-irmao.com\/#website"},"primaryImageOfPage":{"@id":"https:\/\/www.leitao-irmao.com\/product\/fio-e-pendente-em-ouro-amarelo-com-perola-e-diamante-akoya\/#primaryimage"},"image":{"@id":"https:\/\/www.leitao-irmao.com\/product\/fio-e-pendente-em-ouro-amarelo-com-perola-e-diamante-akoya\/#primaryimage"},"thumbnailUrl":"https:\/\/www.leitao-irmao.com\/wp-content\/uploads\/2023\/08\/0208199-Fio-e-Pendente-Akoya-em-Ouro-Amarelo-com-Diamante-e-Perola.jpg","datePublished":"2023-08-18T09:21:01+00:00","dateModified":"2025-04-15T08:11:22+00:00","description":"Fio e pendente em ouro amarelo com p\u00e9rola e diamante da cole\u00e7\u00e3o Akoya \u00e9 uma combina\u00e7\u00e3o de eleg\u00e2ncia cl\u00e1ssica e brilho refinado.","breadcrumb":{"@id":"https:\/\/www.leitao-irmao.com\/product\/fio-e-pendente-em-ouro-amarelo-com-perola-e-diamante-akoya\/#breadcrumb"},"inLanguage":"en-GB","potentialAction":[{"@type":"ReadAction","target":["https:\/\/www.leitao-irmao.com\/product\/fio-e-pendente-em-ouro-amarelo-com-perola-e-diamante-akoya\/"]}]},{"@type":"ImageObject","inLanguage":"en-GB","@id":"https:\/\/www.leitao-irmao.com\/product\/fio-e-pendente-em-ouro-amarelo-com-perola-e-diamante-akoya\/#primaryimage","url":"https:\/\/www.leitao-irmao.com\/wp-content\/uploads\/2023\/08\/0208199-Fio-e-Pendente-Akoya-em-Ouro-Amarelo-com-Diamante-e-Perola.jpg","contentUrl":"https:\/\/www.leitao-irmao.com\/wp-content\/uploads\/2023\/08\/0208199-Fio-e-Pendente-Akoya-em-Ouro-Amarelo-com-Diamante-e-Perola.jpg","width":1030,"height":1030,"caption":"Colar Cole\u00e7\u00e3o Akoya"},{"@type":"BreadcrumbList","@id":"https:\/\/www.leitao-irmao.com\/product\/fio-e-pendente-em-ouro-amarelo-com-perola-e-diamante-akoya\/#breadcrumb","itemListElement":[{"@type":"ListItem","position":1,"name":"Home","item":"https:\/\/www.leitao-irmao.com\/"},{"@type":"ListItem","position":2,"name":"Products","item":"https:\/\/www.leitao-irmao.com\/shop\/"},{"@type":"ListItem","position":3,"name":"Fio e Pendente em ouro com p\u00e9rola e diamante | Akoya"}]},{"@type":"WebSite","@id":"https:\/\/www.leitao-irmao.com\/#website","url":"https:\/\/www.leitao-irmao.com\/","name":"Leit\u00e3o & Irm\u00e3o","description":"Joalheiros desde 1822","publisher":{"@id":"https:\/\/www.leitao-irmao.com\/#organization"},"potentialAction":[{"@type":"SearchAction","target":{"@type":"EntryPoint","urlTemplate":"https:\/\/www.leitao-irmao.com\/?s={search_term_string}"},"query-input":{"@type":"PropertyValueSpecification","valueRequired":true,"valueName":"search_term_string"}}],"inLanguage":"en-GB"},{"@type":"Organization","@id":"https:\/\/www.leitao-irmao.com\/#organization","name":"Leit\u00e3o & Irm\u00e3o","url":"https:\/\/www.leitao-irmao.com\/","logo":{"@type":"ImageObject","inLanguage":"en-GB","@id":"https:\/\/www.leitao-irmao.com\/#\/schema\/logo\/image\/","url":"https:\/\/www.leitao-irmao.com\/wp-content\/uploads\/2022\/11\/leitaoirmao-logo.png","contentUrl":"https:\/\/www.leitao-irmao.com\/wp-content\/uploads\/2022\/11\/leitaoirmao-logo.png","width":426,"height":89,"caption":"Leit\u00e3o & Irm\u00e3o"},"image":{"@id":"https:\/\/www.leitao-irmao.com\/#\/schema\/logo\/image\/"}}]}},"_links":{"self":[{"href":"https:\/\/www.leitao-irmao.com\/en\/wp-json\/wp\/v2\/product\/16164","targetHints":{"allow":["GET"]}}],"collection":[{"href":"https:\/\/www.leitao-irmao.com\/en\/wp-json\/wp\/v2\/product"}],"about":[{"href":"https:\/\/www.leitao-irmao.com\/en\/wp-json\/wp\/v2\/types\/product"}],"version-history":[{"count":0,"href":"https:\/\/www.leitao-irmao.com\/en\/wp-json\/wp\/v2\/product\/16164\/revisions"}],"wp:featuredmedia":[{"embeddable":true,"href":"https:\/\/www.leitao-irmao.com\/en\/wp-json\/wp\/v2\/media\/16165"}],"wp:attachment":[{"href":"https:\/\/www.leitao-irmao.com\/en\/wp-json\/wp\/v2\/media?parent=16164"}],"wp:term":[{"taxonomy":"product_brand","embeddable":true,"href":"https:\/\/www.leitao-irmao.com\/en\/wp-json\/wp\/v2\/product_brand?post=16164"},{"taxonomy":"product_cat","embeddable":true,"href":"https:\/\/www.leitao-irmao.com\/en\/wp-json\/wp\/v2\/product_cat?post=16164"},{"taxonomy":"product_tag","embeddable":true,"href":"https:\/\/www.leitao-irmao.com\/en\/wp-json\/wp\/v2\/product_tag?post=16164"}],"curies":[{"name":"wp","href":"https:\/\/api.w.org\/{rel}","templated":true}]}}