{"id":16223,"date":"2023-08-18T11:01:29","date_gmt":"2023-08-18T11:01:29","guid":{"rendered":"https:\/\/www.leitao-irmao.com\/?post_type=product&#038;p=16223"},"modified":"2026-01-13T18:23:40","modified_gmt":"2026-01-13T18:23:40","slug":"brincos-em-ouro-amarelo-com-safiras-azuis-e-diamantes-fancy","status":"publish","type":"product","link":"https:\/\/www.leitao-irmao.com\/en\/product\/brincos-em-ouro-amarelo-com-safiras-azuis-e-diamantes-fancy\/","title":{"rendered":"Gold earrings with blue sapphires and diamonds | Fancy"},"content":{"rendered":"","protected":false},"excerpt":{"rendered":"<p><span data-sheets-value=\"{&quot;1&quot;:2,&quot;2&quot;:&quot;Brincos em ouro amarelo com safiras azuis e diamantes | Fancy&quot;}\" data-sheets-userformat=\"{&quot;2&quot;:14787,&quot;3&quot;:{&quot;1&quot;:0,&quot;3&quot;:1},&quot;4&quot;:{&quot;1&quot;:3,&quot;3&quot;:2},&quot;9&quot;:1,&quot;10&quot;:1,&quot;11&quot;:4,&quot;14&quot;:{&quot;1&quot;:2,&quot;2&quot;:2171169},&quot;15&quot;:&quot;Arial&quot;,&quot;16&quot;:10}\">The <\/span>The Fancy Collection is an expression of style and versatility, designed with attention to detail and creativity. The Blue Sapphire colour brings the piece to life, highlighting any look.<\/p>","protected":false},"featured_media":16230,"template":"","meta":{"_acf_changed":false},"product_brand":[],"product_cat":[83,247,79,127],"product_tag":[275,278,271,276],"class_list":{"0":"post-16223","1":"product","2":"type-product","3":"status-publish","4":"has-post-thumbnail","6":"product_cat-brincos-joalharia-portuguesa","7":"product_cat-fancy","8":"product_cat-joalharia","9":"product_cat-presentes-entre-5000e-a-10000e","10":"product_tag-diamantes","11":"product_tag-mulher","12":"product_tag-ouro","13":"product_tag-pedras-coloridas","15":"first","16":"instock","17":"shipping-taxable","18":"purchasable","19":"product-type-simple"},"acf":[],"yoast_head":"<!-- This site is optimized with the Yoast SEO plugin v25.4 - https:\/\/yoast.com\/wordpress\/plugins\/seo\/ -->\n<title>brincos em ouro com safiras azuis e diamantes<\/title>\n<meta name=\"description\" content=\"Os Brincos da Cole\u00e7\u00e3o Fancy s\u00e3o uma express\u00e3o de estilo e versatilidade, desenhados com aten\u00e7\u00e3o ao detalhe e criatividade.\" \/>\n<meta name=\"robots\" content=\"index, follow, max-snippet:-1, max-image-preview:large, max-video-preview:-1\" \/>\n<link rel=\"canonical\" href=\"https:\/\/www.leitao-irmao.com\/en\/product\/brincos-em-ouro-amarelo-com-safiras-azuis-e-diamantes-fancy\/\" \/>\n<meta property=\"og:locale\" content=\"en_GB\" \/>\n<meta property=\"og:type\" content=\"article\" \/>\n<meta property=\"og:title\" content=\"brincos em ouro com safiras azuis e diamantes\" \/>\n<meta property=\"og:description\" content=\"Os Brincos da Cole\u00e7\u00e3o Fancy s\u00e3o uma express\u00e3o de estilo e versatilidade, desenhados com aten\u00e7\u00e3o ao detalhe e criatividade.\" \/>\n<meta property=\"og:url\" content=\"https:\/\/www.leitao-irmao.com\/en\/product\/brincos-em-ouro-amarelo-com-safiras-azuis-e-diamantes-fancy\/\" \/>\n<meta property=\"og:site_name\" content=\"Leit\u00e3o &amp; Irm\u00e3o\" \/>\n<meta property=\"article:modified_time\" content=\"2026-01-13T18:23:40+00:00\" \/>\n<meta property=\"og:image\" content=\"https:\/\/www.leitao-irmao.com\/wp-content\/uploads\/2023\/08\/0206565-b.jpg\" \/>\n\t<meta property=\"og:image:width\" content=\"1080\" \/>\n\t<meta property=\"og:image:height\" content=\"1080\" \/>\n\t<meta property=\"og:image:type\" content=\"image\/jpeg\" \/>\n<meta name=\"twitter:card\" content=\"summary_large_image\" \/>\n<meta name=\"twitter:label1\" content=\"Estimated reading time\" \/>\n\t<meta name=\"twitter:data1\" content=\"1 minute\" \/>\n<script type=\"application\/ld+json\" class=\"yoast-schema-graph\">{\"@context\":\"https:\/\/schema.org\",\"@graph\":[{\"@type\":\"WebPage\",\"@id\":\"https:\/\/www.leitao-irmao.com\/product\/brincos-em-ouro-amarelo-com-safiras-azuis-e-diamantes-fancy\/\",\"url\":\"https:\/\/www.leitao-irmao.com\/product\/brincos-em-ouro-amarelo-com-safiras-azuis-e-diamantes-fancy\/\",\"name\":\"brincos em ouro com safiras azuis e diamantes\",\"isPartOf\":{\"@id\":\"https:\/\/www.leitao-irmao.com\/#website\"},\"primaryImageOfPage\":{\"@id\":\"https:\/\/www.leitao-irmao.com\/product\/brincos-em-ouro-amarelo-com-safiras-azuis-e-diamantes-fancy\/#primaryimage\"},\"image\":{\"@id\":\"https:\/\/www.leitao-irmao.com\/product\/brincos-em-ouro-amarelo-com-safiras-azuis-e-diamantes-fancy\/#primaryimage\"},\"thumbnailUrl\":\"https:\/\/www.leitao-irmao.com\/wp-content\/uploads\/2023\/08\/0206565-b.jpg\",\"datePublished\":\"2023-08-18T11:01:29+00:00\",\"dateModified\":\"2026-01-13T18:23:40+00:00\",\"description\":\"Os Brincos da Cole\u00e7\u00e3o Fancy s\u00e3o uma express\u00e3o de estilo e versatilidade, desenhados com aten\u00e7\u00e3o ao detalhe e criatividade.\",\"breadcrumb\":{\"@id\":\"https:\/\/www.leitao-irmao.com\/product\/brincos-em-ouro-amarelo-com-safiras-azuis-e-diamantes-fancy\/#breadcrumb\"},\"inLanguage\":\"en-GB\",\"potentialAction\":[{\"@type\":\"ReadAction\",\"target\":[\"https:\/\/www.leitao-irmao.com\/product\/brincos-em-ouro-amarelo-com-safiras-azuis-e-diamantes-fancy\/\"]}]},{\"@type\":\"ImageObject\",\"inLanguage\":\"en-GB\",\"@id\":\"https:\/\/www.leitao-irmao.com\/product\/brincos-em-ouro-amarelo-com-safiras-azuis-e-diamantes-fancy\/#primaryimage\",\"url\":\"https:\/\/www.leitao-irmao.com\/wp-content\/uploads\/2023\/08\/0206565-b.jpg\",\"contentUrl\":\"https:\/\/www.leitao-irmao.com\/wp-content\/uploads\/2023\/08\/0206565-b.jpg\",\"width\":1080,\"height\":1080,\"caption\":\"par de brincos em ouro amarelo com diamantes e safiras azuis cole\u00e7\u00e3o fancy da Leit\u00e3o & Irm\u00e3o\"},{\"@type\":\"BreadcrumbList\",\"@id\":\"https:\/\/www.leitao-irmao.com\/product\/brincos-em-ouro-amarelo-com-safiras-azuis-e-diamantes-fancy\/#breadcrumb\",\"itemListElement\":[{\"@type\":\"ListItem\",\"position\":1,\"name\":\"Home\",\"item\":\"https:\/\/www.leitao-irmao.com\/\"},{\"@type\":\"ListItem\",\"position\":2,\"name\":\"Products\",\"item\":\"https:\/\/www.leitao-irmao.com\/shop\/\"},{\"@type\":\"ListItem\",\"position\":3,\"name\":\"Brincos em ouro com safiras azuis e diamantes | Fancy\"}]},{\"@type\":\"WebSite\",\"@id\":\"https:\/\/www.leitao-irmao.com\/#website\",\"url\":\"https:\/\/www.leitao-irmao.com\/\",\"name\":\"Leit\u00e3o & Irm\u00e3o\",\"description\":\"Joalheiros desde 1822\",\"publisher\":{\"@id\":\"https:\/\/www.leitao-irmao.com\/#organization\"},\"potentialAction\":[{\"@type\":\"SearchAction\",\"target\":{\"@type\":\"EntryPoint\",\"urlTemplate\":\"https:\/\/www.leitao-irmao.com\/?s={search_term_string}\"},\"query-input\":{\"@type\":\"PropertyValueSpecification\",\"valueRequired\":true,\"valueName\":\"search_term_string\"}}],\"inLanguage\":\"en-GB\"},{\"@type\":\"Organization\",\"@id\":\"https:\/\/www.leitao-irmao.com\/#organization\",\"name\":\"Leit\u00e3o & Irm\u00e3o\",\"url\":\"https:\/\/www.leitao-irmao.com\/\",\"logo\":{\"@type\":\"ImageObject\",\"inLanguage\":\"en-GB\",\"@id\":\"https:\/\/www.leitao-irmao.com\/#\/schema\/logo\/image\/\",\"url\":\"https:\/\/www.leitao-irmao.com\/wp-content\/uploads\/2022\/11\/leitaoirmao-logo.png\",\"contentUrl\":\"https:\/\/www.leitao-irmao.com\/wp-content\/uploads\/2022\/11\/leitaoirmao-logo.png\",\"width\":426,\"height\":89,\"caption\":\"Leit\u00e3o & Irm\u00e3o\"},\"image\":{\"@id\":\"https:\/\/www.leitao-irmao.com\/#\/schema\/logo\/image\/\"}}]}<\/script>\n<!-- \/ Yoast SEO plugin. -->","yoast_head_json":{"title":"brincos em ouro com safiras azuis e diamantes","description":"Os Brincos da Cole\u00e7\u00e3o Fancy s\u00e3o uma express\u00e3o de estilo e versatilidade, desenhados com aten\u00e7\u00e3o ao detalhe e criatividade.","robots":{"index":"index","follow":"follow","max-snippet":"max-snippet:-1","max-image-preview":"max-image-preview:large","max-video-preview":"max-video-preview:-1"},"canonical":"https:\/\/www.leitao-irmao.com\/en\/product\/brincos-em-ouro-amarelo-com-safiras-azuis-e-diamantes-fancy\/","og_locale":"en_GB","og_type":"article","og_title":"brincos em ouro com safiras azuis e diamantes","og_description":"Os Brincos da Cole\u00e7\u00e3o Fancy s\u00e3o uma express\u00e3o de estilo e versatilidade, desenhados com aten\u00e7\u00e3o ao detalhe e criatividade.","og_url":"https:\/\/www.leitao-irmao.com\/en\/product\/brincos-em-ouro-amarelo-com-safiras-azuis-e-diamantes-fancy\/","og_site_name":"Leit\u00e3o &amp; Irm\u00e3o","article_modified_time":"2026-01-13T18:23:40+00:00","og_image":[{"width":1080,"height":1080,"url":"https:\/\/www.leitao-irmao.com\/wp-content\/uploads\/2023\/08\/0206565-b.jpg","type":"image\/jpeg"}],"twitter_card":"summary_large_image","twitter_misc":{"Estimated reading time":"1 minute"},"schema":{"@context":"https:\/\/schema.org","@graph":[{"@type":"WebPage","@id":"https:\/\/www.leitao-irmao.com\/product\/brincos-em-ouro-amarelo-com-safiras-azuis-e-diamantes-fancy\/","url":"https:\/\/www.leitao-irmao.com\/product\/brincos-em-ouro-amarelo-com-safiras-azuis-e-diamantes-fancy\/","name":"brincos em ouro com safiras azuis e diamantes","isPartOf":{"@id":"https:\/\/www.leitao-irmao.com\/#website"},"primaryImageOfPage":{"@id":"https:\/\/www.leitao-irmao.com\/product\/brincos-em-ouro-amarelo-com-safiras-azuis-e-diamantes-fancy\/#primaryimage"},"image":{"@id":"https:\/\/www.leitao-irmao.com\/product\/brincos-em-ouro-amarelo-com-safiras-azuis-e-diamantes-fancy\/#primaryimage"},"thumbnailUrl":"https:\/\/www.leitao-irmao.com\/wp-content\/uploads\/2023\/08\/0206565-b.jpg","datePublished":"2023-08-18T11:01:29+00:00","dateModified":"2026-01-13T18:23:40+00:00","description":"Os Brincos da Cole\u00e7\u00e3o Fancy s\u00e3o uma express\u00e3o de estilo e versatilidade, desenhados com aten\u00e7\u00e3o ao detalhe e criatividade.","breadcrumb":{"@id":"https:\/\/www.leitao-irmao.com\/product\/brincos-em-ouro-amarelo-com-safiras-azuis-e-diamantes-fancy\/#breadcrumb"},"inLanguage":"en-GB","potentialAction":[{"@type":"ReadAction","target":["https:\/\/www.leitao-irmao.com\/product\/brincos-em-ouro-amarelo-com-safiras-azuis-e-diamantes-fancy\/"]}]},{"@type":"ImageObject","inLanguage":"en-GB","@id":"https:\/\/www.leitao-irmao.com\/product\/brincos-em-ouro-amarelo-com-safiras-azuis-e-diamantes-fancy\/#primaryimage","url":"https:\/\/www.leitao-irmao.com\/wp-content\/uploads\/2023\/08\/0206565-b.jpg","contentUrl":"https:\/\/www.leitao-irmao.com\/wp-content\/uploads\/2023\/08\/0206565-b.jpg","width":1080,"height":1080,"caption":"par de brincos em ouro amarelo com diamantes e safiras azuis cole\u00e7\u00e3o fancy da Leit\u00e3o & Irm\u00e3o"},{"@type":"BreadcrumbList","@id":"https:\/\/www.leitao-irmao.com\/product\/brincos-em-ouro-amarelo-com-safiras-azuis-e-diamantes-fancy\/#breadcrumb","itemListElement":[{"@type":"ListItem","position":1,"name":"Home","item":"https:\/\/www.leitao-irmao.com\/"},{"@type":"ListItem","position":2,"name":"Products","item":"https:\/\/www.leitao-irmao.com\/shop\/"},{"@type":"ListItem","position":3,"name":"Brincos em ouro com safiras azuis e diamantes | Fancy"}]},{"@type":"WebSite","@id":"https:\/\/www.leitao-irmao.com\/#website","url":"https:\/\/www.leitao-irmao.com\/","name":"Leit\u00e3o & Irm\u00e3o","description":"Joalheiros desde 1822","publisher":{"@id":"https:\/\/www.leitao-irmao.com\/#organization"},"potentialAction":[{"@type":"SearchAction","target":{"@type":"EntryPoint","urlTemplate":"https:\/\/www.leitao-irmao.com\/?s={search_term_string}"},"query-input":{"@type":"PropertyValueSpecification","valueRequired":true,"valueName":"search_term_string"}}],"inLanguage":"en-GB"},{"@type":"Organization","@id":"https:\/\/www.leitao-irmao.com\/#organization","name":"Leit\u00e3o & Irm\u00e3o","url":"https:\/\/www.leitao-irmao.com\/","logo":{"@type":"ImageObject","inLanguage":"en-GB","@id":"https:\/\/www.leitao-irmao.com\/#\/schema\/logo\/image\/","url":"https:\/\/www.leitao-irmao.com\/wp-content\/uploads\/2022\/11\/leitaoirmao-logo.png","contentUrl":"https:\/\/www.leitao-irmao.com\/wp-content\/uploads\/2022\/11\/leitaoirmao-logo.png","width":426,"height":89,"caption":"Leit\u00e3o & Irm\u00e3o"},"image":{"@id":"https:\/\/www.leitao-irmao.com\/#\/schema\/logo\/image\/"}}]}},"_links":{"self":[{"href":"https:\/\/www.leitao-irmao.com\/en\/wp-json\/wp\/v2\/product\/16223","targetHints":{"allow":["GET"]}}],"collection":[{"href":"https:\/\/www.leitao-irmao.com\/en\/wp-json\/wp\/v2\/product"}],"about":[{"href":"https:\/\/www.leitao-irmao.com\/en\/wp-json\/wp\/v2\/types\/product"}],"version-history":[{"count":1,"href":"https:\/\/www.leitao-irmao.com\/en\/wp-json\/wp\/v2\/product\/16223\/revisions"}],"predecessor-version":[{"id":35260,"href":"https:\/\/www.leitao-irmao.com\/en\/wp-json\/wp\/v2\/product\/16223\/revisions\/35260"}],"wp:featuredmedia":[{"embeddable":true,"href":"https:\/\/www.leitao-irmao.com\/en\/wp-json\/wp\/v2\/media\/16230"}],"wp:attachment":[{"href":"https:\/\/www.leitao-irmao.com\/en\/wp-json\/wp\/v2\/media?parent=16223"}],"wp:term":[{"taxonomy":"product_brand","embeddable":true,"href":"https:\/\/www.leitao-irmao.com\/en\/wp-json\/wp\/v2\/product_brand?post=16223"},{"taxonomy":"product_cat","embeddable":true,"href":"https:\/\/www.leitao-irmao.com\/en\/wp-json\/wp\/v2\/product_cat?post=16223"},{"taxonomy":"product_tag","embeddable":true,"href":"https:\/\/www.leitao-irmao.com\/en\/wp-json\/wp\/v2\/product_tag?post=16223"}],"curies":[{"name":"wp","href":"https:\/\/api.w.org\/{rel}","templated":true}]}}