{"id":17000,"date":"2023-08-31T11:40:16","date_gmt":"2023-08-31T11:40:16","guid":{"rendered":"https:\/\/www.leitao-irmao.com\/?post_type=product&#038;p=17000"},"modified":"2025-02-18T14:44:12","modified_gmt":"2025-02-18T14:44:12","slug":"botoes-de-punho-love-link-elo-nautico-em-ouro-amarelo","status":"publish","type":"product","link":"https:\/\/www.leitao-irmao.com\/en\/product\/botoes-de-punho-love-link-elo-nautico-em-ouro-amarelo\/","title":{"rendered":"Yellow gold nautical link Love-Link cufflinks"},"content":{"rendered":"","protected":false},"excerpt":{"rendered":"<p>Cufflinks are a man's jewellery essential.<\/p>\n<p>The nautical link represented in silver is the detail for lovers of the sea.<\/p>\n<p>For the modern or classic man, it is always an accessory of the utmost elegance and refinement.<\/p>","protected":false},"featured_media":17001,"template":"","meta":{"_acf_changed":false},"product_brand":[],"product_cat":[88,79,125],"product_tag":[277,271],"class_list":{"0":"post-17000","1":"product","2":"type-product","3":"status-publish","4":"has-post-thumbnail","6":"product_cat-botoes-de-punho","7":"product_cat-joalharia","8":"product_cat-presentes-entre-1000e-a-2500e","9":"product_tag-homem","10":"product_tag-ouro","12":"first","13":"outofstock","14":"shipping-taxable","15":"product-type-simple"},"acf":[],"yoast_head":"<!-- This site is optimized with the Yoast SEO plugin v25.4 - https:\/\/yoast.com\/wordpress\/plugins\/seo\/ -->\n<title>bot\u00f5es de punho elo n\u00e1utico em ouro amarelo<\/title>\n<meta name=\"description\" content=\"O elo n\u00e1utico representado em prata s\u00e3o o detalhe para o homem moderno ou cl\u00e1ssico \u00e9 sempre um acess\u00f3rio de m\u00e1xima eleg\u00e2ncia e requinte.\" \/>\n<meta name=\"robots\" content=\"index, follow, max-snippet:-1, max-image-preview:large, max-video-preview:-1\" \/>\n<link rel=\"canonical\" href=\"https:\/\/www.leitao-irmao.com\/en\/product\/botoes-de-punho-love-link-elo-nautico-em-ouro-amarelo\/\" \/>\n<meta property=\"og:locale\" content=\"en_GB\" \/>\n<meta property=\"og:type\" content=\"article\" \/>\n<meta property=\"og:title\" content=\"bot\u00f5es de punho elo n\u00e1utico em ouro amarelo\" \/>\n<meta property=\"og:description\" content=\"O elo n\u00e1utico representado em prata s\u00e3o o detalhe para o homem moderno ou cl\u00e1ssico \u00e9 sempre um acess\u00f3rio de m\u00e1xima eleg\u00e2ncia e requinte.\" \/>\n<meta property=\"og:url\" content=\"https:\/\/www.leitao-irmao.com\/en\/product\/botoes-de-punho-love-link-elo-nautico-em-ouro-amarelo\/\" \/>\n<meta property=\"og:site_name\" content=\"Leit\u00e3o &amp; Irm\u00e3o\" \/>\n<meta property=\"article:modified_time\" content=\"2025-02-18T14:44:12+00:00\" \/>\n<meta property=\"og:image\" content=\"https:\/\/www.leitao-irmao.com\/wp-content\/uploads\/2023\/08\/botoes-punho-link-love-ouro-amarelo-0206512.jpg\" \/>\n\t<meta property=\"og:image:width\" content=\"1080\" \/>\n\t<meta property=\"og:image:height\" content=\"1079\" \/>\n\t<meta property=\"og:image:type\" content=\"image\/jpeg\" \/>\n<meta name=\"twitter:card\" content=\"summary_large_image\" \/>\n<script type=\"application\/ld+json\" class=\"yoast-schema-graph\">{\"@context\":\"https:\/\/schema.org\",\"@graph\":[{\"@type\":\"WebPage\",\"@id\":\"https:\/\/www.leitao-irmao.com\/en\/product\/botoes-de-punho-love-link-elo-nautico-em-ouro-amarelo\/\",\"url\":\"https:\/\/www.leitao-irmao.com\/en\/product\/botoes-de-punho-love-link-elo-nautico-em-ouro-amarelo\/\",\"name\":\"bot\u00f5es de punho elo n\u00e1utico em ouro amarelo\",\"isPartOf\":{\"@id\":\"https:\/\/www.leitao-irmao.com\/#website\"},\"primaryImageOfPage\":{\"@id\":\"https:\/\/www.leitao-irmao.com\/en\/product\/botoes-de-punho-love-link-elo-nautico-em-ouro-amarelo\/#primaryimage\"},\"image\":{\"@id\":\"https:\/\/www.leitao-irmao.com\/en\/product\/botoes-de-punho-love-link-elo-nautico-em-ouro-amarelo\/#primaryimage\"},\"thumbnailUrl\":\"https:\/\/www.leitao-irmao.com\/wp-content\/uploads\/2023\/08\/botoes-punho-link-love-ouro-amarelo-0206512.jpg\",\"datePublished\":\"2023-08-31T11:40:16+00:00\",\"dateModified\":\"2025-02-18T14:44:12+00:00\",\"description\":\"O elo n\u00e1utico representado em prata s\u00e3o o detalhe para o homem moderno ou cl\u00e1ssico \u00e9 sempre um acess\u00f3rio de m\u00e1xima eleg\u00e2ncia e requinte.\",\"breadcrumb\":{\"@id\":\"https:\/\/www.leitao-irmao.com\/en\/product\/botoes-de-punho-love-link-elo-nautico-em-ouro-amarelo\/#breadcrumb\"},\"inLanguage\":\"en-GB\",\"potentialAction\":[{\"@type\":\"ReadAction\",\"target\":[\"https:\/\/www.leitao-irmao.com\/en\/product\/botoes-de-punho-love-link-elo-nautico-em-ouro-amarelo\/\"]}]},{\"@type\":\"ImageObject\",\"inLanguage\":\"en-GB\",\"@id\":\"https:\/\/www.leitao-irmao.com\/en\/product\/botoes-de-punho-love-link-elo-nautico-em-ouro-amarelo\/#primaryimage\",\"url\":\"https:\/\/www.leitao-irmao.com\/wp-content\/uploads\/2023\/08\/botoes-punho-link-love-ouro-amarelo-0206512.jpg\",\"contentUrl\":\"https:\/\/www.leitao-irmao.com\/wp-content\/uploads\/2023\/08\/botoes-punho-link-love-ouro-amarelo-0206512.jpg\",\"width\":1080,\"height\":1079,\"caption\":\"Bot\u00f5es de punho modelo love link elo n\u00e1utico em ouro amarelo da Leit\u00e3o & Irm\u00e3o\"},{\"@type\":\"BreadcrumbList\",\"@id\":\"https:\/\/www.leitao-irmao.com\/en\/product\/botoes-de-punho-love-link-elo-nautico-em-ouro-amarelo\/#breadcrumb\",\"itemListElement\":[{\"@type\":\"ListItem\",\"position\":1,\"name\":\"Home\",\"item\":\"https:\/\/www.leitao-irmao.com\/\"},{\"@type\":\"ListItem\",\"position\":2,\"name\":\"Products\",\"item\":\"https:\/\/www.leitao-irmao.com\/shop\/\"},{\"@type\":\"ListItem\",\"position\":3,\"name\":\"Bot\u00f5es de Punho Love-Link elo n\u00e1utico em ouro amarelo\"}]},{\"@type\":\"WebSite\",\"@id\":\"https:\/\/www.leitao-irmao.com\/#website\",\"url\":\"https:\/\/www.leitao-irmao.com\/\",\"name\":\"Leit\u00e3o & Irm\u00e3o\",\"description\":\"Joalheiros desde 1822\",\"publisher\":{\"@id\":\"https:\/\/www.leitao-irmao.com\/#organization\"},\"potentialAction\":[{\"@type\":\"SearchAction\",\"target\":{\"@type\":\"EntryPoint\",\"urlTemplate\":\"https:\/\/www.leitao-irmao.com\/?s={search_term_string}\"},\"query-input\":{\"@type\":\"PropertyValueSpecification\",\"valueRequired\":true,\"valueName\":\"search_term_string\"}}],\"inLanguage\":\"en-GB\"},{\"@type\":\"Organization\",\"@id\":\"https:\/\/www.leitao-irmao.com\/#organization\",\"name\":\"Leit\u00e3o & Irm\u00e3o\",\"url\":\"https:\/\/www.leitao-irmao.com\/\",\"logo\":{\"@type\":\"ImageObject\",\"inLanguage\":\"en-GB\",\"@id\":\"https:\/\/www.leitao-irmao.com\/#\/schema\/logo\/image\/\",\"url\":\"https:\/\/www.leitao-irmao.com\/wp-content\/uploads\/2022\/11\/leitaoirmao-logo.png\",\"contentUrl\":\"https:\/\/www.leitao-irmao.com\/wp-content\/uploads\/2022\/11\/leitaoirmao-logo.png\",\"width\":426,\"height\":89,\"caption\":\"Leit\u00e3o & Irm\u00e3o\"},\"image\":{\"@id\":\"https:\/\/www.leitao-irmao.com\/#\/schema\/logo\/image\/\"}}]}<\/script>\n<!-- \/ Yoast SEO plugin. -->","yoast_head_json":{"title":"bot\u00f5es de punho elo n\u00e1utico em ouro amarelo","description":"O elo n\u00e1utico representado em prata s\u00e3o o detalhe para o homem moderno ou cl\u00e1ssico \u00e9 sempre um acess\u00f3rio de m\u00e1xima eleg\u00e2ncia e requinte.","robots":{"index":"index","follow":"follow","max-snippet":"max-snippet:-1","max-image-preview":"max-image-preview:large","max-video-preview":"max-video-preview:-1"},"canonical":"https:\/\/www.leitao-irmao.com\/en\/product\/botoes-de-punho-love-link-elo-nautico-em-ouro-amarelo\/","og_locale":"en_GB","og_type":"article","og_title":"bot\u00f5es de punho elo n\u00e1utico em ouro amarelo","og_description":"O elo n\u00e1utico representado em prata s\u00e3o o detalhe para o homem moderno ou cl\u00e1ssico \u00e9 sempre um acess\u00f3rio de m\u00e1xima eleg\u00e2ncia e requinte.","og_url":"https:\/\/www.leitao-irmao.com\/en\/product\/botoes-de-punho-love-link-elo-nautico-em-ouro-amarelo\/","og_site_name":"Leit\u00e3o &amp; Irm\u00e3o","article_modified_time":"2025-02-18T14:44:12+00:00","og_image":[{"width":1080,"height":1079,"url":"https:\/\/www.leitao-irmao.com\/wp-content\/uploads\/2023\/08\/botoes-punho-link-love-ouro-amarelo-0206512.jpg","type":"image\/jpeg"}],"twitter_card":"summary_large_image","schema":{"@context":"https:\/\/schema.org","@graph":[{"@type":"WebPage","@id":"https:\/\/www.leitao-irmao.com\/en\/product\/botoes-de-punho-love-link-elo-nautico-em-ouro-amarelo\/","url":"https:\/\/www.leitao-irmao.com\/en\/product\/botoes-de-punho-love-link-elo-nautico-em-ouro-amarelo\/","name":"bot\u00f5es de punho elo n\u00e1utico em ouro amarelo","isPartOf":{"@id":"https:\/\/www.leitao-irmao.com\/#website"},"primaryImageOfPage":{"@id":"https:\/\/www.leitao-irmao.com\/en\/product\/botoes-de-punho-love-link-elo-nautico-em-ouro-amarelo\/#primaryimage"},"image":{"@id":"https:\/\/www.leitao-irmao.com\/en\/product\/botoes-de-punho-love-link-elo-nautico-em-ouro-amarelo\/#primaryimage"},"thumbnailUrl":"https:\/\/www.leitao-irmao.com\/wp-content\/uploads\/2023\/08\/botoes-punho-link-love-ouro-amarelo-0206512.jpg","datePublished":"2023-08-31T11:40:16+00:00","dateModified":"2025-02-18T14:44:12+00:00","description":"O elo n\u00e1utico representado em prata s\u00e3o o detalhe para o homem moderno ou cl\u00e1ssico \u00e9 sempre um acess\u00f3rio de m\u00e1xima eleg\u00e2ncia e requinte.","breadcrumb":{"@id":"https:\/\/www.leitao-irmao.com\/en\/product\/botoes-de-punho-love-link-elo-nautico-em-ouro-amarelo\/#breadcrumb"},"inLanguage":"en-GB","potentialAction":[{"@type":"ReadAction","target":["https:\/\/www.leitao-irmao.com\/en\/product\/botoes-de-punho-love-link-elo-nautico-em-ouro-amarelo\/"]}]},{"@type":"ImageObject","inLanguage":"en-GB","@id":"https:\/\/www.leitao-irmao.com\/en\/product\/botoes-de-punho-love-link-elo-nautico-em-ouro-amarelo\/#primaryimage","url":"https:\/\/www.leitao-irmao.com\/wp-content\/uploads\/2023\/08\/botoes-punho-link-love-ouro-amarelo-0206512.jpg","contentUrl":"https:\/\/www.leitao-irmao.com\/wp-content\/uploads\/2023\/08\/botoes-punho-link-love-ouro-amarelo-0206512.jpg","width":1080,"height":1079,"caption":"Bot\u00f5es de punho modelo love link elo n\u00e1utico em ouro amarelo da Leit\u00e3o & Irm\u00e3o"},{"@type":"BreadcrumbList","@id":"https:\/\/www.leitao-irmao.com\/en\/product\/botoes-de-punho-love-link-elo-nautico-em-ouro-amarelo\/#breadcrumb","itemListElement":[{"@type":"ListItem","position":1,"name":"Home","item":"https:\/\/www.leitao-irmao.com\/"},{"@type":"ListItem","position":2,"name":"Products","item":"https:\/\/www.leitao-irmao.com\/shop\/"},{"@type":"ListItem","position":3,"name":"Bot\u00f5es de Punho Love-Link elo n\u00e1utico em ouro amarelo"}]},{"@type":"WebSite","@id":"https:\/\/www.leitao-irmao.com\/#website","url":"https:\/\/www.leitao-irmao.com\/","name":"Leit\u00e3o & Irm\u00e3o","description":"Joalheiros desde 1822","publisher":{"@id":"https:\/\/www.leitao-irmao.com\/#organization"},"potentialAction":[{"@type":"SearchAction","target":{"@type":"EntryPoint","urlTemplate":"https:\/\/www.leitao-irmao.com\/?s={search_term_string}"},"query-input":{"@type":"PropertyValueSpecification","valueRequired":true,"valueName":"search_term_string"}}],"inLanguage":"en-GB"},{"@type":"Organization","@id":"https:\/\/www.leitao-irmao.com\/#organization","name":"Leit\u00e3o & Irm\u00e3o","url":"https:\/\/www.leitao-irmao.com\/","logo":{"@type":"ImageObject","inLanguage":"en-GB","@id":"https:\/\/www.leitao-irmao.com\/#\/schema\/logo\/image\/","url":"https:\/\/www.leitao-irmao.com\/wp-content\/uploads\/2022\/11\/leitaoirmao-logo.png","contentUrl":"https:\/\/www.leitao-irmao.com\/wp-content\/uploads\/2022\/11\/leitaoirmao-logo.png","width":426,"height":89,"caption":"Leit\u00e3o & Irm\u00e3o"},"image":{"@id":"https:\/\/www.leitao-irmao.com\/#\/schema\/logo\/image\/"}}]}},"_links":{"self":[{"href":"https:\/\/www.leitao-irmao.com\/en\/wp-json\/wp\/v2\/product\/17000","targetHints":{"allow":["GET"]}}],"collection":[{"href":"https:\/\/www.leitao-irmao.com\/en\/wp-json\/wp\/v2\/product"}],"about":[{"href":"https:\/\/www.leitao-irmao.com\/en\/wp-json\/wp\/v2\/types\/product"}],"version-history":[{"count":0,"href":"https:\/\/www.leitao-irmao.com\/en\/wp-json\/wp\/v2\/product\/17000\/revisions"}],"wp:featuredmedia":[{"embeddable":true,"href":"https:\/\/www.leitao-irmao.com\/en\/wp-json\/wp\/v2\/media\/17001"}],"wp:attachment":[{"href":"https:\/\/www.leitao-irmao.com\/en\/wp-json\/wp\/v2\/media?parent=17000"}],"wp:term":[{"taxonomy":"product_brand","embeddable":true,"href":"https:\/\/www.leitao-irmao.com\/en\/wp-json\/wp\/v2\/product_brand?post=17000"},{"taxonomy":"product_cat","embeddable":true,"href":"https:\/\/www.leitao-irmao.com\/en\/wp-json\/wp\/v2\/product_cat?post=17000"},{"taxonomy":"product_tag","embeddable":true,"href":"https:\/\/www.leitao-irmao.com\/en\/wp-json\/wp\/v2\/product_tag?post=17000"}],"curies":[{"name":"wp","href":"https:\/\/api.w.org\/{rel}","templated":true}]}}