{"id":17146,"date":"2023-09-04T16:47:00","date_gmt":"2023-09-04T16:47:00","guid":{"rendered":"https:\/\/www.leitao-irmao.com\/?post_type=product&#038;p=17146"},"modified":"2026-04-20T11:57:21","modified_gmt":"2026-04-20T10:57:21","slug":"abre-cartas-lacado","status":"publish","type":"product","link":"https:\/\/www.leitao-irmao.com\/en\/product\/abre-cartas-lacado\/","title":{"rendered":"Open sealed letters"},"content":{"rendered":"","protected":false},"excerpt":{"rendered":"<p>The lacquered letter opener is a piece that combines beauty and elegance with the vibrant colours of lacquer.<\/p>\n<p>This accessory is not only a practical tool but also adds a touch of sophistication to your office.<\/p>\n<p>&nbsp;<\/p>\n<p><strong>This piece does not contain any silver or precious metal.<\/strong><\/p>","protected":false},"featured_media":17157,"template":"","meta":{"_acf_changed":false},"product_brand":[],"product_cat":[77,676,121,267,134,140,601,122],"product_tag":[],"class_list":{"0":"post-17146","1":"product","2":"type-product","3":"status-publish","4":"has-post-thumbnail","6":"product_cat-escritorio","7":"product_cat-gift-selection","8":"product_cat-gifts","9":"product_cat-mais-oferecidos","10":"product_cat-pai","11":"product_cat-para-ele","12":"product_cat-pecas-de-fornecedor","13":"product_cat-presentes-inferiores-a-150e","15":"first","16":"instock","17":"shipping-taxable","18":"purchasable","19":"product-type-variable"},"acf":[],"yoast_head":"<!-- This site is optimized with the Yoast SEO plugin v25.4 - https:\/\/yoast.com\/wordpress\/plugins\/seo\/ -->\n<title>Abre cartas lacado Leit\u00e3o &amp; Irm\u00e3o |<\/title>\n<meta name=\"description\" content=\"O Abre-Cartas Lacado \u00e9 uma pe\u00e7a que combina a beleza da prata com as cores vibrantes da laca. D\u00ea um toque de sofistica\u00e7\u00e3o ao seu escrit\u00f3rio.\" \/>\n<meta name=\"robots\" content=\"index, follow, max-snippet:-1, max-image-preview:large, max-video-preview:-1\" \/>\n<link rel=\"canonical\" href=\"https:\/\/www.leitao-irmao.com\/en\/product\/abre-cartas-lacado\/\" \/>\n<meta property=\"og:locale\" content=\"en_GB\" \/>\n<meta property=\"og:type\" content=\"article\" \/>\n<meta property=\"og:title\" content=\"Abre cartas lacado Leit\u00e3o &amp; Irm\u00e3o |\" \/>\n<meta property=\"og:description\" content=\"O Abre-Cartas Lacado \u00e9 uma pe\u00e7a que combina a beleza da prata com as cores vibrantes da laca. D\u00ea um toque de sofistica\u00e7\u00e3o ao seu escrit\u00f3rio.\" \/>\n<meta property=\"og:url\" content=\"https:\/\/www.leitao-irmao.com\/en\/product\/abre-cartas-lacado\/\" \/>\n<meta property=\"og:site_name\" content=\"Leit\u00e3o &amp; Irm\u00e3o\" \/>\n<meta property=\"article:modified_time\" content=\"2026-04-20T10:57:21+00:00\" \/>\n<meta property=\"og:image\" content=\"https:\/\/www.leitao-irmao.com\/wp-content\/uploads\/2023\/09\/030000-YELLOW.jpg\" \/>\n\t<meta property=\"og:image:width\" content=\"1920\" \/>\n\t<meta property=\"og:image:height\" content=\"1920\" \/>\n\t<meta property=\"og:image:type\" content=\"image\/jpeg\" \/>\n<meta name=\"twitter:card\" content=\"summary_large_image\" \/>\n<meta name=\"twitter:label1\" content=\"Estimated reading time\" \/>\n\t<meta name=\"twitter:data1\" content=\"1 minute\" \/>\n<script type=\"application\/ld+json\" class=\"yoast-schema-graph\">{\"@context\":\"https:\/\/schema.org\",\"@graph\":[{\"@type\":\"WebPage\",\"@id\":\"https:\/\/www.leitao-irmao.com\/product\/abre-cartas-lacado\/\",\"url\":\"https:\/\/www.leitao-irmao.com\/product\/abre-cartas-lacado\/\",\"name\":\"Abre cartas lacado Leit\u00e3o &amp; Irm\u00e3o |\",\"isPartOf\":{\"@id\":\"https:\/\/www.leitao-irmao.com\/#website\"},\"primaryImageOfPage\":{\"@id\":\"https:\/\/www.leitao-irmao.com\/product\/abre-cartas-lacado\/#primaryimage\"},\"image\":{\"@id\":\"https:\/\/www.leitao-irmao.com\/product\/abre-cartas-lacado\/#primaryimage\"},\"thumbnailUrl\":\"https:\/\/www.leitao-irmao.com\/wp-content\/uploads\/2023\/09\/030000-YELLOW.jpg\",\"datePublished\":\"2023-09-04T16:47:00+00:00\",\"dateModified\":\"2026-04-20T10:57:21+00:00\",\"description\":\"O Abre-Cartas Lacado \u00e9 uma pe\u00e7a que combina a beleza da prata com as cores vibrantes da laca. D\u00ea um toque de sofistica\u00e7\u00e3o ao seu escrit\u00f3rio.\",\"breadcrumb\":{\"@id\":\"https:\/\/www.leitao-irmao.com\/product\/abre-cartas-lacado\/#breadcrumb\"},\"inLanguage\":\"en-GB\",\"potentialAction\":[{\"@type\":\"ReadAction\",\"target\":[\"https:\/\/www.leitao-irmao.com\/product\/abre-cartas-lacado\/\"]}]},{\"@type\":\"ImageObject\",\"inLanguage\":\"en-GB\",\"@id\":\"https:\/\/www.leitao-irmao.com\/product\/abre-cartas-lacado\/#primaryimage\",\"url\":\"https:\/\/www.leitao-irmao.com\/wp-content\/uploads\/2023\/09\/030000-YELLOW.jpg\",\"contentUrl\":\"https:\/\/www.leitao-irmao.com\/wp-content\/uploads\/2023\/09\/030000-YELLOW.jpg\",\"width\":1920,\"height\":1920,\"caption\":\"Abre cartas em prata e laca da leit\u00e3o & Irm\u00e3o\"},{\"@type\":\"BreadcrumbList\",\"@id\":\"https:\/\/www.leitao-irmao.com\/product\/abre-cartas-lacado\/#breadcrumb\",\"itemListElement\":[{\"@type\":\"ListItem\",\"position\":1,\"name\":\"Home\",\"item\":\"https:\/\/www.leitao-irmao.com\/\"},{\"@type\":\"ListItem\",\"position\":2,\"name\":\"Products\",\"item\":\"https:\/\/www.leitao-irmao.com\/shop\/\"},{\"@type\":\"ListItem\",\"position\":3,\"name\":\"Abre cartas lacado\"}]},{\"@type\":\"WebSite\",\"@id\":\"https:\/\/www.leitao-irmao.com\/#website\",\"url\":\"https:\/\/www.leitao-irmao.com\/\",\"name\":\"Leit\u00e3o & Irm\u00e3o\",\"description\":\"Joalheiros desde 1822\",\"publisher\":{\"@id\":\"https:\/\/www.leitao-irmao.com\/#organization\"},\"potentialAction\":[{\"@type\":\"SearchAction\",\"target\":{\"@type\":\"EntryPoint\",\"urlTemplate\":\"https:\/\/www.leitao-irmao.com\/?s={search_term_string}\"},\"query-input\":{\"@type\":\"PropertyValueSpecification\",\"valueRequired\":true,\"valueName\":\"search_term_string\"}}],\"inLanguage\":\"en-GB\"},{\"@type\":\"Organization\",\"@id\":\"https:\/\/www.leitao-irmao.com\/#organization\",\"name\":\"Leit\u00e3o & Irm\u00e3o\",\"url\":\"https:\/\/www.leitao-irmao.com\/\",\"logo\":{\"@type\":\"ImageObject\",\"inLanguage\":\"en-GB\",\"@id\":\"https:\/\/www.leitao-irmao.com\/#\/schema\/logo\/image\/\",\"url\":\"https:\/\/www.leitao-irmao.com\/wp-content\/uploads\/2022\/11\/leitaoirmao-logo.png\",\"contentUrl\":\"https:\/\/www.leitao-irmao.com\/wp-content\/uploads\/2022\/11\/leitaoirmao-logo.png\",\"width\":426,\"height\":89,\"caption\":\"Leit\u00e3o & Irm\u00e3o\"},\"image\":{\"@id\":\"https:\/\/www.leitao-irmao.com\/#\/schema\/logo\/image\/\"}}]}<\/script>\n<!-- \/ Yoast SEO plugin. -->","yoast_head_json":{"title":"Abre cartas lacado Leit\u00e3o &amp; Irm\u00e3o |","description":"O Abre-Cartas Lacado \u00e9 uma pe\u00e7a que combina a beleza da prata com as cores vibrantes da laca. D\u00ea um toque de sofistica\u00e7\u00e3o ao seu escrit\u00f3rio.","robots":{"index":"index","follow":"follow","max-snippet":"max-snippet:-1","max-image-preview":"max-image-preview:large","max-video-preview":"max-video-preview:-1"},"canonical":"https:\/\/www.leitao-irmao.com\/en\/product\/abre-cartas-lacado\/","og_locale":"en_GB","og_type":"article","og_title":"Abre cartas lacado Leit\u00e3o &amp; Irm\u00e3o |","og_description":"O Abre-Cartas Lacado \u00e9 uma pe\u00e7a que combina a beleza da prata com as cores vibrantes da laca. D\u00ea um toque de sofistica\u00e7\u00e3o ao seu escrit\u00f3rio.","og_url":"https:\/\/www.leitao-irmao.com\/en\/product\/abre-cartas-lacado\/","og_site_name":"Leit\u00e3o &amp; Irm\u00e3o","article_modified_time":"2026-04-20T10:57:21+00:00","og_image":[{"width":1920,"height":1920,"url":"https:\/\/www.leitao-irmao.com\/wp-content\/uploads\/2023\/09\/030000-YELLOW.jpg","type":"image\/jpeg"}],"twitter_card":"summary_large_image","twitter_misc":{"Estimated reading time":"1 minute"},"schema":{"@context":"https:\/\/schema.org","@graph":[{"@type":"WebPage","@id":"https:\/\/www.leitao-irmao.com\/product\/abre-cartas-lacado\/","url":"https:\/\/www.leitao-irmao.com\/product\/abre-cartas-lacado\/","name":"Abre cartas lacado Leit\u00e3o &amp; Irm\u00e3o |","isPartOf":{"@id":"https:\/\/www.leitao-irmao.com\/#website"},"primaryImageOfPage":{"@id":"https:\/\/www.leitao-irmao.com\/product\/abre-cartas-lacado\/#primaryimage"},"image":{"@id":"https:\/\/www.leitao-irmao.com\/product\/abre-cartas-lacado\/#primaryimage"},"thumbnailUrl":"https:\/\/www.leitao-irmao.com\/wp-content\/uploads\/2023\/09\/030000-YELLOW.jpg","datePublished":"2023-09-04T16:47:00+00:00","dateModified":"2026-04-20T10:57:21+00:00","description":"O Abre-Cartas Lacado \u00e9 uma pe\u00e7a que combina a beleza da prata com as cores vibrantes da laca. D\u00ea um toque de sofistica\u00e7\u00e3o ao seu escrit\u00f3rio.","breadcrumb":{"@id":"https:\/\/www.leitao-irmao.com\/product\/abre-cartas-lacado\/#breadcrumb"},"inLanguage":"en-GB","potentialAction":[{"@type":"ReadAction","target":["https:\/\/www.leitao-irmao.com\/product\/abre-cartas-lacado\/"]}]},{"@type":"ImageObject","inLanguage":"en-GB","@id":"https:\/\/www.leitao-irmao.com\/product\/abre-cartas-lacado\/#primaryimage","url":"https:\/\/www.leitao-irmao.com\/wp-content\/uploads\/2023\/09\/030000-YELLOW.jpg","contentUrl":"https:\/\/www.leitao-irmao.com\/wp-content\/uploads\/2023\/09\/030000-YELLOW.jpg","width":1920,"height":1920,"caption":"Abre cartas em prata e laca da leit\u00e3o & Irm\u00e3o"},{"@type":"BreadcrumbList","@id":"https:\/\/www.leitao-irmao.com\/product\/abre-cartas-lacado\/#breadcrumb","itemListElement":[{"@type":"ListItem","position":1,"name":"Home","item":"https:\/\/www.leitao-irmao.com\/"},{"@type":"ListItem","position":2,"name":"Products","item":"https:\/\/www.leitao-irmao.com\/shop\/"},{"@type":"ListItem","position":3,"name":"Abre cartas lacado"}]},{"@type":"WebSite","@id":"https:\/\/www.leitao-irmao.com\/#website","url":"https:\/\/www.leitao-irmao.com\/","name":"Leit\u00e3o & Irm\u00e3o","description":"Joalheiros desde 1822","publisher":{"@id":"https:\/\/www.leitao-irmao.com\/#organization"},"potentialAction":[{"@type":"SearchAction","target":{"@type":"EntryPoint","urlTemplate":"https:\/\/www.leitao-irmao.com\/?s={search_term_string}"},"query-input":{"@type":"PropertyValueSpecification","valueRequired":true,"valueName":"search_term_string"}}],"inLanguage":"en-GB"},{"@type":"Organization","@id":"https:\/\/www.leitao-irmao.com\/#organization","name":"Leit\u00e3o & Irm\u00e3o","url":"https:\/\/www.leitao-irmao.com\/","logo":{"@type":"ImageObject","inLanguage":"en-GB","@id":"https:\/\/www.leitao-irmao.com\/#\/schema\/logo\/image\/","url":"https:\/\/www.leitao-irmao.com\/wp-content\/uploads\/2022\/11\/leitaoirmao-logo.png","contentUrl":"https:\/\/www.leitao-irmao.com\/wp-content\/uploads\/2022\/11\/leitaoirmao-logo.png","width":426,"height":89,"caption":"Leit\u00e3o & Irm\u00e3o"},"image":{"@id":"https:\/\/www.leitao-irmao.com\/#\/schema\/logo\/image\/"}}]}},"_links":{"self":[{"href":"https:\/\/www.leitao-irmao.com\/en\/wp-json\/wp\/v2\/product\/17146","targetHints":{"allow":["GET"]}}],"collection":[{"href":"https:\/\/www.leitao-irmao.com\/en\/wp-json\/wp\/v2\/product"}],"about":[{"href":"https:\/\/www.leitao-irmao.com\/en\/wp-json\/wp\/v2\/types\/product"}],"version-history":[{"count":1,"href":"https:\/\/www.leitao-irmao.com\/en\/wp-json\/wp\/v2\/product\/17146\/revisions"}],"predecessor-version":[{"id":34230,"href":"https:\/\/www.leitao-irmao.com\/en\/wp-json\/wp\/v2\/product\/17146\/revisions\/34230"}],"wp:featuredmedia":[{"embeddable":true,"href":"https:\/\/www.leitao-irmao.com\/en\/wp-json\/wp\/v2\/media\/17157"}],"wp:attachment":[{"href":"https:\/\/www.leitao-irmao.com\/en\/wp-json\/wp\/v2\/media?parent=17146"}],"wp:term":[{"taxonomy":"product_brand","embeddable":true,"href":"https:\/\/www.leitao-irmao.com\/en\/wp-json\/wp\/v2\/product_brand?post=17146"},{"taxonomy":"product_cat","embeddable":true,"href":"https:\/\/www.leitao-irmao.com\/en\/wp-json\/wp\/v2\/product_cat?post=17146"},{"taxonomy":"product_tag","embeddable":true,"href":"https:\/\/www.leitao-irmao.com\/en\/wp-json\/wp\/v2\/product_tag?post=17146"}],"curies":[{"name":"wp","href":"https:\/\/api.w.org\/{rel}","templated":true}]}}