{"id":17313,"date":"2023-09-05T14:56:18","date_gmt":"2023-09-05T14:56:18","guid":{"rendered":"https:\/\/www.leitao-irmao.com\/?post_type=product&#038;p=17313"},"modified":"2026-01-28T13:32:19","modified_gmt":"2026-01-28T13:32:19","slug":"porta-velas-em-porcelana-biscuit-e-prata-sintra","status":"publish","type":"product","link":"https:\/\/www.leitao-irmao.com\/en\/product\/porta-velas-em-porcelana-biscuit-e-prata-sintra\/","title":{"rendered":"Biscuit porcelain and silver candle holders - Sintra"},"content":{"rendered":"","protected":false},"excerpt":{"rendered":"<p>The Sintra Porcelain and Silver Candle Holder is a decorative piece that combines the delicacy of biscuit porcelain with the sophistication of silver, inspired by the town of Sintra in Portugal. Add a touch of elegance and soft light to your space.<\/p>","protected":false},"featured_media":17317,"template":"","meta":{"_acf_changed":false},"product_brand":[],"product_cat":[70,74,676,121,476,470],"product_tag":[270],"class_list":{"0":"post-17313","1":"product","2":"type-product","3":"status-publish","4":"has-post-thumbnail","6":"product_cat-casa-e-decoracao","7":"product_cat-decoracao","8":"product_cat-gift-selection","9":"product_cat-gifts","10":"product_cat-porcelana-biscuit","11":"product_cat-velas-e-casticais","12":"product_tag-prata","14":"first","15":"outofstock","16":"shipping-taxable","17":"product-type-simple"},"acf":[],"yoast_head":"<!-- This site is optimized with the Yoast SEO plugin v25.4 - https:\/\/yoast.com\/wordpress\/plugins\/seo\/ -->\n<title>porta velas em porcelana e prata<\/title>\n<meta name=\"description\" content=\"O Porta-Velas em Porcelana e Prata de Sintra \u00e9 uma pe\u00e7aque combina a delicadeza da porcelana com a sofistica\u00e7\u00e3o da prata, inspirada na cidade de Sintra.\" \/>\n<meta name=\"robots\" content=\"index, follow, max-snippet:-1, max-image-preview:large, max-video-preview:-1\" \/>\n<link rel=\"canonical\" href=\"https:\/\/www.leitao-irmao.com\/en\/product\/porta-velas-em-porcelana-biscuit-e-prata-sintra\/\" \/>\n<meta property=\"og:locale\" content=\"en_GB\" \/>\n<meta property=\"og:type\" content=\"article\" \/>\n<meta property=\"og:title\" content=\"porta velas em porcelana e prata\" \/>\n<meta property=\"og:description\" content=\"O Porta-Velas em Porcelana e Prata de Sintra \u00e9 uma pe\u00e7aque combina a delicadeza da porcelana com a sofistica\u00e7\u00e3o da prata, inspirada na cidade de Sintra.\" \/>\n<meta property=\"og:url\" content=\"https:\/\/www.leitao-irmao.com\/en\/product\/porta-velas-em-porcelana-biscuit-e-prata-sintra\/\" \/>\n<meta property=\"og:site_name\" content=\"Leit\u00e3o &amp; Irm\u00e3o\" \/>\n<meta property=\"article:modified_time\" content=\"2026-01-28T13:32:19+00:00\" \/>\n<meta property=\"og:image\" content=\"https:\/\/www.leitao-irmao.com\/wp-content\/uploads\/2023\/09\/Sintra-1.jpg\" \/>\n\t<meta property=\"og:image:width\" content=\"1080\" \/>\n\t<meta property=\"og:image:height\" content=\"1080\" \/>\n\t<meta property=\"og:image:type\" content=\"image\/jpeg\" \/>\n<meta name=\"twitter:card\" content=\"summary_large_image\" \/>\n<meta name=\"twitter:label1\" content=\"Estimated reading time\" \/>\n\t<meta name=\"twitter:data1\" content=\"1 minute\" \/>\n<script type=\"application\/ld+json\" class=\"yoast-schema-graph\">{\"@context\":\"https:\/\/schema.org\",\"@graph\":[{\"@type\":\"WebPage\",\"@id\":\"https:\/\/www.leitao-irmao.com\/product\/porta-velas-em-porcelana-biscuit-e-prata-sintra\/\",\"url\":\"https:\/\/www.leitao-irmao.com\/product\/porta-velas-em-porcelana-biscuit-e-prata-sintra\/\",\"name\":\"porta velas em porcelana e prata\",\"isPartOf\":{\"@id\":\"https:\/\/www.leitao-irmao.com\/#website\"},\"primaryImageOfPage\":{\"@id\":\"https:\/\/www.leitao-irmao.com\/product\/porta-velas-em-porcelana-biscuit-e-prata-sintra\/#primaryimage\"},\"image\":{\"@id\":\"https:\/\/www.leitao-irmao.com\/product\/porta-velas-em-porcelana-biscuit-e-prata-sintra\/#primaryimage\"},\"thumbnailUrl\":\"https:\/\/www.leitao-irmao.com\/wp-content\/uploads\/2023\/09\/Sintra-1.jpg\",\"datePublished\":\"2023-09-05T14:56:18+00:00\",\"dateModified\":\"2026-01-28T13:32:19+00:00\",\"description\":\"O Porta-Velas em Porcelana e Prata de Sintra \u00e9 uma pe\u00e7aque combina a delicadeza da porcelana com a sofistica\u00e7\u00e3o da prata, inspirada na cidade de Sintra.\",\"breadcrumb\":{\"@id\":\"https:\/\/www.leitao-irmao.com\/product\/porta-velas-em-porcelana-biscuit-e-prata-sintra\/#breadcrumb\"},\"inLanguage\":\"en-GB\",\"potentialAction\":[{\"@type\":\"ReadAction\",\"target\":[\"https:\/\/www.leitao-irmao.com\/product\/porta-velas-em-porcelana-biscuit-e-prata-sintra\/\"]}]},{\"@type\":\"ImageObject\",\"inLanguage\":\"en-GB\",\"@id\":\"https:\/\/www.leitao-irmao.com\/product\/porta-velas-em-porcelana-biscuit-e-prata-sintra\/#primaryimage\",\"url\":\"https:\/\/www.leitao-irmao.com\/wp-content\/uploads\/2023\/09\/Sintra-1.jpg\",\"contentUrl\":\"https:\/\/www.leitao-irmao.com\/wp-content\/uploads\/2023\/09\/Sintra-1.jpg\",\"width\":1080,\"height\":1080,\"caption\":\"Porta velas em porcelana biscuit e prata motivo Sintra da Leit\u00e3o & Irm\u00e3o\"},{\"@type\":\"BreadcrumbList\",\"@id\":\"https:\/\/www.leitao-irmao.com\/product\/porta-velas-em-porcelana-biscuit-e-prata-sintra\/#breadcrumb\",\"itemListElement\":[{\"@type\":\"ListItem\",\"position\":1,\"name\":\"Home\",\"item\":\"https:\/\/www.leitao-irmao.com\/\"},{\"@type\":\"ListItem\",\"position\":2,\"name\":\"Products\",\"item\":\"https:\/\/www.leitao-irmao.com\/shop\/\"},{\"@type\":\"ListItem\",\"position\":3,\"name\":\"Porta-Velas em porcelana biscuit e prata &#8211; Sintra\"}]},{\"@type\":\"WebSite\",\"@id\":\"https:\/\/www.leitao-irmao.com\/#website\",\"url\":\"https:\/\/www.leitao-irmao.com\/\",\"name\":\"Leit\u00e3o & Irm\u00e3o\",\"description\":\"Joalheiros desde 1822\",\"publisher\":{\"@id\":\"https:\/\/www.leitao-irmao.com\/#organization\"},\"potentialAction\":[{\"@type\":\"SearchAction\",\"target\":{\"@type\":\"EntryPoint\",\"urlTemplate\":\"https:\/\/www.leitao-irmao.com\/?s={search_term_string}\"},\"query-input\":{\"@type\":\"PropertyValueSpecification\",\"valueRequired\":true,\"valueName\":\"search_term_string\"}}],\"inLanguage\":\"en-GB\"},{\"@type\":\"Organization\",\"@id\":\"https:\/\/www.leitao-irmao.com\/#organization\",\"name\":\"Leit\u00e3o & Irm\u00e3o\",\"url\":\"https:\/\/www.leitao-irmao.com\/\",\"logo\":{\"@type\":\"ImageObject\",\"inLanguage\":\"en-GB\",\"@id\":\"https:\/\/www.leitao-irmao.com\/#\/schema\/logo\/image\/\",\"url\":\"https:\/\/www.leitao-irmao.com\/wp-content\/uploads\/2022\/11\/leitaoirmao-logo.png\",\"contentUrl\":\"https:\/\/www.leitao-irmao.com\/wp-content\/uploads\/2022\/11\/leitaoirmao-logo.png\",\"width\":426,\"height\":89,\"caption\":\"Leit\u00e3o & Irm\u00e3o\"},\"image\":{\"@id\":\"https:\/\/www.leitao-irmao.com\/#\/schema\/logo\/image\/\"}}]}<\/script>\n<!-- \/ Yoast SEO plugin. -->","yoast_head_json":{"title":"porta velas em porcelana e prata","description":"O Porta-Velas em Porcelana e Prata de Sintra \u00e9 uma pe\u00e7aque combina a delicadeza da porcelana com a sofistica\u00e7\u00e3o da prata, inspirada na cidade de Sintra.","robots":{"index":"index","follow":"follow","max-snippet":"max-snippet:-1","max-image-preview":"max-image-preview:large","max-video-preview":"max-video-preview:-1"},"canonical":"https:\/\/www.leitao-irmao.com\/en\/product\/porta-velas-em-porcelana-biscuit-e-prata-sintra\/","og_locale":"en_GB","og_type":"article","og_title":"porta velas em porcelana e prata","og_description":"O Porta-Velas em Porcelana e Prata de Sintra \u00e9 uma pe\u00e7aque combina a delicadeza da porcelana com a sofistica\u00e7\u00e3o da prata, inspirada na cidade de Sintra.","og_url":"https:\/\/www.leitao-irmao.com\/en\/product\/porta-velas-em-porcelana-biscuit-e-prata-sintra\/","og_site_name":"Leit\u00e3o &amp; Irm\u00e3o","article_modified_time":"2026-01-28T13:32:19+00:00","og_image":[{"width":1080,"height":1080,"url":"https:\/\/www.leitao-irmao.com\/wp-content\/uploads\/2023\/09\/Sintra-1.jpg","type":"image\/jpeg"}],"twitter_card":"summary_large_image","twitter_misc":{"Estimated reading time":"1 minute"},"schema":{"@context":"https:\/\/schema.org","@graph":[{"@type":"WebPage","@id":"https:\/\/www.leitao-irmao.com\/product\/porta-velas-em-porcelana-biscuit-e-prata-sintra\/","url":"https:\/\/www.leitao-irmao.com\/product\/porta-velas-em-porcelana-biscuit-e-prata-sintra\/","name":"porta velas em porcelana e prata","isPartOf":{"@id":"https:\/\/www.leitao-irmao.com\/#website"},"primaryImageOfPage":{"@id":"https:\/\/www.leitao-irmao.com\/product\/porta-velas-em-porcelana-biscuit-e-prata-sintra\/#primaryimage"},"image":{"@id":"https:\/\/www.leitao-irmao.com\/product\/porta-velas-em-porcelana-biscuit-e-prata-sintra\/#primaryimage"},"thumbnailUrl":"https:\/\/www.leitao-irmao.com\/wp-content\/uploads\/2023\/09\/Sintra-1.jpg","datePublished":"2023-09-05T14:56:18+00:00","dateModified":"2026-01-28T13:32:19+00:00","description":"O Porta-Velas em Porcelana e Prata de Sintra \u00e9 uma pe\u00e7aque combina a delicadeza da porcelana com a sofistica\u00e7\u00e3o da prata, inspirada na cidade de Sintra.","breadcrumb":{"@id":"https:\/\/www.leitao-irmao.com\/product\/porta-velas-em-porcelana-biscuit-e-prata-sintra\/#breadcrumb"},"inLanguage":"en-GB","potentialAction":[{"@type":"ReadAction","target":["https:\/\/www.leitao-irmao.com\/product\/porta-velas-em-porcelana-biscuit-e-prata-sintra\/"]}]},{"@type":"ImageObject","inLanguage":"en-GB","@id":"https:\/\/www.leitao-irmao.com\/product\/porta-velas-em-porcelana-biscuit-e-prata-sintra\/#primaryimage","url":"https:\/\/www.leitao-irmao.com\/wp-content\/uploads\/2023\/09\/Sintra-1.jpg","contentUrl":"https:\/\/www.leitao-irmao.com\/wp-content\/uploads\/2023\/09\/Sintra-1.jpg","width":1080,"height":1080,"caption":"Porta velas em porcelana biscuit e prata motivo Sintra da Leit\u00e3o & Irm\u00e3o"},{"@type":"BreadcrumbList","@id":"https:\/\/www.leitao-irmao.com\/product\/porta-velas-em-porcelana-biscuit-e-prata-sintra\/#breadcrumb","itemListElement":[{"@type":"ListItem","position":1,"name":"Home","item":"https:\/\/www.leitao-irmao.com\/"},{"@type":"ListItem","position":2,"name":"Products","item":"https:\/\/www.leitao-irmao.com\/shop\/"},{"@type":"ListItem","position":3,"name":"Porta-Velas em porcelana biscuit e prata &#8211; Sintra"}]},{"@type":"WebSite","@id":"https:\/\/www.leitao-irmao.com\/#website","url":"https:\/\/www.leitao-irmao.com\/","name":"Leit\u00e3o & Irm\u00e3o","description":"Joalheiros desde 1822","publisher":{"@id":"https:\/\/www.leitao-irmao.com\/#organization"},"potentialAction":[{"@type":"SearchAction","target":{"@type":"EntryPoint","urlTemplate":"https:\/\/www.leitao-irmao.com\/?s={search_term_string}"},"query-input":{"@type":"PropertyValueSpecification","valueRequired":true,"valueName":"search_term_string"}}],"inLanguage":"en-GB"},{"@type":"Organization","@id":"https:\/\/www.leitao-irmao.com\/#organization","name":"Leit\u00e3o & Irm\u00e3o","url":"https:\/\/www.leitao-irmao.com\/","logo":{"@type":"ImageObject","inLanguage":"en-GB","@id":"https:\/\/www.leitao-irmao.com\/#\/schema\/logo\/image\/","url":"https:\/\/www.leitao-irmao.com\/wp-content\/uploads\/2022\/11\/leitaoirmao-logo.png","contentUrl":"https:\/\/www.leitao-irmao.com\/wp-content\/uploads\/2022\/11\/leitaoirmao-logo.png","width":426,"height":89,"caption":"Leit\u00e3o & Irm\u00e3o"},"image":{"@id":"https:\/\/www.leitao-irmao.com\/#\/schema\/logo\/image\/"}}]}},"_links":{"self":[{"href":"https:\/\/www.leitao-irmao.com\/en\/wp-json\/wp\/v2\/product\/17313","targetHints":{"allow":["GET"]}}],"collection":[{"href":"https:\/\/www.leitao-irmao.com\/en\/wp-json\/wp\/v2\/product"}],"about":[{"href":"https:\/\/www.leitao-irmao.com\/en\/wp-json\/wp\/v2\/types\/product"}],"version-history":[{"count":1,"href":"https:\/\/www.leitao-irmao.com\/en\/wp-json\/wp\/v2\/product\/17313\/revisions"}],"predecessor-version":[{"id":33910,"href":"https:\/\/www.leitao-irmao.com\/en\/wp-json\/wp\/v2\/product\/17313\/revisions\/33910"}],"wp:featuredmedia":[{"embeddable":true,"href":"https:\/\/www.leitao-irmao.com\/en\/wp-json\/wp\/v2\/media\/17317"}],"wp:attachment":[{"href":"https:\/\/www.leitao-irmao.com\/en\/wp-json\/wp\/v2\/media?parent=17313"}],"wp:term":[{"taxonomy":"product_brand","embeddable":true,"href":"https:\/\/www.leitao-irmao.com\/en\/wp-json\/wp\/v2\/product_brand?post=17313"},{"taxonomy":"product_cat","embeddable":true,"href":"https:\/\/www.leitao-irmao.com\/en\/wp-json\/wp\/v2\/product_cat?post=17313"},{"taxonomy":"product_tag","embeddable":true,"href":"https:\/\/www.leitao-irmao.com\/en\/wp-json\/wp\/v2\/product_tag?post=17313"}],"curies":[{"name":"wp","href":"https:\/\/api.w.org\/{rel}","templated":true}]}}