{"id":17469,"date":"2023-09-08T09:30:53","date_gmt":"2023-09-08T09:30:53","guid":{"rendered":"https:\/\/www.leitao-irmao.com\/?post_type=product&#038;p=17469"},"modified":"2026-04-06T16:27:52","modified_gmt":"2026-04-06T15:27:52","slug":"anjo-em-porcelana-biscuit-e-prata-tambor","status":"publish","type":"product","link":"https:\/\/www.leitao-irmao.com\/en\/product\/anjo-em-porcelana-biscuit-e-prata-tambor\/","title":{"rendered":"Angel in biscuit porcelain and silver | Drum"},"content":{"rendered":"","protected":false},"excerpt":{"rendered":"<p><span data-sheets-value=\"{&quot;1&quot;:2,&quot;2&quot;:&quot;O delicado Anjo a tocar tambor Tambor \u00e9 uma joia para a sua casa. Pode ser utilizado como decora\u00e7\u00e3o na mesa de jantar, para um jantar \u00e0 luz de velas ou decora\u00e7\u00e3o da casa. Aplique uma vela para o anjunho se transformar num casti\u00e7al. A delicadeza da porcelana Biscuit, n\u00e3o vidrada. Uma joia de decora\u00e7\u00e3o delicada e elegante para si ou para oferecer.&quot;}\" data-sheets-userformat=\"{&quot;2&quot;:7105,&quot;3&quot;:{&quot;1&quot;:0},&quot;9&quot;:1,&quot;10&quot;:1,&quot;11&quot;:4,&quot;12&quot;:0,&quot;14&quot;:{&quot;1&quot;:3,&quot;3&quot;:1},&quot;15&quot;:&quot;Arial&quot;}\">The delicate Drumming Angel is a jewel for your home. It can be used as a decoration on the dining table, for a candlelit dinner or as a home decoration. Apply a candle to turn the little angel into a candlestick. The delicacy of unglazed Biscuit porcelain. A delicate and elegant decorative jewel for yourself or as a gift.<\/span><\/p>","protected":false},"featured_media":17470,"template":"","meta":{"_acf_changed":false},"product_brand":[],"product_cat":[70,74,477,676,476,135,122,470],"product_tag":[270],"class_list":{"0":"post-17469","1":"product","2":"type-product","3":"status-publish","4":"has-post-thumbnail","6":"product_cat-casa-e-decoracao","7":"product_cat-decoracao","8":"product_cat-decoracao-de-natal","9":"product_cat-gift-selection","10":"product_cat-porcelana-biscuit","11":"product_cat-natal","12":"product_cat-presentes-inferiores-a-150e","13":"product_cat-velas-e-casticais","14":"product_tag-prata","16":"first","17":"instock","18":"shipping-taxable","19":"purchasable","20":"product-type-simple"},"acf":[],"yoast_head":"<!-- This site is optimized with the Yoast SEO plugin v25.4 - https:\/\/yoast.com\/wordpress\/plugins\/seo\/ -->\n<title>anjo em porcelana biscuit e prata<\/title>\n<meta name=\"description\" content=\"Os Anjos da Leit\u00e3o &amp; Irm\u00e3o em porcelana biscuit e prata s\u00e3o obras de arte que combinam a delicadeza da porcelana biscuit com a eleg\u00e2ncia da prata.\" \/>\n<meta name=\"robots\" content=\"index, follow, max-snippet:-1, max-image-preview:large, max-video-preview:-1\" \/>\n<link rel=\"canonical\" href=\"https:\/\/www.leitao-irmao.com\/en\/product\/anjo-em-porcelana-biscuit-e-prata-tambor\/\" \/>\n<meta property=\"og:locale\" content=\"en_GB\" \/>\n<meta property=\"og:type\" content=\"article\" \/>\n<meta property=\"og:title\" content=\"anjo em porcelana biscuit e prata\" \/>\n<meta property=\"og:description\" content=\"Os Anjos da Leit\u00e3o &amp; Irm\u00e3o em porcelana biscuit e prata s\u00e3o obras de arte que combinam a delicadeza da porcelana biscuit com a eleg\u00e2ncia da prata.\" \/>\n<meta property=\"og:url\" content=\"https:\/\/www.leitao-irmao.com\/en\/product\/anjo-em-porcelana-biscuit-e-prata-tambor\/\" \/>\n<meta property=\"og:site_name\" content=\"Leit\u00e3o &amp; Irm\u00e3o\" \/>\n<meta property=\"article:modified_time\" content=\"2026-04-06T15:27:52+00:00\" \/>\n<meta property=\"og:image\" content=\"https:\/\/www.leitao-irmao.com\/wp-content\/uploads\/2023\/09\/0803323-anjo-tambor-2.jpg\" \/>\n\t<meta property=\"og:image:width\" content=\"1000\" \/>\n\t<meta property=\"og:image:height\" content=\"1000\" \/>\n\t<meta property=\"og:image:type\" content=\"image\/jpeg\" \/>\n<meta name=\"twitter:card\" content=\"summary_large_image\" \/>\n<script type=\"application\/ld+json\" class=\"yoast-schema-graph\">{\"@context\":\"https:\/\/schema.org\",\"@graph\":[{\"@type\":\"WebPage\",\"@id\":\"https:\/\/www.leitao-irmao.com\/product\/anjo-em-porcelana-biscuit-e-prata-tambor\/\",\"url\":\"https:\/\/www.leitao-irmao.com\/product\/anjo-em-porcelana-biscuit-e-prata-tambor\/\",\"name\":\"anjo em porcelana biscuit e prata\",\"isPartOf\":{\"@id\":\"https:\/\/www.leitao-irmao.com\/#website\"},\"primaryImageOfPage\":{\"@id\":\"https:\/\/www.leitao-irmao.com\/product\/anjo-em-porcelana-biscuit-e-prata-tambor\/#primaryimage\"},\"image\":{\"@id\":\"https:\/\/www.leitao-irmao.com\/product\/anjo-em-porcelana-biscuit-e-prata-tambor\/#primaryimage\"},\"thumbnailUrl\":\"https:\/\/www.leitao-irmao.com\/wp-content\/uploads\/2023\/09\/0803323-anjo-tambor-2.jpg\",\"datePublished\":\"2023-09-08T09:30:53+00:00\",\"dateModified\":\"2026-04-06T15:27:52+00:00\",\"description\":\"Os Anjos da Leit\u00e3o & Irm\u00e3o em porcelana biscuit e prata s\u00e3o obras de arte que combinam a delicadeza da porcelana biscuit com a eleg\u00e2ncia da prata.\",\"breadcrumb\":{\"@id\":\"https:\/\/www.leitao-irmao.com\/product\/anjo-em-porcelana-biscuit-e-prata-tambor\/#breadcrumb\"},\"inLanguage\":\"en-GB\",\"potentialAction\":[{\"@type\":\"ReadAction\",\"target\":[\"https:\/\/www.leitao-irmao.com\/product\/anjo-em-porcelana-biscuit-e-prata-tambor\/\"]}]},{\"@type\":\"ImageObject\",\"inLanguage\":\"en-GB\",\"@id\":\"https:\/\/www.leitao-irmao.com\/product\/anjo-em-porcelana-biscuit-e-prata-tambor\/#primaryimage\",\"url\":\"https:\/\/www.leitao-irmao.com\/wp-content\/uploads\/2023\/09\/0803323-anjo-tambor-2.jpg\",\"contentUrl\":\"https:\/\/www.leitao-irmao.com\/wp-content\/uploads\/2023\/09\/0803323-anjo-tambor-2.jpg\",\"width\":1000,\"height\":1000,\"caption\":\"Anjo em porcelana biscuit e prata modelo tambor da Leit\u00e3o & Irm\u00e3o\"},{\"@type\":\"BreadcrumbList\",\"@id\":\"https:\/\/www.leitao-irmao.com\/product\/anjo-em-porcelana-biscuit-e-prata-tambor\/#breadcrumb\",\"itemListElement\":[{\"@type\":\"ListItem\",\"position\":1,\"name\":\"Home\",\"item\":\"https:\/\/www.leitao-irmao.com\/\"},{\"@type\":\"ListItem\",\"position\":2,\"name\":\"Products\",\"item\":\"https:\/\/www.leitao-irmao.com\/shop\/\"},{\"@type\":\"ListItem\",\"position\":3,\"name\":\"Anjo em porcelana biscuit e prata | Tambor\"}]},{\"@type\":\"WebSite\",\"@id\":\"https:\/\/www.leitao-irmao.com\/#website\",\"url\":\"https:\/\/www.leitao-irmao.com\/\",\"name\":\"Leit\u00e3o & Irm\u00e3o\",\"description\":\"Joalheiros desde 1822\",\"publisher\":{\"@id\":\"https:\/\/www.leitao-irmao.com\/#organization\"},\"potentialAction\":[{\"@type\":\"SearchAction\",\"target\":{\"@type\":\"EntryPoint\",\"urlTemplate\":\"https:\/\/www.leitao-irmao.com\/?s={search_term_string}\"},\"query-input\":{\"@type\":\"PropertyValueSpecification\",\"valueRequired\":true,\"valueName\":\"search_term_string\"}}],\"inLanguage\":\"en-GB\"},{\"@type\":\"Organization\",\"@id\":\"https:\/\/www.leitao-irmao.com\/#organization\",\"name\":\"Leit\u00e3o & Irm\u00e3o\",\"url\":\"https:\/\/www.leitao-irmao.com\/\",\"logo\":{\"@type\":\"ImageObject\",\"inLanguage\":\"en-GB\",\"@id\":\"https:\/\/www.leitao-irmao.com\/#\/schema\/logo\/image\/\",\"url\":\"https:\/\/www.leitao-irmao.com\/wp-content\/uploads\/2022\/11\/leitaoirmao-logo.png\",\"contentUrl\":\"https:\/\/www.leitao-irmao.com\/wp-content\/uploads\/2022\/11\/leitaoirmao-logo.png\",\"width\":426,\"height\":89,\"caption\":\"Leit\u00e3o & Irm\u00e3o\"},\"image\":{\"@id\":\"https:\/\/www.leitao-irmao.com\/#\/schema\/logo\/image\/\"}}]}<\/script>\n<!-- \/ Yoast SEO plugin. -->","yoast_head_json":{"title":"anjo em porcelana biscuit e prata","description":"Os Anjos da Leit\u00e3o & Irm\u00e3o em porcelana biscuit e prata s\u00e3o obras de arte que combinam a delicadeza da porcelana biscuit com a eleg\u00e2ncia da prata.","robots":{"index":"index","follow":"follow","max-snippet":"max-snippet:-1","max-image-preview":"max-image-preview:large","max-video-preview":"max-video-preview:-1"},"canonical":"https:\/\/www.leitao-irmao.com\/en\/product\/anjo-em-porcelana-biscuit-e-prata-tambor\/","og_locale":"en_GB","og_type":"article","og_title":"anjo em porcelana biscuit e prata","og_description":"Os Anjos da Leit\u00e3o & Irm\u00e3o em porcelana biscuit e prata s\u00e3o obras de arte que combinam a delicadeza da porcelana biscuit com a eleg\u00e2ncia da prata.","og_url":"https:\/\/www.leitao-irmao.com\/en\/product\/anjo-em-porcelana-biscuit-e-prata-tambor\/","og_site_name":"Leit\u00e3o &amp; Irm\u00e3o","article_modified_time":"2026-04-06T15:27:52+00:00","og_image":[{"width":1000,"height":1000,"url":"https:\/\/www.leitao-irmao.com\/wp-content\/uploads\/2023\/09\/0803323-anjo-tambor-2.jpg","type":"image\/jpeg"}],"twitter_card":"summary_large_image","schema":{"@context":"https:\/\/schema.org","@graph":[{"@type":"WebPage","@id":"https:\/\/www.leitao-irmao.com\/product\/anjo-em-porcelana-biscuit-e-prata-tambor\/","url":"https:\/\/www.leitao-irmao.com\/product\/anjo-em-porcelana-biscuit-e-prata-tambor\/","name":"anjo em porcelana biscuit e prata","isPartOf":{"@id":"https:\/\/www.leitao-irmao.com\/#website"},"primaryImageOfPage":{"@id":"https:\/\/www.leitao-irmao.com\/product\/anjo-em-porcelana-biscuit-e-prata-tambor\/#primaryimage"},"image":{"@id":"https:\/\/www.leitao-irmao.com\/product\/anjo-em-porcelana-biscuit-e-prata-tambor\/#primaryimage"},"thumbnailUrl":"https:\/\/www.leitao-irmao.com\/wp-content\/uploads\/2023\/09\/0803323-anjo-tambor-2.jpg","datePublished":"2023-09-08T09:30:53+00:00","dateModified":"2026-04-06T15:27:52+00:00","description":"Os Anjos da Leit\u00e3o & Irm\u00e3o em porcelana biscuit e prata s\u00e3o obras de arte que combinam a delicadeza da porcelana biscuit com a eleg\u00e2ncia da prata.","breadcrumb":{"@id":"https:\/\/www.leitao-irmao.com\/product\/anjo-em-porcelana-biscuit-e-prata-tambor\/#breadcrumb"},"inLanguage":"en-GB","potentialAction":[{"@type":"ReadAction","target":["https:\/\/www.leitao-irmao.com\/product\/anjo-em-porcelana-biscuit-e-prata-tambor\/"]}]},{"@type":"ImageObject","inLanguage":"en-GB","@id":"https:\/\/www.leitao-irmao.com\/product\/anjo-em-porcelana-biscuit-e-prata-tambor\/#primaryimage","url":"https:\/\/www.leitao-irmao.com\/wp-content\/uploads\/2023\/09\/0803323-anjo-tambor-2.jpg","contentUrl":"https:\/\/www.leitao-irmao.com\/wp-content\/uploads\/2023\/09\/0803323-anjo-tambor-2.jpg","width":1000,"height":1000,"caption":"Anjo em porcelana biscuit e prata modelo tambor da Leit\u00e3o & Irm\u00e3o"},{"@type":"BreadcrumbList","@id":"https:\/\/www.leitao-irmao.com\/product\/anjo-em-porcelana-biscuit-e-prata-tambor\/#breadcrumb","itemListElement":[{"@type":"ListItem","position":1,"name":"Home","item":"https:\/\/www.leitao-irmao.com\/"},{"@type":"ListItem","position":2,"name":"Products","item":"https:\/\/www.leitao-irmao.com\/shop\/"},{"@type":"ListItem","position":3,"name":"Anjo em porcelana biscuit e prata | Tambor"}]},{"@type":"WebSite","@id":"https:\/\/www.leitao-irmao.com\/#website","url":"https:\/\/www.leitao-irmao.com\/","name":"Leit\u00e3o & Irm\u00e3o","description":"Joalheiros desde 1822","publisher":{"@id":"https:\/\/www.leitao-irmao.com\/#organization"},"potentialAction":[{"@type":"SearchAction","target":{"@type":"EntryPoint","urlTemplate":"https:\/\/www.leitao-irmao.com\/?s={search_term_string}"},"query-input":{"@type":"PropertyValueSpecification","valueRequired":true,"valueName":"search_term_string"}}],"inLanguage":"en-GB"},{"@type":"Organization","@id":"https:\/\/www.leitao-irmao.com\/#organization","name":"Leit\u00e3o & Irm\u00e3o","url":"https:\/\/www.leitao-irmao.com\/","logo":{"@type":"ImageObject","inLanguage":"en-GB","@id":"https:\/\/www.leitao-irmao.com\/#\/schema\/logo\/image\/","url":"https:\/\/www.leitao-irmao.com\/wp-content\/uploads\/2022\/11\/leitaoirmao-logo.png","contentUrl":"https:\/\/www.leitao-irmao.com\/wp-content\/uploads\/2022\/11\/leitaoirmao-logo.png","width":426,"height":89,"caption":"Leit\u00e3o & Irm\u00e3o"},"image":{"@id":"https:\/\/www.leitao-irmao.com\/#\/schema\/logo\/image\/"}}]}},"_links":{"self":[{"href":"https:\/\/www.leitao-irmao.com\/en\/wp-json\/wp\/v2\/product\/17469","targetHints":{"allow":["GET"]}}],"collection":[{"href":"https:\/\/www.leitao-irmao.com\/en\/wp-json\/wp\/v2\/product"}],"about":[{"href":"https:\/\/www.leitao-irmao.com\/en\/wp-json\/wp\/v2\/types\/product"}],"version-history":[{"count":1,"href":"https:\/\/www.leitao-irmao.com\/en\/wp-json\/wp\/v2\/product\/17469\/revisions"}],"predecessor-version":[{"id":34229,"href":"https:\/\/www.leitao-irmao.com\/en\/wp-json\/wp\/v2\/product\/17469\/revisions\/34229"}],"wp:featuredmedia":[{"embeddable":true,"href":"https:\/\/www.leitao-irmao.com\/en\/wp-json\/wp\/v2\/media\/17470"}],"wp:attachment":[{"href":"https:\/\/www.leitao-irmao.com\/en\/wp-json\/wp\/v2\/media?parent=17469"}],"wp:term":[{"taxonomy":"product_brand","embeddable":true,"href":"https:\/\/www.leitao-irmao.com\/en\/wp-json\/wp\/v2\/product_brand?post=17469"},{"taxonomy":"product_cat","embeddable":true,"href":"https:\/\/www.leitao-irmao.com\/en\/wp-json\/wp\/v2\/product_cat?post=17469"},{"taxonomy":"product_tag","embeddable":true,"href":"https:\/\/www.leitao-irmao.com\/en\/wp-json\/wp\/v2\/product_tag?post=17469"}],"curies":[{"name":"wp","href":"https:\/\/api.w.org\/{rel}","templated":true}]}}