{"id":18130,"date":"2023-09-19T14:15:24","date_gmt":"2023-09-19T14:15:24","guid":{"rendered":"https:\/\/www.leitao-irmao.com\/?post_type=product&#038;p=18130"},"modified":"2026-01-28T13:29:17","modified_gmt":"2026-01-28T13:29:17","slug":"astrolabio-banda-em-prata","status":"publish","type":"product","link":"https:\/\/www.leitao-irmao.com\/en\/product\/astrolabio-banda-em-prata\/","title":{"rendered":"Astrolabe Silver band"},"content":{"rendered":"","protected":false},"excerpt":{"rendered":"<p><span data-sheets-value=\"{&quot;1&quot;:2,&quot;2&quot;:&quot;Leit\u00e3o &amp; Irm\u00e3o apresenta, em prata, r\u00e9plicas \u00e0 escala o astrol\u00e1bio Santa Escol\u00e1stica. Dispon\u00edvel em v\u00e1rias medidas.nInstrumento de navega\u00e7\u00e3o desenvolvido em Portugal durante o s\u00e9c. XV a partir do astrol\u00e1bio planisf\u00e9rico \u00e1rabe. O astrol\u00e1bio n\u00e1utico ilustra a lideran\u00e7a Portuguesa na ci\u00eancia da navega\u00e7\u00e3o oce\u00e2nica.&quot;}\" data-sheets-userformat=\"{&quot;2&quot;:4479,&quot;3&quot;:{&quot;1&quot;:0,&quot;3&quot;:1},&quot;4&quot;:{&quot;1&quot;:2,&quot;2&quot;:14281427},&quot;5&quot;:{&quot;1&quot;:[{&quot;1&quot;:2,&quot;2&quot;:0,&quot;5&quot;:{&quot;1&quot;:2,&quot;2&quot;:0}},{&quot;1&quot;:0,&quot;2&quot;:0,&quot;3&quot;:1},{&quot;1&quot;:1,&quot;2&quot;:0,&quot;4&quot;:1}]},&quot;6&quot;:{&quot;1&quot;:[{&quot;1&quot;:2,&quot;2&quot;:0,&quot;5&quot;:{&quot;1&quot;:2,&quot;2&quot;:0}},{&quot;1&quot;:0,&quot;2&quot;:0,&quot;3&quot;:1},{&quot;1&quot;:1,&quot;2&quot;:0,&quot;4&quot;:1}]},&quot;7&quot;:{&quot;1&quot;:[{&quot;1&quot;:2,&quot;2&quot;:0,&quot;5&quot;:{&quot;1&quot;:2,&quot;2&quot;:0}},{&quot;1&quot;:0,&quot;2&quot;:0,&quot;3&quot;:1},{&quot;1&quot;:1,&quot;2&quot;:0,&quot;4&quot;:1}]},&quot;8&quot;:{&quot;1&quot;:[{&quot;1&quot;:2,&quot;2&quot;:0,&quot;5&quot;:{&quot;1&quot;:2,&quot;2&quot;:0}},{&quot;1&quot;:0,&quot;2&quot;:0,&quot;3&quot;:1},{&quot;1&quot;:1,&quot;2&quot;:0,&quot;4&quot;:1}]},&quot;9&quot;:1,&quot;11&quot;:4,&quot;15&quot;:&quot;Arial&quot;}\">Leit\u00e3o &amp; Irm\u00e3o apresenta, em prata, r\u00e9plicas \u00e0 escala o astrol\u00e1bio Banda I, \u00a0do original de 1568.<br \/>\nA navigational instrument developed in Portugal during the 15th century from the Arab planispheric astrolabe. The nautical astrolabe illustrates Portugal's leadership in the science of ocean navigation.<\/span><\/p>\n<p>Combining aesthetic beauty with technical precision, Leit\u00e3o &amp; Irm\u00e3o's Astrolabes transcend mere adornment and take on the role of historic scientific instruments that once guided explorers and navigators across the vast unknown oceans.<\/p>","protected":false},"featured_media":20486,"template":"","meta":{"_acf_changed":false},"product_brand":[],"product_cat":[464,70,74,77,676,124,139],"product_tag":[270],"class_list":{"0":"post-18130","1":"product","2":"type-product","3":"status-publish","4":"has-post-thumbnail","6":"product_cat-astrolabios-ourivesaria-portuguesa","7":"product_cat-casa-e-decoracao","8":"product_cat-decoracao","9":"product_cat-escritorio","10":"product_cat-gift-selection","11":"product_cat-presentes-entre-500e-a-1000e","12":"product_cat-presentes-para-personalizar","13":"product_tag-prata","14":"pa_diametro-o-43cm","15":"pa_diametro-o-55cm","17":"first","18":"outofstock","19":"shipping-taxable","20":"product-type-simple"},"acf":[],"yoast_head":"<!-- This site is optimized with the Yoast SEO plugin v25.4 - https:\/\/yoast.com\/wordpress\/plugins\/seo\/ -->\n<title>Astrol\u00e1bio Banda em prata<\/title>\n<meta name=\"description\" content=\"Cada Astrol\u00e1bio da Leit\u00e3o &amp; Irm\u00e3o \u00e9 meticulosamente trabalhado em detalhes requintados, e adornado com gravuras elegantes e intrincadas.\" \/>\n<meta name=\"robots\" content=\"index, follow, max-snippet:-1, max-image-preview:large, max-video-preview:-1\" \/>\n<link rel=\"canonical\" href=\"https:\/\/www.leitao-irmao.com\/en\/product\/astrolabio-banda-em-prata\/\" \/>\n<meta property=\"og:locale\" content=\"en_GB\" \/>\n<meta property=\"og:type\" content=\"article\" \/>\n<meta property=\"og:title\" content=\"Astrol\u00e1bio Banda em prata\" \/>\n<meta property=\"og:description\" content=\"Cada Astrol\u00e1bio da Leit\u00e3o &amp; Irm\u00e3o \u00e9 meticulosamente trabalhado em detalhes requintados, e adornado com gravuras elegantes e intrincadas.\" \/>\n<meta property=\"og:url\" content=\"https:\/\/www.leitao-irmao.com\/en\/product\/astrolabio-banda-em-prata\/\" \/>\n<meta property=\"og:site_name\" content=\"Leit\u00e3o &amp; Irm\u00e3o\" \/>\n<meta property=\"article:modified_time\" content=\"2026-01-28T13:29:17+00:00\" \/>\n<meta property=\"og:image\" content=\"https:\/\/www.leitao-irmao.com\/wp-content\/uploads\/2023\/09\/astrolabio-banda-1013001.jpg\" \/>\n\t<meta property=\"og:image:width\" content=\"1000\" \/>\n\t<meta property=\"og:image:height\" content=\"1000\" \/>\n\t<meta property=\"og:image:type\" content=\"image\/jpeg\" \/>\n<meta name=\"twitter:card\" content=\"summary_large_image\" \/>\n<meta name=\"twitter:label1\" content=\"Estimated reading time\" \/>\n\t<meta name=\"twitter:data1\" content=\"1 minute\" \/>\n<script type=\"application\/ld+json\" class=\"yoast-schema-graph\">{\"@context\":\"https:\/\/schema.org\",\"@graph\":[{\"@type\":\"WebPage\",\"@id\":\"https:\/\/www.leitao-irmao.com\/product\/astrolabio-banda-em-prata\/\",\"url\":\"https:\/\/www.leitao-irmao.com\/product\/astrolabio-banda-em-prata\/\",\"name\":\"Astrol\u00e1bio Banda em prata\",\"isPartOf\":{\"@id\":\"https:\/\/www.leitao-irmao.com\/#website\"},\"primaryImageOfPage\":{\"@id\":\"https:\/\/www.leitao-irmao.com\/product\/astrolabio-banda-em-prata\/#primaryimage\"},\"image\":{\"@id\":\"https:\/\/www.leitao-irmao.com\/product\/astrolabio-banda-em-prata\/#primaryimage\"},\"thumbnailUrl\":\"https:\/\/www.leitao-irmao.com\/wp-content\/uploads\/2023\/09\/astrolabio-banda-1013001.jpg\",\"datePublished\":\"2023-09-19T14:15:24+00:00\",\"dateModified\":\"2026-01-28T13:29:17+00:00\",\"description\":\"Cada Astrol\u00e1bio da Leit\u00e3o & Irm\u00e3o \u00e9 meticulosamente trabalhado em detalhes requintados, e adornado com gravuras elegantes e intrincadas.\",\"breadcrumb\":{\"@id\":\"https:\/\/www.leitao-irmao.com\/product\/astrolabio-banda-em-prata\/#breadcrumb\"},\"inLanguage\":\"en-GB\",\"potentialAction\":[{\"@type\":\"ReadAction\",\"target\":[\"https:\/\/www.leitao-irmao.com\/product\/astrolabio-banda-em-prata\/\"]}]},{\"@type\":\"ImageObject\",\"inLanguage\":\"en-GB\",\"@id\":\"https:\/\/www.leitao-irmao.com\/product\/astrolabio-banda-em-prata\/#primaryimage\",\"url\":\"https:\/\/www.leitao-irmao.com\/wp-content\/uploads\/2023\/09\/astrolabio-banda-1013001.jpg\",\"contentUrl\":\"https:\/\/www.leitao-irmao.com\/wp-content\/uploads\/2023\/09\/astrolabio-banda-1013001.jpg\",\"width\":1000,\"height\":1000,\"caption\":\"Astrol\u00e1bio banda em prata da Leit\u00e3o & Irm\u00e3o\"},{\"@type\":\"BreadcrumbList\",\"@id\":\"https:\/\/www.leitao-irmao.com\/product\/astrolabio-banda-em-prata\/#breadcrumb\",\"itemListElement\":[{\"@type\":\"ListItem\",\"position\":1,\"name\":\"Home\",\"item\":\"https:\/\/www.leitao-irmao.com\/\"},{\"@type\":\"ListItem\",\"position\":2,\"name\":\"Products\",\"item\":\"https:\/\/www.leitao-irmao.com\/shop\/\"},{\"@type\":\"ListItem\",\"position\":3,\"name\":\"Astrol\u00e1bio Banda em prata\"}]},{\"@type\":\"WebSite\",\"@id\":\"https:\/\/www.leitao-irmao.com\/#website\",\"url\":\"https:\/\/www.leitao-irmao.com\/\",\"name\":\"Leit\u00e3o & Irm\u00e3o\",\"description\":\"Joalheiros desde 1822\",\"publisher\":{\"@id\":\"https:\/\/www.leitao-irmao.com\/#organization\"},\"potentialAction\":[{\"@type\":\"SearchAction\",\"target\":{\"@type\":\"EntryPoint\",\"urlTemplate\":\"https:\/\/www.leitao-irmao.com\/?s={search_term_string}\"},\"query-input\":{\"@type\":\"PropertyValueSpecification\",\"valueRequired\":true,\"valueName\":\"search_term_string\"}}],\"inLanguage\":\"en-GB\"},{\"@type\":\"Organization\",\"@id\":\"https:\/\/www.leitao-irmao.com\/#organization\",\"name\":\"Leit\u00e3o & Irm\u00e3o\",\"url\":\"https:\/\/www.leitao-irmao.com\/\",\"logo\":{\"@type\":\"ImageObject\",\"inLanguage\":\"en-GB\",\"@id\":\"https:\/\/www.leitao-irmao.com\/#\/schema\/logo\/image\/\",\"url\":\"https:\/\/www.leitao-irmao.com\/wp-content\/uploads\/2022\/11\/leitaoirmao-logo.png\",\"contentUrl\":\"https:\/\/www.leitao-irmao.com\/wp-content\/uploads\/2022\/11\/leitaoirmao-logo.png\",\"width\":426,\"height\":89,\"caption\":\"Leit\u00e3o & Irm\u00e3o\"},\"image\":{\"@id\":\"https:\/\/www.leitao-irmao.com\/#\/schema\/logo\/image\/\"}}]}<\/script>\n<!-- \/ Yoast SEO plugin. -->","yoast_head_json":{"title":"Astrol\u00e1bio Banda em prata","description":"Cada Astrol\u00e1bio da Leit\u00e3o & Irm\u00e3o \u00e9 meticulosamente trabalhado em detalhes requintados, e adornado com gravuras elegantes e intrincadas.","robots":{"index":"index","follow":"follow","max-snippet":"max-snippet:-1","max-image-preview":"max-image-preview:large","max-video-preview":"max-video-preview:-1"},"canonical":"https:\/\/www.leitao-irmao.com\/en\/product\/astrolabio-banda-em-prata\/","og_locale":"en_GB","og_type":"article","og_title":"Astrol\u00e1bio Banda em prata","og_description":"Cada Astrol\u00e1bio da Leit\u00e3o & Irm\u00e3o \u00e9 meticulosamente trabalhado em detalhes requintados, e adornado com gravuras elegantes e intrincadas.","og_url":"https:\/\/www.leitao-irmao.com\/en\/product\/astrolabio-banda-em-prata\/","og_site_name":"Leit\u00e3o &amp; Irm\u00e3o","article_modified_time":"2026-01-28T13:29:17+00:00","og_image":[{"width":1000,"height":1000,"url":"https:\/\/www.leitao-irmao.com\/wp-content\/uploads\/2023\/09\/astrolabio-banda-1013001.jpg","type":"image\/jpeg"}],"twitter_card":"summary_large_image","twitter_misc":{"Estimated reading time":"1 minute"},"schema":{"@context":"https:\/\/schema.org","@graph":[{"@type":"WebPage","@id":"https:\/\/www.leitao-irmao.com\/product\/astrolabio-banda-em-prata\/","url":"https:\/\/www.leitao-irmao.com\/product\/astrolabio-banda-em-prata\/","name":"Astrol\u00e1bio Banda em prata","isPartOf":{"@id":"https:\/\/www.leitao-irmao.com\/#website"},"primaryImageOfPage":{"@id":"https:\/\/www.leitao-irmao.com\/product\/astrolabio-banda-em-prata\/#primaryimage"},"image":{"@id":"https:\/\/www.leitao-irmao.com\/product\/astrolabio-banda-em-prata\/#primaryimage"},"thumbnailUrl":"https:\/\/www.leitao-irmao.com\/wp-content\/uploads\/2023\/09\/astrolabio-banda-1013001.jpg","datePublished":"2023-09-19T14:15:24+00:00","dateModified":"2026-01-28T13:29:17+00:00","description":"Cada Astrol\u00e1bio da Leit\u00e3o & Irm\u00e3o \u00e9 meticulosamente trabalhado em detalhes requintados, e adornado com gravuras elegantes e intrincadas.","breadcrumb":{"@id":"https:\/\/www.leitao-irmao.com\/product\/astrolabio-banda-em-prata\/#breadcrumb"},"inLanguage":"en-GB","potentialAction":[{"@type":"ReadAction","target":["https:\/\/www.leitao-irmao.com\/product\/astrolabio-banda-em-prata\/"]}]},{"@type":"ImageObject","inLanguage":"en-GB","@id":"https:\/\/www.leitao-irmao.com\/product\/astrolabio-banda-em-prata\/#primaryimage","url":"https:\/\/www.leitao-irmao.com\/wp-content\/uploads\/2023\/09\/astrolabio-banda-1013001.jpg","contentUrl":"https:\/\/www.leitao-irmao.com\/wp-content\/uploads\/2023\/09\/astrolabio-banda-1013001.jpg","width":1000,"height":1000,"caption":"Astrol\u00e1bio banda em prata da Leit\u00e3o & Irm\u00e3o"},{"@type":"BreadcrumbList","@id":"https:\/\/www.leitao-irmao.com\/product\/astrolabio-banda-em-prata\/#breadcrumb","itemListElement":[{"@type":"ListItem","position":1,"name":"Home","item":"https:\/\/www.leitao-irmao.com\/"},{"@type":"ListItem","position":2,"name":"Products","item":"https:\/\/www.leitao-irmao.com\/shop\/"},{"@type":"ListItem","position":3,"name":"Astrol\u00e1bio Banda em prata"}]},{"@type":"WebSite","@id":"https:\/\/www.leitao-irmao.com\/#website","url":"https:\/\/www.leitao-irmao.com\/","name":"Leit\u00e3o & Irm\u00e3o","description":"Joalheiros desde 1822","publisher":{"@id":"https:\/\/www.leitao-irmao.com\/#organization"},"potentialAction":[{"@type":"SearchAction","target":{"@type":"EntryPoint","urlTemplate":"https:\/\/www.leitao-irmao.com\/?s={search_term_string}"},"query-input":{"@type":"PropertyValueSpecification","valueRequired":true,"valueName":"search_term_string"}}],"inLanguage":"en-GB"},{"@type":"Organization","@id":"https:\/\/www.leitao-irmao.com\/#organization","name":"Leit\u00e3o & Irm\u00e3o","url":"https:\/\/www.leitao-irmao.com\/","logo":{"@type":"ImageObject","inLanguage":"en-GB","@id":"https:\/\/www.leitao-irmao.com\/#\/schema\/logo\/image\/","url":"https:\/\/www.leitao-irmao.com\/wp-content\/uploads\/2022\/11\/leitaoirmao-logo.png","contentUrl":"https:\/\/www.leitao-irmao.com\/wp-content\/uploads\/2022\/11\/leitaoirmao-logo.png","width":426,"height":89,"caption":"Leit\u00e3o & Irm\u00e3o"},"image":{"@id":"https:\/\/www.leitao-irmao.com\/#\/schema\/logo\/image\/"}}]}},"_links":{"self":[{"href":"https:\/\/www.leitao-irmao.com\/en\/wp-json\/wp\/v2\/product\/18130","targetHints":{"allow":["GET"]}}],"collection":[{"href":"https:\/\/www.leitao-irmao.com\/en\/wp-json\/wp\/v2\/product"}],"about":[{"href":"https:\/\/www.leitao-irmao.com\/en\/wp-json\/wp\/v2\/types\/product"}],"version-history":[{"count":1,"href":"https:\/\/www.leitao-irmao.com\/en\/wp-json\/wp\/v2\/product\/18130\/revisions"}],"predecessor-version":[{"id":34267,"href":"https:\/\/www.leitao-irmao.com\/en\/wp-json\/wp\/v2\/product\/18130\/revisions\/34267"}],"wp:featuredmedia":[{"embeddable":true,"href":"https:\/\/www.leitao-irmao.com\/en\/wp-json\/wp\/v2\/media\/20486"}],"wp:attachment":[{"href":"https:\/\/www.leitao-irmao.com\/en\/wp-json\/wp\/v2\/media?parent=18130"}],"wp:term":[{"taxonomy":"product_brand","embeddable":true,"href":"https:\/\/www.leitao-irmao.com\/en\/wp-json\/wp\/v2\/product_brand?post=18130"},{"taxonomy":"product_cat","embeddable":true,"href":"https:\/\/www.leitao-irmao.com\/en\/wp-json\/wp\/v2\/product_cat?post=18130"},{"taxonomy":"product_tag","embeddable":true,"href":"https:\/\/www.leitao-irmao.com\/en\/wp-json\/wp\/v2\/product_tag?post=18130"}],"curies":[{"name":"wp","href":"https:\/\/api.w.org\/{rel}","templated":true}]}}