{"id":18181,"date":"2023-09-20T14:37:48","date_gmt":"2023-09-20T14:37:48","guid":{"rendered":"https:\/\/www.leitao-irmao.com\/?post_type=product&#038;p=18181"},"modified":"2026-04-08T15:21:31","modified_gmt":"2026-04-08T14:21:31","slug":"porta-chaves-retangulo-em-prata-formas-geometricas","status":"publish","type":"product","link":"https:\/\/www.leitao-irmao.com\/en\/product\/porta-chaves-retangulo-em-prata-formas-geometricas\/","title":{"rendered":"Rectangle key ring in silver | Geometric Shapes"},"content":{"rendered":"","protected":false},"excerpt":{"rendered":"<p>Take the organisation of your keys to a new level of style with our <strong>Silver Keyring with Geometric Shapes<\/strong>. A fashion statement that matches any style for your everyday life.<\/p>","protected":false},"featured_media":18182,"template":"","meta":{"_acf_changed":false},"product_brand":[],"product_cat":[77,676,79,134,482,123,138,139],"product_tag":[277,278,270,279],"class_list":{"0":"post-18181","1":"product","2":"type-product","3":"status-publish","4":"has-post-thumbnail","6":"product_cat-escritorio","7":"product_cat-gift-selection","8":"product_cat-joalharia","9":"product_cat-pai","10":"product_cat-porta-chaves","11":"product_cat-presentes-entre-150e-a-500e","12":"product_cat-presentes-institucionais","13":"product_cat-presentes-para-personalizar","14":"product_tag-homem","15":"product_tag-mulher","16":"product_tag-prata","17":"product_tag-unissexo","19":"first","20":"instock","21":"shipping-taxable","22":"purchasable","23":"product-type-simple"},"acf":[],"yoast_head":"<!-- This site is optimized with the Yoast SEO plugin v25.4 - https:\/\/yoast.com\/wordpress\/plugins\/seo\/ -->\n<title>Porta-Chaves Quadrado em prata<\/title>\n<meta name=\"description\" content=\"Eleve a organiza\u00e7\u00e3o das suas chaves a um novo patamar de estilo com os nossos Porta-Chaves em Prata com Formas Geom\u00e9tricas.\" \/>\n<meta name=\"robots\" content=\"index, follow, max-snippet:-1, max-image-preview:large, max-video-preview:-1\" \/>\n<link rel=\"canonical\" href=\"https:\/\/www.leitao-irmao.com\/en\/product\/porta-chaves-retangulo-em-prata-formas-geometricas\/\" \/>\n<meta property=\"og:locale\" content=\"en_GB\" \/>\n<meta property=\"og:type\" content=\"article\" \/>\n<meta property=\"og:title\" content=\"Porta-Chaves Quadrado em prata\" \/>\n<meta property=\"og:description\" content=\"Eleve a organiza\u00e7\u00e3o das suas chaves a um novo patamar de estilo com os nossos Porta-Chaves em Prata com Formas Geom\u00e9tricas.\" \/>\n<meta property=\"og:url\" content=\"https:\/\/www.leitao-irmao.com\/en\/product\/porta-chaves-retangulo-em-prata-formas-geometricas\/\" \/>\n<meta property=\"og:site_name\" content=\"Leit\u00e3o &amp; Irm\u00e3o\" \/>\n<meta property=\"article:modified_time\" content=\"2026-04-08T14:21:31+00:00\" \/>\n<meta property=\"og:image\" content=\"https:\/\/www.leitao-irmao.com\/wp-content\/uploads\/2023\/09\/0512088-Porta-Chaves-rectangulo-em-prata-copy.jpg\" \/>\n\t<meta property=\"og:image:width\" content=\"1000\" \/>\n\t<meta property=\"og:image:height\" content=\"1000\" \/>\n\t<meta property=\"og:image:type\" content=\"image\/jpeg\" \/>\n<meta name=\"twitter:card\" content=\"summary_large_image\" \/>\n<script type=\"application\/ld+json\" class=\"yoast-schema-graph\">{\"@context\":\"https:\/\/schema.org\",\"@graph\":[{\"@type\":\"WebPage\",\"@id\":\"https:\/\/www.leitao-irmao.com\/product\/porta-chaves-retangulo-em-prata-formas-geometricas\/\",\"url\":\"https:\/\/www.leitao-irmao.com\/product\/porta-chaves-retangulo-em-prata-formas-geometricas\/\",\"name\":\"Porta-Chaves Quadrado em prata\",\"isPartOf\":{\"@id\":\"https:\/\/www.leitao-irmao.com\/#website\"},\"primaryImageOfPage\":{\"@id\":\"https:\/\/www.leitao-irmao.com\/product\/porta-chaves-retangulo-em-prata-formas-geometricas\/#primaryimage\"},\"image\":{\"@id\":\"https:\/\/www.leitao-irmao.com\/product\/porta-chaves-retangulo-em-prata-formas-geometricas\/#primaryimage\"},\"thumbnailUrl\":\"https:\/\/www.leitao-irmao.com\/wp-content\/uploads\/2023\/09\/0512088-Porta-Chaves-rectangulo-em-prata-copy.jpg\",\"datePublished\":\"2023-09-20T14:37:48+00:00\",\"dateModified\":\"2026-04-08T14:21:31+00:00\",\"description\":\"Eleve a organiza\u00e7\u00e3o das suas chaves a um novo patamar de estilo com os nossos Porta-Chaves em Prata com Formas Geom\u00e9tricas.\",\"breadcrumb\":{\"@id\":\"https:\/\/www.leitao-irmao.com\/product\/porta-chaves-retangulo-em-prata-formas-geometricas\/#breadcrumb\"},\"inLanguage\":\"en-GB\",\"potentialAction\":[{\"@type\":\"ReadAction\",\"target\":[\"https:\/\/www.leitao-irmao.com\/product\/porta-chaves-retangulo-em-prata-formas-geometricas\/\"]}]},{\"@type\":\"ImageObject\",\"inLanguage\":\"en-GB\",\"@id\":\"https:\/\/www.leitao-irmao.com\/product\/porta-chaves-retangulo-em-prata-formas-geometricas\/#primaryimage\",\"url\":\"https:\/\/www.leitao-irmao.com\/wp-content\/uploads\/2023\/09\/0512088-Porta-Chaves-rectangulo-em-prata-copy.jpg\",\"contentUrl\":\"https:\/\/www.leitao-irmao.com\/wp-content\/uploads\/2023\/09\/0512088-Porta-Chaves-rectangulo-em-prata-copy.jpg\",\"width\":1000,\"height\":1000,\"caption\":\"Porta chaves ret\u00e2ngulo em prata da leit\u00e3o & Irm\u00e3o\"},{\"@type\":\"BreadcrumbList\",\"@id\":\"https:\/\/www.leitao-irmao.com\/product\/porta-chaves-retangulo-em-prata-formas-geometricas\/#breadcrumb\",\"itemListElement\":[{\"@type\":\"ListItem\",\"position\":1,\"name\":\"Home\",\"item\":\"https:\/\/www.leitao-irmao.com\/\"},{\"@type\":\"ListItem\",\"position\":2,\"name\":\"Products\",\"item\":\"https:\/\/www.leitao-irmao.com\/shop\/\"},{\"@type\":\"ListItem\",\"position\":3,\"name\":\"Porta-Chaves Ret\u00e2ngulo em prata | Formas Geom\u00e9tricas\"}]},{\"@type\":\"WebSite\",\"@id\":\"https:\/\/www.leitao-irmao.com\/#website\",\"url\":\"https:\/\/www.leitao-irmao.com\/\",\"name\":\"Leit\u00e3o & Irm\u00e3o\",\"description\":\"Joalheiros desde 1822\",\"publisher\":{\"@id\":\"https:\/\/www.leitao-irmao.com\/#organization\"},\"potentialAction\":[{\"@type\":\"SearchAction\",\"target\":{\"@type\":\"EntryPoint\",\"urlTemplate\":\"https:\/\/www.leitao-irmao.com\/?s={search_term_string}\"},\"query-input\":{\"@type\":\"PropertyValueSpecification\",\"valueRequired\":true,\"valueName\":\"search_term_string\"}}],\"inLanguage\":\"en-GB\"},{\"@type\":\"Organization\",\"@id\":\"https:\/\/www.leitao-irmao.com\/#organization\",\"name\":\"Leit\u00e3o & Irm\u00e3o\",\"url\":\"https:\/\/www.leitao-irmao.com\/\",\"logo\":{\"@type\":\"ImageObject\",\"inLanguage\":\"en-GB\",\"@id\":\"https:\/\/www.leitao-irmao.com\/#\/schema\/logo\/image\/\",\"url\":\"https:\/\/www.leitao-irmao.com\/wp-content\/uploads\/2022\/11\/leitaoirmao-logo.png\",\"contentUrl\":\"https:\/\/www.leitao-irmao.com\/wp-content\/uploads\/2022\/11\/leitaoirmao-logo.png\",\"width\":426,\"height\":89,\"caption\":\"Leit\u00e3o & Irm\u00e3o\"},\"image\":{\"@id\":\"https:\/\/www.leitao-irmao.com\/#\/schema\/logo\/image\/\"}}]}<\/script>\n<!-- \/ Yoast SEO plugin. -->","yoast_head_json":{"title":"Porta-Chaves Quadrado em prata","description":"Eleve a organiza\u00e7\u00e3o das suas chaves a um novo patamar de estilo com os nossos Porta-Chaves em Prata com Formas Geom\u00e9tricas.","robots":{"index":"index","follow":"follow","max-snippet":"max-snippet:-1","max-image-preview":"max-image-preview:large","max-video-preview":"max-video-preview:-1"},"canonical":"https:\/\/www.leitao-irmao.com\/en\/product\/porta-chaves-retangulo-em-prata-formas-geometricas\/","og_locale":"en_GB","og_type":"article","og_title":"Porta-Chaves Quadrado em prata","og_description":"Eleve a organiza\u00e7\u00e3o das suas chaves a um novo patamar de estilo com os nossos Porta-Chaves em Prata com Formas Geom\u00e9tricas.","og_url":"https:\/\/www.leitao-irmao.com\/en\/product\/porta-chaves-retangulo-em-prata-formas-geometricas\/","og_site_name":"Leit\u00e3o &amp; Irm\u00e3o","article_modified_time":"2026-04-08T14:21:31+00:00","og_image":[{"width":1000,"height":1000,"url":"https:\/\/www.leitao-irmao.com\/wp-content\/uploads\/2023\/09\/0512088-Porta-Chaves-rectangulo-em-prata-copy.jpg","type":"image\/jpeg"}],"twitter_card":"summary_large_image","schema":{"@context":"https:\/\/schema.org","@graph":[{"@type":"WebPage","@id":"https:\/\/www.leitao-irmao.com\/product\/porta-chaves-retangulo-em-prata-formas-geometricas\/","url":"https:\/\/www.leitao-irmao.com\/product\/porta-chaves-retangulo-em-prata-formas-geometricas\/","name":"Porta-Chaves Quadrado em prata","isPartOf":{"@id":"https:\/\/www.leitao-irmao.com\/#website"},"primaryImageOfPage":{"@id":"https:\/\/www.leitao-irmao.com\/product\/porta-chaves-retangulo-em-prata-formas-geometricas\/#primaryimage"},"image":{"@id":"https:\/\/www.leitao-irmao.com\/product\/porta-chaves-retangulo-em-prata-formas-geometricas\/#primaryimage"},"thumbnailUrl":"https:\/\/www.leitao-irmao.com\/wp-content\/uploads\/2023\/09\/0512088-Porta-Chaves-rectangulo-em-prata-copy.jpg","datePublished":"2023-09-20T14:37:48+00:00","dateModified":"2026-04-08T14:21:31+00:00","description":"Eleve a organiza\u00e7\u00e3o das suas chaves a um novo patamar de estilo com os nossos Porta-Chaves em Prata com Formas Geom\u00e9tricas.","breadcrumb":{"@id":"https:\/\/www.leitao-irmao.com\/product\/porta-chaves-retangulo-em-prata-formas-geometricas\/#breadcrumb"},"inLanguage":"en-GB","potentialAction":[{"@type":"ReadAction","target":["https:\/\/www.leitao-irmao.com\/product\/porta-chaves-retangulo-em-prata-formas-geometricas\/"]}]},{"@type":"ImageObject","inLanguage":"en-GB","@id":"https:\/\/www.leitao-irmao.com\/product\/porta-chaves-retangulo-em-prata-formas-geometricas\/#primaryimage","url":"https:\/\/www.leitao-irmao.com\/wp-content\/uploads\/2023\/09\/0512088-Porta-Chaves-rectangulo-em-prata-copy.jpg","contentUrl":"https:\/\/www.leitao-irmao.com\/wp-content\/uploads\/2023\/09\/0512088-Porta-Chaves-rectangulo-em-prata-copy.jpg","width":1000,"height":1000,"caption":"Porta chaves ret\u00e2ngulo em prata da leit\u00e3o & Irm\u00e3o"},{"@type":"BreadcrumbList","@id":"https:\/\/www.leitao-irmao.com\/product\/porta-chaves-retangulo-em-prata-formas-geometricas\/#breadcrumb","itemListElement":[{"@type":"ListItem","position":1,"name":"Home","item":"https:\/\/www.leitao-irmao.com\/"},{"@type":"ListItem","position":2,"name":"Products","item":"https:\/\/www.leitao-irmao.com\/shop\/"},{"@type":"ListItem","position":3,"name":"Porta-Chaves Ret\u00e2ngulo em prata | Formas Geom\u00e9tricas"}]},{"@type":"WebSite","@id":"https:\/\/www.leitao-irmao.com\/#website","url":"https:\/\/www.leitao-irmao.com\/","name":"Leit\u00e3o & Irm\u00e3o","description":"Joalheiros desde 1822","publisher":{"@id":"https:\/\/www.leitao-irmao.com\/#organization"},"potentialAction":[{"@type":"SearchAction","target":{"@type":"EntryPoint","urlTemplate":"https:\/\/www.leitao-irmao.com\/?s={search_term_string}"},"query-input":{"@type":"PropertyValueSpecification","valueRequired":true,"valueName":"search_term_string"}}],"inLanguage":"en-GB"},{"@type":"Organization","@id":"https:\/\/www.leitao-irmao.com\/#organization","name":"Leit\u00e3o & Irm\u00e3o","url":"https:\/\/www.leitao-irmao.com\/","logo":{"@type":"ImageObject","inLanguage":"en-GB","@id":"https:\/\/www.leitao-irmao.com\/#\/schema\/logo\/image\/","url":"https:\/\/www.leitao-irmao.com\/wp-content\/uploads\/2022\/11\/leitaoirmao-logo.png","contentUrl":"https:\/\/www.leitao-irmao.com\/wp-content\/uploads\/2022\/11\/leitaoirmao-logo.png","width":426,"height":89,"caption":"Leit\u00e3o & Irm\u00e3o"},"image":{"@id":"https:\/\/www.leitao-irmao.com\/#\/schema\/logo\/image\/"}}]}},"_links":{"self":[{"href":"https:\/\/www.leitao-irmao.com\/en\/wp-json\/wp\/v2\/product\/18181","targetHints":{"allow":["GET"]}}],"collection":[{"href":"https:\/\/www.leitao-irmao.com\/en\/wp-json\/wp\/v2\/product"}],"about":[{"href":"https:\/\/www.leitao-irmao.com\/en\/wp-json\/wp\/v2\/types\/product"}],"version-history":[{"count":1,"href":"https:\/\/www.leitao-irmao.com\/en\/wp-json\/wp\/v2\/product\/18181\/revisions"}],"predecessor-version":[{"id":34272,"href":"https:\/\/www.leitao-irmao.com\/en\/wp-json\/wp\/v2\/product\/18181\/revisions\/34272"}],"wp:featuredmedia":[{"embeddable":true,"href":"https:\/\/www.leitao-irmao.com\/en\/wp-json\/wp\/v2\/media\/18182"}],"wp:attachment":[{"href":"https:\/\/www.leitao-irmao.com\/en\/wp-json\/wp\/v2\/media?parent=18181"}],"wp:term":[{"taxonomy":"product_brand","embeddable":true,"href":"https:\/\/www.leitao-irmao.com\/en\/wp-json\/wp\/v2\/product_brand?post=18181"},{"taxonomy":"product_cat","embeddable":true,"href":"https:\/\/www.leitao-irmao.com\/en\/wp-json\/wp\/v2\/product_cat?post=18181"},{"taxonomy":"product_tag","embeddable":true,"href":"https:\/\/www.leitao-irmao.com\/en\/wp-json\/wp\/v2\/product_tag?post=18181"}],"curies":[{"name":"wp","href":"https:\/\/api.w.org\/{rel}","templated":true}]}}