{"id":18605,"date":"2023-10-02T09:29:23","date_gmt":"2023-10-02T09:29:23","guid":{"rendered":"https:\/\/www.leitao-irmao.com\/?post_type=product&#038;p=18605"},"modified":"2025-10-31T17:38:58","modified_gmt":"2025-10-31T17:38:58","slug":"medalha-anjo-da-guarda-em-ouro","status":"publish","type":"product","link":"https:\/\/www.leitao-irmao.com\/en\/product\/medalha-anjo-da-guarda-em-ouro\/","title":{"rendered":"Guardian Angel medal and chain in gold"},"content":{"rendered":"","protected":false},"excerpt":{"rendered":"<p>Introducing our special set <strong>Guardian Angel Medal and Thread with Wing Charm. <\/strong>This piece is a connection to individual faith and carries within it individual meaning and spirituality.<\/p>\n<ul>\n<li><em>Celestial Wing:<\/em> The thread is accentuated by a charming wing pendant, representing freedom, protection and divine love.<\/li>\n<\/ul>\n<p><strong>A small detail with great symbolism for your day-to-day life.<\/strong><\/p>\n<p>&nbsp;<\/p>\n<p><em>Expected delivery of 5 to 10 working days after order.<\/em><\/p>","protected":false},"featured_media":18607,"template":"","meta":{"_acf_changed":false},"product_brand":[],"product_cat":[483,137,84,79,126,664,496],"product_tag":[434,278,271],"class_list":{"0":"post-18605","1":"product","2":"type-product","3":"status-publish","4":"has-post-thumbnail","6":"product_cat-artigos-religiosos","7":"product_cat-batizados","8":"product_cat-colares-e-fios","9":"product_cat-joalharia","10":"product_cat-presentes-entre-2500e-a-5000e","11":"product_cat-presentes-para-a-primeira-comunhao","12":"product_cat-sem-desconto","13":"product_tag-crianca","14":"product_tag-mulher","15":"product_tag-ouro","17":"first","18":"onbackorder","19":"shipping-taxable","20":"purchasable","21":"product-type-simple"},"acf":[],"yoast_head":"<!-- This site is optimized with the Yoast SEO plugin v25.4 - https:\/\/yoast.com\/wordpress\/plugins\/seo\/ -->\n<title>medalha e fio anjo da guarda em ouro<\/title>\n<meta name=\"description\" content=\"O Conjunto especial Medalha Anjo da Guarda e Fio com Charm Asinha. Esta pe\u00e7a \u00e9 uma conex\u00e3o com a f\u00e9 individual e leva em si significado e espiritualidade.\" \/>\n<meta name=\"robots\" content=\"index, follow, max-snippet:-1, max-image-preview:large, max-video-preview:-1\" \/>\n<link rel=\"canonical\" href=\"https:\/\/www.leitao-irmao.com\/en\/product\/medalha-anjo-da-guarda-em-ouro\/\" \/>\n<meta property=\"og:locale\" content=\"en_GB\" \/>\n<meta property=\"og:type\" content=\"article\" \/>\n<meta property=\"og:title\" content=\"medalha e fio anjo da guarda em ouro\" \/>\n<meta property=\"og:description\" content=\"O Conjunto especial Medalha Anjo da Guarda e Fio com Charm Asinha. Esta pe\u00e7a \u00e9 uma conex\u00e3o com a f\u00e9 individual e leva em si significado e espiritualidade.\" \/>\n<meta property=\"og:url\" content=\"https:\/\/www.leitao-irmao.com\/en\/product\/medalha-anjo-da-guarda-em-ouro\/\" \/>\n<meta property=\"og:site_name\" content=\"Leit\u00e3o &amp; Irm\u00e3o\" \/>\n<meta property=\"article:modified_time\" content=\"2025-10-31T17:38:58+00:00\" \/>\n<meta property=\"og:image\" content=\"https:\/\/www.leitao-irmao.com\/wp-content\/uploads\/2023\/10\/anjo_guarda_bpi_2022.jpg\" \/>\n\t<meta property=\"og:image:width\" content=\"1080\" \/>\n\t<meta property=\"og:image:height\" content=\"1080\" \/>\n\t<meta property=\"og:image:type\" content=\"image\/jpeg\" \/>\n<meta name=\"twitter:card\" content=\"summary_large_image\" \/>\n<meta name=\"twitter:label1\" content=\"Estimated reading time\" \/>\n\t<meta name=\"twitter:data1\" content=\"1 minute\" \/>\n<script type=\"application\/ld+json\" class=\"yoast-schema-graph\">{\"@context\":\"https:\/\/schema.org\",\"@graph\":[{\"@type\":\"WebPage\",\"@id\":\"https:\/\/www.leitao-irmao.com\/product\/medalha-anjo-da-guarda-em-ouro\/\",\"url\":\"https:\/\/www.leitao-irmao.com\/product\/medalha-anjo-da-guarda-em-ouro\/\",\"name\":\"medalha e fio anjo da guarda em ouro\",\"isPartOf\":{\"@id\":\"https:\/\/www.leitao-irmao.com\/#website\"},\"primaryImageOfPage\":{\"@id\":\"https:\/\/www.leitao-irmao.com\/product\/medalha-anjo-da-guarda-em-ouro\/#primaryimage\"},\"image\":{\"@id\":\"https:\/\/www.leitao-irmao.com\/product\/medalha-anjo-da-guarda-em-ouro\/#primaryimage\"},\"thumbnailUrl\":\"https:\/\/www.leitao-irmao.com\/wp-content\/uploads\/2023\/10\/anjo_guarda_bpi_2022.jpg\",\"datePublished\":\"2023-10-02T09:29:23+00:00\",\"dateModified\":\"2025-10-31T17:38:58+00:00\",\"description\":\"O Conjunto especial Medalha Anjo da Guarda e Fio com Charm Asinha. Esta pe\u00e7a \u00e9 uma conex\u00e3o com a f\u00e9 individual e leva em si significado e espiritualidade.\",\"breadcrumb\":{\"@id\":\"https:\/\/www.leitao-irmao.com\/product\/medalha-anjo-da-guarda-em-ouro\/#breadcrumb\"},\"inLanguage\":\"en-GB\",\"potentialAction\":[{\"@type\":\"ReadAction\",\"target\":[\"https:\/\/www.leitao-irmao.com\/product\/medalha-anjo-da-guarda-em-ouro\/\"]}]},{\"@type\":\"ImageObject\",\"inLanguage\":\"en-GB\",\"@id\":\"https:\/\/www.leitao-irmao.com\/product\/medalha-anjo-da-guarda-em-ouro\/#primaryimage\",\"url\":\"https:\/\/www.leitao-irmao.com\/wp-content\/uploads\/2023\/10\/anjo_guarda_bpi_2022.jpg\",\"contentUrl\":\"https:\/\/www.leitao-irmao.com\/wp-content\/uploads\/2023\/10\/anjo_guarda_bpi_2022.jpg\",\"width\":1080,\"height\":1080,\"caption\":\"Medalha e Fio anjo da guarda em ouro da Leit\u00e3o & Irm\u00e3o\"},{\"@type\":\"BreadcrumbList\",\"@id\":\"https:\/\/www.leitao-irmao.com\/product\/medalha-anjo-da-guarda-em-ouro\/#breadcrumb\",\"itemListElement\":[{\"@type\":\"ListItem\",\"position\":1,\"name\":\"Home\",\"item\":\"https:\/\/www.leitao-irmao.com\/\"},{\"@type\":\"ListItem\",\"position\":2,\"name\":\"Products\",\"item\":\"https:\/\/www.leitao-irmao.com\/shop\/\"},{\"@type\":\"ListItem\",\"position\":3,\"name\":\"Medalha e Fio Anjo da Guarda em ouro\"}]},{\"@type\":\"WebSite\",\"@id\":\"https:\/\/www.leitao-irmao.com\/#website\",\"url\":\"https:\/\/www.leitao-irmao.com\/\",\"name\":\"Leit\u00e3o & Irm\u00e3o\",\"description\":\"Joalheiros desde 1822\",\"publisher\":{\"@id\":\"https:\/\/www.leitao-irmao.com\/#organization\"},\"potentialAction\":[{\"@type\":\"SearchAction\",\"target\":{\"@type\":\"EntryPoint\",\"urlTemplate\":\"https:\/\/www.leitao-irmao.com\/?s={search_term_string}\"},\"query-input\":{\"@type\":\"PropertyValueSpecification\",\"valueRequired\":true,\"valueName\":\"search_term_string\"}}],\"inLanguage\":\"en-GB\"},{\"@type\":\"Organization\",\"@id\":\"https:\/\/www.leitao-irmao.com\/#organization\",\"name\":\"Leit\u00e3o & Irm\u00e3o\",\"url\":\"https:\/\/www.leitao-irmao.com\/\",\"logo\":{\"@type\":\"ImageObject\",\"inLanguage\":\"en-GB\",\"@id\":\"https:\/\/www.leitao-irmao.com\/#\/schema\/logo\/image\/\",\"url\":\"https:\/\/www.leitao-irmao.com\/wp-content\/uploads\/2022\/11\/leitaoirmao-logo.png\",\"contentUrl\":\"https:\/\/www.leitao-irmao.com\/wp-content\/uploads\/2022\/11\/leitaoirmao-logo.png\",\"width\":426,\"height\":89,\"caption\":\"Leit\u00e3o & Irm\u00e3o\"},\"image\":{\"@id\":\"https:\/\/www.leitao-irmao.com\/#\/schema\/logo\/image\/\"}}]}<\/script>\n<!-- \/ Yoast SEO plugin. -->","yoast_head_json":{"title":"medalha e fio anjo da guarda em ouro","description":"O Conjunto especial Medalha Anjo da Guarda e Fio com Charm Asinha. Esta pe\u00e7a \u00e9 uma conex\u00e3o com a f\u00e9 individual e leva em si significado e espiritualidade.","robots":{"index":"index","follow":"follow","max-snippet":"max-snippet:-1","max-image-preview":"max-image-preview:large","max-video-preview":"max-video-preview:-1"},"canonical":"https:\/\/www.leitao-irmao.com\/en\/product\/medalha-anjo-da-guarda-em-ouro\/","og_locale":"en_GB","og_type":"article","og_title":"medalha e fio anjo da guarda em ouro","og_description":"O Conjunto especial Medalha Anjo da Guarda e Fio com Charm Asinha. Esta pe\u00e7a \u00e9 uma conex\u00e3o com a f\u00e9 individual e leva em si significado e espiritualidade.","og_url":"https:\/\/www.leitao-irmao.com\/en\/product\/medalha-anjo-da-guarda-em-ouro\/","og_site_name":"Leit\u00e3o &amp; Irm\u00e3o","article_modified_time":"2025-10-31T17:38:58+00:00","og_image":[{"width":1080,"height":1080,"url":"https:\/\/www.leitao-irmao.com\/wp-content\/uploads\/2023\/10\/anjo_guarda_bpi_2022.jpg","type":"image\/jpeg"}],"twitter_card":"summary_large_image","twitter_misc":{"Estimated reading time":"1 minute"},"schema":{"@context":"https:\/\/schema.org","@graph":[{"@type":"WebPage","@id":"https:\/\/www.leitao-irmao.com\/product\/medalha-anjo-da-guarda-em-ouro\/","url":"https:\/\/www.leitao-irmao.com\/product\/medalha-anjo-da-guarda-em-ouro\/","name":"medalha e fio anjo da guarda em ouro","isPartOf":{"@id":"https:\/\/www.leitao-irmao.com\/#website"},"primaryImageOfPage":{"@id":"https:\/\/www.leitao-irmao.com\/product\/medalha-anjo-da-guarda-em-ouro\/#primaryimage"},"image":{"@id":"https:\/\/www.leitao-irmao.com\/product\/medalha-anjo-da-guarda-em-ouro\/#primaryimage"},"thumbnailUrl":"https:\/\/www.leitao-irmao.com\/wp-content\/uploads\/2023\/10\/anjo_guarda_bpi_2022.jpg","datePublished":"2023-10-02T09:29:23+00:00","dateModified":"2025-10-31T17:38:58+00:00","description":"O Conjunto especial Medalha Anjo da Guarda e Fio com Charm Asinha. Esta pe\u00e7a \u00e9 uma conex\u00e3o com a f\u00e9 individual e leva em si significado e espiritualidade.","breadcrumb":{"@id":"https:\/\/www.leitao-irmao.com\/product\/medalha-anjo-da-guarda-em-ouro\/#breadcrumb"},"inLanguage":"en-GB","potentialAction":[{"@type":"ReadAction","target":["https:\/\/www.leitao-irmao.com\/product\/medalha-anjo-da-guarda-em-ouro\/"]}]},{"@type":"ImageObject","inLanguage":"en-GB","@id":"https:\/\/www.leitao-irmao.com\/product\/medalha-anjo-da-guarda-em-ouro\/#primaryimage","url":"https:\/\/www.leitao-irmao.com\/wp-content\/uploads\/2023\/10\/anjo_guarda_bpi_2022.jpg","contentUrl":"https:\/\/www.leitao-irmao.com\/wp-content\/uploads\/2023\/10\/anjo_guarda_bpi_2022.jpg","width":1080,"height":1080,"caption":"Medalha e Fio anjo da guarda em ouro da Leit\u00e3o & Irm\u00e3o"},{"@type":"BreadcrumbList","@id":"https:\/\/www.leitao-irmao.com\/product\/medalha-anjo-da-guarda-em-ouro\/#breadcrumb","itemListElement":[{"@type":"ListItem","position":1,"name":"Home","item":"https:\/\/www.leitao-irmao.com\/"},{"@type":"ListItem","position":2,"name":"Products","item":"https:\/\/www.leitao-irmao.com\/shop\/"},{"@type":"ListItem","position":3,"name":"Medalha e Fio Anjo da Guarda em ouro"}]},{"@type":"WebSite","@id":"https:\/\/www.leitao-irmao.com\/#website","url":"https:\/\/www.leitao-irmao.com\/","name":"Leit\u00e3o & Irm\u00e3o","description":"Joalheiros desde 1822","publisher":{"@id":"https:\/\/www.leitao-irmao.com\/#organization"},"potentialAction":[{"@type":"SearchAction","target":{"@type":"EntryPoint","urlTemplate":"https:\/\/www.leitao-irmao.com\/?s={search_term_string}"},"query-input":{"@type":"PropertyValueSpecification","valueRequired":true,"valueName":"search_term_string"}}],"inLanguage":"en-GB"},{"@type":"Organization","@id":"https:\/\/www.leitao-irmao.com\/#organization","name":"Leit\u00e3o & Irm\u00e3o","url":"https:\/\/www.leitao-irmao.com\/","logo":{"@type":"ImageObject","inLanguage":"en-GB","@id":"https:\/\/www.leitao-irmao.com\/#\/schema\/logo\/image\/","url":"https:\/\/www.leitao-irmao.com\/wp-content\/uploads\/2022\/11\/leitaoirmao-logo.png","contentUrl":"https:\/\/www.leitao-irmao.com\/wp-content\/uploads\/2022\/11\/leitaoirmao-logo.png","width":426,"height":89,"caption":"Leit\u00e3o & Irm\u00e3o"},"image":{"@id":"https:\/\/www.leitao-irmao.com\/#\/schema\/logo\/image\/"}}]}},"_links":{"self":[{"href":"https:\/\/www.leitao-irmao.com\/en\/wp-json\/wp\/v2\/product\/18605","targetHints":{"allow":["GET"]}}],"collection":[{"href":"https:\/\/www.leitao-irmao.com\/en\/wp-json\/wp\/v2\/product"}],"about":[{"href":"https:\/\/www.leitao-irmao.com\/en\/wp-json\/wp\/v2\/types\/product"}],"version-history":[{"count":2,"href":"https:\/\/www.leitao-irmao.com\/en\/wp-json\/wp\/v2\/product\/18605\/revisions"}],"predecessor-version":[{"id":34913,"href":"https:\/\/www.leitao-irmao.com\/en\/wp-json\/wp\/v2\/product\/18605\/revisions\/34913"}],"wp:featuredmedia":[{"embeddable":true,"href":"https:\/\/www.leitao-irmao.com\/en\/wp-json\/wp\/v2\/media\/18607"}],"wp:attachment":[{"href":"https:\/\/www.leitao-irmao.com\/en\/wp-json\/wp\/v2\/media?parent=18605"}],"wp:term":[{"taxonomy":"product_brand","embeddable":true,"href":"https:\/\/www.leitao-irmao.com\/en\/wp-json\/wp\/v2\/product_brand?post=18605"},{"taxonomy":"product_cat","embeddable":true,"href":"https:\/\/www.leitao-irmao.com\/en\/wp-json\/wp\/v2\/product_cat?post=18605"},{"taxonomy":"product_tag","embeddable":true,"href":"https:\/\/www.leitao-irmao.com\/en\/wp-json\/wp\/v2\/product_tag?post=18605"}],"curies":[{"name":"wp","href":"https:\/\/api.w.org\/{rel}","templated":true}]}}