{"id":18611,"date":"2023-10-02T09:33:18","date_gmt":"2023-10-02T09:33:18","guid":{"rendered":"https:\/\/www.leitao-irmao.com\/?post_type=product&#038;p=18611"},"modified":"2026-02-13T09:20:48","modified_gmt":"2026-02-13T09:20:48","slug":"pendente-nossa-senhora-de-fatima-em-ouro","status":"publish","type":"product","link":"https:\/\/www.leitao-irmao.com\/en\/product\/pendente-nossa-senhora-de-fatima-em-ouro\/","title":{"rendered":"Our Lady of Fatima pendant in gold"},"content":{"rendered":"","protected":false},"excerpt":{"rendered":"<p>We present our <strong>Our Lady of Fatima Pendant in Gold<\/strong>A piece that captures the timeless beauty of faith in an elegant and delicate way. Beyond jewellery, the pendant is a subtle representation of hope, protection and love.<\/p>","protected":false},"featured_media":18613,"template":"","meta":{"_acf_changed":false},"product_brand":[],"product_cat":[483,137,84,79,141,135,125],"product_tag":[434,278,271],"class_list":{"0":"post-18611","1":"product","2":"type-product","3":"status-publish","4":"has-post-thumbnail","6":"product_cat-artigos-religiosos-joalharia-portuguesa","7":"product_cat-batizados","8":"product_cat-fios-e-colares-joalharia-portuguesa-leitao-irmao","9":"product_cat-joalharia","10":"product_cat-para-ela","11":"product_cat-natal","12":"product_cat-presentes-entre-1000e-a-2500e","13":"product_tag-crianca","14":"product_tag-mulher","15":"product_tag-ouro","17":"first","18":"instock","19":"shipping-taxable","20":"purchasable","21":"product-type-simple"},"acf":[],"yoast_head":"<!-- This site is optimized with the Yoast SEO plugin v25.4 - https:\/\/yoast.com\/wordpress\/plugins\/seo\/ -->\n<title>pendente nossa senhora de F\u00e1tima em ouro<\/title>\n<meta name=\"robots\" content=\"index, follow, max-snippet:-1, max-image-preview:large, max-video-preview:-1\" \/>\n<link rel=\"canonical\" href=\"https:\/\/www.leitao-irmao.com\/en\/product\/pendente-nossa-senhora-de-fatima-em-ouro\/\" \/>\n<meta property=\"og:locale\" content=\"en_GB\" \/>\n<meta property=\"og:type\" content=\"article\" \/>\n<meta property=\"og:title\" content=\"pendente nossa senhora de F\u00e1tima em ouro\" \/>\n<meta property=\"og:description\" content=\"Apresentamos o nosso Pendente Nossa Senhora de F\u00e1tima em Ouro, uma pe\u00e7a que captura a beleza atemporal da f\u00e9 de uma forma elegante e delicada. Para al\u00e9m de uma joia; o pendente \u00e9 uma representa\u00e7\u00e3o sutil de esperan\u00e7a, prote\u00e7\u00e3o e amor.\" \/>\n<meta property=\"og:url\" content=\"https:\/\/www.leitao-irmao.com\/en\/product\/pendente-nossa-senhora-de-fatima-em-ouro\/\" \/>\n<meta property=\"og:site_name\" content=\"Leit\u00e3o &amp; Irm\u00e3o\" \/>\n<meta property=\"article:modified_time\" content=\"2026-02-13T09:20:48+00:00\" \/>\n<meta property=\"og:image\" content=\"https:\/\/www.leitao-irmao.com\/wp-content\/uploads\/2023\/10\/pendente_nossasenhora_bpi_01_02.jpg\" \/>\n\t<meta property=\"og:image:width\" content=\"1080\" \/>\n\t<meta property=\"og:image:height\" content=\"1080\" \/>\n\t<meta property=\"og:image:type\" content=\"image\/jpeg\" \/>\n<meta name=\"twitter:card\" content=\"summary_large_image\" \/>\n<meta name=\"twitter:label1\" content=\"Estimated reading time\" \/>\n\t<meta name=\"twitter:data1\" content=\"1 minute\" \/>\n<script type=\"application\/ld+json\" class=\"yoast-schema-graph\">{\"@context\":\"https:\/\/schema.org\",\"@graph\":[{\"@type\":\"WebPage\",\"@id\":\"https:\/\/www.leitao-irmao.com\/product\/pendente-nossa-senhora-de-fatima-em-ouro\/\",\"url\":\"https:\/\/www.leitao-irmao.com\/product\/pendente-nossa-senhora-de-fatima-em-ouro\/\",\"name\":\"pendente nossa senhora de F\u00e1tima em ouro\",\"isPartOf\":{\"@id\":\"https:\/\/www.leitao-irmao.com\/#website\"},\"primaryImageOfPage\":{\"@id\":\"https:\/\/www.leitao-irmao.com\/product\/pendente-nossa-senhora-de-fatima-em-ouro\/#primaryimage\"},\"image\":{\"@id\":\"https:\/\/www.leitao-irmao.com\/product\/pendente-nossa-senhora-de-fatima-em-ouro\/#primaryimage\"},\"thumbnailUrl\":\"https:\/\/www.leitao-irmao.com\/wp-content\/uploads\/2023\/10\/pendente_nossasenhora_bpi_01_02.jpg\",\"datePublished\":\"2023-10-02T09:33:18+00:00\",\"dateModified\":\"2026-02-13T09:20:48+00:00\",\"breadcrumb\":{\"@id\":\"https:\/\/www.leitao-irmao.com\/product\/pendente-nossa-senhora-de-fatima-em-ouro\/#breadcrumb\"},\"inLanguage\":\"en-GB\",\"potentialAction\":[{\"@type\":\"ReadAction\",\"target\":[\"https:\/\/www.leitao-irmao.com\/product\/pendente-nossa-senhora-de-fatima-em-ouro\/\"]}]},{\"@type\":\"ImageObject\",\"inLanguage\":\"en-GB\",\"@id\":\"https:\/\/www.leitao-irmao.com\/product\/pendente-nossa-senhora-de-fatima-em-ouro\/#primaryimage\",\"url\":\"https:\/\/www.leitao-irmao.com\/wp-content\/uploads\/2023\/10\/pendente_nossasenhora_bpi_01_02.jpg\",\"contentUrl\":\"https:\/\/www.leitao-irmao.com\/wp-content\/uploads\/2023\/10\/pendente_nossasenhora_bpi_01_02.jpg\",\"width\":1080,\"height\":1080,\"caption\":\"Colar Nossa Senhora de F\u00e1tima em ouro e diamantes da Leit\u00e3o & Irm\u00e3o\"},{\"@type\":\"BreadcrumbList\",\"@id\":\"https:\/\/www.leitao-irmao.com\/product\/pendente-nossa-senhora-de-fatima-em-ouro\/#breadcrumb\",\"itemListElement\":[{\"@type\":\"ListItem\",\"position\":1,\"name\":\"Home\",\"item\":\"https:\/\/www.leitao-irmao.com\/\"},{\"@type\":\"ListItem\",\"position\":2,\"name\":\"Products\",\"item\":\"https:\/\/www.leitao-irmao.com\/shop\/\"},{\"@type\":\"ListItem\",\"position\":3,\"name\":\"Pendente Nossa Senhora de F\u00e1tima em ouro\"}]},{\"@type\":\"WebSite\",\"@id\":\"https:\/\/www.leitao-irmao.com\/#website\",\"url\":\"https:\/\/www.leitao-irmao.com\/\",\"name\":\"Leit\u00e3o & Irm\u00e3o\",\"description\":\"Joalheiros desde 1822\",\"publisher\":{\"@id\":\"https:\/\/www.leitao-irmao.com\/#organization\"},\"potentialAction\":[{\"@type\":\"SearchAction\",\"target\":{\"@type\":\"EntryPoint\",\"urlTemplate\":\"https:\/\/www.leitao-irmao.com\/?s={search_term_string}\"},\"query-input\":{\"@type\":\"PropertyValueSpecification\",\"valueRequired\":true,\"valueName\":\"search_term_string\"}}],\"inLanguage\":\"en-GB\"},{\"@type\":\"Organization\",\"@id\":\"https:\/\/www.leitao-irmao.com\/#organization\",\"name\":\"Leit\u00e3o & Irm\u00e3o\",\"url\":\"https:\/\/www.leitao-irmao.com\/\",\"logo\":{\"@type\":\"ImageObject\",\"inLanguage\":\"en-GB\",\"@id\":\"https:\/\/www.leitao-irmao.com\/#\/schema\/logo\/image\/\",\"url\":\"https:\/\/www.leitao-irmao.com\/wp-content\/uploads\/2022\/11\/leitaoirmao-logo.png\",\"contentUrl\":\"https:\/\/www.leitao-irmao.com\/wp-content\/uploads\/2022\/11\/leitaoirmao-logo.png\",\"width\":426,\"height\":89,\"caption\":\"Leit\u00e3o & Irm\u00e3o\"},\"image\":{\"@id\":\"https:\/\/www.leitao-irmao.com\/#\/schema\/logo\/image\/\"}}]}<\/script>\n<!-- \/ Yoast SEO plugin. -->","yoast_head_json":{"title":"pendente nossa senhora de F\u00e1tima em ouro","robots":{"index":"index","follow":"follow","max-snippet":"max-snippet:-1","max-image-preview":"max-image-preview:large","max-video-preview":"max-video-preview:-1"},"canonical":"https:\/\/www.leitao-irmao.com\/en\/product\/pendente-nossa-senhora-de-fatima-em-ouro\/","og_locale":"en_GB","og_type":"article","og_title":"pendente nossa senhora de F\u00e1tima em ouro","og_description":"Apresentamos o nosso Pendente Nossa Senhora de F\u00e1tima em Ouro, uma pe\u00e7a que captura a beleza atemporal da f\u00e9 de uma forma elegante e delicada. Para al\u00e9m de uma joia; o pendente \u00e9 uma representa\u00e7\u00e3o sutil de esperan\u00e7a, prote\u00e7\u00e3o e amor.","og_url":"https:\/\/www.leitao-irmao.com\/en\/product\/pendente-nossa-senhora-de-fatima-em-ouro\/","og_site_name":"Leit\u00e3o &amp; Irm\u00e3o","article_modified_time":"2026-02-13T09:20:48+00:00","og_image":[{"width":1080,"height":1080,"url":"https:\/\/www.leitao-irmao.com\/wp-content\/uploads\/2023\/10\/pendente_nossasenhora_bpi_01_02.jpg","type":"image\/jpeg"}],"twitter_card":"summary_large_image","twitter_misc":{"Estimated reading time":"1 minute"},"schema":{"@context":"https:\/\/schema.org","@graph":[{"@type":"WebPage","@id":"https:\/\/www.leitao-irmao.com\/product\/pendente-nossa-senhora-de-fatima-em-ouro\/","url":"https:\/\/www.leitao-irmao.com\/product\/pendente-nossa-senhora-de-fatima-em-ouro\/","name":"pendente nossa senhora de F\u00e1tima em ouro","isPartOf":{"@id":"https:\/\/www.leitao-irmao.com\/#website"},"primaryImageOfPage":{"@id":"https:\/\/www.leitao-irmao.com\/product\/pendente-nossa-senhora-de-fatima-em-ouro\/#primaryimage"},"image":{"@id":"https:\/\/www.leitao-irmao.com\/product\/pendente-nossa-senhora-de-fatima-em-ouro\/#primaryimage"},"thumbnailUrl":"https:\/\/www.leitao-irmao.com\/wp-content\/uploads\/2023\/10\/pendente_nossasenhora_bpi_01_02.jpg","datePublished":"2023-10-02T09:33:18+00:00","dateModified":"2026-02-13T09:20:48+00:00","breadcrumb":{"@id":"https:\/\/www.leitao-irmao.com\/product\/pendente-nossa-senhora-de-fatima-em-ouro\/#breadcrumb"},"inLanguage":"en-GB","potentialAction":[{"@type":"ReadAction","target":["https:\/\/www.leitao-irmao.com\/product\/pendente-nossa-senhora-de-fatima-em-ouro\/"]}]},{"@type":"ImageObject","inLanguage":"en-GB","@id":"https:\/\/www.leitao-irmao.com\/product\/pendente-nossa-senhora-de-fatima-em-ouro\/#primaryimage","url":"https:\/\/www.leitao-irmao.com\/wp-content\/uploads\/2023\/10\/pendente_nossasenhora_bpi_01_02.jpg","contentUrl":"https:\/\/www.leitao-irmao.com\/wp-content\/uploads\/2023\/10\/pendente_nossasenhora_bpi_01_02.jpg","width":1080,"height":1080,"caption":"Colar Nossa Senhora de F\u00e1tima em ouro e diamantes da Leit\u00e3o & Irm\u00e3o"},{"@type":"BreadcrumbList","@id":"https:\/\/www.leitao-irmao.com\/product\/pendente-nossa-senhora-de-fatima-em-ouro\/#breadcrumb","itemListElement":[{"@type":"ListItem","position":1,"name":"Home","item":"https:\/\/www.leitao-irmao.com\/"},{"@type":"ListItem","position":2,"name":"Products","item":"https:\/\/www.leitao-irmao.com\/shop\/"},{"@type":"ListItem","position":3,"name":"Pendente Nossa Senhora de F\u00e1tima em ouro"}]},{"@type":"WebSite","@id":"https:\/\/www.leitao-irmao.com\/#website","url":"https:\/\/www.leitao-irmao.com\/","name":"Leit\u00e3o & Irm\u00e3o","description":"Joalheiros desde 1822","publisher":{"@id":"https:\/\/www.leitao-irmao.com\/#organization"},"potentialAction":[{"@type":"SearchAction","target":{"@type":"EntryPoint","urlTemplate":"https:\/\/www.leitao-irmao.com\/?s={search_term_string}"},"query-input":{"@type":"PropertyValueSpecification","valueRequired":true,"valueName":"search_term_string"}}],"inLanguage":"en-GB"},{"@type":"Organization","@id":"https:\/\/www.leitao-irmao.com\/#organization","name":"Leit\u00e3o & Irm\u00e3o","url":"https:\/\/www.leitao-irmao.com\/","logo":{"@type":"ImageObject","inLanguage":"en-GB","@id":"https:\/\/www.leitao-irmao.com\/#\/schema\/logo\/image\/","url":"https:\/\/www.leitao-irmao.com\/wp-content\/uploads\/2022\/11\/leitaoirmao-logo.png","contentUrl":"https:\/\/www.leitao-irmao.com\/wp-content\/uploads\/2022\/11\/leitaoirmao-logo.png","width":426,"height":89,"caption":"Leit\u00e3o & Irm\u00e3o"},"image":{"@id":"https:\/\/www.leitao-irmao.com\/#\/schema\/logo\/image\/"}}]}},"_links":{"self":[{"href":"https:\/\/www.leitao-irmao.com\/en\/wp-json\/wp\/v2\/product\/18611","targetHints":{"allow":["GET"]}}],"collection":[{"href":"https:\/\/www.leitao-irmao.com\/en\/wp-json\/wp\/v2\/product"}],"about":[{"href":"https:\/\/www.leitao-irmao.com\/en\/wp-json\/wp\/v2\/types\/product"}],"version-history":[{"count":1,"href":"https:\/\/www.leitao-irmao.com\/en\/wp-json\/wp\/v2\/product\/18611\/revisions"}],"predecessor-version":[{"id":37035,"href":"https:\/\/www.leitao-irmao.com\/en\/wp-json\/wp\/v2\/product\/18611\/revisions\/37035"}],"wp:featuredmedia":[{"embeddable":true,"href":"https:\/\/www.leitao-irmao.com\/en\/wp-json\/wp\/v2\/media\/18613"}],"wp:attachment":[{"href":"https:\/\/www.leitao-irmao.com\/en\/wp-json\/wp\/v2\/media?parent=18611"}],"wp:term":[{"taxonomy":"product_brand","embeddable":true,"href":"https:\/\/www.leitao-irmao.com\/en\/wp-json\/wp\/v2\/product_brand?post=18611"},{"taxonomy":"product_cat","embeddable":true,"href":"https:\/\/www.leitao-irmao.com\/en\/wp-json\/wp\/v2\/product_cat?post=18611"},{"taxonomy":"product_tag","embeddable":true,"href":"https:\/\/www.leitao-irmao.com\/en\/wp-json\/wp\/v2\/product_tag?post=18611"}],"curies":[{"name":"wp","href":"https:\/\/api.w.org\/{rel}","templated":true}]}}