{"id":18685,"date":"2023-10-02T16:47:15","date_gmt":"2023-10-02T16:47:15","guid":{"rendered":"https:\/\/www.leitao-irmao.com\/?post_type=product&#038;p=18685"},"modified":"2026-04-22T16:55:16","modified_gmt":"2026-04-22T15:55:16","slug":"taca-de-porcelana-portuguesa-colorida-com-prata-grande","status":"publish","type":"product","link":"https:\/\/www.leitao-irmao.com\/en\/product\/taca-de-porcelana-portuguesa-colorida-com-prata-grande\/","title":{"rendered":"Bowl in coloured Portuguese porcelain and silver | Large"},"content":{"rendered":"","protected":false},"excerpt":{"rendered":"<p>Leit\u00e3o &amp; Irm\u00e3o bowls are a classic in the most elegant homes.<\/p>\n<p>Hand-painted porcelain in a range of limited edition colors. An elegant and unique piece to decorate your home.<\/p>\n<p>It can be used as a decorative bowl, to pour pockets, to serve on the table or to put your snacks in.<\/p>\n<p>The new limited edition colors are: Leit\u00e3o &amp; Irm\u00e3o Yellow, Matte Red, Iris Green, Malibu Green and the classic Cobalt Blue.<\/p>\n<p>In 3 sizes: small, medium and large to be combined with each other or to match your decor.<\/p>","protected":false},"featured_media":18881,"template":"","meta":{"_acf_changed":false},"product_brand":[],"product_cat":[70,74,676,129,136,262,130,72],"product_tag":[336,270],"class_list":{"0":"post-18685","1":"product","2":"type-product","3":"status-publish","4":"has-post-thumbnail","6":"product_cat-casa-e-decoracao","7":"product_cat-decoracao","8":"product_cat-gift-selection","9":"product_cat-ofertas-para-o-casal","10":"product_cat-pascoa","11":"product_cat-porcelanas","12":"product_cat-presentes-de-casamento","13":"product_cat-tableware-and-dinnerware","14":"product_tag-bestseller","15":"product_tag-prata","17":"first","18":"instock","19":"shipping-taxable","20":"purchasable","21":"product-type-variable"},"acf":[],"yoast_head":"<!-- This site is optimized with the Yoast SEO plugin v25.4 - https:\/\/yoast.com\/wordpress\/plugins\/seo\/ -->\n<title>ta\u00e7a em porcelana colorida e prata<\/title>\n<meta name=\"description\" content=\"As ta\u00e7as Leit\u00e3o &amp; Irm\u00e3o s\u00e3o um cl\u00e1ssico. Em porcelana pintada \u00e0 m\u00e3o, numa varia\u00e7\u00e3o de cores de edi\u00e7\u00e3o limitada. Uma pe\u00e7a elegante e \u00fanica.\" \/>\n<meta name=\"robots\" content=\"index, follow, max-snippet:-1, max-image-preview:large, max-video-preview:-1\" \/>\n<link rel=\"canonical\" href=\"https:\/\/www.leitao-irmao.com\/en\/product\/taca-de-porcelana-portuguesa-colorida-com-prata-grande\/\" \/>\n<meta property=\"og:locale\" content=\"en_GB\" \/>\n<meta property=\"og:type\" content=\"article\" \/>\n<meta property=\"og:title\" content=\"ta\u00e7a em porcelana colorida e prata\" \/>\n<meta property=\"og:description\" content=\"As ta\u00e7as Leit\u00e3o &amp; Irm\u00e3o s\u00e3o um cl\u00e1ssico. Em porcelana pintada \u00e0 m\u00e3o, numa varia\u00e7\u00e3o de cores de edi\u00e7\u00e3o limitada. Uma pe\u00e7a elegante e \u00fanica.\" \/>\n<meta property=\"og:url\" content=\"https:\/\/www.leitao-irmao.com\/en\/product\/taca-de-porcelana-portuguesa-colorida-com-prata-grande\/\" \/>\n<meta property=\"og:site_name\" content=\"Leit\u00e3o &amp; Irm\u00e3o\" \/>\n<meta property=\"article:modified_time\" content=\"2026-04-22T15:55:16+00:00\" \/>\n<meta property=\"og:image\" content=\"https:\/\/www.leitao-irmao.com\/wp-content\/uploads\/2023\/10\/taca_grande_amarelo_mate.jpg\" \/>\n\t<meta property=\"og:image:width\" content=\"1080\" \/>\n\t<meta property=\"og:image:height\" content=\"1080\" \/>\n\t<meta property=\"og:image:type\" content=\"image\/jpeg\" \/>\n<meta name=\"twitter:card\" content=\"summary_large_image\" \/>\n<meta name=\"twitter:label1\" content=\"Estimated reading time\" \/>\n\t<meta name=\"twitter:data1\" content=\"1 minute\" \/>\n<script type=\"application\/ld+json\" class=\"yoast-schema-graph\">{\"@context\":\"https:\/\/schema.org\",\"@graph\":[{\"@type\":\"WebPage\",\"@id\":\"https:\/\/www.leitao-irmao.com\/product\/taca-de-porcelana-portuguesa-colorida-com-prata-grande\/\",\"url\":\"https:\/\/www.leitao-irmao.com\/product\/taca-de-porcelana-portuguesa-colorida-com-prata-grande\/\",\"name\":\"ta\u00e7a em porcelana colorida e prata\",\"isPartOf\":{\"@id\":\"https:\/\/www.leitao-irmao.com\/#website\"},\"primaryImageOfPage\":{\"@id\":\"https:\/\/www.leitao-irmao.com\/product\/taca-de-porcelana-portuguesa-colorida-com-prata-grande\/#primaryimage\"},\"image\":{\"@id\":\"https:\/\/www.leitao-irmao.com\/product\/taca-de-porcelana-portuguesa-colorida-com-prata-grande\/#primaryimage\"},\"thumbnailUrl\":\"https:\/\/www.leitao-irmao.com\/wp-content\/uploads\/2023\/10\/taca_grande_amarelo_mate.jpg\",\"datePublished\":\"2023-10-02T16:47:15+00:00\",\"dateModified\":\"2026-04-22T15:55:16+00:00\",\"description\":\"As ta\u00e7as Leit\u00e3o & Irm\u00e3o s\u00e3o um cl\u00e1ssico. Em porcelana pintada \u00e0 m\u00e3o, numa varia\u00e7\u00e3o de cores de edi\u00e7\u00e3o limitada. Uma pe\u00e7a elegante e \u00fanica.\",\"breadcrumb\":{\"@id\":\"https:\/\/www.leitao-irmao.com\/product\/taca-de-porcelana-portuguesa-colorida-com-prata-grande\/#breadcrumb\"},\"inLanguage\":\"en-GB\",\"potentialAction\":[{\"@type\":\"ReadAction\",\"target\":[\"https:\/\/www.leitao-irmao.com\/product\/taca-de-porcelana-portuguesa-colorida-com-prata-grande\/\"]}]},{\"@type\":\"ImageObject\",\"inLanguage\":\"en-GB\",\"@id\":\"https:\/\/www.leitao-irmao.com\/product\/taca-de-porcelana-portuguesa-colorida-com-prata-grande\/#primaryimage\",\"url\":\"https:\/\/www.leitao-irmao.com\/wp-content\/uploads\/2023\/10\/taca_grande_amarelo_mate.jpg\",\"contentUrl\":\"https:\/\/www.leitao-irmao.com\/wp-content\/uploads\/2023\/10\/taca_grande_amarelo_mate.jpg\",\"width\":1080,\"height\":1080,\"caption\":\"Ta\u00e7a em prata com porcelana portuguesa colorida amarelo da Leit\u00e3o & Irm\u00e3o\"},{\"@type\":\"BreadcrumbList\",\"@id\":\"https:\/\/www.leitao-irmao.com\/product\/taca-de-porcelana-portuguesa-colorida-com-prata-grande\/#breadcrumb\",\"itemListElement\":[{\"@type\":\"ListItem\",\"position\":1,\"name\":\"Home\",\"item\":\"https:\/\/www.leitao-irmao.com\/\"},{\"@type\":\"ListItem\",\"position\":2,\"name\":\"Products\",\"item\":\"https:\/\/www.leitao-irmao.com\/shop\/\"},{\"@type\":\"ListItem\",\"position\":3,\"name\":\"Ta\u00e7a de Porcelana Portuguesa colorida com Prata | Grande\"}]},{\"@type\":\"WebSite\",\"@id\":\"https:\/\/www.leitao-irmao.com\/#website\",\"url\":\"https:\/\/www.leitao-irmao.com\/\",\"name\":\"Leit\u00e3o & Irm\u00e3o\",\"description\":\"Joalheiros desde 1822\",\"publisher\":{\"@id\":\"https:\/\/www.leitao-irmao.com\/#organization\"},\"potentialAction\":[{\"@type\":\"SearchAction\",\"target\":{\"@type\":\"EntryPoint\",\"urlTemplate\":\"https:\/\/www.leitao-irmao.com\/?s={search_term_string}\"},\"query-input\":{\"@type\":\"PropertyValueSpecification\",\"valueRequired\":true,\"valueName\":\"search_term_string\"}}],\"inLanguage\":\"en-GB\"},{\"@type\":\"Organization\",\"@id\":\"https:\/\/www.leitao-irmao.com\/#organization\",\"name\":\"Leit\u00e3o & Irm\u00e3o\",\"url\":\"https:\/\/www.leitao-irmao.com\/\",\"logo\":{\"@type\":\"ImageObject\",\"inLanguage\":\"en-GB\",\"@id\":\"https:\/\/www.leitao-irmao.com\/#\/schema\/logo\/image\/\",\"url\":\"https:\/\/www.leitao-irmao.com\/wp-content\/uploads\/2022\/11\/leitaoirmao-logo.png\",\"contentUrl\":\"https:\/\/www.leitao-irmao.com\/wp-content\/uploads\/2022\/11\/leitaoirmao-logo.png\",\"width\":426,\"height\":89,\"caption\":\"Leit\u00e3o & Irm\u00e3o\"},\"image\":{\"@id\":\"https:\/\/www.leitao-irmao.com\/#\/schema\/logo\/image\/\"}}]}<\/script>\n<!-- \/ Yoast SEO plugin. -->","yoast_head_json":{"title":"ta\u00e7a em porcelana colorida e prata","description":"As ta\u00e7as Leit\u00e3o & Irm\u00e3o s\u00e3o um cl\u00e1ssico. Em porcelana pintada \u00e0 m\u00e3o, numa varia\u00e7\u00e3o de cores de edi\u00e7\u00e3o limitada. Uma pe\u00e7a elegante e \u00fanica.","robots":{"index":"index","follow":"follow","max-snippet":"max-snippet:-1","max-image-preview":"max-image-preview:large","max-video-preview":"max-video-preview:-1"},"canonical":"https:\/\/www.leitao-irmao.com\/en\/product\/taca-de-porcelana-portuguesa-colorida-com-prata-grande\/","og_locale":"en_GB","og_type":"article","og_title":"ta\u00e7a em porcelana colorida e prata","og_description":"As ta\u00e7as Leit\u00e3o & Irm\u00e3o s\u00e3o um cl\u00e1ssico. Em porcelana pintada \u00e0 m\u00e3o, numa varia\u00e7\u00e3o de cores de edi\u00e7\u00e3o limitada. Uma pe\u00e7a elegante e \u00fanica.","og_url":"https:\/\/www.leitao-irmao.com\/en\/product\/taca-de-porcelana-portuguesa-colorida-com-prata-grande\/","og_site_name":"Leit\u00e3o &amp; Irm\u00e3o","article_modified_time":"2026-04-22T15:55:16+00:00","og_image":[{"width":1080,"height":1080,"url":"https:\/\/www.leitao-irmao.com\/wp-content\/uploads\/2023\/10\/taca_grande_amarelo_mate.jpg","type":"image\/jpeg"}],"twitter_card":"summary_large_image","twitter_misc":{"Estimated reading time":"1 minute"},"schema":{"@context":"https:\/\/schema.org","@graph":[{"@type":"WebPage","@id":"https:\/\/www.leitao-irmao.com\/product\/taca-de-porcelana-portuguesa-colorida-com-prata-grande\/","url":"https:\/\/www.leitao-irmao.com\/product\/taca-de-porcelana-portuguesa-colorida-com-prata-grande\/","name":"ta\u00e7a em porcelana colorida e prata","isPartOf":{"@id":"https:\/\/www.leitao-irmao.com\/#website"},"primaryImageOfPage":{"@id":"https:\/\/www.leitao-irmao.com\/product\/taca-de-porcelana-portuguesa-colorida-com-prata-grande\/#primaryimage"},"image":{"@id":"https:\/\/www.leitao-irmao.com\/product\/taca-de-porcelana-portuguesa-colorida-com-prata-grande\/#primaryimage"},"thumbnailUrl":"https:\/\/www.leitao-irmao.com\/wp-content\/uploads\/2023\/10\/taca_grande_amarelo_mate.jpg","datePublished":"2023-10-02T16:47:15+00:00","dateModified":"2026-04-22T15:55:16+00:00","description":"As ta\u00e7as Leit\u00e3o & Irm\u00e3o s\u00e3o um cl\u00e1ssico. Em porcelana pintada \u00e0 m\u00e3o, numa varia\u00e7\u00e3o de cores de edi\u00e7\u00e3o limitada. Uma pe\u00e7a elegante e \u00fanica.","breadcrumb":{"@id":"https:\/\/www.leitao-irmao.com\/product\/taca-de-porcelana-portuguesa-colorida-com-prata-grande\/#breadcrumb"},"inLanguage":"en-GB","potentialAction":[{"@type":"ReadAction","target":["https:\/\/www.leitao-irmao.com\/product\/taca-de-porcelana-portuguesa-colorida-com-prata-grande\/"]}]},{"@type":"ImageObject","inLanguage":"en-GB","@id":"https:\/\/www.leitao-irmao.com\/product\/taca-de-porcelana-portuguesa-colorida-com-prata-grande\/#primaryimage","url":"https:\/\/www.leitao-irmao.com\/wp-content\/uploads\/2023\/10\/taca_grande_amarelo_mate.jpg","contentUrl":"https:\/\/www.leitao-irmao.com\/wp-content\/uploads\/2023\/10\/taca_grande_amarelo_mate.jpg","width":1080,"height":1080,"caption":"Ta\u00e7a em prata com porcelana portuguesa colorida amarelo da Leit\u00e3o & Irm\u00e3o"},{"@type":"BreadcrumbList","@id":"https:\/\/www.leitao-irmao.com\/product\/taca-de-porcelana-portuguesa-colorida-com-prata-grande\/#breadcrumb","itemListElement":[{"@type":"ListItem","position":1,"name":"Home","item":"https:\/\/www.leitao-irmao.com\/"},{"@type":"ListItem","position":2,"name":"Products","item":"https:\/\/www.leitao-irmao.com\/shop\/"},{"@type":"ListItem","position":3,"name":"Ta\u00e7a de Porcelana Portuguesa colorida com Prata | Grande"}]},{"@type":"WebSite","@id":"https:\/\/www.leitao-irmao.com\/#website","url":"https:\/\/www.leitao-irmao.com\/","name":"Leit\u00e3o & Irm\u00e3o","description":"Joalheiros desde 1822","publisher":{"@id":"https:\/\/www.leitao-irmao.com\/#organization"},"potentialAction":[{"@type":"SearchAction","target":{"@type":"EntryPoint","urlTemplate":"https:\/\/www.leitao-irmao.com\/?s={search_term_string}"},"query-input":{"@type":"PropertyValueSpecification","valueRequired":true,"valueName":"search_term_string"}}],"inLanguage":"en-GB"},{"@type":"Organization","@id":"https:\/\/www.leitao-irmao.com\/#organization","name":"Leit\u00e3o & Irm\u00e3o","url":"https:\/\/www.leitao-irmao.com\/","logo":{"@type":"ImageObject","inLanguage":"en-GB","@id":"https:\/\/www.leitao-irmao.com\/#\/schema\/logo\/image\/","url":"https:\/\/www.leitao-irmao.com\/wp-content\/uploads\/2022\/11\/leitaoirmao-logo.png","contentUrl":"https:\/\/www.leitao-irmao.com\/wp-content\/uploads\/2022\/11\/leitaoirmao-logo.png","width":426,"height":89,"caption":"Leit\u00e3o & Irm\u00e3o"},"image":{"@id":"https:\/\/www.leitao-irmao.com\/#\/schema\/logo\/image\/"}}]}},"_links":{"self":[{"href":"https:\/\/www.leitao-irmao.com\/en\/wp-json\/wp\/v2\/product\/18685","targetHints":{"allow":["GET"]}}],"collection":[{"href":"https:\/\/www.leitao-irmao.com\/en\/wp-json\/wp\/v2\/product"}],"about":[{"href":"https:\/\/www.leitao-irmao.com\/en\/wp-json\/wp\/v2\/types\/product"}],"version-history":[{"count":1,"href":"https:\/\/www.leitao-irmao.com\/en\/wp-json\/wp\/v2\/product\/18685\/revisions"}],"predecessor-version":[{"id":32265,"href":"https:\/\/www.leitao-irmao.com\/en\/wp-json\/wp\/v2\/product\/18685\/revisions\/32265"}],"wp:featuredmedia":[{"embeddable":true,"href":"https:\/\/www.leitao-irmao.com\/en\/wp-json\/wp\/v2\/media\/18881"}],"wp:attachment":[{"href":"https:\/\/www.leitao-irmao.com\/en\/wp-json\/wp\/v2\/media?parent=18685"}],"wp:term":[{"taxonomy":"product_brand","embeddable":true,"href":"https:\/\/www.leitao-irmao.com\/en\/wp-json\/wp\/v2\/product_brand?post=18685"},{"taxonomy":"product_cat","embeddable":true,"href":"https:\/\/www.leitao-irmao.com\/en\/wp-json\/wp\/v2\/product_cat?post=18685"},{"taxonomy":"product_tag","embeddable":true,"href":"https:\/\/www.leitao-irmao.com\/en\/wp-json\/wp\/v2\/product_tag?post=18685"}],"curies":[{"name":"wp","href":"https:\/\/api.w.org\/{rel}","templated":true}]}}