{"id":19122,"date":"2023-10-09T11:45:06","date_gmt":"2023-10-09T11:45:06","guid":{"rendered":"https:\/\/www.leitao-irmao.com\/?post_type=product&#038;p=19122"},"modified":"2026-02-19T16:55:38","modified_gmt":"2026-02-19T16:55:38","slug":"concha-de-acucar-grao-de-cafe-em-prata","status":"publish","type":"product","link":"https:\/\/www.leitao-irmao.com\/en\/product\/concha-de-acucar-grao-de-cafe-em-prata\/","title":{"rendered":"Coffee Bean Sugar Ladle in silver"},"content":{"rendered":"","protected":false},"excerpt":{"rendered":"<p>In addition to its unrivalled functionality, the Leit\u00e3o &amp; Irm\u00e3o Sugar Ladle is a statement of style in your everyday life.<\/p>","protected":false},"featured_media":19123,"template":"","meta":{"_acf_changed":false},"product_brand":[],"product_cat":[78,70,74,676,129,349,136,130,135,123,72],"product_tag":[270],"class_list":{"0":"post-19122","1":"product","2":"type-product","3":"status-publish","4":"has-post-thumbnail","6":"product_cat-bar-drinkware-ourivesaria-portuguesa-leitao-irmao","7":"product_cat-casa-e-decoracao","8":"product_cat-decoracao","9":"product_cat-gift-selection","10":"product_cat-ofertas-para-o-casal","11":"product_cat-para-os-convidados","12":"product_cat-pascoa","13":"product_cat-presentes-de-casamento","14":"product_cat-natal","15":"product_cat-presentes-entre-150e-a-500e","16":"product_cat-tableware-and-dinnerware","17":"product_tag-prata","19":"first","20":"instock","21":"shipping-taxable","22":"purchasable","23":"product-type-simple"},"acf":[],"yoast_head":"<!-- This site is optimized with the Yoast SEO plugin v25.4 - https:\/\/yoast.com\/wordpress\/plugins\/seo\/ -->\n<title>concha de a\u00e7ucar<\/title>\n<meta name=\"description\" content=\"A Concha de A\u00e7\u00facar Leit\u00e3o &amp; Irm\u00e3o al\u00e9m da sua funcionalidade inigual\u00e1vel, \u00e9 uma declara\u00e7\u00e3o de estilo no seu dia-a-dia.\" \/>\n<meta name=\"robots\" content=\"index, follow, max-snippet:-1, max-image-preview:large, max-video-preview:-1\" \/>\n<link rel=\"canonical\" href=\"https:\/\/www.leitao-irmao.com\/en\/product\/concha-de-acucar-grao-de-cafe-em-prata\/\" \/>\n<meta property=\"og:locale\" content=\"en_GB\" \/>\n<meta property=\"og:type\" content=\"article\" \/>\n<meta property=\"og:title\" content=\"concha de a\u00e7ucar\" \/>\n<meta property=\"og:description\" content=\"A Concha de A\u00e7\u00facar Leit\u00e3o &amp; Irm\u00e3o al\u00e9m da sua funcionalidade inigual\u00e1vel, \u00e9 uma declara\u00e7\u00e3o de estilo no seu dia-a-dia.\" \/>\n<meta property=\"og:url\" content=\"https:\/\/www.leitao-irmao.com\/en\/product\/concha-de-acucar-grao-de-cafe-em-prata\/\" \/>\n<meta property=\"og:site_name\" content=\"Leit\u00e3o &amp; Irm\u00e3o\" \/>\n<meta property=\"article:modified_time\" content=\"2026-02-19T16:55:38+00:00\" \/>\n<meta property=\"og:image\" content=\"https:\/\/www.leitao-irmao.com\/wp-content\/uploads\/2023\/10\/concha-acucar-prata-0534002.jpg\" \/>\n\t<meta property=\"og:image:width\" content=\"1080\" \/>\n\t<meta property=\"og:image:height\" content=\"1080\" \/>\n\t<meta property=\"og:image:type\" content=\"image\/jpeg\" \/>\n<meta name=\"twitter:card\" content=\"summary_large_image\" \/>\n<meta name=\"twitter:label1\" content=\"Estimated reading time\" \/>\n\t<meta name=\"twitter:data1\" content=\"1 minute\" \/>\n<script type=\"application\/ld+json\" class=\"yoast-schema-graph\">{\"@context\":\"https:\/\/schema.org\",\"@graph\":[{\"@type\":\"WebPage\",\"@id\":\"https:\/\/www.leitao-irmao.com\/product\/concha-de-acucar-grao-de-cafe-em-prata\/\",\"url\":\"https:\/\/www.leitao-irmao.com\/product\/concha-de-acucar-grao-de-cafe-em-prata\/\",\"name\":\"concha de a\u00e7ucar\",\"isPartOf\":{\"@id\":\"https:\/\/www.leitao-irmao.com\/#website\"},\"primaryImageOfPage\":{\"@id\":\"https:\/\/www.leitao-irmao.com\/product\/concha-de-acucar-grao-de-cafe-em-prata\/#primaryimage\"},\"image\":{\"@id\":\"https:\/\/www.leitao-irmao.com\/product\/concha-de-acucar-grao-de-cafe-em-prata\/#primaryimage\"},\"thumbnailUrl\":\"https:\/\/www.leitao-irmao.com\/wp-content\/uploads\/2023\/10\/concha-acucar-prata-0534002.jpg\",\"datePublished\":\"2023-10-09T11:45:06+00:00\",\"dateModified\":\"2026-02-19T16:55:38+00:00\",\"description\":\"A Concha de A\u00e7\u00facar Leit\u00e3o & Irm\u00e3o al\u00e9m da sua funcionalidade inigual\u00e1vel, \u00e9 uma declara\u00e7\u00e3o de estilo no seu dia-a-dia.\",\"breadcrumb\":{\"@id\":\"https:\/\/www.leitao-irmao.com\/product\/concha-de-acucar-grao-de-cafe-em-prata\/#breadcrumb\"},\"inLanguage\":\"en-GB\",\"potentialAction\":[{\"@type\":\"ReadAction\",\"target\":[\"https:\/\/www.leitao-irmao.com\/product\/concha-de-acucar-grao-de-cafe-em-prata\/\"]}]},{\"@type\":\"ImageObject\",\"inLanguage\":\"en-GB\",\"@id\":\"https:\/\/www.leitao-irmao.com\/product\/concha-de-acucar-grao-de-cafe-em-prata\/#primaryimage\",\"url\":\"https:\/\/www.leitao-irmao.com\/wp-content\/uploads\/2023\/10\/concha-acucar-prata-0534002.jpg\",\"contentUrl\":\"https:\/\/www.leitao-irmao.com\/wp-content\/uploads\/2023\/10\/concha-acucar-prata-0534002.jpg\",\"width\":1080,\"height\":1080,\"caption\":\"Concha de a\u00e7\u00facar Gr\u00e3o de caf\u00e9 em prata da Leit\u00e3o & Irm\u00e3o\"},{\"@type\":\"BreadcrumbList\",\"@id\":\"https:\/\/www.leitao-irmao.com\/product\/concha-de-acucar-grao-de-cafe-em-prata\/#breadcrumb\",\"itemListElement\":[{\"@type\":\"ListItem\",\"position\":1,\"name\":\"Home\",\"item\":\"https:\/\/www.leitao-irmao.com\/\"},{\"@type\":\"ListItem\",\"position\":2,\"name\":\"Products\",\"item\":\"https:\/\/www.leitao-irmao.com\/shop\/\"},{\"@type\":\"ListItem\",\"position\":3,\"name\":\"Concha de A\u00e7\u00facar Gr\u00e3o de Caf\u00e9 em prata\"}]},{\"@type\":\"WebSite\",\"@id\":\"https:\/\/www.leitao-irmao.com\/#website\",\"url\":\"https:\/\/www.leitao-irmao.com\/\",\"name\":\"Leit\u00e3o & Irm\u00e3o\",\"description\":\"Joalheiros desde 1822\",\"publisher\":{\"@id\":\"https:\/\/www.leitao-irmao.com\/#organization\"},\"potentialAction\":[{\"@type\":\"SearchAction\",\"target\":{\"@type\":\"EntryPoint\",\"urlTemplate\":\"https:\/\/www.leitao-irmao.com\/?s={search_term_string}\"},\"query-input\":{\"@type\":\"PropertyValueSpecification\",\"valueRequired\":true,\"valueName\":\"search_term_string\"}}],\"inLanguage\":\"en-GB\"},{\"@type\":\"Organization\",\"@id\":\"https:\/\/www.leitao-irmao.com\/#organization\",\"name\":\"Leit\u00e3o & Irm\u00e3o\",\"url\":\"https:\/\/www.leitao-irmao.com\/\",\"logo\":{\"@type\":\"ImageObject\",\"inLanguage\":\"en-GB\",\"@id\":\"https:\/\/www.leitao-irmao.com\/#\/schema\/logo\/image\/\",\"url\":\"https:\/\/www.leitao-irmao.com\/wp-content\/uploads\/2022\/11\/leitaoirmao-logo.png\",\"contentUrl\":\"https:\/\/www.leitao-irmao.com\/wp-content\/uploads\/2022\/11\/leitaoirmao-logo.png\",\"width\":426,\"height\":89,\"caption\":\"Leit\u00e3o & Irm\u00e3o\"},\"image\":{\"@id\":\"https:\/\/www.leitao-irmao.com\/#\/schema\/logo\/image\/\"}}]}<\/script>\n<!-- \/ Yoast SEO plugin. -->","yoast_head_json":{"title":"concha de a\u00e7ucar","description":"A Concha de A\u00e7\u00facar Leit\u00e3o & Irm\u00e3o al\u00e9m da sua funcionalidade inigual\u00e1vel, \u00e9 uma declara\u00e7\u00e3o de estilo no seu dia-a-dia.","robots":{"index":"index","follow":"follow","max-snippet":"max-snippet:-1","max-image-preview":"max-image-preview:large","max-video-preview":"max-video-preview:-1"},"canonical":"https:\/\/www.leitao-irmao.com\/en\/product\/concha-de-acucar-grao-de-cafe-em-prata\/","og_locale":"en_GB","og_type":"article","og_title":"concha de a\u00e7ucar","og_description":"A Concha de A\u00e7\u00facar Leit\u00e3o & Irm\u00e3o al\u00e9m da sua funcionalidade inigual\u00e1vel, \u00e9 uma declara\u00e7\u00e3o de estilo no seu dia-a-dia.","og_url":"https:\/\/www.leitao-irmao.com\/en\/product\/concha-de-acucar-grao-de-cafe-em-prata\/","og_site_name":"Leit\u00e3o &amp; Irm\u00e3o","article_modified_time":"2026-02-19T16:55:38+00:00","og_image":[{"width":1080,"height":1080,"url":"https:\/\/www.leitao-irmao.com\/wp-content\/uploads\/2023\/10\/concha-acucar-prata-0534002.jpg","type":"image\/jpeg"}],"twitter_card":"summary_large_image","twitter_misc":{"Estimated reading time":"1 minute"},"schema":{"@context":"https:\/\/schema.org","@graph":[{"@type":"WebPage","@id":"https:\/\/www.leitao-irmao.com\/product\/concha-de-acucar-grao-de-cafe-em-prata\/","url":"https:\/\/www.leitao-irmao.com\/product\/concha-de-acucar-grao-de-cafe-em-prata\/","name":"concha de a\u00e7ucar","isPartOf":{"@id":"https:\/\/www.leitao-irmao.com\/#website"},"primaryImageOfPage":{"@id":"https:\/\/www.leitao-irmao.com\/product\/concha-de-acucar-grao-de-cafe-em-prata\/#primaryimage"},"image":{"@id":"https:\/\/www.leitao-irmao.com\/product\/concha-de-acucar-grao-de-cafe-em-prata\/#primaryimage"},"thumbnailUrl":"https:\/\/www.leitao-irmao.com\/wp-content\/uploads\/2023\/10\/concha-acucar-prata-0534002.jpg","datePublished":"2023-10-09T11:45:06+00:00","dateModified":"2026-02-19T16:55:38+00:00","description":"A Concha de A\u00e7\u00facar Leit\u00e3o & Irm\u00e3o al\u00e9m da sua funcionalidade inigual\u00e1vel, \u00e9 uma declara\u00e7\u00e3o de estilo no seu dia-a-dia.","breadcrumb":{"@id":"https:\/\/www.leitao-irmao.com\/product\/concha-de-acucar-grao-de-cafe-em-prata\/#breadcrumb"},"inLanguage":"en-GB","potentialAction":[{"@type":"ReadAction","target":["https:\/\/www.leitao-irmao.com\/product\/concha-de-acucar-grao-de-cafe-em-prata\/"]}]},{"@type":"ImageObject","inLanguage":"en-GB","@id":"https:\/\/www.leitao-irmao.com\/product\/concha-de-acucar-grao-de-cafe-em-prata\/#primaryimage","url":"https:\/\/www.leitao-irmao.com\/wp-content\/uploads\/2023\/10\/concha-acucar-prata-0534002.jpg","contentUrl":"https:\/\/www.leitao-irmao.com\/wp-content\/uploads\/2023\/10\/concha-acucar-prata-0534002.jpg","width":1080,"height":1080,"caption":"Concha de a\u00e7\u00facar Gr\u00e3o de caf\u00e9 em prata da Leit\u00e3o & Irm\u00e3o"},{"@type":"BreadcrumbList","@id":"https:\/\/www.leitao-irmao.com\/product\/concha-de-acucar-grao-de-cafe-em-prata\/#breadcrumb","itemListElement":[{"@type":"ListItem","position":1,"name":"Home","item":"https:\/\/www.leitao-irmao.com\/"},{"@type":"ListItem","position":2,"name":"Products","item":"https:\/\/www.leitao-irmao.com\/shop\/"},{"@type":"ListItem","position":3,"name":"Concha de A\u00e7\u00facar Gr\u00e3o de Caf\u00e9 em prata"}]},{"@type":"WebSite","@id":"https:\/\/www.leitao-irmao.com\/#website","url":"https:\/\/www.leitao-irmao.com\/","name":"Leit\u00e3o & Irm\u00e3o","description":"Joalheiros desde 1822","publisher":{"@id":"https:\/\/www.leitao-irmao.com\/#organization"},"potentialAction":[{"@type":"SearchAction","target":{"@type":"EntryPoint","urlTemplate":"https:\/\/www.leitao-irmao.com\/?s={search_term_string}"},"query-input":{"@type":"PropertyValueSpecification","valueRequired":true,"valueName":"search_term_string"}}],"inLanguage":"en-GB"},{"@type":"Organization","@id":"https:\/\/www.leitao-irmao.com\/#organization","name":"Leit\u00e3o & Irm\u00e3o","url":"https:\/\/www.leitao-irmao.com\/","logo":{"@type":"ImageObject","inLanguage":"en-GB","@id":"https:\/\/www.leitao-irmao.com\/#\/schema\/logo\/image\/","url":"https:\/\/www.leitao-irmao.com\/wp-content\/uploads\/2022\/11\/leitaoirmao-logo.png","contentUrl":"https:\/\/www.leitao-irmao.com\/wp-content\/uploads\/2022\/11\/leitaoirmao-logo.png","width":426,"height":89,"caption":"Leit\u00e3o & Irm\u00e3o"},"image":{"@id":"https:\/\/www.leitao-irmao.com\/#\/schema\/logo\/image\/"}}]}},"_links":{"self":[{"href":"https:\/\/www.leitao-irmao.com\/en\/wp-json\/wp\/v2\/product\/19122","targetHints":{"allow":["GET"]}}],"collection":[{"href":"https:\/\/www.leitao-irmao.com\/en\/wp-json\/wp\/v2\/product"}],"about":[{"href":"https:\/\/www.leitao-irmao.com\/en\/wp-json\/wp\/v2\/types\/product"}],"version-history":[{"count":2,"href":"https:\/\/www.leitao-irmao.com\/en\/wp-json\/wp\/v2\/product\/19122\/revisions"}],"predecessor-version":[{"id":35056,"href":"https:\/\/www.leitao-irmao.com\/en\/wp-json\/wp\/v2\/product\/19122\/revisions\/35056"}],"wp:featuredmedia":[{"embeddable":true,"href":"https:\/\/www.leitao-irmao.com\/en\/wp-json\/wp\/v2\/media\/19123"}],"wp:attachment":[{"href":"https:\/\/www.leitao-irmao.com\/en\/wp-json\/wp\/v2\/media?parent=19122"}],"wp:term":[{"taxonomy":"product_brand","embeddable":true,"href":"https:\/\/www.leitao-irmao.com\/en\/wp-json\/wp\/v2\/product_brand?post=19122"},{"taxonomy":"product_cat","embeddable":true,"href":"https:\/\/www.leitao-irmao.com\/en\/wp-json\/wp\/v2\/product_cat?post=19122"},{"taxonomy":"product_tag","embeddable":true,"href":"https:\/\/www.leitao-irmao.com\/en\/wp-json\/wp\/v2\/product_tag?post=19122"}],"curies":[{"name":"wp","href":"https:\/\/api.w.org\/{rel}","templated":true}]}}