{"id":19220,"date":"2023-10-16T11:37:51","date_gmt":"2023-10-16T11:37:51","guid":{"rendered":"https:\/\/www.leitao-irmao.com\/?post_type=product&#038;p=19220"},"modified":"2026-02-19T16:59:01","modified_gmt":"2026-02-19T16:59:01","slug":"balde-de-gelo-modelo-coruja","status":"publish","type":"product","link":"https:\/\/www.leitao-irmao.com\/en\/product\/balde-de-gelo-modelo-coruja\/","title":{"rendered":"Owl Ice Bucket"},"content":{"rendered":"","protected":false},"excerpt":{"rendered":"<p><span data-sheets-value=\"{&quot;1&quot;:2,&quot;2&quot;:&quot;Balde de Gelo Modelo Pinguim em prata \u00e9 uma pe\u00e7a de mesa moderna com uma fus\u00e3o de eleg\u00e2ncia e divers\u00e3o. D\u00ea vida \u00e0 sua mesa e eleve o seu dia-a-dia com esta Prata de Mesa. Descubra o trabalho manufaturado na Leit\u00e3o &amp; Irm\u00e3o e d\u00ea um novo toque \u00e0 sua casa.&quot;}\" data-sheets-userformat=\"{&quot;2&quot;:5101,&quot;3&quot;:{&quot;1&quot;:0},&quot;5&quot;:{&quot;1&quot;:[{&quot;1&quot;:2,&quot;2&quot;:0,&quot;5&quot;:{&quot;1&quot;:2,&quot;2&quot;:0}},{&quot;1&quot;:0,&quot;2&quot;:0,&quot;3&quot;:1},{&quot;1&quot;:1,&quot;2&quot;:0,&quot;4&quot;:1}]},&quot;6&quot;:{&quot;1&quot;:[{&quot;1&quot;:2,&quot;2&quot;:0,&quot;5&quot;:{&quot;1&quot;:2,&quot;2&quot;:0}},{&quot;1&quot;:0,&quot;2&quot;:0,&quot;3&quot;:1},{&quot;1&quot;:1,&quot;2&quot;:0,&quot;4&quot;:1}]},&quot;8&quot;:{&quot;1&quot;:[{&quot;1&quot;:2,&quot;2&quot;:0,&quot;5&quot;:{&quot;1&quot;:2,&quot;2&quot;:0}},{&quot;1&quot;:0,&quot;2&quot;:0,&quot;3&quot;:1},{&quot;1&quot;:1,&quot;2&quot;:0,&quot;4&quot;:1}]},&quot;9&quot;:1,&quot;10&quot;:1,&quot;11&quot;:4,&quot;12&quot;:0,&quot;15&quot;:&quot;Arial&quot;}\">The Owl Ice Bucket in silver is a modern piece of tableware with a fusion of elegance and fun. Bring your table to life and elevate your everyday life with this Silver Tableware. Discover the workmanship of Leit\u00e3o &amp; Irm\u00e3o and add a new touch to your home.<\/span><\/p>","protected":false},"featured_media":19221,"template":"","meta":{"_acf_changed":false},"product_brand":[],"product_cat":[78,70,74,676,128,72],"product_tag":[270],"class_list":{"0":"post-19220","1":"product","2":"type-product","3":"status-publish","4":"has-post-thumbnail","6":"product_cat-bar-drinkware-ourivesaria-portuguesa-leitao-irmao","7":"product_cat-casa-e-decoracao","8":"product_cat-decoracao","9":"product_cat-gift-selection","10":"product_cat-presentes-acima-de-10000e","11":"product_cat-tableware-and-dinnerware","12":"product_tag-prata","14":"first","15":"instock","16":"shipping-taxable","17":"purchasable","18":"product-type-simple"},"acf":[],"yoast_head":"<!-- This site is optimized with the Yoast SEO plugin v25.4 - https:\/\/yoast.com\/wordpress\/plugins\/seo\/ -->\n<title>balde de gelo Coruja em Prata<\/title>\n<meta name=\"description\" content=\"Balde de Gelo Modelo Coruja em prata \u00e9 uma pe\u00e7a de mesa moderna com uma fus\u00e3o de eleg\u00e2ncia e divers\u00e3o.\" \/>\n<meta name=\"robots\" content=\"index, follow, max-snippet:-1, max-image-preview:large, max-video-preview:-1\" \/>\n<link rel=\"canonical\" href=\"https:\/\/www.leitao-irmao.com\/en\/product\/balde-de-gelo-modelo-coruja\/\" \/>\n<meta property=\"og:locale\" content=\"en_GB\" \/>\n<meta property=\"og:type\" content=\"article\" \/>\n<meta property=\"og:title\" content=\"balde de gelo Coruja em Prata\" \/>\n<meta property=\"og:description\" content=\"Balde de Gelo Modelo Coruja em prata \u00e9 uma pe\u00e7a de mesa moderna com uma fus\u00e3o de eleg\u00e2ncia e divers\u00e3o.\" \/>\n<meta property=\"og:url\" content=\"https:\/\/www.leitao-irmao.com\/en\/product\/balde-de-gelo-modelo-coruja\/\" \/>\n<meta property=\"og:site_name\" content=\"Leit\u00e3o &amp; Irm\u00e3o\" \/>\n<meta property=\"article:modified_time\" content=\"2026-02-19T16:59:01+00:00\" \/>\n<meta property=\"og:image\" content=\"https:\/\/www.leitao-irmao.com\/wp-content\/uploads\/2023\/10\/7100030-Balde-de-gelo-Coruja-em-prata.jpg\" \/>\n\t<meta property=\"og:image:width\" content=\"1229\" \/>\n\t<meta property=\"og:image:height\" content=\"1229\" \/>\n\t<meta property=\"og:image:type\" content=\"image\/jpeg\" \/>\n<meta name=\"twitter:card\" content=\"summary_large_image\" \/>\n<script type=\"application\/ld+json\" class=\"yoast-schema-graph\">{\"@context\":\"https:\/\/schema.org\",\"@graph\":[{\"@type\":\"WebPage\",\"@id\":\"https:\/\/www.leitao-irmao.com\/product\/balde-de-gelo-modelo-coruja\/\",\"url\":\"https:\/\/www.leitao-irmao.com\/product\/balde-de-gelo-modelo-coruja\/\",\"name\":\"balde de gelo Coruja em Prata\",\"isPartOf\":{\"@id\":\"https:\/\/www.leitao-irmao.com\/#website\"},\"primaryImageOfPage\":{\"@id\":\"https:\/\/www.leitao-irmao.com\/product\/balde-de-gelo-modelo-coruja\/#primaryimage\"},\"image\":{\"@id\":\"https:\/\/www.leitao-irmao.com\/product\/balde-de-gelo-modelo-coruja\/#primaryimage\"},\"thumbnailUrl\":\"https:\/\/www.leitao-irmao.com\/wp-content\/uploads\/2023\/10\/7100030-Balde-de-gelo-Coruja-em-prata.jpg\",\"datePublished\":\"2023-10-16T11:37:51+00:00\",\"dateModified\":\"2026-02-19T16:59:01+00:00\",\"description\":\"Balde de Gelo Modelo Coruja em prata \u00e9 uma pe\u00e7a de mesa moderna com uma fus\u00e3o de eleg\u00e2ncia e divers\u00e3o.\",\"breadcrumb\":{\"@id\":\"https:\/\/www.leitao-irmao.com\/product\/balde-de-gelo-modelo-coruja\/#breadcrumb\"},\"inLanguage\":\"en-GB\",\"potentialAction\":[{\"@type\":\"ReadAction\",\"target\":[\"https:\/\/www.leitao-irmao.com\/product\/balde-de-gelo-modelo-coruja\/\"]}]},{\"@type\":\"ImageObject\",\"inLanguage\":\"en-GB\",\"@id\":\"https:\/\/www.leitao-irmao.com\/product\/balde-de-gelo-modelo-coruja\/#primaryimage\",\"url\":\"https:\/\/www.leitao-irmao.com\/wp-content\/uploads\/2023\/10\/7100030-Balde-de-gelo-Coruja-em-prata.jpg\",\"contentUrl\":\"https:\/\/www.leitao-irmao.com\/wp-content\/uploads\/2023\/10\/7100030-Balde-de-gelo-Coruja-em-prata.jpg\",\"width\":1229,\"height\":1229},{\"@type\":\"BreadcrumbList\",\"@id\":\"https:\/\/www.leitao-irmao.com\/product\/balde-de-gelo-modelo-coruja\/#breadcrumb\",\"itemListElement\":[{\"@type\":\"ListItem\",\"position\":1,\"name\":\"Home\",\"item\":\"https:\/\/www.leitao-irmao.com\/\"},{\"@type\":\"ListItem\",\"position\":2,\"name\":\"Products\",\"item\":\"https:\/\/www.leitao-irmao.com\/shop\/\"},{\"@type\":\"ListItem\",\"position\":3,\"name\":\"Balde de Gelo Modelo Coruja\"}]},{\"@type\":\"WebSite\",\"@id\":\"https:\/\/www.leitao-irmao.com\/#website\",\"url\":\"https:\/\/www.leitao-irmao.com\/\",\"name\":\"Leit\u00e3o & Irm\u00e3o\",\"description\":\"Joalheiros desde 1822\",\"publisher\":{\"@id\":\"https:\/\/www.leitao-irmao.com\/#organization\"},\"potentialAction\":[{\"@type\":\"SearchAction\",\"target\":{\"@type\":\"EntryPoint\",\"urlTemplate\":\"https:\/\/www.leitao-irmao.com\/?s={search_term_string}\"},\"query-input\":{\"@type\":\"PropertyValueSpecification\",\"valueRequired\":true,\"valueName\":\"search_term_string\"}}],\"inLanguage\":\"en-GB\"},{\"@type\":\"Organization\",\"@id\":\"https:\/\/www.leitao-irmao.com\/#organization\",\"name\":\"Leit\u00e3o & Irm\u00e3o\",\"url\":\"https:\/\/www.leitao-irmao.com\/\",\"logo\":{\"@type\":\"ImageObject\",\"inLanguage\":\"en-GB\",\"@id\":\"https:\/\/www.leitao-irmao.com\/#\/schema\/logo\/image\/\",\"url\":\"https:\/\/www.leitao-irmao.com\/wp-content\/uploads\/2022\/11\/leitaoirmao-logo.png\",\"contentUrl\":\"https:\/\/www.leitao-irmao.com\/wp-content\/uploads\/2022\/11\/leitaoirmao-logo.png\",\"width\":426,\"height\":89,\"caption\":\"Leit\u00e3o & Irm\u00e3o\"},\"image\":{\"@id\":\"https:\/\/www.leitao-irmao.com\/#\/schema\/logo\/image\/\"}}]}<\/script>\n<!-- \/ Yoast SEO plugin. -->","yoast_head_json":{"title":"balde de gelo Coruja em Prata","description":"Balde de Gelo Modelo Coruja em prata \u00e9 uma pe\u00e7a de mesa moderna com uma fus\u00e3o de eleg\u00e2ncia e divers\u00e3o.","robots":{"index":"index","follow":"follow","max-snippet":"max-snippet:-1","max-image-preview":"max-image-preview:large","max-video-preview":"max-video-preview:-1"},"canonical":"https:\/\/www.leitao-irmao.com\/en\/product\/balde-de-gelo-modelo-coruja\/","og_locale":"en_GB","og_type":"article","og_title":"balde de gelo Coruja em Prata","og_description":"Balde de Gelo Modelo Coruja em prata \u00e9 uma pe\u00e7a de mesa moderna com uma fus\u00e3o de eleg\u00e2ncia e divers\u00e3o.","og_url":"https:\/\/www.leitao-irmao.com\/en\/product\/balde-de-gelo-modelo-coruja\/","og_site_name":"Leit\u00e3o &amp; Irm\u00e3o","article_modified_time":"2026-02-19T16:59:01+00:00","og_image":[{"width":1229,"height":1229,"url":"https:\/\/www.leitao-irmao.com\/wp-content\/uploads\/2023\/10\/7100030-Balde-de-gelo-Coruja-em-prata.jpg","type":"image\/jpeg"}],"twitter_card":"summary_large_image","schema":{"@context":"https:\/\/schema.org","@graph":[{"@type":"WebPage","@id":"https:\/\/www.leitao-irmao.com\/product\/balde-de-gelo-modelo-coruja\/","url":"https:\/\/www.leitao-irmao.com\/product\/balde-de-gelo-modelo-coruja\/","name":"balde de gelo Coruja em Prata","isPartOf":{"@id":"https:\/\/www.leitao-irmao.com\/#website"},"primaryImageOfPage":{"@id":"https:\/\/www.leitao-irmao.com\/product\/balde-de-gelo-modelo-coruja\/#primaryimage"},"image":{"@id":"https:\/\/www.leitao-irmao.com\/product\/balde-de-gelo-modelo-coruja\/#primaryimage"},"thumbnailUrl":"https:\/\/www.leitao-irmao.com\/wp-content\/uploads\/2023\/10\/7100030-Balde-de-gelo-Coruja-em-prata.jpg","datePublished":"2023-10-16T11:37:51+00:00","dateModified":"2026-02-19T16:59:01+00:00","description":"Balde de Gelo Modelo Coruja em prata \u00e9 uma pe\u00e7a de mesa moderna com uma fus\u00e3o de eleg\u00e2ncia e divers\u00e3o.","breadcrumb":{"@id":"https:\/\/www.leitao-irmao.com\/product\/balde-de-gelo-modelo-coruja\/#breadcrumb"},"inLanguage":"en-GB","potentialAction":[{"@type":"ReadAction","target":["https:\/\/www.leitao-irmao.com\/product\/balde-de-gelo-modelo-coruja\/"]}]},{"@type":"ImageObject","inLanguage":"en-GB","@id":"https:\/\/www.leitao-irmao.com\/product\/balde-de-gelo-modelo-coruja\/#primaryimage","url":"https:\/\/www.leitao-irmao.com\/wp-content\/uploads\/2023\/10\/7100030-Balde-de-gelo-Coruja-em-prata.jpg","contentUrl":"https:\/\/www.leitao-irmao.com\/wp-content\/uploads\/2023\/10\/7100030-Balde-de-gelo-Coruja-em-prata.jpg","width":1229,"height":1229},{"@type":"BreadcrumbList","@id":"https:\/\/www.leitao-irmao.com\/product\/balde-de-gelo-modelo-coruja\/#breadcrumb","itemListElement":[{"@type":"ListItem","position":1,"name":"Home","item":"https:\/\/www.leitao-irmao.com\/"},{"@type":"ListItem","position":2,"name":"Products","item":"https:\/\/www.leitao-irmao.com\/shop\/"},{"@type":"ListItem","position":3,"name":"Balde de Gelo Modelo Coruja"}]},{"@type":"WebSite","@id":"https:\/\/www.leitao-irmao.com\/#website","url":"https:\/\/www.leitao-irmao.com\/","name":"Leit\u00e3o & Irm\u00e3o","description":"Joalheiros desde 1822","publisher":{"@id":"https:\/\/www.leitao-irmao.com\/#organization"},"potentialAction":[{"@type":"SearchAction","target":{"@type":"EntryPoint","urlTemplate":"https:\/\/www.leitao-irmao.com\/?s={search_term_string}"},"query-input":{"@type":"PropertyValueSpecification","valueRequired":true,"valueName":"search_term_string"}}],"inLanguage":"en-GB"},{"@type":"Organization","@id":"https:\/\/www.leitao-irmao.com\/#organization","name":"Leit\u00e3o & Irm\u00e3o","url":"https:\/\/www.leitao-irmao.com\/","logo":{"@type":"ImageObject","inLanguage":"en-GB","@id":"https:\/\/www.leitao-irmao.com\/#\/schema\/logo\/image\/","url":"https:\/\/www.leitao-irmao.com\/wp-content\/uploads\/2022\/11\/leitaoirmao-logo.png","contentUrl":"https:\/\/www.leitao-irmao.com\/wp-content\/uploads\/2022\/11\/leitaoirmao-logo.png","width":426,"height":89,"caption":"Leit\u00e3o & Irm\u00e3o"},"image":{"@id":"https:\/\/www.leitao-irmao.com\/#\/schema\/logo\/image\/"}}]}},"_links":{"self":[{"href":"https:\/\/www.leitao-irmao.com\/en\/wp-json\/wp\/v2\/product\/19220","targetHints":{"allow":["GET"]}}],"collection":[{"href":"https:\/\/www.leitao-irmao.com\/en\/wp-json\/wp\/v2\/product"}],"about":[{"href":"https:\/\/www.leitao-irmao.com\/en\/wp-json\/wp\/v2\/types\/product"}],"version-history":[{"count":1,"href":"https:\/\/www.leitao-irmao.com\/en\/wp-json\/wp\/v2\/product\/19220\/revisions"}],"predecessor-version":[{"id":34199,"href":"https:\/\/www.leitao-irmao.com\/en\/wp-json\/wp\/v2\/product\/19220\/revisions\/34199"}],"wp:featuredmedia":[{"embeddable":true,"href":"https:\/\/www.leitao-irmao.com\/en\/wp-json\/wp\/v2\/media\/19221"}],"wp:attachment":[{"href":"https:\/\/www.leitao-irmao.com\/en\/wp-json\/wp\/v2\/media?parent=19220"}],"wp:term":[{"taxonomy":"product_brand","embeddable":true,"href":"https:\/\/www.leitao-irmao.com\/en\/wp-json\/wp\/v2\/product_brand?post=19220"},{"taxonomy":"product_cat","embeddable":true,"href":"https:\/\/www.leitao-irmao.com\/en\/wp-json\/wp\/v2\/product_cat?post=19220"},{"taxonomy":"product_tag","embeddable":true,"href":"https:\/\/www.leitao-irmao.com\/en\/wp-json\/wp\/v2\/product_tag?post=19220"}],"curies":[{"name":"wp","href":"https:\/\/api.w.org\/{rel}","templated":true}]}}