{"id":19231,"date":"2023-10-16T14:05:50","date_gmt":"2023-10-16T14:05:50","guid":{"rendered":"https:\/\/www.leitao-irmao.com\/?post_type=product&#038;p=19231"},"modified":"2026-04-06T17:40:01","modified_gmt":"2026-04-06T16:40:01","slug":"base-de-garrafa-em-prata-e-porcelana","status":"publish","type":"product","link":"https:\/\/www.leitao-irmao.com\/en\/product\/base-de-garrafa-em-prata-e-porcelana\/","title":{"rendered":"Silver and porcelain bottle base"},"content":{"rendered":"","protected":false},"excerpt":{"rendered":"<p>The Leit\u00e3o &amp; Irm\u00e3o bottle base is a jewel in the art of good service.<\/p>\n<p>Elevate your wine tasting even further with the bottle base with colored porcelain center.<\/p>\n<p>Choose from a collection of 5 new colors just launched.<br \/>\nPractical, functional and elegant. The ideal gift to give, to share with your partner or to give to yourself.<\/p>","protected":false},"featured_media":18916,"template":"","meta":{"_acf_changed":false},"product_brand":[],"product_cat":[78,518,70,74,477,676,267,129,349,262,130,135,124,138,139,72],"product_tag":[270],"class_list":{"0":"post-19231","1":"product","2":"type-product","3":"status-publish","4":"has-post-thumbnail","6":"product_cat-bar-drinkware-ourivesaria-portuguesa-leitao-irmao","7":"product_cat-bases-de-garrafa-prata-portuguesa","8":"product_cat-casa-e-decoracao","9":"product_cat-decoracao","10":"product_cat-decoracao-de-natal","11":"product_cat-gift-selection","12":"product_cat-mais-oferecidos","13":"product_cat-ofertas-para-o-casal","14":"product_cat-para-os-convidados","15":"product_cat-porcelanas","16":"product_cat-presentes-de-casamento","17":"product_cat-natal","18":"product_cat-presentes-entre-500e-a-1000e","19":"product_cat-presentes-institucionais","20":"product_cat-presentes-para-personalizar","21":"product_cat-tableware-and-dinnerware","22":"product_tag-prata","24":"first","25":"instock","26":"shipping-taxable","27":"purchasable","28":"product-type-variable"},"acf":[],"yoast_head":"<!-- This site is optimized with the Yoast SEO plugin v25.4 - https:\/\/yoast.com\/wordpress\/plugins\/seo\/ -->\n<title>base de garrafa em prata e porcelana<\/title>\n<meta name=\"description\" content=\"A mesa de Natal eleva o seu requinte com acess\u00f3rios em prata. A base de garrafa em prata com porcelana \u00e9 o acess\u00f3rio ideal para a sua mesa.\" \/>\n<meta name=\"robots\" content=\"index, follow, max-snippet:-1, max-image-preview:large, max-video-preview:-1\" \/>\n<link rel=\"canonical\" href=\"https:\/\/www.leitao-irmao.com\/en\/product\/base-de-garrafa-em-prata-e-porcelana\/\" \/>\n<meta property=\"og:locale\" content=\"en_GB\" \/>\n<meta property=\"og:type\" content=\"article\" \/>\n<meta property=\"og:title\" content=\"base de garrafa em prata e porcelana\" \/>\n<meta property=\"og:description\" content=\"A mesa de Natal eleva o seu requinte com acess\u00f3rios em prata. A base de garrafa em prata com porcelana \u00e9 o acess\u00f3rio ideal para a sua mesa.\" \/>\n<meta property=\"og:url\" content=\"https:\/\/www.leitao-irmao.com\/en\/product\/base-de-garrafa-em-prata-e-porcelana\/\" \/>\n<meta property=\"og:site_name\" content=\"Leit\u00e3o &amp; Irm\u00e3o\" \/>\n<meta property=\"article:modified_time\" content=\"2026-04-06T16:40:01+00:00\" \/>\n<meta property=\"og:image\" content=\"https:\/\/www.leitao-irmao.com\/wp-content\/uploads\/2023\/10\/base_garrafa_vermelho_mate.jpg\" \/>\n\t<meta property=\"og:image:width\" content=\"1080\" \/>\n\t<meta property=\"og:image:height\" content=\"1080\" \/>\n\t<meta property=\"og:image:type\" content=\"image\/jpeg\" \/>\n<meta name=\"twitter:card\" content=\"summary_large_image\" \/>\n<meta name=\"twitter:label1\" content=\"Estimated reading time\" \/>\n\t<meta name=\"twitter:data1\" content=\"1 minute\" \/>\n<script type=\"application\/ld+json\" class=\"yoast-schema-graph\">{\"@context\":\"https:\/\/schema.org\",\"@graph\":[{\"@type\":\"WebPage\",\"@id\":\"https:\/\/www.leitao-irmao.com\/product\/base-de-garrafa-em-prata-e-porcelana\/\",\"url\":\"https:\/\/www.leitao-irmao.com\/product\/base-de-garrafa-em-prata-e-porcelana\/\",\"name\":\"base de garrafa em prata e porcelana\",\"isPartOf\":{\"@id\":\"https:\/\/www.leitao-irmao.com\/#website\"},\"primaryImageOfPage\":{\"@id\":\"https:\/\/www.leitao-irmao.com\/product\/base-de-garrafa-em-prata-e-porcelana\/#primaryimage\"},\"image\":{\"@id\":\"https:\/\/www.leitao-irmao.com\/product\/base-de-garrafa-em-prata-e-porcelana\/#primaryimage\"},\"thumbnailUrl\":\"https:\/\/www.leitao-irmao.com\/wp-content\/uploads\/2023\/10\/base_garrafa_vermelho_mate.jpg\",\"datePublished\":\"2023-10-16T14:05:50+00:00\",\"dateModified\":\"2026-04-06T16:40:01+00:00\",\"description\":\"A mesa de Natal eleva o seu requinte com acess\u00f3rios em prata. A base de garrafa em prata com porcelana \u00e9 o acess\u00f3rio ideal para a sua mesa.\",\"breadcrumb\":{\"@id\":\"https:\/\/www.leitao-irmao.com\/product\/base-de-garrafa-em-prata-e-porcelana\/#breadcrumb\"},\"inLanguage\":\"en-GB\",\"potentialAction\":[{\"@type\":\"ReadAction\",\"target\":[\"https:\/\/www.leitao-irmao.com\/product\/base-de-garrafa-em-prata-e-porcelana\/\"]}]},{\"@type\":\"ImageObject\",\"inLanguage\":\"en-GB\",\"@id\":\"https:\/\/www.leitao-irmao.com\/product\/base-de-garrafa-em-prata-e-porcelana\/#primaryimage\",\"url\":\"https:\/\/www.leitao-irmao.com\/wp-content\/uploads\/2023\/10\/base_garrafa_vermelho_mate.jpg\",\"contentUrl\":\"https:\/\/www.leitao-irmao.com\/wp-content\/uploads\/2023\/10\/base_garrafa_vermelho_mate.jpg\",\"width\":1080,\"height\":1080,\"caption\":\"Base de Garrafa em prata e porcelana\"},{\"@type\":\"BreadcrumbList\",\"@id\":\"https:\/\/www.leitao-irmao.com\/product\/base-de-garrafa-em-prata-e-porcelana\/#breadcrumb\",\"itemListElement\":[{\"@type\":\"ListItem\",\"position\":1,\"name\":\"Home\",\"item\":\"https:\/\/www.leitao-irmao.com\/\"},{\"@type\":\"ListItem\",\"position\":2,\"name\":\"Products\",\"item\":\"https:\/\/www.leitao-irmao.com\/shop\/\"},{\"@type\":\"ListItem\",\"position\":3,\"name\":\"Base de Garrafa em Prata e Porcelana\"}]},{\"@type\":\"WebSite\",\"@id\":\"https:\/\/www.leitao-irmao.com\/#website\",\"url\":\"https:\/\/www.leitao-irmao.com\/\",\"name\":\"Leit\u00e3o & Irm\u00e3o\",\"description\":\"Joalheiros desde 1822\",\"publisher\":{\"@id\":\"https:\/\/www.leitao-irmao.com\/#organization\"},\"potentialAction\":[{\"@type\":\"SearchAction\",\"target\":{\"@type\":\"EntryPoint\",\"urlTemplate\":\"https:\/\/www.leitao-irmao.com\/?s={search_term_string}\"},\"query-input\":{\"@type\":\"PropertyValueSpecification\",\"valueRequired\":true,\"valueName\":\"search_term_string\"}}],\"inLanguage\":\"en-GB\"},{\"@type\":\"Organization\",\"@id\":\"https:\/\/www.leitao-irmao.com\/#organization\",\"name\":\"Leit\u00e3o & Irm\u00e3o\",\"url\":\"https:\/\/www.leitao-irmao.com\/\",\"logo\":{\"@type\":\"ImageObject\",\"inLanguage\":\"en-GB\",\"@id\":\"https:\/\/www.leitao-irmao.com\/#\/schema\/logo\/image\/\",\"url\":\"https:\/\/www.leitao-irmao.com\/wp-content\/uploads\/2022\/11\/leitaoirmao-logo.png\",\"contentUrl\":\"https:\/\/www.leitao-irmao.com\/wp-content\/uploads\/2022\/11\/leitaoirmao-logo.png\",\"width\":426,\"height\":89,\"caption\":\"Leit\u00e3o & Irm\u00e3o\"},\"image\":{\"@id\":\"https:\/\/www.leitao-irmao.com\/#\/schema\/logo\/image\/\"}}]}<\/script>\n<!-- \/ Yoast SEO plugin. -->","yoast_head_json":{"title":"base de garrafa em prata e porcelana","description":"A mesa de Natal eleva o seu requinte com acess\u00f3rios em prata. A base de garrafa em prata com porcelana \u00e9 o acess\u00f3rio ideal para a sua mesa.","robots":{"index":"index","follow":"follow","max-snippet":"max-snippet:-1","max-image-preview":"max-image-preview:large","max-video-preview":"max-video-preview:-1"},"canonical":"https:\/\/www.leitao-irmao.com\/en\/product\/base-de-garrafa-em-prata-e-porcelana\/","og_locale":"en_GB","og_type":"article","og_title":"base de garrafa em prata e porcelana","og_description":"A mesa de Natal eleva o seu requinte com acess\u00f3rios em prata. A base de garrafa em prata com porcelana \u00e9 o acess\u00f3rio ideal para a sua mesa.","og_url":"https:\/\/www.leitao-irmao.com\/en\/product\/base-de-garrafa-em-prata-e-porcelana\/","og_site_name":"Leit\u00e3o &amp; Irm\u00e3o","article_modified_time":"2026-04-06T16:40:01+00:00","og_image":[{"width":1080,"height":1080,"url":"https:\/\/www.leitao-irmao.com\/wp-content\/uploads\/2023\/10\/base_garrafa_vermelho_mate.jpg","type":"image\/jpeg"}],"twitter_card":"summary_large_image","twitter_misc":{"Estimated reading time":"1 minute"},"schema":{"@context":"https:\/\/schema.org","@graph":[{"@type":"WebPage","@id":"https:\/\/www.leitao-irmao.com\/product\/base-de-garrafa-em-prata-e-porcelana\/","url":"https:\/\/www.leitao-irmao.com\/product\/base-de-garrafa-em-prata-e-porcelana\/","name":"base de garrafa em prata e porcelana","isPartOf":{"@id":"https:\/\/www.leitao-irmao.com\/#website"},"primaryImageOfPage":{"@id":"https:\/\/www.leitao-irmao.com\/product\/base-de-garrafa-em-prata-e-porcelana\/#primaryimage"},"image":{"@id":"https:\/\/www.leitao-irmao.com\/product\/base-de-garrafa-em-prata-e-porcelana\/#primaryimage"},"thumbnailUrl":"https:\/\/www.leitao-irmao.com\/wp-content\/uploads\/2023\/10\/base_garrafa_vermelho_mate.jpg","datePublished":"2023-10-16T14:05:50+00:00","dateModified":"2026-04-06T16:40:01+00:00","description":"A mesa de Natal eleva o seu requinte com acess\u00f3rios em prata. A base de garrafa em prata com porcelana \u00e9 o acess\u00f3rio ideal para a sua mesa.","breadcrumb":{"@id":"https:\/\/www.leitao-irmao.com\/product\/base-de-garrafa-em-prata-e-porcelana\/#breadcrumb"},"inLanguage":"en-GB","potentialAction":[{"@type":"ReadAction","target":["https:\/\/www.leitao-irmao.com\/product\/base-de-garrafa-em-prata-e-porcelana\/"]}]},{"@type":"ImageObject","inLanguage":"en-GB","@id":"https:\/\/www.leitao-irmao.com\/product\/base-de-garrafa-em-prata-e-porcelana\/#primaryimage","url":"https:\/\/www.leitao-irmao.com\/wp-content\/uploads\/2023\/10\/base_garrafa_vermelho_mate.jpg","contentUrl":"https:\/\/www.leitao-irmao.com\/wp-content\/uploads\/2023\/10\/base_garrafa_vermelho_mate.jpg","width":1080,"height":1080,"caption":"Base de Garrafa em prata e porcelana"},{"@type":"BreadcrumbList","@id":"https:\/\/www.leitao-irmao.com\/product\/base-de-garrafa-em-prata-e-porcelana\/#breadcrumb","itemListElement":[{"@type":"ListItem","position":1,"name":"Home","item":"https:\/\/www.leitao-irmao.com\/"},{"@type":"ListItem","position":2,"name":"Products","item":"https:\/\/www.leitao-irmao.com\/shop\/"},{"@type":"ListItem","position":3,"name":"Base de Garrafa em Prata e Porcelana"}]},{"@type":"WebSite","@id":"https:\/\/www.leitao-irmao.com\/#website","url":"https:\/\/www.leitao-irmao.com\/","name":"Leit\u00e3o & Irm\u00e3o","description":"Joalheiros desde 1822","publisher":{"@id":"https:\/\/www.leitao-irmao.com\/#organization"},"potentialAction":[{"@type":"SearchAction","target":{"@type":"EntryPoint","urlTemplate":"https:\/\/www.leitao-irmao.com\/?s={search_term_string}"},"query-input":{"@type":"PropertyValueSpecification","valueRequired":true,"valueName":"search_term_string"}}],"inLanguage":"en-GB"},{"@type":"Organization","@id":"https:\/\/www.leitao-irmao.com\/#organization","name":"Leit\u00e3o & Irm\u00e3o","url":"https:\/\/www.leitao-irmao.com\/","logo":{"@type":"ImageObject","inLanguage":"en-GB","@id":"https:\/\/www.leitao-irmao.com\/#\/schema\/logo\/image\/","url":"https:\/\/www.leitao-irmao.com\/wp-content\/uploads\/2022\/11\/leitaoirmao-logo.png","contentUrl":"https:\/\/www.leitao-irmao.com\/wp-content\/uploads\/2022\/11\/leitaoirmao-logo.png","width":426,"height":89,"caption":"Leit\u00e3o & Irm\u00e3o"},"image":{"@id":"https:\/\/www.leitao-irmao.com\/#\/schema\/logo\/image\/"}}]}},"_links":{"self":[{"href":"https:\/\/www.leitao-irmao.com\/en\/wp-json\/wp\/v2\/product\/19231","targetHints":{"allow":["GET"]}}],"collection":[{"href":"https:\/\/www.leitao-irmao.com\/en\/wp-json\/wp\/v2\/product"}],"about":[{"href":"https:\/\/www.leitao-irmao.com\/en\/wp-json\/wp\/v2\/types\/product"}],"version-history":[{"count":1,"href":"https:\/\/www.leitao-irmao.com\/en\/wp-json\/wp\/v2\/product\/19231\/revisions"}],"predecessor-version":[{"id":34074,"href":"https:\/\/www.leitao-irmao.com\/en\/wp-json\/wp\/v2\/product\/19231\/revisions\/34074"}],"wp:featuredmedia":[{"embeddable":true,"href":"https:\/\/www.leitao-irmao.com\/en\/wp-json\/wp\/v2\/media\/18916"}],"wp:attachment":[{"href":"https:\/\/www.leitao-irmao.com\/en\/wp-json\/wp\/v2\/media?parent=19231"}],"wp:term":[{"taxonomy":"product_brand","embeddable":true,"href":"https:\/\/www.leitao-irmao.com\/en\/wp-json\/wp\/v2\/product_brand?post=19231"},{"taxonomy":"product_cat","embeddable":true,"href":"https:\/\/www.leitao-irmao.com\/en\/wp-json\/wp\/v2\/product_cat?post=19231"},{"taxonomy":"product_tag","embeddable":true,"href":"https:\/\/www.leitao-irmao.com\/en\/wp-json\/wp\/v2\/product_tag?post=19231"}],"curies":[{"name":"wp","href":"https:\/\/api.w.org\/{rel}","templated":true}]}}