{"id":19318,"date":"2023-10-18T15:41:30","date_gmt":"2023-10-18T15:41:30","guid":{"rendered":"https:\/\/www.leitao-irmao.com\/?post_type=product&#038;p=19318"},"modified":"2025-10-30T17:02:20","modified_gmt":"2025-10-30T17:02:20","slug":"pulseira-em-ouro-para-personalizar-com-nome","status":"publish","type":"product","link":"https:\/\/www.leitao-irmao.com\/en\/product\/pulseira-em-ouro-para-personalizar-com-nome\/","title":{"rendered":"Gold bracelet to personalise with name"},"content":{"rendered":"","protected":false},"excerpt":{"rendered":"<p>The customisable gold bracelet is an exceptional piece of jewellery that combines elegance and personal meaning. This special bracelet allows each person to create a unique piece of jewellery, personalised according to their preferences and personal history.<\/p>\n<p>Perfect for children and babies to give at birth or on a special occasion. The bracelet is adjustable to adapt to the growth of the little ones.<\/p>","protected":false},"featured_media":19319,"template":"","meta":{"_acf_changed":false},"product_brand":[],"product_cat":[137,618,121,79,133,267,141,124,139,87],"product_tag":[336,434,277,278,271,279],"class_list":{"0":"post-19318","1":"product","2":"type-product","3":"status-publish","4":"has-post-thumbnail","6":"product_cat-batizados","7":"product_cat-classicos-leitao-irmao","8":"product_cat-gifts","9":"product_cat-joalharia","10":"product_cat-mae","11":"product_cat-mais-oferecidos","12":"product_cat-para-ela","13":"product_cat-presentes-entre-500e-a-1000e","14":"product_cat-presentes-para-personalizar","15":"product_cat-pulseiras","16":"product_tag-bestseller","17":"product_tag-crianca","18":"product_tag-homem","19":"product_tag-mulher","20":"product_tag-ouro","21":"product_tag-unissexo","23":"first","24":"outofstock","25":"shipping-taxable","26":"product-type-simple"},"acf":[],"yoast_head":"<!-- This site is optimized with the Yoast SEO plugin v25.4 - https:\/\/yoast.com\/wordpress\/plugins\/seo\/ -->\n<title>pulseira com nome em ouro<\/title>\n<meta name=\"description\" content=\"A Pulseira personaliz\u00e1vel em ouro Leit\u00e3o &amp; Irm\u00e3o \u00e9 uma joia excecional que combina eleg\u00e2ncia e significado pessoal. Para homem, mulher ou crian\u00e7a.\" \/>\n<meta name=\"robots\" content=\"index, follow, max-snippet:-1, max-image-preview:large, max-video-preview:-1\" \/>\n<link rel=\"canonical\" href=\"https:\/\/www.leitao-irmao.com\/en\/product\/pulseira-em-ouro-para-personalizar-com-nome\/\" \/>\n<meta property=\"og:locale\" content=\"en_GB\" \/>\n<meta property=\"og:type\" content=\"article\" \/>\n<meta property=\"og:title\" content=\"pulseira com nome em ouro\" \/>\n<meta property=\"og:description\" content=\"A Pulseira personaliz\u00e1vel em ouro Leit\u00e3o &amp; Irm\u00e3o \u00e9 uma joia excecional que combina eleg\u00e2ncia e significado pessoal. Para homem, mulher ou crian\u00e7a.\" \/>\n<meta property=\"og:url\" content=\"https:\/\/www.leitao-irmao.com\/en\/product\/pulseira-em-ouro-para-personalizar-com-nome\/\" \/>\n<meta property=\"og:site_name\" content=\"Leit\u00e3o &amp; Irm\u00e3o\" \/>\n<meta property=\"article:modified_time\" content=\"2025-10-30T17:02:20+00:00\" \/>\n<meta property=\"og:image\" content=\"https:\/\/www.leitao-irmao.com\/wp-content\/uploads\/2023\/10\/0209096-pulseira-para-gravar-nome-em-ouro-amarelo.jpg\" \/>\n\t<meta property=\"og:image:width\" content=\"1000\" \/>\n\t<meta property=\"og:image:height\" content=\"1000\" \/>\n\t<meta property=\"og:image:type\" content=\"image\/jpeg\" \/>\n<meta name=\"twitter:card\" content=\"summary_large_image\" \/>\n<meta name=\"twitter:label1\" content=\"Estimated reading time\" \/>\n\t<meta name=\"twitter:data1\" content=\"1 minute\" \/>\n<script type=\"application\/ld+json\" class=\"yoast-schema-graph\">{\"@context\":\"https:\/\/schema.org\",\"@graph\":[{\"@type\":\"WebPage\",\"@id\":\"https:\/\/www.leitao-irmao.com\/product\/pulseira-em-ouro-para-personalizar-com-nome\/\",\"url\":\"https:\/\/www.leitao-irmao.com\/product\/pulseira-em-ouro-para-personalizar-com-nome\/\",\"name\":\"pulseira com nome em ouro\",\"isPartOf\":{\"@id\":\"https:\/\/www.leitao-irmao.com\/#website\"},\"primaryImageOfPage\":{\"@id\":\"https:\/\/www.leitao-irmao.com\/product\/pulseira-em-ouro-para-personalizar-com-nome\/#primaryimage\"},\"image\":{\"@id\":\"https:\/\/www.leitao-irmao.com\/product\/pulseira-em-ouro-para-personalizar-com-nome\/#primaryimage\"},\"thumbnailUrl\":\"https:\/\/www.leitao-irmao.com\/wp-content\/uploads\/2023\/10\/0209096-pulseira-para-gravar-nome-em-ouro-amarelo.jpg\",\"datePublished\":\"2023-10-18T15:41:30+00:00\",\"dateModified\":\"2025-10-30T17:02:20+00:00\",\"description\":\"A Pulseira personaliz\u00e1vel em ouro Leit\u00e3o & Irm\u00e3o \u00e9 uma joia excecional que combina eleg\u00e2ncia e significado pessoal. Para homem, mulher ou crian\u00e7a.\",\"breadcrumb\":{\"@id\":\"https:\/\/www.leitao-irmao.com\/product\/pulseira-em-ouro-para-personalizar-com-nome\/#breadcrumb\"},\"inLanguage\":\"en-GB\",\"potentialAction\":[{\"@type\":\"ReadAction\",\"target\":[\"https:\/\/www.leitao-irmao.com\/product\/pulseira-em-ouro-para-personalizar-com-nome\/\"]}]},{\"@type\":\"ImageObject\",\"inLanguage\":\"en-GB\",\"@id\":\"https:\/\/www.leitao-irmao.com\/product\/pulseira-em-ouro-para-personalizar-com-nome\/#primaryimage\",\"url\":\"https:\/\/www.leitao-irmao.com\/wp-content\/uploads\/2023\/10\/0209096-pulseira-para-gravar-nome-em-ouro-amarelo.jpg\",\"contentUrl\":\"https:\/\/www.leitao-irmao.com\/wp-content\/uploads\/2023\/10\/0209096-pulseira-para-gravar-nome-em-ouro-amarelo.jpg\",\"width\":1000,\"height\":1000,\"caption\":\"Pulseira Personaliz\u00e1vel em Ouro\"},{\"@type\":\"BreadcrumbList\",\"@id\":\"https:\/\/www.leitao-irmao.com\/product\/pulseira-em-ouro-para-personalizar-com-nome\/#breadcrumb\",\"itemListElement\":[{\"@type\":\"ListItem\",\"position\":1,\"name\":\"Home\",\"item\":\"https:\/\/www.leitao-irmao.com\/\"},{\"@type\":\"ListItem\",\"position\":2,\"name\":\"Products\",\"item\":\"https:\/\/www.leitao-irmao.com\/shop\/\"},{\"@type\":\"ListItem\",\"position\":3,\"name\":\"Pulseira em ouro para personalizar com nome\"}]},{\"@type\":\"WebSite\",\"@id\":\"https:\/\/www.leitao-irmao.com\/#website\",\"url\":\"https:\/\/www.leitao-irmao.com\/\",\"name\":\"Leit\u00e3o & Irm\u00e3o\",\"description\":\"Joalheiros desde 1822\",\"publisher\":{\"@id\":\"https:\/\/www.leitao-irmao.com\/#organization\"},\"potentialAction\":[{\"@type\":\"SearchAction\",\"target\":{\"@type\":\"EntryPoint\",\"urlTemplate\":\"https:\/\/www.leitao-irmao.com\/?s={search_term_string}\"},\"query-input\":{\"@type\":\"PropertyValueSpecification\",\"valueRequired\":true,\"valueName\":\"search_term_string\"}}],\"inLanguage\":\"en-GB\"},{\"@type\":\"Organization\",\"@id\":\"https:\/\/www.leitao-irmao.com\/#organization\",\"name\":\"Leit\u00e3o & Irm\u00e3o\",\"url\":\"https:\/\/www.leitao-irmao.com\/\",\"logo\":{\"@type\":\"ImageObject\",\"inLanguage\":\"en-GB\",\"@id\":\"https:\/\/www.leitao-irmao.com\/#\/schema\/logo\/image\/\",\"url\":\"https:\/\/www.leitao-irmao.com\/wp-content\/uploads\/2022\/11\/leitaoirmao-logo.png\",\"contentUrl\":\"https:\/\/www.leitao-irmao.com\/wp-content\/uploads\/2022\/11\/leitaoirmao-logo.png\",\"width\":426,\"height\":89,\"caption\":\"Leit\u00e3o & Irm\u00e3o\"},\"image\":{\"@id\":\"https:\/\/www.leitao-irmao.com\/#\/schema\/logo\/image\/\"}}]}<\/script>\n<!-- \/ Yoast SEO plugin. -->","yoast_head_json":{"title":"pulseira com nome em ouro","description":"A Pulseira personaliz\u00e1vel em ouro Leit\u00e3o & Irm\u00e3o \u00e9 uma joia excecional que combina eleg\u00e2ncia e significado pessoal. Para homem, mulher ou crian\u00e7a.","robots":{"index":"index","follow":"follow","max-snippet":"max-snippet:-1","max-image-preview":"max-image-preview:large","max-video-preview":"max-video-preview:-1"},"canonical":"https:\/\/www.leitao-irmao.com\/en\/product\/pulseira-em-ouro-para-personalizar-com-nome\/","og_locale":"en_GB","og_type":"article","og_title":"pulseira com nome em ouro","og_description":"A Pulseira personaliz\u00e1vel em ouro Leit\u00e3o & Irm\u00e3o \u00e9 uma joia excecional que combina eleg\u00e2ncia e significado pessoal. Para homem, mulher ou crian\u00e7a.","og_url":"https:\/\/www.leitao-irmao.com\/en\/product\/pulseira-em-ouro-para-personalizar-com-nome\/","og_site_name":"Leit\u00e3o &amp; Irm\u00e3o","article_modified_time":"2025-10-30T17:02:20+00:00","og_image":[{"width":1000,"height":1000,"url":"https:\/\/www.leitao-irmao.com\/wp-content\/uploads\/2023\/10\/0209096-pulseira-para-gravar-nome-em-ouro-amarelo.jpg","type":"image\/jpeg"}],"twitter_card":"summary_large_image","twitter_misc":{"Estimated reading time":"1 minute"},"schema":{"@context":"https:\/\/schema.org","@graph":[{"@type":"WebPage","@id":"https:\/\/www.leitao-irmao.com\/product\/pulseira-em-ouro-para-personalizar-com-nome\/","url":"https:\/\/www.leitao-irmao.com\/product\/pulseira-em-ouro-para-personalizar-com-nome\/","name":"pulseira com nome em ouro","isPartOf":{"@id":"https:\/\/www.leitao-irmao.com\/#website"},"primaryImageOfPage":{"@id":"https:\/\/www.leitao-irmao.com\/product\/pulseira-em-ouro-para-personalizar-com-nome\/#primaryimage"},"image":{"@id":"https:\/\/www.leitao-irmao.com\/product\/pulseira-em-ouro-para-personalizar-com-nome\/#primaryimage"},"thumbnailUrl":"https:\/\/www.leitao-irmao.com\/wp-content\/uploads\/2023\/10\/0209096-pulseira-para-gravar-nome-em-ouro-amarelo.jpg","datePublished":"2023-10-18T15:41:30+00:00","dateModified":"2025-10-30T17:02:20+00:00","description":"A Pulseira personaliz\u00e1vel em ouro Leit\u00e3o & Irm\u00e3o \u00e9 uma joia excecional que combina eleg\u00e2ncia e significado pessoal. Para homem, mulher ou crian\u00e7a.","breadcrumb":{"@id":"https:\/\/www.leitao-irmao.com\/product\/pulseira-em-ouro-para-personalizar-com-nome\/#breadcrumb"},"inLanguage":"en-GB","potentialAction":[{"@type":"ReadAction","target":["https:\/\/www.leitao-irmao.com\/product\/pulseira-em-ouro-para-personalizar-com-nome\/"]}]},{"@type":"ImageObject","inLanguage":"en-GB","@id":"https:\/\/www.leitao-irmao.com\/product\/pulseira-em-ouro-para-personalizar-com-nome\/#primaryimage","url":"https:\/\/www.leitao-irmao.com\/wp-content\/uploads\/2023\/10\/0209096-pulseira-para-gravar-nome-em-ouro-amarelo.jpg","contentUrl":"https:\/\/www.leitao-irmao.com\/wp-content\/uploads\/2023\/10\/0209096-pulseira-para-gravar-nome-em-ouro-amarelo.jpg","width":1000,"height":1000,"caption":"Pulseira Personaliz\u00e1vel em Ouro"},{"@type":"BreadcrumbList","@id":"https:\/\/www.leitao-irmao.com\/product\/pulseira-em-ouro-para-personalizar-com-nome\/#breadcrumb","itemListElement":[{"@type":"ListItem","position":1,"name":"Home","item":"https:\/\/www.leitao-irmao.com\/"},{"@type":"ListItem","position":2,"name":"Products","item":"https:\/\/www.leitao-irmao.com\/shop\/"},{"@type":"ListItem","position":3,"name":"Pulseira em ouro para personalizar com nome"}]},{"@type":"WebSite","@id":"https:\/\/www.leitao-irmao.com\/#website","url":"https:\/\/www.leitao-irmao.com\/","name":"Leit\u00e3o & Irm\u00e3o","description":"Joalheiros desde 1822","publisher":{"@id":"https:\/\/www.leitao-irmao.com\/#organization"},"potentialAction":[{"@type":"SearchAction","target":{"@type":"EntryPoint","urlTemplate":"https:\/\/www.leitao-irmao.com\/?s={search_term_string}"},"query-input":{"@type":"PropertyValueSpecification","valueRequired":true,"valueName":"search_term_string"}}],"inLanguage":"en-GB"},{"@type":"Organization","@id":"https:\/\/www.leitao-irmao.com\/#organization","name":"Leit\u00e3o & Irm\u00e3o","url":"https:\/\/www.leitao-irmao.com\/","logo":{"@type":"ImageObject","inLanguage":"en-GB","@id":"https:\/\/www.leitao-irmao.com\/#\/schema\/logo\/image\/","url":"https:\/\/www.leitao-irmao.com\/wp-content\/uploads\/2022\/11\/leitaoirmao-logo.png","contentUrl":"https:\/\/www.leitao-irmao.com\/wp-content\/uploads\/2022\/11\/leitaoirmao-logo.png","width":426,"height":89,"caption":"Leit\u00e3o & Irm\u00e3o"},"image":{"@id":"https:\/\/www.leitao-irmao.com\/#\/schema\/logo\/image\/"}}]}},"_links":{"self":[{"href":"https:\/\/www.leitao-irmao.com\/en\/wp-json\/wp\/v2\/product\/19318","targetHints":{"allow":["GET"]}}],"collection":[{"href":"https:\/\/www.leitao-irmao.com\/en\/wp-json\/wp\/v2\/product"}],"about":[{"href":"https:\/\/www.leitao-irmao.com\/en\/wp-json\/wp\/v2\/types\/product"}],"version-history":[{"count":1,"href":"https:\/\/www.leitao-irmao.com\/en\/wp-json\/wp\/v2\/product\/19318\/revisions"}],"predecessor-version":[{"id":34576,"href":"https:\/\/www.leitao-irmao.com\/en\/wp-json\/wp\/v2\/product\/19318\/revisions\/34576"}],"wp:featuredmedia":[{"embeddable":true,"href":"https:\/\/www.leitao-irmao.com\/en\/wp-json\/wp\/v2\/media\/19319"}],"wp:attachment":[{"href":"https:\/\/www.leitao-irmao.com\/en\/wp-json\/wp\/v2\/media?parent=19318"}],"wp:term":[{"taxonomy":"product_brand","embeddable":true,"href":"https:\/\/www.leitao-irmao.com\/en\/wp-json\/wp\/v2\/product_brand?post=19318"},{"taxonomy":"product_cat","embeddable":true,"href":"https:\/\/www.leitao-irmao.com\/en\/wp-json\/wp\/v2\/product_cat?post=19318"},{"taxonomy":"product_tag","embeddable":true,"href":"https:\/\/www.leitao-irmao.com\/en\/wp-json\/wp\/v2\/product_tag?post=19318"}],"curies":[{"name":"wp","href":"https:\/\/api.w.org\/{rel}","templated":true}]}}