{"id":19571,"date":"2023-10-23T19:25:26","date_gmt":"2023-10-23T19:25:26","guid":{"rendered":"https:\/\/www.leitao-irmao.com\/?post_type=product&#038;p=19571"},"modified":"2026-02-13T09:22:11","modified_gmt":"2026-02-13T09:22:11","slug":"conjunto-novo-milenio-ouro-diamantes-e-perolas","status":"publish","type":"product","link":"https:\/\/www.leitao-irmao.com\/en\/product\/conjunto-novo-milenio-ouro-diamantes-e-perolas\/","title":{"rendered":"New Millennium Set. Gold, Diamonds, and Pearls."},"content":{"rendered":"<p>In the relief image on the medal, Our Lady is depicted in profile, assuming a protective position, as one who cares for and watches over us.<\/p>\n<p>\"This 'us' can be engraved as a name in the empty space of the medal where Our Lady is looking.\"<\/p>\n<p>The medal is complemented by the gold and pearl necklace with a gold Cork Oak leaf charm adorned with a pearl, evoking the tree under which the shepherds saw Our Lady in Fatima.<\/p>","protected":false},"excerpt":{"rendered":"<p>The New Millennium medal is a jewelry piece made of gold, diamonds, and pearls, inspired by the rosary medal that gives it its name.<\/p>","protected":false},"featured_media":23636,"template":"","meta":{"_acf_changed":false},"product_brand":[],"product_cat":[147,203],"product_tag":[],"class_list":{"0":"post-19571","1":"product","2":"type-product","3":"status-publish","4":"has-post-thumbnail","6":"product_cat-fatima-jewels","7":"product_cat-medalhas","9":"first","10":"onbackorder","11":"shipping-taxable","12":"purchasable","13":"product-type-simple"},"acf":[],"yoast_head":"<!-- This site is optimized with the Yoast SEO plugin v25.4 - https:\/\/yoast.com\/wordpress\/plugins\/seo\/ -->\n<title>Conjunto Novo Mil\u00e9nio. Ouro, Diamantes e P\u00e9rolas. | Leit\u00e3o &amp; Irm\u00e3o<\/title>\n<meta name=\"description\" content=\"A medalha do Novo Mil\u00e9nio tem Nossa Senhora representada de perfil, assumindo assim uma posi\u00e7\u00e3o protetora, de quem cuida e olha por n\u00f3s.\" \/>\n<meta name=\"robots\" content=\"index, follow, max-snippet:-1, max-image-preview:large, max-video-preview:-1\" \/>\n<link rel=\"canonical\" href=\"https:\/\/www.leitao-irmao.com\/en\/product\/conjunto-novo-milenio-ouro-diamantes-e-perolas\/\" \/>\n<meta property=\"og:locale\" content=\"en_GB\" \/>\n<meta property=\"og:type\" content=\"article\" \/>\n<meta property=\"og:title\" content=\"Conjunto Novo Mil\u00e9nio. Ouro, Diamantes e P\u00e9rolas.\" \/>\n<meta property=\"og:description\" content=\"A medalha do Novo Mil\u00e9nio tem Nossa Senhora representada de perfil, assumindo assim uma posi\u00e7\u00e3o protetora, de quem cuida e olha por n\u00f3s.\" \/>\n<meta property=\"og:url\" content=\"https:\/\/www.leitao-irmao.com\/en\/product\/conjunto-novo-milenio-ouro-diamantes-e-perolas\/\" \/>\n<meta property=\"og:site_name\" content=\"Leit\u00e3o &amp; Irm\u00e3o\" \/>\n<meta property=\"article:modified_time\" content=\"2026-02-13T09:22:11+00:00\" \/>\n<meta property=\"og:image\" content=\"https:\/\/www.leitao-irmao.com\/wp-content\/uploads\/2023\/10\/2-e1714755507460.jpg\" \/>\n\t<meta property=\"og:image:width\" content=\"940\" \/>\n\t<meta property=\"og:image:height\" content=\"940\" \/>\n\t<meta property=\"og:image:type\" content=\"image\/jpeg\" \/>\n<meta name=\"twitter:card\" content=\"summary_large_image\" \/>\n<meta name=\"twitter:title\" content=\"Conjunto Novo Mil\u00e9nio. Ouro, Diamantes e P\u00e9rolas.\" \/>\n<meta name=\"twitter:description\" content=\"A medalha do Novo Mil\u00e9nio tem Nossa Senhora representada de perfil, assumindo assim uma posi\u00e7\u00e3o protetora, de quem cuida e olha por n\u00f3s.\" \/>\n<meta name=\"twitter:image\" content=\"https:\/\/www.leitao-irmao.com\/wp-content\/uploads\/2023\/10\/2-e1714755507460.jpg\" \/>\n<meta name=\"twitter:label1\" content=\"Estimated reading time\" \/>\n\t<meta name=\"twitter:data1\" content=\"1 minute\" \/>\n<script type=\"application\/ld+json\" class=\"yoast-schema-graph\">{\"@context\":\"https:\/\/schema.org\",\"@graph\":[{\"@type\":\"WebPage\",\"@id\":\"https:\/\/www.leitao-irmao.com\/product\/conjunto-novo-milenio-ouro-diamantes-e-perolas\/\",\"url\":\"https:\/\/www.leitao-irmao.com\/product\/conjunto-novo-milenio-ouro-diamantes-e-perolas\/\",\"name\":\"Conjunto Novo Mil\u00e9nio. Ouro, Diamantes e P\u00e9rolas. | Leit\u00e3o &amp; Irm\u00e3o\",\"isPartOf\":{\"@id\":\"https:\/\/www.leitao-irmao.com\/#website\"},\"primaryImageOfPage\":{\"@id\":\"https:\/\/www.leitao-irmao.com\/product\/conjunto-novo-milenio-ouro-diamantes-e-perolas\/#primaryimage\"},\"image\":{\"@id\":\"https:\/\/www.leitao-irmao.com\/product\/conjunto-novo-milenio-ouro-diamantes-e-perolas\/#primaryimage\"},\"thumbnailUrl\":\"https:\/\/www.leitao-irmao.com\/wp-content\/uploads\/2023\/10\/2-e1714755507460.jpg\",\"datePublished\":\"2023-10-23T19:25:26+00:00\",\"dateModified\":\"2026-02-13T09:22:11+00:00\",\"description\":\"A medalha do Novo Mil\u00e9nio tem Nossa Senhora representada de perfil, assumindo assim uma posi\u00e7\u00e3o protetora, de quem cuida e olha por n\u00f3s.\",\"breadcrumb\":{\"@id\":\"https:\/\/www.leitao-irmao.com\/product\/conjunto-novo-milenio-ouro-diamantes-e-perolas\/#breadcrumb\"},\"inLanguage\":\"en-GB\",\"potentialAction\":[{\"@type\":\"ReadAction\",\"target\":[\"https:\/\/www.leitao-irmao.com\/product\/conjunto-novo-milenio-ouro-diamantes-e-perolas\/\"]}]},{\"@type\":\"ImageObject\",\"inLanguage\":\"en-GB\",\"@id\":\"https:\/\/www.leitao-irmao.com\/product\/conjunto-novo-milenio-ouro-diamantes-e-perolas\/#primaryimage\",\"url\":\"https:\/\/www.leitao-irmao.com\/wp-content\/uploads\/2023\/10\/2-e1714755507460.jpg\",\"contentUrl\":\"https:\/\/www.leitao-irmao.com\/wp-content\/uploads\/2023\/10\/2-e1714755507460.jpg\",\"width\":940,\"height\":940,\"caption\":\"Medalha Novo Mil\u00e9nio em ouro diamantes e perolas da leit\u00e3o & Irm\u00e3o\"},{\"@type\":\"BreadcrumbList\",\"@id\":\"https:\/\/www.leitao-irmao.com\/product\/conjunto-novo-milenio-ouro-diamantes-e-perolas\/#breadcrumb\",\"itemListElement\":[{\"@type\":\"ListItem\",\"position\":1,\"name\":\"Home\",\"item\":\"https:\/\/www.leitao-irmao.com\/\"},{\"@type\":\"ListItem\",\"position\":2,\"name\":\"Products\",\"item\":\"https:\/\/www.leitao-irmao.com\/shop\/\"},{\"@type\":\"ListItem\",\"position\":3,\"name\":\"Conjunto Novo Mil\u00e9nio. Ouro, Diamantes e P\u00e9rolas.\"}]},{\"@type\":\"WebSite\",\"@id\":\"https:\/\/www.leitao-irmao.com\/#website\",\"url\":\"https:\/\/www.leitao-irmao.com\/\",\"name\":\"Leit\u00e3o & Irm\u00e3o\",\"description\":\"Joalheiros desde 1822\",\"publisher\":{\"@id\":\"https:\/\/www.leitao-irmao.com\/#organization\"},\"potentialAction\":[{\"@type\":\"SearchAction\",\"target\":{\"@type\":\"EntryPoint\",\"urlTemplate\":\"https:\/\/www.leitao-irmao.com\/?s={search_term_string}\"},\"query-input\":{\"@type\":\"PropertyValueSpecification\",\"valueRequired\":true,\"valueName\":\"search_term_string\"}}],\"inLanguage\":\"en-GB\"},{\"@type\":\"Organization\",\"@id\":\"https:\/\/www.leitao-irmao.com\/#organization\",\"name\":\"Leit\u00e3o & Irm\u00e3o\",\"url\":\"https:\/\/www.leitao-irmao.com\/\",\"logo\":{\"@type\":\"ImageObject\",\"inLanguage\":\"en-GB\",\"@id\":\"https:\/\/www.leitao-irmao.com\/#\/schema\/logo\/image\/\",\"url\":\"https:\/\/www.leitao-irmao.com\/wp-content\/uploads\/2022\/11\/leitaoirmao-logo.png\",\"contentUrl\":\"https:\/\/www.leitao-irmao.com\/wp-content\/uploads\/2022\/11\/leitaoirmao-logo.png\",\"width\":426,\"height\":89,\"caption\":\"Leit\u00e3o & Irm\u00e3o\"},\"image\":{\"@id\":\"https:\/\/www.leitao-irmao.com\/#\/schema\/logo\/image\/\"}}]}<\/script>\n<!-- \/ Yoast SEO plugin. -->","yoast_head_json":{"title":"Conjunto Novo Mil\u00e9nio. Ouro, Diamantes e P\u00e9rolas. | Leit\u00e3o &amp; Irm\u00e3o","description":"A medalha do Novo Mil\u00e9nio tem Nossa Senhora representada de perfil, assumindo assim uma posi\u00e7\u00e3o protetora, de quem cuida e olha por n\u00f3s.","robots":{"index":"index","follow":"follow","max-snippet":"max-snippet:-1","max-image-preview":"max-image-preview:large","max-video-preview":"max-video-preview:-1"},"canonical":"https:\/\/www.leitao-irmao.com\/en\/product\/conjunto-novo-milenio-ouro-diamantes-e-perolas\/","og_locale":"en_GB","og_type":"article","og_title":"Conjunto Novo Mil\u00e9nio. Ouro, Diamantes e P\u00e9rolas.","og_description":"A medalha do Novo Mil\u00e9nio tem Nossa Senhora representada de perfil, assumindo assim uma posi\u00e7\u00e3o protetora, de quem cuida e olha por n\u00f3s.","og_url":"https:\/\/www.leitao-irmao.com\/en\/product\/conjunto-novo-milenio-ouro-diamantes-e-perolas\/","og_site_name":"Leit\u00e3o &amp; Irm\u00e3o","article_modified_time":"2026-02-13T09:22:11+00:00","og_image":[{"width":940,"height":940,"url":"https:\/\/www.leitao-irmao.com\/wp-content\/uploads\/2023\/10\/2-e1714755507460.jpg","type":"image\/jpeg"}],"twitter_card":"summary_large_image","twitter_title":"Conjunto Novo Mil\u00e9nio. Ouro, Diamantes e P\u00e9rolas.","twitter_description":"A medalha do Novo Mil\u00e9nio tem Nossa Senhora representada de perfil, assumindo assim uma posi\u00e7\u00e3o protetora, de quem cuida e olha por n\u00f3s.","twitter_image":"https:\/\/www.leitao-irmao.com\/wp-content\/uploads\/2023\/10\/2-e1714755507460.jpg","twitter_misc":{"Estimated reading time":"1 minute"},"schema":{"@context":"https:\/\/schema.org","@graph":[{"@type":"WebPage","@id":"https:\/\/www.leitao-irmao.com\/product\/conjunto-novo-milenio-ouro-diamantes-e-perolas\/","url":"https:\/\/www.leitao-irmao.com\/product\/conjunto-novo-milenio-ouro-diamantes-e-perolas\/","name":"Conjunto Novo Mil\u00e9nio. Ouro, Diamantes e P\u00e9rolas. | Leit\u00e3o &amp; Irm\u00e3o","isPartOf":{"@id":"https:\/\/www.leitao-irmao.com\/#website"},"primaryImageOfPage":{"@id":"https:\/\/www.leitao-irmao.com\/product\/conjunto-novo-milenio-ouro-diamantes-e-perolas\/#primaryimage"},"image":{"@id":"https:\/\/www.leitao-irmao.com\/product\/conjunto-novo-milenio-ouro-diamantes-e-perolas\/#primaryimage"},"thumbnailUrl":"https:\/\/www.leitao-irmao.com\/wp-content\/uploads\/2023\/10\/2-e1714755507460.jpg","datePublished":"2023-10-23T19:25:26+00:00","dateModified":"2026-02-13T09:22:11+00:00","description":"A medalha do Novo Mil\u00e9nio tem Nossa Senhora representada de perfil, assumindo assim uma posi\u00e7\u00e3o protetora, de quem cuida e olha por n\u00f3s.","breadcrumb":{"@id":"https:\/\/www.leitao-irmao.com\/product\/conjunto-novo-milenio-ouro-diamantes-e-perolas\/#breadcrumb"},"inLanguage":"en-GB","potentialAction":[{"@type":"ReadAction","target":["https:\/\/www.leitao-irmao.com\/product\/conjunto-novo-milenio-ouro-diamantes-e-perolas\/"]}]},{"@type":"ImageObject","inLanguage":"en-GB","@id":"https:\/\/www.leitao-irmao.com\/product\/conjunto-novo-milenio-ouro-diamantes-e-perolas\/#primaryimage","url":"https:\/\/www.leitao-irmao.com\/wp-content\/uploads\/2023\/10\/2-e1714755507460.jpg","contentUrl":"https:\/\/www.leitao-irmao.com\/wp-content\/uploads\/2023\/10\/2-e1714755507460.jpg","width":940,"height":940,"caption":"Medalha Novo Mil\u00e9nio em ouro diamantes e perolas da leit\u00e3o & Irm\u00e3o"},{"@type":"BreadcrumbList","@id":"https:\/\/www.leitao-irmao.com\/product\/conjunto-novo-milenio-ouro-diamantes-e-perolas\/#breadcrumb","itemListElement":[{"@type":"ListItem","position":1,"name":"Home","item":"https:\/\/www.leitao-irmao.com\/"},{"@type":"ListItem","position":2,"name":"Products","item":"https:\/\/www.leitao-irmao.com\/shop\/"},{"@type":"ListItem","position":3,"name":"Conjunto Novo Mil\u00e9nio. Ouro, Diamantes e P\u00e9rolas."}]},{"@type":"WebSite","@id":"https:\/\/www.leitao-irmao.com\/#website","url":"https:\/\/www.leitao-irmao.com\/","name":"Leit\u00e3o & Irm\u00e3o","description":"Joalheiros desde 1822","publisher":{"@id":"https:\/\/www.leitao-irmao.com\/#organization"},"potentialAction":[{"@type":"SearchAction","target":{"@type":"EntryPoint","urlTemplate":"https:\/\/www.leitao-irmao.com\/?s={search_term_string}"},"query-input":{"@type":"PropertyValueSpecification","valueRequired":true,"valueName":"search_term_string"}}],"inLanguage":"en-GB"},{"@type":"Organization","@id":"https:\/\/www.leitao-irmao.com\/#organization","name":"Leit\u00e3o & Irm\u00e3o","url":"https:\/\/www.leitao-irmao.com\/","logo":{"@type":"ImageObject","inLanguage":"en-GB","@id":"https:\/\/www.leitao-irmao.com\/#\/schema\/logo\/image\/","url":"https:\/\/www.leitao-irmao.com\/wp-content\/uploads\/2022\/11\/leitaoirmao-logo.png","contentUrl":"https:\/\/www.leitao-irmao.com\/wp-content\/uploads\/2022\/11\/leitaoirmao-logo.png","width":426,"height":89,"caption":"Leit\u00e3o & Irm\u00e3o"},"image":{"@id":"https:\/\/www.leitao-irmao.com\/#\/schema\/logo\/image\/"}}]}},"_links":{"self":[{"href":"https:\/\/www.leitao-irmao.com\/en\/wp-json\/wp\/v2\/product\/19571","targetHints":{"allow":["GET"]}}],"collection":[{"href":"https:\/\/www.leitao-irmao.com\/en\/wp-json\/wp\/v2\/product"}],"about":[{"href":"https:\/\/www.leitao-irmao.com\/en\/wp-json\/wp\/v2\/types\/product"}],"version-history":[{"count":1,"href":"https:\/\/www.leitao-irmao.com\/en\/wp-json\/wp\/v2\/product\/19571\/revisions"}],"predecessor-version":[{"id":32267,"href":"https:\/\/www.leitao-irmao.com\/en\/wp-json\/wp\/v2\/product\/19571\/revisions\/32267"}],"wp:featuredmedia":[{"embeddable":true,"href":"https:\/\/www.leitao-irmao.com\/en\/wp-json\/wp\/v2\/media\/23636"}],"wp:attachment":[{"href":"https:\/\/www.leitao-irmao.com\/en\/wp-json\/wp\/v2\/media?parent=19571"}],"wp:term":[{"taxonomy":"product_brand","embeddable":true,"href":"https:\/\/www.leitao-irmao.com\/en\/wp-json\/wp\/v2\/product_brand?post=19571"},{"taxonomy":"product_cat","embeddable":true,"href":"https:\/\/www.leitao-irmao.com\/en\/wp-json\/wp\/v2\/product_cat?post=19571"},{"taxonomy":"product_tag","embeddable":true,"href":"https:\/\/www.leitao-irmao.com\/en\/wp-json\/wp\/v2\/product_tag?post=19571"}],"curies":[{"name":"wp","href":"https:\/\/api.w.org\/{rel}","templated":true}]}}