{"id":19847,"date":"2023-11-07T15:11:02","date_gmt":"2023-11-07T15:11:02","guid":{"rendered":"https:\/\/www.leitao-irmao.com\/?post_type=product&#038;p=19847"},"modified":"2026-02-11T17:13:02","modified_gmt":"2026-02-11T17:13:02","slug":"pulseira-aberta-com-no-em-prata","status":"publish","type":"product","link":"https:\/\/www.leitao-irmao.com\/en\/product\/pulseira-aberta-com-no-em-prata\/","title":{"rendered":"Open bracelet with silver knot"},"content":{"rendered":"","protected":false},"excerpt":{"rendered":"<p>The Silver Slave Bracelet with Knot is a unique piece of jewellery that combines the elegance of silver with the symbolism of the knot.<\/p>\n<p>A piece of jewellery to wear every day.<\/p>","protected":false},"featured_media":19848,"template":"","meta":{"_acf_changed":false},"product_brand":[],"product_cat":[131,132,121,79,141,135,123,87],"product_tag":[278,270],"class_list":{"0":"post-19847","1":"product","2":"type-product","3":"status-publish","4":"has-post-thumbnail","6":"product_cat-aniversario-de-18-anos","7":"product_cat-dia-dos-namorados","8":"product_cat-gifts","9":"product_cat-joalharia","10":"product_cat-para-ela","11":"product_cat-natal","12":"product_cat-presentes-entre-150e-a-500e","13":"product_cat-pulseiras","14":"product_tag-mulher","15":"product_tag-prata","17":"first","18":"instock","19":"shipping-taxable","20":"purchasable","21":"product-type-simple"},"acf":[],"yoast_head":"<!-- This site is optimized with the Yoast SEO plugin v25.4 - https:\/\/yoast.com\/wordpress\/plugins\/seo\/ -->\n<title>pulseira com n\u00f3 em prata<\/title>\n<meta name=\"description\" content=\"A Pulseira Escrava em Prata com N\u00f3 \u00e9 uma joia\u00a0 \u00fanica que combina a eleg\u00e2ncia da prata com o simbolismo do n\u00f3. Uma joia para usar todos os dias.\" \/>\n<meta name=\"robots\" content=\"index, follow, max-snippet:-1, max-image-preview:large, max-video-preview:-1\" \/>\n<link rel=\"canonical\" href=\"https:\/\/www.leitao-irmao.com\/en\/product\/pulseira-aberta-com-no-em-prata\/\" \/>\n<meta property=\"og:locale\" content=\"en_GB\" \/>\n<meta property=\"og:type\" content=\"article\" \/>\n<meta property=\"og:title\" content=\"pulseira com n\u00f3 em prata\" \/>\n<meta property=\"og:description\" content=\"A Pulseira Escrava em Prata com N\u00f3 \u00e9 uma joia\u00a0 \u00fanica que combina a eleg\u00e2ncia da prata com o simbolismo do n\u00f3. Uma joia para usar todos os dias.\" \/>\n<meta property=\"og:url\" content=\"https:\/\/www.leitao-irmao.com\/en\/product\/pulseira-aberta-com-no-em-prata\/\" \/>\n<meta property=\"og:site_name\" content=\"Leit\u00e3o &amp; Irm\u00e3o\" \/>\n<meta property=\"article:modified_time\" content=\"2026-02-11T17:13:02+00:00\" \/>\n<meta property=\"og:image\" content=\"https:\/\/www.leitao-irmao.com\/wp-content\/uploads\/2023\/11\/pulseira-escrava-aberta-prata-no-0509047.jpg\" \/>\n\t<meta property=\"og:image:width\" content=\"1080\" \/>\n\t<meta property=\"og:image:height\" content=\"1080\" \/>\n\t<meta property=\"og:image:type\" content=\"image\/jpeg\" \/>\n<meta name=\"twitter:card\" content=\"summary_large_image\" \/>\n<script type=\"application\/ld+json\" class=\"yoast-schema-graph\">{\"@context\":\"https:\/\/schema.org\",\"@graph\":[{\"@type\":\"WebPage\",\"@id\":\"https:\/\/www.leitao-irmao.com\/product\/pulseira-aberta-com-no-em-prata\/\",\"url\":\"https:\/\/www.leitao-irmao.com\/product\/pulseira-aberta-com-no-em-prata\/\",\"name\":\"pulseira com n\u00f3 em prata\",\"isPartOf\":{\"@id\":\"https:\/\/www.leitao-irmao.com\/#website\"},\"primaryImageOfPage\":{\"@id\":\"https:\/\/www.leitao-irmao.com\/product\/pulseira-aberta-com-no-em-prata\/#primaryimage\"},\"image\":{\"@id\":\"https:\/\/www.leitao-irmao.com\/product\/pulseira-aberta-com-no-em-prata\/#primaryimage\"},\"thumbnailUrl\":\"https:\/\/www.leitao-irmao.com\/wp-content\/uploads\/2023\/11\/pulseira-escrava-aberta-prata-no-0509047.jpg\",\"datePublished\":\"2023-11-07T15:11:02+00:00\",\"dateModified\":\"2026-02-11T17:13:02+00:00\",\"description\":\"A Pulseira Escrava em Prata com N\u00f3 \u00e9 uma joia\u00a0 \u00fanica que combina a eleg\u00e2ncia da prata com o simbolismo do n\u00f3. Uma joia para usar todos os dias.\",\"breadcrumb\":{\"@id\":\"https:\/\/www.leitao-irmao.com\/product\/pulseira-aberta-com-no-em-prata\/#breadcrumb\"},\"inLanguage\":\"en-GB\",\"potentialAction\":[{\"@type\":\"ReadAction\",\"target\":[\"https:\/\/www.leitao-irmao.com\/product\/pulseira-aberta-com-no-em-prata\/\"]}]},{\"@type\":\"ImageObject\",\"inLanguage\":\"en-GB\",\"@id\":\"https:\/\/www.leitao-irmao.com\/product\/pulseira-aberta-com-no-em-prata\/#primaryimage\",\"url\":\"https:\/\/www.leitao-irmao.com\/wp-content\/uploads\/2023\/11\/pulseira-escrava-aberta-prata-no-0509047.jpg\",\"contentUrl\":\"https:\/\/www.leitao-irmao.com\/wp-content\/uploads\/2023\/11\/pulseira-escrava-aberta-prata-no-0509047.jpg\",\"width\":1080,\"height\":1080,\"caption\":\"Pulseira escrava com n\u00f3 em prata da Leit\u00e3o & Irm\u00e3o\"},{\"@type\":\"BreadcrumbList\",\"@id\":\"https:\/\/www.leitao-irmao.com\/product\/pulseira-aberta-com-no-em-prata\/#breadcrumb\",\"itemListElement\":[{\"@type\":\"ListItem\",\"position\":1,\"name\":\"Home\",\"item\":\"https:\/\/www.leitao-irmao.com\/\"},{\"@type\":\"ListItem\",\"position\":2,\"name\":\"Products\",\"item\":\"https:\/\/www.leitao-irmao.com\/shop\/\"},{\"@type\":\"ListItem\",\"position\":3,\"name\":\"Pulseira aberta com n\u00f3 em prata\"}]},{\"@type\":\"WebSite\",\"@id\":\"https:\/\/www.leitao-irmao.com\/#website\",\"url\":\"https:\/\/www.leitao-irmao.com\/\",\"name\":\"Leit\u00e3o & Irm\u00e3o\",\"description\":\"Joalheiros desde 1822\",\"publisher\":{\"@id\":\"https:\/\/www.leitao-irmao.com\/#organization\"},\"potentialAction\":[{\"@type\":\"SearchAction\",\"target\":{\"@type\":\"EntryPoint\",\"urlTemplate\":\"https:\/\/www.leitao-irmao.com\/?s={search_term_string}\"},\"query-input\":{\"@type\":\"PropertyValueSpecification\",\"valueRequired\":true,\"valueName\":\"search_term_string\"}}],\"inLanguage\":\"en-GB\"},{\"@type\":\"Organization\",\"@id\":\"https:\/\/www.leitao-irmao.com\/#organization\",\"name\":\"Leit\u00e3o & Irm\u00e3o\",\"url\":\"https:\/\/www.leitao-irmao.com\/\",\"logo\":{\"@type\":\"ImageObject\",\"inLanguage\":\"en-GB\",\"@id\":\"https:\/\/www.leitao-irmao.com\/#\/schema\/logo\/image\/\",\"url\":\"https:\/\/www.leitao-irmao.com\/wp-content\/uploads\/2022\/11\/leitaoirmao-logo.png\",\"contentUrl\":\"https:\/\/www.leitao-irmao.com\/wp-content\/uploads\/2022\/11\/leitaoirmao-logo.png\",\"width\":426,\"height\":89,\"caption\":\"Leit\u00e3o & Irm\u00e3o\"},\"image\":{\"@id\":\"https:\/\/www.leitao-irmao.com\/#\/schema\/logo\/image\/\"}}]}<\/script>\n<!-- \/ Yoast SEO plugin. -->","yoast_head_json":{"title":"pulseira com n\u00f3 em prata","description":"A Pulseira Escrava em Prata com N\u00f3 \u00e9 uma joia\u00a0 \u00fanica que combina a eleg\u00e2ncia da prata com o simbolismo do n\u00f3. Uma joia para usar todos os dias.","robots":{"index":"index","follow":"follow","max-snippet":"max-snippet:-1","max-image-preview":"max-image-preview:large","max-video-preview":"max-video-preview:-1"},"canonical":"https:\/\/www.leitao-irmao.com\/en\/product\/pulseira-aberta-com-no-em-prata\/","og_locale":"en_GB","og_type":"article","og_title":"pulseira com n\u00f3 em prata","og_description":"A Pulseira Escrava em Prata com N\u00f3 \u00e9 uma joia\u00a0 \u00fanica que combina a eleg\u00e2ncia da prata com o simbolismo do n\u00f3. Uma joia para usar todos os dias.","og_url":"https:\/\/www.leitao-irmao.com\/en\/product\/pulseira-aberta-com-no-em-prata\/","og_site_name":"Leit\u00e3o &amp; Irm\u00e3o","article_modified_time":"2026-02-11T17:13:02+00:00","og_image":[{"width":1080,"height":1080,"url":"https:\/\/www.leitao-irmao.com\/wp-content\/uploads\/2023\/11\/pulseira-escrava-aberta-prata-no-0509047.jpg","type":"image\/jpeg"}],"twitter_card":"summary_large_image","schema":{"@context":"https:\/\/schema.org","@graph":[{"@type":"WebPage","@id":"https:\/\/www.leitao-irmao.com\/product\/pulseira-aberta-com-no-em-prata\/","url":"https:\/\/www.leitao-irmao.com\/product\/pulseira-aberta-com-no-em-prata\/","name":"pulseira com n\u00f3 em prata","isPartOf":{"@id":"https:\/\/www.leitao-irmao.com\/#website"},"primaryImageOfPage":{"@id":"https:\/\/www.leitao-irmao.com\/product\/pulseira-aberta-com-no-em-prata\/#primaryimage"},"image":{"@id":"https:\/\/www.leitao-irmao.com\/product\/pulseira-aberta-com-no-em-prata\/#primaryimage"},"thumbnailUrl":"https:\/\/www.leitao-irmao.com\/wp-content\/uploads\/2023\/11\/pulseira-escrava-aberta-prata-no-0509047.jpg","datePublished":"2023-11-07T15:11:02+00:00","dateModified":"2026-02-11T17:13:02+00:00","description":"A Pulseira Escrava em Prata com N\u00f3 \u00e9 uma joia\u00a0 \u00fanica que combina a eleg\u00e2ncia da prata com o simbolismo do n\u00f3. Uma joia para usar todos os dias.","breadcrumb":{"@id":"https:\/\/www.leitao-irmao.com\/product\/pulseira-aberta-com-no-em-prata\/#breadcrumb"},"inLanguage":"en-GB","potentialAction":[{"@type":"ReadAction","target":["https:\/\/www.leitao-irmao.com\/product\/pulseira-aberta-com-no-em-prata\/"]}]},{"@type":"ImageObject","inLanguage":"en-GB","@id":"https:\/\/www.leitao-irmao.com\/product\/pulseira-aberta-com-no-em-prata\/#primaryimage","url":"https:\/\/www.leitao-irmao.com\/wp-content\/uploads\/2023\/11\/pulseira-escrava-aberta-prata-no-0509047.jpg","contentUrl":"https:\/\/www.leitao-irmao.com\/wp-content\/uploads\/2023\/11\/pulseira-escrava-aberta-prata-no-0509047.jpg","width":1080,"height":1080,"caption":"Pulseira escrava com n\u00f3 em prata da Leit\u00e3o & Irm\u00e3o"},{"@type":"BreadcrumbList","@id":"https:\/\/www.leitao-irmao.com\/product\/pulseira-aberta-com-no-em-prata\/#breadcrumb","itemListElement":[{"@type":"ListItem","position":1,"name":"Home","item":"https:\/\/www.leitao-irmao.com\/"},{"@type":"ListItem","position":2,"name":"Products","item":"https:\/\/www.leitao-irmao.com\/shop\/"},{"@type":"ListItem","position":3,"name":"Pulseira aberta com n\u00f3 em prata"}]},{"@type":"WebSite","@id":"https:\/\/www.leitao-irmao.com\/#website","url":"https:\/\/www.leitao-irmao.com\/","name":"Leit\u00e3o & Irm\u00e3o","description":"Joalheiros desde 1822","publisher":{"@id":"https:\/\/www.leitao-irmao.com\/#organization"},"potentialAction":[{"@type":"SearchAction","target":{"@type":"EntryPoint","urlTemplate":"https:\/\/www.leitao-irmao.com\/?s={search_term_string}"},"query-input":{"@type":"PropertyValueSpecification","valueRequired":true,"valueName":"search_term_string"}}],"inLanguage":"en-GB"},{"@type":"Organization","@id":"https:\/\/www.leitao-irmao.com\/#organization","name":"Leit\u00e3o & Irm\u00e3o","url":"https:\/\/www.leitao-irmao.com\/","logo":{"@type":"ImageObject","inLanguage":"en-GB","@id":"https:\/\/www.leitao-irmao.com\/#\/schema\/logo\/image\/","url":"https:\/\/www.leitao-irmao.com\/wp-content\/uploads\/2022\/11\/leitaoirmao-logo.png","contentUrl":"https:\/\/www.leitao-irmao.com\/wp-content\/uploads\/2022\/11\/leitaoirmao-logo.png","width":426,"height":89,"caption":"Leit\u00e3o & Irm\u00e3o"},"image":{"@id":"https:\/\/www.leitao-irmao.com\/#\/schema\/logo\/image\/"}}]}},"_links":{"self":[{"href":"https:\/\/www.leitao-irmao.com\/en\/wp-json\/wp\/v2\/product\/19847","targetHints":{"allow":["GET"]}}],"collection":[{"href":"https:\/\/www.leitao-irmao.com\/en\/wp-json\/wp\/v2\/product"}],"about":[{"href":"https:\/\/www.leitao-irmao.com\/en\/wp-json\/wp\/v2\/types\/product"}],"version-history":[{"count":1,"href":"https:\/\/www.leitao-irmao.com\/en\/wp-json\/wp\/v2\/product\/19847\/revisions"}],"predecessor-version":[{"id":36989,"href":"https:\/\/www.leitao-irmao.com\/en\/wp-json\/wp\/v2\/product\/19847\/revisions\/36989"}],"wp:featuredmedia":[{"embeddable":true,"href":"https:\/\/www.leitao-irmao.com\/en\/wp-json\/wp\/v2\/media\/19848"}],"wp:attachment":[{"href":"https:\/\/www.leitao-irmao.com\/en\/wp-json\/wp\/v2\/media?parent=19847"}],"wp:term":[{"taxonomy":"product_brand","embeddable":true,"href":"https:\/\/www.leitao-irmao.com\/en\/wp-json\/wp\/v2\/product_brand?post=19847"},{"taxonomy":"product_cat","embeddable":true,"href":"https:\/\/www.leitao-irmao.com\/en\/wp-json\/wp\/v2\/product_cat?post=19847"},{"taxonomy":"product_tag","embeddable":true,"href":"https:\/\/www.leitao-irmao.com\/en\/wp-json\/wp\/v2\/product_tag?post=19847"}],"curies":[{"name":"wp","href":"https:\/\/api.w.org\/{rel}","templated":true}]}}