{"id":19953,"date":"2023-11-16T18:26:26","date_gmt":"2023-11-16T18:26:26","guid":{"rendered":"https:\/\/www.leitao-irmao.com\/?post_type=product&#038;p=19953"},"modified":"2026-03-19T12:06:26","modified_gmt":"2026-03-19T12:06:26","slug":"salva-redonda-com-baixos-relevos-cinzelados","status":"publish","type":"product","link":"https:\/\/www.leitao-irmao.com\/en\/product\/salva-redonda-com-baixos-relevos-cinzelados\/","title":{"rendered":"Silver round salver with bas-reliefs"},"content":{"rendered":"","protected":false},"excerpt":{"rendered":"<p>O requintado trabalho em pratas Leit\u00e3o &amp; Irm\u00e3o.<\/p>\n<p>Uma pe\u00e7a em prata manufaturada nas nossas oficinas centen\u00e1rias. O trabalho manual d\u00e1 a esta pe\u00e7a uma personalidade e identidade \u00fanicas.<\/p>\n<p>Its sleek lines and contemporary aesthetic turn a classic object into a designer piece.<\/p>\n<p>Leit\u00e3o &amp; Irm\u00e3o 925 silver can be washed in the dishwasher with rinse aid, which will keep your piece shining for longer. The pieces are accompanied by Leit\u00e3o &amp; Irm\u00e3o silver cleaner.<\/p>\n<p>A gift full of sophistication.<\/p>","protected":false},"featured_media":19957,"template":"","meta":{"_acf_changed":false},"product_brand":[],"product_cat":[137,70,74,477,77,121,267,129,136,125,126,138,139,75],"product_tag":[270],"class_list":{"0":"post-19953","1":"product","2":"type-product","3":"status-publish","4":"has-post-thumbnail","6":"product_cat-batizados","7":"product_cat-casa-e-decoracao","8":"product_cat-decoracao","9":"product_cat-decoracao-de-natal","10":"product_cat-escritorio","11":"product_cat-gifts","12":"product_cat-mais-oferecidos","13":"product_cat-ofertas-para-o-casal","14":"product_cat-pascoa","15":"product_cat-presentes-entre-1000e-a-2500e","16":"product_cat-presentes-entre-2500e-a-5000e","17":"product_cat-presentes-institucionais","18":"product_cat-presentes-para-personalizar","19":"product_cat-salvas","20":"product_tag-prata","22":"first","23":"instock","24":"shipping-taxable","25":"purchasable","26":"product-type-variable"},"acf":[],"yoast_head":"<!-- This site is optimized with the Yoast SEO plugin v25.4 - https:\/\/yoast.com\/wordpress\/plugins\/seo\/ -->\n<title>Salva Redonda em prata com baixos relevos | Leit\u00e3o &amp; Irm\u00e3o<\/title>\n<meta name=\"description\" content=\"As salvas em prata s\u00e3o um cl\u00e1ssico intemporal em qualquer mesa. Uma pe\u00e7a realizada manualmente nas oficinas Leit\u00e3o &amp; Irm\u00e3o.\" \/>\n<meta name=\"robots\" content=\"index, follow, max-snippet:-1, max-image-preview:large, max-video-preview:-1\" \/>\n<link rel=\"canonical\" href=\"https:\/\/www.leitao-irmao.com\/en\/product\/salva-redonda-com-baixos-relevos-cinzelados\/\" \/>\n<meta property=\"og:locale\" content=\"en_GB\" \/>\n<meta property=\"og:type\" content=\"article\" \/>\n<meta property=\"og:title\" content=\"Salva Redonda em prata com baixos relevos | Leit\u00e3o &amp; Irm\u00e3o\" \/>\n<meta property=\"og:description\" content=\"As salvas em prata s\u00e3o um cl\u00e1ssico intemporal em qualquer mesa. Uma pe\u00e7a realizada manualmente nas oficinas Leit\u00e3o &amp; Irm\u00e3o.\" \/>\n<meta property=\"og:url\" content=\"https:\/\/www.leitao-irmao.com\/en\/product\/salva-redonda-com-baixos-relevos-cinzelados\/\" \/>\n<meta property=\"og:site_name\" content=\"Leit\u00e3o &amp; Irm\u00e3o\" \/>\n<meta property=\"article:modified_time\" content=\"2026-03-19T12:06:26+00:00\" \/>\n<meta property=\"og:image\" content=\"https:\/\/www.leitao-irmao.com\/wp-content\/uploads\/2023\/11\/0502076.jpg\" \/>\n\t<meta property=\"og:image:width\" content=\"1080\" \/>\n\t<meta property=\"og:image:height\" content=\"1080\" \/>\n\t<meta property=\"og:image:type\" content=\"image\/jpeg\" \/>\n<meta name=\"twitter:card\" content=\"summary_large_image\" \/>\n<meta name=\"twitter:label1\" content=\"Estimated reading time\" \/>\n\t<meta name=\"twitter:data1\" content=\"1 minute\" \/>\n<script type=\"application\/ld+json\" class=\"yoast-schema-graph\">{\"@context\":\"https:\/\/schema.org\",\"@graph\":[{\"@type\":\"WebPage\",\"@id\":\"https:\/\/www.leitao-irmao.com\/product\/salva-redonda-com-baixos-relevos-cinzelados\/\",\"url\":\"https:\/\/www.leitao-irmao.com\/product\/salva-redonda-com-baixos-relevos-cinzelados\/\",\"name\":\"Salva Redonda em prata com baixos relevos | Leit\u00e3o &amp; Irm\u00e3o\",\"isPartOf\":{\"@id\":\"https:\/\/www.leitao-irmao.com\/#website\"},\"primaryImageOfPage\":{\"@id\":\"https:\/\/www.leitao-irmao.com\/product\/salva-redonda-com-baixos-relevos-cinzelados\/#primaryimage\"},\"image\":{\"@id\":\"https:\/\/www.leitao-irmao.com\/product\/salva-redonda-com-baixos-relevos-cinzelados\/#primaryimage\"},\"thumbnailUrl\":\"https:\/\/www.leitao-irmao.com\/wp-content\/uploads\/2023\/11\/0502076.jpg\",\"datePublished\":\"2023-11-16T18:26:26+00:00\",\"dateModified\":\"2026-03-19T12:06:26+00:00\",\"description\":\"As salvas em prata s\u00e3o um cl\u00e1ssico intemporal em qualquer mesa. Uma pe\u00e7a realizada manualmente nas oficinas Leit\u00e3o & Irm\u00e3o.\",\"breadcrumb\":{\"@id\":\"https:\/\/www.leitao-irmao.com\/product\/salva-redonda-com-baixos-relevos-cinzelados\/#breadcrumb\"},\"inLanguage\":\"en-GB\",\"potentialAction\":[{\"@type\":\"ReadAction\",\"target\":[\"https:\/\/www.leitao-irmao.com\/product\/salva-redonda-com-baixos-relevos-cinzelados\/\"]}]},{\"@type\":\"ImageObject\",\"inLanguage\":\"en-GB\",\"@id\":\"https:\/\/www.leitao-irmao.com\/product\/salva-redonda-com-baixos-relevos-cinzelados\/#primaryimage\",\"url\":\"https:\/\/www.leitao-irmao.com\/wp-content\/uploads\/2023\/11\/0502076.jpg\",\"contentUrl\":\"https:\/\/www.leitao-irmao.com\/wp-content\/uploads\/2023\/11\/0502076.jpg\",\"width\":1080,\"height\":1080,\"caption\":\"Salva redonda com baixos relevos em prata da leit\u00e3o & Irm\u00e3o\"},{\"@type\":\"BreadcrumbList\",\"@id\":\"https:\/\/www.leitao-irmao.com\/product\/salva-redonda-com-baixos-relevos-cinzelados\/#breadcrumb\",\"itemListElement\":[{\"@type\":\"ListItem\",\"position\":1,\"name\":\"Home\",\"item\":\"https:\/\/www.leitao-irmao.com\/\"},{\"@type\":\"ListItem\",\"position\":2,\"name\":\"Products\",\"item\":\"https:\/\/www.leitao-irmao.com\/shop\/\"},{\"@type\":\"ListItem\",\"position\":3,\"name\":\"Salva Redonda em prata com baixos relevos\"}]},{\"@type\":\"WebSite\",\"@id\":\"https:\/\/www.leitao-irmao.com\/#website\",\"url\":\"https:\/\/www.leitao-irmao.com\/\",\"name\":\"Leit\u00e3o & Irm\u00e3o\",\"description\":\"Joalheiros desde 1822\",\"publisher\":{\"@id\":\"https:\/\/www.leitao-irmao.com\/#organization\"},\"potentialAction\":[{\"@type\":\"SearchAction\",\"target\":{\"@type\":\"EntryPoint\",\"urlTemplate\":\"https:\/\/www.leitao-irmao.com\/?s={search_term_string}\"},\"query-input\":{\"@type\":\"PropertyValueSpecification\",\"valueRequired\":true,\"valueName\":\"search_term_string\"}}],\"inLanguage\":\"en-GB\"},{\"@type\":\"Organization\",\"@id\":\"https:\/\/www.leitao-irmao.com\/#organization\",\"name\":\"Leit\u00e3o & Irm\u00e3o\",\"url\":\"https:\/\/www.leitao-irmao.com\/\",\"logo\":{\"@type\":\"ImageObject\",\"inLanguage\":\"en-GB\",\"@id\":\"https:\/\/www.leitao-irmao.com\/#\/schema\/logo\/image\/\",\"url\":\"https:\/\/www.leitao-irmao.com\/wp-content\/uploads\/2022\/11\/leitaoirmao-logo.png\",\"contentUrl\":\"https:\/\/www.leitao-irmao.com\/wp-content\/uploads\/2022\/11\/leitaoirmao-logo.png\",\"width\":426,\"height\":89,\"caption\":\"Leit\u00e3o & Irm\u00e3o\"},\"image\":{\"@id\":\"https:\/\/www.leitao-irmao.com\/#\/schema\/logo\/image\/\"}}]}<\/script>\n<!-- \/ Yoast SEO plugin. -->","yoast_head_json":{"title":"Salva Redonda em prata com baixos relevos | Leit\u00e3o &amp; Irm\u00e3o","description":"As salvas em prata s\u00e3o um cl\u00e1ssico intemporal em qualquer mesa. Uma pe\u00e7a realizada manualmente nas oficinas Leit\u00e3o & Irm\u00e3o.","robots":{"index":"index","follow":"follow","max-snippet":"max-snippet:-1","max-image-preview":"max-image-preview:large","max-video-preview":"max-video-preview:-1"},"canonical":"https:\/\/www.leitao-irmao.com\/en\/product\/salva-redonda-com-baixos-relevos-cinzelados\/","og_locale":"en_GB","og_type":"article","og_title":"Salva Redonda em prata com baixos relevos | Leit\u00e3o &amp; Irm\u00e3o","og_description":"As salvas em prata s\u00e3o um cl\u00e1ssico intemporal em qualquer mesa. Uma pe\u00e7a realizada manualmente nas oficinas Leit\u00e3o & Irm\u00e3o.","og_url":"https:\/\/www.leitao-irmao.com\/en\/product\/salva-redonda-com-baixos-relevos-cinzelados\/","og_site_name":"Leit\u00e3o &amp; Irm\u00e3o","article_modified_time":"2026-03-19T12:06:26+00:00","og_image":[{"width":1080,"height":1080,"url":"https:\/\/www.leitao-irmao.com\/wp-content\/uploads\/2023\/11\/0502076.jpg","type":"image\/jpeg"}],"twitter_card":"summary_large_image","twitter_misc":{"Estimated reading time":"1 minute"},"schema":{"@context":"https:\/\/schema.org","@graph":[{"@type":"WebPage","@id":"https:\/\/www.leitao-irmao.com\/product\/salva-redonda-com-baixos-relevos-cinzelados\/","url":"https:\/\/www.leitao-irmao.com\/product\/salva-redonda-com-baixos-relevos-cinzelados\/","name":"Salva Redonda em prata com baixos relevos | Leit\u00e3o &amp; Irm\u00e3o","isPartOf":{"@id":"https:\/\/www.leitao-irmao.com\/#website"},"primaryImageOfPage":{"@id":"https:\/\/www.leitao-irmao.com\/product\/salva-redonda-com-baixos-relevos-cinzelados\/#primaryimage"},"image":{"@id":"https:\/\/www.leitao-irmao.com\/product\/salva-redonda-com-baixos-relevos-cinzelados\/#primaryimage"},"thumbnailUrl":"https:\/\/www.leitao-irmao.com\/wp-content\/uploads\/2023\/11\/0502076.jpg","datePublished":"2023-11-16T18:26:26+00:00","dateModified":"2026-03-19T12:06:26+00:00","description":"As salvas em prata s\u00e3o um cl\u00e1ssico intemporal em qualquer mesa. Uma pe\u00e7a realizada manualmente nas oficinas Leit\u00e3o & Irm\u00e3o.","breadcrumb":{"@id":"https:\/\/www.leitao-irmao.com\/product\/salva-redonda-com-baixos-relevos-cinzelados\/#breadcrumb"},"inLanguage":"en-GB","potentialAction":[{"@type":"ReadAction","target":["https:\/\/www.leitao-irmao.com\/product\/salva-redonda-com-baixos-relevos-cinzelados\/"]}]},{"@type":"ImageObject","inLanguage":"en-GB","@id":"https:\/\/www.leitao-irmao.com\/product\/salva-redonda-com-baixos-relevos-cinzelados\/#primaryimage","url":"https:\/\/www.leitao-irmao.com\/wp-content\/uploads\/2023\/11\/0502076.jpg","contentUrl":"https:\/\/www.leitao-irmao.com\/wp-content\/uploads\/2023\/11\/0502076.jpg","width":1080,"height":1080,"caption":"Salva redonda com baixos relevos em prata da leit\u00e3o & Irm\u00e3o"},{"@type":"BreadcrumbList","@id":"https:\/\/www.leitao-irmao.com\/product\/salva-redonda-com-baixos-relevos-cinzelados\/#breadcrumb","itemListElement":[{"@type":"ListItem","position":1,"name":"Home","item":"https:\/\/www.leitao-irmao.com\/"},{"@type":"ListItem","position":2,"name":"Products","item":"https:\/\/www.leitao-irmao.com\/shop\/"},{"@type":"ListItem","position":3,"name":"Salva Redonda em prata com baixos relevos"}]},{"@type":"WebSite","@id":"https:\/\/www.leitao-irmao.com\/#website","url":"https:\/\/www.leitao-irmao.com\/","name":"Leit\u00e3o & Irm\u00e3o","description":"Joalheiros desde 1822","publisher":{"@id":"https:\/\/www.leitao-irmao.com\/#organization"},"potentialAction":[{"@type":"SearchAction","target":{"@type":"EntryPoint","urlTemplate":"https:\/\/www.leitao-irmao.com\/?s={search_term_string}"},"query-input":{"@type":"PropertyValueSpecification","valueRequired":true,"valueName":"search_term_string"}}],"inLanguage":"en-GB"},{"@type":"Organization","@id":"https:\/\/www.leitao-irmao.com\/#organization","name":"Leit\u00e3o & Irm\u00e3o","url":"https:\/\/www.leitao-irmao.com\/","logo":{"@type":"ImageObject","inLanguage":"en-GB","@id":"https:\/\/www.leitao-irmao.com\/#\/schema\/logo\/image\/","url":"https:\/\/www.leitao-irmao.com\/wp-content\/uploads\/2022\/11\/leitaoirmao-logo.png","contentUrl":"https:\/\/www.leitao-irmao.com\/wp-content\/uploads\/2022\/11\/leitaoirmao-logo.png","width":426,"height":89,"caption":"Leit\u00e3o & Irm\u00e3o"},"image":{"@id":"https:\/\/www.leitao-irmao.com\/#\/schema\/logo\/image\/"}}]}},"_links":{"self":[{"href":"https:\/\/www.leitao-irmao.com\/en\/wp-json\/wp\/v2\/product\/19953","targetHints":{"allow":["GET"]}}],"collection":[{"href":"https:\/\/www.leitao-irmao.com\/en\/wp-json\/wp\/v2\/product"}],"about":[{"href":"https:\/\/www.leitao-irmao.com\/en\/wp-json\/wp\/v2\/types\/product"}],"version-history":[{"count":1,"href":"https:\/\/www.leitao-irmao.com\/en\/wp-json\/wp\/v2\/product\/19953\/revisions"}],"predecessor-version":[{"id":35252,"href":"https:\/\/www.leitao-irmao.com\/en\/wp-json\/wp\/v2\/product\/19953\/revisions\/35252"}],"wp:featuredmedia":[{"embeddable":true,"href":"https:\/\/www.leitao-irmao.com\/en\/wp-json\/wp\/v2\/media\/19957"}],"wp:attachment":[{"href":"https:\/\/www.leitao-irmao.com\/en\/wp-json\/wp\/v2\/media?parent=19953"}],"wp:term":[{"taxonomy":"product_brand","embeddable":true,"href":"https:\/\/www.leitao-irmao.com\/en\/wp-json\/wp\/v2\/product_brand?post=19953"},{"taxonomy":"product_cat","embeddable":true,"href":"https:\/\/www.leitao-irmao.com\/en\/wp-json\/wp\/v2\/product_cat?post=19953"},{"taxonomy":"product_tag","embeddable":true,"href":"https:\/\/www.leitao-irmao.com\/en\/wp-json\/wp\/v2\/product_tag?post=19953"}],"curies":[{"name":"wp","href":"https:\/\/api.w.org\/{rel}","templated":true}]}}