{"id":20327,"date":"2023-12-11T12:42:02","date_gmt":"2023-12-11T12:42:02","guid":{"rendered":"https:\/\/www.leitao-irmao.com\/?post_type=product&#038;p=20327"},"modified":"2026-03-26T12:17:12","modified_gmt":"2026-03-26T12:17:12","slug":"pendente-pomba-em-ouro-colecao-gaia","status":"publish","type":"product","link":"https:\/\/www.leitao-irmao.com\/en\/product\/pendente-pomba-em-ouro-colecao-gaia\/","title":{"rendered":"Dove pendant in gold | Gaia"},"content":{"rendered":"","protected":false},"excerpt":{"rendered":"<p>The Dove pendant from the Gaia collection. A symbol of peace, harmony and love.<\/p>\n<p>The Gaia collection features universal symbols that fuse cultures, traditions and knowledge.<\/p>\n<p>&nbsp;<\/p>\n<p><em><strong>Oferta de Fio de seda exclusivo online.\u00a0<\/strong><\/em><\/p>","protected":false},"featured_media":20328,"template":"","meta":{"_acf_changed":false},"product_brand":[],"product_cat":[483,137,79,86,123],"product_tag":[434,271],"class_list":{"0":"post-20327","1":"product","2":"type-product","3":"status-publish","4":"has-post-thumbnail","6":"product_cat-artigos-religiosos-joalharia-portuguesa","7":"product_cat-batizados","8":"product_cat-joalharia","9":"product_cat-pendentes","10":"product_cat-presentes-entre-150e-a-500e","11":"product_tag-crianca","12":"product_tag-ouro","14":"first","15":"instock","16":"shipping-taxable","17":"purchasable","18":"product-type-simple"},"acf":[],"yoast_head":"<!-- This site is optimized with the Yoast SEO plugin v25.4 - https:\/\/yoast.com\/wordpress\/plugins\/seo\/ -->\n<title>pendente pomba em ouro<\/title>\n<meta name=\"description\" content=\"O pendente Pomba da cole\u00e7\u00e3o Gaia. Um s\u00edmbolo de paz, harmonia e amor. A cole\u00e7\u00e3o Gaia apresenta s\u00edmbolos universais que fundem culturas, tradi\u00e7\u00f5es e saberes.\" \/>\n<meta name=\"robots\" content=\"index, follow, max-snippet:-1, max-image-preview:large, max-video-preview:-1\" \/>\n<link rel=\"canonical\" href=\"https:\/\/www.leitao-irmao.com\/en\/product\/pendente-pomba-em-ouro-colecao-gaia\/\" \/>\n<meta property=\"og:locale\" content=\"en_GB\" \/>\n<meta property=\"og:type\" content=\"article\" \/>\n<meta property=\"og:title\" content=\"pendente pomba em ouro\" \/>\n<meta property=\"og:description\" content=\"O pendente Pomba da cole\u00e7\u00e3o Gaia. Um s\u00edmbolo de paz, harmonia e amor. A cole\u00e7\u00e3o Gaia apresenta s\u00edmbolos universais que fundem culturas, tradi\u00e7\u00f5es e saberes.\" \/>\n<meta property=\"og:url\" content=\"https:\/\/www.leitao-irmao.com\/en\/product\/pendente-pomba-em-ouro-colecao-gaia\/\" \/>\n<meta property=\"og:site_name\" content=\"Leit\u00e3o &amp; Irm\u00e3o\" \/>\n<meta property=\"article:modified_time\" content=\"2026-03-26T12:17:12+00:00\" \/>\n<meta property=\"og:image\" content=\"https:\/\/www.leitao-irmao.com\/wp-content\/uploads\/2023\/12\/7300002-Pendente-Pomba-em-ouro-amarelo.jpg\" \/>\n\t<meta property=\"og:image:width\" content=\"1030\" \/>\n\t<meta property=\"og:image:height\" content=\"1030\" \/>\n\t<meta property=\"og:image:type\" content=\"image\/jpeg\" \/>\n<meta name=\"twitter:card\" content=\"summary_large_image\" \/>\n<meta name=\"twitter:label1\" content=\"Estimated reading time\" \/>\n\t<meta name=\"twitter:data1\" content=\"1 minute\" \/>\n<script type=\"application\/ld+json\" class=\"yoast-schema-graph\">{\"@context\":\"https:\/\/schema.org\",\"@graph\":[{\"@type\":\"WebPage\",\"@id\":\"https:\/\/www.leitao-irmao.com\/product\/pendente-pomba-em-ouro-colecao-gaia\/\",\"url\":\"https:\/\/www.leitao-irmao.com\/product\/pendente-pomba-em-ouro-colecao-gaia\/\",\"name\":\"pendente pomba em ouro\",\"isPartOf\":{\"@id\":\"https:\/\/www.leitao-irmao.com\/#website\"},\"primaryImageOfPage\":{\"@id\":\"https:\/\/www.leitao-irmao.com\/product\/pendente-pomba-em-ouro-colecao-gaia\/#primaryimage\"},\"image\":{\"@id\":\"https:\/\/www.leitao-irmao.com\/product\/pendente-pomba-em-ouro-colecao-gaia\/#primaryimage\"},\"thumbnailUrl\":\"https:\/\/www.leitao-irmao.com\/wp-content\/uploads\/2023\/12\/7300002-Pendente-Pomba-em-ouro-amarelo.jpg\",\"datePublished\":\"2023-12-11T12:42:02+00:00\",\"dateModified\":\"2026-03-26T12:17:12+00:00\",\"description\":\"O pendente Pomba da cole\u00e7\u00e3o Gaia. Um s\u00edmbolo de paz, harmonia e amor. A cole\u00e7\u00e3o Gaia apresenta s\u00edmbolos universais que fundem culturas, tradi\u00e7\u00f5es e saberes.\",\"breadcrumb\":{\"@id\":\"https:\/\/www.leitao-irmao.com\/product\/pendente-pomba-em-ouro-colecao-gaia\/#breadcrumb\"},\"inLanguage\":\"en-GB\",\"potentialAction\":[{\"@type\":\"ReadAction\",\"target\":[\"https:\/\/www.leitao-irmao.com\/product\/pendente-pomba-em-ouro-colecao-gaia\/\"]}]},{\"@type\":\"ImageObject\",\"inLanguage\":\"en-GB\",\"@id\":\"https:\/\/www.leitao-irmao.com\/product\/pendente-pomba-em-ouro-colecao-gaia\/#primaryimage\",\"url\":\"https:\/\/www.leitao-irmao.com\/wp-content\/uploads\/2023\/12\/7300002-Pendente-Pomba-em-ouro-amarelo.jpg\",\"contentUrl\":\"https:\/\/www.leitao-irmao.com\/wp-content\/uploads\/2023\/12\/7300002-Pendente-Pomba-em-ouro-amarelo.jpg\",\"width\":1030,\"height\":1030,\"caption\":\"Pendente pomba em ouro amarelo cole\u00e7\u00e3o gaia da Leit\u00e3o & Irm\u00e3o\"},{\"@type\":\"BreadcrumbList\",\"@id\":\"https:\/\/www.leitao-irmao.com\/product\/pendente-pomba-em-ouro-colecao-gaia\/#breadcrumb\",\"itemListElement\":[{\"@type\":\"ListItem\",\"position\":1,\"name\":\"Home\",\"item\":\"https:\/\/www.leitao-irmao.com\/\"},{\"@type\":\"ListItem\",\"position\":2,\"name\":\"Products\",\"item\":\"https:\/\/www.leitao-irmao.com\/shop\/\"},{\"@type\":\"ListItem\",\"position\":3,\"name\":\"Pendente Pomba em ouro | Gaia\"}]},{\"@type\":\"WebSite\",\"@id\":\"https:\/\/www.leitao-irmao.com\/#website\",\"url\":\"https:\/\/www.leitao-irmao.com\/\",\"name\":\"Leit\u00e3o & Irm\u00e3o\",\"description\":\"Joalheiros desde 1822\",\"publisher\":{\"@id\":\"https:\/\/www.leitao-irmao.com\/#organization\"},\"potentialAction\":[{\"@type\":\"SearchAction\",\"target\":{\"@type\":\"EntryPoint\",\"urlTemplate\":\"https:\/\/www.leitao-irmao.com\/?s={search_term_string}\"},\"query-input\":{\"@type\":\"PropertyValueSpecification\",\"valueRequired\":true,\"valueName\":\"search_term_string\"}}],\"inLanguage\":\"en-GB\"},{\"@type\":\"Organization\",\"@id\":\"https:\/\/www.leitao-irmao.com\/#organization\",\"name\":\"Leit\u00e3o & Irm\u00e3o\",\"url\":\"https:\/\/www.leitao-irmao.com\/\",\"logo\":{\"@type\":\"ImageObject\",\"inLanguage\":\"en-GB\",\"@id\":\"https:\/\/www.leitao-irmao.com\/#\/schema\/logo\/image\/\",\"url\":\"https:\/\/www.leitao-irmao.com\/wp-content\/uploads\/2022\/11\/leitaoirmao-logo.png\",\"contentUrl\":\"https:\/\/www.leitao-irmao.com\/wp-content\/uploads\/2022\/11\/leitaoirmao-logo.png\",\"width\":426,\"height\":89,\"caption\":\"Leit\u00e3o & Irm\u00e3o\"},\"image\":{\"@id\":\"https:\/\/www.leitao-irmao.com\/#\/schema\/logo\/image\/\"}}]}<\/script>\n<!-- \/ Yoast SEO plugin. -->","yoast_head_json":{"title":"pendente pomba em ouro","description":"O pendente Pomba da cole\u00e7\u00e3o Gaia. Um s\u00edmbolo de paz, harmonia e amor. A cole\u00e7\u00e3o Gaia apresenta s\u00edmbolos universais que fundem culturas, tradi\u00e7\u00f5es e saberes.","robots":{"index":"index","follow":"follow","max-snippet":"max-snippet:-1","max-image-preview":"max-image-preview:large","max-video-preview":"max-video-preview:-1"},"canonical":"https:\/\/www.leitao-irmao.com\/en\/product\/pendente-pomba-em-ouro-colecao-gaia\/","og_locale":"en_GB","og_type":"article","og_title":"pendente pomba em ouro","og_description":"O pendente Pomba da cole\u00e7\u00e3o Gaia. Um s\u00edmbolo de paz, harmonia e amor. A cole\u00e7\u00e3o Gaia apresenta s\u00edmbolos universais que fundem culturas, tradi\u00e7\u00f5es e saberes.","og_url":"https:\/\/www.leitao-irmao.com\/en\/product\/pendente-pomba-em-ouro-colecao-gaia\/","og_site_name":"Leit\u00e3o &amp; Irm\u00e3o","article_modified_time":"2026-03-26T12:17:12+00:00","og_image":[{"width":1030,"height":1030,"url":"https:\/\/www.leitao-irmao.com\/wp-content\/uploads\/2023\/12\/7300002-Pendente-Pomba-em-ouro-amarelo.jpg","type":"image\/jpeg"}],"twitter_card":"summary_large_image","twitter_misc":{"Estimated reading time":"1 minute"},"schema":{"@context":"https:\/\/schema.org","@graph":[{"@type":"WebPage","@id":"https:\/\/www.leitao-irmao.com\/product\/pendente-pomba-em-ouro-colecao-gaia\/","url":"https:\/\/www.leitao-irmao.com\/product\/pendente-pomba-em-ouro-colecao-gaia\/","name":"pendente pomba em ouro","isPartOf":{"@id":"https:\/\/www.leitao-irmao.com\/#website"},"primaryImageOfPage":{"@id":"https:\/\/www.leitao-irmao.com\/product\/pendente-pomba-em-ouro-colecao-gaia\/#primaryimage"},"image":{"@id":"https:\/\/www.leitao-irmao.com\/product\/pendente-pomba-em-ouro-colecao-gaia\/#primaryimage"},"thumbnailUrl":"https:\/\/www.leitao-irmao.com\/wp-content\/uploads\/2023\/12\/7300002-Pendente-Pomba-em-ouro-amarelo.jpg","datePublished":"2023-12-11T12:42:02+00:00","dateModified":"2026-03-26T12:17:12+00:00","description":"O pendente Pomba da cole\u00e7\u00e3o Gaia. Um s\u00edmbolo de paz, harmonia e amor. A cole\u00e7\u00e3o Gaia apresenta s\u00edmbolos universais que fundem culturas, tradi\u00e7\u00f5es e saberes.","breadcrumb":{"@id":"https:\/\/www.leitao-irmao.com\/product\/pendente-pomba-em-ouro-colecao-gaia\/#breadcrumb"},"inLanguage":"en-GB","potentialAction":[{"@type":"ReadAction","target":["https:\/\/www.leitao-irmao.com\/product\/pendente-pomba-em-ouro-colecao-gaia\/"]}]},{"@type":"ImageObject","inLanguage":"en-GB","@id":"https:\/\/www.leitao-irmao.com\/product\/pendente-pomba-em-ouro-colecao-gaia\/#primaryimage","url":"https:\/\/www.leitao-irmao.com\/wp-content\/uploads\/2023\/12\/7300002-Pendente-Pomba-em-ouro-amarelo.jpg","contentUrl":"https:\/\/www.leitao-irmao.com\/wp-content\/uploads\/2023\/12\/7300002-Pendente-Pomba-em-ouro-amarelo.jpg","width":1030,"height":1030,"caption":"Pendente pomba em ouro amarelo cole\u00e7\u00e3o gaia da Leit\u00e3o & Irm\u00e3o"},{"@type":"BreadcrumbList","@id":"https:\/\/www.leitao-irmao.com\/product\/pendente-pomba-em-ouro-colecao-gaia\/#breadcrumb","itemListElement":[{"@type":"ListItem","position":1,"name":"Home","item":"https:\/\/www.leitao-irmao.com\/"},{"@type":"ListItem","position":2,"name":"Products","item":"https:\/\/www.leitao-irmao.com\/shop\/"},{"@type":"ListItem","position":3,"name":"Pendente Pomba em ouro | Gaia"}]},{"@type":"WebSite","@id":"https:\/\/www.leitao-irmao.com\/#website","url":"https:\/\/www.leitao-irmao.com\/","name":"Leit\u00e3o & Irm\u00e3o","description":"Joalheiros desde 1822","publisher":{"@id":"https:\/\/www.leitao-irmao.com\/#organization"},"potentialAction":[{"@type":"SearchAction","target":{"@type":"EntryPoint","urlTemplate":"https:\/\/www.leitao-irmao.com\/?s={search_term_string}"},"query-input":{"@type":"PropertyValueSpecification","valueRequired":true,"valueName":"search_term_string"}}],"inLanguage":"en-GB"},{"@type":"Organization","@id":"https:\/\/www.leitao-irmao.com\/#organization","name":"Leit\u00e3o & Irm\u00e3o","url":"https:\/\/www.leitao-irmao.com\/","logo":{"@type":"ImageObject","inLanguage":"en-GB","@id":"https:\/\/www.leitao-irmao.com\/#\/schema\/logo\/image\/","url":"https:\/\/www.leitao-irmao.com\/wp-content\/uploads\/2022\/11\/leitaoirmao-logo.png","contentUrl":"https:\/\/www.leitao-irmao.com\/wp-content\/uploads\/2022\/11\/leitaoirmao-logo.png","width":426,"height":89,"caption":"Leit\u00e3o & Irm\u00e3o"},"image":{"@id":"https:\/\/www.leitao-irmao.com\/#\/schema\/logo\/image\/"}}]}},"_links":{"self":[{"href":"https:\/\/www.leitao-irmao.com\/en\/wp-json\/wp\/v2\/product\/20327","targetHints":{"allow":["GET"]}}],"collection":[{"href":"https:\/\/www.leitao-irmao.com\/en\/wp-json\/wp\/v2\/product"}],"about":[{"href":"https:\/\/www.leitao-irmao.com\/en\/wp-json\/wp\/v2\/types\/product"}],"version-history":[{"count":1,"href":"https:\/\/www.leitao-irmao.com\/en\/wp-json\/wp\/v2\/product\/20327\/revisions"}],"predecessor-version":[{"id":37647,"href":"https:\/\/www.leitao-irmao.com\/en\/wp-json\/wp\/v2\/product\/20327\/revisions\/37647"}],"wp:featuredmedia":[{"embeddable":true,"href":"https:\/\/www.leitao-irmao.com\/en\/wp-json\/wp\/v2\/media\/20328"}],"wp:attachment":[{"href":"https:\/\/www.leitao-irmao.com\/en\/wp-json\/wp\/v2\/media?parent=20327"}],"wp:term":[{"taxonomy":"product_brand","embeddable":true,"href":"https:\/\/www.leitao-irmao.com\/en\/wp-json\/wp\/v2\/product_brand?post=20327"},{"taxonomy":"product_cat","embeddable":true,"href":"https:\/\/www.leitao-irmao.com\/en\/wp-json\/wp\/v2\/product_cat?post=20327"},{"taxonomy":"product_tag","embeddable":true,"href":"https:\/\/www.leitao-irmao.com\/en\/wp-json\/wp\/v2\/product_tag?post=20327"}],"curies":[{"name":"wp","href":"https:\/\/api.w.org\/{rel}","templated":true}]}}