{"id":20600,"date":"2023-12-27T11:59:46","date_gmt":"2023-12-27T11:59:46","guid":{"rendered":"https:\/\/www.leitao-irmao.com\/?post_type=product&#038;p=20600"},"modified":"2026-03-19T12:57:32","modified_gmt":"2026-03-19T12:57:32","slug":"copo-de-bebe-em-prata-com-interior-dourado-modelo-batalha","status":"publish","type":"product","link":"https:\/\/www.leitao-irmao.com\/en\/product\/copo-de-bebe-em-prata-com-interior-dourado-modelo-batalha\/","title":{"rendered":"Baby cup in silver with gold interior | Battle model"},"content":{"rendered":"","protected":false},"excerpt":{"rendered":"<div class=\"elementor-element elementor-element-a79af5f elementor-widget elementor-widget-woocommerce-product-short-description\" data-id=\"a79af5f\" data-element_type=\"widget\" data-widget_type=\"woocommerce-product-short-description.default\">\n<div class=\"elementor-widget-container\">\n<div class=\"description\">\n<p>The Leit\u00e3o &amp; Irm\u00e3o Batalha baby cup is the perfect christening gift for the little ones, or as a simple decoration for your home. Small details that make all the difference.<\/p>\n<\/div>\n<\/div>\n<\/div>\n<div class=\"elementor-element elementor-element-be94852 elementor-add-to-cart--align-justify elementor-widget elementor-widget-wc-add-to-cart\" data-id=\"be94852\" data-element_type=\"widget\" data-widget_type=\"wc-add-to-cart.default\">\n<div class=\"elementor-widget-container\">\n<div class=\"quantity-button\">\n<div class=\"quantity\"><\/div>\n<\/div>\n<\/div>\n<\/div>","protected":false},"featured_media":20607,"template":"","meta":{"_acf_changed":false},"product_brand":[],"product_cat":[137,70,123,124],"product_tag":[434,270],"class_list":{"0":"post-20600","1":"product","2":"type-product","3":"status-publish","4":"has-post-thumbnail","6":"product_cat-batizados","7":"product_cat-casa-e-decoracao","8":"product_cat-presentes-entre-150e-a-500e","9":"product_cat-presentes-entre-500e-a-1000e","10":"product_tag-crianca","11":"product_tag-prata","13":"first","14":"instock","15":"shipping-taxable","16":"purchasable","17":"product-type-variable"},"acf":[],"yoast_head":"<!-- This site is optimized with the Yoast SEO plugin v25.4 - https:\/\/yoast.com\/wordpress\/plugins\/seo\/ -->\n<title>copo de beb\u00e9 em prata<\/title>\n<meta name=\"description\" content=\"O Copo de beb\u00e9 modelo batalha da Leit\u00e3o &amp; Irm\u00e3o \u00e9 o presente perfeito de batizado para os mais novos, ou para simples decora\u00e7\u00e3o da sua casa.\" \/>\n<meta name=\"robots\" content=\"index, follow, max-snippet:-1, max-image-preview:large, max-video-preview:-1\" \/>\n<link rel=\"canonical\" href=\"https:\/\/www.leitao-irmao.com\/en\/product\/copo-de-bebe-em-prata-com-interior-dourado-modelo-batalha\/\" \/>\n<meta property=\"og:locale\" content=\"en_GB\" \/>\n<meta property=\"og:type\" content=\"article\" \/>\n<meta property=\"og:title\" content=\"copo de beb\u00e9 em prata\" \/>\n<meta property=\"og:description\" content=\"O Copo de beb\u00e9 modelo batalha da Leit\u00e3o &amp; Irm\u00e3o \u00e9 o presente perfeito de batizado para os mais novos, ou para simples decora\u00e7\u00e3o da sua casa.\" \/>\n<meta property=\"og:url\" content=\"https:\/\/www.leitao-irmao.com\/en\/product\/copo-de-bebe-em-prata-com-interior-dourado-modelo-batalha\/\" \/>\n<meta property=\"og:site_name\" content=\"Leit\u00e3o &amp; Irm\u00e3o\" \/>\n<meta property=\"article:modified_time\" content=\"2026-03-19T12:57:32+00:00\" \/>\n<meta property=\"og:image\" content=\"https:\/\/www.leitao-irmao.com\/wp-content\/uploads\/2023\/12\/0501228.jpg\" \/>\n\t<meta property=\"og:image:width\" content=\"1800\" \/>\n\t<meta property=\"og:image:height\" content=\"1800\" \/>\n\t<meta property=\"og:image:type\" content=\"image\/jpeg\" \/>\n<meta name=\"twitter:card\" content=\"summary_large_image\" \/>\n<meta name=\"twitter:label1\" content=\"Estimated reading time\" \/>\n\t<meta name=\"twitter:data1\" content=\"1 minute\" \/>\n<script type=\"application\/ld+json\" class=\"yoast-schema-graph\">{\"@context\":\"https:\/\/schema.org\",\"@graph\":[{\"@type\":\"WebPage\",\"@id\":\"https:\/\/www.leitao-irmao.com\/product\/copo-de-bebe-em-prata-com-interior-dourado-modelo-batalha\/\",\"url\":\"https:\/\/www.leitao-irmao.com\/product\/copo-de-bebe-em-prata-com-interior-dourado-modelo-batalha\/\",\"name\":\"copo de beb\u00e9 em prata\",\"isPartOf\":{\"@id\":\"https:\/\/www.leitao-irmao.com\/#website\"},\"primaryImageOfPage\":{\"@id\":\"https:\/\/www.leitao-irmao.com\/product\/copo-de-bebe-em-prata-com-interior-dourado-modelo-batalha\/#primaryimage\"},\"image\":{\"@id\":\"https:\/\/www.leitao-irmao.com\/product\/copo-de-bebe-em-prata-com-interior-dourado-modelo-batalha\/#primaryimage\"},\"thumbnailUrl\":\"https:\/\/www.leitao-irmao.com\/wp-content\/uploads\/2023\/12\/0501228.jpg\",\"datePublished\":\"2023-12-27T11:59:46+00:00\",\"dateModified\":\"2026-03-19T12:57:32+00:00\",\"description\":\"O Copo de beb\u00e9 modelo batalha da Leit\u00e3o & Irm\u00e3o \u00e9 o presente perfeito de batizado para os mais novos, ou para simples decora\u00e7\u00e3o da sua casa.\",\"breadcrumb\":{\"@id\":\"https:\/\/www.leitao-irmao.com\/product\/copo-de-bebe-em-prata-com-interior-dourado-modelo-batalha\/#breadcrumb\"},\"inLanguage\":\"en-GB\",\"potentialAction\":[{\"@type\":\"ReadAction\",\"target\":[\"https:\/\/www.leitao-irmao.com\/product\/copo-de-bebe-em-prata-com-interior-dourado-modelo-batalha\/\"]}]},{\"@type\":\"ImageObject\",\"inLanguage\":\"en-GB\",\"@id\":\"https:\/\/www.leitao-irmao.com\/product\/copo-de-bebe-em-prata-com-interior-dourado-modelo-batalha\/#primaryimage\",\"url\":\"https:\/\/www.leitao-irmao.com\/wp-content\/uploads\/2023\/12\/0501228.jpg\",\"contentUrl\":\"https:\/\/www.leitao-irmao.com\/wp-content\/uploads\/2023\/12\/0501228.jpg\",\"width\":1800,\"height\":1800,\"caption\":\"Copo de beb\u00e9 em prata modelo batalha da Leit\u00e3o & Irm\u00e3o\"},{\"@type\":\"BreadcrumbList\",\"@id\":\"https:\/\/www.leitao-irmao.com\/product\/copo-de-bebe-em-prata-com-interior-dourado-modelo-batalha\/#breadcrumb\",\"itemListElement\":[{\"@type\":\"ListItem\",\"position\":1,\"name\":\"Home\",\"item\":\"https:\/\/www.leitao-irmao.com\/\"},{\"@type\":\"ListItem\",\"position\":2,\"name\":\"Products\",\"item\":\"https:\/\/www.leitao-irmao.com\/shop\/\"},{\"@type\":\"ListItem\",\"position\":3,\"name\":\"Copo de Beb\u00e9 em prata com interior dourado | Modelo batalha\"}]},{\"@type\":\"WebSite\",\"@id\":\"https:\/\/www.leitao-irmao.com\/#website\",\"url\":\"https:\/\/www.leitao-irmao.com\/\",\"name\":\"Leit\u00e3o & Irm\u00e3o\",\"description\":\"Joalheiros desde 1822\",\"publisher\":{\"@id\":\"https:\/\/www.leitao-irmao.com\/#organization\"},\"potentialAction\":[{\"@type\":\"SearchAction\",\"target\":{\"@type\":\"EntryPoint\",\"urlTemplate\":\"https:\/\/www.leitao-irmao.com\/?s={search_term_string}\"},\"query-input\":{\"@type\":\"PropertyValueSpecification\",\"valueRequired\":true,\"valueName\":\"search_term_string\"}}],\"inLanguage\":\"en-GB\"},{\"@type\":\"Organization\",\"@id\":\"https:\/\/www.leitao-irmao.com\/#organization\",\"name\":\"Leit\u00e3o & Irm\u00e3o\",\"url\":\"https:\/\/www.leitao-irmao.com\/\",\"logo\":{\"@type\":\"ImageObject\",\"inLanguage\":\"en-GB\",\"@id\":\"https:\/\/www.leitao-irmao.com\/#\/schema\/logo\/image\/\",\"url\":\"https:\/\/www.leitao-irmao.com\/wp-content\/uploads\/2022\/11\/leitaoirmao-logo.png\",\"contentUrl\":\"https:\/\/www.leitao-irmao.com\/wp-content\/uploads\/2022\/11\/leitaoirmao-logo.png\",\"width\":426,\"height\":89,\"caption\":\"Leit\u00e3o & Irm\u00e3o\"},\"image\":{\"@id\":\"https:\/\/www.leitao-irmao.com\/#\/schema\/logo\/image\/\"}}]}<\/script>\n<!-- \/ Yoast SEO plugin. -->","yoast_head_json":{"title":"copo de beb\u00e9 em prata","description":"O Copo de beb\u00e9 modelo batalha da Leit\u00e3o & Irm\u00e3o \u00e9 o presente perfeito de batizado para os mais novos, ou para simples decora\u00e7\u00e3o da sua casa.","robots":{"index":"index","follow":"follow","max-snippet":"max-snippet:-1","max-image-preview":"max-image-preview:large","max-video-preview":"max-video-preview:-1"},"canonical":"https:\/\/www.leitao-irmao.com\/en\/product\/copo-de-bebe-em-prata-com-interior-dourado-modelo-batalha\/","og_locale":"en_GB","og_type":"article","og_title":"copo de beb\u00e9 em prata","og_description":"O Copo de beb\u00e9 modelo batalha da Leit\u00e3o & Irm\u00e3o \u00e9 o presente perfeito de batizado para os mais novos, ou para simples decora\u00e7\u00e3o da sua casa.","og_url":"https:\/\/www.leitao-irmao.com\/en\/product\/copo-de-bebe-em-prata-com-interior-dourado-modelo-batalha\/","og_site_name":"Leit\u00e3o &amp; Irm\u00e3o","article_modified_time":"2026-03-19T12:57:32+00:00","og_image":[{"width":1800,"height":1800,"url":"https:\/\/www.leitao-irmao.com\/wp-content\/uploads\/2023\/12\/0501228.jpg","type":"image\/jpeg"}],"twitter_card":"summary_large_image","twitter_misc":{"Estimated reading time":"1 minute"},"schema":{"@context":"https:\/\/schema.org","@graph":[{"@type":"WebPage","@id":"https:\/\/www.leitao-irmao.com\/product\/copo-de-bebe-em-prata-com-interior-dourado-modelo-batalha\/","url":"https:\/\/www.leitao-irmao.com\/product\/copo-de-bebe-em-prata-com-interior-dourado-modelo-batalha\/","name":"copo de beb\u00e9 em prata","isPartOf":{"@id":"https:\/\/www.leitao-irmao.com\/#website"},"primaryImageOfPage":{"@id":"https:\/\/www.leitao-irmao.com\/product\/copo-de-bebe-em-prata-com-interior-dourado-modelo-batalha\/#primaryimage"},"image":{"@id":"https:\/\/www.leitao-irmao.com\/product\/copo-de-bebe-em-prata-com-interior-dourado-modelo-batalha\/#primaryimage"},"thumbnailUrl":"https:\/\/www.leitao-irmao.com\/wp-content\/uploads\/2023\/12\/0501228.jpg","datePublished":"2023-12-27T11:59:46+00:00","dateModified":"2026-03-19T12:57:32+00:00","description":"O Copo de beb\u00e9 modelo batalha da Leit\u00e3o & Irm\u00e3o \u00e9 o presente perfeito de batizado para os mais novos, ou para simples decora\u00e7\u00e3o da sua casa.","breadcrumb":{"@id":"https:\/\/www.leitao-irmao.com\/product\/copo-de-bebe-em-prata-com-interior-dourado-modelo-batalha\/#breadcrumb"},"inLanguage":"en-GB","potentialAction":[{"@type":"ReadAction","target":["https:\/\/www.leitao-irmao.com\/product\/copo-de-bebe-em-prata-com-interior-dourado-modelo-batalha\/"]}]},{"@type":"ImageObject","inLanguage":"en-GB","@id":"https:\/\/www.leitao-irmao.com\/product\/copo-de-bebe-em-prata-com-interior-dourado-modelo-batalha\/#primaryimage","url":"https:\/\/www.leitao-irmao.com\/wp-content\/uploads\/2023\/12\/0501228.jpg","contentUrl":"https:\/\/www.leitao-irmao.com\/wp-content\/uploads\/2023\/12\/0501228.jpg","width":1800,"height":1800,"caption":"Copo de beb\u00e9 em prata modelo batalha da Leit\u00e3o & Irm\u00e3o"},{"@type":"BreadcrumbList","@id":"https:\/\/www.leitao-irmao.com\/product\/copo-de-bebe-em-prata-com-interior-dourado-modelo-batalha\/#breadcrumb","itemListElement":[{"@type":"ListItem","position":1,"name":"Home","item":"https:\/\/www.leitao-irmao.com\/"},{"@type":"ListItem","position":2,"name":"Products","item":"https:\/\/www.leitao-irmao.com\/shop\/"},{"@type":"ListItem","position":3,"name":"Copo de Beb\u00e9 em prata com interior dourado | Modelo batalha"}]},{"@type":"WebSite","@id":"https:\/\/www.leitao-irmao.com\/#website","url":"https:\/\/www.leitao-irmao.com\/","name":"Leit\u00e3o & Irm\u00e3o","description":"Joalheiros desde 1822","publisher":{"@id":"https:\/\/www.leitao-irmao.com\/#organization"},"potentialAction":[{"@type":"SearchAction","target":{"@type":"EntryPoint","urlTemplate":"https:\/\/www.leitao-irmao.com\/?s={search_term_string}"},"query-input":{"@type":"PropertyValueSpecification","valueRequired":true,"valueName":"search_term_string"}}],"inLanguage":"en-GB"},{"@type":"Organization","@id":"https:\/\/www.leitao-irmao.com\/#organization","name":"Leit\u00e3o & Irm\u00e3o","url":"https:\/\/www.leitao-irmao.com\/","logo":{"@type":"ImageObject","inLanguage":"en-GB","@id":"https:\/\/www.leitao-irmao.com\/#\/schema\/logo\/image\/","url":"https:\/\/www.leitao-irmao.com\/wp-content\/uploads\/2022\/11\/leitaoirmao-logo.png","contentUrl":"https:\/\/www.leitao-irmao.com\/wp-content\/uploads\/2022\/11\/leitaoirmao-logo.png","width":426,"height":89,"caption":"Leit\u00e3o & Irm\u00e3o"},"image":{"@id":"https:\/\/www.leitao-irmao.com\/#\/schema\/logo\/image\/"}}]}},"_links":{"self":[{"href":"https:\/\/www.leitao-irmao.com\/en\/wp-json\/wp\/v2\/product\/20600","targetHints":{"allow":["GET"]}}],"collection":[{"href":"https:\/\/www.leitao-irmao.com\/en\/wp-json\/wp\/v2\/product"}],"about":[{"href":"https:\/\/www.leitao-irmao.com\/en\/wp-json\/wp\/v2\/types\/product"}],"version-history":[{"count":1,"href":"https:\/\/www.leitao-irmao.com\/en\/wp-json\/wp\/v2\/product\/20600\/revisions"}],"predecessor-version":[{"id":36588,"href":"https:\/\/www.leitao-irmao.com\/en\/wp-json\/wp\/v2\/product\/20600\/revisions\/36588"}],"wp:featuredmedia":[{"embeddable":true,"href":"https:\/\/www.leitao-irmao.com\/en\/wp-json\/wp\/v2\/media\/20607"}],"wp:attachment":[{"href":"https:\/\/www.leitao-irmao.com\/en\/wp-json\/wp\/v2\/media?parent=20600"}],"wp:term":[{"taxonomy":"product_brand","embeddable":true,"href":"https:\/\/www.leitao-irmao.com\/en\/wp-json\/wp\/v2\/product_brand?post=20600"},{"taxonomy":"product_cat","embeddable":true,"href":"https:\/\/www.leitao-irmao.com\/en\/wp-json\/wp\/v2\/product_cat?post=20600"},{"taxonomy":"product_tag","embeddable":true,"href":"https:\/\/www.leitao-irmao.com\/en\/wp-json\/wp\/v2\/product_tag?post=20600"}],"curies":[{"name":"wp","href":"https:\/\/api.w.org\/{rel}","templated":true}]}}