{"id":20687,"date":"2024-01-02T12:25:20","date_gmt":"2024-01-02T12:25:20","guid":{"rendered":"https:\/\/www.leitao-irmao.com\/?post_type=product&#038;p=20687"},"modified":"2025-06-30T16:10:03","modified_gmt":"2025-06-30T15:10:03","slug":"brincos-love-story-em-ouro-e-diamantes","status":"publish","type":"product","link":"https:\/\/www.leitao-irmao.com\/en\/product\/brincos-love-story-em-ouro-e-diamantes\/","title":{"rendered":"Gold and diamond earrings | Love Story"},"content":{"rendered":"","protected":false},"excerpt":{"rendered":"<p>The Love Story collection is a celebration of eternal love, materialized in stunning pieces of jewellery. Each piece in the collection is shaped like a heart, symbolizing affection and passion. Made of gold and adorned with diamonds of exceptional brilliance, these jewels are the perfect expression of elegance and sophistication.<\/p>\n<p>The Love Story collection was created for those who wish to eternalize special moments, inspired by traditional Portuguese jewellery and enhanced by the quality of Leit\u00e3o &amp; Irm\u00e3o.<\/p>","protected":false},"featured_media":20688,"template":"","meta":{"_acf_changed":false},"product_brand":[],"product_cat":[137,83,79,628,133,141,135,123],"product_tag":[275,278,271],"class_list":{"0":"post-20687","1":"product","2":"type-product","3":"status-publish","4":"has-post-thumbnail","6":"product_cat-batizados","7":"product_cat-brincos-joalharia-portuguesa","8":"product_cat-joalharia","9":"product_cat-love-story","10":"product_cat-mae","11":"product_cat-para-ela","12":"product_cat-natal","13":"product_cat-presentes-entre-150e-a-500e","14":"product_tag-diamantes","15":"product_tag-mulher","16":"product_tag-ouro","18":"first","19":"instock","20":"shipping-taxable","21":"purchasable","22":"product-type-simple"},"acf":[],"yoast_head":"<!-- This site is optimized with the Yoast SEO plugin v25.4 - https:\/\/yoast.com\/wordpress\/plugins\/seo\/ -->\n<title>Brincos em ouro e diamantes Love Story da leit\u00e3o &amp; Irm\u00e3o<\/title>\n<meta name=\"description\" content=\"Os brincos em ouro e diamantes da cole\u00e7\u00e3o Love Story \u00e9 uma celebra\u00e7\u00e3o do amor eterno, materializado em pe\u00e7as deslumbrantes de joalharia.\" \/>\n<meta name=\"robots\" content=\"index, follow, max-snippet:-1, max-image-preview:large, max-video-preview:-1\" \/>\n<link rel=\"canonical\" href=\"https:\/\/www.leitao-irmao.com\/en\/product\/brincos-love-story-em-ouro-e-diamantes\/\" \/>\n<meta property=\"og:locale\" content=\"en_GB\" \/>\n<meta property=\"og:type\" content=\"article\" \/>\n<meta property=\"og:title\" content=\"Brincos em ouro e diamantes Love Story da leit\u00e3o &amp; Irm\u00e3o\" \/>\n<meta property=\"og:description\" content=\"Os brincos em ouro e diamantes da cole\u00e7\u00e3o Love Story \u00e9 uma celebra\u00e7\u00e3o do amor eterno, materializado em pe\u00e7as deslumbrantes de joalharia.\" \/>\n<meta property=\"og:url\" content=\"https:\/\/www.leitao-irmao.com\/en\/product\/brincos-love-story-em-ouro-e-diamantes\/\" \/>\n<meta property=\"og:site_name\" content=\"Leit\u00e3o &amp; Irm\u00e3o\" \/>\n<meta property=\"article:modified_time\" content=\"2025-06-30T15:10:03+00:00\" \/>\n<meta property=\"og:image\" content=\"https:\/\/www.leitao-irmao.com\/wp-content\/uploads\/2024\/01\/0210241-brincos_love_story_sf.jpg\" \/>\n\t<meta property=\"og:image:width\" content=\"1080\" \/>\n\t<meta property=\"og:image:height\" content=\"1080\" \/>\n\t<meta property=\"og:image:type\" content=\"image\/jpeg\" \/>\n<meta name=\"twitter:card\" content=\"summary_large_image\" \/>\n<meta name=\"twitter:label1\" content=\"Estimated reading time\" \/>\n\t<meta name=\"twitter:data1\" content=\"1 minute\" \/>\n<script type=\"application\/ld+json\" class=\"yoast-schema-graph\">{\"@context\":\"https:\/\/schema.org\",\"@graph\":[{\"@type\":\"WebPage\",\"@id\":\"https:\/\/www.leitao-irmao.com\/product\/brincos-love-story-em-ouro-e-diamantes\/\",\"url\":\"https:\/\/www.leitao-irmao.com\/product\/brincos-love-story-em-ouro-e-diamantes\/\",\"name\":\"Brincos em ouro e diamantes Love Story da leit\u00e3o & Irm\u00e3o\",\"isPartOf\":{\"@id\":\"https:\/\/www.leitao-irmao.com\/#website\"},\"primaryImageOfPage\":{\"@id\":\"https:\/\/www.leitao-irmao.com\/product\/brincos-love-story-em-ouro-e-diamantes\/#primaryimage\"},\"image\":{\"@id\":\"https:\/\/www.leitao-irmao.com\/product\/brincos-love-story-em-ouro-e-diamantes\/#primaryimage\"},\"thumbnailUrl\":\"https:\/\/www.leitao-irmao.com\/wp-content\/uploads\/2024\/01\/0210241-brincos_love_story_sf.jpg\",\"datePublished\":\"2024-01-02T12:25:20+00:00\",\"dateModified\":\"2025-06-30T15:10:03+00:00\",\"description\":\"Os brincos em ouro e diamantes da cole\u00e7\u00e3o Love Story \u00e9 uma celebra\u00e7\u00e3o do amor eterno, materializado em pe\u00e7as deslumbrantes de joalharia.\",\"breadcrumb\":{\"@id\":\"https:\/\/www.leitao-irmao.com\/product\/brincos-love-story-em-ouro-e-diamantes\/#breadcrumb\"},\"inLanguage\":\"en-GB\",\"potentialAction\":[{\"@type\":\"ReadAction\",\"target\":[\"https:\/\/www.leitao-irmao.com\/product\/brincos-love-story-em-ouro-e-diamantes\/\"]}]},{\"@type\":\"ImageObject\",\"inLanguage\":\"en-GB\",\"@id\":\"https:\/\/www.leitao-irmao.com\/product\/brincos-love-story-em-ouro-e-diamantes\/#primaryimage\",\"url\":\"https:\/\/www.leitao-irmao.com\/wp-content\/uploads\/2024\/01\/0210241-brincos_love_story_sf.jpg\",\"contentUrl\":\"https:\/\/www.leitao-irmao.com\/wp-content\/uploads\/2024\/01\/0210241-brincos_love_story_sf.jpg\",\"width\":1080,\"height\":1080,\"caption\":\"Brincos Love story em ouro e diamantes da Leit\u00e3o & Irm\u00e3o\"},{\"@type\":\"BreadcrumbList\",\"@id\":\"https:\/\/www.leitao-irmao.com\/product\/brincos-love-story-em-ouro-e-diamantes\/#breadcrumb\",\"itemListElement\":[{\"@type\":\"ListItem\",\"position\":1,\"name\":\"Home\",\"item\":\"https:\/\/www.leitao-irmao.com\/\"},{\"@type\":\"ListItem\",\"position\":2,\"name\":\"Products\",\"item\":\"https:\/\/www.leitao-irmao.com\/shop\/\"},{\"@type\":\"ListItem\",\"position\":3,\"name\":\"Brincos em ouro e diamantes | Love Story\"}]},{\"@type\":\"WebSite\",\"@id\":\"https:\/\/www.leitao-irmao.com\/#website\",\"url\":\"https:\/\/www.leitao-irmao.com\/\",\"name\":\"Leit\u00e3o & Irm\u00e3o\",\"description\":\"Joalheiros desde 1822\",\"publisher\":{\"@id\":\"https:\/\/www.leitao-irmao.com\/#organization\"},\"potentialAction\":[{\"@type\":\"SearchAction\",\"target\":{\"@type\":\"EntryPoint\",\"urlTemplate\":\"https:\/\/www.leitao-irmao.com\/?s={search_term_string}\"},\"query-input\":{\"@type\":\"PropertyValueSpecification\",\"valueRequired\":true,\"valueName\":\"search_term_string\"}}],\"inLanguage\":\"en-GB\"},{\"@type\":\"Organization\",\"@id\":\"https:\/\/www.leitao-irmao.com\/#organization\",\"name\":\"Leit\u00e3o & Irm\u00e3o\",\"url\":\"https:\/\/www.leitao-irmao.com\/\",\"logo\":{\"@type\":\"ImageObject\",\"inLanguage\":\"en-GB\",\"@id\":\"https:\/\/www.leitao-irmao.com\/#\/schema\/logo\/image\/\",\"url\":\"https:\/\/www.leitao-irmao.com\/wp-content\/uploads\/2022\/11\/leitaoirmao-logo.png\",\"contentUrl\":\"https:\/\/www.leitao-irmao.com\/wp-content\/uploads\/2022\/11\/leitaoirmao-logo.png\",\"width\":426,\"height\":89,\"caption\":\"Leit\u00e3o & Irm\u00e3o\"},\"image\":{\"@id\":\"https:\/\/www.leitao-irmao.com\/#\/schema\/logo\/image\/\"}}]}<\/script>\n<!-- \/ Yoast SEO plugin. -->","yoast_head_json":{"title":"Brincos em ouro e diamantes Love Story da leit\u00e3o & Irm\u00e3o","description":"Os brincos em ouro e diamantes da cole\u00e7\u00e3o Love Story \u00e9 uma celebra\u00e7\u00e3o do amor eterno, materializado em pe\u00e7as deslumbrantes de joalharia.","robots":{"index":"index","follow":"follow","max-snippet":"max-snippet:-1","max-image-preview":"max-image-preview:large","max-video-preview":"max-video-preview:-1"},"canonical":"https:\/\/www.leitao-irmao.com\/en\/product\/brincos-love-story-em-ouro-e-diamantes\/","og_locale":"en_GB","og_type":"article","og_title":"Brincos em ouro e diamantes Love Story da leit\u00e3o & Irm\u00e3o","og_description":"Os brincos em ouro e diamantes da cole\u00e7\u00e3o Love Story \u00e9 uma celebra\u00e7\u00e3o do amor eterno, materializado em pe\u00e7as deslumbrantes de joalharia.","og_url":"https:\/\/www.leitao-irmao.com\/en\/product\/brincos-love-story-em-ouro-e-diamantes\/","og_site_name":"Leit\u00e3o &amp; Irm\u00e3o","article_modified_time":"2025-06-30T15:10:03+00:00","og_image":[{"width":1080,"height":1080,"url":"https:\/\/www.leitao-irmao.com\/wp-content\/uploads\/2024\/01\/0210241-brincos_love_story_sf.jpg","type":"image\/jpeg"}],"twitter_card":"summary_large_image","twitter_misc":{"Estimated reading time":"1 minute"},"schema":{"@context":"https:\/\/schema.org","@graph":[{"@type":"WebPage","@id":"https:\/\/www.leitao-irmao.com\/product\/brincos-love-story-em-ouro-e-diamantes\/","url":"https:\/\/www.leitao-irmao.com\/product\/brincos-love-story-em-ouro-e-diamantes\/","name":"Brincos em ouro e diamantes Love Story da leit\u00e3o & Irm\u00e3o","isPartOf":{"@id":"https:\/\/www.leitao-irmao.com\/#website"},"primaryImageOfPage":{"@id":"https:\/\/www.leitao-irmao.com\/product\/brincos-love-story-em-ouro-e-diamantes\/#primaryimage"},"image":{"@id":"https:\/\/www.leitao-irmao.com\/product\/brincos-love-story-em-ouro-e-diamantes\/#primaryimage"},"thumbnailUrl":"https:\/\/www.leitao-irmao.com\/wp-content\/uploads\/2024\/01\/0210241-brincos_love_story_sf.jpg","datePublished":"2024-01-02T12:25:20+00:00","dateModified":"2025-06-30T15:10:03+00:00","description":"Os brincos em ouro e diamantes da cole\u00e7\u00e3o Love Story \u00e9 uma celebra\u00e7\u00e3o do amor eterno, materializado em pe\u00e7as deslumbrantes de joalharia.","breadcrumb":{"@id":"https:\/\/www.leitao-irmao.com\/product\/brincos-love-story-em-ouro-e-diamantes\/#breadcrumb"},"inLanguage":"en-GB","potentialAction":[{"@type":"ReadAction","target":["https:\/\/www.leitao-irmao.com\/product\/brincos-love-story-em-ouro-e-diamantes\/"]}]},{"@type":"ImageObject","inLanguage":"en-GB","@id":"https:\/\/www.leitao-irmao.com\/product\/brincos-love-story-em-ouro-e-diamantes\/#primaryimage","url":"https:\/\/www.leitao-irmao.com\/wp-content\/uploads\/2024\/01\/0210241-brincos_love_story_sf.jpg","contentUrl":"https:\/\/www.leitao-irmao.com\/wp-content\/uploads\/2024\/01\/0210241-brincos_love_story_sf.jpg","width":1080,"height":1080,"caption":"Brincos Love story em ouro e diamantes da Leit\u00e3o & Irm\u00e3o"},{"@type":"BreadcrumbList","@id":"https:\/\/www.leitao-irmao.com\/product\/brincos-love-story-em-ouro-e-diamantes\/#breadcrumb","itemListElement":[{"@type":"ListItem","position":1,"name":"Home","item":"https:\/\/www.leitao-irmao.com\/"},{"@type":"ListItem","position":2,"name":"Products","item":"https:\/\/www.leitao-irmao.com\/shop\/"},{"@type":"ListItem","position":3,"name":"Brincos em ouro e diamantes | Love Story"}]},{"@type":"WebSite","@id":"https:\/\/www.leitao-irmao.com\/#website","url":"https:\/\/www.leitao-irmao.com\/","name":"Leit\u00e3o & Irm\u00e3o","description":"Joalheiros desde 1822","publisher":{"@id":"https:\/\/www.leitao-irmao.com\/#organization"},"potentialAction":[{"@type":"SearchAction","target":{"@type":"EntryPoint","urlTemplate":"https:\/\/www.leitao-irmao.com\/?s={search_term_string}"},"query-input":{"@type":"PropertyValueSpecification","valueRequired":true,"valueName":"search_term_string"}}],"inLanguage":"en-GB"},{"@type":"Organization","@id":"https:\/\/www.leitao-irmao.com\/#organization","name":"Leit\u00e3o & Irm\u00e3o","url":"https:\/\/www.leitao-irmao.com\/","logo":{"@type":"ImageObject","inLanguage":"en-GB","@id":"https:\/\/www.leitao-irmao.com\/#\/schema\/logo\/image\/","url":"https:\/\/www.leitao-irmao.com\/wp-content\/uploads\/2022\/11\/leitaoirmao-logo.png","contentUrl":"https:\/\/www.leitao-irmao.com\/wp-content\/uploads\/2022\/11\/leitaoirmao-logo.png","width":426,"height":89,"caption":"Leit\u00e3o & Irm\u00e3o"},"image":{"@id":"https:\/\/www.leitao-irmao.com\/#\/schema\/logo\/image\/"}}]}},"_links":{"self":[{"href":"https:\/\/www.leitao-irmao.com\/en\/wp-json\/wp\/v2\/product\/20687","targetHints":{"allow":["GET"]}}],"collection":[{"href":"https:\/\/www.leitao-irmao.com\/en\/wp-json\/wp\/v2\/product"}],"about":[{"href":"https:\/\/www.leitao-irmao.com\/en\/wp-json\/wp\/v2\/types\/product"}],"version-history":[{"count":1,"href":"https:\/\/www.leitao-irmao.com\/en\/wp-json\/wp\/v2\/product\/20687\/revisions"}],"predecessor-version":[{"id":32268,"href":"https:\/\/www.leitao-irmao.com\/en\/wp-json\/wp\/v2\/product\/20687\/revisions\/32268"}],"wp:featuredmedia":[{"embeddable":true,"href":"https:\/\/www.leitao-irmao.com\/en\/wp-json\/wp\/v2\/media\/20688"}],"wp:attachment":[{"href":"https:\/\/www.leitao-irmao.com\/en\/wp-json\/wp\/v2\/media?parent=20687"}],"wp:term":[{"taxonomy":"product_brand","embeddable":true,"href":"https:\/\/www.leitao-irmao.com\/en\/wp-json\/wp\/v2\/product_brand?post=20687"},{"taxonomy":"product_cat","embeddable":true,"href":"https:\/\/www.leitao-irmao.com\/en\/wp-json\/wp\/v2\/product_cat?post=20687"},{"taxonomy":"product_tag","embeddable":true,"href":"https:\/\/www.leitao-irmao.com\/en\/wp-json\/wp\/v2\/product_tag?post=20687"}],"curies":[{"name":"wp","href":"https:\/\/api.w.org\/{rel}","templated":true}]}}