{"id":20696,"date":"2024-01-02T12:53:06","date_gmt":"2024-01-02T12:53:06","guid":{"rendered":"https:\/\/www.leitao-irmao.com\/?post_type=product&#038;p=20696"},"modified":"2026-01-28T13:31:01","modified_gmt":"2026-01-28T13:31:01","slug":"fio-com-pendente-astrolabio-dundee","status":"publish","type":"product","link":"https:\/\/www.leitao-irmao.com\/en\/product\/fio-com-pendente-astrolabio-dundee\/","title":{"rendered":"Astrolabe \"Dundee\" pendant wire"},"content":{"rendered":"","protected":false},"excerpt":{"rendered":"<p>For sailors, surfers and lovers of the sea.<\/p>\n<p>The silver \"Dundee\" Astrolabe pendant chain is a useful and meaningful gift.<\/p>\n<p>&nbsp;<\/p>","protected":false},"featured_media":20697,"template":"","meta":{"_acf_changed":false},"product_brand":[],"product_cat":[84,121,79,140,123],"product_tag":[277,270],"class_list":{"0":"post-20696","1":"product","2":"type-product","3":"status-publish","4":"has-post-thumbnail","6":"product_cat-fios-e-colares-joalharia-portuguesa-leitao-irmao","7":"product_cat-gifts","8":"product_cat-joalharia","9":"product_cat-para-ele","10":"product_cat-presentes-entre-150e-a-500e","11":"product_tag-homem","12":"product_tag-prata","14":"first","15":"outofstock","16":"shipping-taxable","17":"product-type-simple"},"acf":[],"yoast_head":"<!-- This site is optimized with the Yoast SEO plugin v25.4 - https:\/\/yoast.com\/wordpress\/plugins\/seo\/ -->\n<title>fio com pendente astrol\u00e1bio<\/title>\n<meta name=\"description\" content=\"Para os os marinheiros, surfistas e apaixonados pelo mar. O Fio com pendente Astrol\u00e1bio em prata \u00e9 um presente \u00fatil e com significado.\" \/>\n<meta name=\"robots\" content=\"index, follow, max-snippet:-1, max-image-preview:large, max-video-preview:-1\" \/>\n<link rel=\"canonical\" href=\"https:\/\/www.leitao-irmao.com\/en\/product\/fio-com-pendente-astrolabio-dundee\/\" \/>\n<meta property=\"og:locale\" content=\"en_GB\" \/>\n<meta property=\"og:type\" content=\"article\" \/>\n<meta property=\"og:title\" content=\"fio com pendente astrol\u00e1bio\" \/>\n<meta property=\"og:description\" content=\"Para os os marinheiros, surfistas e apaixonados pelo mar. O Fio com pendente Astrol\u00e1bio em prata \u00e9 um presente \u00fatil e com significado.\" \/>\n<meta property=\"og:url\" content=\"https:\/\/www.leitao-irmao.com\/en\/product\/fio-com-pendente-astrolabio-dundee\/\" \/>\n<meta property=\"og:site_name\" content=\"Leit\u00e3o &amp; Irm\u00e3o\" \/>\n<meta property=\"article:modified_time\" content=\"2026-01-28T13:31:01+00:00\" \/>\n<meta property=\"og:image\" content=\"https:\/\/www.leitao-irmao.com\/wp-content\/uploads\/2024\/01\/1013034-2.jpg\" \/>\n\t<meta property=\"og:image:width\" content=\"1079\" \/>\n\t<meta property=\"og:image:height\" content=\"1080\" \/>\n\t<meta property=\"og:image:type\" content=\"image\/jpeg\" \/>\n<meta name=\"twitter:card\" content=\"summary_large_image\" \/>\n<script type=\"application\/ld+json\" class=\"yoast-schema-graph\">{\"@context\":\"https:\/\/schema.org\",\"@graph\":[{\"@type\":\"WebPage\",\"@id\":\"https:\/\/www.leitao-irmao.com\/product\/fio-com-pendente-astrolabio-dundee\/\",\"url\":\"https:\/\/www.leitao-irmao.com\/product\/fio-com-pendente-astrolabio-dundee\/\",\"name\":\"fio com pendente astrol\u00e1bio\",\"isPartOf\":{\"@id\":\"https:\/\/www.leitao-irmao.com\/#website\"},\"primaryImageOfPage\":{\"@id\":\"https:\/\/www.leitao-irmao.com\/product\/fio-com-pendente-astrolabio-dundee\/#primaryimage\"},\"image\":{\"@id\":\"https:\/\/www.leitao-irmao.com\/product\/fio-com-pendente-astrolabio-dundee\/#primaryimage\"},\"thumbnailUrl\":\"https:\/\/www.leitao-irmao.com\/wp-content\/uploads\/2024\/01\/1013034-2.jpg\",\"datePublished\":\"2024-01-02T12:53:06+00:00\",\"dateModified\":\"2026-01-28T13:31:01+00:00\",\"description\":\"Para os os marinheiros, surfistas e apaixonados pelo mar. O Fio com pendente Astrol\u00e1bio em prata \u00e9 um presente \u00fatil e com significado.\",\"breadcrumb\":{\"@id\":\"https:\/\/www.leitao-irmao.com\/product\/fio-com-pendente-astrolabio-dundee\/#breadcrumb\"},\"inLanguage\":\"en-GB\",\"potentialAction\":[{\"@type\":\"ReadAction\",\"target\":[\"https:\/\/www.leitao-irmao.com\/product\/fio-com-pendente-astrolabio-dundee\/\"]}]},{\"@type\":\"ImageObject\",\"inLanguage\":\"en-GB\",\"@id\":\"https:\/\/www.leitao-irmao.com\/product\/fio-com-pendente-astrolabio-dundee\/#primaryimage\",\"url\":\"https:\/\/www.leitao-irmao.com\/wp-content\/uploads\/2024\/01\/1013034-2.jpg\",\"contentUrl\":\"https:\/\/www.leitao-irmao.com\/wp-content\/uploads\/2024\/01\/1013034-2.jpg\",\"width\":1079,\"height\":1080,\"caption\":\"Fio com pendente Astrol\u00e1bio \\\" Dundee\\\" em prata da Leit\u00e3o & Irm\u00e3o\"},{\"@type\":\"BreadcrumbList\",\"@id\":\"https:\/\/www.leitao-irmao.com\/product\/fio-com-pendente-astrolabio-dundee\/#breadcrumb\",\"itemListElement\":[{\"@type\":\"ListItem\",\"position\":1,\"name\":\"Home\",\"item\":\"https:\/\/www.leitao-irmao.com\/\"},{\"@type\":\"ListItem\",\"position\":2,\"name\":\"Products\",\"item\":\"https:\/\/www.leitao-irmao.com\/shop\/\"},{\"@type\":\"ListItem\",\"position\":3,\"name\":\"Fio com pendente Astrol\u00e1bio &#8220;Dundee&#8221;\"}]},{\"@type\":\"WebSite\",\"@id\":\"https:\/\/www.leitao-irmao.com\/#website\",\"url\":\"https:\/\/www.leitao-irmao.com\/\",\"name\":\"Leit\u00e3o & Irm\u00e3o\",\"description\":\"Joalheiros desde 1822\",\"publisher\":{\"@id\":\"https:\/\/www.leitao-irmao.com\/#organization\"},\"potentialAction\":[{\"@type\":\"SearchAction\",\"target\":{\"@type\":\"EntryPoint\",\"urlTemplate\":\"https:\/\/www.leitao-irmao.com\/?s={search_term_string}\"},\"query-input\":{\"@type\":\"PropertyValueSpecification\",\"valueRequired\":true,\"valueName\":\"search_term_string\"}}],\"inLanguage\":\"en-GB\"},{\"@type\":\"Organization\",\"@id\":\"https:\/\/www.leitao-irmao.com\/#organization\",\"name\":\"Leit\u00e3o & Irm\u00e3o\",\"url\":\"https:\/\/www.leitao-irmao.com\/\",\"logo\":{\"@type\":\"ImageObject\",\"inLanguage\":\"en-GB\",\"@id\":\"https:\/\/www.leitao-irmao.com\/#\/schema\/logo\/image\/\",\"url\":\"https:\/\/www.leitao-irmao.com\/wp-content\/uploads\/2022\/11\/leitaoirmao-logo.png\",\"contentUrl\":\"https:\/\/www.leitao-irmao.com\/wp-content\/uploads\/2022\/11\/leitaoirmao-logo.png\",\"width\":426,\"height\":89,\"caption\":\"Leit\u00e3o & Irm\u00e3o\"},\"image\":{\"@id\":\"https:\/\/www.leitao-irmao.com\/#\/schema\/logo\/image\/\"}}]}<\/script>\n<!-- \/ Yoast SEO plugin. -->","yoast_head_json":{"title":"fio com pendente astrol\u00e1bio","description":"Para os os marinheiros, surfistas e apaixonados pelo mar. O Fio com pendente Astrol\u00e1bio em prata \u00e9 um presente \u00fatil e com significado.","robots":{"index":"index","follow":"follow","max-snippet":"max-snippet:-1","max-image-preview":"max-image-preview:large","max-video-preview":"max-video-preview:-1"},"canonical":"https:\/\/www.leitao-irmao.com\/en\/product\/fio-com-pendente-astrolabio-dundee\/","og_locale":"en_GB","og_type":"article","og_title":"fio com pendente astrol\u00e1bio","og_description":"Para os os marinheiros, surfistas e apaixonados pelo mar. O Fio com pendente Astrol\u00e1bio em prata \u00e9 um presente \u00fatil e com significado.","og_url":"https:\/\/www.leitao-irmao.com\/en\/product\/fio-com-pendente-astrolabio-dundee\/","og_site_name":"Leit\u00e3o &amp; Irm\u00e3o","article_modified_time":"2026-01-28T13:31:01+00:00","og_image":[{"width":1079,"height":1080,"url":"https:\/\/www.leitao-irmao.com\/wp-content\/uploads\/2024\/01\/1013034-2.jpg","type":"image\/jpeg"}],"twitter_card":"summary_large_image","schema":{"@context":"https:\/\/schema.org","@graph":[{"@type":"WebPage","@id":"https:\/\/www.leitao-irmao.com\/product\/fio-com-pendente-astrolabio-dundee\/","url":"https:\/\/www.leitao-irmao.com\/product\/fio-com-pendente-astrolabio-dundee\/","name":"fio com pendente astrol\u00e1bio","isPartOf":{"@id":"https:\/\/www.leitao-irmao.com\/#website"},"primaryImageOfPage":{"@id":"https:\/\/www.leitao-irmao.com\/product\/fio-com-pendente-astrolabio-dundee\/#primaryimage"},"image":{"@id":"https:\/\/www.leitao-irmao.com\/product\/fio-com-pendente-astrolabio-dundee\/#primaryimage"},"thumbnailUrl":"https:\/\/www.leitao-irmao.com\/wp-content\/uploads\/2024\/01\/1013034-2.jpg","datePublished":"2024-01-02T12:53:06+00:00","dateModified":"2026-01-28T13:31:01+00:00","description":"Para os os marinheiros, surfistas e apaixonados pelo mar. O Fio com pendente Astrol\u00e1bio em prata \u00e9 um presente \u00fatil e com significado.","breadcrumb":{"@id":"https:\/\/www.leitao-irmao.com\/product\/fio-com-pendente-astrolabio-dundee\/#breadcrumb"},"inLanguage":"en-GB","potentialAction":[{"@type":"ReadAction","target":["https:\/\/www.leitao-irmao.com\/product\/fio-com-pendente-astrolabio-dundee\/"]}]},{"@type":"ImageObject","inLanguage":"en-GB","@id":"https:\/\/www.leitao-irmao.com\/product\/fio-com-pendente-astrolabio-dundee\/#primaryimage","url":"https:\/\/www.leitao-irmao.com\/wp-content\/uploads\/2024\/01\/1013034-2.jpg","contentUrl":"https:\/\/www.leitao-irmao.com\/wp-content\/uploads\/2024\/01\/1013034-2.jpg","width":1079,"height":1080,"caption":"Fio com pendente Astrol\u00e1bio \" Dundee\" em prata da Leit\u00e3o & Irm\u00e3o"},{"@type":"BreadcrumbList","@id":"https:\/\/www.leitao-irmao.com\/product\/fio-com-pendente-astrolabio-dundee\/#breadcrumb","itemListElement":[{"@type":"ListItem","position":1,"name":"Home","item":"https:\/\/www.leitao-irmao.com\/"},{"@type":"ListItem","position":2,"name":"Products","item":"https:\/\/www.leitao-irmao.com\/shop\/"},{"@type":"ListItem","position":3,"name":"Fio com pendente Astrol\u00e1bio &#8220;Dundee&#8221;"}]},{"@type":"WebSite","@id":"https:\/\/www.leitao-irmao.com\/#website","url":"https:\/\/www.leitao-irmao.com\/","name":"Leit\u00e3o & Irm\u00e3o","description":"Joalheiros desde 1822","publisher":{"@id":"https:\/\/www.leitao-irmao.com\/#organization"},"potentialAction":[{"@type":"SearchAction","target":{"@type":"EntryPoint","urlTemplate":"https:\/\/www.leitao-irmao.com\/?s={search_term_string}"},"query-input":{"@type":"PropertyValueSpecification","valueRequired":true,"valueName":"search_term_string"}}],"inLanguage":"en-GB"},{"@type":"Organization","@id":"https:\/\/www.leitao-irmao.com\/#organization","name":"Leit\u00e3o & Irm\u00e3o","url":"https:\/\/www.leitao-irmao.com\/","logo":{"@type":"ImageObject","inLanguage":"en-GB","@id":"https:\/\/www.leitao-irmao.com\/#\/schema\/logo\/image\/","url":"https:\/\/www.leitao-irmao.com\/wp-content\/uploads\/2022\/11\/leitaoirmao-logo.png","contentUrl":"https:\/\/www.leitao-irmao.com\/wp-content\/uploads\/2022\/11\/leitaoirmao-logo.png","width":426,"height":89,"caption":"Leit\u00e3o & Irm\u00e3o"},"image":{"@id":"https:\/\/www.leitao-irmao.com\/#\/schema\/logo\/image\/"}}]}},"_links":{"self":[{"href":"https:\/\/www.leitao-irmao.com\/en\/wp-json\/wp\/v2\/product\/20696","targetHints":{"allow":["GET"]}}],"collection":[{"href":"https:\/\/www.leitao-irmao.com\/en\/wp-json\/wp\/v2\/product"}],"about":[{"href":"https:\/\/www.leitao-irmao.com\/en\/wp-json\/wp\/v2\/types\/product"}],"version-history":[{"count":0,"href":"https:\/\/www.leitao-irmao.com\/en\/wp-json\/wp\/v2\/product\/20696\/revisions"}],"wp:featuredmedia":[{"embeddable":true,"href":"https:\/\/www.leitao-irmao.com\/en\/wp-json\/wp\/v2\/media\/20697"}],"wp:attachment":[{"href":"https:\/\/www.leitao-irmao.com\/en\/wp-json\/wp\/v2\/media?parent=20696"}],"wp:term":[{"taxonomy":"product_brand","embeddable":true,"href":"https:\/\/www.leitao-irmao.com\/en\/wp-json\/wp\/v2\/product_brand?post=20696"},{"taxonomy":"product_cat","embeddable":true,"href":"https:\/\/www.leitao-irmao.com\/en\/wp-json\/wp\/v2\/product_cat?post=20696"},{"taxonomy":"product_tag","embeddable":true,"href":"https:\/\/www.leitao-irmao.com\/en\/wp-json\/wp\/v2\/product_tag?post=20696"}],"curies":[{"name":"wp","href":"https:\/\/api.w.org\/{rel}","templated":true}]}}