{"id":20778,"date":"2024-01-11T14:38:50","date_gmt":"2024-01-11T14:38:50","guid":{"rendered":"https:\/\/www.leitao-irmao.com\/?post_type=product&#038;p=20778"},"modified":"2026-03-26T16:17:30","modified_gmt":"2026-03-26T16:17:30","slug":"brincos-em-ouro-branco-com-de-diamantes-pave","status":"publish","type":"product","link":"https:\/\/www.leitao-irmao.com\/en\/product\/brincos-em-ouro-branco-com-de-diamantes-pave\/","title":{"rendered":"White gold and diamond earrings | Pav\u00e9"},"content":{"rendered":"","protected":false},"excerpt":{"rendered":"<p>The Pav\u00e9 earrings in white gold and diamonds from Casa Leit\u00e3o &amp; Irm\u00e3o are a jewellery classic, where the brilliance of the brilliants is enhanced by the \"PAV\u00ca\" engraving.<\/p>\n<p>The \"PAV\u00ca\" setting joins together as many brilliants as possible, leaving a minimum of visible gold, which only serves as a support for the stones.<\/p>","protected":false},"featured_media":20780,"template":"","meta":{"_acf_changed":false},"product_brand":[],"product_cat":[83,79,250,126],"product_tag":[275,278,272],"class_list":{"0":"post-20778","1":"product","2":"type-product","3":"status-publish","4":"has-post-thumbnail","6":"product_cat-brincos-joalharia-portuguesa","7":"product_cat-joalharia","8":"product_cat-pave","9":"product_cat-presentes-entre-2500e-a-5000e","10":"product_tag-diamantes","11":"product_tag-mulher","12":"product_tag-ouro-branco","14":"first","15":"instock","16":"shipping-taxable","17":"purchasable","18":"product-type-simple"},"acf":[],"yoast_head":"<!-- This site is optimized with the Yoast SEO plugin v25.4 - https:\/\/yoast.com\/wordpress\/plugins\/seo\/ -->\n<title>brincos em ouro branco e diamantes pav\u00e9<\/title>\n<meta name=\"description\" content=\"Conhe\u00e7a os brincos em ouro branco da cole\u00e7\u00e3o Pav\u00e9 da Leit\u00e3o &amp; Irm\u00e3o, um cl\u00e1ssico da joalharia onde \u00e9 real\u00e7ado o brilho dos brilhantes com a crava\u00e7\u00e3o \u201cPAV\u00ca\u201d.\" \/>\n<meta name=\"robots\" content=\"index, follow, max-snippet:-1, max-image-preview:large, max-video-preview:-1\" \/>\n<link rel=\"canonical\" href=\"https:\/\/www.leitao-irmao.com\/en\/product\/brincos-em-ouro-branco-com-de-diamantes-pave\/\" \/>\n<meta property=\"og:locale\" content=\"en_GB\" \/>\n<meta property=\"og:type\" content=\"article\" \/>\n<meta property=\"og:title\" content=\"brincos em ouro branco e diamantes pav\u00e9\" \/>\n<meta property=\"og:description\" content=\"Conhe\u00e7a os brincos em ouro branco da cole\u00e7\u00e3o Pav\u00e9 da Leit\u00e3o &amp; Irm\u00e3o, um cl\u00e1ssico da joalharia onde \u00e9 real\u00e7ado o brilho dos brilhantes com a crava\u00e7\u00e3o \u201cPAV\u00ca\u201d.\" \/>\n<meta property=\"og:url\" content=\"https:\/\/www.leitao-irmao.com\/en\/product\/brincos-em-ouro-branco-com-de-diamantes-pave\/\" \/>\n<meta property=\"og:site_name\" content=\"Leit\u00e3o &amp; Irm\u00e3o\" \/>\n<meta property=\"article:modified_time\" content=\"2026-03-26T16:17:30+00:00\" \/>\n<meta property=\"og:image\" content=\"https:\/\/www.leitao-irmao.com\/wp-content\/uploads\/2024\/01\/par-brincos-pave-branco-diamantes-0210204-1.jpg\" \/>\n\t<meta property=\"og:image:width\" content=\"1030\" \/>\n\t<meta property=\"og:image:height\" content=\"1030\" \/>\n\t<meta property=\"og:image:type\" content=\"image\/jpeg\" \/>\n<meta name=\"twitter:card\" content=\"summary_large_image\" \/>\n<script type=\"application\/ld+json\" class=\"yoast-schema-graph\">{\"@context\":\"https:\/\/schema.org\",\"@graph\":[{\"@type\":\"WebPage\",\"@id\":\"https:\/\/www.leitao-irmao.com\/product\/brincos-em-ouro-branco-com-de-diamantes-pave\/\",\"url\":\"https:\/\/www.leitao-irmao.com\/product\/brincos-em-ouro-branco-com-de-diamantes-pave\/\",\"name\":\"brincos em ouro branco e diamantes pav\u00e9\",\"isPartOf\":{\"@id\":\"https:\/\/www.leitao-irmao.com\/#website\"},\"primaryImageOfPage\":{\"@id\":\"https:\/\/www.leitao-irmao.com\/product\/brincos-em-ouro-branco-com-de-diamantes-pave\/#primaryimage\"},\"image\":{\"@id\":\"https:\/\/www.leitao-irmao.com\/product\/brincos-em-ouro-branco-com-de-diamantes-pave\/#primaryimage\"},\"thumbnailUrl\":\"https:\/\/www.leitao-irmao.com\/wp-content\/uploads\/2024\/01\/par-brincos-pave-branco-diamantes-0210204-1.jpg\",\"datePublished\":\"2024-01-11T14:38:50+00:00\",\"dateModified\":\"2026-03-26T16:17:30+00:00\",\"description\":\"Conhe\u00e7a os brincos em ouro branco da cole\u00e7\u00e3o Pav\u00e9 da Leit\u00e3o & Irm\u00e3o, um cl\u00e1ssico da joalharia onde \u00e9 real\u00e7ado o brilho dos brilhantes com a crava\u00e7\u00e3o \u201cPAV\u00ca\u201d.\",\"breadcrumb\":{\"@id\":\"https:\/\/www.leitao-irmao.com\/product\/brincos-em-ouro-branco-com-de-diamantes-pave\/#breadcrumb\"},\"inLanguage\":\"en-GB\",\"potentialAction\":[{\"@type\":\"ReadAction\",\"target\":[\"https:\/\/www.leitao-irmao.com\/product\/brincos-em-ouro-branco-com-de-diamantes-pave\/\"]}]},{\"@type\":\"ImageObject\",\"inLanguage\":\"en-GB\",\"@id\":\"https:\/\/www.leitao-irmao.com\/product\/brincos-em-ouro-branco-com-de-diamantes-pave\/#primaryimage\",\"url\":\"https:\/\/www.leitao-irmao.com\/wp-content\/uploads\/2024\/01\/par-brincos-pave-branco-diamantes-0210204-1.jpg\",\"contentUrl\":\"https:\/\/www.leitao-irmao.com\/wp-content\/uploads\/2024\/01\/par-brincos-pave-branco-diamantes-0210204-1.jpg\",\"width\":1030,\"height\":1030,\"caption\":\"Par de brincos em ouro branco e diamantes pav\u00e9 da Leit\u00e3o & Irm\u00e3o\"},{\"@type\":\"BreadcrumbList\",\"@id\":\"https:\/\/www.leitao-irmao.com\/product\/brincos-em-ouro-branco-com-de-diamantes-pave\/#breadcrumb\",\"itemListElement\":[{\"@type\":\"ListItem\",\"position\":1,\"name\":\"Home\",\"item\":\"https:\/\/www.leitao-irmao.com\/\"},{\"@type\":\"ListItem\",\"position\":2,\"name\":\"Products\",\"item\":\"https:\/\/www.leitao-irmao.com\/shop\/\"},{\"@type\":\"ListItem\",\"position\":3,\"name\":\"Brincos em ouro branco e diamantes | Pav\u00e9\"}]},{\"@type\":\"WebSite\",\"@id\":\"https:\/\/www.leitao-irmao.com\/#website\",\"url\":\"https:\/\/www.leitao-irmao.com\/\",\"name\":\"Leit\u00e3o & Irm\u00e3o\",\"description\":\"Joalheiros desde 1822\",\"publisher\":{\"@id\":\"https:\/\/www.leitao-irmao.com\/#organization\"},\"potentialAction\":[{\"@type\":\"SearchAction\",\"target\":{\"@type\":\"EntryPoint\",\"urlTemplate\":\"https:\/\/www.leitao-irmao.com\/?s={search_term_string}\"},\"query-input\":{\"@type\":\"PropertyValueSpecification\",\"valueRequired\":true,\"valueName\":\"search_term_string\"}}],\"inLanguage\":\"en-GB\"},{\"@type\":\"Organization\",\"@id\":\"https:\/\/www.leitao-irmao.com\/#organization\",\"name\":\"Leit\u00e3o & Irm\u00e3o\",\"url\":\"https:\/\/www.leitao-irmao.com\/\",\"logo\":{\"@type\":\"ImageObject\",\"inLanguage\":\"en-GB\",\"@id\":\"https:\/\/www.leitao-irmao.com\/#\/schema\/logo\/image\/\",\"url\":\"https:\/\/www.leitao-irmao.com\/wp-content\/uploads\/2022\/11\/leitaoirmao-logo.png\",\"contentUrl\":\"https:\/\/www.leitao-irmao.com\/wp-content\/uploads\/2022\/11\/leitaoirmao-logo.png\",\"width\":426,\"height\":89,\"caption\":\"Leit\u00e3o & Irm\u00e3o\"},\"image\":{\"@id\":\"https:\/\/www.leitao-irmao.com\/#\/schema\/logo\/image\/\"}}]}<\/script>\n<!-- \/ Yoast SEO plugin. -->","yoast_head_json":{"title":"brincos em ouro branco e diamantes pav\u00e9","description":"Conhe\u00e7a os brincos em ouro branco da cole\u00e7\u00e3o Pav\u00e9 da Leit\u00e3o & Irm\u00e3o, um cl\u00e1ssico da joalharia onde \u00e9 real\u00e7ado o brilho dos brilhantes com a crava\u00e7\u00e3o \u201cPAV\u00ca\u201d.","robots":{"index":"index","follow":"follow","max-snippet":"max-snippet:-1","max-image-preview":"max-image-preview:large","max-video-preview":"max-video-preview:-1"},"canonical":"https:\/\/www.leitao-irmao.com\/en\/product\/brincos-em-ouro-branco-com-de-diamantes-pave\/","og_locale":"en_GB","og_type":"article","og_title":"brincos em ouro branco e diamantes pav\u00e9","og_description":"Conhe\u00e7a os brincos em ouro branco da cole\u00e7\u00e3o Pav\u00e9 da Leit\u00e3o & Irm\u00e3o, um cl\u00e1ssico da joalharia onde \u00e9 real\u00e7ado o brilho dos brilhantes com a crava\u00e7\u00e3o \u201cPAV\u00ca\u201d.","og_url":"https:\/\/www.leitao-irmao.com\/en\/product\/brincos-em-ouro-branco-com-de-diamantes-pave\/","og_site_name":"Leit\u00e3o &amp; Irm\u00e3o","article_modified_time":"2026-03-26T16:17:30+00:00","og_image":[{"width":1030,"height":1030,"url":"https:\/\/www.leitao-irmao.com\/wp-content\/uploads\/2024\/01\/par-brincos-pave-branco-diamantes-0210204-1.jpg","type":"image\/jpeg"}],"twitter_card":"summary_large_image","schema":{"@context":"https:\/\/schema.org","@graph":[{"@type":"WebPage","@id":"https:\/\/www.leitao-irmao.com\/product\/brincos-em-ouro-branco-com-de-diamantes-pave\/","url":"https:\/\/www.leitao-irmao.com\/product\/brincos-em-ouro-branco-com-de-diamantes-pave\/","name":"brincos em ouro branco e diamantes pav\u00e9","isPartOf":{"@id":"https:\/\/www.leitao-irmao.com\/#website"},"primaryImageOfPage":{"@id":"https:\/\/www.leitao-irmao.com\/product\/brincos-em-ouro-branco-com-de-diamantes-pave\/#primaryimage"},"image":{"@id":"https:\/\/www.leitao-irmao.com\/product\/brincos-em-ouro-branco-com-de-diamantes-pave\/#primaryimage"},"thumbnailUrl":"https:\/\/www.leitao-irmao.com\/wp-content\/uploads\/2024\/01\/par-brincos-pave-branco-diamantes-0210204-1.jpg","datePublished":"2024-01-11T14:38:50+00:00","dateModified":"2026-03-26T16:17:30+00:00","description":"Conhe\u00e7a os brincos em ouro branco da cole\u00e7\u00e3o Pav\u00e9 da Leit\u00e3o & Irm\u00e3o, um cl\u00e1ssico da joalharia onde \u00e9 real\u00e7ado o brilho dos brilhantes com a crava\u00e7\u00e3o \u201cPAV\u00ca\u201d.","breadcrumb":{"@id":"https:\/\/www.leitao-irmao.com\/product\/brincos-em-ouro-branco-com-de-diamantes-pave\/#breadcrumb"},"inLanguage":"en-GB","potentialAction":[{"@type":"ReadAction","target":["https:\/\/www.leitao-irmao.com\/product\/brincos-em-ouro-branco-com-de-diamantes-pave\/"]}]},{"@type":"ImageObject","inLanguage":"en-GB","@id":"https:\/\/www.leitao-irmao.com\/product\/brincos-em-ouro-branco-com-de-diamantes-pave\/#primaryimage","url":"https:\/\/www.leitao-irmao.com\/wp-content\/uploads\/2024\/01\/par-brincos-pave-branco-diamantes-0210204-1.jpg","contentUrl":"https:\/\/www.leitao-irmao.com\/wp-content\/uploads\/2024\/01\/par-brincos-pave-branco-diamantes-0210204-1.jpg","width":1030,"height":1030,"caption":"Par de brincos em ouro branco e diamantes pav\u00e9 da Leit\u00e3o & Irm\u00e3o"},{"@type":"BreadcrumbList","@id":"https:\/\/www.leitao-irmao.com\/product\/brincos-em-ouro-branco-com-de-diamantes-pave\/#breadcrumb","itemListElement":[{"@type":"ListItem","position":1,"name":"Home","item":"https:\/\/www.leitao-irmao.com\/"},{"@type":"ListItem","position":2,"name":"Products","item":"https:\/\/www.leitao-irmao.com\/shop\/"},{"@type":"ListItem","position":3,"name":"Brincos em ouro branco e diamantes | Pav\u00e9"}]},{"@type":"WebSite","@id":"https:\/\/www.leitao-irmao.com\/#website","url":"https:\/\/www.leitao-irmao.com\/","name":"Leit\u00e3o & Irm\u00e3o","description":"Joalheiros desde 1822","publisher":{"@id":"https:\/\/www.leitao-irmao.com\/#organization"},"potentialAction":[{"@type":"SearchAction","target":{"@type":"EntryPoint","urlTemplate":"https:\/\/www.leitao-irmao.com\/?s={search_term_string}"},"query-input":{"@type":"PropertyValueSpecification","valueRequired":true,"valueName":"search_term_string"}}],"inLanguage":"en-GB"},{"@type":"Organization","@id":"https:\/\/www.leitao-irmao.com\/#organization","name":"Leit\u00e3o & Irm\u00e3o","url":"https:\/\/www.leitao-irmao.com\/","logo":{"@type":"ImageObject","inLanguage":"en-GB","@id":"https:\/\/www.leitao-irmao.com\/#\/schema\/logo\/image\/","url":"https:\/\/www.leitao-irmao.com\/wp-content\/uploads\/2022\/11\/leitaoirmao-logo.png","contentUrl":"https:\/\/www.leitao-irmao.com\/wp-content\/uploads\/2022\/11\/leitaoirmao-logo.png","width":426,"height":89,"caption":"Leit\u00e3o & Irm\u00e3o"},"image":{"@id":"https:\/\/www.leitao-irmao.com\/#\/schema\/logo\/image\/"}}]}},"_links":{"self":[{"href":"https:\/\/www.leitao-irmao.com\/en\/wp-json\/wp\/v2\/product\/20778","targetHints":{"allow":["GET"]}}],"collection":[{"href":"https:\/\/www.leitao-irmao.com\/en\/wp-json\/wp\/v2\/product"}],"about":[{"href":"https:\/\/www.leitao-irmao.com\/en\/wp-json\/wp\/v2\/types\/product"}],"version-history":[{"count":1,"href":"https:\/\/www.leitao-irmao.com\/en\/wp-json\/wp\/v2\/product\/20778\/revisions"}],"predecessor-version":[{"id":37696,"href":"https:\/\/www.leitao-irmao.com\/en\/wp-json\/wp\/v2\/product\/20778\/revisions\/37696"}],"wp:featuredmedia":[{"embeddable":true,"href":"https:\/\/www.leitao-irmao.com\/en\/wp-json\/wp\/v2\/media\/20780"}],"wp:attachment":[{"href":"https:\/\/www.leitao-irmao.com\/en\/wp-json\/wp\/v2\/media?parent=20778"}],"wp:term":[{"taxonomy":"product_brand","embeddable":true,"href":"https:\/\/www.leitao-irmao.com\/en\/wp-json\/wp\/v2\/product_brand?post=20778"},{"taxonomy":"product_cat","embeddable":true,"href":"https:\/\/www.leitao-irmao.com\/en\/wp-json\/wp\/v2\/product_cat?post=20778"},{"taxonomy":"product_tag","embeddable":true,"href":"https:\/\/www.leitao-irmao.com\/en\/wp-json\/wp\/v2\/product_tag?post=20778"}],"curies":[{"name":"wp","href":"https:\/\/api.w.org\/{rel}","templated":true}]}}