{"id":21417,"date":"2024-02-09T11:10:36","date_gmt":"2024-02-09T11:10:36","guid":{"rendered":"https:\/\/www.leitao-irmao.com\/?post_type=product&#038;p=21417"},"modified":"2026-02-11T17:16:33","modified_gmt":"2026-02-11T17:16:33","slug":"medalha-em-prata-love-smile-emotions","status":"publish","type":"product","link":"https:\/\/www.leitao-irmao.com\/en\/product\/medalha-em-prata-love-smile-emotions\/","title":{"rendered":"Love Smile Silver Medal | Emotions"},"content":{"rendered":"<p>The<a href=\"https:\/\/www.leitao-irmao.com\/en\/\"> Leit\u00e3o &amp; Irm\u00e3o<\/a> apresenta a medalha em prata Love Smile da <a href=\"https:\/\/www.leitao-irmao.com\/en\/product-category\/emotions\/\">cole\u00e7\u00e3o Emotions<\/a>, uma pe\u00e7a divertida e vers\u00e1til para usar diariamente.<\/p>","protected":false},"excerpt":{"rendered":"<p>A Leit\u00e3o &amp; Irm\u00e3o apresenta a medalha em prata Love Smile da cole\u00e7\u00e3o Emotions, uma pe\u00e7a divertida e vers\u00e1til para usar diariamente.<\/p>","protected":false},"featured_media":21423,"template":"","meta":{"_acf_changed":false},"product_brand":[],"product_cat":[514,79,86,122],"product_tag":[277,278,270,279],"class_list":{"0":"post-21417","1":"product","2":"type-product","3":"status-publish","4":"has-post-thumbnail","6":"product_cat-emotions","7":"product_cat-joalharia","8":"product_cat-pendentes","9":"product_cat-presentes-inferiores-a-150e","10":"product_tag-homem","11":"product_tag-mulher","12":"product_tag-prata","13":"product_tag-unissexo","15":"first","16":"instock","17":"shipping-taxable","18":"purchasable","19":"product-type-simple"},"acf":[],"yoast_head":"<!-- This site is optimized with the Yoast SEO plugin v25.4 - https:\/\/yoast.com\/wordpress\/plugins\/seo\/ -->\n<title>medalha em prata emoji<\/title>\n<meta name=\"description\" content=\"A Leit\u00e3o &amp; Irm\u00e3o apresenta a medalha em prata Love Smile da cole\u00e7\u00e3o Emotions, uma pe\u00e7a divertida e vers\u00e1til para usar diariamente.\" \/>\n<meta name=\"robots\" content=\"index, follow, max-snippet:-1, max-image-preview:large, max-video-preview:-1\" \/>\n<link rel=\"canonical\" href=\"https:\/\/www.leitao-irmao.com\/en\/product\/medalha-em-prata-love-smile-emotions\/\" \/>\n<meta property=\"og:locale\" content=\"en_GB\" \/>\n<meta property=\"og:type\" content=\"article\" \/>\n<meta property=\"og:title\" content=\"medalha em prata emoji\" \/>\n<meta property=\"og:description\" content=\"A Leit\u00e3o &amp; Irm\u00e3o apresenta a medalha em prata Love Smile da cole\u00e7\u00e3o Emotions, uma pe\u00e7a divertida e vers\u00e1til para usar diariamente.\" \/>\n<meta property=\"og:url\" content=\"https:\/\/www.leitao-irmao.com\/en\/product\/medalha-em-prata-love-smile-emotions\/\" \/>\n<meta property=\"og:site_name\" content=\"Leit\u00e3o &amp; Irm\u00e3o\" \/>\n<meta property=\"article:modified_time\" content=\"2026-02-11T17:16:33+00:00\" \/>\n<meta property=\"og:image\" content=\"https:\/\/www.leitao-irmao.com\/wp-content\/uploads\/2024\/02\/Medalha-_-love_smile_-leitaoirmao.jpg\" \/>\n\t<meta property=\"og:image:width\" content=\"1800\" \/>\n\t<meta property=\"og:image:height\" content=\"1800\" \/>\n\t<meta property=\"og:image:type\" content=\"image\/jpeg\" \/>\n<meta name=\"twitter:card\" content=\"summary_large_image\" \/>\n<meta name=\"twitter:label1\" content=\"Estimated reading time\" \/>\n\t<meta name=\"twitter:data1\" content=\"1 minute\" \/>\n<script type=\"application\/ld+json\" class=\"yoast-schema-graph\">{\"@context\":\"https:\/\/schema.org\",\"@graph\":[{\"@type\":\"WebPage\",\"@id\":\"https:\/\/www.leitao-irmao.com\/product\/medalha-em-prata-love-smile-emotions\/\",\"url\":\"https:\/\/www.leitao-irmao.com\/product\/medalha-em-prata-love-smile-emotions\/\",\"name\":\"medalha em prata emoji\",\"isPartOf\":{\"@id\":\"https:\/\/www.leitao-irmao.com\/#website\"},\"primaryImageOfPage\":{\"@id\":\"https:\/\/www.leitao-irmao.com\/product\/medalha-em-prata-love-smile-emotions\/#primaryimage\"},\"image\":{\"@id\":\"https:\/\/www.leitao-irmao.com\/product\/medalha-em-prata-love-smile-emotions\/#primaryimage\"},\"thumbnailUrl\":\"https:\/\/www.leitao-irmao.com\/wp-content\/uploads\/2024\/02\/Medalha-_-love_smile_-leitaoirmao.jpg\",\"datePublished\":\"2024-02-09T11:10:36+00:00\",\"dateModified\":\"2026-02-11T17:16:33+00:00\",\"description\":\"A Leit\u00e3o & Irm\u00e3o apresenta a medalha em prata Love Smile da cole\u00e7\u00e3o Emotions, uma pe\u00e7a divertida e vers\u00e1til para usar diariamente.\",\"breadcrumb\":{\"@id\":\"https:\/\/www.leitao-irmao.com\/product\/medalha-em-prata-love-smile-emotions\/#breadcrumb\"},\"inLanguage\":\"en-GB\",\"potentialAction\":[{\"@type\":\"ReadAction\",\"target\":[\"https:\/\/www.leitao-irmao.com\/product\/medalha-em-prata-love-smile-emotions\/\"]}]},{\"@type\":\"ImageObject\",\"inLanguage\":\"en-GB\",\"@id\":\"https:\/\/www.leitao-irmao.com\/product\/medalha-em-prata-love-smile-emotions\/#primaryimage\",\"url\":\"https:\/\/www.leitao-irmao.com\/wp-content\/uploads\/2024\/02\/Medalha-_-love_smile_-leitaoirmao.jpg\",\"contentUrl\":\"https:\/\/www.leitao-irmao.com\/wp-content\/uploads\/2024\/02\/Medalha-_-love_smile_-leitaoirmao.jpg\",\"width\":1800,\"height\":1800,\"caption\":\"medalha love smile em prata Leit\u00e3o & Irm\u00e3o\"},{\"@type\":\"BreadcrumbList\",\"@id\":\"https:\/\/www.leitao-irmao.com\/product\/medalha-em-prata-love-smile-emotions\/#breadcrumb\",\"itemListElement\":[{\"@type\":\"ListItem\",\"position\":1,\"name\":\"Home\",\"item\":\"https:\/\/www.leitao-irmao.com\/\"},{\"@type\":\"ListItem\",\"position\":2,\"name\":\"Products\",\"item\":\"https:\/\/www.leitao-irmao.com\/shop\/\"},{\"@type\":\"ListItem\",\"position\":3,\"name\":\"Medalha em prata Love Smile | Emotions\"}]},{\"@type\":\"WebSite\",\"@id\":\"https:\/\/www.leitao-irmao.com\/#website\",\"url\":\"https:\/\/www.leitao-irmao.com\/\",\"name\":\"Leit\u00e3o & Irm\u00e3o\",\"description\":\"Joalheiros desde 1822\",\"publisher\":{\"@id\":\"https:\/\/www.leitao-irmao.com\/#organization\"},\"potentialAction\":[{\"@type\":\"SearchAction\",\"target\":{\"@type\":\"EntryPoint\",\"urlTemplate\":\"https:\/\/www.leitao-irmao.com\/?s={search_term_string}\"},\"query-input\":{\"@type\":\"PropertyValueSpecification\",\"valueRequired\":true,\"valueName\":\"search_term_string\"}}],\"inLanguage\":\"en-GB\"},{\"@type\":\"Organization\",\"@id\":\"https:\/\/www.leitao-irmao.com\/#organization\",\"name\":\"Leit\u00e3o & Irm\u00e3o\",\"url\":\"https:\/\/www.leitao-irmao.com\/\",\"logo\":{\"@type\":\"ImageObject\",\"inLanguage\":\"en-GB\",\"@id\":\"https:\/\/www.leitao-irmao.com\/#\/schema\/logo\/image\/\",\"url\":\"https:\/\/www.leitao-irmao.com\/wp-content\/uploads\/2022\/11\/leitaoirmao-logo.png\",\"contentUrl\":\"https:\/\/www.leitao-irmao.com\/wp-content\/uploads\/2022\/11\/leitaoirmao-logo.png\",\"width\":426,\"height\":89,\"caption\":\"Leit\u00e3o & Irm\u00e3o\"},\"image\":{\"@id\":\"https:\/\/www.leitao-irmao.com\/#\/schema\/logo\/image\/\"}}]}<\/script>\n<!-- \/ Yoast SEO plugin. -->","yoast_head_json":{"title":"medalha em prata emoji","description":"A Leit\u00e3o & Irm\u00e3o apresenta a medalha em prata Love Smile da cole\u00e7\u00e3o Emotions, uma pe\u00e7a divertida e vers\u00e1til para usar diariamente.","robots":{"index":"index","follow":"follow","max-snippet":"max-snippet:-1","max-image-preview":"max-image-preview:large","max-video-preview":"max-video-preview:-1"},"canonical":"https:\/\/www.leitao-irmao.com\/en\/product\/medalha-em-prata-love-smile-emotions\/","og_locale":"en_GB","og_type":"article","og_title":"medalha em prata emoji","og_description":"A Leit\u00e3o & Irm\u00e3o apresenta a medalha em prata Love Smile da cole\u00e7\u00e3o Emotions, uma pe\u00e7a divertida e vers\u00e1til para usar diariamente.","og_url":"https:\/\/www.leitao-irmao.com\/en\/product\/medalha-em-prata-love-smile-emotions\/","og_site_name":"Leit\u00e3o &amp; Irm\u00e3o","article_modified_time":"2026-02-11T17:16:33+00:00","og_image":[{"width":1800,"height":1800,"url":"https:\/\/www.leitao-irmao.com\/wp-content\/uploads\/2024\/02\/Medalha-_-love_smile_-leitaoirmao.jpg","type":"image\/jpeg"}],"twitter_card":"summary_large_image","twitter_misc":{"Estimated reading time":"1 minute"},"schema":{"@context":"https:\/\/schema.org","@graph":[{"@type":"WebPage","@id":"https:\/\/www.leitao-irmao.com\/product\/medalha-em-prata-love-smile-emotions\/","url":"https:\/\/www.leitao-irmao.com\/product\/medalha-em-prata-love-smile-emotions\/","name":"medalha em prata emoji","isPartOf":{"@id":"https:\/\/www.leitao-irmao.com\/#website"},"primaryImageOfPage":{"@id":"https:\/\/www.leitao-irmao.com\/product\/medalha-em-prata-love-smile-emotions\/#primaryimage"},"image":{"@id":"https:\/\/www.leitao-irmao.com\/product\/medalha-em-prata-love-smile-emotions\/#primaryimage"},"thumbnailUrl":"https:\/\/www.leitao-irmao.com\/wp-content\/uploads\/2024\/02\/Medalha-_-love_smile_-leitaoirmao.jpg","datePublished":"2024-02-09T11:10:36+00:00","dateModified":"2026-02-11T17:16:33+00:00","description":"A Leit\u00e3o & Irm\u00e3o apresenta a medalha em prata Love Smile da cole\u00e7\u00e3o Emotions, uma pe\u00e7a divertida e vers\u00e1til para usar diariamente.","breadcrumb":{"@id":"https:\/\/www.leitao-irmao.com\/product\/medalha-em-prata-love-smile-emotions\/#breadcrumb"},"inLanguage":"en-GB","potentialAction":[{"@type":"ReadAction","target":["https:\/\/www.leitao-irmao.com\/product\/medalha-em-prata-love-smile-emotions\/"]}]},{"@type":"ImageObject","inLanguage":"en-GB","@id":"https:\/\/www.leitao-irmao.com\/product\/medalha-em-prata-love-smile-emotions\/#primaryimage","url":"https:\/\/www.leitao-irmao.com\/wp-content\/uploads\/2024\/02\/Medalha-_-love_smile_-leitaoirmao.jpg","contentUrl":"https:\/\/www.leitao-irmao.com\/wp-content\/uploads\/2024\/02\/Medalha-_-love_smile_-leitaoirmao.jpg","width":1800,"height":1800,"caption":"medalha love smile em prata Leit\u00e3o & Irm\u00e3o"},{"@type":"BreadcrumbList","@id":"https:\/\/www.leitao-irmao.com\/product\/medalha-em-prata-love-smile-emotions\/#breadcrumb","itemListElement":[{"@type":"ListItem","position":1,"name":"Home","item":"https:\/\/www.leitao-irmao.com\/"},{"@type":"ListItem","position":2,"name":"Products","item":"https:\/\/www.leitao-irmao.com\/shop\/"},{"@type":"ListItem","position":3,"name":"Medalha em prata Love Smile | Emotions"}]},{"@type":"WebSite","@id":"https:\/\/www.leitao-irmao.com\/#website","url":"https:\/\/www.leitao-irmao.com\/","name":"Leit\u00e3o & Irm\u00e3o","description":"Joalheiros desde 1822","publisher":{"@id":"https:\/\/www.leitao-irmao.com\/#organization"},"potentialAction":[{"@type":"SearchAction","target":{"@type":"EntryPoint","urlTemplate":"https:\/\/www.leitao-irmao.com\/?s={search_term_string}"},"query-input":{"@type":"PropertyValueSpecification","valueRequired":true,"valueName":"search_term_string"}}],"inLanguage":"en-GB"},{"@type":"Organization","@id":"https:\/\/www.leitao-irmao.com\/#organization","name":"Leit\u00e3o & Irm\u00e3o","url":"https:\/\/www.leitao-irmao.com\/","logo":{"@type":"ImageObject","inLanguage":"en-GB","@id":"https:\/\/www.leitao-irmao.com\/#\/schema\/logo\/image\/","url":"https:\/\/www.leitao-irmao.com\/wp-content\/uploads\/2022\/11\/leitaoirmao-logo.png","contentUrl":"https:\/\/www.leitao-irmao.com\/wp-content\/uploads\/2022\/11\/leitaoirmao-logo.png","width":426,"height":89,"caption":"Leit\u00e3o & Irm\u00e3o"},"image":{"@id":"https:\/\/www.leitao-irmao.com\/#\/schema\/logo\/image\/"}}]}},"_links":{"self":[{"href":"https:\/\/www.leitao-irmao.com\/en\/wp-json\/wp\/v2\/product\/21417","targetHints":{"allow":["GET"]}}],"collection":[{"href":"https:\/\/www.leitao-irmao.com\/en\/wp-json\/wp\/v2\/product"}],"about":[{"href":"https:\/\/www.leitao-irmao.com\/en\/wp-json\/wp\/v2\/types\/product"}],"version-history":[{"count":1,"href":"https:\/\/www.leitao-irmao.com\/en\/wp-json\/wp\/v2\/product\/21417\/revisions"}],"predecessor-version":[{"id":36999,"href":"https:\/\/www.leitao-irmao.com\/en\/wp-json\/wp\/v2\/product\/21417\/revisions\/36999"}],"wp:featuredmedia":[{"embeddable":true,"href":"https:\/\/www.leitao-irmao.com\/en\/wp-json\/wp\/v2\/media\/21423"}],"wp:attachment":[{"href":"https:\/\/www.leitao-irmao.com\/en\/wp-json\/wp\/v2\/media?parent=21417"}],"wp:term":[{"taxonomy":"product_brand","embeddable":true,"href":"https:\/\/www.leitao-irmao.com\/en\/wp-json\/wp\/v2\/product_brand?post=21417"},{"taxonomy":"product_cat","embeddable":true,"href":"https:\/\/www.leitao-irmao.com\/en\/wp-json\/wp\/v2\/product_cat?post=21417"},{"taxonomy":"product_tag","embeddable":true,"href":"https:\/\/www.leitao-irmao.com\/en\/wp-json\/wp\/v2\/product_tag?post=21417"}],"curies":[{"name":"wp","href":"https:\/\/api.w.org\/{rel}","templated":true}]}}